{"id":164,"date":"2020-12-29T16:14:32","date_gmt":"2020-12-29T13:14:32","guid":{"rendered":"https:\/\/www.myvize.com.tr\/gana\/?page_id=164"},"modified":"2022-05-07T13:35:32","modified_gmt":"2022-05-07T10:35:32","slug":"vatandaslik","status":"publish","type":"page","link":"https:\/\/www.myvize.com.tr\/gana\/vatandaslik\/","title":{"rendered":"VATANDA\u015eLIK"},"content":{"rendered":"<p><span style=\"font-family: Roboto;\"><\/span><\/p>\r\n<p><span style=\"font-family: Roboto; font-size: 14px;\">Gana\u2019da ya\u015fayan yabanc\u0131 vatanda\u015flar bu \u00fclkenin vatanda\u015f\u0131 olmak istediklerinde bir\u00e7ok yasal y\u00f6ntem bulunuyor. Ki\u015filerin bu s\u00fcre\u00e7te \u00fclkeye hangi nedenle geldikleri ve oturma izin s\u00fcreleri gibi konular<strong> Gana vatanda\u015fl\u0131\u011f\u0131<\/strong> s\u00fcrecini yak\u0131ndan ilgilendiriyor. Ki\u015filerin vatanda\u015fl\u0131\u011fa ba\u015fvurusu s\u0131ras\u0131nda hangi yasalardan yararlanabileceklerini bilmeleri gerekiyor. \u00c7\u00fcnk\u00fc bu konuda birden fazla vatanda\u015fl\u0131\u011fa ge\u00e7i\u015f \u015fekli bulunuyor.<\/span><\/p>\r\n<p><span style=\"font-family: Roboto; font-size: 14px;\">\r\n\r\n<\/span><\/p>\r\n<p><span style=\"font-family: Roboto; font-size: 14px;\">\u00d6ncelikle vatanda\u015fl\u0131\u011fa ge\u00e7me i\u015flemlerini ba\u015flatma durumu ki\u015filerin kendi \u00f6zg\u00fcr iradeleri ile ba\u015fvurmalar\u0131 gereken durumlardan biridir. Bununla birlikte ki\u015filer Gana vatanda\u015f\u0131 olunca \u00fclkede ki t\u00fcm haklardan bir Ganal\u0131 gibi yararlanabilme hakk\u0131 elde edecektir. Se\u00e7me ve se\u00e7ilme hakk\u0131, memur olabilme gibi durumlar ki\u015filer i\u00e7in m\u00fcmk\u00fcn hale gelecektir.<\/span><\/p>\r\n<p><span style=\"font-family: Roboto; font-size: 14px;\">\r\n\r\n<\/span><\/p>\r\n<h2><span style=\"font-family: Roboto; font-size: 27px;\"><strong>Gana Vatanda\u015fl\u0131k Hakk\u0131 \u0130\u00e7in \u015eartlar<\/strong><\/span><\/h2>\r\n<p><span style=\"font-family: Roboto; font-size: 14px;\">\r\n\r\n<\/span><\/p>\r\n<p><span style=\"font-family: Roboto; font-size: 14px;\"><strong>Gana vatanda\u015fl\u0131k<\/strong> hakk\u0131 kazanabilmek i\u00e7in ki\u015filerin bilmesi gereken \u00f6nemli detaylar vard\u0131r. \u00d6ncelikle ki\u015filerin Gana dilini kendini ifade edebilecek d\u00fczeyde bilmesi gerekiyor. Ayn\u0131 zamanda maddi anlamda \u00fclkede kendisini idare edebilecek kapasitede olmas\u0131 \u015fart\u0131 vard\u0131r. Ki\u015filerin yasalara, gelenek ve g\u00f6reneklere kar\u015f\u0131 son derece sayg\u0131l\u0131 olmas\u0131 gerekiyor.<\/span><\/p>\r\n<p><span style=\"font-family: Roboto; font-size: 14px;\">\r\n\r\n<\/span><\/p>\r\n<p><span style=\"font-family: Roboto; font-size: 14px;\">Dil bilme yeterlili\u011fini mutlaka evraklarla kan\u0131tlamas\u0131 gereken ki\u015filerin bu \u00fclkede belli bir d\u00f6nem ya\u015famas\u0131 da aran\u0131lan kriterler aras\u0131ndad\u0131r.<\/span><\/p>\r\n<p><span style=\"font-family: Roboto; font-size: 14px;\">\r\n\r\n<\/span><\/p>\r\n<h2><span style=\"font-family: Roboto; font-size: 27px;\"><strong>Gana Vatanda\u015fl\u0131\u011f\u0131 Gerekli Evraklar<\/strong><\/span><\/h2>\r\n<p><span style=\"font-family: Roboto; font-size: 14px;\">\r\n\r\n<\/span><\/p>\r\n<p><span style=\"font-family: Roboto; font-size: 14px;\">Gana vatanda\u015fl\u0131\u011f\u0131na ge\u00e7ebilmek i\u00e7in ki\u015filerin haz\u0131rlamas\u0131 gereken evraklar aras\u0131nda ba\u015fvuru formu son derece \u00f6nemlidir. Bu formda yer alan t\u00fcm bilgilerin eksiksiz ve do\u011fru olmas\u0131 gereklidir. Ayn\u0131 zamanda oturum kart\u0131 fotokopisi bulunmas\u0131 da \u00f6nemli bir kriterdir. Ki\u015filerin adalet bakanl\u0131\u011f\u0131ndan al\u0131nm\u0131\u015f bir vatanda\u015fl\u0131k izni bulunmal\u0131d\u0131r. Polis raporu da \u00f6nemlidir. Bu raporun ba\u015fvurudan \u00f6nce ki son 90 g\u00fcn\u00fc i\u00e7ermesi olduk\u00e7a dikkat edilen bir kriterdir. Gana dilini bildi\u011fini g\u00f6steren belgelerin bulunmas\u0131 ve maddi durum ile ilgili bilgilerin de mutlaka dosyada yer almas\u0131na \u00f6zen g\u00f6sterilmelidir. \u0130\u015finiz, e\u011fitiminiz ve daha bir\u00e7ok belge bu s\u00fcre\u00e7te \u00f6nemlidir.<\/span><\/p>\r\n<h2><span style=\"font-family: Roboto; font-size: 27px;\"><b>Gana Vatanda\u015fl\u0131k Alma<\/b><\/span><\/h2>\r\n<p><span style=\"font-family: Roboto; font-size: 14px;\">Gana vatanda\u015fl\u0131k hakk\u0131 kazanabilmek i\u00e7in ba\u015fvuru sahiplerinin bilmesi gereken baz\u0131 \u00f6nemli detaylar bulunmaktad\u0131r. \u00d6ncelikle ba\u015fvuru sahiplerinin kendini ifade edebilecek d\u00fczeyde Gana dilini bilmesi gerekmektedir. Ayn\u0131 zamanda Gana\u2019da kendini idare edebilecek d\u00fczeyde maddi anlamda gelirinin olmas\u0131 \u00f6nemli hususlardan biridir. Ba\u015fvuru sahibi ki\u015finin su\u00e7 i\u015flememi\u015f ve h\u00fck\u00fcm giymemi\u015f olmas\u0131 gerekmektedir. \u00d6zellikle\u00a0<strong><span style=\"color: #2acec2;\"><a style=\"color: #2acec2;\" href=\"https:\/\/www.myvize.com.tr\/gana\/vize-islemleri\/gana-vizesi\/\" target=\"_blank\" rel=\"noopener\">Gana vizesi<\/a><\/span> i\u015flemleri<\/strong>\u00a0esnas\u0131nda Gana konsolosluklar\u0131 ki\u015filerden vatanda\u015fl\u0131k almalar\u0131 i\u00e7in baz\u0131 \u00f6nemli evraklar\u0131 haz\u0131rlanmas\u0131n\u0131 talep etmektedir. \u00d6zellikle <strong>Gana vizesi<\/strong> i\u015flemlerinin do\u011fru ve eksiksiz bir \u015fekilde yap\u0131lmas\u0131 gerekmektedir. Ayn\u0131 zamanda ki\u015finin oturum kart\u0131 fotokopisi de yan\u0131nda olmas\u0131 son derece \u00f6nemli bir kriterdir.<\/span><\/p>\r\n<p><span style=\"font-family: Roboto; font-size: 14px;\">Bunun d\u0131\u015f\u0131nda\u00a0<span style=\"color: #2acec2;\"><strong><a style=\"color: #2acec2;\" href=\"https:\/\/www.myvize.com.tr\/gana\/gana-vize-ucreti\/\" target=\"_blank\" rel=\"noopener\">Gana vize \u00fccreti\u00a0<\/a><\/strong><\/span>turistik ve ticari fakt\u00f6rlere dayal\u0131 olarak farkl\u0131l\u0131k g\u00f6stermektedir. <strong>Gana vatanda\u015fl\u0131k<\/strong> almak isteyen ba\u015fvuru sahiplerinin, Adalet Bakanl\u0131\u011f\u0131\u2019ndan\u00a0<strong>Gana vize<\/strong>\u00a0vatanda\u015fl\u0131k izin belgesi almas\u0131 gerekmektedir. Ayr\u0131ca ba\u015fvuru sahiplerinden Gana Konsoloslu\u011fu, polis raporlar\u0131 talep etmektedir. Bu raporun \u00f6zellikle ba\u015fvuru i\u015flemlerinden 90 g\u00fcn \u00f6nce yap\u0131lmas\u0131 son derece \u00f6nemli bir kriterdir. Gana Konsoloslu\u011fu d\u0131\u015f\u0131nda Gana B\u00fcy\u00fckel\u00e7ili\u011fi\u2019nden de t\u00fcm \u015fartlar sa\u011fland\u0131\u011f\u0131 taktirde\u00a0<strong>Gana vizesi<\/strong>\u00a0hakk\u0131 ve Gana vatanda\u015fl\u0131k hakk\u0131 al\u0131nabilmektedir.<\/span><\/p>\r\n<p><span style=\"font-family: Roboto;\"><\/span><\/p>","protected":false},"excerpt":{"rendered":"<p>Gana\u2019da ya\u015fayan yabanc\u0131 vatanda\u015flar bu \u00fclkenin vatanda\u015f\u0131 olmak istediklerinde bir\u00e7ok yasal y\u00f6ntem bulunuyor. Ki\u015filerin bu s\u00fcre\u00e7te \u00fclkeye hangi nedenle geldikleri ve oturma izin s\u00fcreleri gibi konular Gana vatanda\u015fl\u0131\u011f\u0131 s\u00fcrecini yak\u0131ndan ilgilendiriyor. Ki\u015filerin vatanda\u015fl\u0131\u011fa ba\u015fvurusu s\u0131ras\u0131nda hangi yasalardan yararlanabileceklerini bilmeleri gerekiyor. \u00c7\u00fcnk\u00fc bu konuda birden fazla vatanda\u015fl\u0131\u011fa ge\u00e7i\u015f \u015fekli bulunuyor. \u00d6ncelikle vatanda\u015fl\u0131\u011fa ge\u00e7me i\u015flemlerini ba\u015flatma durumu<\/p>\n","protected":false},"author":1,"featured_media":0,"parent":0,"menu_order":0,"comment_status":"open","ping_status":"closed","template":"","meta":{"footnotes":""},"class_list":["post-164","page","type-page","status-publish","hentry"],"yoast_head":"<!-- This site is optimized with the Yoast SEO plugin v24.0 - https:\/\/yoast.com\/wordpress\/plugins\/seo\/ -->\n<title>Gana Vatanda\u015fl\u0131k \u0130\u015flemleri - Gana Vizesi - MyVize<\/title>\n<meta name=\"description\" content=\"Gana vatanda\u015fl\u0131\u011f\u0131 ba\u015fvuru belgeleri. Gana vatanda\u015fl\u0131\u011f\u0131 i\u00e7in gerekli \u015fartlar. Gana vatanda\u015fl\u0131k i\u015flemleri. Gana vatanda\u015fl\u0131\u011f\u0131 nas\u0131l al\u0131n\u0131r?\" \/>\n<meta name=\"robots\" content=\"index, follow, max-snippet:-1, max-image-preview:large, max-video-preview:-1\" \/>\n<link rel=\"canonical\" href=\"https:\/\/www.myvize.com.tr\/gana\/vatandaslik\/\" \/>\n<meta property=\"og:locale\" content=\"tr_TR\" \/>\n<meta property=\"og:type\" content=\"article\" \/>\n<meta property=\"og:title\" content=\"Gana Vatanda\u015fl\u0131k \u0130\u015flemleri - Gana Vizesi - MyVize\" \/>\n<meta property=\"og:description\" content=\"Gana vatanda\u015fl\u0131\u011f\u0131 ba\u015fvuru belgeleri. Gana vatanda\u015fl\u0131\u011f\u0131 i\u00e7in gerekli \u015fartlar. Gana vatanda\u015fl\u0131k i\u015flemleri. Gana vatanda\u015fl\u0131\u011f\u0131 nas\u0131l al\u0131n\u0131r?\" \/>\n<meta property=\"og:url\" content=\"https:\/\/www.myvize.com.tr\/gana\/vatandaslik\/\" \/>\n<meta property=\"og:site_name\" content=\"Gana Vizesi\" \/>\n<meta property=\"article:modified_time\" content=\"2022-05-07T10:35:32+00:00\" \/>\n<meta name=\"twitter:card\" content=\"summary_large_image\" \/>\n<meta name=\"twitter:label1\" content=\"Tahmini okuma s\u00fcresi\" \/>\n\t<meta name=\"twitter:data1\" content=\"2 dakika\" \/>\n<script type=\"application\/ld+json\" class=\"yoast-schema-graph\">{\"@context\":\"https:\/\/schema.org\",\"@graph\":[{\"@type\":\"WebPage\",\"@id\":\"https:\/\/www.myvize.com.tr\/gana\/vatandaslik\/\",\"url\":\"https:\/\/www.myvize.com.tr\/gana\/vatandaslik\/\",\"name\":\"Gana Vatanda\u015fl\u0131k \u0130\u015flemleri - Gana Vizesi - MyVize\",\"isPartOf\":{\"@id\":\"https:\/\/www.myvize.com.tr\/gana\/#website\"},\"datePublished\":\"2020-12-29T13:14:32+00:00\",\"dateModified\":\"2022-05-07T10:35:32+00:00\",\"description\":\"Gana vatanda\u015fl\u0131\u011f\u0131 ba\u015fvuru belgeleri. Gana vatanda\u015fl\u0131\u011f\u0131 i\u00e7in gerekli \u015fartlar. Gana vatanda\u015fl\u0131k i\u015flemleri. Gana vatanda\u015fl\u0131\u011f\u0131 nas\u0131l al\u0131n\u0131r?\",\"breadcrumb\":{\"@id\":\"https:\/\/www.myvize.com.tr\/gana\/vatandaslik\/#breadcrumb\"},\"inLanguage\":\"tr\",\"potentialAction\":[{\"@type\":\"ReadAction\",\"target\":[\"https:\/\/www.myvize.com.tr\/gana\/vatandaslik\/\"]}]},{\"@type\":\"BreadcrumbList\",\"@id\":\"https:\/\/www.myvize.com.tr\/gana\/vatandaslik\/#breadcrumb\",\"itemListElement\":[{\"@type\":\"ListItem\",\"position\":1,\"name\":\"Anasayfa\",\"item\":\"https:\/\/www.myvize.com.tr\/gana\/\"},{\"@type\":\"ListItem\",\"position\":2,\"name\":\"VATANDA\u015eLIK\"}]},{\"@type\":\"WebSite\",\"@id\":\"https:\/\/www.myvize.com.tr\/gana\/#website\",\"url\":\"https:\/\/www.myvize.com.tr\/gana\/\",\"name\":\"Gana Vizesi\",\"description\":\"\",\"potentialAction\":[{\"@type\":\"SearchAction\",\"target\":{\"@type\":\"EntryPoint\",\"urlTemplate\":\"https:\/\/www.myvize.com.tr\/gana\/?s={search_term_string}\"},\"query-input\":{\"@type\":\"PropertyValueSpecification\",\"valueRequired\":true,\"valueName\":\"search_term_string\"}}],\"inLanguage\":\"tr\"}]}<\/script>\n<!-- \/ Yoast SEO plugin. -->","yoast_head_json":{"title":"Gana Vatanda\u015fl\u0131k \u0130\u015flemleri - Gana Vizesi - MyVize","description":"Gana vatanda\u015fl\u0131\u011f\u0131 ba\u015fvuru belgeleri. Gana vatanda\u015fl\u0131\u011f\u0131 i\u00e7in gerekli \u015fartlar. Gana vatanda\u015fl\u0131k i\u015flemleri. Gana vatanda\u015fl\u0131\u011f\u0131 nas\u0131l al\u0131n\u0131r?","robots":{"index":"index","follow":"follow","max-snippet":"max-snippet:-1","max-image-preview":"max-image-preview:large","max-video-preview":"max-video-preview:-1"},"canonical":"https:\/\/www.myvize.com.tr\/gana\/vatandaslik\/","og_locale":"tr_TR","og_type":"article","og_title":"Gana Vatanda\u015fl\u0131k \u0130\u015flemleri - Gana Vizesi - MyVize","og_description":"Gana vatanda\u015fl\u0131\u011f\u0131 ba\u015fvuru belgeleri. Gana vatanda\u015fl\u0131\u011f\u0131 i\u00e7in gerekli \u015fartlar. Gana vatanda\u015fl\u0131k i\u015flemleri. Gana vatanda\u015fl\u0131\u011f\u0131 nas\u0131l al\u0131n\u0131r?","og_url":"https:\/\/www.myvize.com.tr\/gana\/vatandaslik\/","og_site_name":"Gana Vizesi","article_modified_time":"2022-05-07T10:35:32+00:00","twitter_card":"summary_large_image","twitter_misc":{"Tahmini okuma s\u00fcresi":"2 dakika"},"schema":{"@context":"https:\/\/schema.org","@graph":[{"@type":"WebPage","@id":"https:\/\/www.myvize.com.tr\/gana\/vatandaslik\/","url":"https:\/\/www.myvize.com.tr\/gana\/vatandaslik\/","name":"Gana Vatanda\u015fl\u0131k \u0130\u015flemleri - Gana Vizesi - MyVize","isPartOf":{"@id":"https:\/\/www.myvize.com.tr\/gana\/#website"},"datePublished":"2020-12-29T13:14:32+00:00","dateModified":"2022-05-07T10:35:32+00:00","description":"Gana vatanda\u015fl\u0131\u011f\u0131 ba\u015fvuru belgeleri. Gana vatanda\u015fl\u0131\u011f\u0131 i\u00e7in gerekli \u015fartlar. Gana vatanda\u015fl\u0131k i\u015flemleri. Gana vatanda\u015fl\u0131\u011f\u0131 nas\u0131l al\u0131n\u0131r?","breadcrumb":{"@id":"https:\/\/www.myvize.com.tr\/gana\/vatandaslik\/#breadcrumb"},"inLanguage":"tr","potentialAction":[{"@type":"ReadAction","target":["https:\/\/www.myvize.com.tr\/gana\/vatandaslik\/"]}]},{"@type":"BreadcrumbList","@id":"https:\/\/www.myvize.com.tr\/gana\/vatandaslik\/#breadcrumb","itemListElement":[{"@type":"ListItem","position":1,"name":"Anasayfa","item":"https:\/\/www.myvize.com.tr\/gana\/"},{"@type":"ListItem","position":2,"name":"VATANDA\u015eLIK"}]},{"@type":"WebSite","@id":"https:\/\/www.myvize.com.tr\/gana\/#website","url":"https:\/\/www.myvize.com.tr\/gana\/","name":"Gana Vizesi","description":"","potentialAction":[{"@type":"SearchAction","target":{"@type":"EntryPoint","urlTemplate":"https:\/\/www.myvize.com.tr\/gana\/?s={search_term_string}"},"query-input":{"@type":"PropertyValueSpecification","valueRequired":true,"valueName":"search_term_string"}}],"inLanguage":"tr"}]}},"_links":{"self":[{"href":"https:\/\/www.myvize.com.tr\/gana\/wp-json\/wp\/v2\/pages\/164","targetHints":{"allow":["GET"]}}],"collection":[{"href":"https:\/\/www.myvize.com.tr\/gana\/wp-json\/wp\/v2\/pages"}],"about":[{"href":"https:\/\/www.myvize.com.tr\/gana\/wp-json\/wp\/v2\/types\/page"}],"author":[{"embeddable":true,"href":"https:\/\/www.myvize.com.tr\/gana\/wp-json\/wp\/v2\/users\/1"}],"replies":[{"embeddable":true,"href":"https:\/\/www.myvize.com.tr\/gana\/wp-json\/wp\/v2\/comments?post=164"}],"version-history":[{"count":5,"href":"https:\/\/www.myvize.com.tr\/gana\/wp-json\/wp\/v2\/pages\/164\/revisions"}],"predecessor-version":[{"id":698,"href":"https:\/\/www.myvize.com.tr\/gana\/wp-json\/wp\/v2\/pages\/164\/revisions\/698"}],"wp:attachment":[{"href":"https:\/\/www.myvize.com.tr\/gana\/wp-json\/wp\/v2\/media?parent=164"}],"curies":[{"name":"wp","href":"https:\/\/api.w.org\/{rel}","templated":true}]}}