{"id":172,"date":"2020-12-29T16:15:08","date_gmt":"2020-12-29T13:15:08","guid":{"rendered":"https:\/\/www.myvize.com.tr\/gana\/?page_id=172"},"modified":"2022-05-07T14:11:10","modified_gmt":"2022-05-07T11:11:10","slug":"duyurular","status":"publish","type":"page","link":"https:\/\/www.myvize.com.tr\/gana\/duyurular\/","title":{"rendered":"DUYURULAR"},"content":{"rendered":"<p><span style=\"font-family: Roboto;\"><\/span><\/p>\r\n<h2><span style=\"font-size: 27px;\"><strong><span style=\"font-family: Roboto;\">Gana COV\u0130D-19 Duyurusu<\/span><\/strong><\/span><\/h2>\r\n<p><span style=\"font-family: Roboto; font-size: 14px;\">\r\n\r\n<\/span><\/p>\r\n<p><span style=\"font-family: Roboto; font-size: 14px;\">\u00a0Afrika K\u0131tas\u0131n\u0131n bat\u0131 b\u00f6l\u00fcm\u00fcnde yer alan 30 milyon n\u00fcfuslu <strong>Gana Cumhuriyeti<\/strong> Covid 19 salg\u0131n\u0131nda 90 bini a\u015fm\u0131\u015f kadar vaka ile ve 700\u2019\u00fcn \u00fczerinde de hayat\u0131n\u0131 yitiren vatanda\u015f ile Afrika K\u0131tas\u0131&#8217;n\u0131n en \u00e7ok vaka bildiren \u00fclkelerin aras\u0131nda yer al\u0131yor.<\/span><\/p>\r\n<p><span style=\"font-family: Roboto; font-size: 14px;\">\r\n\r\n<\/span><\/p>\r\n<p><span style=\"font-family: Roboto; font-size: 14px;\">\u00a0Gana Covid-19 vakalar\u0131n\u0131n artmas\u0131 nedeniyle \u00fclke genelinde yeni k\u0131s\u0131tlamalar getirildi\u011fi a\u00e7\u0131kland\u0131.<\/span><\/p>\r\n<p><span style=\"font-family: Roboto; font-size: 14px;\">\r\n\r\n<\/span><\/p>\r\n<p><span style=\"font-family: Roboto; font-size: 14px;\">\u00a0Gana Devlet Ba\u015fkan\u0131 Akuffo, ulusa sesleni\u015f konu\u015fmas\u0131nda, \u00fclkede art\u0131\u015f g\u00f6steren vakalar sebebiyle yeniden k\u0131s\u0131tlamalar getirildi\u011fini halka a\u00e7\u0131klam\u0131\u015ft\u0131.<\/span><\/p>\r\n<p><span style=\"font-family: Roboto; font-size: 14px;\">\r\n\r\n<\/span><\/p>\r\n<p><span style=\"font-family: Roboto; font-size: 14px;\">\u00a0Akuffo, Y\u0131lba\u015f\u0131 kutlamalar\u0131 s\u0131ras\u0131nda \u00fclkedeki t\u00fcm yemek yerleri, gece mekanlar\u0131, i\u00e7kili mekanlar\u0131n a\u00e7\u0131k olmayaca\u011f\u0131n\u0131 s\u00f6zlerine eklemi\u015fti. \u00dclke s\u0131n\u0131rlar\u0131nda \u00f6nceki y\u0131la g\u00f6re daha fazla artan vir\u00fcs\u00fcn bula\u015fma h\u0131z\u0131 da Afrika&#8217;da yay\u0131lmaya h\u0131zla devam ediyor. D\u0131\u015f \u00fclkelerden gelen insanlar a\u00e7\u0131s\u0131ndan da bu bilgi \u00f6nem arz ediyor.<\/span><\/p>\r\n<p><span style=\"font-family: Roboto; font-size: 14px;\">\r\n\r\n<\/span><\/p>\r\n<p><span style=\"font-family: Roboto; font-size: 18px;\">\u00a0<strong>S\u0131n\u0131rlar Yeniden Kapat\u0131ld\u0131<\/strong><\/span><\/p>\r\n<p><span style=\"font-family: Roboto; font-size: 14px;\">\r\n\r\n<\/span><\/p>\r\n<p><span style=\"font-family: Roboto; font-size: 14px;\">\u00a0\u00dclkenin kara ve deniz s\u0131n\u0131rlar\u0131n\u0131n bir sonraki emre kadar kapal\u0131 kalaca\u011f\u0131n\u0131 kaydeden Gana Devlet Ba\u015fkan\u0131, salg\u0131na kar\u015f\u0131 yeni \u00f6nlemler al\u0131nd\u0131\u011f\u0131n\u0131 da s\u00f6yledi.<\/span><\/p>\r\n<p><span style=\"font-family: Roboto; font-size: 14px;\">\r\n\r\n<\/span><\/p>\r\n<p><span style=\"font-family: Roboto; font-size: 14px;\">\u00a0\u00d6nceki aylarda Gana Devlet Ba\u015fkan\u0131 vir\u00fcs i\u00e7in gerekli olan ila\u00e7lar\u0131 \u00e7ok ge\u00e7meden alacaklar\u0131n\u0131 da belirterek halka sesleni\u015f konu\u015fmas\u0131nda belirtti.<\/span><\/p>\r\n<p><span style=\"font-family: Roboto; font-size: 14px;\">\r\n\r\n<\/span><\/p>\r\n<p><span style=\"font-family: Roboto; font-size: 14px;\">\u00a0Gana\u2019ya turistik bir seyahat ger\u00e7ekle\u015ftirmek isteyen vatanda\u015flar Gana turistik vizesine ba\u015fvuru yapmas\u0131 gerekmekte.<\/span><\/p>\r\n<p><span style=\"font-family: Roboto; font-size: 14px;\">\r\n\r\n<\/span><\/p>\r\n<p><span style=\"font-family: Roboto; font-size: 14px;\">\u00a0Gana H\u00fck\u00fcmeti pasaport ay\u0131r\u0131m\u0131 yapmad\u0131\u011f\u0131ndan Bordo pasaport sahipleri ile birlikte ye\u015fil ve k\u0131rm\u0131z\u0131 pasaporta sahip T\u00fcrkiy vatanda\u015flar\u0131n seyahatleri \u00f6ncesi kesinlikle Gana vizesi almas\u0131 gerekmekte. Ama \u015fu anda <strong>vize i\u015flemi <\/strong>ve s\u0131n\u0131rlar kapal\u0131 durumda.<\/span><\/p>\r\n<p><span style=\"font-family: Roboto; font-size: 14px;\">\r\n\r\n<\/span><\/p>\r\n<h2><span style=\"font-family: Roboto; font-size: 27px;\">Gana Covid-19 Duyurular\u0131\u00a0<\/span><\/h2>\r\n<p><span style=\"font-family: Roboto; font-size: 14px;\">Covid-19, Aral\u0131k 2019 tarihinde \u00c7in\u2019de ortaya \u00e7\u0131km\u0131\u015f bir salg\u0131nd\u0131r. T\u00fcm d\u00fcnyay\u0131 etkisi alt\u0131na alm\u0131\u015f olan salg\u0131n k\u0131sa s\u00fcre i\u00e7erisinde milyonlarca ki\u015fiye bula\u015fm\u0131\u015f ve y\u00fczbinlerce ki\u015finin \u00f6l\u00fcm\u00fcne sebep olmu\u015ftur. Bu vir\u00fcsten Gana\u2019da di\u011fer \u00fclkeler gibi \u00e7ok fazla etkilenmi\u015ftir. \u00dclkede binlerce vaka ve y\u00fczlerce \u00f6l\u00fcm ger\u00e7ekle\u015fmi\u015ftir.<\/span><\/p>\r\n<p><span style=\"font-family: Roboto; font-size: 14px;\">Gana Cumhuriyeti 25 A\u011fustos 2021 tarihinden itibaren ge\u00e7erli olacak <strong>Covid-19 y\u00f6nergesi<\/strong> yay\u0131nlam\u0131\u015ft\u0131r. Bunlar \u015fu \u015fekildedir;<\/span><\/p>\r\n<ol>\r\n<li><span style=\"font-family: Roboto; font-size: 14px;\">Gana seyahatinden \u00f6nceki 3 g\u00fcn i\u00e7erisinde PCR testi yapt\u0131r\u0131lmal\u0131 ve sonucun negatif \u00e7\u0131kmas\u0131 gerekmektedir. Sonu\u00e7 <strong>PanaBIOS<\/strong> hesab\u0131na y\u00fcklenmeli ve <strong>Travel Code<\/strong> al\u0131nmal\u0131d\u0131r. 5 ya\u015f\u0131ndan k\u00fc\u00e7\u00fck \u00e7ocuklar var\u0131\u015fta test gereklili\u011finden muaf tutulmu\u015ftur.<\/span><\/li>\r\n<li><span style=\"font-family: Roboto; font-size: 14px;\">Seyahat ba\u015flamadan \u00f6nce Gana vatanda\u015flar\u0131n\u0131n yolcu ba\u015f\u0131na 50 USD, di\u011fer t\u00fcm \u00fclke vatanda\u015flar\u0131n\u0131n ise 150 USD \u00f6demesi gerekmektedir.<\/span><\/li>\r\n<li><span style=\"font-family: Roboto; font-size: 14px;\">Seyahate ba\u015flamadan \u00f6nce <strong>Gana sa\u011fl\u0131k formu<\/strong> doldurulmal\u0131d\u0131r.<\/span><\/li>\r\n<li><span style=\"font-family: Roboto; font-size: 14px;\">Gana\u2019ya seyahat edecek olan T\u00fcrk vatanda\u015flar\u0131n\u0131n seyahat \u00f6ncesinde Covid-19 a\u015f\u0131lar\u0131n\u0131n t\u00fcm\u00fcn\u00fc yapmal\u0131d\u0131r. Bunun ise UNDP taraf\u0131ndan desteklenen <strong>Global Haven Partnership<\/strong> isimli Covid-19 sertifikas\u0131n\u0131 do\u011frulamal\u0131d\u0131r.<\/span><\/li>\r\n<\/ol>\r\n<p><span style=\"font-family: Roboto; font-size: 14px;\">Gana\u2019ya seyahat edecek olan T\u00fcrk vatanda\u015flar\u0131n\u0131n \u00fclkeye girebilmesi i\u00e7in PCR testi ya da Covid-19 a\u015f\u0131s\u0131 yapt\u0131rmas\u0131 zorunludur.<\/span><\/p>\r\n<p><span style=\"font-family: Roboto;\"><\/span><\/p>","protected":false},"excerpt":{"rendered":"<p>Gana COV\u0130D-19 Duyurusu \u00a0Afrika K\u0131tas\u0131n\u0131n bat\u0131 b\u00f6l\u00fcm\u00fcnde yer alan 30 milyon n\u00fcfuslu Gana Cumhuriyeti Covid 19 salg\u0131n\u0131nda 90 bini a\u015fm\u0131\u015f kadar vaka ile ve 700\u2019\u00fcn \u00fczerinde de hayat\u0131n\u0131 yitiren vatanda\u015f ile Afrika K\u0131tas\u0131&#8217;n\u0131n en \u00e7ok vaka bildiren \u00fclkelerin aras\u0131nda yer al\u0131yor. \u00a0Gana Covid-19 vakalar\u0131n\u0131n artmas\u0131 nedeniyle \u00fclke genelinde yeni k\u0131s\u0131tlamalar getirildi\u011fi a\u00e7\u0131kland\u0131. \u00a0Gana Devlet Ba\u015fkan\u0131<\/p>\n","protected":false},"author":1,"featured_media":0,"parent":0,"menu_order":0,"comment_status":"closed","ping_status":"closed","template":"","meta":{"footnotes":""},"class_list":["post-172","page","type-page","status-publish","hentry"],"yoast_head":"<!-- This site is optimized with the Yoast SEO plugin v24.0 - https:\/\/yoast.com\/wordpress\/plugins\/seo\/ -->\n<title>Gana Vizesi Duyurular\u0131 - MyVize Vize Ba\u015fvuru Merkezi<\/title>\n<meta name=\"description\" content=\"Gana vizesi duyurular\u0131 hakk\u0131nda g\u00fcncel haberler ve veriler i\u00e7in ileti\u015fime ge\u00e7ebilirsiniz. Gana vizesi COVID19 duyurular\u0131.\" \/>\n<meta name=\"robots\" content=\"index, follow, max-snippet:-1, max-image-preview:large, max-video-preview:-1\" \/>\n<link rel=\"canonical\" href=\"https:\/\/www.myvize.com.tr\/gana\/duyurular\/\" \/>\n<meta property=\"og:locale\" content=\"tr_TR\" \/>\n<meta property=\"og:type\" content=\"article\" \/>\n<meta property=\"og:title\" content=\"Gana Vizesi Duyurular\u0131 - MyVize Vize Ba\u015fvuru Merkezi\" \/>\n<meta property=\"og:description\" content=\"Gana vizesi duyurular\u0131 hakk\u0131nda g\u00fcncel haberler ve veriler i\u00e7in ileti\u015fime ge\u00e7ebilirsiniz. Gana vizesi COVID19 duyurular\u0131.\" \/>\n<meta property=\"og:url\" content=\"https:\/\/www.myvize.com.tr\/gana\/duyurular\/\" \/>\n<meta property=\"og:site_name\" content=\"Gana Vizesi\" \/>\n<meta property=\"article:modified_time\" content=\"2022-05-07T11:11:10+00:00\" \/>\n<meta name=\"twitter:card\" content=\"summary_large_image\" \/>\n<meta name=\"twitter:label1\" content=\"Tahmini okuma s\u00fcresi\" \/>\n\t<meta name=\"twitter:data1\" content=\"2 dakika\" \/>\n<script type=\"application\/ld+json\" class=\"yoast-schema-graph\">{\"@context\":\"https:\/\/schema.org\",\"@graph\":[{\"@type\":\"WebPage\",\"@id\":\"https:\/\/www.myvize.com.tr\/gana\/duyurular\/\",\"url\":\"https:\/\/www.myvize.com.tr\/gana\/duyurular\/\",\"name\":\"Gana Vizesi Duyurular\u0131 - MyVize Vize Ba\u015fvuru Merkezi\",\"isPartOf\":{\"@id\":\"https:\/\/www.myvize.com.tr\/gana\/#website\"},\"datePublished\":\"2020-12-29T13:15:08+00:00\",\"dateModified\":\"2022-05-07T11:11:10+00:00\",\"description\":\"Gana vizesi duyurular\u0131 hakk\u0131nda g\u00fcncel haberler ve veriler i\u00e7in ileti\u015fime ge\u00e7ebilirsiniz. Gana vizesi COVID19 duyurular\u0131.\",\"breadcrumb\":{\"@id\":\"https:\/\/www.myvize.com.tr\/gana\/duyurular\/#breadcrumb\"},\"inLanguage\":\"tr\",\"potentialAction\":[{\"@type\":\"ReadAction\",\"target\":[\"https:\/\/www.myvize.com.tr\/gana\/duyurular\/\"]}]},{\"@type\":\"BreadcrumbList\",\"@id\":\"https:\/\/www.myvize.com.tr\/gana\/duyurular\/#breadcrumb\",\"itemListElement\":[{\"@type\":\"ListItem\",\"position\":1,\"name\":\"Anasayfa\",\"item\":\"https:\/\/www.myvize.com.tr\/gana\/\"},{\"@type\":\"ListItem\",\"position\":2,\"name\":\"DUYURULAR\"}]},{\"@type\":\"WebSite\",\"@id\":\"https:\/\/www.myvize.com.tr\/gana\/#website\",\"url\":\"https:\/\/www.myvize.com.tr\/gana\/\",\"name\":\"Gana Vizesi\",\"description\":\"\",\"potentialAction\":[{\"@type\":\"SearchAction\",\"target\":{\"@type\":\"EntryPoint\",\"urlTemplate\":\"https:\/\/www.myvize.com.tr\/gana\/?s={search_term_string}\"},\"query-input\":{\"@type\":\"PropertyValueSpecification\",\"valueRequired\":true,\"valueName\":\"search_term_string\"}}],\"inLanguage\":\"tr\"}]}<\/script>\n<!-- \/ Yoast SEO plugin. -->","yoast_head_json":{"title":"Gana Vizesi Duyurular\u0131 - MyVize Vize Ba\u015fvuru Merkezi","description":"Gana vizesi duyurular\u0131 hakk\u0131nda g\u00fcncel haberler ve veriler i\u00e7in ileti\u015fime ge\u00e7ebilirsiniz. Gana vizesi COVID19 duyurular\u0131.","robots":{"index":"index","follow":"follow","max-snippet":"max-snippet:-1","max-image-preview":"max-image-preview:large","max-video-preview":"max-video-preview:-1"},"canonical":"https:\/\/www.myvize.com.tr\/gana\/duyurular\/","og_locale":"tr_TR","og_type":"article","og_title":"Gana Vizesi Duyurular\u0131 - MyVize Vize Ba\u015fvuru Merkezi","og_description":"Gana vizesi duyurular\u0131 hakk\u0131nda g\u00fcncel haberler ve veriler i\u00e7in ileti\u015fime ge\u00e7ebilirsiniz. Gana vizesi COVID19 duyurular\u0131.","og_url":"https:\/\/www.myvize.com.tr\/gana\/duyurular\/","og_site_name":"Gana Vizesi","article_modified_time":"2022-05-07T11:11:10+00:00","twitter_card":"summary_large_image","twitter_misc":{"Tahmini okuma s\u00fcresi":"2 dakika"},"schema":{"@context":"https:\/\/schema.org","@graph":[{"@type":"WebPage","@id":"https:\/\/www.myvize.com.tr\/gana\/duyurular\/","url":"https:\/\/www.myvize.com.tr\/gana\/duyurular\/","name":"Gana Vizesi Duyurular\u0131 - MyVize Vize Ba\u015fvuru Merkezi","isPartOf":{"@id":"https:\/\/www.myvize.com.tr\/gana\/#website"},"datePublished":"2020-12-29T13:15:08+00:00","dateModified":"2022-05-07T11:11:10+00:00","description":"Gana vizesi duyurular\u0131 hakk\u0131nda g\u00fcncel haberler ve veriler i\u00e7in ileti\u015fime ge\u00e7ebilirsiniz. Gana vizesi COVID19 duyurular\u0131.","breadcrumb":{"@id":"https:\/\/www.myvize.com.tr\/gana\/duyurular\/#breadcrumb"},"inLanguage":"tr","potentialAction":[{"@type":"ReadAction","target":["https:\/\/www.myvize.com.tr\/gana\/duyurular\/"]}]},{"@type":"BreadcrumbList","@id":"https:\/\/www.myvize.com.tr\/gana\/duyurular\/#breadcrumb","itemListElement":[{"@type":"ListItem","position":1,"name":"Anasayfa","item":"https:\/\/www.myvize.com.tr\/gana\/"},{"@type":"ListItem","position":2,"name":"DUYURULAR"}]},{"@type":"WebSite","@id":"https:\/\/www.myvize.com.tr\/gana\/#website","url":"https:\/\/www.myvize.com.tr\/gana\/","name":"Gana Vizesi","description":"","potentialAction":[{"@type":"SearchAction","target":{"@type":"EntryPoint","urlTemplate":"https:\/\/www.myvize.com.tr\/gana\/?s={search_term_string}"},"query-input":{"@type":"PropertyValueSpecification","valueRequired":true,"valueName":"search_term_string"}}],"inLanguage":"tr"}]}},"_links":{"self":[{"href":"https:\/\/www.myvize.com.tr\/gana\/wp-json\/wp\/v2\/pages\/172","targetHints":{"allow":["GET"]}}],"collection":[{"href":"https:\/\/www.myvize.com.tr\/gana\/wp-json\/wp\/v2\/pages"}],"about":[{"href":"https:\/\/www.myvize.com.tr\/gana\/wp-json\/wp\/v2\/types\/page"}],"author":[{"embeddable":true,"href":"https:\/\/www.myvize.com.tr\/gana\/wp-json\/wp\/v2\/users\/1"}],"replies":[{"embeddable":true,"href":"https:\/\/www.myvize.com.tr\/gana\/wp-json\/wp\/v2\/comments?post=172"}],"version-history":[{"count":5,"href":"https:\/\/www.myvize.com.tr\/gana\/wp-json\/wp\/v2\/pages\/172\/revisions"}],"predecessor-version":[{"id":718,"href":"https:\/\/www.myvize.com.tr\/gana\/wp-json\/wp\/v2\/pages\/172\/revisions\/718"}],"wp:attachment":[{"href":"https:\/\/www.myvize.com.tr\/gana\/wp-json\/wp\/v2\/media?parent=172"}],"curies":[{"name":"wp","href":"https:\/\/api.w.org\/{rel}","templated":true}]}}