{"id":18,"date":"2020-11-30T08:50:13","date_gmt":"2020-11-30T05:50:13","guid":{"rendered":"https:\/\/www.myvize.com.tr\/gana\/?page_id=18"},"modified":"2022-05-06T16:03:31","modified_gmt":"2022-05-06T13:03:31","slug":"vize-islemleri","status":"publish","type":"page","link":"https:\/\/www.myvize.com.tr\/gana\/vize-islemleri\/","title":{"rendered":"V\u0130ZE \u0130\u015eLEMLER\u0130"},"content":{"rendered":"<p><span style=\"font-family: Roboto;\"><\/span><\/p>\r\n<p><span style=\"font-family: Roboto; font-size: 14px;\">Afrika K\u0131tas\u0131\u2019n\u0131n bat\u0131s\u0131nda yer alan Gana farkl\u0131 \u00fclkelerden ziyaret\u00e7i kabul ediyor. Ba\u015fkenti Accra olan\u00a0 \u00fclkenin resmi dili ise \u0130ngilizcedir. \u00dclkeye seyahat etmek isteyen ki\u015filerden yaln\u0131zca Diplomatik pasaportu olanlar vize konusunda belirli muafiyetlere sahiptir. Diplomatik yani siyah pasaportu olanlar en fazla 90 g\u00fcn olmak \u00fczere \u00fclkeye seyahat ger\u00e7ekle\u015ftirebilirler. <span style=\"color: #2acec2;\"><strong><a style=\"color: #2acec2;\" href=\"https:\/\/www.myvize.com.tr\/gana\/vize-islemleri\/gana-vizesi\/\" target=\"_blank\" rel=\"noopener\">Gana vizesi<\/a><\/strong><\/span> i\u00e7in ba\u015fvurulabilecek olan vize t\u00fcrleri de \u015funlard\u0131r:<\/span><\/p>\r\n<p><span style=\"font-family: Roboto; font-size: 14px;\">\r\n\r\n<\/span><\/p>\r\n<p><span style=\"font-family: Roboto; font-size: 14px;\">l Transit ama\u00e7l\u0131 vize<\/span><\/p>\r\n<p><span style=\"font-family: Roboto; font-size: 14px;\">\r\n\r\n<\/span><\/p>\r\n<p><span style=\"font-family: Roboto; font-size: 14px;\">l Ticari ve i\u015f ama\u00e7l\u0131 vize<\/span><\/p>\r\n<p><span style=\"font-family: Roboto; font-size: 14px;\">\r\n\r\n<\/span><\/p>\r\n<p><span style=\"font-family: Roboto; font-size: 14px;\">l Turizm ama\u00e7l\u0131 vize<\/span><\/p>\r\n<p><span style=\"font-family: Roboto; font-size: 14px;\">\r\n\r\n<\/span><\/p>\r\n<p><span style=\"font-family: Roboto; font-size: 14px;\">l Aile ve arkada\u015f ziyareti i\u00e7in vize<\/span><\/p>\r\n<p><span style=\"font-family: Roboto; font-size: 14px;\">\r\n\r\n<\/span><\/p>\r\n<p><span style=\"font-family: Roboto; font-size: 14px;\">Bu vize t\u00fcrleri ki\u015filerin t\u00fcm evrak ve formlar\u0131nda belirtmeleri gereken vize t\u00fcrleridir. Ba\u015fvuru formunda vize t\u00fcr\u00fcn\u00fc belirtmedi\u011finiz takdirde vizenizin reddedilmesi ile kar\u015f\u0131la\u015fabilirsiniz.<\/span><\/p>\r\n<p><span style=\"font-family: Roboto; font-size: 14px;\"> <img decoding=\"async\" src=\"https:\/\/www.myvize.com.tr\/gana\/wp-content\/uploads\/2021\/10\/42.jpg\" \/> <\/span><\/p>\r\n<h2><span style=\"font-family: Roboto; font-size: 27px;\"><strong>Gana Vize Evraklar\u0131 Nereye Teslim Edilir?<\/strong><\/span><\/h2>\r\n<p><span style=\"font-family: Roboto; font-size: 14px;\">\r\n\r\n<\/span><\/p>\r\n<p><span style=\"font-family: Roboto; font-size: 14px;\">Gana seyahati i\u00e7in T\u00fcrkiye\u2019den haz\u0131rl\u0131k yapan ki\u015filer evraklar\u0131n\u0131 haz\u0131rlayarak Gana B\u00fcy\u00fckel\u00e7ili\u011fi\u2019ne ya da konsoloslu\u011funa teslim etmelidirler. Bu evraklar\u0131n \u015fahsen teslim edilmesi gerekebilir. Vize evraklar\u0131n\u0131n teslim s\u0131ras\u0131nda T\u00fcrk vatanda\u015flar\u0131 <strong>parmak izi<\/strong> uygulamas\u0131ndan muaf tutuluyor.<\/span><\/p>\r\n<p><span style=\"font-family: Roboto; font-size: 14px;\">\r\n\r\n<\/span><\/p>\r\n<h2><span style=\"font-family: Roboto; font-size: 27px;\"><strong>Gana Vize Ba\u015fvuru Formu ve Dilek\u00e7esi<\/strong><\/span><\/h2>\r\n<p><span style=\"font-family: Roboto; font-size: 14px;\">\r\n\r\n<\/span><\/p>\r\n<p><span style=\"font-family: Roboto; font-size: 14px;\"><strong>Gana vize<\/strong> ba\u015fvuru formunu hangi vize t\u00fcr\u00fcn\u00fc istiyorsan\u0131z ona uygun \u015fekilde doldurman\u0131z gerekiyor. Ba\u015fvuru formunda seyahate ve size dair t\u00fcm bilgilerin bulunmas\u0131 gereklidir. Ayn\u0131 \u015fekilde dilek\u00e7enizin de mutlaka seyahat t\u00fcr\u00fcne uygun \u015fekilde haz\u0131rlanm\u0131\u015f olmas\u0131 gerekiyor. Dilek\u00e7enin \u0131slak imzal\u0131 olmas\u0131, seyahatiniz hakk\u0131nda t\u00fcm bilgilerin bulunmas\u0131 gibi bir\u00e7ok \u00f6nemli kriter vard\u0131r. Bununla birlikte bu belgede \u00e7al\u0131\u015fan, emekli, i\u015f yeri sahibi, \u00f6\u011frenci gibi konularda da bilgiler vermeniz \u00f6nemlidir.<\/span><\/p>\r\n<p><span style=\"font-family: Roboto; font-size: 14px;\">\r\n\r\n<\/span><\/p>\r\n<h2><span style=\"font-family: Roboto; font-size: 27px;\"><strong>Gana Vize \u00dccretleri<\/strong><\/span><\/h2>\r\n<p><span style=\"font-family: Roboto; font-size: 14px;\">\r\n\r\n<\/span><\/p>\r\n<p><span style=\"font-family: Roboto; font-size: 14px;\"><strong>Gana vizesi<\/strong> i\u00e7in yat\u0131r\u0131lmas\u0131 gereken har\u00e7lar vizenin t\u00fcr\u00fcne, ka\u00e7 giri\u015flik oldu\u011funa ve s\u00fcresine g\u00f6re farkl\u0131l\u0131k g\u00f6steriyor. Ayn\u0131 zamanda bu vize \u00fccretleri y\u0131ldan y\u0131la g\u00fcncellenen verilerdir. Ki\u015filer vize \u00fccretlerini yat\u0131rd\u0131ktan sonra evraklar\u0131n\u0131 ilgili kurumlara teslim edebilirler. Vizenin verilmesi ise yakla\u015f\u0131k olarak 15 i\u015f g\u00fcn\u00fcn\u00fc buluyor.<\/span><\/p>\r\n<p><img decoding=\"async\" src=\"https:\/\/www.myvize.com.tr\/gana\/wp-content\/uploads\/2021\/10\/43.jpg\" \/><\/p>\r\n<h2><strong><span style=\"font-family: Roboto; font-size: 27px;\">Gana Vize \u0130\u015flemleri<\/span><\/strong><\/h2>\r\n<p><span style=\"font-family: Roboto; font-size: 14px;\">Gana seyahat edecek olan ki\u015filerin \u00f6ncelikle seyahat amac\u0131na uygun vize almas\u0131 gerekmektedir. Gana vize i\u015flemleri al\u0131nacak vize t\u00fcr\u00fcne g\u00f6re farkl\u0131l\u0131k g\u00f6stermektedir. Her vize t\u00fcr\u00fc i\u00e7in farkl\u0131 prosed\u00fcrleri yerine getirmeniz gerekecektir. Bunun i\u00e7in \u00f6ncelikle seyahat amac\u0131 belirlenmelidir.<\/span><\/p>\r\n<p><span style=\"font-family: Roboto; font-size: 14px;\">Seyahat amac\u0131 belirlendikten sonra vize ba\u015fvurusu yapaca\u011f\u0131n\u0131z yerden randevu almal\u0131s\u0131n\u0131z. Randevular gerekli belgelerin teslim edilmesi i\u00e7in al\u0131nmaktad\u0131r. Gana vize ba\u015fvurular\u0131 s\u0131ras\u0131nda biyometrik veri al\u0131nmamaktad\u0131r. Vize ba\u015fvurular\u0131n\u0131z\u0131 <span style=\"color: #2acec2;\"><strong><a style=\"color: #2acec2;\" href=\"https:\/\/www.myvize.com.tr\/gana\/konsolosluklar\/ankara-buyukelciligi\/\" target=\"_blank\" rel=\"noopener\">Gana Ankara B\u00fcy\u00fckel\u00e7ili\u011fi<\/a><\/strong><\/span>, Gana \u0130stanbul Ba\u015fkonsoloslu\u011fu ve <strong>Gana vize<\/strong> ba\u015fvuru merkezlerine yapabilirsiniz. Vize ba\u015fvurusunu bizzat yapman\u0131za da gerek yoktur. <strong>Gana vize<\/strong> ba\u015fvurular\u0131 s\u0131ras\u0131nda biyometrik veri al\u0131nmad\u0131\u011f\u0131ndan ba\u015fvuruyu sizin yerinize ba\u015fkas\u0131 yapabilir. Bunun i\u00e7in ya bir seyahat acentesi ile anla\u015fmal\u0131s\u0131n\u0131z ya da noter onayl\u0131 bir vekil se\u00e7meniz gerekmektedir. <span style=\"color: #2acec2;\"><strong><a style=\"color: #2acec2;\" href=\"https:\/\/www.myvize.com.tr\/gana\/gana-vize-basvurusu\/\" target=\"_blank\" rel=\"noopener\">Gana vize ba\u015fvurusu<\/a><\/strong><\/span> i\u00e7in sadece belgeleri teslim etmeniz yeterlidir.<\/span><\/p>\r\n<p><span style=\"font-family: Roboto; font-size: 14px;\">Vize ba\u015fvurular\u0131 ortalama olarak 2 haftada sonu\u00e7lanmaktad\u0131r. Vize ba\u015fvurusunun sonucunu pasaportunuz ile birlikte g\u00f6nderilir. Vize ba\u015fvurunuz reddedilmi\u015f ise buna bir kereli\u011fine itiraz etme hakk\u0131n\u0131z bulunmaktad\u0131r. <strong>Vize reddi<\/strong> itiraz\u0131 i\u00e7in vize ba\u015fvurunuz nerede de\u011ferlendirildi ise oraya hitaben <strong>vize reddi<\/strong> itiraz dilek\u00e7esi yaz\u0131lmal\u0131d\u0131r.<\/span><\/p>\r\n<p><span style=\"font-family: Roboto;\"><\/span><\/p>","protected":false},"excerpt":{"rendered":"<p>Afrika K\u0131tas\u0131\u2019n\u0131n bat\u0131s\u0131nda yer alan Gana farkl\u0131 \u00fclkelerden ziyaret\u00e7i kabul ediyor. Ba\u015fkenti Accra olan\u00a0 \u00fclkenin resmi dili ise \u0130ngilizcedir. \u00dclkeye seyahat etmek isteyen ki\u015filerden yaln\u0131zca Diplomatik pasaportu olanlar vize konusunda belirli muafiyetlere sahiptir. Diplomatik yani siyah pasaportu olanlar en fazla 90 g\u00fcn olmak \u00fczere \u00fclkeye seyahat ger\u00e7ekle\u015ftirebilirler. Gana vizesi i\u00e7in ba\u015fvurulabilecek olan vize t\u00fcrleri de<\/p>\n","protected":false},"author":1,"featured_media":0,"parent":0,"menu_order":0,"comment_status":"open","ping_status":"closed","template":"","meta":{"footnotes":""},"class_list":["post-18","page","type-page","status-publish","hentry"],"yoast_head":"<!-- This site is optimized with the Yoast SEO plugin v24.0 - https:\/\/yoast.com\/wordpress\/plugins\/seo\/ -->\n<title>Gana Vize \u0130\u015flemleri - Gana Vize \u00dccretleri - MyVize<\/title>\n<meta name=\"description\" content=\"Gana vize i\u015flemleri gerekli evraklar g\u00fcncel. Gana vize i\u015flemleri randevu al\u0131m\u0131 ve i\u015flem s\u00fcreci g\u00f6rsel anlat\u0131m.\" \/>\n<meta name=\"robots\" content=\"index, follow, max-snippet:-1, max-image-preview:large, max-video-preview:-1\" \/>\n<link rel=\"canonical\" href=\"https:\/\/www.myvize.com.tr\/gana\/vize-islemleri\/\" \/>\n<meta property=\"og:locale\" content=\"tr_TR\" \/>\n<meta property=\"og:type\" content=\"article\" \/>\n<meta property=\"og:title\" content=\"Gana Vize \u0130\u015flemleri - Gana Vize \u00dccretleri - MyVize\" \/>\n<meta property=\"og:description\" content=\"Gana vize i\u015flemleri gerekli evraklar g\u00fcncel. Gana vize i\u015flemleri randevu al\u0131m\u0131 ve i\u015flem s\u00fcreci g\u00f6rsel anlat\u0131m.\" \/>\n<meta property=\"og:url\" content=\"https:\/\/www.myvize.com.tr\/gana\/vize-islemleri\/\" \/>\n<meta property=\"og:site_name\" content=\"Gana Vizesi\" \/>\n<meta property=\"article:modified_time\" content=\"2022-05-06T13:03:31+00:00\" \/>\n<meta property=\"og:image\" content=\"https:\/\/www.myvize.com.tr\/gana\/wp-content\/uploads\/2021\/10\/42.jpg\" \/>\n<meta name=\"twitter:card\" content=\"summary_large_image\" \/>\n<meta name=\"twitter:label1\" content=\"Tahmini okuma s\u00fcresi\" \/>\n\t<meta name=\"twitter:data1\" content=\"3 dakika\" \/>\n<script type=\"application\/ld+json\" class=\"yoast-schema-graph\">{\"@context\":\"https:\/\/schema.org\",\"@graph\":[{\"@type\":\"WebPage\",\"@id\":\"https:\/\/www.myvize.com.tr\/gana\/vize-islemleri\/\",\"url\":\"https:\/\/www.myvize.com.tr\/gana\/vize-islemleri\/\",\"name\":\"Gana Vize \u0130\u015flemleri - Gana Vize \u00dccretleri - MyVize\",\"isPartOf\":{\"@id\":\"https:\/\/www.myvize.com.tr\/gana\/#website\"},\"primaryImageOfPage\":{\"@id\":\"https:\/\/www.myvize.com.tr\/gana\/vize-islemleri\/#primaryimage\"},\"image\":{\"@id\":\"https:\/\/www.myvize.com.tr\/gana\/vize-islemleri\/#primaryimage\"},\"thumbnailUrl\":\"https:\/\/www.myvize.com.tr\/gana\/wp-content\/uploads\/2021\/10\/42.jpg\",\"datePublished\":\"2020-11-30T05:50:13+00:00\",\"dateModified\":\"2022-05-06T13:03:31+00:00\",\"description\":\"Gana vize i\u015flemleri gerekli evraklar g\u00fcncel. Gana vize i\u015flemleri randevu al\u0131m\u0131 ve i\u015flem s\u00fcreci g\u00f6rsel anlat\u0131m.\",\"breadcrumb\":{\"@id\":\"https:\/\/www.myvize.com.tr\/gana\/vize-islemleri\/#breadcrumb\"},\"inLanguage\":\"tr\",\"potentialAction\":[{\"@type\":\"ReadAction\",\"target\":[\"https:\/\/www.myvize.com.tr\/gana\/vize-islemleri\/\"]}]},{\"@type\":\"ImageObject\",\"inLanguage\":\"tr\",\"@id\":\"https:\/\/www.myvize.com.tr\/gana\/vize-islemleri\/#primaryimage\",\"url\":\"https:\/\/www.myvize.com.tr\/gana\/wp-content\/uploads\/2021\/10\/42.jpg\",\"contentUrl\":\"https:\/\/www.myvize.com.tr\/gana\/wp-content\/uploads\/2021\/10\/42.jpg\",\"width\":800,\"height\":500,\"caption\":\"Gana Vize \u0130\u015flemleri\"},{\"@type\":\"BreadcrumbList\",\"@id\":\"https:\/\/www.myvize.com.tr\/gana\/vize-islemleri\/#breadcrumb\",\"itemListElement\":[{\"@type\":\"ListItem\",\"position\":1,\"name\":\"Anasayfa\",\"item\":\"https:\/\/www.myvize.com.tr\/gana\/\"},{\"@type\":\"ListItem\",\"position\":2,\"name\":\"V\u0130ZE \u0130\u015eLEMLER\u0130\"}]},{\"@type\":\"WebSite\",\"@id\":\"https:\/\/www.myvize.com.tr\/gana\/#website\",\"url\":\"https:\/\/www.myvize.com.tr\/gana\/\",\"name\":\"Gana Vizesi\",\"description\":\"\",\"potentialAction\":[{\"@type\":\"SearchAction\",\"target\":{\"@type\":\"EntryPoint\",\"urlTemplate\":\"https:\/\/www.myvize.com.tr\/gana\/?s={search_term_string}\"},\"query-input\":{\"@type\":\"PropertyValueSpecification\",\"valueRequired\":true,\"valueName\":\"search_term_string\"}}],\"inLanguage\":\"tr\"}]}<\/script>\n<!-- \/ Yoast SEO plugin. -->","yoast_head_json":{"title":"Gana Vize \u0130\u015flemleri - Gana Vize \u00dccretleri - MyVize","description":"Gana vize i\u015flemleri gerekli evraklar g\u00fcncel. Gana vize i\u015flemleri randevu al\u0131m\u0131 ve i\u015flem s\u00fcreci g\u00f6rsel anlat\u0131m.","robots":{"index":"index","follow":"follow","max-snippet":"max-snippet:-1","max-image-preview":"max-image-preview:large","max-video-preview":"max-video-preview:-1"},"canonical":"https:\/\/www.myvize.com.tr\/gana\/vize-islemleri\/","og_locale":"tr_TR","og_type":"article","og_title":"Gana Vize \u0130\u015flemleri - Gana Vize \u00dccretleri - MyVize","og_description":"Gana vize i\u015flemleri gerekli evraklar g\u00fcncel. Gana vize i\u015flemleri randevu al\u0131m\u0131 ve i\u015flem s\u00fcreci g\u00f6rsel anlat\u0131m.","og_url":"https:\/\/www.myvize.com.tr\/gana\/vize-islemleri\/","og_site_name":"Gana Vizesi","article_modified_time":"2022-05-06T13:03:31+00:00","og_image":[{"url":"https:\/\/www.myvize.com.tr\/gana\/wp-content\/uploads\/2021\/10\/42.jpg","type":"","width":"","height":""}],"twitter_card":"summary_large_image","twitter_misc":{"Tahmini okuma s\u00fcresi":"3 dakika"},"schema":{"@context":"https:\/\/schema.org","@graph":[{"@type":"WebPage","@id":"https:\/\/www.myvize.com.tr\/gana\/vize-islemleri\/","url":"https:\/\/www.myvize.com.tr\/gana\/vize-islemleri\/","name":"Gana Vize \u0130\u015flemleri - Gana Vize \u00dccretleri - MyVize","isPartOf":{"@id":"https:\/\/www.myvize.com.tr\/gana\/#website"},"primaryImageOfPage":{"@id":"https:\/\/www.myvize.com.tr\/gana\/vize-islemleri\/#primaryimage"},"image":{"@id":"https:\/\/www.myvize.com.tr\/gana\/vize-islemleri\/#primaryimage"},"thumbnailUrl":"https:\/\/www.myvize.com.tr\/gana\/wp-content\/uploads\/2021\/10\/42.jpg","datePublished":"2020-11-30T05:50:13+00:00","dateModified":"2022-05-06T13:03:31+00:00","description":"Gana vize i\u015flemleri gerekli evraklar g\u00fcncel. Gana vize i\u015flemleri randevu al\u0131m\u0131 ve i\u015flem s\u00fcreci g\u00f6rsel anlat\u0131m.","breadcrumb":{"@id":"https:\/\/www.myvize.com.tr\/gana\/vize-islemleri\/#breadcrumb"},"inLanguage":"tr","potentialAction":[{"@type":"ReadAction","target":["https:\/\/www.myvize.com.tr\/gana\/vize-islemleri\/"]}]},{"@type":"ImageObject","inLanguage":"tr","@id":"https:\/\/www.myvize.com.tr\/gana\/vize-islemleri\/#primaryimage","url":"https:\/\/www.myvize.com.tr\/gana\/wp-content\/uploads\/2021\/10\/42.jpg","contentUrl":"https:\/\/www.myvize.com.tr\/gana\/wp-content\/uploads\/2021\/10\/42.jpg","width":800,"height":500,"caption":"Gana Vize \u0130\u015flemleri"},{"@type":"BreadcrumbList","@id":"https:\/\/www.myvize.com.tr\/gana\/vize-islemleri\/#breadcrumb","itemListElement":[{"@type":"ListItem","position":1,"name":"Anasayfa","item":"https:\/\/www.myvize.com.tr\/gana\/"},{"@type":"ListItem","position":2,"name":"V\u0130ZE \u0130\u015eLEMLER\u0130"}]},{"@type":"WebSite","@id":"https:\/\/www.myvize.com.tr\/gana\/#website","url":"https:\/\/www.myvize.com.tr\/gana\/","name":"Gana Vizesi","description":"","potentialAction":[{"@type":"SearchAction","target":{"@type":"EntryPoint","urlTemplate":"https:\/\/www.myvize.com.tr\/gana\/?s={search_term_string}"},"query-input":{"@type":"PropertyValueSpecification","valueRequired":true,"valueName":"search_term_string"}}],"inLanguage":"tr"}]}},"_links":{"self":[{"href":"https:\/\/www.myvize.com.tr\/gana\/wp-json\/wp\/v2\/pages\/18","targetHints":{"allow":["GET"]}}],"collection":[{"href":"https:\/\/www.myvize.com.tr\/gana\/wp-json\/wp\/v2\/pages"}],"about":[{"href":"https:\/\/www.myvize.com.tr\/gana\/wp-json\/wp\/v2\/types\/page"}],"author":[{"embeddable":true,"href":"https:\/\/www.myvize.com.tr\/gana\/wp-json\/wp\/v2\/users\/1"}],"replies":[{"embeddable":true,"href":"https:\/\/www.myvize.com.tr\/gana\/wp-json\/wp\/v2\/comments?post=18"}],"version-history":[{"count":5,"href":"https:\/\/www.myvize.com.tr\/gana\/wp-json\/wp\/v2\/pages\/18\/revisions"}],"predecessor-version":[{"id":678,"href":"https:\/\/www.myvize.com.tr\/gana\/wp-json\/wp\/v2\/pages\/18\/revisions\/678"}],"wp:attachment":[{"href":"https:\/\/www.myvize.com.tr\/gana\/wp-json\/wp\/v2\/media?parent=18"}],"curies":[{"name":"wp","href":"https:\/\/api.w.org\/{rel}","templated":true}]}}