{"id":182,"date":"2020-12-29T16:17:20","date_gmt":"2020-12-29T13:17:20","guid":{"rendered":"https:\/\/www.myvize.com.tr\/gana\/?page_id=182"},"modified":"2022-05-07T13:57:41","modified_gmt":"2022-05-07T10:57:41","slug":"vize-islem-takip-belgesi","status":"publish","type":"page","link":"https:\/\/www.myvize.com.tr\/gana\/form-ve-dilekce\/vize-islem-takip-belgesi\/","title":{"rendered":"Gana Vize \u0130\u015flem Takip Belgesi"},"content":{"rendered":"<h2><span style=\"font-family: Roboto; font-size: 27px;\"><b>Gana Vize \u0130\u015flem Takip Belgesi Hakk\u0131nda<\/b><\/span><\/h2>\n<p><span style=\"font-family: Roboto; font-size: 14px;\"><strong>Gana vize i\u015flemleri takip belgesi<\/strong>, \u00a0Gana Konsoloslu\u011fu taraf\u0131ndan haz\u0131rlanmaktad\u0131r. Ba\u015fvuru sahipleri Gana Konsoloslu\u011fu\u2019nun web sitesinde yer alan\u00a0<strong>Gana vize i\u015flemleri<\/strong>\u00a0takip belgesi sayfas\u0131ndan rahatl\u0131kla i\u015flemlerini yapabilmektedir.\u00a0<span style=\"color: #2acec2;\"><strong><a style=\"color: #2acec2;\" href=\"https:\/\/www.myvize.com.tr\/gana\/vize-islemleri\/gana-vizesi\/\" target=\"_blank\" rel=\"noopener\">Gana vizesi<\/a><\/strong><\/span>\u00a0takip belgelerinin eksiksiz ve do\u011fru bir \u015fekilde doldurulmas\u0131 olduk\u00e7a \u00f6nemli hususlardan biridir. \u00d6zellikle\u00a0<strong>Gana vize<\/strong>\u00a0i\u015flem takip belgesi, \u0130ngilizce olarak doldurulmal\u0131d\u0131r. \u0130ngilizce olarak doldurulmayan belgeler, Gana Konsoloslu\u011fu taraf\u0131ndan kabul edilemez.<\/span><\/p>\n<p><span style=\"font-family: Roboto; font-size: 14px;\">Gana takip belgelerinde pasaportlar\u0131n\u0131z\u0131n y\u0131pranm\u0131\u015f, y\u0131rt\u0131lm\u0131\u015f ve eskimi\u015f olmamas\u0131na dikkat ediniz. Genellikle Gana i\u015flem takip belgeleri mutlaka Gana konsolosluklar\u0131n\u0131n ba\u015fvuru sahiplerinden talep etti\u011fi \u00f6nemli evraklar aras\u0131ndad\u0131r. Bu belgenin kaybolmas\u0131 veya \u00e7al\u0131nmas\u0131 durumunda, vize i\u015flemleriniz <strong>Gana Konsoloslu\u011fu<\/strong> taraf\u0131ndan tamamen reddedilir. <strong>Gana vize<\/strong> i\u015flem takip belgesinde ki\u015finin ad\u0131, soyad\u0131, vize takip numaras\u0131, seyahat edilecek olan \u00fclke, vize dan\u0131\u015fman\u0131n\u0131n ad\u0131, vizenin toplam \u00fccreti, ki\u015finin referanslar\u0131 ve vize takip usul\u00fc ile ilgili detayl\u0131 bilgiler yer almaktad\u0131r. Ayr\u0131ca\u00a0<span style=\"color: #2acec2;\"><strong><a style=\"color: #2acec2;\" href=\"https:\/\/www.myvize.com.tr\/gana\/gana-vize-ucreti\/\" target=\"_blank\" rel=\"noopener\">Gana vize \u00fccreti\u00a0<\/a><\/strong><\/span>seyahatin yap\u0131l\u0131\u015f amac\u0131na g\u00f6re farkl\u0131l\u0131k g\u00f6stermektedir. \u00d6zellikle\u00a0<strong>Gana vize<\/strong>\u00a0i\u015flem takip belgesi, Gana\u2019ya seyahat edecek olan ba\u015fvuru sahipleri i\u00e7in olduk\u00e7a \u00f6nemli bir belgedir.<\/span><\/p>\n","protected":false},"excerpt":{"rendered":"<p>Gana Vize \u0130\u015flem Takip Belgesi Hakk\u0131nda Gana vize i\u015flemleri takip belgesi, \u00a0Gana Konsoloslu\u011fu taraf\u0131ndan haz\u0131rlanmaktad\u0131r. Ba\u015fvuru sahipleri Gana Konsoloslu\u011fu\u2019nun web sitesinde yer alan\u00a0Gana vize i\u015flemleri\u00a0takip belgesi sayfas\u0131ndan rahatl\u0131kla i\u015flemlerini yapabilmektedir.\u00a0Gana vizesi\u00a0takip belgelerinin eksiksiz ve do\u011fru bir \u015fekilde doldurulmas\u0131 olduk\u00e7a \u00f6nemli hususlardan biridir. \u00d6zellikle\u00a0Gana vize\u00a0i\u015flem takip belgesi, \u0130ngilizce olarak doldurulmal\u0131d\u0131r. \u0130ngilizce olarak doldurulmayan belgeler, Gana Konsoloslu\u011fu<\/p>\n","protected":false},"author":1,"featured_media":0,"parent":169,"menu_order":0,"comment_status":"closed","ping_status":"closed","template":"","meta":{"footnotes":""},"class_list":["post-182","page","type-page","status-publish","hentry"],"yoast_head":"<!-- This site is optimized with the Yoast SEO plugin v24.0 - https:\/\/yoast.com\/wordpress\/plugins\/seo\/ -->\n<title>Gana Vize Takip Belgesi - Gana Vize \u0130\u015flemleri - MyVize<\/title>\n<meta name=\"description\" content=\"Gana vize takip belgesi ile online olarak takibini yapabilirsiniz. Takip edebilmeniz i\u00e7in gerekli olan alanlar\u0131 doldurman\u0131z gerekmektedir.\" \/>\n<meta name=\"robots\" content=\"index, follow, max-snippet:-1, max-image-preview:large, max-video-preview:-1\" \/>\n<link rel=\"canonical\" href=\"https:\/\/www.myvize.com.tr\/gana\/form-ve-dilekce\/vize-islem-takip-belgesi\/\" \/>\n<meta property=\"og:locale\" content=\"tr_TR\" \/>\n<meta property=\"og:type\" content=\"article\" \/>\n<meta property=\"og:title\" content=\"Gana Vize Takip Belgesi - Gana Vize \u0130\u015flemleri - MyVize\" \/>\n<meta property=\"og:description\" content=\"Gana vize takip belgesi ile online olarak takibini yapabilirsiniz. Takip edebilmeniz i\u00e7in gerekli olan alanlar\u0131 doldurman\u0131z gerekmektedir.\" \/>\n<meta property=\"og:url\" content=\"https:\/\/www.myvize.com.tr\/gana\/form-ve-dilekce\/vize-islem-takip-belgesi\/\" \/>\n<meta property=\"og:site_name\" content=\"Gana Vizesi\" \/>\n<meta property=\"article:modified_time\" content=\"2022-05-07T10:57:41+00:00\" \/>\n<meta name=\"twitter:card\" content=\"summary_large_image\" \/>\n<meta name=\"twitter:label1\" content=\"Tahmini okuma s\u00fcresi\" \/>\n\t<meta name=\"twitter:data1\" content=\"1 dakika\" \/>\n<script type=\"application\/ld+json\" class=\"yoast-schema-graph\">{\"@context\":\"https:\/\/schema.org\",\"@graph\":[{\"@type\":\"WebPage\",\"@id\":\"https:\/\/www.myvize.com.tr\/gana\/form-ve-dilekce\/vize-islem-takip-belgesi\/\",\"url\":\"https:\/\/www.myvize.com.tr\/gana\/form-ve-dilekce\/vize-islem-takip-belgesi\/\",\"name\":\"Gana Vize Takip Belgesi - Gana Vize \u0130\u015flemleri - MyVize\",\"isPartOf\":{\"@id\":\"https:\/\/www.myvize.com.tr\/gana\/#website\"},\"datePublished\":\"2020-12-29T13:17:20+00:00\",\"dateModified\":\"2022-05-07T10:57:41+00:00\",\"description\":\"Gana vize takip belgesi ile online olarak takibini yapabilirsiniz. Takip edebilmeniz i\u00e7in gerekli olan alanlar\u0131 doldurman\u0131z gerekmektedir.\",\"breadcrumb\":{\"@id\":\"https:\/\/www.myvize.com.tr\/gana\/form-ve-dilekce\/vize-islem-takip-belgesi\/#breadcrumb\"},\"inLanguage\":\"tr\",\"potentialAction\":[{\"@type\":\"ReadAction\",\"target\":[\"https:\/\/www.myvize.com.tr\/gana\/form-ve-dilekce\/vize-islem-takip-belgesi\/\"]}]},{\"@type\":\"BreadcrumbList\",\"@id\":\"https:\/\/www.myvize.com.tr\/gana\/form-ve-dilekce\/vize-islem-takip-belgesi\/#breadcrumb\",\"itemListElement\":[{\"@type\":\"ListItem\",\"position\":1,\"name\":\"Anasayfa\",\"item\":\"https:\/\/www.myvize.com.tr\/gana\/\"},{\"@type\":\"ListItem\",\"position\":2,\"name\":\"FORM VE D\u0130LEK\u00c7E\",\"item\":\"https:\/\/www.myvize.com.tr\/gana\/form-ve-dilekce\/\"},{\"@type\":\"ListItem\",\"position\":3,\"name\":\"Gana Vize \u0130\u015flem Takip Belgesi\"}]},{\"@type\":\"WebSite\",\"@id\":\"https:\/\/www.myvize.com.tr\/gana\/#website\",\"url\":\"https:\/\/www.myvize.com.tr\/gana\/\",\"name\":\"Gana Vizesi\",\"description\":\"\",\"potentialAction\":[{\"@type\":\"SearchAction\",\"target\":{\"@type\":\"EntryPoint\",\"urlTemplate\":\"https:\/\/www.myvize.com.tr\/gana\/?s={search_term_string}\"},\"query-input\":{\"@type\":\"PropertyValueSpecification\",\"valueRequired\":true,\"valueName\":\"search_term_string\"}}],\"inLanguage\":\"tr\"}]}<\/script>\n<!-- \/ Yoast SEO plugin. -->","yoast_head_json":{"title":"Gana Vize Takip Belgesi - Gana Vize \u0130\u015flemleri - MyVize","description":"Gana vize takip belgesi ile online olarak takibini yapabilirsiniz. Takip edebilmeniz i\u00e7in gerekli olan alanlar\u0131 doldurman\u0131z gerekmektedir.","robots":{"index":"index","follow":"follow","max-snippet":"max-snippet:-1","max-image-preview":"max-image-preview:large","max-video-preview":"max-video-preview:-1"},"canonical":"https:\/\/www.myvize.com.tr\/gana\/form-ve-dilekce\/vize-islem-takip-belgesi\/","og_locale":"tr_TR","og_type":"article","og_title":"Gana Vize Takip Belgesi - Gana Vize \u0130\u015flemleri - MyVize","og_description":"Gana vize takip belgesi ile online olarak takibini yapabilirsiniz. Takip edebilmeniz i\u00e7in gerekli olan alanlar\u0131 doldurman\u0131z gerekmektedir.","og_url":"https:\/\/www.myvize.com.tr\/gana\/form-ve-dilekce\/vize-islem-takip-belgesi\/","og_site_name":"Gana Vizesi","article_modified_time":"2022-05-07T10:57:41+00:00","twitter_card":"summary_large_image","twitter_misc":{"Tahmini okuma s\u00fcresi":"1 dakika"},"schema":{"@context":"https:\/\/schema.org","@graph":[{"@type":"WebPage","@id":"https:\/\/www.myvize.com.tr\/gana\/form-ve-dilekce\/vize-islem-takip-belgesi\/","url":"https:\/\/www.myvize.com.tr\/gana\/form-ve-dilekce\/vize-islem-takip-belgesi\/","name":"Gana Vize Takip Belgesi - Gana Vize \u0130\u015flemleri - MyVize","isPartOf":{"@id":"https:\/\/www.myvize.com.tr\/gana\/#website"},"datePublished":"2020-12-29T13:17:20+00:00","dateModified":"2022-05-07T10:57:41+00:00","description":"Gana vize takip belgesi ile online olarak takibini yapabilirsiniz. Takip edebilmeniz i\u00e7in gerekli olan alanlar\u0131 doldurman\u0131z gerekmektedir.","breadcrumb":{"@id":"https:\/\/www.myvize.com.tr\/gana\/form-ve-dilekce\/vize-islem-takip-belgesi\/#breadcrumb"},"inLanguage":"tr","potentialAction":[{"@type":"ReadAction","target":["https:\/\/www.myvize.com.tr\/gana\/form-ve-dilekce\/vize-islem-takip-belgesi\/"]}]},{"@type":"BreadcrumbList","@id":"https:\/\/www.myvize.com.tr\/gana\/form-ve-dilekce\/vize-islem-takip-belgesi\/#breadcrumb","itemListElement":[{"@type":"ListItem","position":1,"name":"Anasayfa","item":"https:\/\/www.myvize.com.tr\/gana\/"},{"@type":"ListItem","position":2,"name":"FORM VE D\u0130LEK\u00c7E","item":"https:\/\/www.myvize.com.tr\/gana\/form-ve-dilekce\/"},{"@type":"ListItem","position":3,"name":"Gana Vize \u0130\u015flem Takip Belgesi"}]},{"@type":"WebSite","@id":"https:\/\/www.myvize.com.tr\/gana\/#website","url":"https:\/\/www.myvize.com.tr\/gana\/","name":"Gana Vizesi","description":"","potentialAction":[{"@type":"SearchAction","target":{"@type":"EntryPoint","urlTemplate":"https:\/\/www.myvize.com.tr\/gana\/?s={search_term_string}"},"query-input":{"@type":"PropertyValueSpecification","valueRequired":true,"valueName":"search_term_string"}}],"inLanguage":"tr"}]}},"_links":{"self":[{"href":"https:\/\/www.myvize.com.tr\/gana\/wp-json\/wp\/v2\/pages\/182","targetHints":{"allow":["GET"]}}],"collection":[{"href":"https:\/\/www.myvize.com.tr\/gana\/wp-json\/wp\/v2\/pages"}],"about":[{"href":"https:\/\/www.myvize.com.tr\/gana\/wp-json\/wp\/v2\/types\/page"}],"author":[{"embeddable":true,"href":"https:\/\/www.myvize.com.tr\/gana\/wp-json\/wp\/v2\/users\/1"}],"replies":[{"embeddable":true,"href":"https:\/\/www.myvize.com.tr\/gana\/wp-json\/wp\/v2\/comments?post=182"}],"version-history":[{"count":6,"href":"https:\/\/www.myvize.com.tr\/gana\/wp-json\/wp\/v2\/pages\/182\/revisions"}],"predecessor-version":[{"id":705,"href":"https:\/\/www.myvize.com.tr\/gana\/wp-json\/wp\/v2\/pages\/182\/revisions\/705"}],"up":[{"embeddable":true,"href":"https:\/\/www.myvize.com.tr\/gana\/wp-json\/wp\/v2\/pages\/169"}],"wp:attachment":[{"href":"https:\/\/www.myvize.com.tr\/gana\/wp-json\/wp\/v2\/media?parent=182"}],"curies":[{"name":"wp","href":"https:\/\/api.w.org\/{rel}","templated":true}]}}