{"id":192,"date":"2020-12-29T16:19:04","date_gmt":"2020-12-29T13:19:04","guid":{"rendered":"https:\/\/www.myvize.com.tr\/gana\/?page_id=192"},"modified":"2022-05-07T14:28:42","modified_gmt":"2022-05-07T11:28:42","slug":"gaziantep","status":"publish","type":"page","link":"https:\/\/www.myvize.com.tr\/gana\/subelerimiz\/gaziantep\/","title":{"rendered":"Gaziantep"},"content":{"rendered":"<h2><span style=\"font-family: Roboto; font-size: 27px;\"><strong>Gana Vize Ba\u015fvuru Merkezi, Gaziantep<\/strong><\/span><\/h2>\n<p><span style=\"font-family: Roboto; font-size: 14px;\">Gaziantep <span style=\"color: #2acec2;\"><strong><a style=\"color: #2acec2;\" href=\"https:\/\/www.myvize.com.tr\/gana\/gana-vize-basvurusu\/\" target=\"_blank\" rel=\"noopener\">Gana vize ba\u015fvurusu<\/a><\/strong><\/span> i\u015flemleri i\u00e7in gerekli olan b\u00fct\u00fcn deste\u011fi sa\u011flamaktad\u0131r. E\u011fer <span style=\"color: #2acec2;\"><strong><a style=\"color: #2acec2;\" href=\"https:\/\/www.myvize.com.tr\/gana\/vize-islemleri\/\" target=\"_blank\" rel=\"noopener\">vize i\u015flemleri<\/a><\/strong><\/span> i\u00e7in yard\u0131m isterseniz o zaman destek istemeniz yeterlidir. \u00c7\u00fcnk\u00fc haz\u0131rlanmas\u0131 gereken bir \u00e7ok evrak bulunur. Bu evraklar \u00f6ncelikle ba\u015fvuru formu olur. Daha sonra ise pasaportun 10 y\u0131ldan az s\u00fcreli olmas\u0131 ve d\u00f6n\u00fc\u015f tarihi itibariyle 6 ay daha ge\u00e7erlili\u011finin olmas\u0131 gerekir. \u00dcstelik i\u00e7inde hi\u00e7 kullan\u0131lmam\u0131\u015f 2 adet bo\u015f sayfan\u0131n da yer almas\u0131 gerekir. Ki\u015finin vize dilek\u00e7esinin de olmas\u0131 gerekir. Ayn\u0131 zamanda k\u0131sa bir s\u00fcre \u00f6nce \u00e7ekilmi\u015f olan 2 adet biyometrik foto\u011fraf gerekir. <strong>Parmak izi uygulamas\u0131<\/strong> bulunmaz. Bu nedenle parmak izine ihtiya\u00e7 yoktur. <strong>Otel rezervasyonu<\/strong> ve<strong> u\u00e7ak bileti<\/strong> de haz\u0131r olmal\u0131d\u0131r. Seyahat sa\u011fl\u0131k sigortas\u0131 gerekli olan b\u00fct\u00fcn durumlar\u0131 kapsamas\u0131 gerekir. Ki\u015finin mesle\u011fi ile ilgili evraklar\u0131 ve m\u00fclk kay\u0131tlar\u0131 gerekir. Ayn\u0131 zamanda ki\u015finin a\u015f\u0131 vuruldu\u011funu g\u00f6steren a\u015f\u0131 kart\u0131nda yan\u0131nda olmas\u0131 gerekir. Aksi halde ne yaz\u0131k ki vize alma ihtimali olmaz. Ki\u015finin seyahat etmek i\u00e7in yeterli bir b\u00fct\u00e7eye de sahip olmas\u0131 gerekir.<\/span><\/p>\n<p>&nbsp;<\/p>\n","protected":false},"excerpt":{"rendered":"<p>Gana Vize Ba\u015fvuru Merkezi, Gaziantep Gaziantep Gana vize ba\u015fvurusu i\u015flemleri i\u00e7in gerekli olan b\u00fct\u00fcn deste\u011fi sa\u011flamaktad\u0131r. E\u011fer vize i\u015flemleri i\u00e7in yard\u0131m isterseniz o zaman destek istemeniz yeterlidir. \u00c7\u00fcnk\u00fc haz\u0131rlanmas\u0131 gereken bir \u00e7ok evrak bulunur. Bu evraklar \u00f6ncelikle ba\u015fvuru formu olur. Daha sonra ise pasaportun 10 y\u0131ldan az s\u00fcreli olmas\u0131 ve d\u00f6n\u00fc\u015f tarihi itibariyle 6 ay<\/p>\n","protected":false},"author":1,"featured_media":0,"parent":175,"menu_order":0,"comment_status":"open","ping_status":"closed","template":"","meta":{"footnotes":""},"class_list":["post-192","page","type-page","status-publish","hentry"],"yoast_head":"<!-- This site is optimized with the Yoast SEO plugin v24.0 - https:\/\/yoast.com\/wordpress\/plugins\/seo\/ -->\n<title>Gana Vize Ba\u015fvuru Merkezimiz Gaziantep - MyVize<\/title>\n<meta name=\"description\" content=\"Gana Vizesi Gaziantep Vize Ba\u015fvuru Merkezi. Gana Vizesi Nas\u0131l Al\u0131n\u0131r? Ba\u015fvuru Yapmak \u0130\u00e7in Gaziantep \u015eubemizi Aray\u0131n: 0850 346 84 93\" \/>\n<meta name=\"robots\" content=\"index, follow, max-snippet:-1, max-image-preview:large, max-video-preview:-1\" \/>\n<link rel=\"canonical\" href=\"https:\/\/www.myvize.com.tr\/gana\/subelerimiz\/gaziantep\/\" \/>\n<meta property=\"og:locale\" content=\"tr_TR\" \/>\n<meta property=\"og:type\" content=\"article\" \/>\n<meta property=\"og:title\" content=\"Gana Vize Ba\u015fvuru Merkezimiz Gaziantep - MyVize\" \/>\n<meta property=\"og:description\" content=\"Gana Vizesi Gaziantep Vize Ba\u015fvuru Merkezi. Gana Vizesi Nas\u0131l Al\u0131n\u0131r? Ba\u015fvuru Yapmak \u0130\u00e7in Gaziantep \u015eubemizi Aray\u0131n: 0850 346 84 93\" \/>\n<meta property=\"og:url\" content=\"https:\/\/www.myvize.com.tr\/gana\/subelerimiz\/gaziantep\/\" \/>\n<meta property=\"og:site_name\" content=\"Gana Vizesi\" \/>\n<meta property=\"article:modified_time\" content=\"2022-05-07T11:28:42+00:00\" \/>\n<meta name=\"twitter:card\" content=\"summary_large_image\" \/>\n<meta name=\"twitter:label1\" content=\"Tahmini okuma s\u00fcresi\" \/>\n\t<meta name=\"twitter:data1\" content=\"1 dakika\" \/>\n<script type=\"application\/ld+json\" class=\"yoast-schema-graph\">{\"@context\":\"https:\/\/schema.org\",\"@graph\":[{\"@type\":\"WebPage\",\"@id\":\"https:\/\/www.myvize.com.tr\/gana\/subelerimiz\/gaziantep\/\",\"url\":\"https:\/\/www.myvize.com.tr\/gana\/subelerimiz\/gaziantep\/\",\"name\":\"Gana Vize Ba\u015fvuru Merkezimiz Gaziantep - MyVize\",\"isPartOf\":{\"@id\":\"https:\/\/www.myvize.com.tr\/gana\/#website\"},\"datePublished\":\"2020-12-29T13:19:04+00:00\",\"dateModified\":\"2022-05-07T11:28:42+00:00\",\"description\":\"Gana Vizesi Gaziantep Vize Ba\u015fvuru Merkezi. Gana Vizesi Nas\u0131l Al\u0131n\u0131r? Ba\u015fvuru Yapmak \u0130\u00e7in Gaziantep \u015eubemizi Aray\u0131n: 0850 346 84 93\",\"breadcrumb\":{\"@id\":\"https:\/\/www.myvize.com.tr\/gana\/subelerimiz\/gaziantep\/#breadcrumb\"},\"inLanguage\":\"tr\",\"potentialAction\":[{\"@type\":\"ReadAction\",\"target\":[\"https:\/\/www.myvize.com.tr\/gana\/subelerimiz\/gaziantep\/\"]}]},{\"@type\":\"BreadcrumbList\",\"@id\":\"https:\/\/www.myvize.com.tr\/gana\/subelerimiz\/gaziantep\/#breadcrumb\",\"itemListElement\":[{\"@type\":\"ListItem\",\"position\":1,\"name\":\"Anasayfa\",\"item\":\"https:\/\/www.myvize.com.tr\/gana\/\"},{\"@type\":\"ListItem\",\"position\":2,\"name\":\"\u015eUBELER\u0130M\u0130Z\",\"item\":\"https:\/\/www.myvize.com.tr\/gana\/subelerimiz\/\"},{\"@type\":\"ListItem\",\"position\":3,\"name\":\"Gaziantep\"}]},{\"@type\":\"WebSite\",\"@id\":\"https:\/\/www.myvize.com.tr\/gana\/#website\",\"url\":\"https:\/\/www.myvize.com.tr\/gana\/\",\"name\":\"Gana Vizesi\",\"description\":\"\",\"potentialAction\":[{\"@type\":\"SearchAction\",\"target\":{\"@type\":\"EntryPoint\",\"urlTemplate\":\"https:\/\/www.myvize.com.tr\/gana\/?s={search_term_string}\"},\"query-input\":{\"@type\":\"PropertyValueSpecification\",\"valueRequired\":true,\"valueName\":\"search_term_string\"}}],\"inLanguage\":\"tr\"}]}<\/script>\n<!-- \/ Yoast SEO plugin. -->","yoast_head_json":{"title":"Gana Vize Ba\u015fvuru Merkezimiz Gaziantep - MyVize","description":"Gana Vizesi Gaziantep Vize Ba\u015fvuru Merkezi. Gana Vizesi Nas\u0131l Al\u0131n\u0131r? Ba\u015fvuru Yapmak \u0130\u00e7in Gaziantep \u015eubemizi Aray\u0131n: 0850 346 84 93","robots":{"index":"index","follow":"follow","max-snippet":"max-snippet:-1","max-image-preview":"max-image-preview:large","max-video-preview":"max-video-preview:-1"},"canonical":"https:\/\/www.myvize.com.tr\/gana\/subelerimiz\/gaziantep\/","og_locale":"tr_TR","og_type":"article","og_title":"Gana Vize Ba\u015fvuru Merkezimiz Gaziantep - MyVize","og_description":"Gana Vizesi Gaziantep Vize Ba\u015fvuru Merkezi. Gana Vizesi Nas\u0131l Al\u0131n\u0131r? Ba\u015fvuru Yapmak \u0130\u00e7in Gaziantep \u015eubemizi Aray\u0131n: 0850 346 84 93","og_url":"https:\/\/www.myvize.com.tr\/gana\/subelerimiz\/gaziantep\/","og_site_name":"Gana Vizesi","article_modified_time":"2022-05-07T11:28:42+00:00","twitter_card":"summary_large_image","twitter_misc":{"Tahmini okuma s\u00fcresi":"1 dakika"},"schema":{"@context":"https:\/\/schema.org","@graph":[{"@type":"WebPage","@id":"https:\/\/www.myvize.com.tr\/gana\/subelerimiz\/gaziantep\/","url":"https:\/\/www.myvize.com.tr\/gana\/subelerimiz\/gaziantep\/","name":"Gana Vize Ba\u015fvuru Merkezimiz Gaziantep - MyVize","isPartOf":{"@id":"https:\/\/www.myvize.com.tr\/gana\/#website"},"datePublished":"2020-12-29T13:19:04+00:00","dateModified":"2022-05-07T11:28:42+00:00","description":"Gana Vizesi Gaziantep Vize Ba\u015fvuru Merkezi. Gana Vizesi Nas\u0131l Al\u0131n\u0131r? Ba\u015fvuru Yapmak \u0130\u00e7in Gaziantep \u015eubemizi Aray\u0131n: 0850 346 84 93","breadcrumb":{"@id":"https:\/\/www.myvize.com.tr\/gana\/subelerimiz\/gaziantep\/#breadcrumb"},"inLanguage":"tr","potentialAction":[{"@type":"ReadAction","target":["https:\/\/www.myvize.com.tr\/gana\/subelerimiz\/gaziantep\/"]}]},{"@type":"BreadcrumbList","@id":"https:\/\/www.myvize.com.tr\/gana\/subelerimiz\/gaziantep\/#breadcrumb","itemListElement":[{"@type":"ListItem","position":1,"name":"Anasayfa","item":"https:\/\/www.myvize.com.tr\/gana\/"},{"@type":"ListItem","position":2,"name":"\u015eUBELER\u0130M\u0130Z","item":"https:\/\/www.myvize.com.tr\/gana\/subelerimiz\/"},{"@type":"ListItem","position":3,"name":"Gaziantep"}]},{"@type":"WebSite","@id":"https:\/\/www.myvize.com.tr\/gana\/#website","url":"https:\/\/www.myvize.com.tr\/gana\/","name":"Gana Vizesi","description":"","potentialAction":[{"@type":"SearchAction","target":{"@type":"EntryPoint","urlTemplate":"https:\/\/www.myvize.com.tr\/gana\/?s={search_term_string}"},"query-input":{"@type":"PropertyValueSpecification","valueRequired":true,"valueName":"search_term_string"}}],"inLanguage":"tr"}]}},"_links":{"self":[{"href":"https:\/\/www.myvize.com.tr\/gana\/wp-json\/wp\/v2\/pages\/192","targetHints":{"allow":["GET"]}}],"collection":[{"href":"https:\/\/www.myvize.com.tr\/gana\/wp-json\/wp\/v2\/pages"}],"about":[{"href":"https:\/\/www.myvize.com.tr\/gana\/wp-json\/wp\/v2\/types\/page"}],"author":[{"embeddable":true,"href":"https:\/\/www.myvize.com.tr\/gana\/wp-json\/wp\/v2\/users\/1"}],"replies":[{"embeddable":true,"href":"https:\/\/www.myvize.com.tr\/gana\/wp-json\/wp\/v2\/comments?post=192"}],"version-history":[{"count":5,"href":"https:\/\/www.myvize.com.tr\/gana\/wp-json\/wp\/v2\/pages\/192\/revisions"}],"predecessor-version":[{"id":730,"href":"https:\/\/www.myvize.com.tr\/gana\/wp-json\/wp\/v2\/pages\/192\/revisions\/730"}],"up":[{"embeddable":true,"href":"https:\/\/www.myvize.com.tr\/gana\/wp-json\/wp\/v2\/pages\/175"}],"wp:attachment":[{"href":"https:\/\/www.myvize.com.tr\/gana\/wp-json\/wp\/v2\/media?parent=192"}],"curies":[{"name":"wp","href":"https:\/\/api.w.org\/{rel}","templated":true}]}}