{"id":194,"date":"2020-12-29T16:19:20","date_gmt":"2020-12-29T13:19:20","guid":{"rendered":"https:\/\/www.myvize.com.tr\/gana\/?page_id=194"},"modified":"2022-05-07T14:20:14","modified_gmt":"2022-05-07T11:20:14","slug":"antalya","status":"publish","type":"page","link":"https:\/\/www.myvize.com.tr\/gana\/subelerimiz\/antalya\/","title":{"rendered":"Antalya"},"content":{"rendered":"<h2><span style=\"font-family: Roboto; font-size: 27px;\"><strong>Gana Vize Ba\u015fvuru Merkezi, Antalya<\/strong><\/span><\/h2>\n<p><span style=\"font-family: Roboto; font-size: 14px;\">Antalya <span style=\"color: #2acec2;\"><strong><a style=\"color: #2acec2;\" href=\"https:\/\/www.myvize.com.tr\/gana\/gana-vize-basvurusu\/\" target=\"_blank\" rel=\"noopener\">Gana vize ba\u015fvurusu<\/a><\/strong><\/span>\u00a0i\u015flemleri i\u00e7in gerekli olan evraklar\u0131n haz\u0131rlanma i\u015flemleri olduk\u00e7a zor bir s\u00fcre\u00e7tir. Bu nedenle de profesyonel ki\u015filerden yard\u0131m almak \u00e7ok daha do\u011fru bir i\u015flem olur. Ba\u015fvuru i\u015flemlerinin bire bir yap\u0131labildi\u011fi gibi ayn\u0131 zamanda kargoya verilerek de i\u015flemlerin tamamlanmas\u0131 m\u00fcmk\u00fcn olur. Ama \u00f6ncelikle hangi <strong>vize i\u015flemlerinin<\/strong> yap\u0131laca\u011f\u0131na karar verilmelidir. Aksi halde haz\u0131rlanan belgelerde vize de herhangi bir ge\u00e7erlilik olmaz. Bu nedenle \u00f6ncelikle bu konuda bir karar verilmelidir. Ard\u0131ndan da<strong> ba\u015fvuru formu<\/strong> doldurulmal\u0131d\u0131r. Ancak form doldurma i\u015flemi s\u0131ras\u0131nda olduk\u00e7a dikkatli davran\u0131lmal\u0131d\u0131r. \u00c7\u00fcnk\u00fc formun yanl\u0131\u015f doldurulmas\u0131 vizenin ge\u00e7ersiz olmas\u0131na neden olur. Form i\u00e7erisinde yaz\u0131l\u0131 olan bilgilerin hepsi do\u011fru ve ayn\u0131 zamanda eksiksiz olarak doldurulmal\u0131d\u0131r. Ayn\u0131 zamanda form mavi t\u00fckenmez kalem ile doldurulmal\u0131d\u0131r. B\u00fcy\u00fck harflerle ve okunabilir bir \u015fekilde olmal\u0131d\u0131r. \u00c7\u00fcnk\u00fc bu belge resmi bir belgedir ve herhangi bir yanl\u0131\u015f yap\u0131lmas\u0131 durumunda vizenin verilmemesine ve sizin tekrardan u\u011fra\u015fman\u0131za neden olur. Form i\u015fleminin yan\u0131 s\u0131ra konsolosluk har\u00e7 bedelinin de yat\u0131r\u0131lmas\u0131 gerekir. Ancak vizenin verilmemesi durumunda bu \u00fccret geri iade edilmez.<\/span><\/p>\n","protected":false},"excerpt":{"rendered":"<p>Gana Vize Ba\u015fvuru Merkezi, Antalya Antalya Gana vize ba\u015fvurusu\u00a0i\u015flemleri i\u00e7in gerekli olan evraklar\u0131n haz\u0131rlanma i\u015flemleri olduk\u00e7a zor bir s\u00fcre\u00e7tir. Bu nedenle de profesyonel ki\u015filerden yard\u0131m almak \u00e7ok daha do\u011fru bir i\u015flem olur. Ba\u015fvuru i\u015flemlerinin bire bir yap\u0131labildi\u011fi gibi ayn\u0131 zamanda kargoya verilerek de i\u015flemlerin tamamlanmas\u0131 m\u00fcmk\u00fcn olur. Ama \u00f6ncelikle hangi vize i\u015flemlerinin yap\u0131laca\u011f\u0131na karar verilmelidir.<\/p>\n","protected":false},"author":1,"featured_media":0,"parent":175,"menu_order":0,"comment_status":"open","ping_status":"closed","template":"","meta":{"footnotes":""},"class_list":["post-194","page","type-page","status-publish","hentry"],"yoast_head":"<!-- This site is optimized with the Yoast SEO plugin v24.0 - https:\/\/yoast.com\/wordpress\/plugins\/seo\/ -->\n<title>Gana Vizesi Antalya Vize Ba\u015fvuru Merkezi - MyVize<\/title>\n<meta name=\"description\" content=\"Gana Vizesi Antalya Vize Ba\u015fvuru Merkezi. Gana Vizesi Nas\u0131l Al\u0131n\u0131r? Ba\u015fvuru Yapmak \u0130\u00e7in Antalya \u015eubemizi Aray\u0131n: 0850 346 84 93\" \/>\n<meta name=\"robots\" content=\"index, follow, max-snippet:-1, max-image-preview:large, max-video-preview:-1\" \/>\n<link rel=\"canonical\" href=\"https:\/\/www.myvize.com.tr\/gana\/subelerimiz\/antalya\/\" \/>\n<meta property=\"og:locale\" content=\"tr_TR\" \/>\n<meta property=\"og:type\" content=\"article\" \/>\n<meta property=\"og:title\" content=\"Gana Vizesi Antalya Vize Ba\u015fvuru Merkezi - MyVize\" \/>\n<meta property=\"og:description\" content=\"Gana Vizesi Antalya Vize Ba\u015fvuru Merkezi. Gana Vizesi Nas\u0131l Al\u0131n\u0131r? Ba\u015fvuru Yapmak \u0130\u00e7in Antalya \u015eubemizi Aray\u0131n: 0850 346 84 93\" \/>\n<meta property=\"og:url\" content=\"https:\/\/www.myvize.com.tr\/gana\/subelerimiz\/antalya\/\" \/>\n<meta property=\"og:site_name\" content=\"Gana Vizesi\" \/>\n<meta property=\"article:modified_time\" content=\"2022-05-07T11:20:14+00:00\" \/>\n<meta name=\"twitter:card\" content=\"summary_large_image\" \/>\n<meta name=\"twitter:label1\" content=\"Tahmini okuma s\u00fcresi\" \/>\n\t<meta name=\"twitter:data1\" content=\"1 dakika\" \/>\n<script type=\"application\/ld+json\" class=\"yoast-schema-graph\">{\"@context\":\"https:\/\/schema.org\",\"@graph\":[{\"@type\":\"WebPage\",\"@id\":\"https:\/\/www.myvize.com.tr\/gana\/subelerimiz\/antalya\/\",\"url\":\"https:\/\/www.myvize.com.tr\/gana\/subelerimiz\/antalya\/\",\"name\":\"Gana Vizesi Antalya Vize Ba\u015fvuru Merkezi - MyVize\",\"isPartOf\":{\"@id\":\"https:\/\/www.myvize.com.tr\/gana\/#website\"},\"datePublished\":\"2020-12-29T13:19:20+00:00\",\"dateModified\":\"2022-05-07T11:20:14+00:00\",\"description\":\"Gana Vizesi Antalya Vize Ba\u015fvuru Merkezi. Gana Vizesi Nas\u0131l Al\u0131n\u0131r? Ba\u015fvuru Yapmak \u0130\u00e7in Antalya \u015eubemizi Aray\u0131n: 0850 346 84 93\",\"breadcrumb\":{\"@id\":\"https:\/\/www.myvize.com.tr\/gana\/subelerimiz\/antalya\/#breadcrumb\"},\"inLanguage\":\"tr\",\"potentialAction\":[{\"@type\":\"ReadAction\",\"target\":[\"https:\/\/www.myvize.com.tr\/gana\/subelerimiz\/antalya\/\"]}]},{\"@type\":\"BreadcrumbList\",\"@id\":\"https:\/\/www.myvize.com.tr\/gana\/subelerimiz\/antalya\/#breadcrumb\",\"itemListElement\":[{\"@type\":\"ListItem\",\"position\":1,\"name\":\"Anasayfa\",\"item\":\"https:\/\/www.myvize.com.tr\/gana\/\"},{\"@type\":\"ListItem\",\"position\":2,\"name\":\"\u015eUBELER\u0130M\u0130Z\",\"item\":\"https:\/\/www.myvize.com.tr\/gana\/subelerimiz\/\"},{\"@type\":\"ListItem\",\"position\":3,\"name\":\"Antalya\"}]},{\"@type\":\"WebSite\",\"@id\":\"https:\/\/www.myvize.com.tr\/gana\/#website\",\"url\":\"https:\/\/www.myvize.com.tr\/gana\/\",\"name\":\"Gana Vizesi\",\"description\":\"\",\"potentialAction\":[{\"@type\":\"SearchAction\",\"target\":{\"@type\":\"EntryPoint\",\"urlTemplate\":\"https:\/\/www.myvize.com.tr\/gana\/?s={search_term_string}\"},\"query-input\":{\"@type\":\"PropertyValueSpecification\",\"valueRequired\":true,\"valueName\":\"search_term_string\"}}],\"inLanguage\":\"tr\"}]}<\/script>\n<!-- \/ Yoast SEO plugin. -->","yoast_head_json":{"title":"Gana Vizesi Antalya Vize Ba\u015fvuru Merkezi - MyVize","description":"Gana Vizesi Antalya Vize Ba\u015fvuru Merkezi. Gana Vizesi Nas\u0131l Al\u0131n\u0131r? Ba\u015fvuru Yapmak \u0130\u00e7in Antalya \u015eubemizi Aray\u0131n: 0850 346 84 93","robots":{"index":"index","follow":"follow","max-snippet":"max-snippet:-1","max-image-preview":"max-image-preview:large","max-video-preview":"max-video-preview:-1"},"canonical":"https:\/\/www.myvize.com.tr\/gana\/subelerimiz\/antalya\/","og_locale":"tr_TR","og_type":"article","og_title":"Gana Vizesi Antalya Vize Ba\u015fvuru Merkezi - MyVize","og_description":"Gana Vizesi Antalya Vize Ba\u015fvuru Merkezi. Gana Vizesi Nas\u0131l Al\u0131n\u0131r? Ba\u015fvuru Yapmak \u0130\u00e7in Antalya \u015eubemizi Aray\u0131n: 0850 346 84 93","og_url":"https:\/\/www.myvize.com.tr\/gana\/subelerimiz\/antalya\/","og_site_name":"Gana Vizesi","article_modified_time":"2022-05-07T11:20:14+00:00","twitter_card":"summary_large_image","twitter_misc":{"Tahmini okuma s\u00fcresi":"1 dakika"},"schema":{"@context":"https:\/\/schema.org","@graph":[{"@type":"WebPage","@id":"https:\/\/www.myvize.com.tr\/gana\/subelerimiz\/antalya\/","url":"https:\/\/www.myvize.com.tr\/gana\/subelerimiz\/antalya\/","name":"Gana Vizesi Antalya Vize Ba\u015fvuru Merkezi - MyVize","isPartOf":{"@id":"https:\/\/www.myvize.com.tr\/gana\/#website"},"datePublished":"2020-12-29T13:19:20+00:00","dateModified":"2022-05-07T11:20:14+00:00","description":"Gana Vizesi Antalya Vize Ba\u015fvuru Merkezi. Gana Vizesi Nas\u0131l Al\u0131n\u0131r? Ba\u015fvuru Yapmak \u0130\u00e7in Antalya \u015eubemizi Aray\u0131n: 0850 346 84 93","breadcrumb":{"@id":"https:\/\/www.myvize.com.tr\/gana\/subelerimiz\/antalya\/#breadcrumb"},"inLanguage":"tr","potentialAction":[{"@type":"ReadAction","target":["https:\/\/www.myvize.com.tr\/gana\/subelerimiz\/antalya\/"]}]},{"@type":"BreadcrumbList","@id":"https:\/\/www.myvize.com.tr\/gana\/subelerimiz\/antalya\/#breadcrumb","itemListElement":[{"@type":"ListItem","position":1,"name":"Anasayfa","item":"https:\/\/www.myvize.com.tr\/gana\/"},{"@type":"ListItem","position":2,"name":"\u015eUBELER\u0130M\u0130Z","item":"https:\/\/www.myvize.com.tr\/gana\/subelerimiz\/"},{"@type":"ListItem","position":3,"name":"Antalya"}]},{"@type":"WebSite","@id":"https:\/\/www.myvize.com.tr\/gana\/#website","url":"https:\/\/www.myvize.com.tr\/gana\/","name":"Gana Vizesi","description":"","potentialAction":[{"@type":"SearchAction","target":{"@type":"EntryPoint","urlTemplate":"https:\/\/www.myvize.com.tr\/gana\/?s={search_term_string}"},"query-input":{"@type":"PropertyValueSpecification","valueRequired":true,"valueName":"search_term_string"}}],"inLanguage":"tr"}]}},"_links":{"self":[{"href":"https:\/\/www.myvize.com.tr\/gana\/wp-json\/wp\/v2\/pages\/194","targetHints":{"allow":["GET"]}}],"collection":[{"href":"https:\/\/www.myvize.com.tr\/gana\/wp-json\/wp\/v2\/pages"}],"about":[{"href":"https:\/\/www.myvize.com.tr\/gana\/wp-json\/wp\/v2\/types\/page"}],"author":[{"embeddable":true,"href":"https:\/\/www.myvize.com.tr\/gana\/wp-json\/wp\/v2\/users\/1"}],"replies":[{"embeddable":true,"href":"https:\/\/www.myvize.com.tr\/gana\/wp-json\/wp\/v2\/comments?post=194"}],"version-history":[{"count":5,"href":"https:\/\/www.myvize.com.tr\/gana\/wp-json\/wp\/v2\/pages\/194\/revisions"}],"predecessor-version":[{"id":729,"href":"https:\/\/www.myvize.com.tr\/gana\/wp-json\/wp\/v2\/pages\/194\/revisions\/729"}],"up":[{"embeddable":true,"href":"https:\/\/www.myvize.com.tr\/gana\/wp-json\/wp\/v2\/pages\/175"}],"wp:attachment":[{"href":"https:\/\/www.myvize.com.tr\/gana\/wp-json\/wp\/v2\/media?parent=194"}],"curies":[{"name":"wp","href":"https:\/\/api.w.org\/{rel}","templated":true}]}}