{"id":196,"date":"2020-12-29T16:19:38","date_gmt":"2020-12-29T13:19:38","guid":{"rendered":"https:\/\/www.myvize.com.tr\/gana\/?page_id=196"},"modified":"2022-05-07T14:19:46","modified_gmt":"2022-05-07T11:19:46","slug":"izmir","status":"publish","type":"page","link":"https:\/\/www.myvize.com.tr\/gana\/subelerimiz\/izmir\/","title":{"rendered":"\u0130zmir"},"content":{"rendered":"<h2><span style=\"font-family: Roboto; font-size: 27px;\"><strong>Gana Vize Ba\u015fvuru Merkezi, \u0130zmir<\/strong><\/span><\/h2>\n<p><span style=\"font-family: Roboto; font-size: 14px;\"><strong>\u0130zmir Gana vize ba\u015fvurusu<\/strong>\u00a0i\u015flemleri yerine getirilir. Ayn\u0131 zaman da \u00e7evre \u015fehirlerden de ba\u015fvuru i\u015flemlerinin yerine getirilmesi m\u00fcmk\u00fcnd\u00fcr. <strong>Vizenin onaylanma<\/strong> i\u015fleminin ard\u0131ndan pasaport g\u00f6nderme i\u015flemi yerine getirilir. Vizenin bas\u0131l\u0131 oldu\u011fu sayfan\u0131n iyi bir \u015fekilde incelenmesi gerekir. Herhangi bir sorun ya da s\u0131k\u0131nt\u0131 olmas\u0131 halinde hemen d\u00fczeltme durumuna gidilebilmesi i\u00e7in. \u00c7\u00fcnk\u00fc kap\u0131da vize gibi bir durum s\u00f6z konusu de\u011fildir. Bu nedenle de dikkatli bir \u015fekilde inceleme yap\u0131lmal\u0131d\u0131r. Baz\u0131 zamanlarda yap\u0131lan hatalar\u0131n ge\u00e7 fark edilmesi nedeni ile b\u00fct\u00fcn seyahat bo\u015fa gitmi\u015f oluyor. Bu nedenle bu konuda olduk\u00e7a dikkatli davran\u0131lmal\u0131d\u0131r. Ayn\u0131 zamanda <strong>vize ba\u015fvuru i\u015flemini<\/strong> de seyahatten en az 15 g\u00fcn \u00f6nce yap\u0131lmas\u0131 gerekir. \u00c7\u00fcnk\u00fc yo\u011funlu\u011fun olmas\u0131 ya da resmi tatillere denk gelmesi durumunda i\u015flemlerin normalde oldu\u011fundan daha da uzun s\u00fcrme ihtimali vard\u0131r. Ancak bu s\u0131rada u\u00e7ak biletinin ve otel rezervasyonunun da tamamlanm\u0131\u015f olmas\u0131 gerekir. \u00c7\u00fcnk\u00fc bunlarda gerekli olan evraklar aras\u0131nda yer al\u0131r. Ayn\u0131 zaman da vizenin \u00e7\u0131kmas\u0131 i\u00e7inde gerekli olan bir durumdur.\u00a0<\/span><\/p>\n<p><span style=\"font-family: Roboto; font-size: 14px;\"><span style=\"color: #2acec2;\"><strong><a style=\"color: #2acec2;\" href=\"https:\/\/www.myvize.com.tr\/gana\/vize-islemleri\/gana-vize-basvuru-formu\/\" target=\"_blank\" rel=\"noopener\">Gana Vize Ba\u015fvuru Formu<\/a><\/strong><\/span> ile ilgili bilgi almak i\u00e7in bizi aray\u0131n.<\/span><\/p>\n","protected":false},"excerpt":{"rendered":"<p>Gana Vize Ba\u015fvuru Merkezi, \u0130zmir \u0130zmir Gana vize ba\u015fvurusu\u00a0i\u015flemleri yerine getirilir. Ayn\u0131 zaman da \u00e7evre \u015fehirlerden de ba\u015fvuru i\u015flemlerinin yerine getirilmesi m\u00fcmk\u00fcnd\u00fcr. Vizenin onaylanma i\u015fleminin ard\u0131ndan pasaport g\u00f6nderme i\u015flemi yerine getirilir. Vizenin bas\u0131l\u0131 oldu\u011fu sayfan\u0131n iyi bir \u015fekilde incelenmesi gerekir. Herhangi bir sorun ya da s\u0131k\u0131nt\u0131 olmas\u0131 halinde hemen d\u00fczeltme durumuna gidilebilmesi i\u00e7in. \u00c7\u00fcnk\u00fc kap\u0131da<\/p>\n","protected":false},"author":1,"featured_media":0,"parent":175,"menu_order":0,"comment_status":"open","ping_status":"closed","template":"","meta":{"footnotes":""},"class_list":["post-196","page","type-page","status-publish","hentry"],"yoast_head":"<!-- This site is optimized with the Yoast SEO plugin v24.0 - https:\/\/yoast.com\/wordpress\/plugins\/seo\/ -->\n<title>Gana Vizesi \u0130zmir Vize Ba\u015fvuru Merkezimiz - MyVize<\/title>\n<meta name=\"description\" content=\"Gana Vizesi \u0130zmir Vize Ba\u015fvuru Merkezi. Gana Vizesi Nas\u0131l Al\u0131n\u0131r? Ba\u015fvuru Yapmak \u0130\u00e7in \u0130zmir \u015eubemizi Aray\u0131n: 0850 346 84 93\" \/>\n<meta name=\"robots\" content=\"index, follow, max-snippet:-1, max-image-preview:large, max-video-preview:-1\" \/>\n<link rel=\"canonical\" href=\"https:\/\/www.myvize.com.tr\/gana\/subelerimiz\/izmir\/\" \/>\n<meta property=\"og:locale\" content=\"tr_TR\" \/>\n<meta property=\"og:type\" content=\"article\" \/>\n<meta property=\"og:title\" content=\"Gana Vizesi \u0130zmir Vize Ba\u015fvuru Merkezimiz - MyVize\" \/>\n<meta property=\"og:description\" content=\"Gana Vizesi \u0130zmir Vize Ba\u015fvuru Merkezi. Gana Vizesi Nas\u0131l Al\u0131n\u0131r? Ba\u015fvuru Yapmak \u0130\u00e7in \u0130zmir \u015eubemizi Aray\u0131n: 0850 346 84 93\" \/>\n<meta property=\"og:url\" content=\"https:\/\/www.myvize.com.tr\/gana\/subelerimiz\/izmir\/\" \/>\n<meta property=\"og:site_name\" content=\"Gana Vizesi\" \/>\n<meta property=\"article:modified_time\" content=\"2022-05-07T11:19:46+00:00\" \/>\n<meta name=\"twitter:card\" content=\"summary_large_image\" \/>\n<meta name=\"twitter:label1\" content=\"Tahmini okuma s\u00fcresi\" \/>\n\t<meta name=\"twitter:data1\" content=\"1 dakika\" \/>\n<script type=\"application\/ld+json\" class=\"yoast-schema-graph\">{\"@context\":\"https:\/\/schema.org\",\"@graph\":[{\"@type\":\"WebPage\",\"@id\":\"https:\/\/www.myvize.com.tr\/gana\/subelerimiz\/izmir\/\",\"url\":\"https:\/\/www.myvize.com.tr\/gana\/subelerimiz\/izmir\/\",\"name\":\"Gana Vizesi \u0130zmir Vize Ba\u015fvuru Merkezimiz - MyVize\",\"isPartOf\":{\"@id\":\"https:\/\/www.myvize.com.tr\/gana\/#website\"},\"datePublished\":\"2020-12-29T13:19:38+00:00\",\"dateModified\":\"2022-05-07T11:19:46+00:00\",\"description\":\"Gana Vizesi \u0130zmir Vize Ba\u015fvuru Merkezi. Gana Vizesi Nas\u0131l Al\u0131n\u0131r? Ba\u015fvuru Yapmak \u0130\u00e7in \u0130zmir \u015eubemizi Aray\u0131n: 0850 346 84 93\",\"breadcrumb\":{\"@id\":\"https:\/\/www.myvize.com.tr\/gana\/subelerimiz\/izmir\/#breadcrumb\"},\"inLanguage\":\"tr\",\"potentialAction\":[{\"@type\":\"ReadAction\",\"target\":[\"https:\/\/www.myvize.com.tr\/gana\/subelerimiz\/izmir\/\"]}]},{\"@type\":\"BreadcrumbList\",\"@id\":\"https:\/\/www.myvize.com.tr\/gana\/subelerimiz\/izmir\/#breadcrumb\",\"itemListElement\":[{\"@type\":\"ListItem\",\"position\":1,\"name\":\"Anasayfa\",\"item\":\"https:\/\/www.myvize.com.tr\/gana\/\"},{\"@type\":\"ListItem\",\"position\":2,\"name\":\"\u015eUBELER\u0130M\u0130Z\",\"item\":\"https:\/\/www.myvize.com.tr\/gana\/subelerimiz\/\"},{\"@type\":\"ListItem\",\"position\":3,\"name\":\"\u0130zmir\"}]},{\"@type\":\"WebSite\",\"@id\":\"https:\/\/www.myvize.com.tr\/gana\/#website\",\"url\":\"https:\/\/www.myvize.com.tr\/gana\/\",\"name\":\"Gana Vizesi\",\"description\":\"\",\"potentialAction\":[{\"@type\":\"SearchAction\",\"target\":{\"@type\":\"EntryPoint\",\"urlTemplate\":\"https:\/\/www.myvize.com.tr\/gana\/?s={search_term_string}\"},\"query-input\":{\"@type\":\"PropertyValueSpecification\",\"valueRequired\":true,\"valueName\":\"search_term_string\"}}],\"inLanguage\":\"tr\"}]}<\/script>\n<!-- \/ Yoast SEO plugin. -->","yoast_head_json":{"title":"Gana Vizesi \u0130zmir Vize Ba\u015fvuru Merkezimiz - MyVize","description":"Gana Vizesi \u0130zmir Vize Ba\u015fvuru Merkezi. Gana Vizesi Nas\u0131l Al\u0131n\u0131r? Ba\u015fvuru Yapmak \u0130\u00e7in \u0130zmir \u015eubemizi Aray\u0131n: 0850 346 84 93","robots":{"index":"index","follow":"follow","max-snippet":"max-snippet:-1","max-image-preview":"max-image-preview:large","max-video-preview":"max-video-preview:-1"},"canonical":"https:\/\/www.myvize.com.tr\/gana\/subelerimiz\/izmir\/","og_locale":"tr_TR","og_type":"article","og_title":"Gana Vizesi \u0130zmir Vize Ba\u015fvuru Merkezimiz - MyVize","og_description":"Gana Vizesi \u0130zmir Vize Ba\u015fvuru Merkezi. Gana Vizesi Nas\u0131l Al\u0131n\u0131r? Ba\u015fvuru Yapmak \u0130\u00e7in \u0130zmir \u015eubemizi Aray\u0131n: 0850 346 84 93","og_url":"https:\/\/www.myvize.com.tr\/gana\/subelerimiz\/izmir\/","og_site_name":"Gana Vizesi","article_modified_time":"2022-05-07T11:19:46+00:00","twitter_card":"summary_large_image","twitter_misc":{"Tahmini okuma s\u00fcresi":"1 dakika"},"schema":{"@context":"https:\/\/schema.org","@graph":[{"@type":"WebPage","@id":"https:\/\/www.myvize.com.tr\/gana\/subelerimiz\/izmir\/","url":"https:\/\/www.myvize.com.tr\/gana\/subelerimiz\/izmir\/","name":"Gana Vizesi \u0130zmir Vize Ba\u015fvuru Merkezimiz - MyVize","isPartOf":{"@id":"https:\/\/www.myvize.com.tr\/gana\/#website"},"datePublished":"2020-12-29T13:19:38+00:00","dateModified":"2022-05-07T11:19:46+00:00","description":"Gana Vizesi \u0130zmir Vize Ba\u015fvuru Merkezi. Gana Vizesi Nas\u0131l Al\u0131n\u0131r? Ba\u015fvuru Yapmak \u0130\u00e7in \u0130zmir \u015eubemizi Aray\u0131n: 0850 346 84 93","breadcrumb":{"@id":"https:\/\/www.myvize.com.tr\/gana\/subelerimiz\/izmir\/#breadcrumb"},"inLanguage":"tr","potentialAction":[{"@type":"ReadAction","target":["https:\/\/www.myvize.com.tr\/gana\/subelerimiz\/izmir\/"]}]},{"@type":"BreadcrumbList","@id":"https:\/\/www.myvize.com.tr\/gana\/subelerimiz\/izmir\/#breadcrumb","itemListElement":[{"@type":"ListItem","position":1,"name":"Anasayfa","item":"https:\/\/www.myvize.com.tr\/gana\/"},{"@type":"ListItem","position":2,"name":"\u015eUBELER\u0130M\u0130Z","item":"https:\/\/www.myvize.com.tr\/gana\/subelerimiz\/"},{"@type":"ListItem","position":3,"name":"\u0130zmir"}]},{"@type":"WebSite","@id":"https:\/\/www.myvize.com.tr\/gana\/#website","url":"https:\/\/www.myvize.com.tr\/gana\/","name":"Gana Vizesi","description":"","potentialAction":[{"@type":"SearchAction","target":{"@type":"EntryPoint","urlTemplate":"https:\/\/www.myvize.com.tr\/gana\/?s={search_term_string}"},"query-input":{"@type":"PropertyValueSpecification","valueRequired":true,"valueName":"search_term_string"}}],"inLanguage":"tr"}]}},"_links":{"self":[{"href":"https:\/\/www.myvize.com.tr\/gana\/wp-json\/wp\/v2\/pages\/196","targetHints":{"allow":["GET"]}}],"collection":[{"href":"https:\/\/www.myvize.com.tr\/gana\/wp-json\/wp\/v2\/pages"}],"about":[{"href":"https:\/\/www.myvize.com.tr\/gana\/wp-json\/wp\/v2\/types\/page"}],"author":[{"embeddable":true,"href":"https:\/\/www.myvize.com.tr\/gana\/wp-json\/wp\/v2\/users\/1"}],"replies":[{"embeddable":true,"href":"https:\/\/www.myvize.com.tr\/gana\/wp-json\/wp\/v2\/comments?post=196"}],"version-history":[{"count":5,"href":"https:\/\/www.myvize.com.tr\/gana\/wp-json\/wp\/v2\/pages\/196\/revisions"}],"predecessor-version":[{"id":728,"href":"https:\/\/www.myvize.com.tr\/gana\/wp-json\/wp\/v2\/pages\/196\/revisions\/728"}],"up":[{"embeddable":true,"href":"https:\/\/www.myvize.com.tr\/gana\/wp-json\/wp\/v2\/pages\/175"}],"wp:attachment":[{"href":"https:\/\/www.myvize.com.tr\/gana\/wp-json\/wp\/v2\/media?parent=196"}],"curies":[{"name":"wp","href":"https:\/\/api.w.org\/{rel}","templated":true}]}}