{"id":198,"date":"2020-12-29T16:19:54","date_gmt":"2020-12-29T13:19:54","guid":{"rendered":"https:\/\/www.myvize.com.tr\/gana\/?page_id=198"},"modified":"2022-05-07T14:19:16","modified_gmt":"2022-05-07T11:19:16","slug":"diyarbakir","status":"publish","type":"page","link":"https:\/\/www.myvize.com.tr\/gana\/subelerimiz\/diyarbakir\/","title":{"rendered":"Diyarbak\u0131r"},"content":{"rendered":"<h2><span style=\"font-family: Roboto; font-size: 27px;\"><strong>Gana Vize Ba\u015fvuru Merkezi, Diyarbak\u0131r<\/strong><\/span><\/h2>\n<p><span style=\"font-family: Roboto; font-size: 14px;\"><strong>Diyarbak\u0131r Gana vize ba\u015fvurusu<\/strong>\u00a0i\u00e7in vize ba\u015fvuru formunun doldurulmas\u0131n\u0131n ard\u0131ndan gerekli olan evraklar haz\u0131rlanmal\u0131d\u0131r. Ofis ile ileti\u015fime ge\u00e7erek gerekli olan evraklar hakk\u0131nda bilgi sahibi olabilirsiniz. Evraklar\u0131n hepsi vize t\u00fcr\u00fcne g\u00f6re de\u011fi\u015fiklik g\u00f6sterir. Belgeler yetkililerin eline ge\u00e7tikten sonra kontroller sa\u011flanarak size gerekli olan bilgilendirme yap\u0131l\u0131r. Evraklar\u0131n aras\u0131nda herhangi bir eksik ya da hatan\u0131n olmas\u0131 halinde sizden bu durumu d\u00fczeltmeniz istenir. \u00c7\u00fcnk\u00fc hatal\u0131 olan evraklar vizenin reddedilmesine neden olur. Bu i\u015flemlerinde tamamlanmas\u0131n\u0131n ard\u0131ndan yap\u0131lacak olan bir di\u011fer i\u015flem de ba\u015fvuru i\u015flemi yap\u0131lmadan \u00f6nce vize \u00fccretinin \u00f6denmesidir. \u00c7\u00fcnk\u00fc bu da yerine getirilmesi gereken zorunlu durumlar aras\u0131nda yer al\u0131r. \u00d6denmi\u015f olan \u00fccretin makbuzu da al\u0131narak gerekli olan evraklar aras\u0131na yerle\u015ftirilmelidir. Her vizenin \u00fccreti birbirine g\u00f6re de\u011fi\u015fiklik g\u00f6sterir.<strong> Vize \u00fccretleri<\/strong> ile ilgili bilgilendirmeyi e posta yolu ile alman\u0131z m\u00fcmk\u00fcn olur. Gerekli olan \u00fccret konsolosluk harc\u0131 yani <strong>vize harc\u0131<\/strong> olarak ge\u00e7en bir durumdur. \u00dccretin banka hesab\u0131na ya da g\u00f6revli olan merkezlere de yap\u0131lmas\u0131 m\u00fcmk\u00fcnd\u00fcr. Ancak vizenin iptal olmas\u0131 durumunda geri \u00f6deme gibi bir i\u015flem s\u00f6z konusu <\/span><span style=\"font-family: Roboto; font-size: 14px;\">de\u011fildir.\u00a0<\/span><\/p>\n<p><span style=\"font-family: Roboto; font-size: 14px;\"><span style=\"color: #2acec2;\"><strong><a style=\"color: #2acec2;\" href=\"https:\/\/www.myvize.com.tr\/gana\/vize-islemleri\/gana-vize-reddi\/\" target=\"_blank\" rel=\"noopener\">Gana Vize Reddi<\/a><\/strong><\/span> ile ilgili bilgi almak i\u00e7in bizi aray\u0131n.<\/span><\/p>\n","protected":false},"excerpt":{"rendered":"<p>Gana Vize Ba\u015fvuru Merkezi, Diyarbak\u0131r Diyarbak\u0131r Gana vize ba\u015fvurusu\u00a0i\u00e7in vize ba\u015fvuru formunun doldurulmas\u0131n\u0131n ard\u0131ndan gerekli olan evraklar haz\u0131rlanmal\u0131d\u0131r. Ofis ile ileti\u015fime ge\u00e7erek gerekli olan evraklar hakk\u0131nda bilgi sahibi olabilirsiniz. Evraklar\u0131n hepsi vize t\u00fcr\u00fcne g\u00f6re de\u011fi\u015fiklik g\u00f6sterir. Belgeler yetkililerin eline ge\u00e7tikten sonra kontroller sa\u011flanarak size gerekli olan bilgilendirme yap\u0131l\u0131r. Evraklar\u0131n aras\u0131nda herhangi bir eksik ya da<\/p>\n","protected":false},"author":1,"featured_media":0,"parent":175,"menu_order":0,"comment_status":"open","ping_status":"closed","template":"","meta":{"footnotes":""},"class_list":["post-198","page","type-page","status-publish","hentry"],"yoast_head":"<!-- This site is optimized with the Yoast SEO plugin v24.0 - https:\/\/yoast.com\/wordpress\/plugins\/seo\/ -->\n<title>Gana Vize Ba\u015fvuru Merkezimiz Diyarbak\u0131r - MyVize<\/title>\n<meta name=\"description\" content=\"Gana Vizesi Diyarbak\u0131r Vize Ba\u015fvuru Merkezi. Gana Vizesi Nas\u0131l Al\u0131n\u0131r? Ba\u015fvuru Yapmak \u0130\u00e7in Diyarbak\u0131r \u015eubemizi Aray\u0131n: 0850 346 84 93\" \/>\n<meta name=\"robots\" content=\"index, follow, max-snippet:-1, max-image-preview:large, max-video-preview:-1\" \/>\n<link rel=\"canonical\" href=\"https:\/\/www.myvize.com.tr\/gana\/subelerimiz\/diyarbakir\/\" \/>\n<meta property=\"og:locale\" content=\"tr_TR\" \/>\n<meta property=\"og:type\" content=\"article\" \/>\n<meta property=\"og:title\" content=\"Gana Vize Ba\u015fvuru Merkezimiz Diyarbak\u0131r - MyVize\" \/>\n<meta property=\"og:description\" content=\"Gana Vizesi Diyarbak\u0131r Vize Ba\u015fvuru Merkezi. Gana Vizesi Nas\u0131l Al\u0131n\u0131r? Ba\u015fvuru Yapmak \u0130\u00e7in Diyarbak\u0131r \u015eubemizi Aray\u0131n: 0850 346 84 93\" \/>\n<meta property=\"og:url\" content=\"https:\/\/www.myvize.com.tr\/gana\/subelerimiz\/diyarbakir\/\" \/>\n<meta property=\"og:site_name\" content=\"Gana Vizesi\" \/>\n<meta property=\"article:modified_time\" content=\"2022-05-07T11:19:16+00:00\" \/>\n<meta name=\"twitter:card\" content=\"summary_large_image\" \/>\n<meta name=\"twitter:label1\" content=\"Tahmini okuma s\u00fcresi\" \/>\n\t<meta name=\"twitter:data1\" content=\"1 dakika\" \/>\n<script type=\"application\/ld+json\" class=\"yoast-schema-graph\">{\"@context\":\"https:\/\/schema.org\",\"@graph\":[{\"@type\":\"WebPage\",\"@id\":\"https:\/\/www.myvize.com.tr\/gana\/subelerimiz\/diyarbakir\/\",\"url\":\"https:\/\/www.myvize.com.tr\/gana\/subelerimiz\/diyarbakir\/\",\"name\":\"Gana Vize Ba\u015fvuru Merkezimiz Diyarbak\u0131r - MyVize\",\"isPartOf\":{\"@id\":\"https:\/\/www.myvize.com.tr\/gana\/#website\"},\"datePublished\":\"2020-12-29T13:19:54+00:00\",\"dateModified\":\"2022-05-07T11:19:16+00:00\",\"description\":\"Gana Vizesi Diyarbak\u0131r Vize Ba\u015fvuru Merkezi. Gana Vizesi Nas\u0131l Al\u0131n\u0131r? Ba\u015fvuru Yapmak \u0130\u00e7in Diyarbak\u0131r \u015eubemizi Aray\u0131n: 0850 346 84 93\",\"breadcrumb\":{\"@id\":\"https:\/\/www.myvize.com.tr\/gana\/subelerimiz\/diyarbakir\/#breadcrumb\"},\"inLanguage\":\"tr\",\"potentialAction\":[{\"@type\":\"ReadAction\",\"target\":[\"https:\/\/www.myvize.com.tr\/gana\/subelerimiz\/diyarbakir\/\"]}]},{\"@type\":\"BreadcrumbList\",\"@id\":\"https:\/\/www.myvize.com.tr\/gana\/subelerimiz\/diyarbakir\/#breadcrumb\",\"itemListElement\":[{\"@type\":\"ListItem\",\"position\":1,\"name\":\"Anasayfa\",\"item\":\"https:\/\/www.myvize.com.tr\/gana\/\"},{\"@type\":\"ListItem\",\"position\":2,\"name\":\"\u015eUBELER\u0130M\u0130Z\",\"item\":\"https:\/\/www.myvize.com.tr\/gana\/subelerimiz\/\"},{\"@type\":\"ListItem\",\"position\":3,\"name\":\"Diyarbak\u0131r\"}]},{\"@type\":\"WebSite\",\"@id\":\"https:\/\/www.myvize.com.tr\/gana\/#website\",\"url\":\"https:\/\/www.myvize.com.tr\/gana\/\",\"name\":\"Gana Vizesi\",\"description\":\"\",\"potentialAction\":[{\"@type\":\"SearchAction\",\"target\":{\"@type\":\"EntryPoint\",\"urlTemplate\":\"https:\/\/www.myvize.com.tr\/gana\/?s={search_term_string}\"},\"query-input\":{\"@type\":\"PropertyValueSpecification\",\"valueRequired\":true,\"valueName\":\"search_term_string\"}}],\"inLanguage\":\"tr\"}]}<\/script>\n<!-- \/ Yoast SEO plugin. -->","yoast_head_json":{"title":"Gana Vize Ba\u015fvuru Merkezimiz Diyarbak\u0131r - MyVize","description":"Gana Vizesi Diyarbak\u0131r Vize Ba\u015fvuru Merkezi. Gana Vizesi Nas\u0131l Al\u0131n\u0131r? Ba\u015fvuru Yapmak \u0130\u00e7in Diyarbak\u0131r \u015eubemizi Aray\u0131n: 0850 346 84 93","robots":{"index":"index","follow":"follow","max-snippet":"max-snippet:-1","max-image-preview":"max-image-preview:large","max-video-preview":"max-video-preview:-1"},"canonical":"https:\/\/www.myvize.com.tr\/gana\/subelerimiz\/diyarbakir\/","og_locale":"tr_TR","og_type":"article","og_title":"Gana Vize Ba\u015fvuru Merkezimiz Diyarbak\u0131r - MyVize","og_description":"Gana Vizesi Diyarbak\u0131r Vize Ba\u015fvuru Merkezi. Gana Vizesi Nas\u0131l Al\u0131n\u0131r? Ba\u015fvuru Yapmak \u0130\u00e7in Diyarbak\u0131r \u015eubemizi Aray\u0131n: 0850 346 84 93","og_url":"https:\/\/www.myvize.com.tr\/gana\/subelerimiz\/diyarbakir\/","og_site_name":"Gana Vizesi","article_modified_time":"2022-05-07T11:19:16+00:00","twitter_card":"summary_large_image","twitter_misc":{"Tahmini okuma s\u00fcresi":"1 dakika"},"schema":{"@context":"https:\/\/schema.org","@graph":[{"@type":"WebPage","@id":"https:\/\/www.myvize.com.tr\/gana\/subelerimiz\/diyarbakir\/","url":"https:\/\/www.myvize.com.tr\/gana\/subelerimiz\/diyarbakir\/","name":"Gana Vize Ba\u015fvuru Merkezimiz Diyarbak\u0131r - MyVize","isPartOf":{"@id":"https:\/\/www.myvize.com.tr\/gana\/#website"},"datePublished":"2020-12-29T13:19:54+00:00","dateModified":"2022-05-07T11:19:16+00:00","description":"Gana Vizesi Diyarbak\u0131r Vize Ba\u015fvuru Merkezi. Gana Vizesi Nas\u0131l Al\u0131n\u0131r? Ba\u015fvuru Yapmak \u0130\u00e7in Diyarbak\u0131r \u015eubemizi Aray\u0131n: 0850 346 84 93","breadcrumb":{"@id":"https:\/\/www.myvize.com.tr\/gana\/subelerimiz\/diyarbakir\/#breadcrumb"},"inLanguage":"tr","potentialAction":[{"@type":"ReadAction","target":["https:\/\/www.myvize.com.tr\/gana\/subelerimiz\/diyarbakir\/"]}]},{"@type":"BreadcrumbList","@id":"https:\/\/www.myvize.com.tr\/gana\/subelerimiz\/diyarbakir\/#breadcrumb","itemListElement":[{"@type":"ListItem","position":1,"name":"Anasayfa","item":"https:\/\/www.myvize.com.tr\/gana\/"},{"@type":"ListItem","position":2,"name":"\u015eUBELER\u0130M\u0130Z","item":"https:\/\/www.myvize.com.tr\/gana\/subelerimiz\/"},{"@type":"ListItem","position":3,"name":"Diyarbak\u0131r"}]},{"@type":"WebSite","@id":"https:\/\/www.myvize.com.tr\/gana\/#website","url":"https:\/\/www.myvize.com.tr\/gana\/","name":"Gana Vizesi","description":"","potentialAction":[{"@type":"SearchAction","target":{"@type":"EntryPoint","urlTemplate":"https:\/\/www.myvize.com.tr\/gana\/?s={search_term_string}"},"query-input":{"@type":"PropertyValueSpecification","valueRequired":true,"valueName":"search_term_string"}}],"inLanguage":"tr"}]}},"_links":{"self":[{"href":"https:\/\/www.myvize.com.tr\/gana\/wp-json\/wp\/v2\/pages\/198","targetHints":{"allow":["GET"]}}],"collection":[{"href":"https:\/\/www.myvize.com.tr\/gana\/wp-json\/wp\/v2\/pages"}],"about":[{"href":"https:\/\/www.myvize.com.tr\/gana\/wp-json\/wp\/v2\/types\/page"}],"author":[{"embeddable":true,"href":"https:\/\/www.myvize.com.tr\/gana\/wp-json\/wp\/v2\/users\/1"}],"replies":[{"embeddable":true,"href":"https:\/\/www.myvize.com.tr\/gana\/wp-json\/wp\/v2\/comments?post=198"}],"version-history":[{"count":5,"href":"https:\/\/www.myvize.com.tr\/gana\/wp-json\/wp\/v2\/pages\/198\/revisions"}],"predecessor-version":[{"id":727,"href":"https:\/\/www.myvize.com.tr\/gana\/wp-json\/wp\/v2\/pages\/198\/revisions\/727"}],"up":[{"embeddable":true,"href":"https:\/\/www.myvize.com.tr\/gana\/wp-json\/wp\/v2\/pages\/175"}],"wp:attachment":[{"href":"https:\/\/www.myvize.com.tr\/gana\/wp-json\/wp\/v2\/media?parent=198"}],"curies":[{"name":"wp","href":"https:\/\/api.w.org\/{rel}","templated":true}]}}