{"id":200,"date":"2020-12-29T16:20:10","date_gmt":"2020-12-29T13:20:10","guid":{"rendered":"https:\/\/www.myvize.com.tr\/gana\/?page_id=200"},"modified":"2022-05-07T14:18:38","modified_gmt":"2022-05-07T11:18:38","slug":"kayseri","status":"publish","type":"page","link":"https:\/\/www.myvize.com.tr\/gana\/subelerimiz\/kayseri\/","title":{"rendered":"Kayseri"},"content":{"rendered":"<h2><span style=\"font-family: Roboto; font-size: 27px;\"><strong>Gana Vize Ba\u015fvuru Merkezi, Kayseri<\/strong><\/span><\/h2>\n<p><span style=\"font-family: Roboto; font-size: 14px;\"><strong>Kayseri Gana vize ba\u015fvurusu\u00a0<\/strong>haz\u0131rlanmas\u0131 gereken evraklar\u0131n i\u00e7erisinde en \u00f6nemli ve zorunlu olan bir belgedir. Ba\u015fvuru formunun vize m\u00fcracaat i\u015flemlerinden \u00f6nce doldurulmas\u0131 gerekir. Ayn\u0131 zaman da evrak\u0131n eksiksiz bir \u015fekilde doldurularak teslim edilmesi gerekir. <span style=\"color: #2acec2;\"><strong><a style=\"color: #2acec2;\" href=\"https:\/\/www.myvize.com.tr\/gana\/form-ve-dilekce\/vize-basvuru-formu\/\" target=\"_blank\" rel=\"noopener\">Vize ba\u015fvuru formu<\/a><\/strong><\/span> toplamda 10 adet sorudan olu\u015fur. Formun isterseniz T\u00fcrk\u00e7e isterseniz de \u0130ngilizce olarak doldurma olas\u0131l\u0131\u011f\u0131 vard\u0131r. Ancak formun mavi t\u00fckenmez kalem ile doldurulmas\u0131 zorunludur. Ba\u015fvuru formundan 4 adet \u00e7\u0131kt\u0131 al\u0131nmas\u0131 gerekir. Form kesinlikle okunakl\u0131 bir \u015fekilde doldurulmal\u0131d\u0131r. \u00dcstelik b\u00fcy\u00fck harfler ve okunakl\u0131 bir \u015fekilde form doldurma i\u015flemi yerine getirilmelidir. 4 formda yer alan bilgiler birbiri ile ayn\u0131 olmal\u0131d\u0131r. Ayn\u0131 zaman da form i\u00e7erisinde bulunan bilgilerin verilen evraklar ile de birebir do\u011fru yani ayn\u0131 olmas\u0131 gerekir. Ba\u015fvuru formunda yer alan bilgilerin eksik ya da yanl\u0131\u015f bilgiler ile doldurulmas\u0131 durumunda <strong>vize ba\u015fvurusu<\/strong> iptal edilir. Bu nedenle de<strong> form doldurma i\u015flemi<\/strong> s\u0131ras\u0131nda olduk\u00e7a dikkatli davran\u0131lmal\u0131d\u0131r. Formda yer alan bilgilerin her biri konsolosluk taraf\u0131ndan gizli tutulur.\u00a0<\/span><\/p>\n","protected":false},"excerpt":{"rendered":"<p>Gana Vize Ba\u015fvuru Merkezi, Kayseri Kayseri Gana vize ba\u015fvurusu\u00a0haz\u0131rlanmas\u0131 gereken evraklar\u0131n i\u00e7erisinde en \u00f6nemli ve zorunlu olan bir belgedir. Ba\u015fvuru formunun vize m\u00fcracaat i\u015flemlerinden \u00f6nce doldurulmas\u0131 gerekir. Ayn\u0131 zaman da evrak\u0131n eksiksiz bir \u015fekilde doldurularak teslim edilmesi gerekir. Vize ba\u015fvuru formu toplamda 10 adet sorudan olu\u015fur. Formun isterseniz T\u00fcrk\u00e7e isterseniz de \u0130ngilizce olarak doldurma olas\u0131l\u0131\u011f\u0131<\/p>\n","protected":false},"author":1,"featured_media":0,"parent":175,"menu_order":0,"comment_status":"open","ping_status":"closed","template":"","meta":{"footnotes":""},"class_list":["post-200","page","type-page","status-publish","hentry"],"yoast_head":"<!-- This site is optimized with the Yoast SEO plugin v24.0 - https:\/\/yoast.com\/wordpress\/plugins\/seo\/ -->\n<title>Gana Vizesi Ba\u015fvuru Merkezimiz Kayseri - MyVize<\/title>\n<meta name=\"description\" content=\"Gana Vizesi Kayseri Vize Ba\u015fvuru Merkezi. Gana Vizesi Nas\u0131l Al\u0131n\u0131r? Ba\u015fvuru Yapmak \u0130\u00e7in Kayseri \u015eubemizi Aray\u0131n: 0850 346 84 93\" \/>\n<meta name=\"robots\" content=\"index, follow, max-snippet:-1, max-image-preview:large, max-video-preview:-1\" \/>\n<link rel=\"canonical\" href=\"https:\/\/www.myvize.com.tr\/gana\/subelerimiz\/kayseri\/\" \/>\n<meta property=\"og:locale\" content=\"tr_TR\" \/>\n<meta property=\"og:type\" content=\"article\" \/>\n<meta property=\"og:title\" content=\"Gana Vizesi Ba\u015fvuru Merkezimiz Kayseri - MyVize\" \/>\n<meta property=\"og:description\" content=\"Gana Vizesi Kayseri Vize Ba\u015fvuru Merkezi. Gana Vizesi Nas\u0131l Al\u0131n\u0131r? Ba\u015fvuru Yapmak \u0130\u00e7in Kayseri \u015eubemizi Aray\u0131n: 0850 346 84 93\" \/>\n<meta property=\"og:url\" content=\"https:\/\/www.myvize.com.tr\/gana\/subelerimiz\/kayseri\/\" \/>\n<meta property=\"og:site_name\" content=\"Gana Vizesi\" \/>\n<meta property=\"article:modified_time\" content=\"2022-05-07T11:18:38+00:00\" \/>\n<meta name=\"twitter:card\" content=\"summary_large_image\" \/>\n<meta name=\"twitter:label1\" content=\"Tahmini okuma s\u00fcresi\" \/>\n\t<meta name=\"twitter:data1\" content=\"1 dakika\" \/>\n<script type=\"application\/ld+json\" class=\"yoast-schema-graph\">{\"@context\":\"https:\/\/schema.org\",\"@graph\":[{\"@type\":\"WebPage\",\"@id\":\"https:\/\/www.myvize.com.tr\/gana\/subelerimiz\/kayseri\/\",\"url\":\"https:\/\/www.myvize.com.tr\/gana\/subelerimiz\/kayseri\/\",\"name\":\"Gana Vizesi Ba\u015fvuru Merkezimiz Kayseri - MyVize\",\"isPartOf\":{\"@id\":\"https:\/\/www.myvize.com.tr\/gana\/#website\"},\"datePublished\":\"2020-12-29T13:20:10+00:00\",\"dateModified\":\"2022-05-07T11:18:38+00:00\",\"description\":\"Gana Vizesi Kayseri Vize Ba\u015fvuru Merkezi. Gana Vizesi Nas\u0131l Al\u0131n\u0131r? Ba\u015fvuru Yapmak \u0130\u00e7in Kayseri \u015eubemizi Aray\u0131n: 0850 346 84 93\",\"breadcrumb\":{\"@id\":\"https:\/\/www.myvize.com.tr\/gana\/subelerimiz\/kayseri\/#breadcrumb\"},\"inLanguage\":\"tr\",\"potentialAction\":[{\"@type\":\"ReadAction\",\"target\":[\"https:\/\/www.myvize.com.tr\/gana\/subelerimiz\/kayseri\/\"]}]},{\"@type\":\"BreadcrumbList\",\"@id\":\"https:\/\/www.myvize.com.tr\/gana\/subelerimiz\/kayseri\/#breadcrumb\",\"itemListElement\":[{\"@type\":\"ListItem\",\"position\":1,\"name\":\"Anasayfa\",\"item\":\"https:\/\/www.myvize.com.tr\/gana\/\"},{\"@type\":\"ListItem\",\"position\":2,\"name\":\"\u015eUBELER\u0130M\u0130Z\",\"item\":\"https:\/\/www.myvize.com.tr\/gana\/subelerimiz\/\"},{\"@type\":\"ListItem\",\"position\":3,\"name\":\"Kayseri\"}]},{\"@type\":\"WebSite\",\"@id\":\"https:\/\/www.myvize.com.tr\/gana\/#website\",\"url\":\"https:\/\/www.myvize.com.tr\/gana\/\",\"name\":\"Gana Vizesi\",\"description\":\"\",\"potentialAction\":[{\"@type\":\"SearchAction\",\"target\":{\"@type\":\"EntryPoint\",\"urlTemplate\":\"https:\/\/www.myvize.com.tr\/gana\/?s={search_term_string}\"},\"query-input\":{\"@type\":\"PropertyValueSpecification\",\"valueRequired\":true,\"valueName\":\"search_term_string\"}}],\"inLanguage\":\"tr\"}]}<\/script>\n<!-- \/ Yoast SEO plugin. -->","yoast_head_json":{"title":"Gana Vizesi Ba\u015fvuru Merkezimiz Kayseri - MyVize","description":"Gana Vizesi Kayseri Vize Ba\u015fvuru Merkezi. Gana Vizesi Nas\u0131l Al\u0131n\u0131r? Ba\u015fvuru Yapmak \u0130\u00e7in Kayseri \u015eubemizi Aray\u0131n: 0850 346 84 93","robots":{"index":"index","follow":"follow","max-snippet":"max-snippet:-1","max-image-preview":"max-image-preview:large","max-video-preview":"max-video-preview:-1"},"canonical":"https:\/\/www.myvize.com.tr\/gana\/subelerimiz\/kayseri\/","og_locale":"tr_TR","og_type":"article","og_title":"Gana Vizesi Ba\u015fvuru Merkezimiz Kayseri - MyVize","og_description":"Gana Vizesi Kayseri Vize Ba\u015fvuru Merkezi. Gana Vizesi Nas\u0131l Al\u0131n\u0131r? Ba\u015fvuru Yapmak \u0130\u00e7in Kayseri \u015eubemizi Aray\u0131n: 0850 346 84 93","og_url":"https:\/\/www.myvize.com.tr\/gana\/subelerimiz\/kayseri\/","og_site_name":"Gana Vizesi","article_modified_time":"2022-05-07T11:18:38+00:00","twitter_card":"summary_large_image","twitter_misc":{"Tahmini okuma s\u00fcresi":"1 dakika"},"schema":{"@context":"https:\/\/schema.org","@graph":[{"@type":"WebPage","@id":"https:\/\/www.myvize.com.tr\/gana\/subelerimiz\/kayseri\/","url":"https:\/\/www.myvize.com.tr\/gana\/subelerimiz\/kayseri\/","name":"Gana Vizesi Ba\u015fvuru Merkezimiz Kayseri - MyVize","isPartOf":{"@id":"https:\/\/www.myvize.com.tr\/gana\/#website"},"datePublished":"2020-12-29T13:20:10+00:00","dateModified":"2022-05-07T11:18:38+00:00","description":"Gana Vizesi Kayseri Vize Ba\u015fvuru Merkezi. Gana Vizesi Nas\u0131l Al\u0131n\u0131r? Ba\u015fvuru Yapmak \u0130\u00e7in Kayseri \u015eubemizi Aray\u0131n: 0850 346 84 93","breadcrumb":{"@id":"https:\/\/www.myvize.com.tr\/gana\/subelerimiz\/kayseri\/#breadcrumb"},"inLanguage":"tr","potentialAction":[{"@type":"ReadAction","target":["https:\/\/www.myvize.com.tr\/gana\/subelerimiz\/kayseri\/"]}]},{"@type":"BreadcrumbList","@id":"https:\/\/www.myvize.com.tr\/gana\/subelerimiz\/kayseri\/#breadcrumb","itemListElement":[{"@type":"ListItem","position":1,"name":"Anasayfa","item":"https:\/\/www.myvize.com.tr\/gana\/"},{"@type":"ListItem","position":2,"name":"\u015eUBELER\u0130M\u0130Z","item":"https:\/\/www.myvize.com.tr\/gana\/subelerimiz\/"},{"@type":"ListItem","position":3,"name":"Kayseri"}]},{"@type":"WebSite","@id":"https:\/\/www.myvize.com.tr\/gana\/#website","url":"https:\/\/www.myvize.com.tr\/gana\/","name":"Gana Vizesi","description":"","potentialAction":[{"@type":"SearchAction","target":{"@type":"EntryPoint","urlTemplate":"https:\/\/www.myvize.com.tr\/gana\/?s={search_term_string}"},"query-input":{"@type":"PropertyValueSpecification","valueRequired":true,"valueName":"search_term_string"}}],"inLanguage":"tr"}]}},"_links":{"self":[{"href":"https:\/\/www.myvize.com.tr\/gana\/wp-json\/wp\/v2\/pages\/200","targetHints":{"allow":["GET"]}}],"collection":[{"href":"https:\/\/www.myvize.com.tr\/gana\/wp-json\/wp\/v2\/pages"}],"about":[{"href":"https:\/\/www.myvize.com.tr\/gana\/wp-json\/wp\/v2\/types\/page"}],"author":[{"embeddable":true,"href":"https:\/\/www.myvize.com.tr\/gana\/wp-json\/wp\/v2\/users\/1"}],"replies":[{"embeddable":true,"href":"https:\/\/www.myvize.com.tr\/gana\/wp-json\/wp\/v2\/comments?post=200"}],"version-history":[{"count":5,"href":"https:\/\/www.myvize.com.tr\/gana\/wp-json\/wp\/v2\/pages\/200\/revisions"}],"predecessor-version":[{"id":726,"href":"https:\/\/www.myvize.com.tr\/gana\/wp-json\/wp\/v2\/pages\/200\/revisions\/726"}],"up":[{"embeddable":true,"href":"https:\/\/www.myvize.com.tr\/gana\/wp-json\/wp\/v2\/pages\/175"}],"wp:attachment":[{"href":"https:\/\/www.myvize.com.tr\/gana\/wp-json\/wp\/v2\/media?parent=200"}],"curies":[{"name":"wp","href":"https:\/\/api.w.org\/{rel}","templated":true}]}}