{"id":202,"date":"2020-12-29T16:20:26","date_gmt":"2020-12-29T13:20:26","guid":{"rendered":"https:\/\/www.myvize.com.tr\/gana\/?page_id=202"},"modified":"2022-05-07T14:18:06","modified_gmt":"2022-05-07T11:18:06","slug":"adana","status":"publish","type":"page","link":"https:\/\/www.myvize.com.tr\/gana\/subelerimiz\/adana\/","title":{"rendered":"Adana"},"content":{"rendered":"<h2><span style=\"font-family: Roboto; font-size: 27px;\"><strong>Gana Vize Ba\u015fvuru Merkezi, Adana<\/strong><\/span><\/h2>\n<p><span style=\"font-family: Roboto; font-size: 14px;\"><strong>Adana Gana vize ba\u015fvurusu <\/strong>i\u015flemleri s\u0131ras\u0131nda<strong> turistik vize ba\u015fvurusu<\/strong> yap\u0131lacak ise i\u015flemler Schengen vizesine benzer bir \u015fekilde yerine getirilir. Ba\u015fvuru i\u015flemlerini yerine getirmek i\u00e7in isterseniz dan\u0131\u015fmanlardan hizmet alarak \u00e7ok daha rahat ve kolay bir \u015fekilde i\u015flemi yerine getirme imkan\u0131na sahip olabilirsiniz. Ba\u015fvuru i\u015flemini bizzat yapabildi\u011finiz gibi evraklar\u0131n\u0131z\u0131 kargo ile g\u00f6ndererek de i\u015flemlerinizin yerine getirilmesini sa\u011flayabilirsiniz. Ancak bunun i\u00e7in dikkat etmeniz gereken baz\u0131 durumlar vard\u0131r. \u00d6ncesinde doldurmu\u015f oldu\u011funuz ba\u015fvuru formu ile g\u00f6nderdi\u011fimiz evraklar\u0131n birbiri ile ayn\u0131 olmas\u0131 gerekir. Aksi hale <strong>vize i\u015flemi<\/strong> sonland\u0131r\u0131l\u0131r.<span style=\"color: #2acec2;\"><strong><a style=\"color: #2acec2;\" href=\"https:\/\/www.myvize.com.tr\/gana\/vize-islemleri\/gana-turistik-vize\/\" target=\"_blank\" rel=\"noopener\"> Gana Turistik vize<\/a><\/strong><\/span> ki\u015filere tek giri\u015f olarak ve sadece 30 g\u00fcn i\u00e7in verilir. Daha fazla kalmak i\u00e7in alacak olman\u0131z durumunda ise ona uygun bir \u015fekilde alman\u0131z gerekir. Ancak 30 g\u00fcnden daha fazla alacak olman\u0131z halinde davetiye ihtiyac\u0131n\u0131z olur.<strong> Tek giri\u015fli turistik vize<\/strong> al\u0131nd\u0131ktan sonra 3 ay i\u00e7erisinde kullan\u0131lmas\u0131 gerekir. Aksi halde kullan\u0131labilme durumu ne yaz\u0131k ki m\u00fcmk\u00fcn olmaz. Bu durumlar g\u00f6z \u00f6n\u00fcnde bulundurularak i\u015flemler yerine getirilmelidir.\u00a0<\/span><\/p>\n","protected":false},"excerpt":{"rendered":"<p>Gana Vize Ba\u015fvuru Merkezi, Adana Adana Gana vize ba\u015fvurusu i\u015flemleri s\u0131ras\u0131nda turistik vize ba\u015fvurusu yap\u0131lacak ise i\u015flemler Schengen vizesine benzer bir \u015fekilde yerine getirilir. Ba\u015fvuru i\u015flemlerini yerine getirmek i\u00e7in isterseniz dan\u0131\u015fmanlardan hizmet alarak \u00e7ok daha rahat ve kolay bir \u015fekilde i\u015flemi yerine getirme imkan\u0131na sahip olabilirsiniz. Ba\u015fvuru i\u015flemini bizzat yapabildi\u011finiz gibi evraklar\u0131n\u0131z\u0131 kargo ile g\u00f6ndererek<\/p>\n","protected":false},"author":1,"featured_media":0,"parent":175,"menu_order":0,"comment_status":"open","ping_status":"closed","template":"","meta":{"footnotes":""},"class_list":["post-202","page","type-page","status-publish","hentry"],"yoast_head":"<!-- This site is optimized with the Yoast SEO plugin v24.0 - https:\/\/yoast.com\/wordpress\/plugins\/seo\/ -->\n<title>Gana Vizesi Adana Vize Ba\u015fvuru Merkezi - MyVize<\/title>\n<meta name=\"description\" content=\"Gana Vizesi Adana Vize Ba\u015fvuru Merkezi. Gana Vizesi Nas\u0131l Al\u0131n\u0131r? Ba\u015fvuru Yapmak \u0130\u00e7in Adana \u015eubemizi Aray\u0131n: 0850 346 84 93\" \/>\n<meta name=\"robots\" content=\"index, follow, max-snippet:-1, max-image-preview:large, max-video-preview:-1\" \/>\n<link rel=\"canonical\" href=\"https:\/\/www.myvize.com.tr\/gana\/subelerimiz\/adana\/\" \/>\n<meta property=\"og:locale\" content=\"tr_TR\" \/>\n<meta property=\"og:type\" content=\"article\" \/>\n<meta property=\"og:title\" content=\"Gana Vizesi Adana Vize Ba\u015fvuru Merkezi - MyVize\" \/>\n<meta property=\"og:description\" content=\"Gana Vizesi Adana Vize Ba\u015fvuru Merkezi. Gana Vizesi Nas\u0131l Al\u0131n\u0131r? Ba\u015fvuru Yapmak \u0130\u00e7in Adana \u015eubemizi Aray\u0131n: 0850 346 84 93\" \/>\n<meta property=\"og:url\" content=\"https:\/\/www.myvize.com.tr\/gana\/subelerimiz\/adana\/\" \/>\n<meta property=\"og:site_name\" content=\"Gana Vizesi\" \/>\n<meta property=\"article:modified_time\" content=\"2022-05-07T11:18:06+00:00\" \/>\n<meta name=\"twitter:card\" content=\"summary_large_image\" \/>\n<meta name=\"twitter:label1\" content=\"Tahmini okuma s\u00fcresi\" \/>\n\t<meta name=\"twitter:data1\" content=\"1 dakika\" \/>\n<script type=\"application\/ld+json\" class=\"yoast-schema-graph\">{\"@context\":\"https:\/\/schema.org\",\"@graph\":[{\"@type\":\"WebPage\",\"@id\":\"https:\/\/www.myvize.com.tr\/gana\/subelerimiz\/adana\/\",\"url\":\"https:\/\/www.myvize.com.tr\/gana\/subelerimiz\/adana\/\",\"name\":\"Gana Vizesi Adana Vize Ba\u015fvuru Merkezi - MyVize\",\"isPartOf\":{\"@id\":\"https:\/\/www.myvize.com.tr\/gana\/#website\"},\"datePublished\":\"2020-12-29T13:20:26+00:00\",\"dateModified\":\"2022-05-07T11:18:06+00:00\",\"description\":\"Gana Vizesi Adana Vize Ba\u015fvuru Merkezi. Gana Vizesi Nas\u0131l Al\u0131n\u0131r? Ba\u015fvuru Yapmak \u0130\u00e7in Adana \u015eubemizi Aray\u0131n: 0850 346 84 93\",\"breadcrumb\":{\"@id\":\"https:\/\/www.myvize.com.tr\/gana\/subelerimiz\/adana\/#breadcrumb\"},\"inLanguage\":\"tr\",\"potentialAction\":[{\"@type\":\"ReadAction\",\"target\":[\"https:\/\/www.myvize.com.tr\/gana\/subelerimiz\/adana\/\"]}]},{\"@type\":\"BreadcrumbList\",\"@id\":\"https:\/\/www.myvize.com.tr\/gana\/subelerimiz\/adana\/#breadcrumb\",\"itemListElement\":[{\"@type\":\"ListItem\",\"position\":1,\"name\":\"Anasayfa\",\"item\":\"https:\/\/www.myvize.com.tr\/gana\/\"},{\"@type\":\"ListItem\",\"position\":2,\"name\":\"\u015eUBELER\u0130M\u0130Z\",\"item\":\"https:\/\/www.myvize.com.tr\/gana\/subelerimiz\/\"},{\"@type\":\"ListItem\",\"position\":3,\"name\":\"Adana\"}]},{\"@type\":\"WebSite\",\"@id\":\"https:\/\/www.myvize.com.tr\/gana\/#website\",\"url\":\"https:\/\/www.myvize.com.tr\/gana\/\",\"name\":\"Gana Vizesi\",\"description\":\"\",\"potentialAction\":[{\"@type\":\"SearchAction\",\"target\":{\"@type\":\"EntryPoint\",\"urlTemplate\":\"https:\/\/www.myvize.com.tr\/gana\/?s={search_term_string}\"},\"query-input\":{\"@type\":\"PropertyValueSpecification\",\"valueRequired\":true,\"valueName\":\"search_term_string\"}}],\"inLanguage\":\"tr\"}]}<\/script>\n<!-- \/ Yoast SEO plugin. -->","yoast_head_json":{"title":"Gana Vizesi Adana Vize Ba\u015fvuru Merkezi - MyVize","description":"Gana Vizesi Adana Vize Ba\u015fvuru Merkezi. Gana Vizesi Nas\u0131l Al\u0131n\u0131r? Ba\u015fvuru Yapmak \u0130\u00e7in Adana \u015eubemizi Aray\u0131n: 0850 346 84 93","robots":{"index":"index","follow":"follow","max-snippet":"max-snippet:-1","max-image-preview":"max-image-preview:large","max-video-preview":"max-video-preview:-1"},"canonical":"https:\/\/www.myvize.com.tr\/gana\/subelerimiz\/adana\/","og_locale":"tr_TR","og_type":"article","og_title":"Gana Vizesi Adana Vize Ba\u015fvuru Merkezi - MyVize","og_description":"Gana Vizesi Adana Vize Ba\u015fvuru Merkezi. Gana Vizesi Nas\u0131l Al\u0131n\u0131r? Ba\u015fvuru Yapmak \u0130\u00e7in Adana \u015eubemizi Aray\u0131n: 0850 346 84 93","og_url":"https:\/\/www.myvize.com.tr\/gana\/subelerimiz\/adana\/","og_site_name":"Gana Vizesi","article_modified_time":"2022-05-07T11:18:06+00:00","twitter_card":"summary_large_image","twitter_misc":{"Tahmini okuma s\u00fcresi":"1 dakika"},"schema":{"@context":"https:\/\/schema.org","@graph":[{"@type":"WebPage","@id":"https:\/\/www.myvize.com.tr\/gana\/subelerimiz\/adana\/","url":"https:\/\/www.myvize.com.tr\/gana\/subelerimiz\/adana\/","name":"Gana Vizesi Adana Vize Ba\u015fvuru Merkezi - MyVize","isPartOf":{"@id":"https:\/\/www.myvize.com.tr\/gana\/#website"},"datePublished":"2020-12-29T13:20:26+00:00","dateModified":"2022-05-07T11:18:06+00:00","description":"Gana Vizesi Adana Vize Ba\u015fvuru Merkezi. Gana Vizesi Nas\u0131l Al\u0131n\u0131r? Ba\u015fvuru Yapmak \u0130\u00e7in Adana \u015eubemizi Aray\u0131n: 0850 346 84 93","breadcrumb":{"@id":"https:\/\/www.myvize.com.tr\/gana\/subelerimiz\/adana\/#breadcrumb"},"inLanguage":"tr","potentialAction":[{"@type":"ReadAction","target":["https:\/\/www.myvize.com.tr\/gana\/subelerimiz\/adana\/"]}]},{"@type":"BreadcrumbList","@id":"https:\/\/www.myvize.com.tr\/gana\/subelerimiz\/adana\/#breadcrumb","itemListElement":[{"@type":"ListItem","position":1,"name":"Anasayfa","item":"https:\/\/www.myvize.com.tr\/gana\/"},{"@type":"ListItem","position":2,"name":"\u015eUBELER\u0130M\u0130Z","item":"https:\/\/www.myvize.com.tr\/gana\/subelerimiz\/"},{"@type":"ListItem","position":3,"name":"Adana"}]},{"@type":"WebSite","@id":"https:\/\/www.myvize.com.tr\/gana\/#website","url":"https:\/\/www.myvize.com.tr\/gana\/","name":"Gana Vizesi","description":"","potentialAction":[{"@type":"SearchAction","target":{"@type":"EntryPoint","urlTemplate":"https:\/\/www.myvize.com.tr\/gana\/?s={search_term_string}"},"query-input":{"@type":"PropertyValueSpecification","valueRequired":true,"valueName":"search_term_string"}}],"inLanguage":"tr"}]}},"_links":{"self":[{"href":"https:\/\/www.myvize.com.tr\/gana\/wp-json\/wp\/v2\/pages\/202","targetHints":{"allow":["GET"]}}],"collection":[{"href":"https:\/\/www.myvize.com.tr\/gana\/wp-json\/wp\/v2\/pages"}],"about":[{"href":"https:\/\/www.myvize.com.tr\/gana\/wp-json\/wp\/v2\/types\/page"}],"author":[{"embeddable":true,"href":"https:\/\/www.myvize.com.tr\/gana\/wp-json\/wp\/v2\/users\/1"}],"replies":[{"embeddable":true,"href":"https:\/\/www.myvize.com.tr\/gana\/wp-json\/wp\/v2\/comments?post=202"}],"version-history":[{"count":6,"href":"https:\/\/www.myvize.com.tr\/gana\/wp-json\/wp\/v2\/pages\/202\/revisions"}],"predecessor-version":[{"id":725,"href":"https:\/\/www.myvize.com.tr\/gana\/wp-json\/wp\/v2\/pages\/202\/revisions\/725"}],"up":[{"embeddable":true,"href":"https:\/\/www.myvize.com.tr\/gana\/wp-json\/wp\/v2\/pages\/175"}],"wp:attachment":[{"href":"https:\/\/www.myvize.com.tr\/gana\/wp-json\/wp\/v2\/media?parent=202"}],"curies":[{"name":"wp","href":"https:\/\/api.w.org\/{rel}","templated":true}]}}