{"id":204,"date":"2020-12-29T16:20:42","date_gmt":"2020-12-29T13:20:42","guid":{"rendered":"https:\/\/www.myvize.com.tr\/gana\/?page_id=204"},"modified":"2022-05-07T14:17:32","modified_gmt":"2022-05-07T11:17:32","slug":"konya","status":"publish","type":"page","link":"https:\/\/www.myvize.com.tr\/gana\/subelerimiz\/konya\/","title":{"rendered":"Konya"},"content":{"rendered":"<h2><span style=\"font-family: Roboto; font-size: 27px;\"><strong>Gana Vize Ba\u015fvuru Merkezi, Konya<\/strong><\/span><\/h2>\n<p><span style=\"font-family: Roboto; font-size: 14px;\"><strong>Konya Gana vize ba\u015fvurusu i<\/strong>\u015flemleri i\u00e7in \u00f6ncelikli olarak seyahat amac\u0131na uygun olan bir vize tercihi yap\u0131lmal\u0131d\u0131r. Bu sayede gerekli olan evraklar\u0131 \u00f6\u011frenme durumunuz da \u00e7ok daha kolay olur. <strong>Vize ba\u015fvuru i\u015flemleri<\/strong> i\u00e7in gerekli olan evraklar\u0131n eksiksiz olarak firmaya iletilmesi halinde ki\u015filerin \u015fahsen giderek ba\u015fvuru yapmalar\u0131na gerek kalmadan ba\u015fvuru i\u015flemleri dan\u0131\u015fmanlar taraf\u0131ndan yerine getirilmi\u015f olur. <strong>Kap\u0131 vizesi<\/strong> gibi bir durum s\u00f6z konusu de\u011fildir. Bu nedenle de seyahat \u00f6ncesinde vizenizin al\u0131nm\u0131\u015f olmas\u0131 gerekir. Aksi halde \u00fclkeye giri\u015f imkan\u0131n\u0131z da bulunmaz. Ancak \u00fclke i\u00e7in ekspres vize uygulamas\u0131 bulunur. Bu hizmet bir anlamda da acil vize olarak ge\u00e7er. Ki\u015filerin \u00f6l\u00fcm gibi acil bir durumunun olmas\u0131 halinde bu vize sisteminden yararlanabilirler. Ancak acil vize i\u00e7in \u00f6denen har\u00e7 bedeli \u00e7ok daha y\u00fcksek bir \u00fccrette olur. Normal vizelerin sonu\u00e7lanmas\u0131 5 i\u015f g\u00fcn\u00fcn\u00fc bulur. Acil vizenin sonu\u00e7lanmas\u0131 ise 2 i\u015f g\u00fcn\u00fc olur. Bu nedenle de seyahate gitmeden en 15 g\u00fcn \u00f6nce <strong>vize ba\u015fvuru<\/strong> i\u015fleminin yap\u0131lm\u0131\u015f olmas\u0131 gerekir. Aksi halde seyahatinizde aksamalar meydana gelebilir.\u00a0<\/span><\/p>\n<p><span style=\"font-family: Roboto; font-size: 14px;\"><span style=\"color: #2acec2;\"><strong><a style=\"color: #2acec2;\" href=\"https:\/\/www.myvize.com.tr\/gana\/gana-vize-ucreti\/\" target=\"_blank\" rel=\"noopener\">Gana Vize \u00dccreti<\/a><\/strong><\/span> ile ilgili bilgi almak i\u00e7in bizi aray\u0131n.<\/span><\/p>\n","protected":false},"excerpt":{"rendered":"<p>Gana Vize Ba\u015fvuru Merkezi, Konya Konya Gana vize ba\u015fvurusu i\u015flemleri i\u00e7in \u00f6ncelikli olarak seyahat amac\u0131na uygun olan bir vize tercihi yap\u0131lmal\u0131d\u0131r. Bu sayede gerekli olan evraklar\u0131 \u00f6\u011frenme durumunuz da \u00e7ok daha kolay olur. Vize ba\u015fvuru i\u015flemleri i\u00e7in gerekli olan evraklar\u0131n eksiksiz olarak firmaya iletilmesi halinde ki\u015filerin \u015fahsen giderek ba\u015fvuru yapmalar\u0131na gerek kalmadan ba\u015fvuru i\u015flemleri dan\u0131\u015fmanlar<\/p>\n","protected":false},"author":1,"featured_media":0,"parent":175,"menu_order":0,"comment_status":"open","ping_status":"closed","template":"","meta":{"footnotes":""},"class_list":["post-204","page","type-page","status-publish","hentry"],"yoast_head":"<!-- This site is optimized with the Yoast SEO plugin v24.0 - https:\/\/yoast.com\/wordpress\/plugins\/seo\/ -->\n<title>Gana Vize Ba\u015fvuru \u015eubesi Konya - MyVize Vize Ba\u015fvuru Merkezi<\/title>\n<meta name=\"description\" content=\"Gana Vizesi Konya Vize Ba\u015fvuru Merkezi. Gana Vizesi Nas\u0131l Al\u0131n\u0131r? Ba\u015fvuru Yapmak \u0130\u00e7in Konya \u015eubemizi Aray\u0131n: 0850 346 84 93\" \/>\n<meta name=\"robots\" content=\"index, follow, max-snippet:-1, max-image-preview:large, max-video-preview:-1\" \/>\n<link rel=\"canonical\" href=\"https:\/\/www.myvize.com.tr\/gana\/subelerimiz\/konya\/\" \/>\n<meta property=\"og:locale\" content=\"tr_TR\" \/>\n<meta property=\"og:type\" content=\"article\" \/>\n<meta property=\"og:title\" content=\"Gana Vize Ba\u015fvuru \u015eubesi Konya - MyVize Vize Ba\u015fvuru Merkezi\" \/>\n<meta property=\"og:description\" content=\"Gana Vizesi Konya Vize Ba\u015fvuru Merkezi. Gana Vizesi Nas\u0131l Al\u0131n\u0131r? Ba\u015fvuru Yapmak \u0130\u00e7in Konya \u015eubemizi Aray\u0131n: 0850 346 84 93\" \/>\n<meta property=\"og:url\" content=\"https:\/\/www.myvize.com.tr\/gana\/subelerimiz\/konya\/\" \/>\n<meta property=\"og:site_name\" content=\"Gana Vizesi\" \/>\n<meta property=\"article:modified_time\" content=\"2022-05-07T11:17:32+00:00\" \/>\n<meta name=\"twitter:card\" content=\"summary_large_image\" \/>\n<meta name=\"twitter:label1\" content=\"Tahmini okuma s\u00fcresi\" \/>\n\t<meta name=\"twitter:data1\" content=\"1 dakika\" \/>\n<script type=\"application\/ld+json\" class=\"yoast-schema-graph\">{\"@context\":\"https:\/\/schema.org\",\"@graph\":[{\"@type\":\"WebPage\",\"@id\":\"https:\/\/www.myvize.com.tr\/gana\/subelerimiz\/konya\/\",\"url\":\"https:\/\/www.myvize.com.tr\/gana\/subelerimiz\/konya\/\",\"name\":\"Gana Vize Ba\u015fvuru \u015eubesi Konya - MyVize Vize Ba\u015fvuru Merkezi\",\"isPartOf\":{\"@id\":\"https:\/\/www.myvize.com.tr\/gana\/#website\"},\"datePublished\":\"2020-12-29T13:20:42+00:00\",\"dateModified\":\"2022-05-07T11:17:32+00:00\",\"description\":\"Gana Vizesi Konya Vize Ba\u015fvuru Merkezi. Gana Vizesi Nas\u0131l Al\u0131n\u0131r? Ba\u015fvuru Yapmak \u0130\u00e7in Konya \u015eubemizi Aray\u0131n: 0850 346 84 93\",\"breadcrumb\":{\"@id\":\"https:\/\/www.myvize.com.tr\/gana\/subelerimiz\/konya\/#breadcrumb\"},\"inLanguage\":\"tr\",\"potentialAction\":[{\"@type\":\"ReadAction\",\"target\":[\"https:\/\/www.myvize.com.tr\/gana\/subelerimiz\/konya\/\"]}]},{\"@type\":\"BreadcrumbList\",\"@id\":\"https:\/\/www.myvize.com.tr\/gana\/subelerimiz\/konya\/#breadcrumb\",\"itemListElement\":[{\"@type\":\"ListItem\",\"position\":1,\"name\":\"Anasayfa\",\"item\":\"https:\/\/www.myvize.com.tr\/gana\/\"},{\"@type\":\"ListItem\",\"position\":2,\"name\":\"\u015eUBELER\u0130M\u0130Z\",\"item\":\"https:\/\/www.myvize.com.tr\/gana\/subelerimiz\/\"},{\"@type\":\"ListItem\",\"position\":3,\"name\":\"Konya\"}]},{\"@type\":\"WebSite\",\"@id\":\"https:\/\/www.myvize.com.tr\/gana\/#website\",\"url\":\"https:\/\/www.myvize.com.tr\/gana\/\",\"name\":\"Gana Vizesi\",\"description\":\"\",\"potentialAction\":[{\"@type\":\"SearchAction\",\"target\":{\"@type\":\"EntryPoint\",\"urlTemplate\":\"https:\/\/www.myvize.com.tr\/gana\/?s={search_term_string}\"},\"query-input\":{\"@type\":\"PropertyValueSpecification\",\"valueRequired\":true,\"valueName\":\"search_term_string\"}}],\"inLanguage\":\"tr\"}]}<\/script>\n<!-- \/ Yoast SEO plugin. -->","yoast_head_json":{"title":"Gana Vize Ba\u015fvuru \u015eubesi Konya - MyVize Vize Ba\u015fvuru Merkezi","description":"Gana Vizesi Konya Vize Ba\u015fvuru Merkezi. Gana Vizesi Nas\u0131l Al\u0131n\u0131r? Ba\u015fvuru Yapmak \u0130\u00e7in Konya \u015eubemizi Aray\u0131n: 0850 346 84 93","robots":{"index":"index","follow":"follow","max-snippet":"max-snippet:-1","max-image-preview":"max-image-preview:large","max-video-preview":"max-video-preview:-1"},"canonical":"https:\/\/www.myvize.com.tr\/gana\/subelerimiz\/konya\/","og_locale":"tr_TR","og_type":"article","og_title":"Gana Vize Ba\u015fvuru \u015eubesi Konya - MyVize Vize Ba\u015fvuru Merkezi","og_description":"Gana Vizesi Konya Vize Ba\u015fvuru Merkezi. Gana Vizesi Nas\u0131l Al\u0131n\u0131r? Ba\u015fvuru Yapmak \u0130\u00e7in Konya \u015eubemizi Aray\u0131n: 0850 346 84 93","og_url":"https:\/\/www.myvize.com.tr\/gana\/subelerimiz\/konya\/","og_site_name":"Gana Vizesi","article_modified_time":"2022-05-07T11:17:32+00:00","twitter_card":"summary_large_image","twitter_misc":{"Tahmini okuma s\u00fcresi":"1 dakika"},"schema":{"@context":"https:\/\/schema.org","@graph":[{"@type":"WebPage","@id":"https:\/\/www.myvize.com.tr\/gana\/subelerimiz\/konya\/","url":"https:\/\/www.myvize.com.tr\/gana\/subelerimiz\/konya\/","name":"Gana Vize Ba\u015fvuru \u015eubesi Konya - MyVize Vize Ba\u015fvuru Merkezi","isPartOf":{"@id":"https:\/\/www.myvize.com.tr\/gana\/#website"},"datePublished":"2020-12-29T13:20:42+00:00","dateModified":"2022-05-07T11:17:32+00:00","description":"Gana Vizesi Konya Vize Ba\u015fvuru Merkezi. Gana Vizesi Nas\u0131l Al\u0131n\u0131r? Ba\u015fvuru Yapmak \u0130\u00e7in Konya \u015eubemizi Aray\u0131n: 0850 346 84 93","breadcrumb":{"@id":"https:\/\/www.myvize.com.tr\/gana\/subelerimiz\/konya\/#breadcrumb"},"inLanguage":"tr","potentialAction":[{"@type":"ReadAction","target":["https:\/\/www.myvize.com.tr\/gana\/subelerimiz\/konya\/"]}]},{"@type":"BreadcrumbList","@id":"https:\/\/www.myvize.com.tr\/gana\/subelerimiz\/konya\/#breadcrumb","itemListElement":[{"@type":"ListItem","position":1,"name":"Anasayfa","item":"https:\/\/www.myvize.com.tr\/gana\/"},{"@type":"ListItem","position":2,"name":"\u015eUBELER\u0130M\u0130Z","item":"https:\/\/www.myvize.com.tr\/gana\/subelerimiz\/"},{"@type":"ListItem","position":3,"name":"Konya"}]},{"@type":"WebSite","@id":"https:\/\/www.myvize.com.tr\/gana\/#website","url":"https:\/\/www.myvize.com.tr\/gana\/","name":"Gana Vizesi","description":"","potentialAction":[{"@type":"SearchAction","target":{"@type":"EntryPoint","urlTemplate":"https:\/\/www.myvize.com.tr\/gana\/?s={search_term_string}"},"query-input":{"@type":"PropertyValueSpecification","valueRequired":true,"valueName":"search_term_string"}}],"inLanguage":"tr"}]}},"_links":{"self":[{"href":"https:\/\/www.myvize.com.tr\/gana\/wp-json\/wp\/v2\/pages\/204","targetHints":{"allow":["GET"]}}],"collection":[{"href":"https:\/\/www.myvize.com.tr\/gana\/wp-json\/wp\/v2\/pages"}],"about":[{"href":"https:\/\/www.myvize.com.tr\/gana\/wp-json\/wp\/v2\/types\/page"}],"author":[{"embeddable":true,"href":"https:\/\/www.myvize.com.tr\/gana\/wp-json\/wp\/v2\/users\/1"}],"replies":[{"embeddable":true,"href":"https:\/\/www.myvize.com.tr\/gana\/wp-json\/wp\/v2\/comments?post=204"}],"version-history":[{"count":5,"href":"https:\/\/www.myvize.com.tr\/gana\/wp-json\/wp\/v2\/pages\/204\/revisions"}],"predecessor-version":[{"id":724,"href":"https:\/\/www.myvize.com.tr\/gana\/wp-json\/wp\/v2\/pages\/204\/revisions\/724"}],"up":[{"embeddable":true,"href":"https:\/\/www.myvize.com.tr\/gana\/wp-json\/wp\/v2\/pages\/175"}],"wp:attachment":[{"href":"https:\/\/www.myvize.com.tr\/gana\/wp-json\/wp\/v2\/media?parent=204"}],"curies":[{"name":"wp","href":"https:\/\/api.w.org\/{rel}","templated":true}]}}