{"id":206,"date":"2020-12-29T16:20:59","date_gmt":"2020-12-29T13:20:59","guid":{"rendered":"https:\/\/www.myvize.com.tr\/gana\/?page_id=206"},"modified":"2022-05-07T14:17:00","modified_gmt":"2022-05-07T11:17:00","slug":"ankara","status":"publish","type":"page","link":"https:\/\/www.myvize.com.tr\/gana\/subelerimiz\/ankara\/","title":{"rendered":"Ankara"},"content":{"rendered":"<p><span style=\"font-family: Roboto;\"><\/span><\/p>\r\n<p><span style=\"font-family: Roboto; font-size: 14px;\"><strong>Gana Ankara vize merkezi<\/strong> ofisimize ho\u015f geldiniz. <span style=\"color: #2acec2;\"><strong><a style=\"color: #2acec2;\" href=\"https:\/\/www.myvize.com.tr\/gana\/vize-islemleri\/gana-vizesi\/\" target=\"_blank\" rel=\"noopener\">Gana vizesi<\/a><\/strong><\/span> ile ilgili \u00f6\u011frenmek istedi\u011finiz b\u00fct\u00fcn bilgileri Gana Ankara vize merkezi ofisimizden \u00f6\u011frenebilirsiniz. Ankara\u2019ya yak\u0131n iller ve il\u00e7elere hizmet sa\u011flayan merkezden kolay bir \u015fekilde vize alabilmek i\u00e7in dan\u0131\u015fmanl\u0131k hatt\u0131ndan bilgi alabilirsiniz. <strong>Gana Ankara vize merkezi<\/strong> ofisinden <span style=\"color: #2acec2;\"><strong><a style=\"color: #2acec2;\" href=\"https:\/\/www.myvize.com.tr\/gana\/vize-islemleri\/\" target=\"_blank\" rel=\"noopener\">vize i\u015flemleri<\/a><\/strong><\/span> i\u00e7in gerekli olan evraklar i\u00e7in detayl\u0131 e mail isteyebilirsiniz. Bu evraklar\u0131 eksiksiz tamamlaman\u0131z gereklidir. Tamamlanan evraklar\u0131 kurye yolu ile ya da elden teslim etmelisiniz. Gana vizesi i\u00e7in pasaportunuzun olmas\u0131 gereklidir. Pasaportunuzun en az ge\u00e7erlilik s\u00fcresi alt\u0131 ay olmal\u0131d\u0131r. T\u00fcm bu i\u015flemler tamamland\u0131ktan sonra pasaportunuza vizeniz i\u015flenmi\u015f bir \u015fekilde Gana Ankara vize merkezi ofisinden alabilirsiniz. GANA V\u0130ZES\u0130 NE KADAR S\u00dcREDE SONU\u00c7LANIR? Gana Ankara vize merkezi ofisimizin g\u00f6ndermi\u015f oldu\u011fu t\u00fcm i\u015flemlerinizi ger\u00e7ekle\u015ftirdikten sonra vize de\u011ferlendirme a\u015famas\u0131 ba\u015flar. Bu a\u015fama sadece <strong>Gana Konsoloslu\u011fu<\/strong> taraf\u0131ndan ger\u00e7ekle\u015fmektedir. Vize merkezi ofisimiz bu s\u00fcrece herhangi bir m\u00fcdahalede bulunamaz. Vize i\u015flemleriniz yedi ile on g\u00fcn aras\u0131nda sonu\u00e7lanmaktad\u0131r. Konsoloslu\u011fun yo\u011fun oldu\u011fu zamanlar bu s\u00fcre\u00e7 uzuyabilir.<\/span><\/p>\r\n<h2><span style=\"font-family: Roboto; font-size: 27px;\"><strong>Gana Vize Ba\u015fvuru Merkezi, Ankara<\/strong><\/span><\/h2>\r\n<p><span style=\"font-family: Roboto; font-size: 14px;\"><strong>Ankara Gana vize ba\u015fvurusu\u00a0<\/strong>Ankara \u00e7evre illerinde oturan ki\u015filerin de vize i\u015flemlerini yerine getirir. Vize i\u00e7in gerekli olan evraklar\u0131n eksiksiz olarak tamamlanmas\u0131 halinde sizin ofise gitmenize gerek kalmadan i\u015flemleriniz yerine getirilir. Evraklar\u0131n tam olmas\u0131 i\u00e7in \u00f6ncelikle <strong>vize ba\u015fvuru formunun<\/strong> tam ve eksiksiz olarak doldurulmas\u0131 gerekir. Form doldurma i\u015fleminin <strong>\u0130ngilizce<\/strong> yap\u0131lmas\u0131 gerekir. Ayn\u0131 zaman da b\u00fcy\u00fck harfler ile ve okunakl\u0131 bir \u015fekilde form doldurulmal\u0131d\u0131r. Form doldurma i\u015flemi i\u00e7in mavi t\u00fckenmez kalem tercih edilmelidir. Ayn\u0131 zaman da pasaportunda \u00e7ok eski olmamas\u0131na dikkat edilmelidir. 10 y\u0131ldan daha eski olmamal\u0131d\u0131r. Ayn\u0131 zaman da seyahat tarihinden itibaren de 6 ay ge\u00e7erlili\u011fe sahip olmas\u0131 gerekir. Bunun yan\u0131 s\u0131ra 2 adet bo\u015f sayfas\u0131nda bulunmas\u0131 gerekir. Bu durumlar\u0131n olmamas\u0131 halinde kabul edilmez. <strong>Ba\u015fvuru formunda<\/strong> yanl\u0131\u015f hi\u00e7bir bilgi yer almamal\u0131d\u0131r. Ba\u015fvuru formunda doldurulan bilgiler ile haz\u0131rlanan evraklarda ki belgelerin her birinin birbiri ile uyumlu olmas\u0131 gerekir. Kullan\u0131lan imza bile di\u011ferleri ile ayn\u0131 olmal\u0131d\u0131r. Aksi halde <strong>ba\u015fvuru i\u015flemi kabul<\/strong> edilmez.\u00a0<\/span><\/p>\r\n<p><span style=\"font-family: Roboto;\"><\/span><\/p>","protected":false},"excerpt":{"rendered":"<p>Gana Ankara vize merkezi ofisimize ho\u015f geldiniz. Gana vizesi ile ilgili \u00f6\u011frenmek istedi\u011finiz b\u00fct\u00fcn bilgileri Gana Ankara vize merkezi ofisimizden \u00f6\u011frenebilirsiniz. Ankara\u2019ya yak\u0131n iller ve il\u00e7elere hizmet sa\u011flayan merkezden kolay bir \u015fekilde vize alabilmek i\u00e7in dan\u0131\u015fmanl\u0131k hatt\u0131ndan bilgi alabilirsiniz. Gana Ankara vize merkezi ofisinden vize i\u015flemleri i\u00e7in gerekli olan evraklar i\u00e7in detayl\u0131 e mail isteyebilirsiniz.<\/p>\n","protected":false},"author":1,"featured_media":0,"parent":175,"menu_order":0,"comment_status":"open","ping_status":"closed","template":"","meta":{"footnotes":""},"class_list":["post-206","page","type-page","status-publish","hentry"],"yoast_head":"<!-- This site is optimized with the Yoast SEO plugin v24.0 - https:\/\/yoast.com\/wordpress\/plugins\/seo\/ -->\n<title>Gana Vizesi Ankara Vize Ba\u015fvuru Merkezi - MyVize<\/title>\n<meta name=\"description\" content=\"Gana Vizesi Ankara Vize Ba\u015fvuru Merkezi. Gana Vizesi Nas\u0131l Al\u0131n\u0131r? Ba\u015fvuru Yapmak \u0130\u00e7in Ankara \u015eubemizi Aray\u0131n: 0850 346 84 93\" \/>\n<meta name=\"robots\" content=\"index, follow, max-snippet:-1, max-image-preview:large, max-video-preview:-1\" \/>\n<link rel=\"canonical\" href=\"https:\/\/www.myvize.com.tr\/gana\/subelerimiz\/ankara\/\" \/>\n<meta property=\"og:locale\" content=\"tr_TR\" \/>\n<meta property=\"og:type\" content=\"article\" \/>\n<meta property=\"og:title\" content=\"Gana Vizesi Ankara Vize Ba\u015fvuru Merkezi - MyVize\" \/>\n<meta property=\"og:description\" content=\"Gana Vizesi Ankara Vize Ba\u015fvuru Merkezi. Gana Vizesi Nas\u0131l Al\u0131n\u0131r? Ba\u015fvuru Yapmak \u0130\u00e7in Ankara \u015eubemizi Aray\u0131n: 0850 346 84 93\" \/>\n<meta property=\"og:url\" content=\"https:\/\/www.myvize.com.tr\/gana\/subelerimiz\/ankara\/\" \/>\n<meta property=\"og:site_name\" content=\"Gana Vizesi\" \/>\n<meta property=\"article:modified_time\" content=\"2022-05-07T11:17:00+00:00\" \/>\n<meta name=\"twitter:card\" content=\"summary_large_image\" \/>\n<meta name=\"twitter:label1\" content=\"Tahmini okuma s\u00fcresi\" \/>\n\t<meta name=\"twitter:data1\" content=\"2 dakika\" \/>\n<script type=\"application\/ld+json\" class=\"yoast-schema-graph\">{\"@context\":\"https:\/\/schema.org\",\"@graph\":[{\"@type\":\"WebPage\",\"@id\":\"https:\/\/www.myvize.com.tr\/gana\/subelerimiz\/ankara\/\",\"url\":\"https:\/\/www.myvize.com.tr\/gana\/subelerimiz\/ankara\/\",\"name\":\"Gana Vizesi Ankara Vize Ba\u015fvuru Merkezi - MyVize\",\"isPartOf\":{\"@id\":\"https:\/\/www.myvize.com.tr\/gana\/#website\"},\"datePublished\":\"2020-12-29T13:20:59+00:00\",\"dateModified\":\"2022-05-07T11:17:00+00:00\",\"description\":\"Gana Vizesi Ankara Vize Ba\u015fvuru Merkezi. Gana Vizesi Nas\u0131l Al\u0131n\u0131r? Ba\u015fvuru Yapmak \u0130\u00e7in Ankara \u015eubemizi Aray\u0131n: 0850 346 84 93\",\"breadcrumb\":{\"@id\":\"https:\/\/www.myvize.com.tr\/gana\/subelerimiz\/ankara\/#breadcrumb\"},\"inLanguage\":\"tr\",\"potentialAction\":[{\"@type\":\"ReadAction\",\"target\":[\"https:\/\/www.myvize.com.tr\/gana\/subelerimiz\/ankara\/\"]}]},{\"@type\":\"BreadcrumbList\",\"@id\":\"https:\/\/www.myvize.com.tr\/gana\/subelerimiz\/ankara\/#breadcrumb\",\"itemListElement\":[{\"@type\":\"ListItem\",\"position\":1,\"name\":\"Anasayfa\",\"item\":\"https:\/\/www.myvize.com.tr\/gana\/\"},{\"@type\":\"ListItem\",\"position\":2,\"name\":\"\u015eUBELER\u0130M\u0130Z\",\"item\":\"https:\/\/www.myvize.com.tr\/gana\/subelerimiz\/\"},{\"@type\":\"ListItem\",\"position\":3,\"name\":\"Ankara\"}]},{\"@type\":\"WebSite\",\"@id\":\"https:\/\/www.myvize.com.tr\/gana\/#website\",\"url\":\"https:\/\/www.myvize.com.tr\/gana\/\",\"name\":\"Gana Vizesi\",\"description\":\"\",\"potentialAction\":[{\"@type\":\"SearchAction\",\"target\":{\"@type\":\"EntryPoint\",\"urlTemplate\":\"https:\/\/www.myvize.com.tr\/gana\/?s={search_term_string}\"},\"query-input\":{\"@type\":\"PropertyValueSpecification\",\"valueRequired\":true,\"valueName\":\"search_term_string\"}}],\"inLanguage\":\"tr\"}]}<\/script>\n<!-- \/ Yoast SEO plugin. -->","yoast_head_json":{"title":"Gana Vizesi Ankara Vize Ba\u015fvuru Merkezi - MyVize","description":"Gana Vizesi Ankara Vize Ba\u015fvuru Merkezi. Gana Vizesi Nas\u0131l Al\u0131n\u0131r? Ba\u015fvuru Yapmak \u0130\u00e7in Ankara \u015eubemizi Aray\u0131n: 0850 346 84 93","robots":{"index":"index","follow":"follow","max-snippet":"max-snippet:-1","max-image-preview":"max-image-preview:large","max-video-preview":"max-video-preview:-1"},"canonical":"https:\/\/www.myvize.com.tr\/gana\/subelerimiz\/ankara\/","og_locale":"tr_TR","og_type":"article","og_title":"Gana Vizesi Ankara Vize Ba\u015fvuru Merkezi - MyVize","og_description":"Gana Vizesi Ankara Vize Ba\u015fvuru Merkezi. Gana Vizesi Nas\u0131l Al\u0131n\u0131r? Ba\u015fvuru Yapmak \u0130\u00e7in Ankara \u015eubemizi Aray\u0131n: 0850 346 84 93","og_url":"https:\/\/www.myvize.com.tr\/gana\/subelerimiz\/ankara\/","og_site_name":"Gana Vizesi","article_modified_time":"2022-05-07T11:17:00+00:00","twitter_card":"summary_large_image","twitter_misc":{"Tahmini okuma s\u00fcresi":"2 dakika"},"schema":{"@context":"https:\/\/schema.org","@graph":[{"@type":"WebPage","@id":"https:\/\/www.myvize.com.tr\/gana\/subelerimiz\/ankara\/","url":"https:\/\/www.myvize.com.tr\/gana\/subelerimiz\/ankara\/","name":"Gana Vizesi Ankara Vize Ba\u015fvuru Merkezi - MyVize","isPartOf":{"@id":"https:\/\/www.myvize.com.tr\/gana\/#website"},"datePublished":"2020-12-29T13:20:59+00:00","dateModified":"2022-05-07T11:17:00+00:00","description":"Gana Vizesi Ankara Vize Ba\u015fvuru Merkezi. Gana Vizesi Nas\u0131l Al\u0131n\u0131r? Ba\u015fvuru Yapmak \u0130\u00e7in Ankara \u015eubemizi Aray\u0131n: 0850 346 84 93","breadcrumb":{"@id":"https:\/\/www.myvize.com.tr\/gana\/subelerimiz\/ankara\/#breadcrumb"},"inLanguage":"tr","potentialAction":[{"@type":"ReadAction","target":["https:\/\/www.myvize.com.tr\/gana\/subelerimiz\/ankara\/"]}]},{"@type":"BreadcrumbList","@id":"https:\/\/www.myvize.com.tr\/gana\/subelerimiz\/ankara\/#breadcrumb","itemListElement":[{"@type":"ListItem","position":1,"name":"Anasayfa","item":"https:\/\/www.myvize.com.tr\/gana\/"},{"@type":"ListItem","position":2,"name":"\u015eUBELER\u0130M\u0130Z","item":"https:\/\/www.myvize.com.tr\/gana\/subelerimiz\/"},{"@type":"ListItem","position":3,"name":"Ankara"}]},{"@type":"WebSite","@id":"https:\/\/www.myvize.com.tr\/gana\/#website","url":"https:\/\/www.myvize.com.tr\/gana\/","name":"Gana Vizesi","description":"","potentialAction":[{"@type":"SearchAction","target":{"@type":"EntryPoint","urlTemplate":"https:\/\/www.myvize.com.tr\/gana\/?s={search_term_string}"},"query-input":{"@type":"PropertyValueSpecification","valueRequired":true,"valueName":"search_term_string"}}],"inLanguage":"tr"}]}},"_links":{"self":[{"href":"https:\/\/www.myvize.com.tr\/gana\/wp-json\/wp\/v2\/pages\/206","targetHints":{"allow":["GET"]}}],"collection":[{"href":"https:\/\/www.myvize.com.tr\/gana\/wp-json\/wp\/v2\/pages"}],"about":[{"href":"https:\/\/www.myvize.com.tr\/gana\/wp-json\/wp\/v2\/types\/page"}],"author":[{"embeddable":true,"href":"https:\/\/www.myvize.com.tr\/gana\/wp-json\/wp\/v2\/users\/1"}],"replies":[{"embeddable":true,"href":"https:\/\/www.myvize.com.tr\/gana\/wp-json\/wp\/v2\/comments?post=206"}],"version-history":[{"count":6,"href":"https:\/\/www.myvize.com.tr\/gana\/wp-json\/wp\/v2\/pages\/206\/revisions"}],"predecessor-version":[{"id":723,"href":"https:\/\/www.myvize.com.tr\/gana\/wp-json\/wp\/v2\/pages\/206\/revisions\/723"}],"up":[{"embeddable":true,"href":"https:\/\/www.myvize.com.tr\/gana\/wp-json\/wp\/v2\/pages\/175"}],"wp:attachment":[{"href":"https:\/\/www.myvize.com.tr\/gana\/wp-json\/wp\/v2\/media?parent=206"}],"curies":[{"name":"wp","href":"https:\/\/api.w.org\/{rel}","templated":true}]}}