{"id":208,"date":"2020-12-29T16:21:16","date_gmt":"2020-12-29T13:21:16","guid":{"rendered":"https:\/\/www.myvize.com.tr\/gana\/?page_id=208"},"modified":"2022-05-07T14:13:19","modified_gmt":"2022-05-07T11:13:19","slug":"bursa","status":"publish","type":"page","link":"https:\/\/www.myvize.com.tr\/gana\/subelerimiz\/bursa\/","title":{"rendered":"Bursa"},"content":{"rendered":"<h2><span style=\"font-family: Roboto; font-size: 27px;\"><strong>Gana Vize Ba\u015fvuru Merkezi, Bursa<\/strong><\/span><\/h2>\n<p><span style=\"font-family: Roboto; font-size: 14px;\"><strong>Bursa Gana vize ba\u015fvurusu\u00a0<\/strong>i\u015flemlerini <strong>Bursa<\/strong>, <strong>Bal\u0131kesir<\/strong>, <strong>Bilecik<\/strong> gibi \u015fehirlerde ikamet etmeniz durumunda evraklar\u0131n\u0131z\u0131 haz\u0131rlayarak kendiniz ba\u015fvuru i\u015flemlerinizi yerine getirebilirsiniz. Ayn\u0131 zaman da evraklar\u0131 kargo yolu ile de iletme imkan\u0131n\u0131z vard\u0131r. <strong>Vize i\u00e7in gerekli olan evraklar\u0131<\/strong> tamamlamadan \u00f6nce ne i\u00e7in ve ne kadar s\u00fcre i\u00e7in gidece\u011finizi belirlemeniz gerekir. Bu sayede gerekli olan evraklar\u0131da do\u011fru bir \u015fekilde tamamlayabilme durumunuz m\u00fcmk\u00fcn olur. \u00c7\u00fcnk\u00fc gerekli olan evraklar seyahatin t\u00fcr\u00fcne g\u00f6re de\u011fi\u015fiklik g\u00f6sterir. <strong>Gerekli olan evraklar\u0131<\/strong> ofisten \u00f6\u011frenebilece\u011finiz gibi telefon numaras\u0131 ile ula\u015farak da kolayl\u0131kla ula\u015fma imkan\u0131n\u0131z olur. \u00dcstelik dan\u0131\u015fmanl\u0131k hizmeti alarak herhangi bir sorun ya da s\u0131k\u0131nt\u0131 ya\u015famadan i\u015flemlerinizi yerine getirme durumunuz da m\u00fcmk\u00fcn olur. Bu haz\u0131rlam\u0131\u015f oldu\u011funuz evraklara ek gerek g\u00f6r\u00fclmesi halinde ba\u015fka evraklarda istenecektir. Bu nedenle de ba\u015fvuru i\u015flemlerini seyahatten en az 1 ay \u00f6nce ba\u015fvuru i\u015fleminizi yapman\u0131z \u00e7ok daha do\u011fru olur. <strong>Vize inceleme<\/strong> i\u015flemlerinden sonra vize ile ilgili i\u015flemlerin sonu\u00e7 bulmas\u0131 7 i\u015f g\u00fcn\u00fcn\u00fc bulur. Ancak evraklar\u0131n do\u011fru ve eksiksiz olmas\u0131 halinde bir sorun \u00e7\u0131kma olas\u0131l\u0131\u011f\u0131 olduk\u00e7a d\u00fc\u015f\u00fckt\u00fcr.\u00a0<\/span><\/p>\n<p><span style=\"font-family: Roboto; font-size: 14px;\"><span style=\"color: #2acec2;\"><strong><a style=\"color: #2acec2;\" href=\"https:\/\/www.myvize.com.tr\/gana\/vize-islemleri\/gana-vize-randevusu-2\/\" target=\"_blank\" rel=\"noopener\">Gana Vize Randevusu<\/a><\/strong><\/span> ile ilgili bilgi almak i\u00e7in bizi aray\u0131n.<\/span><\/p>\n","protected":false},"excerpt":{"rendered":"<p>Gana Vize Ba\u015fvuru Merkezi, Bursa Bursa Gana vize ba\u015fvurusu\u00a0i\u015flemlerini Bursa, Bal\u0131kesir, Bilecik gibi \u015fehirlerde ikamet etmeniz durumunda evraklar\u0131n\u0131z\u0131 haz\u0131rlayarak kendiniz ba\u015fvuru i\u015flemlerinizi yerine getirebilirsiniz. Ayn\u0131 zaman da evraklar\u0131 kargo yolu ile de iletme imkan\u0131n\u0131z vard\u0131r. Vize i\u00e7in gerekli olan evraklar\u0131 tamamlamadan \u00f6nce ne i\u00e7in ve ne kadar s\u00fcre i\u00e7in gidece\u011finizi belirlemeniz gerekir. Bu sayede gerekli<\/p>\n","protected":false},"author":1,"featured_media":0,"parent":175,"menu_order":0,"comment_status":"open","ping_status":"closed","template":"","meta":{"footnotes":""},"class_list":["post-208","page","type-page","status-publish","hentry"],"yoast_head":"<!-- This site is optimized with the Yoast SEO plugin v24.0 - https:\/\/yoast.com\/wordpress\/plugins\/seo\/ -->\n<title>Gana Vizesi Bursa Vize Ba\u015fvuru Merkezimiz - MyVize<\/title>\n<meta name=\"description\" content=\"Gana Vizesi Bursa Vize Ba\u015fvuru Merkezi. Gana Vizesi Nas\u0131l Al\u0131n\u0131r? Ba\u015fvuru Yapmak \u0130\u00e7in Bursa \u015eubemizi Aray\u0131n: 0850 346 84 93\" \/>\n<meta name=\"robots\" content=\"index, follow, max-snippet:-1, max-image-preview:large, max-video-preview:-1\" \/>\n<link rel=\"canonical\" href=\"https:\/\/www.myvize.com.tr\/gana\/subelerimiz\/bursa\/\" \/>\n<meta property=\"og:locale\" content=\"tr_TR\" \/>\n<meta property=\"og:type\" content=\"article\" \/>\n<meta property=\"og:title\" content=\"Gana Vizesi Bursa Vize Ba\u015fvuru Merkezimiz - MyVize\" \/>\n<meta property=\"og:description\" content=\"Gana Vizesi Bursa Vize Ba\u015fvuru Merkezi. Gana Vizesi Nas\u0131l Al\u0131n\u0131r? Ba\u015fvuru Yapmak \u0130\u00e7in Bursa \u015eubemizi Aray\u0131n: 0850 346 84 93\" \/>\n<meta property=\"og:url\" content=\"https:\/\/www.myvize.com.tr\/gana\/subelerimiz\/bursa\/\" \/>\n<meta property=\"og:site_name\" content=\"Gana Vizesi\" \/>\n<meta property=\"article:modified_time\" content=\"2022-05-07T11:13:19+00:00\" \/>\n<meta name=\"twitter:card\" content=\"summary_large_image\" \/>\n<meta name=\"twitter:label1\" content=\"Tahmini okuma s\u00fcresi\" \/>\n\t<meta name=\"twitter:data1\" content=\"1 dakika\" \/>\n<script type=\"application\/ld+json\" class=\"yoast-schema-graph\">{\"@context\":\"https:\/\/schema.org\",\"@graph\":[{\"@type\":\"WebPage\",\"@id\":\"https:\/\/www.myvize.com.tr\/gana\/subelerimiz\/bursa\/\",\"url\":\"https:\/\/www.myvize.com.tr\/gana\/subelerimiz\/bursa\/\",\"name\":\"Gana Vizesi Bursa Vize Ba\u015fvuru Merkezimiz - MyVize\",\"isPartOf\":{\"@id\":\"https:\/\/www.myvize.com.tr\/gana\/#website\"},\"datePublished\":\"2020-12-29T13:21:16+00:00\",\"dateModified\":\"2022-05-07T11:13:19+00:00\",\"description\":\"Gana Vizesi Bursa Vize Ba\u015fvuru Merkezi. Gana Vizesi Nas\u0131l Al\u0131n\u0131r? Ba\u015fvuru Yapmak \u0130\u00e7in Bursa \u015eubemizi Aray\u0131n: 0850 346 84 93\",\"breadcrumb\":{\"@id\":\"https:\/\/www.myvize.com.tr\/gana\/subelerimiz\/bursa\/#breadcrumb\"},\"inLanguage\":\"tr\",\"potentialAction\":[{\"@type\":\"ReadAction\",\"target\":[\"https:\/\/www.myvize.com.tr\/gana\/subelerimiz\/bursa\/\"]}]},{\"@type\":\"BreadcrumbList\",\"@id\":\"https:\/\/www.myvize.com.tr\/gana\/subelerimiz\/bursa\/#breadcrumb\",\"itemListElement\":[{\"@type\":\"ListItem\",\"position\":1,\"name\":\"Anasayfa\",\"item\":\"https:\/\/www.myvize.com.tr\/gana\/\"},{\"@type\":\"ListItem\",\"position\":2,\"name\":\"\u015eUBELER\u0130M\u0130Z\",\"item\":\"https:\/\/www.myvize.com.tr\/gana\/subelerimiz\/\"},{\"@type\":\"ListItem\",\"position\":3,\"name\":\"Bursa\"}]},{\"@type\":\"WebSite\",\"@id\":\"https:\/\/www.myvize.com.tr\/gana\/#website\",\"url\":\"https:\/\/www.myvize.com.tr\/gana\/\",\"name\":\"Gana Vizesi\",\"description\":\"\",\"potentialAction\":[{\"@type\":\"SearchAction\",\"target\":{\"@type\":\"EntryPoint\",\"urlTemplate\":\"https:\/\/www.myvize.com.tr\/gana\/?s={search_term_string}\"},\"query-input\":{\"@type\":\"PropertyValueSpecification\",\"valueRequired\":true,\"valueName\":\"search_term_string\"}}],\"inLanguage\":\"tr\"}]}<\/script>\n<!-- \/ Yoast SEO plugin. -->","yoast_head_json":{"title":"Gana Vizesi Bursa Vize Ba\u015fvuru Merkezimiz - MyVize","description":"Gana Vizesi Bursa Vize Ba\u015fvuru Merkezi. Gana Vizesi Nas\u0131l Al\u0131n\u0131r? Ba\u015fvuru Yapmak \u0130\u00e7in Bursa \u015eubemizi Aray\u0131n: 0850 346 84 93","robots":{"index":"index","follow":"follow","max-snippet":"max-snippet:-1","max-image-preview":"max-image-preview:large","max-video-preview":"max-video-preview:-1"},"canonical":"https:\/\/www.myvize.com.tr\/gana\/subelerimiz\/bursa\/","og_locale":"tr_TR","og_type":"article","og_title":"Gana Vizesi Bursa Vize Ba\u015fvuru Merkezimiz - MyVize","og_description":"Gana Vizesi Bursa Vize Ba\u015fvuru Merkezi. Gana Vizesi Nas\u0131l Al\u0131n\u0131r? Ba\u015fvuru Yapmak \u0130\u00e7in Bursa \u015eubemizi Aray\u0131n: 0850 346 84 93","og_url":"https:\/\/www.myvize.com.tr\/gana\/subelerimiz\/bursa\/","og_site_name":"Gana Vizesi","article_modified_time":"2022-05-07T11:13:19+00:00","twitter_card":"summary_large_image","twitter_misc":{"Tahmini okuma s\u00fcresi":"1 dakika"},"schema":{"@context":"https:\/\/schema.org","@graph":[{"@type":"WebPage","@id":"https:\/\/www.myvize.com.tr\/gana\/subelerimiz\/bursa\/","url":"https:\/\/www.myvize.com.tr\/gana\/subelerimiz\/bursa\/","name":"Gana Vizesi Bursa Vize Ba\u015fvuru Merkezimiz - MyVize","isPartOf":{"@id":"https:\/\/www.myvize.com.tr\/gana\/#website"},"datePublished":"2020-12-29T13:21:16+00:00","dateModified":"2022-05-07T11:13:19+00:00","description":"Gana Vizesi Bursa Vize Ba\u015fvuru Merkezi. Gana Vizesi Nas\u0131l Al\u0131n\u0131r? Ba\u015fvuru Yapmak \u0130\u00e7in Bursa \u015eubemizi Aray\u0131n: 0850 346 84 93","breadcrumb":{"@id":"https:\/\/www.myvize.com.tr\/gana\/subelerimiz\/bursa\/#breadcrumb"},"inLanguage":"tr","potentialAction":[{"@type":"ReadAction","target":["https:\/\/www.myvize.com.tr\/gana\/subelerimiz\/bursa\/"]}]},{"@type":"BreadcrumbList","@id":"https:\/\/www.myvize.com.tr\/gana\/subelerimiz\/bursa\/#breadcrumb","itemListElement":[{"@type":"ListItem","position":1,"name":"Anasayfa","item":"https:\/\/www.myvize.com.tr\/gana\/"},{"@type":"ListItem","position":2,"name":"\u015eUBELER\u0130M\u0130Z","item":"https:\/\/www.myvize.com.tr\/gana\/subelerimiz\/"},{"@type":"ListItem","position":3,"name":"Bursa"}]},{"@type":"WebSite","@id":"https:\/\/www.myvize.com.tr\/gana\/#website","url":"https:\/\/www.myvize.com.tr\/gana\/","name":"Gana Vizesi","description":"","potentialAction":[{"@type":"SearchAction","target":{"@type":"EntryPoint","urlTemplate":"https:\/\/www.myvize.com.tr\/gana\/?s={search_term_string}"},"query-input":{"@type":"PropertyValueSpecification","valueRequired":true,"valueName":"search_term_string"}}],"inLanguage":"tr"}]}},"_links":{"self":[{"href":"https:\/\/www.myvize.com.tr\/gana\/wp-json\/wp\/v2\/pages\/208","targetHints":{"allow":["GET"]}}],"collection":[{"href":"https:\/\/www.myvize.com.tr\/gana\/wp-json\/wp\/v2\/pages"}],"about":[{"href":"https:\/\/www.myvize.com.tr\/gana\/wp-json\/wp\/v2\/types\/page"}],"author":[{"embeddable":true,"href":"https:\/\/www.myvize.com.tr\/gana\/wp-json\/wp\/v2\/users\/1"}],"replies":[{"embeddable":true,"href":"https:\/\/www.myvize.com.tr\/gana\/wp-json\/wp\/v2\/comments?post=208"}],"version-history":[{"count":5,"href":"https:\/\/www.myvize.com.tr\/gana\/wp-json\/wp\/v2\/pages\/208\/revisions"}],"predecessor-version":[{"id":722,"href":"https:\/\/www.myvize.com.tr\/gana\/wp-json\/wp\/v2\/pages\/208\/revisions\/722"}],"up":[{"embeddable":true,"href":"https:\/\/www.myvize.com.tr\/gana\/wp-json\/wp\/v2\/pages\/175"}],"wp:attachment":[{"href":"https:\/\/www.myvize.com.tr\/gana\/wp-json\/wp\/v2\/media?parent=208"}],"curies":[{"name":"wp","href":"https:\/\/api.w.org\/{rel}","templated":true}]}}