{"id":21,"date":"2020-11-30T08:52:07","date_gmt":"2020-11-30T05:52:07","guid":{"rendered":"https:\/\/www.myvize.com.tr\/gana\/?page_id=21"},"modified":"2022-05-16T12:34:24","modified_gmt":"2022-05-16T09:34:24","slug":"gana-turistik-vize","status":"publish","type":"page","link":"https:\/\/www.myvize.com.tr\/gana\/vize-islemleri\/gana-turistik-vize\/","title":{"rendered":"Gana Turistik Vize"},"content":{"rendered":"<p><span style=\"font-family: Roboto;\"><\/span><\/p>\r\n<h2><strong><span style=\"font-family: Roboto; font-size: 27px;\">Gana Turistik Vizesi<\/span><\/strong><\/h2>\r\n<p><span style=\"font-family: Roboto; font-size: 14px;\">Gana\u2019ya turistik ama\u00e7la seyahat edecek olan Umuma Mahsus Pasaport, Hususi Pasaport ve Hizmet Pasaportu sahipleri seyahatleri \u00f6ncesince seyahatleri \u00f6ncesinde <strong>Gana turistik vizesi<\/strong> almal\u0131d\u0131r. Diplomatik Pasaport sahipleri ise 180 g\u00fcn i\u00e7erisinde 90 g\u00fcn\u00fc ge\u00e7meyen seyahatlerde Gana vizesinden muaft\u0131r.<\/span><\/p>\r\n<p><span style=\"font-family: Roboto; font-size: 14px;\"><strong>Gana turistik vizesi<\/strong> Gana\u2019ya turist olarak gidecek olan ki\u015filere verilmektedir. <strong>Gana turistik vizesi<\/strong> ba\u015fvurular\u0131 <span style=\"color: #2acec2;\"><strong><a style=\"color: #2acec2;\" href=\"https:\/\/www.myvize.com.tr\/gana\/konsolosluklar\/ankara-buyukelciligi\/\" target=\"_blank\" rel=\"noopener\">Gana Ankara B\u00fcy\u00fckel\u00e7ili\u011fi<\/a><\/strong><\/span>, Gana Konsolosluklar\u0131 ve yetkilendirilmi\u015f vize ba\u015fvuru merkezlerine yap\u0131labilmektedir. Gerekli olan turistik vize ba\u015fvuru formunu doldurmak ve gerekli olan di\u011fer belgeleri haz\u0131rlayarak vize ba\u015fvurusunda bulunmakt\u0131r. Gana turistik vizesi i\u00e7in bizzat ba\u015fvuru merkezine gitmenize gerek yoktur. Bunu sizin yerinize acenteler ya da atad\u0131\u011f\u0131n\u0131z bir vekil yapabilir.<\/span><\/p>\r\n<p><span style=\"font-family: Roboto; font-size: 14px;\"><strong>Gana vize ba\u015fvurusu<\/strong> i\u00e7in gerekli evraklar;<\/span><\/p>\r\n<ul>\r\n<li><span style=\"font-family: Roboto; font-size: 14px;\">10 y\u0131l i\u00e7erisinde \u00e7\u0131kar\u0131lm\u0131\u015f, y\u0131pranmam\u0131\u015f, en az iki sayfas\u0131 bo\u015f pasaport<\/span><\/li>\r\n<li><span style=\"font-family: Roboto; font-size: 14px;\">Eksiksiz, do\u011fru olarak doldurulmu\u015f ve imzalanm\u0131\u015f <strong>Vize ba\u015fvuru formu<\/strong><\/span><\/li>\r\n<li><span style=\"font-family: Roboto; font-size: 14px;\">Seyahat s\u00fcrecini kapsayan <span style=\"color: #2acec2;\"><strong><a style=\"color: #2acec2;\" href=\"https:\/\/www.myvize.com.tr\/gana\/vize-islemleri\/gana-vize-basvuru-formu\/\" target=\"_blank\" rel=\"noopener\">Gana vize ba\u015fvuru formu<\/a><\/strong><\/span><\/span><\/li>\r\n<li><span style=\"font-family: Roboto; font-size: 14px;\">Adli sicil kayd\u0131<\/span><\/li>\r\n<li><span style=\"font-family: Roboto; font-size: 14px;\">Kimlik fotokopisi<\/span><\/li>\r\n<li><span style=\"font-family: Roboto; font-size: 14px;\">Tam vukuatl\u0131 n\u00fcfus kay\u0131t \u00f6rne\u011fi<\/span><\/li>\r\n<li><span style=\"font-family: Roboto; font-size: 14px;\">U\u00e7u\u015f ve konaklama bilgileri<\/span><\/li>\r\n<li><span style=\"font-family: Roboto; font-size: 14px;\">Vize har\u00e7 \u00fccreti<\/span><\/li>\r\n<li><span style=\"font-family: Roboto; font-size: 14px;\">Tam vukuatl\u0131 n\u00fcfus kay\u0131t \u00f6rne\u011fi<\/span><\/li>\r\n<\/ul>\r\n<p><span style=\"font-family: Roboto; font-size: 14px;\">Bunlar\u0131n yan\u0131nda Gana Konsoloslu\u011fu\u2019nun ek belge talep etme hakk\u0131 bulunmaktad\u0131r.<\/span><\/p>\r\n<h2><strong><span style=\"font-family: Roboto; font-size: 27px;\">Gana Turistik Vizesi Nedir?<\/span><\/strong><\/h2>\r\n<p><span style=\"font-family: Roboto; font-size: 14px;\">Pasaport, foto\u011fraf, kimlik fotokopisi, banka hesap bilgileri, hizmet d\u00f6k\u00fcm\u00fc, giri\u015f bildirgesi, izin yaz\u0131s\u0131 veya humma a\u015f\u0131 kart\u0131 gibi baz\u0131 evraklarla ba\u015fvurular\u0131n ger\u00e7ekle\u015ftirilmesinde uzman ekiplerimizden bilgi alabileceksiniz.\u00a0<strong>Gana Turistik Vizesi nedir?<\/strong>\u00a0Ka\u00e7 g\u00fcnde \u00e7\u0131kar? Kapsaml\u0131 sa\u011fl\u0131k sigortas\u0131 yapt\u0131rmak zorunlu mu? Gibi sorular\u0131n yan\u0131tlar\u0131n\u0131 alabileceksiniz. Konsoloslu\u011fun ba\u015fvuru sahiplerini \u015fahsen \u00e7a\u011f\u0131rmad\u0131\u011f\u0131 durumlarda, ofislerimizin ba\u015fvurmas\u0131 yeterli olacakt\u0131r. Yetkilendirilmi\u015f merkezlerimiz sayesinde eksiksiz ve hatas\u0131z ad\u0131mlar\u0131 atacaks\u0131n\u0131z. Ba\u015fvuru formuna online olarak ula\u015fmak ve doldurmak i\u00e7in resmi web sitemizi ziyaret etmeniz yeterli olacakt\u0131r. Gerekli belgeleri do\u011fru \u015fekilde haz\u0131rlayarak g\u00fcncel verilere ula\u015fabilirsiniz. T\u00fcm kontrolleri sa\u011flayacak olan adresimiz sayesinde g\u00fcncel ad\u0131mlar\u0131 atabilece\u011finizi ve ma\u011fduriyet ya\u015famayaca\u011f\u0131n\u0131z\u0131 aktar\u0131yoruz. Yetkililerimiz her bir a\u015famada bilgilendirmeleri ger\u00e7ekle\u015ftirecektir.<\/span><\/p>\r\n<h2><span style=\"font-family: Roboto; font-size: 27px;\"><strong>Gana Turistik Vize Nas\u0131l Al\u0131n\u0131r?<\/strong><\/span><\/h2>\r\n<p><span style=\"font-family: Roboto; font-size: 14px;\"><strong>Gana Turistik Vize nas\u0131l al\u0131n\u0131r<\/strong>\u00a0sorusu Gana\u2019y\u0131 gezmeye gitmek isteyen ki\u015filerin merak ettikleri ve sorduklar\u0131 bir soru t\u00fcr\u00fcd\u00fcr. Ziyarete gitmek isteyen ki\u015filerin \u00f6ncelikle seyahat ama\u00e7lar\u0131na karar vermeleri gerekir. Ard\u0131ndan da seyahat ama\u00e7lar\u0131na uygun olan vizeye karar vermelidirler. Kap\u0131 vize uygulamas\u0131 bulunmaz. Bu nedenle ba\u015fvurular\u0131n\u0131z\u0131 \u015fahsi olarak veya yetkilendirilmi\u015f seyahat acentalar\u0131n\u0131n arac\u0131l\u0131\u011f\u0131 ile B\u00fcy\u00fckel\u00e7ilik ya da Konsoloslu\u011fa yapman\u0131z gerekir. Ba\u015fvuru i\u015flemleri s\u0131ras\u0131nda evraklar\u0131n tam olmas\u0131na ve do\u011fru olmas\u0131na dikkat edilmelidir. <strong>Gana vize ba\u015fvuru i\u015flemler<\/strong>i s\u0131ras\u0131nda T\u00fcrklerden parmak izi uygulamas\u0131 istenmez. Bu nedenle de bu a\u015famay\u0131 ger\u00e7ekle\u015ftirmeye gerek yoktur. Vize ba\u015fvuru i\u015flemleri s\u0131ras\u0131nda istenen belgelerin tam ve ayn\u0131 zaman da eksiksiz bir \u015fekilde ba\u015fvuru yap\u0131lmas\u0131 durumunda vize sonu\u00e7lanma i\u015flemi 5 i\u015f g\u00fcn\u00fc i\u00e7erisinde belli olur. Ki\u015filerin acil olarak Gana\u2019ya gitmek zorunda olmalar\u0131 halinde ise<strong> Gana Ekspres vizesi<\/strong> almalar\u0131 gerekir. Bu bir anlamda da acil vize olarak ge\u00e7er. Vize ba\u015fvuru i\u015flemlerinde her durum g\u00f6z \u00f6n\u00fcnde bulundurularak ba\u015fvurunun \u00f6nceden yap\u0131lmas\u0131 gerekir.\u00a0<\/span><\/p>\r\n<h2><strong><span style=\"font-family: Roboto; font-size: 27px;\">Gana Turistik Vizesi Nereden Al\u0131n\u0131r?<\/span><\/strong><\/h2>\r\n<p><span style=\"font-family: Roboto; font-size: 14px;\">T\u00fcrkiye&#8217;nin neresinde olursan\u0131z olun turistik vize ba\u015fvurular\u0131n\u0131 Gana&#8217;ya y\u00f6nelik yapabilmek i\u00e7in b\u00fcy\u00fckel\u00e7ilik veya konsolosluk arac\u0131l\u0131\u011f\u0131yla ba\u015fvurman\u0131z gerekecektir. \u0130stanbul, Ankara, \u0130zmir, Bursa, Adana, Edirne, Antalya, Bodrum, Tekirda\u011f, Gaziantep gibi illerden ba\u015fvurular\u0131n\u0131z\u0131 ger\u00e7ekle\u015ftirmeniz durumunda tamamlanacak evraklar\u0131 \u00f6\u011frenmeniz m\u00fcmk\u00fcn olacakt\u0131r. Gana&#8217;ya turistik vize ba\u015fvurusu ile giri\u015f yapman\u0131z halinde hi\u00e7bir ticari faaliyette bulunamayaca\u011f\u0131n\u0131z\u0131 unutmamal\u0131s\u0131n\u0131z. Ba\u015fvurular\u0131n\u0131z\u0131n tamamlanmas\u0131n\u0131n ard\u0131ndan adrese g\u00f6nderilecek olan evraklar\u0131n\u0131z ve pasaportunuz i\u00e7in dan\u0131\u015fmanl\u0131k ekiplerimizin etkisini g\u00f6rebileceksiniz.\u00a0<strong>Gana Turistik Vizesi nereden al\u0131n\u0131r?<\/strong>\u00a0Sorusunun yan\u0131t\u0131n\u0131 almak i\u00e7in dan\u0131\u015fmanl\u0131k adreslerimizi araman\u0131z yeterli olacakt\u0131r. Ba\u015fvuru formunu haz\u0131rlaman\u0131z halinde online olarak ad\u0131m atm\u0131\u015f olacaks\u0131n\u0131z. Herhangi bir eksik beyanda bulunmaman\u0131z halinde ret yan\u0131t\u0131n\u0131 almadan en k\u0131sa s\u00fcrede olumlu sonu\u00e7lar\u0131 elde edebilirsiniz.<\/span><\/p>\r\n<h3><strong><span style=\"font-family: Roboto; font-size: 24px;\">Gana Turistik Vizesi Ka\u00e7 G\u00fcnde \u00c7\u0131kar?<\/span><\/strong><\/h3>\r\n<p><span style=\"font-family: Roboto; font-size: 14px;\"><strong>Gana B\u00fcy\u00fckel\u00e7ili\u011fi veya konsolosluk<\/strong> taraf\u0131ndan de\u011ferlendirilecek olan vize ba\u015fvurular\u0131n\u0131n ka\u00e7 g\u00fcnde \u00e7\u0131kaca\u011f\u0131n\u0131 ara\u015ft\u0131r\u0131yor olabilirsiniz. Ba\u015fvurular\u0131n\u0131z\u0131 de\u011ferlendirecek olan mercinin kriterlerine uygun ad\u0131mlar\u0131 atman\u0131z gerekecektir. Profesyonel anlamda hareket etmek istedi\u011finizde ekiplerimiz sizlere yard\u0131mc\u0131 olacakt\u0131r. Ortalama olarak 7 ila 10 i\u015f g\u00fcn\u00fc i\u00e7erisinde sonu\u00e7lanacak olan ba\u015fvurularda ek belge talep etme yetkisi bulunan mercinin kriterlerini g\u00f6zden ge\u00e7irmeniz gerekmektedir. Mail adresinize g\u00f6nderilecek vize evrak listesi ile ilgili g\u00f6r\u00fc\u015fmeleri dan\u0131\u015fmanl\u0131klar\u0131m\u0131zla ger\u00e7ekle\u015ftirebilirsiniz. Resmi tatilleri veya yo\u011funluk ya\u015fanan d\u00f6nemleri de g\u00f6z ard\u0131 etmemeniz gerekecektir.\u00a0<strong>Gana Turistik Vizesi ka\u00e7 g\u00fcnde \u00e7\u0131kar?\u00a0<\/strong>Sorusunun yan\u0131t\u0131n\u0131 almak i\u00e7in destek sunacak olan adresimizle ileti\u015fime ge\u00e7meniz yeterli olacakt\u0131r. Seyahate \u00e7\u0131kmadan \u00f6nce vize i\u015flemlerinizi ba\u015far\u0131yla tamamlaman\u0131z gerekecektir.<\/span><\/p>\r\n<h3><strong><span style=\"font-family: Roboto; font-size: 24px;\">Gana Turistik Vize Ba\u015fvurusu<\/span><\/strong><\/h3>\r\n<p><span style=\"font-family: Roboto; font-size: 14px;\">Evraklar\u0131n\u0131z\u0131 ba\u015fvuru sahipleri olarak maddi durumunuza ve seyahat ama\u00e7lar\u0131n\u0131za g\u00f6re d\u00fczenlemek i\u00e7in hemen ad\u0131m atabilirsiniz.\u00a0<strong>Gana Turistik Vize<\/strong> ba\u015fvurusu ile ilgili kapsaml\u0131 bilgileri elde edecek ve \u00f6zel durumlar\u0131n\u0131zda nas\u0131l harekete ge\u00e7ece\u011finizi \u00f6\u011frenmi\u015f olacaks\u0131n\u0131z. Sizler de ofislerimize ula\u015ft\u0131raca\u011f\u0131n\u0131z belgelerinizle yetkilendirilmi\u015f ekiplerimiz sayesinde hemen ama\u00e7lar\u0131n\u0131za uygun ad\u0131mlar\u0131 atabileceksiniz. Her ba\u015fvuru sahibinin kriterlerine ve turistik vize ba\u015fvurusuna g\u00f6re de\u011fi\u015fen \u015fartlarda hizmetleri alm\u0131\u015f olacaks\u0131n\u0131z. Seyahat biti\u015f s\u00fcresi itibariyle 6 ay daha ge\u00e7erli olan pasaportunuzun bulunmas\u0131, vize ba\u015fvuru formunun haz\u0131rlanmas\u0131, foto\u011fraf, kimlik, banka hesap \u00f6zeti gibi \u00e7e\u015fitli evraklar\u0131n da dosyan\u0131za eklenmesi halinde hemen \u00e7\u00f6z\u00fcm alabilirsiniz. Sizler de dilek\u00e7e veya kabul mektubu gibi ek belgelerin hangi durumlarda haz\u0131rlanaca\u011f\u0131n\u0131 \u00f6\u011frenmi\u015f olacaks\u0131n\u0131z. Turistik vize ba\u015fvurular\u0131na y\u00f6nelik ba\u015fvuru formunun haz\u0131rlanmas\u0131 ve kargo yoluyla ofislerimize g\u00f6nderimin yap\u0131lmas\u0131 halinde hemen ba\u015fvurular ger\u00e7ekle\u015ftirilecektir.<\/span><\/p>\r\n<h3><span style=\"font-family: Roboto; font-size: 24px;\"><strong>Gana\u00a0<\/strong><strong>Turistik Vize Ba\u015fvurusu Nas\u0131l Yap\u0131l\u0131r?<\/strong><\/span><\/h3>\r\n<p><span style=\"font-family: Roboto; font-size: 14px;\">Gana\u2019ya turistik ziyarette bulunmak isteyen ki\u015filerin almas\u0131 gereken vizedir.\u00a0Pasaport t\u00fcr\u00fc fark etmeksizin her ki\u015fi vize ba\u015fvurusunda bulunmak zorundad\u0131r.<\/span><\/p>\r\n<p><span style=\"font-family: Roboto; font-size: 14px;\"><strong>Gana turistik vizesi<\/strong> i\u00e7in Gana d\u0131\u015f temsilciliklerine ba\u015fvuruda bulunulmas\u0131 gerekmektedir. Gerekli evraklar\u0131n haz\u0131rlanabilmesi i\u00e7in ki\u015filer<strong> Gana d\u0131\u015f temsilcilikleri<\/strong> taraf\u0131ndan yetki verilmi\u015f ba\u015fvuru merkezleri veya yetkili seyahat acenteleri ile g\u00f6r\u00fc\u015febilirler.<\/span><\/p>\r\n<h3><span style=\"font-family: Roboto; font-size: 24px;\"><strong>Gana\u00a0Turistik Vize Talep Dilek\u00e7esi Nas\u0131l Yaz\u0131l\u0131r?<\/strong><\/span><\/h3>\r\n<ul>\r\n<li><span style=\"font-family: Roboto; font-size: 14px;\">Ba\u015fvuru sahibi dilek\u00e7esine kimlik bilgilerini eksiksiz ve do\u011fru \u015fekilde eklemelidir.<\/span><\/li>\r\n<li><span style=\"font-family: Roboto; font-size: 14px;\">Ba\u015fvuru sahibi ileti\u015fim bilgilerini eksiksiz ve do\u011fru \u015fekilde eklemelidir.<\/span><\/li>\r\n<li><span style=\"font-family: Roboto; font-size: 14px;\">Dilek\u00e7e\u00a0<strong>Gana B\u00fcy\u00fckel\u00e7ili\u011fi<\/strong>\u00a0ya da Gana Konsoloslu\u011fu&#8217;na\u00a0hitaben yaz\u0131lmal\u0131d\u0131r.<\/span><\/li>\r\n<li><span style=\"font-family: Roboto; font-size: 14px;\"><strong>Gana turistik vize<\/strong> ba\u015fvuru sahibi seyahat ba\u015flang\u0131\u00e7 ve biti\u015f s\u00fcrelerini net bir \u015fekilde belirtmelidir.<\/span><\/li>\r\n<li><span style=\"font-family: Roboto; font-size: 14px;\">Gana turistik vize ba\u015fvuru sahibi seyahat sebebini net bir \u015fekilde ifade etmelidir.<\/span><\/li>\r\n<li><span style=\"font-family: Roboto; font-size: 14px;\">Gana\u2019ya turistik ziyarette bulunacak ki\u015filerin yemek, konaklama gibi masraflar\u0131n\u0131 nas\u0131l kar\u015f\u0131layaca\u011f\u0131n\u0131 detayl\u0131 \u015fekilde a\u00e7\u0131klamal\u0131d\u0131r.<\/span><\/li>\r\n<li><span style=\"font-family: Roboto; font-size: 14px;\">Ba\u015fvuru sahibi pasaport bilgilerini eksiksiz ve do\u011fru \u015fekilde eklemelidir.<\/span><\/li>\r\n<\/ul>\r\n<p><span style=\"font-family: Roboto; font-size: 18px;\"><strong>Gana Turistik Vize Al\u0131n\u0131rken Dikkat Edilmesi Gerekenler<\/strong><\/span><\/p>\r\n<p><span style=\"font-family: Roboto; font-size: 14px;\">Ba\u015fvuru sahibi e\u011fer var ise sponsorunu ispatlamak i\u00e7in ek sponsor dilek\u00e7esi haz\u0131rlamal\u0131d\u0131r.<\/span><\/p>\r\n<p><img decoding=\"async\" src=\"https:\/\/www.myvize.com.tr\/gana\/wp-content\/uploads\/2021\/10\/44.jpg\" \/><\/p>\r\n<p><span style=\"font-family: Roboto;\"><\/span><\/p>","protected":false},"excerpt":{"rendered":"<p>Gana Turistik Vizesi Gana\u2019ya turistik ama\u00e7la seyahat edecek olan Umuma Mahsus Pasaport, Hususi Pasaport ve Hizmet Pasaportu sahipleri seyahatleri \u00f6ncesince seyahatleri \u00f6ncesinde Gana turistik vizesi almal\u0131d\u0131r. Diplomatik Pasaport sahipleri ise 180 g\u00fcn i\u00e7erisinde 90 g\u00fcn\u00fc ge\u00e7meyen seyahatlerde Gana vizesinden muaft\u0131r. Gana turistik vizesi Gana\u2019ya turist olarak gidecek olan ki\u015filere verilmektedir. Gana turistik vizesi ba\u015fvurular\u0131 Gana<\/p>\n","protected":false},"author":1,"featured_media":0,"parent":18,"menu_order":0,"comment_status":"open","ping_status":"closed","template":"","meta":{"footnotes":""},"class_list":["post-21","page","type-page","status-publish","hentry"],"yoast_head":"<!-- This site is optimized with the Yoast SEO plugin v24.0 - https:\/\/yoast.com\/wordpress\/plugins\/seo\/ -->\n<title>Gana Turistik Vize - Gana Vize Ba\u015fvurusu - MyVize<\/title>\n<meta name=\"description\" content=\"Gana Turistik Vize \u0130\u015flemleri Nas\u0131ld\u0131r? Gana Turistik Vize Nas\u0131l Al\u0131n\u0131r? Gana Turistik Vize Ba\u015fvurusu Nas\u0131l Yap\u0131l\u0131r?\" \/>\n<meta name=\"robots\" content=\"index, follow, max-snippet:-1, max-image-preview:large, max-video-preview:-1\" \/>\n<link rel=\"canonical\" href=\"https:\/\/www.myvize.com.tr\/gana\/vize-islemleri\/gana-turistik-vize\/\" \/>\n<meta property=\"og:locale\" content=\"tr_TR\" \/>\n<meta property=\"og:type\" content=\"article\" \/>\n<meta property=\"og:title\" content=\"Gana Turistik Vize - Gana Vize Ba\u015fvurusu - MyVize\" \/>\n<meta property=\"og:description\" content=\"Gana Turistik Vize \u0130\u015flemleri Nas\u0131ld\u0131r? Gana Turistik Vize Nas\u0131l Al\u0131n\u0131r? Gana Turistik Vize Ba\u015fvurusu Nas\u0131l Yap\u0131l\u0131r?\" \/>\n<meta property=\"og:url\" content=\"https:\/\/www.myvize.com.tr\/gana\/vize-islemleri\/gana-turistik-vize\/\" \/>\n<meta property=\"og:site_name\" content=\"Gana Vizesi\" \/>\n<meta property=\"article:modified_time\" content=\"2022-05-16T09:34:24+00:00\" \/>\n<meta property=\"og:image\" content=\"https:\/\/www.myvize.com.tr\/gana\/wp-content\/uploads\/2021\/10\/44.jpg\" \/>\n<meta name=\"twitter:card\" content=\"summary_large_image\" \/>\n<meta name=\"twitter:label1\" content=\"Tahmini okuma s\u00fcresi\" \/>\n\t<meta name=\"twitter:data1\" content=\"5 dakika\" \/>\n<script type=\"application\/ld+json\" class=\"yoast-schema-graph\">{\"@context\":\"https:\/\/schema.org\",\"@graph\":[{\"@type\":\"WebPage\",\"@id\":\"https:\/\/www.myvize.com.tr\/gana\/vize-islemleri\/gana-turistik-vize\/\",\"url\":\"https:\/\/www.myvize.com.tr\/gana\/vize-islemleri\/gana-turistik-vize\/\",\"name\":\"Gana Turistik Vize - Gana Vize Ba\u015fvurusu - MyVize\",\"isPartOf\":{\"@id\":\"https:\/\/www.myvize.com.tr\/gana\/#website\"},\"primaryImageOfPage\":{\"@id\":\"https:\/\/www.myvize.com.tr\/gana\/vize-islemleri\/gana-turistik-vize\/#primaryimage\"},\"image\":{\"@id\":\"https:\/\/www.myvize.com.tr\/gana\/vize-islemleri\/gana-turistik-vize\/#primaryimage\"},\"thumbnailUrl\":\"https:\/\/www.myvize.com.tr\/gana\/wp-content\/uploads\/2021\/10\/44.jpg\",\"datePublished\":\"2020-11-30T05:52:07+00:00\",\"dateModified\":\"2022-05-16T09:34:24+00:00\",\"description\":\"Gana Turistik Vize \u0130\u015flemleri Nas\u0131ld\u0131r? Gana Turistik Vize Nas\u0131l Al\u0131n\u0131r? Gana Turistik Vize Ba\u015fvurusu Nas\u0131l Yap\u0131l\u0131r?\",\"breadcrumb\":{\"@id\":\"https:\/\/www.myvize.com.tr\/gana\/vize-islemleri\/gana-turistik-vize\/#breadcrumb\"},\"inLanguage\":\"tr\",\"potentialAction\":[{\"@type\":\"ReadAction\",\"target\":[\"https:\/\/www.myvize.com.tr\/gana\/vize-islemleri\/gana-turistik-vize\/\"]}]},{\"@type\":\"ImageObject\",\"inLanguage\":\"tr\",\"@id\":\"https:\/\/www.myvize.com.tr\/gana\/vize-islemleri\/gana-turistik-vize\/#primaryimage\",\"url\":\"https:\/\/www.myvize.com.tr\/gana\/wp-content\/uploads\/2021\/10\/44.jpg\",\"contentUrl\":\"https:\/\/www.myvize.com.tr\/gana\/wp-content\/uploads\/2021\/10\/44.jpg\",\"width\":800,\"height\":500,\"caption\":\"Gana Turistik Vize\"},{\"@type\":\"BreadcrumbList\",\"@id\":\"https:\/\/www.myvize.com.tr\/gana\/vize-islemleri\/gana-turistik-vize\/#breadcrumb\",\"itemListElement\":[{\"@type\":\"ListItem\",\"position\":1,\"name\":\"Anasayfa\",\"item\":\"https:\/\/www.myvize.com.tr\/gana\/\"},{\"@type\":\"ListItem\",\"position\":2,\"name\":\"V\u0130ZE \u0130\u015eLEMLER\u0130\",\"item\":\"https:\/\/www.myvize.com.tr\/gana\/vize-islemleri\/\"},{\"@type\":\"ListItem\",\"position\":3,\"name\":\"Gana Turistik Vize\"}]},{\"@type\":\"WebSite\",\"@id\":\"https:\/\/www.myvize.com.tr\/gana\/#website\",\"url\":\"https:\/\/www.myvize.com.tr\/gana\/\",\"name\":\"Gana Vizesi\",\"description\":\"\",\"potentialAction\":[{\"@type\":\"SearchAction\",\"target\":{\"@type\":\"EntryPoint\",\"urlTemplate\":\"https:\/\/www.myvize.com.tr\/gana\/?s={search_term_string}\"},\"query-input\":{\"@type\":\"PropertyValueSpecification\",\"valueRequired\":true,\"valueName\":\"search_term_string\"}}],\"inLanguage\":\"tr\"}]}<\/script>\n<!-- \/ Yoast SEO plugin. -->","yoast_head_json":{"title":"Gana Turistik Vize - Gana Vize Ba\u015fvurusu - MyVize","description":"Gana Turistik Vize \u0130\u015flemleri Nas\u0131ld\u0131r? Gana Turistik Vize Nas\u0131l Al\u0131n\u0131r? Gana Turistik Vize Ba\u015fvurusu Nas\u0131l Yap\u0131l\u0131r?","robots":{"index":"index","follow":"follow","max-snippet":"max-snippet:-1","max-image-preview":"max-image-preview:large","max-video-preview":"max-video-preview:-1"},"canonical":"https:\/\/www.myvize.com.tr\/gana\/vize-islemleri\/gana-turistik-vize\/","og_locale":"tr_TR","og_type":"article","og_title":"Gana Turistik Vize - Gana Vize Ba\u015fvurusu - MyVize","og_description":"Gana Turistik Vize \u0130\u015flemleri Nas\u0131ld\u0131r? Gana Turistik Vize Nas\u0131l Al\u0131n\u0131r? Gana Turistik Vize Ba\u015fvurusu Nas\u0131l Yap\u0131l\u0131r?","og_url":"https:\/\/www.myvize.com.tr\/gana\/vize-islemleri\/gana-turistik-vize\/","og_site_name":"Gana Vizesi","article_modified_time":"2022-05-16T09:34:24+00:00","og_image":[{"url":"https:\/\/www.myvize.com.tr\/gana\/wp-content\/uploads\/2021\/10\/44.jpg","type":"","width":"","height":""}],"twitter_card":"summary_large_image","twitter_misc":{"Tahmini okuma s\u00fcresi":"5 dakika"},"schema":{"@context":"https:\/\/schema.org","@graph":[{"@type":"WebPage","@id":"https:\/\/www.myvize.com.tr\/gana\/vize-islemleri\/gana-turistik-vize\/","url":"https:\/\/www.myvize.com.tr\/gana\/vize-islemleri\/gana-turistik-vize\/","name":"Gana Turistik Vize - Gana Vize Ba\u015fvurusu - MyVize","isPartOf":{"@id":"https:\/\/www.myvize.com.tr\/gana\/#website"},"primaryImageOfPage":{"@id":"https:\/\/www.myvize.com.tr\/gana\/vize-islemleri\/gana-turistik-vize\/#primaryimage"},"image":{"@id":"https:\/\/www.myvize.com.tr\/gana\/vize-islemleri\/gana-turistik-vize\/#primaryimage"},"thumbnailUrl":"https:\/\/www.myvize.com.tr\/gana\/wp-content\/uploads\/2021\/10\/44.jpg","datePublished":"2020-11-30T05:52:07+00:00","dateModified":"2022-05-16T09:34:24+00:00","description":"Gana Turistik Vize \u0130\u015flemleri Nas\u0131ld\u0131r? Gana Turistik Vize Nas\u0131l Al\u0131n\u0131r? Gana Turistik Vize Ba\u015fvurusu Nas\u0131l Yap\u0131l\u0131r?","breadcrumb":{"@id":"https:\/\/www.myvize.com.tr\/gana\/vize-islemleri\/gana-turistik-vize\/#breadcrumb"},"inLanguage":"tr","potentialAction":[{"@type":"ReadAction","target":["https:\/\/www.myvize.com.tr\/gana\/vize-islemleri\/gana-turistik-vize\/"]}]},{"@type":"ImageObject","inLanguage":"tr","@id":"https:\/\/www.myvize.com.tr\/gana\/vize-islemleri\/gana-turistik-vize\/#primaryimage","url":"https:\/\/www.myvize.com.tr\/gana\/wp-content\/uploads\/2021\/10\/44.jpg","contentUrl":"https:\/\/www.myvize.com.tr\/gana\/wp-content\/uploads\/2021\/10\/44.jpg","width":800,"height":500,"caption":"Gana Turistik Vize"},{"@type":"BreadcrumbList","@id":"https:\/\/www.myvize.com.tr\/gana\/vize-islemleri\/gana-turistik-vize\/#breadcrumb","itemListElement":[{"@type":"ListItem","position":1,"name":"Anasayfa","item":"https:\/\/www.myvize.com.tr\/gana\/"},{"@type":"ListItem","position":2,"name":"V\u0130ZE \u0130\u015eLEMLER\u0130","item":"https:\/\/www.myvize.com.tr\/gana\/vize-islemleri\/"},{"@type":"ListItem","position":3,"name":"Gana Turistik Vize"}]},{"@type":"WebSite","@id":"https:\/\/www.myvize.com.tr\/gana\/#website","url":"https:\/\/www.myvize.com.tr\/gana\/","name":"Gana Vizesi","description":"","potentialAction":[{"@type":"SearchAction","target":{"@type":"EntryPoint","urlTemplate":"https:\/\/www.myvize.com.tr\/gana\/?s={search_term_string}"},"query-input":{"@type":"PropertyValueSpecification","valueRequired":true,"valueName":"search_term_string"}}],"inLanguage":"tr"}]}},"_links":{"self":[{"href":"https:\/\/www.myvize.com.tr\/gana\/wp-json\/wp\/v2\/pages\/21","targetHints":{"allow":["GET"]}}],"collection":[{"href":"https:\/\/www.myvize.com.tr\/gana\/wp-json\/wp\/v2\/pages"}],"about":[{"href":"https:\/\/www.myvize.com.tr\/gana\/wp-json\/wp\/v2\/types\/page"}],"author":[{"embeddable":true,"href":"https:\/\/www.myvize.com.tr\/gana\/wp-json\/wp\/v2\/users\/1"}],"replies":[{"embeddable":true,"href":"https:\/\/www.myvize.com.tr\/gana\/wp-json\/wp\/v2\/comments?post=21"}],"version-history":[{"count":12,"href":"https:\/\/www.myvize.com.tr\/gana\/wp-json\/wp\/v2\/pages\/21\/revisions"}],"predecessor-version":[{"id":349,"href":"https:\/\/www.myvize.com.tr\/gana\/wp-json\/wp\/v2\/pages\/21\/revisions\/349"}],"up":[{"embeddable":true,"href":"https:\/\/www.myvize.com.tr\/gana\/wp-json\/wp\/v2\/pages\/18"}],"wp:attachment":[{"href":"https:\/\/www.myvize.com.tr\/gana\/wp-json\/wp\/v2\/media?parent=21"}],"curies":[{"name":"wp","href":"https:\/\/api.w.org\/{rel}","templated":true}]}}