{"id":210,"date":"2020-12-29T16:21:34","date_gmt":"2020-12-29T13:21:34","guid":{"rendered":"https:\/\/www.myvize.com.tr\/gana\/?page_id=210"},"modified":"2022-05-07T14:12:58","modified_gmt":"2022-05-07T11:12:58","slug":"edirne","status":"publish","type":"page","link":"https:\/\/www.myvize.com.tr\/gana\/subelerimiz\/edirne\/","title":{"rendered":"Edirne"},"content":{"rendered":"<h2><span style=\"font-family: Roboto; font-size: 27px;\"><strong>Gana Vize Ba\u015fvuru Merkezi, Edirne<\/strong><\/span><\/h2>\n<p><span style=\"font-family: Roboto; font-size: 14px;\"><strong>Edirne Gana vize ba\u015fvurusu<\/strong> Edirne \u015fubesi ile birlikte y\u00fcr\u00fct\u00fclen bir i\u015flem olur. Ofis i\u00e7erisinde yer alan uzman dan\u0131\u015fmanlar ile birlikte bu s\u00fcre\u00e7 y\u00fcr\u00fct\u00fcl\u00fcr. Uzmanlar sizlere gerekli olan evraklar\u0131 verirler. Evraklar\u0131 tamamlaman\u0131z halinde \u015fubeye kendinizin getirebilece\u011fi gibi kargoya vererek de g\u00f6nderme imkan\u0131n\u0131z olur. Ofis taraf\u0131ndan g\u00f6nderilen evraklar\u0131n her birinin kontrol i\u015flemi yerine getirilir. Evraklar\u0131n hepsinin tam olmas\u0131 durumunda ise i\u015flemlere ba\u015flan\u0131r. Ayn\u0131 zaman da birde ba\u015fvuru formunun doldurulmas\u0131 gerekir. <span style=\"color: #2acec2;\"><strong><a style=\"color: #2acec2;\" href=\"https:\/\/www.myvize.com.tr\/gana\/vize-islemleri\/gana-vize-basvuru-formu\/\" target=\"_blank\" rel=\"noopener\">Gana vize Ba\u015fvuru formu <\/a><\/strong><\/span><strong>\u0130ngilizce<\/strong> olarak doldurulmal\u0131d\u0131r. Ba\u015fvuru formunun herhangi bir hata yap\u0131lmadan ve eksiksiz olarak doldurulmas\u0131 gerekir. Formu doldurmak i\u00e7inde e\u011fer isterseniz uzmanlardan yard\u0131m alma imkan\u0131n\u0131z bulunur. Bu sayede herhangi bir hata yapma olas\u0131l\u0131\u011f\u0131n\u0131z da ortadan kalkm\u0131\u015f olur. <strong>Vize i\u00e7in ba\u015fvuru<\/strong> evraklar\u0131n\u0131n i\u015fleme girebilmesi i\u00e7in \u00f6ncelikli olarak dan\u0131\u015fmanl\u0131k \u00fccretini \u00f6demeniz gerekir. Bu \u00f6denecek olan tutar konsolosluk ve dan\u0131\u015fmanl\u0131k \u00fccretinin toplam\u0131 kadar bir durumu sahiptir. \u00dccretinde \u00f6denmesi ile birlikte i\u015fleme ba\u015flanm\u0131\u015f olur. <strong>Vizenin iptal olmas\u0131<\/strong> durumunda bu \u00fccretin \u00f6denmesi gibi bir durum s\u00f6z konusu de\u011fildir.\u00a0<\/span><\/p>\n","protected":false},"excerpt":{"rendered":"<p>Gana Vize Ba\u015fvuru Merkezi, Edirne Edirne Gana vize ba\u015fvurusu Edirne \u015fubesi ile birlikte y\u00fcr\u00fct\u00fclen bir i\u015flem olur. Ofis i\u00e7erisinde yer alan uzman dan\u0131\u015fmanlar ile birlikte bu s\u00fcre\u00e7 y\u00fcr\u00fct\u00fcl\u00fcr. Uzmanlar sizlere gerekli olan evraklar\u0131 verirler. Evraklar\u0131 tamamlaman\u0131z halinde \u015fubeye kendinizin getirebilece\u011fi gibi kargoya vererek de g\u00f6nderme imkan\u0131n\u0131z olur. Ofis taraf\u0131ndan g\u00f6nderilen evraklar\u0131n her birinin kontrol i\u015flemi<\/p>\n","protected":false},"author":1,"featured_media":0,"parent":175,"menu_order":0,"comment_status":"open","ping_status":"closed","template":"","meta":{"footnotes":""},"class_list":["post-210","page","type-page","status-publish","hentry"],"yoast_head":"<!-- This site is optimized with the Yoast SEO plugin v24.0 - https:\/\/yoast.com\/wordpress\/plugins\/seo\/ -->\n<title>Gana Vizesi Edirne Vize Ba\u015fvuru Merkezi - MyVize<\/title>\n<meta name=\"description\" content=\"Gana Vizesi Edirne Vize Ba\u015fvuru Merkezi. Gana Vizesi Nas\u0131l Al\u0131n\u0131r? Ba\u015fvuru Yapmak \u0130\u00e7in Edirne \u015eubemizi Aray\u0131n: 0850 346 84 93\" \/>\n<meta name=\"robots\" content=\"index, follow, max-snippet:-1, max-image-preview:large, max-video-preview:-1\" \/>\n<link rel=\"canonical\" href=\"https:\/\/www.myvize.com.tr\/gana\/subelerimiz\/edirne\/\" \/>\n<meta property=\"og:locale\" content=\"tr_TR\" \/>\n<meta property=\"og:type\" content=\"article\" \/>\n<meta property=\"og:title\" content=\"Gana Vizesi Edirne Vize Ba\u015fvuru Merkezi - MyVize\" \/>\n<meta property=\"og:description\" content=\"Gana Vizesi Edirne Vize Ba\u015fvuru Merkezi. Gana Vizesi Nas\u0131l Al\u0131n\u0131r? Ba\u015fvuru Yapmak \u0130\u00e7in Edirne \u015eubemizi Aray\u0131n: 0850 346 84 93\" \/>\n<meta property=\"og:url\" content=\"https:\/\/www.myvize.com.tr\/gana\/subelerimiz\/edirne\/\" \/>\n<meta property=\"og:site_name\" content=\"Gana Vizesi\" \/>\n<meta property=\"article:modified_time\" content=\"2022-05-07T11:12:58+00:00\" \/>\n<meta name=\"twitter:card\" content=\"summary_large_image\" \/>\n<meta name=\"twitter:label1\" content=\"Tahmini okuma s\u00fcresi\" \/>\n\t<meta name=\"twitter:data1\" content=\"1 dakika\" \/>\n<script type=\"application\/ld+json\" class=\"yoast-schema-graph\">{\"@context\":\"https:\/\/schema.org\",\"@graph\":[{\"@type\":\"WebPage\",\"@id\":\"https:\/\/www.myvize.com.tr\/gana\/subelerimiz\/edirne\/\",\"url\":\"https:\/\/www.myvize.com.tr\/gana\/subelerimiz\/edirne\/\",\"name\":\"Gana Vizesi Edirne Vize Ba\u015fvuru Merkezi - MyVize\",\"isPartOf\":{\"@id\":\"https:\/\/www.myvize.com.tr\/gana\/#website\"},\"datePublished\":\"2020-12-29T13:21:34+00:00\",\"dateModified\":\"2022-05-07T11:12:58+00:00\",\"description\":\"Gana Vizesi Edirne Vize Ba\u015fvuru Merkezi. Gana Vizesi Nas\u0131l Al\u0131n\u0131r? Ba\u015fvuru Yapmak \u0130\u00e7in Edirne \u015eubemizi Aray\u0131n: 0850 346 84 93\",\"breadcrumb\":{\"@id\":\"https:\/\/www.myvize.com.tr\/gana\/subelerimiz\/edirne\/#breadcrumb\"},\"inLanguage\":\"tr\",\"potentialAction\":[{\"@type\":\"ReadAction\",\"target\":[\"https:\/\/www.myvize.com.tr\/gana\/subelerimiz\/edirne\/\"]}]},{\"@type\":\"BreadcrumbList\",\"@id\":\"https:\/\/www.myvize.com.tr\/gana\/subelerimiz\/edirne\/#breadcrumb\",\"itemListElement\":[{\"@type\":\"ListItem\",\"position\":1,\"name\":\"Anasayfa\",\"item\":\"https:\/\/www.myvize.com.tr\/gana\/\"},{\"@type\":\"ListItem\",\"position\":2,\"name\":\"\u015eUBELER\u0130M\u0130Z\",\"item\":\"https:\/\/www.myvize.com.tr\/gana\/subelerimiz\/\"},{\"@type\":\"ListItem\",\"position\":3,\"name\":\"Edirne\"}]},{\"@type\":\"WebSite\",\"@id\":\"https:\/\/www.myvize.com.tr\/gana\/#website\",\"url\":\"https:\/\/www.myvize.com.tr\/gana\/\",\"name\":\"Gana Vizesi\",\"description\":\"\",\"potentialAction\":[{\"@type\":\"SearchAction\",\"target\":{\"@type\":\"EntryPoint\",\"urlTemplate\":\"https:\/\/www.myvize.com.tr\/gana\/?s={search_term_string}\"},\"query-input\":{\"@type\":\"PropertyValueSpecification\",\"valueRequired\":true,\"valueName\":\"search_term_string\"}}],\"inLanguage\":\"tr\"}]}<\/script>\n<!-- \/ Yoast SEO plugin. -->","yoast_head_json":{"title":"Gana Vizesi Edirne Vize Ba\u015fvuru Merkezi - MyVize","description":"Gana Vizesi Edirne Vize Ba\u015fvuru Merkezi. Gana Vizesi Nas\u0131l Al\u0131n\u0131r? Ba\u015fvuru Yapmak \u0130\u00e7in Edirne \u015eubemizi Aray\u0131n: 0850 346 84 93","robots":{"index":"index","follow":"follow","max-snippet":"max-snippet:-1","max-image-preview":"max-image-preview:large","max-video-preview":"max-video-preview:-1"},"canonical":"https:\/\/www.myvize.com.tr\/gana\/subelerimiz\/edirne\/","og_locale":"tr_TR","og_type":"article","og_title":"Gana Vizesi Edirne Vize Ba\u015fvuru Merkezi - MyVize","og_description":"Gana Vizesi Edirne Vize Ba\u015fvuru Merkezi. Gana Vizesi Nas\u0131l Al\u0131n\u0131r? Ba\u015fvuru Yapmak \u0130\u00e7in Edirne \u015eubemizi Aray\u0131n: 0850 346 84 93","og_url":"https:\/\/www.myvize.com.tr\/gana\/subelerimiz\/edirne\/","og_site_name":"Gana Vizesi","article_modified_time":"2022-05-07T11:12:58+00:00","twitter_card":"summary_large_image","twitter_misc":{"Tahmini okuma s\u00fcresi":"1 dakika"},"schema":{"@context":"https:\/\/schema.org","@graph":[{"@type":"WebPage","@id":"https:\/\/www.myvize.com.tr\/gana\/subelerimiz\/edirne\/","url":"https:\/\/www.myvize.com.tr\/gana\/subelerimiz\/edirne\/","name":"Gana Vizesi Edirne Vize Ba\u015fvuru Merkezi - MyVize","isPartOf":{"@id":"https:\/\/www.myvize.com.tr\/gana\/#website"},"datePublished":"2020-12-29T13:21:34+00:00","dateModified":"2022-05-07T11:12:58+00:00","description":"Gana Vizesi Edirne Vize Ba\u015fvuru Merkezi. Gana Vizesi Nas\u0131l Al\u0131n\u0131r? Ba\u015fvuru Yapmak \u0130\u00e7in Edirne \u015eubemizi Aray\u0131n: 0850 346 84 93","breadcrumb":{"@id":"https:\/\/www.myvize.com.tr\/gana\/subelerimiz\/edirne\/#breadcrumb"},"inLanguage":"tr","potentialAction":[{"@type":"ReadAction","target":["https:\/\/www.myvize.com.tr\/gana\/subelerimiz\/edirne\/"]}]},{"@type":"BreadcrumbList","@id":"https:\/\/www.myvize.com.tr\/gana\/subelerimiz\/edirne\/#breadcrumb","itemListElement":[{"@type":"ListItem","position":1,"name":"Anasayfa","item":"https:\/\/www.myvize.com.tr\/gana\/"},{"@type":"ListItem","position":2,"name":"\u015eUBELER\u0130M\u0130Z","item":"https:\/\/www.myvize.com.tr\/gana\/subelerimiz\/"},{"@type":"ListItem","position":3,"name":"Edirne"}]},{"@type":"WebSite","@id":"https:\/\/www.myvize.com.tr\/gana\/#website","url":"https:\/\/www.myvize.com.tr\/gana\/","name":"Gana Vizesi","description":"","potentialAction":[{"@type":"SearchAction","target":{"@type":"EntryPoint","urlTemplate":"https:\/\/www.myvize.com.tr\/gana\/?s={search_term_string}"},"query-input":{"@type":"PropertyValueSpecification","valueRequired":true,"valueName":"search_term_string"}}],"inLanguage":"tr"}]}},"_links":{"self":[{"href":"https:\/\/www.myvize.com.tr\/gana\/wp-json\/wp\/v2\/pages\/210","targetHints":{"allow":["GET"]}}],"collection":[{"href":"https:\/\/www.myvize.com.tr\/gana\/wp-json\/wp\/v2\/pages"}],"about":[{"href":"https:\/\/www.myvize.com.tr\/gana\/wp-json\/wp\/v2\/types\/page"}],"author":[{"embeddable":true,"href":"https:\/\/www.myvize.com.tr\/gana\/wp-json\/wp\/v2\/users\/1"}],"replies":[{"embeddable":true,"href":"https:\/\/www.myvize.com.tr\/gana\/wp-json\/wp\/v2\/comments?post=210"}],"version-history":[{"count":5,"href":"https:\/\/www.myvize.com.tr\/gana\/wp-json\/wp\/v2\/pages\/210\/revisions"}],"predecessor-version":[{"id":721,"href":"https:\/\/www.myvize.com.tr\/gana\/wp-json\/wp\/v2\/pages\/210\/revisions\/721"}],"up":[{"embeddable":true,"href":"https:\/\/www.myvize.com.tr\/gana\/wp-json\/wp\/v2\/pages\/175"}],"wp:attachment":[{"href":"https:\/\/www.myvize.com.tr\/gana\/wp-json\/wp\/v2\/media?parent=210"}],"curies":[{"name":"wp","href":"https:\/\/api.w.org\/{rel}","templated":true}]}}