{"id":216,"date":"2020-12-29T16:22:23","date_gmt":"2020-12-29T13:22:23","guid":{"rendered":"https:\/\/www.myvize.com.tr\/gana\/?page_id=216"},"modified":"2022-05-07T14:11:50","modified_gmt":"2022-05-07T11:11:50","slug":"istanbul","status":"publish","type":"page","link":"https:\/\/www.myvize.com.tr\/gana\/subelerimiz\/istanbul\/","title":{"rendered":"\u0130stanbul"},"content":{"rendered":"<h2><span style=\"font-family: Roboto; font-size: 27px;\"><strong>Gana Vize Ba\u015fvuru Merkezi, \u0130stanbul<\/strong><\/span><\/h2>\n<p><span style=\"font-family: Roboto; font-size: 14px;\"><strong>\u0130stanbul Gana vize ba\u015fvurusu <\/strong>de\u011ferlendirme yetkililerinden birisi de <strong>\u0130stanbul Gana Konsoloslu\u011fu<\/strong> olur. \u0130stanbul, Sakarya, <span style=\"color: #2acec2;\"><strong><a style=\"color: #2acec2;\" href=\"https:\/\/www.myvize.com.tr\/gana\/subelerimiz\/canakkale\/\" target=\"_blank\" rel=\"noopener\">\u00c7anakkale<\/a><\/strong><\/span>, \u0130zmit, D\u00fczce, Adapazar\u0131 ve Kocaeli ikamet eden ki\u015filerin vize evraklar\u0131n\u0131 buraya g\u00f6nderme imkanlar\u0131 vard\u0131r. Bir tek bu \u015fehirler ile s\u0131n\u0131rl\u0131 de\u011fildir. T\u00fcrkiye\u2019nin her yerinden evraklar\u0131n\u0131 g\u00f6ndererek i\u015flemlerinizi tamamlayabilirsiniz.<strong> \u0130stanbul<\/strong> d\u0131\u015f\u0131ndan gelen \u015fehirler i\u00e7in yap\u0131lan<strong> ba\u015fvuru i\u015flemleri evraklar\u0131<\/strong> ancak kargo ile g\u00f6nderilebilir. Bu nedenle de i\u015flemin biraz daha uzun s\u00fcrme ihtimali vard\u0131r. E\u011fer isterseniz bu konu ile ilgili e posta adreslerinden ya da telefon ile bilgi alma imkan\u0131n\u0131z vard\u0131r. Bu sayede i\u015flemlerinizi \u00e7ok daha do\u011fru bir \u015fekilde yerine getirebilirsiniz. T\u00fcm bunlar\u0131n yan\u0131 s\u0131ra i\u015flemlerinizi yerine getirebilmek i\u00e7in ofise gitmeden \u00f6nce randevu alman\u0131z gerekir. Randevu almaman\u0131z durumunda ise bir sorun ya\u015fama ihtimaliniz vard\u0131r. Gerekli olan evraklar zaten ofise g\u00f6nderilerek i\u015flemler yerine getirilir. Bu da sa\u011flanan en g\u00fczel avantajlar aras\u0131nda yer al\u0131r. Ayn\u0131 zaman da i\u015flemlerin 5 i\u015f g\u00fcn\u00fc kadar bir s\u00fcrede sonuca ula\u015fma ihtimali vard\u0131r.\u00a0<\/span><\/p>\n<p>&nbsp;<\/p>\n","protected":false},"excerpt":{"rendered":"<p>Gana Vize Ba\u015fvuru Merkezi, \u0130stanbul \u0130stanbul Gana vize ba\u015fvurusu de\u011ferlendirme yetkililerinden birisi de \u0130stanbul Gana Konsoloslu\u011fu olur. \u0130stanbul, Sakarya, \u00c7anakkale, \u0130zmit, D\u00fczce, Adapazar\u0131 ve Kocaeli ikamet eden ki\u015filerin vize evraklar\u0131n\u0131 buraya g\u00f6nderme imkanlar\u0131 vard\u0131r. Bir tek bu \u015fehirler ile s\u0131n\u0131rl\u0131 de\u011fildir. T\u00fcrkiye\u2019nin her yerinden evraklar\u0131n\u0131 g\u00f6ndererek i\u015flemlerinizi tamamlayabilirsiniz. \u0130stanbul d\u0131\u015f\u0131ndan gelen \u015fehirler i\u00e7in yap\u0131lan ba\u015fvuru<\/p>\n","protected":false},"author":1,"featured_media":0,"parent":175,"menu_order":0,"comment_status":"open","ping_status":"closed","template":"","meta":{"footnotes":""},"class_list":["post-216","page","type-page","status-publish","hentry"],"yoast_head":"<!-- This site is optimized with the Yoast SEO plugin v24.0 - https:\/\/yoast.com\/wordpress\/plugins\/seo\/ -->\n<title>Gana Vize Ba\u015fvuru \u015eubesi \u0130stanbul - MyVize<\/title>\n<meta name=\"description\" content=\"Gana Vizesi \u0130stanbul Vize Ba\u015fvuru Merkezi. Gana Vizesi Nas\u0131l Al\u0131n\u0131r? Ba\u015fvuru Yapmak \u0130\u00e7in \u0130stanbul \u015eubemizi Aray\u0131n: 0850 346 84 93\" \/>\n<meta name=\"robots\" content=\"index, follow, max-snippet:-1, max-image-preview:large, max-video-preview:-1\" \/>\n<link rel=\"canonical\" href=\"https:\/\/www.myvize.com.tr\/gana\/subelerimiz\/istanbul\/\" \/>\n<meta property=\"og:locale\" content=\"tr_TR\" \/>\n<meta property=\"og:type\" content=\"article\" \/>\n<meta property=\"og:title\" content=\"Gana Vize Ba\u015fvuru \u015eubesi \u0130stanbul - MyVize\" \/>\n<meta property=\"og:description\" content=\"Gana Vizesi \u0130stanbul Vize Ba\u015fvuru Merkezi. Gana Vizesi Nas\u0131l Al\u0131n\u0131r? Ba\u015fvuru Yapmak \u0130\u00e7in \u0130stanbul \u015eubemizi Aray\u0131n: 0850 346 84 93\" \/>\n<meta property=\"og:url\" content=\"https:\/\/www.myvize.com.tr\/gana\/subelerimiz\/istanbul\/\" \/>\n<meta property=\"og:site_name\" content=\"Gana Vizesi\" \/>\n<meta property=\"article:modified_time\" content=\"2022-05-07T11:11:50+00:00\" \/>\n<meta name=\"twitter:card\" content=\"summary_large_image\" \/>\n<meta name=\"twitter:label1\" content=\"Tahmini okuma s\u00fcresi\" \/>\n\t<meta name=\"twitter:data1\" content=\"1 dakika\" \/>\n<script type=\"application\/ld+json\" class=\"yoast-schema-graph\">{\"@context\":\"https:\/\/schema.org\",\"@graph\":[{\"@type\":\"WebPage\",\"@id\":\"https:\/\/www.myvize.com.tr\/gana\/subelerimiz\/istanbul\/\",\"url\":\"https:\/\/www.myvize.com.tr\/gana\/subelerimiz\/istanbul\/\",\"name\":\"Gana Vize Ba\u015fvuru \u015eubesi \u0130stanbul - MyVize\",\"isPartOf\":{\"@id\":\"https:\/\/www.myvize.com.tr\/gana\/#website\"},\"datePublished\":\"2020-12-29T13:22:23+00:00\",\"dateModified\":\"2022-05-07T11:11:50+00:00\",\"description\":\"Gana Vizesi \u0130stanbul Vize Ba\u015fvuru Merkezi. Gana Vizesi Nas\u0131l Al\u0131n\u0131r? Ba\u015fvuru Yapmak \u0130\u00e7in \u0130stanbul \u015eubemizi Aray\u0131n: 0850 346 84 93\",\"breadcrumb\":{\"@id\":\"https:\/\/www.myvize.com.tr\/gana\/subelerimiz\/istanbul\/#breadcrumb\"},\"inLanguage\":\"tr\",\"potentialAction\":[{\"@type\":\"ReadAction\",\"target\":[\"https:\/\/www.myvize.com.tr\/gana\/subelerimiz\/istanbul\/\"]}]},{\"@type\":\"BreadcrumbList\",\"@id\":\"https:\/\/www.myvize.com.tr\/gana\/subelerimiz\/istanbul\/#breadcrumb\",\"itemListElement\":[{\"@type\":\"ListItem\",\"position\":1,\"name\":\"Anasayfa\",\"item\":\"https:\/\/www.myvize.com.tr\/gana\/\"},{\"@type\":\"ListItem\",\"position\":2,\"name\":\"\u015eUBELER\u0130M\u0130Z\",\"item\":\"https:\/\/www.myvize.com.tr\/gana\/subelerimiz\/\"},{\"@type\":\"ListItem\",\"position\":3,\"name\":\"\u0130stanbul\"}]},{\"@type\":\"WebSite\",\"@id\":\"https:\/\/www.myvize.com.tr\/gana\/#website\",\"url\":\"https:\/\/www.myvize.com.tr\/gana\/\",\"name\":\"Gana Vizesi\",\"description\":\"\",\"potentialAction\":[{\"@type\":\"SearchAction\",\"target\":{\"@type\":\"EntryPoint\",\"urlTemplate\":\"https:\/\/www.myvize.com.tr\/gana\/?s={search_term_string}\"},\"query-input\":{\"@type\":\"PropertyValueSpecification\",\"valueRequired\":true,\"valueName\":\"search_term_string\"}}],\"inLanguage\":\"tr\"}]}<\/script>\n<!-- \/ Yoast SEO plugin. -->","yoast_head_json":{"title":"Gana Vize Ba\u015fvuru \u015eubesi \u0130stanbul - MyVize","description":"Gana Vizesi \u0130stanbul Vize Ba\u015fvuru Merkezi. Gana Vizesi Nas\u0131l Al\u0131n\u0131r? Ba\u015fvuru Yapmak \u0130\u00e7in \u0130stanbul \u015eubemizi Aray\u0131n: 0850 346 84 93","robots":{"index":"index","follow":"follow","max-snippet":"max-snippet:-1","max-image-preview":"max-image-preview:large","max-video-preview":"max-video-preview:-1"},"canonical":"https:\/\/www.myvize.com.tr\/gana\/subelerimiz\/istanbul\/","og_locale":"tr_TR","og_type":"article","og_title":"Gana Vize Ba\u015fvuru \u015eubesi \u0130stanbul - MyVize","og_description":"Gana Vizesi \u0130stanbul Vize Ba\u015fvuru Merkezi. Gana Vizesi Nas\u0131l Al\u0131n\u0131r? Ba\u015fvuru Yapmak \u0130\u00e7in \u0130stanbul \u015eubemizi Aray\u0131n: 0850 346 84 93","og_url":"https:\/\/www.myvize.com.tr\/gana\/subelerimiz\/istanbul\/","og_site_name":"Gana Vizesi","article_modified_time":"2022-05-07T11:11:50+00:00","twitter_card":"summary_large_image","twitter_misc":{"Tahmini okuma s\u00fcresi":"1 dakika"},"schema":{"@context":"https:\/\/schema.org","@graph":[{"@type":"WebPage","@id":"https:\/\/www.myvize.com.tr\/gana\/subelerimiz\/istanbul\/","url":"https:\/\/www.myvize.com.tr\/gana\/subelerimiz\/istanbul\/","name":"Gana Vize Ba\u015fvuru \u015eubesi \u0130stanbul - MyVize","isPartOf":{"@id":"https:\/\/www.myvize.com.tr\/gana\/#website"},"datePublished":"2020-12-29T13:22:23+00:00","dateModified":"2022-05-07T11:11:50+00:00","description":"Gana Vizesi \u0130stanbul Vize Ba\u015fvuru Merkezi. Gana Vizesi Nas\u0131l Al\u0131n\u0131r? Ba\u015fvuru Yapmak \u0130\u00e7in \u0130stanbul \u015eubemizi Aray\u0131n: 0850 346 84 93","breadcrumb":{"@id":"https:\/\/www.myvize.com.tr\/gana\/subelerimiz\/istanbul\/#breadcrumb"},"inLanguage":"tr","potentialAction":[{"@type":"ReadAction","target":["https:\/\/www.myvize.com.tr\/gana\/subelerimiz\/istanbul\/"]}]},{"@type":"BreadcrumbList","@id":"https:\/\/www.myvize.com.tr\/gana\/subelerimiz\/istanbul\/#breadcrumb","itemListElement":[{"@type":"ListItem","position":1,"name":"Anasayfa","item":"https:\/\/www.myvize.com.tr\/gana\/"},{"@type":"ListItem","position":2,"name":"\u015eUBELER\u0130M\u0130Z","item":"https:\/\/www.myvize.com.tr\/gana\/subelerimiz\/"},{"@type":"ListItem","position":3,"name":"\u0130stanbul"}]},{"@type":"WebSite","@id":"https:\/\/www.myvize.com.tr\/gana\/#website","url":"https:\/\/www.myvize.com.tr\/gana\/","name":"Gana Vizesi","description":"","potentialAction":[{"@type":"SearchAction","target":{"@type":"EntryPoint","urlTemplate":"https:\/\/www.myvize.com.tr\/gana\/?s={search_term_string}"},"query-input":{"@type":"PropertyValueSpecification","valueRequired":true,"valueName":"search_term_string"}}],"inLanguage":"tr"}]}},"_links":{"self":[{"href":"https:\/\/www.myvize.com.tr\/gana\/wp-json\/wp\/v2\/pages\/216","targetHints":{"allow":["GET"]}}],"collection":[{"href":"https:\/\/www.myvize.com.tr\/gana\/wp-json\/wp\/v2\/pages"}],"about":[{"href":"https:\/\/www.myvize.com.tr\/gana\/wp-json\/wp\/v2\/types\/page"}],"author":[{"embeddable":true,"href":"https:\/\/www.myvize.com.tr\/gana\/wp-json\/wp\/v2\/users\/1"}],"replies":[{"embeddable":true,"href":"https:\/\/www.myvize.com.tr\/gana\/wp-json\/wp\/v2\/comments?post=216"}],"version-history":[{"count":5,"href":"https:\/\/www.myvize.com.tr\/gana\/wp-json\/wp\/v2\/pages\/216\/revisions"}],"predecessor-version":[{"id":719,"href":"https:\/\/www.myvize.com.tr\/gana\/wp-json\/wp\/v2\/pages\/216\/revisions\/719"}],"up":[{"embeddable":true,"href":"https:\/\/www.myvize.com.tr\/gana\/wp-json\/wp\/v2\/pages\/175"}],"wp:attachment":[{"href":"https:\/\/www.myvize.com.tr\/gana\/wp-json\/wp\/v2\/media?parent=216"}],"curies":[{"name":"wp","href":"https:\/\/api.w.org\/{rel}","templated":true}]}}