{"id":296,"date":"2021-06-24T12:00:00","date_gmt":"2021-06-24T09:00:00","guid":{"rendered":"https:\/\/www.myvize.com.tr\/gana\/?page_id=296"},"modified":"2022-05-06T16:17:41","modified_gmt":"2022-05-06T13:17:41","slug":"gana-transit-vize","status":"publish","type":"page","link":"https:\/\/www.myvize.com.tr\/gana\/vize-islemleri\/gana-transit-vize\/","title":{"rendered":"Gana Transit Vize"},"content":{"rendered":"<p><span style=\"font-family: Roboto;\"><\/span><\/p>\r\n<p><span style=\"font-family: Roboto; font-size: 14px;\"><strong>Gana transit vize<\/strong>\u00a0T\u00fcrkiye\u2019den Gana\u2019ya aktarmal\u0131 olarak gidecek vatanda\u015flarda bulunmas\u0131 gereken vize \u00e7e\u015fididir. \u0130ki \u00fclke aras\u0131nda herhangi bir vize muafiyeti bulunmad\u0131\u011f\u0131ndan dolay\u0131, vatanda\u015flar\u0131n bu \u00fclkeye yapacaklar\u0131 aktarmalarda mutlaka yanlar\u0131nda <strong>Gana transit vize<\/strong> bulundurmalar\u0131 gerekir.<\/span><\/p>\r\n<p><span style=\"font-family: Roboto; font-size: 14px;\">\r\n\r\n<\/span><\/p>\r\n<p><span style=\"font-family: Roboto; font-size: 14px;\"><strong>Gana transit vize<\/strong> ba\u015fvurular\u0131n\u0131 T\u00fcrkiye\u2019de T.C. vatanda\u015flar\u0131n\u0131n yan\u0131 s\u0131ra Bosna Hersek, Bulgaristan, Kosova ve Arnavutluk vatanda\u015flar\u0131 da yapabilmektedir.<\/span><\/p>\r\n<h2><span style=\"font-family: Roboto; font-size: 27px;\"><strong>Gana Transit Vize Nedir?<\/strong><\/span><\/h2>\r\n<p><span style=\"font-family: Roboto; font-size: 14px;\">Gana topraklar\u0131na tam olarak girmeden, bir Gana\u2019da bulunan herhangi bir havaalan\u0131ndan ba\u015fka farkl\u0131 bir \u00fclkeye transit olarak ge\u00e7meyi sa\u011flayan ve sadece 24 saatlik bir ge\u00e7erlili\u011fi bulunan k\u0131sa s\u00fcreli vize t\u00fcrlerinden birisi Gana Transit Vizedir.<\/span><\/p>\r\n<p><span style=\"font-family: Roboto; font-size: 14px;\">\u00a0 Gana transit vizesine sahip olan ki\u015filerin Gana havaalan\u0131na inilmesi gereken u\u00e7u\u015f ile ayn\u0131 g\u00fcn i\u00e7erisinde ba\u011flant\u0131l\u0131 olan ba\u015fka bir u\u00e7u\u015fa sahip olmas\u0131 gerekmektedir. Gana\u2019da bulunan herhangi bir havaalan\u0131n\u0131n uluslararas\u0131 b\u00f6lgesinde en fazla 24 saat olacak \u015fekilde bulunmas\u0131na ve farkl\u0131 bir \u00fclkeye transit bir \u015fekilde ge\u00e7i\u015f yapmay\u0131 planlayan yabanc\u0131 \u00fclke vatanda\u015flar\u0131n\u0131n almas\u0131 gereken vize t\u00fcr\u00fc Gana transit vizesidir.<\/span><\/p>\r\n<p><span style=\"font-family: Roboto; font-size: 14px;\">\u00a0\u00a0 Gana transit vizesine sahip olan yolcular\u0131n Gana havaalan\u0131nda geceyi ge\u00e7irmesine izin verilmekte olup, Gana havaalan\u0131n\u0131n b\u00fcnyesinde olan uluslararas\u0131 aktarma alan\u0131n\u0131 terk etmesine izin verilmemektedir.<\/span><\/p>\r\n<p><span style=\"font-family: Roboto; font-size: 14px;\">\u00a0\u00a0\u00a0 Gana i\u00e7erisinde birden fazla havaalan\u0131ndan aktarma yap\u0131lmas\u0131 planlan\u0131yorsa al\u0131nacak olan <strong>Gana Transit Vizesi<\/strong> bu i\u015flem i\u00e7in yeterli olmayacakt\u0131r. \u0130ki ya da daha fazla Schengen \u00fclkesi aras\u0131nda olan u\u00e7u\u015flar\u0131n amac\u0131 transit olsa bile, i\u00e7 hat u\u00e7u\u015flar\u0131na dahil edildikleri i\u00e7in<strong> Gana Transit Vizesi almak<\/strong> yerine Schengen Vizesi al\u0131nmas\u0131 gerekmektedir<\/span><\/p>\r\n<h2><span style=\"font-family: Roboto; font-size: 27px;\"><strong>Gana Transit Vize \u0130stiyor Mu?<\/strong><\/span><\/h2>\r\n<p><span style=\"font-family: Roboto; font-size: 14px;\">\u00a0\u00a0 Gana Havaliman\u0131\u2019ndan aktarmal\u0131 u\u00e7u\u015f y\u00f6ntemi ile Schengen \u00fclkelerinin d\u0131\u015f\u0131nda olan bir \u00fclkeden, ba\u015fka bir Schengen \u00fclkelerinin d\u0131\u015f\u0131nda ki \u00fclkeye seyahat etmeyi planlayan ki\u015filer i\u00e7in, Gana transit vizesinin al\u0131nmas\u0131 zorunlu olan bir i\u015flemdir. Gana transit vizesi yaln\u0131zca 24 saat s\u00fcrmekte ve sadece bir Schengen b\u00f6lgesinde bulunan havaalan\u0131n\u0131n, uluslararas\u0131 transit b\u00f6lgesinde ge\u00e7erli olmaktad\u0131r.<\/span><\/p>\r\n<p><span style=\"font-family: Roboto; font-size: 14px;\">\u00a0\u00a0 E\u011fer Gana\u2019da bir g\u00fcnden fazla bulunulmas\u0131 gerekiyorsa, <strong>Gana transit vizesi almak<\/strong> yerine normal bir Schengen vizesine ba\u015fvuru yap\u0131lmas\u0131 gerekmektedir.<\/span><\/p>\r\n<p><span style=\"font-family: Roboto; font-size: 14px;\">\u00a0\u00a0\u00a0 T\u00fcrk vatanda\u015flar\u0131n\u0131n Gana\u2019da bulunmakta olan havaalanlar\u0131ndan aktarma yaparken, Gana havaalan\u0131ndan \u00e7\u0131kmad\u0131klar\u0131 ya da ba\u015fka bir Schengen \u00fclkesine gitmeyecekleri s\u00fcrece Gana Transit Vizesi almalar\u0131n\u0131 gerektiren zorunlu bir durum bulunmamaktad\u0131r.<\/span><\/p>\r\n<p><span style=\"font-family: Roboto; font-size: 14px;\">\u00a0\u00a0 E\u011fer daha \u00f6ncesinde ald\u0131\u011f\u0131n\u0131z \u00e7ok giri\u015fli ve halen daha ge\u00e7erli olan bir Schengen vizesine sahipseniz, Gana \u00fczerinden yapacak oldu\u011funuz seyahatlerde ayr\u0131ca Gana transit vizesi alman\u0131za gerek yoktur.<\/span><\/p>\r\n<h2><span style=\"font-family: Roboto; font-size: 27px;\"><strong>Gana Transit Vize Veriyor Mu?<\/strong><\/span><\/h2>\r\n<p><span style=\"font-family: Roboto; font-size: 14px;\">Ba\u015fka bir \u00fclkeye seyahat planlayan ve Gana \u00fczerinden ge\u00e7meyi planlayan ki\u015filere Gana \u00fczerinden transit olarak ge\u00e7me hakk\u0131n\u0131 tan\u0131yan vizeye Gana transit vizesi denilmektedir. Gana\u2019da en fazla 5 g\u00fcne kadar konaklama hakk\u0131n\u0131 bulunduran vizeler ise D veya C kategorisinde ki transit vizelerdir. Gana Transit Vizeleri tek giri\u015fli ya da \u00e7ift giri\u015fli olabilece\u011fi gibi \u00e7ok giri\u015fli vize olarak da yer almaktad\u0131r. Gana\u2019dan her ge\u00e7i\u015f i\u00e7in Transit Vize sahibine 5 g\u00fcne kadar kal\u0131\u015f hakk\u0131 tan\u0131maktad\u0131r.<\/span><\/p>\r\n<p><span style=\"font-family: Roboto; font-size: 14px;\">\u00a0Balkanlar\u2019a gitmeyi planl\u0131yorsan\u0131z ve Gana\u2019da, Moldova \u00fczerinden ge\u00e7i\u015f yapmak gibi bir d\u00fc\u015f\u00fcnceniz var ise Gana transit vizesi alman\u0131z gerekecektir. Alacak oldu\u011funuz Gana transit vizesi 5 g\u00fcne kadar ge\u00e7erlili\u011fi olan bir transit vize ba\u015fvurusu olacakt\u0131r ve buna g\u00f6re ba\u015fvuruda bulunman\u0131z gerekmektedir.<\/span><\/p>\r\n<p><span style=\"font-family: Roboto; font-size: 14px;\"><strong>\u00a0\u00a0 Gana transit vize alabilmek<\/strong> i\u00e7in ba\u015fvuru i\u015flemlerinizin Gana Konsoloslu\u011fu\u2019na ba\u011fl\u0131 olarak ger\u00e7ekle\u015febilece\u011fi bir tak\u0131m randevu sorunlar\u0131 gibi fakt\u00f6rleri g\u00f6z \u00f6n\u00fcnde bulundurarak, yapacak oldu\u011funuz seyahat tarihinden en ge\u00e7 15 g\u00fcn \u00f6ncesinde ba\u015fvuru i\u015flemlerini ger\u00e7ekle\u015ftirmeniz gerekmektedir.<\/span><\/p>\r\n<p><span style=\"font-family: Roboto; font-size: 14px;\">\r\n\r\n<\/span><\/p>\r\n<h2><span style=\"font-family: Roboto; font-size: 27px;\"><strong>Gana Transit Vize Nas\u0131l Al\u0131n\u0131r?<\/strong><\/span><\/h2>\r\n<p><span style=\"font-family: Roboto; font-size: 14px;\">\r\n\r\n<\/span><\/p>\r\n<p><span style=\"font-family: Roboto; font-size: 14px;\"><strong>Gana transit vize\u00a0ba\u015fvurusu<\/strong> yapacak olan ki\u015filer Gana B\u00fcy\u00fckel\u00e7ili\u011fi ya da Gana \u0130stanbul Ba\u015fkonsoloslu\u011fu ile ileti\u015fime ge\u00e7erek ba\u015fvuru s\u00fcre\u00e7lerini ba\u015flatabilirler.\u00a0 Ankara ya da \u0130stanbul d\u0131\u015f\u0131nda ikamet eden vatanda\u015flar ya\u015fad\u0131klar\u0131 \u015fehirlerde resmi vize hizmeti veren acenteler arac\u0131l\u0131\u011f\u0131 ile de <strong>Gana transit vize<\/strong> sahibi olabilirler. Vize hizmeti veren acenteler ba\u015fvuru s\u00fcrecinin ard\u0131ndan vatanda\u015flara bu s\u00fcre\u00e7te ihtiya\u00e7lar\u0131 olacak her t\u00fcrl\u00fc hizmeti sunmaktad\u0131r.<\/span><\/p>\r\n<h2><span style=\"font-family: Roboto; font-size: 27px;\"><strong>Gana Transit Vizesi Nas\u0131l Al\u0131n\u0131r 2022?<\/strong><\/span><\/h2>\r\n<p><span style=\"font-family: Roboto; font-size: 14px;\"><strong>Gana Transit Vize nas\u0131l al\u0131n\u0131r\u00a0<\/strong>i\u00e7in ba\u015fvuru i\u015flemlerinin B\u00fcy\u00fckel\u00e7ili\u011fe ya da Konsoloslu\u011fa yap\u0131lmas\u0131 gerekir. \u0130leti\u015fime ge\u00e7ilmesi ile birlikte ba\u015fvuru s\u00fcreci ba\u015flam\u0131\u015f olur.\u00a0 <strong>Vize hizmeti<\/strong> verene acentalardan yard\u0131m istenmesi halinde ise bu s\u00fcre\u00e7 i\u00e7erisinde herhangi bir sorun ya\u015famadan s\u00fcreci gayet g\u00fczel bir \u015fekilde y\u00fcr\u00fctme imkan\u0131na sahip olurlar. <strong>Transit vize<\/strong> ba\u015fvurusunun yap\u0131lmas\u0131ndan \u00f6nce ki\u015filerin gerekli olan evraklar\u0131n\u0131 haz\u0131rlamalar\u0131 gerekir. Evraklar\u0131n tam ve eksiksiz olmas\u0131 halinde ba\u015fvuru i\u015flemi de ba\u015flam\u0131\u015f olur. Bu sayede ki\u015filerin ba\u015fvuru i\u015flemleri de de\u011ferlendirilmeye al\u0131nm\u0131\u015f olur. De\u011ferlendirme i\u015fleminin yap\u0131ld\u0131\u011f\u0131 s\u0131rada herhangi bir olumsuzlu\u011fun g\u00f6r\u00fclmemesi halinde ki\u015filerin \u00fclkeye olan aktarmal\u0131 yap\u0131lacak u\u00e7u\u015funu ger\u00e7ekle\u015ftirme imkan\u0131 da tamamlanm\u0131\u015f olur. Vizenin al\u0131nabilmesi i\u00e7in gerekli olan evraklar pasaport, g\u00fcncel olan iki adet biyometrik foto\u011fraf, <strong>ba\u015fvuru dilek\u00e7esi<\/strong>, ba\u015fvuru \u00fccretinin \u00f6dendi\u011fine dair makbuz, gidilecek olan \u00fclkeye ait olan vize bilgileri, otel rezervasyonu ve u\u00e7ak biletinin tam ve eksiksiz olarak sunulmas\u0131 gerekir. Ki\u015filerin evraklar\u0131n\u0131n do\u011fru ve eksiksiz olmas\u0131 durumunda 3 i\u015f g\u00fcn\u00fc i\u00e7erisinde vize sonu\u00e7lanm\u0131\u015f olur.\u00a0<\/span><\/p>\r\n<h3><span style=\"font-family: Roboto; font-size: 24px;\"><strong>Gana Transit Vize Almak \u0130\u00e7in Neler Yap\u0131l\u0131r?<\/strong><\/span><\/h3>\r\n<p><span style=\"font-family: Roboto; font-size: 14px;\">Gana Transit Vizesini almak i\u00e7in ilk \u00f6nce as\u0131l olarak gidilmesi planlanan \u00fclkeden seyahat amac\u0131na uygun bir vize al\u0131nmas\u0131 gerekmektedir. Gana transit vize ba\u015fvurusunu Gana\u2019n\u0131n T\u00fcrkiye s\u0131n\u0131rlar\u0131 i\u00e7erisinde bulunan ve ikamet etti\u011finiz yere yak\u0131n olan temsilciliklerine yapabilece\u011finiz gibi temsilcilikler taraf\u0131ndan yetkilendirilmi\u015f olan vize ba\u015fvuru merkezlerine de yap\u0131labilmektedir.<\/span><\/p>\r\n<p><span style=\"font-family: Roboto; font-size: 14px;\"><strong>\u00a0\u00a0\u00a0 Gana Transit Vize<\/strong> ba\u015fvurusunu de\u011ferlendirme ve sonu\u00e7land\u0131rma yetkisi yaln\u0131zca\u00a0<a name=\"_Hlk96715455\"><\/a>Gana Konsoloslu\u011fu\u2019na\u00a0aittir. Gana Transit Vize ba\u015fvurusunda bulunmak i\u00e7in ilk a\u015fama olarak Gana Konsoloslu\u011fu\u2019nun vize ba\u015fvuru merkezine verilmesi gereken Transit Vize ba\u015fvuru formunu doldurmak gerekmektedir. Bu i\u015flemden sonra ise ba\u015fvurdu\u011funuz vize ba\u015fvuru merkezinden, transit vize i\u00e7in randevu al\u0131nmas\u0131 gerekmektedir. Belirlenen randevu zaman\u0131na kadar da gerekli olan b\u00fct\u00fcn belgeler haz\u0131rlanmal\u0131 ve belirlenen randevu tarihinde teslim edilmesi gerekmektedir.<\/span><\/p>\r\n<p><span style=\"font-family: Roboto; font-size: 14px;\"><strong>\u00a0 Gana Transit Vizesi i\u00e7in<\/strong>, ba\u015fvuruda bulunacak ki\u015finin \u015fahsen giderek Gana Konsoloslu\u011fundan bulunmas\u0131 ve Transit Vize ba\u015fvurusunu yapmas\u0131 gerekmektedir. Gana Konsolosluk Ofislerinin b\u00f6lge olarak ayr\u0131mlar\u0131 bulunmakta ve bu y\u00fczden <strong>Gana Konsoloslu\u011fu<\/strong> taraf\u0131ndan istenen evraklar da farkl\u0131l\u0131k g\u00f6sterebilmektedir.\u00a0 Gidilmesi planlanan Gana Konsoloslu\u011funun yeri, ikametg\u00e2h adresinizin durumuna g\u00f6re de\u011fi\u015fkenlik olabilmektedir. Ayr\u0131ca Gana Transit Vizesi i\u00e7in istenen ve gerekli olan evraklar \u00fclkeden \u00fclkeye de\u011fi\u015fiklik g\u00f6sterebilmektedir.<\/span><\/p>\r\n<h3><span style=\"font-size: 24px;\"><strong><span style=\"font-family: Roboto;\">Gana Transit Vize \u0130\u015flemleri<\/span><\/strong><\/span><\/h3>\r\n<p><span style=\"font-family: Roboto; font-size: 14px;\"><strong>Transit vize<\/strong> bir \u00fclkenden ba\u015fka bir \u00fclkeye giderken \u00fc\u00e7\u00fcnc\u00fc bir \u00fclkeden aktarmal\u0131 olarak seyahat yapacak ki\u015filerin almas\u0131 gereken vize t\u00fcr\u00fcd\u00fcr. Ayr\u0131ca sadece u\u00e7ak ile de\u011fil kendi arac\u0131n\u0131zla ya da herhangi bir ula\u015f\u0131m arac\u0131 ile seyahat edecekseniz transit vize almal\u0131s\u0131n\u0131z.<\/span><\/p>\r\n<p><span style=\"font-family: Roboto; font-size: 14px;\">Gana \u00fczerinden aktarmal\u0131 olarak ya da kara yolu ile ge\u00e7ecek olan Umuma Mahsus, Hizmet ve Hususi Pasaport sahipleri <strong>Gana transit vizesi<\/strong> almal\u0131d\u0131r. Diplomatik pasaport sahipleri bu uygulamadan muaf tutulmu\u015ftur. Bu vize sahibine Gana\u2019da serbest dola\u015f\u0131m hakk\u0131 tan\u0131mamaktad\u0131r. Sadece \u00fclkeden transit olarak ge\u00e7menizi sa\u011flar. Transit vize aktarma i\u00e7in bekleyece\u011finiz s\u00fcre i\u00e7in verilmektedir. Gana transit vizesi alabilmek i\u00e7in \u00f6ncelikle as\u0131l olarak seyahat edilecek \u00fclkeden vize alman\u0131z gerekmektedir.<\/span><\/p>\r\n<p><span style=\"font-family: Roboto; font-size: 14px;\">Vize ba\u015fvurular\u0131n\u0131z\u0131 <span style=\"color: #2acec2;\"><strong><a style=\"color: #2acec2;\" href=\"https:\/\/www.myvize.com.tr\/gana\/konsolosluklar\/ankara-buyukelciligi\/\" target=\"_blank\" rel=\"noopener\">Gana Ankara B\u00fcy\u00fckel\u00e7ili\u011fi<\/a><\/strong><\/span>, Gana \u0130stanbul Ba\u015fkonsoloslu\u011fu ve <strong><a href=\"https:\/\/www.myvize.com.tr\/gana\/vize-islemleri\/gana-vizesi\/\" target=\"_blank\" rel=\"noopener\"><span style=\"color: #2acec2;\">Gana vizesi<\/span><\/a><\/strong> ba\u015fvuru merkezlerinden yapabilirisiniz. Vize verme yetkisi Gana Ankara B\u00fcy\u00fckel\u00e7ili\u011fi\u2019ne ve Gana \u0130stanbul Ba\u015fkonsoloslu\u011fu\u2019na aittir. Ayr\u0131ca Arnavutluk, Bulgaristan, Bosna Hersek ve Kosova;<strong> Gana transit vize<\/strong> ba\u015fvurular\u0131n\u0131 T\u00fcrkiye\u2019de yapabilmektedir. Vize ba\u015fvurusu i\u00e7in gerekli belgeler haz\u0131rlanmal\u0131 ve vize ba\u015fvurusu yap\u0131lacak olan yere teslim edilmelidir.<\/span><\/p>\r\n<p><span style=\"font-family: Roboto; font-size: 14px;\"> <img decoding=\"async\" src=\"https:\/\/www.myvize.com.tr\/gana\/wp-content\/uploads\/2021\/10\/53.jpg\" \/> <\/span><\/p>\r\n<h3><span style=\"font-family: Roboto; font-size: 24px;\"><strong>Gana Transit Vize \u0130\u00e7in Gerekli Evraklar\u00a0<\/strong><\/span><\/h3>\r\n<p><span style=\"font-family: Roboto; font-size: 14px;\">\r\n\r\n<\/span><\/p>\r\n<p><span style=\"font-family: Roboto; font-size: 14px;\"><strong>Gana transit vize<\/strong>\u00a0ba\u015fvurusu yapmak i\u00e7in \u00f6ncelikle vatanda\u015flar\u0131n gerekli evraklar\u0131 haz\u0131rlamalar\u0131 gerekir. Evraklar\u0131n tam olmas\u0131 ile birlikte ba\u015fvuru s\u00fcreci ba\u015flar ve vatanda\u015flar\u0131n ba\u015fvurular\u0131 de\u011ferlendirmeye al\u0131n\u0131r. De\u011ferlendirme a\u015famas\u0131nda herhangi bir olumsuzluk bulunmamas\u0131 durumunda vatanda\u015flar <strong>Gana transit vize<\/strong> sahibi olarak bu \u00fclkeye olan aktarmal\u0131 u\u00e7u\u015flar\u0131n\u0131 ger\u00e7ekle\u015ftirebilir.<\/span><\/p>\r\n<p><span style=\"font-family: Roboto; font-size: 14px;\">\r\n\r\n<\/span><\/p>\r\n<p><span style=\"font-family: Roboto; font-size: 14px;\"><strong>Gana transit vize<\/strong> i\u00e7in gerekli evraklar;<\/span><\/p>\r\n<p><span style=\"font-family: Roboto; font-size: 14px;\">\r\n\r\n<\/span><\/p>\r\n<ul class=\"wp-block-list\">\r\n<li><span style=\"font-family: Roboto; font-size: 14px;\">Pasaport,<\/span><\/li>\r\n<li><span style=\"font-family: Roboto; font-size: 14px;\">G\u00fcncel biyometrik foto\u011fraf,<\/span><\/li>\r\n<li><span style=\"font-family: Roboto; font-size: 14px;\">Ba\u015fvuru dilek\u00e7esi<\/span><\/li>\r\n<li><span style=\"font-family: Roboto; font-size: 14px;\">Ba\u015fvuru \u00fccreti \u00f6deme makbuzu,<\/span><\/li>\r\n<li><span style=\"font-family: Roboto; font-size: 14px;\">Gidilecek olan di\u011fer \u00fclkeye ait vize bilgileri<\/span><\/li>\r\n<li><span style=\"font-family: Roboto; font-size: 14px;\">Otel ve u\u00e7ak rezervasyonlar\u0131.<\/span><\/li>\r\n<\/ul>\r\n<p><span style=\"font-family: Roboto; font-size: 14px;\">\r\n\r\n<\/span><\/p>\r\n<p><span style=\"font-family: Roboto; font-size: 14px;\">Vatanda\u015flar evraklar\u0131n tam olmas\u0131 halinde 3 g\u00fcn i\u00e7erisinde<strong> Gana transit vize<\/strong> ba\u015fvurular\u0131 sonu\u00e7lanmaktad\u0131r.<\/span><\/p>\r\n<p><img decoding=\"async\" src=\"https:\/\/www.myvize.com.tr\/gana\/wp-content\/uploads\/2021\/10\/54.jpg\" \/><\/p>\r\n<p><span style=\"font-family: Roboto;\"><\/span><\/p>","protected":false},"excerpt":{"rendered":"<p>Gana transit vize\u00a0T\u00fcrkiye\u2019den Gana\u2019ya aktarmal\u0131 olarak gidecek vatanda\u015flarda bulunmas\u0131 gereken vize \u00e7e\u015fididir. \u0130ki \u00fclke aras\u0131nda herhangi bir vize muafiyeti bulunmad\u0131\u011f\u0131ndan dolay\u0131, vatanda\u015flar\u0131n bu \u00fclkeye yapacaklar\u0131 aktarmalarda mutlaka yanlar\u0131nda Gana transit vize bulundurmalar\u0131 gerekir. Gana transit vize ba\u015fvurular\u0131n\u0131 T\u00fcrkiye\u2019de T.C. vatanda\u015flar\u0131n\u0131n yan\u0131 s\u0131ra Bosna Hersek, Bulgaristan, Kosova ve Arnavutluk vatanda\u015flar\u0131 da yapabilmektedir. Gana Transit Vize Nedir?<\/p>\n","protected":false},"author":1,"featured_media":0,"parent":18,"menu_order":0,"comment_status":"open","ping_status":"closed","template":"","meta":{"footnotes":""},"class_list":["post-296","page","type-page","status-publish","hentry"],"yoast_head":"<!-- This site is optimized with the Yoast SEO plugin v24.0 - https:\/\/yoast.com\/wordpress\/plugins\/seo\/ -->\n<title>Gana Transit Vize - Gana Vize Randevusu - MyVize<\/title>\n<meta name=\"description\" content=\"Gana transit vizesi i\u00e7in gerekli evraklar. Gana transit vize ba\u015fvuru i\u015flemleri. Gana transit vize s\u00fcresi ka\u00e7 g\u00fcnde \u00e7\u0131kar?\" \/>\n<meta name=\"robots\" content=\"index, follow, max-snippet:-1, max-image-preview:large, max-video-preview:-1\" \/>\n<link rel=\"canonical\" href=\"https:\/\/www.myvize.com.tr\/gana\/vize-islemleri\/gana-transit-vize\/\" \/>\n<meta property=\"og:locale\" content=\"tr_TR\" \/>\n<meta property=\"og:type\" content=\"article\" \/>\n<meta property=\"og:title\" content=\"Gana Transit Vize - Gana Vize Randevusu - MyVize\" \/>\n<meta property=\"og:description\" content=\"Gana transit vizesi i\u00e7in gerekli evraklar. Gana transit vize ba\u015fvuru i\u015flemleri. Gana transit vize s\u00fcresi ka\u00e7 g\u00fcnde \u00e7\u0131kar?\" \/>\n<meta property=\"og:url\" content=\"https:\/\/www.myvize.com.tr\/gana\/vize-islemleri\/gana-transit-vize\/\" \/>\n<meta property=\"og:site_name\" content=\"Gana Vizesi\" \/>\n<meta property=\"article:modified_time\" content=\"2022-05-06T13:17:41+00:00\" \/>\n<meta property=\"og:image\" content=\"https:\/\/www.myvize.com.tr\/gana\/wp-content\/uploads\/2021\/10\/53.jpg\" \/>\n<meta name=\"twitter:card\" content=\"summary_large_image\" \/>\n<meta name=\"twitter:label1\" content=\"Tahmini okuma s\u00fcresi\" \/>\n\t<meta name=\"twitter:data1\" content=\"6 dakika\" \/>\n<script type=\"application\/ld+json\" class=\"yoast-schema-graph\">{\"@context\":\"https:\/\/schema.org\",\"@graph\":[{\"@type\":\"WebPage\",\"@id\":\"https:\/\/www.myvize.com.tr\/gana\/vize-islemleri\/gana-transit-vize\/\",\"url\":\"https:\/\/www.myvize.com.tr\/gana\/vize-islemleri\/gana-transit-vize\/\",\"name\":\"Gana Transit Vize - Gana Vize Randevusu - MyVize\",\"isPartOf\":{\"@id\":\"https:\/\/www.myvize.com.tr\/gana\/#website\"},\"primaryImageOfPage\":{\"@id\":\"https:\/\/www.myvize.com.tr\/gana\/vize-islemleri\/gana-transit-vize\/#primaryimage\"},\"image\":{\"@id\":\"https:\/\/www.myvize.com.tr\/gana\/vize-islemleri\/gana-transit-vize\/#primaryimage\"},\"thumbnailUrl\":\"https:\/\/www.myvize.com.tr\/gana\/wp-content\/uploads\/2021\/10\/53.jpg\",\"datePublished\":\"2021-06-24T09:00:00+00:00\",\"dateModified\":\"2022-05-06T13:17:41+00:00\",\"description\":\"Gana transit vizesi i\u00e7in gerekli evraklar. Gana transit vize ba\u015fvuru i\u015flemleri. Gana transit vize s\u00fcresi ka\u00e7 g\u00fcnde \u00e7\u0131kar?\",\"breadcrumb\":{\"@id\":\"https:\/\/www.myvize.com.tr\/gana\/vize-islemleri\/gana-transit-vize\/#breadcrumb\"},\"inLanguage\":\"tr\",\"potentialAction\":[{\"@type\":\"ReadAction\",\"target\":[\"https:\/\/www.myvize.com.tr\/gana\/vize-islemleri\/gana-transit-vize\/\"]}]},{\"@type\":\"ImageObject\",\"inLanguage\":\"tr\",\"@id\":\"https:\/\/www.myvize.com.tr\/gana\/vize-islemleri\/gana-transit-vize\/#primaryimage\",\"url\":\"https:\/\/www.myvize.com.tr\/gana\/wp-content\/uploads\/2021\/10\/53.jpg\",\"contentUrl\":\"https:\/\/www.myvize.com.tr\/gana\/wp-content\/uploads\/2021\/10\/53.jpg\",\"width\":800,\"height\":500,\"caption\":\"Gana Transit Vize\"},{\"@type\":\"BreadcrumbList\",\"@id\":\"https:\/\/www.myvize.com.tr\/gana\/vize-islemleri\/gana-transit-vize\/#breadcrumb\",\"itemListElement\":[{\"@type\":\"ListItem\",\"position\":1,\"name\":\"Anasayfa\",\"item\":\"https:\/\/www.myvize.com.tr\/gana\/\"},{\"@type\":\"ListItem\",\"position\":2,\"name\":\"V\u0130ZE \u0130\u015eLEMLER\u0130\",\"item\":\"https:\/\/www.myvize.com.tr\/gana\/vize-islemleri\/\"},{\"@type\":\"ListItem\",\"position\":3,\"name\":\"Gana Transit Vize\"}]},{\"@type\":\"WebSite\",\"@id\":\"https:\/\/www.myvize.com.tr\/gana\/#website\",\"url\":\"https:\/\/www.myvize.com.tr\/gana\/\",\"name\":\"Gana Vizesi\",\"description\":\"\",\"potentialAction\":[{\"@type\":\"SearchAction\",\"target\":{\"@type\":\"EntryPoint\",\"urlTemplate\":\"https:\/\/www.myvize.com.tr\/gana\/?s={search_term_string}\"},\"query-input\":{\"@type\":\"PropertyValueSpecification\",\"valueRequired\":true,\"valueName\":\"search_term_string\"}}],\"inLanguage\":\"tr\"}]}<\/script>\n<!-- \/ Yoast SEO plugin. -->","yoast_head_json":{"title":"Gana Transit Vize - Gana Vize Randevusu - MyVize","description":"Gana transit vizesi i\u00e7in gerekli evraklar. Gana transit vize ba\u015fvuru i\u015flemleri. Gana transit vize s\u00fcresi ka\u00e7 g\u00fcnde \u00e7\u0131kar?","robots":{"index":"index","follow":"follow","max-snippet":"max-snippet:-1","max-image-preview":"max-image-preview:large","max-video-preview":"max-video-preview:-1"},"canonical":"https:\/\/www.myvize.com.tr\/gana\/vize-islemleri\/gana-transit-vize\/","og_locale":"tr_TR","og_type":"article","og_title":"Gana Transit Vize - Gana Vize Randevusu - MyVize","og_description":"Gana transit vizesi i\u00e7in gerekli evraklar. Gana transit vize ba\u015fvuru i\u015flemleri. Gana transit vize s\u00fcresi ka\u00e7 g\u00fcnde \u00e7\u0131kar?","og_url":"https:\/\/www.myvize.com.tr\/gana\/vize-islemleri\/gana-transit-vize\/","og_site_name":"Gana Vizesi","article_modified_time":"2022-05-06T13:17:41+00:00","og_image":[{"url":"https:\/\/www.myvize.com.tr\/gana\/wp-content\/uploads\/2021\/10\/53.jpg","type":"","width":"","height":""}],"twitter_card":"summary_large_image","twitter_misc":{"Tahmini okuma s\u00fcresi":"6 dakika"},"schema":{"@context":"https:\/\/schema.org","@graph":[{"@type":"WebPage","@id":"https:\/\/www.myvize.com.tr\/gana\/vize-islemleri\/gana-transit-vize\/","url":"https:\/\/www.myvize.com.tr\/gana\/vize-islemleri\/gana-transit-vize\/","name":"Gana Transit Vize - Gana Vize Randevusu - MyVize","isPartOf":{"@id":"https:\/\/www.myvize.com.tr\/gana\/#website"},"primaryImageOfPage":{"@id":"https:\/\/www.myvize.com.tr\/gana\/vize-islemleri\/gana-transit-vize\/#primaryimage"},"image":{"@id":"https:\/\/www.myvize.com.tr\/gana\/vize-islemleri\/gana-transit-vize\/#primaryimage"},"thumbnailUrl":"https:\/\/www.myvize.com.tr\/gana\/wp-content\/uploads\/2021\/10\/53.jpg","datePublished":"2021-06-24T09:00:00+00:00","dateModified":"2022-05-06T13:17:41+00:00","description":"Gana transit vizesi i\u00e7in gerekli evraklar. Gana transit vize ba\u015fvuru i\u015flemleri. Gana transit vize s\u00fcresi ka\u00e7 g\u00fcnde \u00e7\u0131kar?","breadcrumb":{"@id":"https:\/\/www.myvize.com.tr\/gana\/vize-islemleri\/gana-transit-vize\/#breadcrumb"},"inLanguage":"tr","potentialAction":[{"@type":"ReadAction","target":["https:\/\/www.myvize.com.tr\/gana\/vize-islemleri\/gana-transit-vize\/"]}]},{"@type":"ImageObject","inLanguage":"tr","@id":"https:\/\/www.myvize.com.tr\/gana\/vize-islemleri\/gana-transit-vize\/#primaryimage","url":"https:\/\/www.myvize.com.tr\/gana\/wp-content\/uploads\/2021\/10\/53.jpg","contentUrl":"https:\/\/www.myvize.com.tr\/gana\/wp-content\/uploads\/2021\/10\/53.jpg","width":800,"height":500,"caption":"Gana Transit Vize"},{"@type":"BreadcrumbList","@id":"https:\/\/www.myvize.com.tr\/gana\/vize-islemleri\/gana-transit-vize\/#breadcrumb","itemListElement":[{"@type":"ListItem","position":1,"name":"Anasayfa","item":"https:\/\/www.myvize.com.tr\/gana\/"},{"@type":"ListItem","position":2,"name":"V\u0130ZE \u0130\u015eLEMLER\u0130","item":"https:\/\/www.myvize.com.tr\/gana\/vize-islemleri\/"},{"@type":"ListItem","position":3,"name":"Gana Transit Vize"}]},{"@type":"WebSite","@id":"https:\/\/www.myvize.com.tr\/gana\/#website","url":"https:\/\/www.myvize.com.tr\/gana\/","name":"Gana Vizesi","description":"","potentialAction":[{"@type":"SearchAction","target":{"@type":"EntryPoint","urlTemplate":"https:\/\/www.myvize.com.tr\/gana\/?s={search_term_string}"},"query-input":{"@type":"PropertyValueSpecification","valueRequired":true,"valueName":"search_term_string"}}],"inLanguage":"tr"}]}},"_links":{"self":[{"href":"https:\/\/www.myvize.com.tr\/gana\/wp-json\/wp\/v2\/pages\/296","targetHints":{"allow":["GET"]}}],"collection":[{"href":"https:\/\/www.myvize.com.tr\/gana\/wp-json\/wp\/v2\/pages"}],"about":[{"href":"https:\/\/www.myvize.com.tr\/gana\/wp-json\/wp\/v2\/types\/page"}],"author":[{"embeddable":true,"href":"https:\/\/www.myvize.com.tr\/gana\/wp-json\/wp\/v2\/users\/1"}],"replies":[{"embeddable":true,"href":"https:\/\/www.myvize.com.tr\/gana\/wp-json\/wp\/v2\/comments?post=296"}],"version-history":[{"count":8,"href":"https:\/\/www.myvize.com.tr\/gana\/wp-json\/wp\/v2\/pages\/296\/revisions"}],"predecessor-version":[{"id":687,"href":"https:\/\/www.myvize.com.tr\/gana\/wp-json\/wp\/v2\/pages\/296\/revisions\/687"}],"up":[{"embeddable":true,"href":"https:\/\/www.myvize.com.tr\/gana\/wp-json\/wp\/v2\/pages\/18"}],"wp:attachment":[{"href":"https:\/\/www.myvize.com.tr\/gana\/wp-json\/wp\/v2\/media?parent=296"}],"curies":[{"name":"wp","href":"https:\/\/api.w.org\/{rel}","templated":true}]}}