{"id":325,"date":"2021-07-16T23:04:40","date_gmt":"2021-07-16T20:04:40","guid":{"rendered":"https:\/\/www.myvize.com.tr\/gana\/?page_id=325"},"modified":"2022-05-06T16:24:05","modified_gmt":"2022-05-06T13:24:05","slug":"gana-ticari-vize-basvuru-formu","status":"publish","type":"page","link":"https:\/\/www.myvize.com.tr\/gana\/form-ve-dilekce\/gana-ticari-vize-basvuru-formu\/","title":{"rendered":"Gana Ticari Vize Ba\u015fvuru Formu"},"content":{"rendered":"<p><span style=\"font-family: Roboto; font-size: 14px;\">Gana \u00fclkesinde ticari olarak ba\u011flant\u0131 kurmak, mesleki tecr\u00fcbenin artmas\u0131 i\u00e7in toplant\u0131 ve benzeri konferanslara kat\u0131lmak i\u00e7in ticari vize \u015fartt\u0131r.\u00a0<strong>Gana Ticari Vize Ba\u015fvuru Formu\u00a0<\/strong>bilindi\u011fi \u00fczere vize talebini olu\u015fturaca\u011f\u0131n\u0131z belgedir. Bu form Gana konsolosluklar\u0131ndan al\u0131nabilece\u011fi gibi online olarakta doldurulabilir. Online olarak doldurulan form belgesinin \u00e7\u0131kt\u0131s\u0131 mutlak suretle al\u0131nmal\u0131d\u0131r. \u00c7\u00fcnk\u00fc evrak tesliminde bu belgenin b\u00fcy\u00fck \u00f6nemi bulunur. Vize ba\u015fvurunuzun ticari nitelikte olabilmesi ad\u0131na \u00f6ncelikle Gana \u00fclkesinden ad\u0131n\u0131za ticari bir davetiye yollanmas\u0131 gerekir. B\u00f6ylece resmi olarak i\u015f durumu belgelenir. Ba\u015fvuru formunda ki\u015fisel ve mesleki bilgilerin yan\u0131nda davetiye yollayan ki\u015fi ve kurulu\u015fa dair bilgilere yer verilmelidir. Bununla birlikle seyahat amac\u0131 a\u00e7\u0131k olacak \u015fekilde beyan edilmelidir. B\u00f6ylece ba\u015fvuru formunun ticari niteli\u011fi belirlenir.<\/span><\/p>\n<p><span style=\"font-family: Roboto; font-size: 14px;\"><strong>Gana Ticari Vize Ba\u015fvuru Formu\u00a0<\/strong>\u0130ngilizce olabilece\u011fi gibi T\u00fcrk\u00e7e de doldurulabilmektedir. Ancak ba\u015fvuru formunda her bilgi do\u011fru ve eksiksiz olmal\u0131d\u0131r. \u00d6zellikle evraklarla \u00f6rt\u00fc\u015fmesi ad\u0131na bu bilgilerin kusursuz olmas\u0131 \u00f6nem ta\u015f\u0131maktad\u0131r. Tutars\u0131zl\u0131k halinde ticari vizeniz onaylanmayacakt\u0131r. Ba\u015fvuru formunda dikkat edilmesi gerekenlerden biri ise t\u00fckenmez kalem detay\u0131d\u0131r. Ticari odakl\u0131 bir vize i\u015f g\u00f6r\u00fc\u015fmesi tarihi d\u00fc\u015f\u00fcn\u00fclerek bir ay \u00f6ncesinden i\u015fleme konulmal\u0131d\u0131r. Elbette ki ticaret vizeleri maksimum on be\u015f g\u00fcn i\u00e7erisinde sonu\u00e7 vermektedir. Ancak araya giren de\u011ferlendirme ve tatil zamanlar\u0131 bu s\u00fcreci artt\u0131rmaktad\u0131r. E\u011fer acil olarak i\u015f g\u00f6r\u00fc\u015fmesi niyetinde bulunuyorsan\u0131z o zaman V\u0130P hizmet ile vize \u00e7\u0131k\u0131\u015f\u0131n\u0131 \u00e7abuk bir \u015fekilde sa\u011flayabilirsiniz.<\/span><\/p>\n<p><img decoding=\"async\" src=\"https:\/\/www.myvize.com.tr\/gana\/wp-content\/uploads\/2021\/10\/61.jpg\" \/><\/p>\n<h2><strong><span style=\"font-family: Roboto; font-size: 27px;\">Gana Ticari Vize Ba\u015fvuru Formu Nas\u0131l Doldurulur?<\/span><\/strong><\/h2>\n<p><span style=\"font-family: Roboto; font-size: 14px;\">Gana\u2019ya ticari ama\u00e7l\u0131 seyahat edecek olan ki\u015filer Gana ticari vizesi almal\u0131d\u0131r. Bunun i\u00e7in ba\u015fvuru i\u00e7in gerekli olan belgeler haz\u0131rlanmal\u0131d\u0131r. Gana ticari vizesi i\u00e7in istenen belgeler aras\u0131nda <strong>Gana ticari vizesi<\/strong> ba\u015fvuru formu bulunmaktad\u0131r. Ancak Gana ticari vizesi ba\u015fvurusunda bulunacak olan ki\u015filer bu formu nas\u0131l dolduraca\u011f\u0131n\u0131 bilmemektedir. Bu yaz\u0131da \u2018\u2019Gana ticari <span style=\"color: #2acec2;\"><strong><a style=\"color: #2acec2;\" href=\"https:\/\/www.myvize.com.tr\/gana\/form-ve-dilekce\/vize-basvuru-formu\/\" target=\"_blank\" rel=\"noopener\">vize ba\u015fvuru formu<\/a><\/strong><\/span> nas\u0131l doldurulur\u2019\u2019 sorunun cevab\u0131n\u0131 bulabileceksiniz.<\/span><\/p>\n<p><span style=\"font-family: Roboto; font-size: 14px;\">Bu formu doldurmadan \u00f6nce <span style=\"color: #2acec2;\"><strong><a style=\"color: #2acec2;\" href=\"https:\/\/www.myvize.com.tr\/gana\/vize-islemleri\/gana-ticari-vize\/\" target=\"_blank\" rel=\"noopener\">Gana ticari vize<\/a><\/strong><\/span> ba\u015fvuru formunun uluslararas\u0131 ge\u00e7erlili\u011fi olan resmi bir belge olu\u011funu unutmamal\u0131s\u0131n\u0131z. Bundan dolay\u0131 belgeye hatal\u0131 bilgi giri\u015fi yapmamaya dikkat etmelisiniz. Hatal\u0131 bilgi giri\u015fi kas\u0131tl\u0131 olarak yap\u0131lm\u0131\u015f say\u0131l\u0131r ve ba\u015fvuru sahibi ceza alabilir.<\/span><\/p>\n<p><span style=\"font-family: Roboto; font-size: 14px;\"><strong>Gana ticari vize<\/strong> ba\u015fvuru formunda; ba\u015fvuru sahibinin ki\u015fisel bilgileri, aile bilgileri, seyahat s\u00fcresi, seyahat amac\u0131, u\u00e7u\u015f ve konaklama bilgileri gibi bilgilerin yer ald\u0131\u011f\u0131 bir evrakt\u0131r. Formda ayr\u0131ca ticari amac\u0131n\u0131z da yer almal\u0131d\u0131r. Bu belge el ile doldurulmal\u0131,\u00a0 doldurulduktan sonra \u00e7\u0131kt\u0131s\u0131 al\u0131n\u0131p imzalanmal\u0131d\u0131r. Form \u0130ngilizce olarak doldurulmal\u0131d\u0131r. Hatal\u0131, eksik ve okunmayacak \u015fekilde doldurulmamal\u0131d\u0131r. Bu durum vize reddine neden olmaktad\u0131r.<\/span><\/p>\n","protected":false},"excerpt":{"rendered":"<p>Gana \u00fclkesinde ticari olarak ba\u011flant\u0131 kurmak, mesleki tecr\u00fcbenin artmas\u0131 i\u00e7in toplant\u0131 ve benzeri konferanslara kat\u0131lmak i\u00e7in ticari vize \u015fartt\u0131r.\u00a0Gana Ticari Vize Ba\u015fvuru Formu\u00a0bilindi\u011fi \u00fczere vize talebini olu\u015fturaca\u011f\u0131n\u0131z belgedir. Bu form Gana konsolosluklar\u0131ndan al\u0131nabilece\u011fi gibi online olarakta doldurulabilir. Online olarak doldurulan form belgesinin \u00e7\u0131kt\u0131s\u0131 mutlak suretle al\u0131nmal\u0131d\u0131r. \u00c7\u00fcnk\u00fc evrak tesliminde bu belgenin b\u00fcy\u00fck \u00f6nemi bulunur. Vize<\/p>\n","protected":false},"author":1,"featured_media":0,"parent":169,"menu_order":0,"comment_status":"open","ping_status":"closed","template":"","meta":{"footnotes":""},"class_list":["post-325","page","type-page","status-publish","hentry"],"yoast_head":"<!-- This site is optimized with the Yoast SEO plugin v24.0 - https:\/\/yoast.com\/wordpress\/plugins\/seo\/ -->\n<title>Gana Ticari Vize Ba\u015fvuru Formu - Ticari Vize - MyVize<\/title>\n<meta name=\"description\" content=\"Gana Ticari Vize Ba\u015fvuru Formu Nas\u0131l Doldurulur? Gana Ticari Vize Ba\u015fvuru Formu 2022 G\u00fcncel Bilgileri Nelerdir?\" \/>\n<meta name=\"robots\" content=\"index, follow, max-snippet:-1, max-image-preview:large, max-video-preview:-1\" \/>\n<link rel=\"canonical\" href=\"https:\/\/www.myvize.com.tr\/gana\/form-ve-dilekce\/gana-ticari-vize-basvuru-formu\/\" \/>\n<meta property=\"og:locale\" content=\"tr_TR\" \/>\n<meta property=\"og:type\" content=\"article\" \/>\n<meta property=\"og:title\" content=\"Gana Ticari Vize Ba\u015fvuru Formu - Ticari Vize - MyVize\" \/>\n<meta property=\"og:description\" content=\"Gana Ticari Vize Ba\u015fvuru Formu Nas\u0131l Doldurulur? Gana Ticari Vize Ba\u015fvuru Formu 2022 G\u00fcncel Bilgileri Nelerdir?\" \/>\n<meta property=\"og:url\" content=\"https:\/\/www.myvize.com.tr\/gana\/form-ve-dilekce\/gana-ticari-vize-basvuru-formu\/\" \/>\n<meta property=\"og:site_name\" content=\"Gana Vizesi\" \/>\n<meta property=\"article:modified_time\" content=\"2022-05-06T13:24:05+00:00\" \/>\n<meta property=\"og:image\" content=\"https:\/\/www.myvize.com.tr\/gana\/wp-content\/uploads\/2021\/10\/61.jpg\" \/>\n<meta name=\"twitter:card\" content=\"summary_large_image\" \/>\n<meta name=\"twitter:label1\" content=\"Tahmini okuma s\u00fcresi\" \/>\n\t<meta name=\"twitter:data1\" content=\"2 dakika\" \/>\n<script type=\"application\/ld+json\" class=\"yoast-schema-graph\">{\"@context\":\"https:\/\/schema.org\",\"@graph\":[{\"@type\":\"WebPage\",\"@id\":\"https:\/\/www.myvize.com.tr\/gana\/form-ve-dilekce\/gana-ticari-vize-basvuru-formu\/\",\"url\":\"https:\/\/www.myvize.com.tr\/gana\/form-ve-dilekce\/gana-ticari-vize-basvuru-formu\/\",\"name\":\"Gana Ticari Vize Ba\u015fvuru Formu - Ticari Vize - MyVize\",\"isPartOf\":{\"@id\":\"https:\/\/www.myvize.com.tr\/gana\/#website\"},\"primaryImageOfPage\":{\"@id\":\"https:\/\/www.myvize.com.tr\/gana\/form-ve-dilekce\/gana-ticari-vize-basvuru-formu\/#primaryimage\"},\"image\":{\"@id\":\"https:\/\/www.myvize.com.tr\/gana\/form-ve-dilekce\/gana-ticari-vize-basvuru-formu\/#primaryimage\"},\"thumbnailUrl\":\"https:\/\/www.myvize.com.tr\/gana\/wp-content\/uploads\/2021\/10\/61.jpg\",\"datePublished\":\"2021-07-16T20:04:40+00:00\",\"dateModified\":\"2022-05-06T13:24:05+00:00\",\"description\":\"Gana Ticari Vize Ba\u015fvuru Formu Nas\u0131l Doldurulur? Gana Ticari Vize Ba\u015fvuru Formu 2022 G\u00fcncel Bilgileri Nelerdir?\",\"breadcrumb\":{\"@id\":\"https:\/\/www.myvize.com.tr\/gana\/form-ve-dilekce\/gana-ticari-vize-basvuru-formu\/#breadcrumb\"},\"inLanguage\":\"tr\",\"potentialAction\":[{\"@type\":\"ReadAction\",\"target\":[\"https:\/\/www.myvize.com.tr\/gana\/form-ve-dilekce\/gana-ticari-vize-basvuru-formu\/\"]}]},{\"@type\":\"ImageObject\",\"inLanguage\":\"tr\",\"@id\":\"https:\/\/www.myvize.com.tr\/gana\/form-ve-dilekce\/gana-ticari-vize-basvuru-formu\/#primaryimage\",\"url\":\"https:\/\/www.myvize.com.tr\/gana\/wp-content\/uploads\/2021\/10\/61.jpg\",\"contentUrl\":\"https:\/\/www.myvize.com.tr\/gana\/wp-content\/uploads\/2021\/10\/61.jpg\",\"width\":800,\"height\":500,\"caption\":\"Gana Ticari Vize Ba\u015fvuru Formu\"},{\"@type\":\"BreadcrumbList\",\"@id\":\"https:\/\/www.myvize.com.tr\/gana\/form-ve-dilekce\/gana-ticari-vize-basvuru-formu\/#breadcrumb\",\"itemListElement\":[{\"@type\":\"ListItem\",\"position\":1,\"name\":\"Anasayfa\",\"item\":\"https:\/\/www.myvize.com.tr\/gana\/\"},{\"@type\":\"ListItem\",\"position\":2,\"name\":\"FORM VE D\u0130LEK\u00c7E\",\"item\":\"https:\/\/www.myvize.com.tr\/gana\/form-ve-dilekce\/\"},{\"@type\":\"ListItem\",\"position\":3,\"name\":\"Gana Ticari Vize Ba\u015fvuru Formu\"}]},{\"@type\":\"WebSite\",\"@id\":\"https:\/\/www.myvize.com.tr\/gana\/#website\",\"url\":\"https:\/\/www.myvize.com.tr\/gana\/\",\"name\":\"Gana Vizesi\",\"description\":\"\",\"potentialAction\":[{\"@type\":\"SearchAction\",\"target\":{\"@type\":\"EntryPoint\",\"urlTemplate\":\"https:\/\/www.myvize.com.tr\/gana\/?s={search_term_string}\"},\"query-input\":{\"@type\":\"PropertyValueSpecification\",\"valueRequired\":true,\"valueName\":\"search_term_string\"}}],\"inLanguage\":\"tr\"}]}<\/script>\n<!-- \/ Yoast SEO plugin. -->","yoast_head_json":{"title":"Gana Ticari Vize Ba\u015fvuru Formu - Ticari Vize - MyVize","description":"Gana Ticari Vize Ba\u015fvuru Formu Nas\u0131l Doldurulur? Gana Ticari Vize Ba\u015fvuru Formu 2022 G\u00fcncel Bilgileri Nelerdir?","robots":{"index":"index","follow":"follow","max-snippet":"max-snippet:-1","max-image-preview":"max-image-preview:large","max-video-preview":"max-video-preview:-1"},"canonical":"https:\/\/www.myvize.com.tr\/gana\/form-ve-dilekce\/gana-ticari-vize-basvuru-formu\/","og_locale":"tr_TR","og_type":"article","og_title":"Gana Ticari Vize Ba\u015fvuru Formu - Ticari Vize - MyVize","og_description":"Gana Ticari Vize Ba\u015fvuru Formu Nas\u0131l Doldurulur? Gana Ticari Vize Ba\u015fvuru Formu 2022 G\u00fcncel Bilgileri Nelerdir?","og_url":"https:\/\/www.myvize.com.tr\/gana\/form-ve-dilekce\/gana-ticari-vize-basvuru-formu\/","og_site_name":"Gana Vizesi","article_modified_time":"2022-05-06T13:24:05+00:00","og_image":[{"url":"https:\/\/www.myvize.com.tr\/gana\/wp-content\/uploads\/2021\/10\/61.jpg","type":"","width":"","height":""}],"twitter_card":"summary_large_image","twitter_misc":{"Tahmini okuma s\u00fcresi":"2 dakika"},"schema":{"@context":"https:\/\/schema.org","@graph":[{"@type":"WebPage","@id":"https:\/\/www.myvize.com.tr\/gana\/form-ve-dilekce\/gana-ticari-vize-basvuru-formu\/","url":"https:\/\/www.myvize.com.tr\/gana\/form-ve-dilekce\/gana-ticari-vize-basvuru-formu\/","name":"Gana Ticari Vize Ba\u015fvuru Formu - Ticari Vize - MyVize","isPartOf":{"@id":"https:\/\/www.myvize.com.tr\/gana\/#website"},"primaryImageOfPage":{"@id":"https:\/\/www.myvize.com.tr\/gana\/form-ve-dilekce\/gana-ticari-vize-basvuru-formu\/#primaryimage"},"image":{"@id":"https:\/\/www.myvize.com.tr\/gana\/form-ve-dilekce\/gana-ticari-vize-basvuru-formu\/#primaryimage"},"thumbnailUrl":"https:\/\/www.myvize.com.tr\/gana\/wp-content\/uploads\/2021\/10\/61.jpg","datePublished":"2021-07-16T20:04:40+00:00","dateModified":"2022-05-06T13:24:05+00:00","description":"Gana Ticari Vize Ba\u015fvuru Formu Nas\u0131l Doldurulur? Gana Ticari Vize Ba\u015fvuru Formu 2022 G\u00fcncel Bilgileri Nelerdir?","breadcrumb":{"@id":"https:\/\/www.myvize.com.tr\/gana\/form-ve-dilekce\/gana-ticari-vize-basvuru-formu\/#breadcrumb"},"inLanguage":"tr","potentialAction":[{"@type":"ReadAction","target":["https:\/\/www.myvize.com.tr\/gana\/form-ve-dilekce\/gana-ticari-vize-basvuru-formu\/"]}]},{"@type":"ImageObject","inLanguage":"tr","@id":"https:\/\/www.myvize.com.tr\/gana\/form-ve-dilekce\/gana-ticari-vize-basvuru-formu\/#primaryimage","url":"https:\/\/www.myvize.com.tr\/gana\/wp-content\/uploads\/2021\/10\/61.jpg","contentUrl":"https:\/\/www.myvize.com.tr\/gana\/wp-content\/uploads\/2021\/10\/61.jpg","width":800,"height":500,"caption":"Gana Ticari Vize Ba\u015fvuru Formu"},{"@type":"BreadcrumbList","@id":"https:\/\/www.myvize.com.tr\/gana\/form-ve-dilekce\/gana-ticari-vize-basvuru-formu\/#breadcrumb","itemListElement":[{"@type":"ListItem","position":1,"name":"Anasayfa","item":"https:\/\/www.myvize.com.tr\/gana\/"},{"@type":"ListItem","position":2,"name":"FORM VE D\u0130LEK\u00c7E","item":"https:\/\/www.myvize.com.tr\/gana\/form-ve-dilekce\/"},{"@type":"ListItem","position":3,"name":"Gana Ticari Vize Ba\u015fvuru Formu"}]},{"@type":"WebSite","@id":"https:\/\/www.myvize.com.tr\/gana\/#website","url":"https:\/\/www.myvize.com.tr\/gana\/","name":"Gana Vizesi","description":"","potentialAction":[{"@type":"SearchAction","target":{"@type":"EntryPoint","urlTemplate":"https:\/\/www.myvize.com.tr\/gana\/?s={search_term_string}"},"query-input":{"@type":"PropertyValueSpecification","valueRequired":true,"valueName":"search_term_string"}}],"inLanguage":"tr"}]}},"_links":{"self":[{"href":"https:\/\/www.myvize.com.tr\/gana\/wp-json\/wp\/v2\/pages\/325","targetHints":{"allow":["GET"]}}],"collection":[{"href":"https:\/\/www.myvize.com.tr\/gana\/wp-json\/wp\/v2\/pages"}],"about":[{"href":"https:\/\/www.myvize.com.tr\/gana\/wp-json\/wp\/v2\/types\/page"}],"author":[{"embeddable":true,"href":"https:\/\/www.myvize.com.tr\/gana\/wp-json\/wp\/v2\/users\/1"}],"replies":[{"embeddable":true,"href":"https:\/\/www.myvize.com.tr\/gana\/wp-json\/wp\/v2\/comments?post=325"}],"version-history":[{"count":4,"href":"https:\/\/www.myvize.com.tr\/gana\/wp-json\/wp\/v2\/pages\/325\/revisions"}],"predecessor-version":[{"id":353,"href":"https:\/\/www.myvize.com.tr\/gana\/wp-json\/wp\/v2\/pages\/325\/revisions\/353"}],"up":[{"embeddable":true,"href":"https:\/\/www.myvize.com.tr\/gana\/wp-json\/wp\/v2\/pages\/169"}],"wp:attachment":[{"href":"https:\/\/www.myvize.com.tr\/gana\/wp-json\/wp\/v2\/media?parent=325"}],"curies":[{"name":"wp","href":"https:\/\/api.w.org\/{rel}","templated":true}]}}