{"id":33,"date":"2020-11-30T12:42:19","date_gmt":"2020-11-30T09:42:19","guid":{"rendered":"https:\/\/www.myvize.com.tr\/gana\/?page_id=33"},"modified":"2022-05-06T16:08:33","modified_gmt":"2022-05-06T13:08:33","slug":"gana-aile-ziyareti-vizesi","status":"publish","type":"page","link":"https:\/\/www.myvize.com.tr\/gana\/vize-islemleri\/gana-aile-ziyareti-vizesi\/","title":{"rendered":"Gana Aile Ziyareti Vizesi"},"content":{"rendered":"<p><span style=\"font-family: Roboto; font-size: 14px;\">Gana\u2019da bulunan ailesini ziyaret etmek isteyen Hususi Pasaport, Hizmet Pasaportu ve Umuma Mahsus Pasaport sahipleri seyahatleri \u00f6ncesinde <strong>Gana aile ziyareti vizesi<\/strong> almal\u0131d\u0131r. Diplomatik pasaport sahipleri ise 180 g\u00fcn i\u00e7erisinde 90 g\u00fcn\u00fc ge\u00e7meyen seyahatleri i\u00e7in Gana vizesinden muaf tutulmu\u015ftur.<\/span><\/p>\n<p><span style=\"font-family: Roboto; font-size: 14px;\"><strong>Gana aile ziyareti vizesi<\/strong> i\u00e7in \u00f6ncelikle Gana\u2019da bulunan bir aile \u00fcyenizin ya da arkada\u015f\u0131n\u0131z\u0131n olmas\u0131 gerekmektedir. Gana aile ziyareti vizesi ba\u015fvurusunda bulunurken Gana\u2019da bulunan aile \u00fcyesinden davet mektubu alman\u0131z gerekmektedir. Bu davet mektubu olmadan vize ba\u015fvurunuz kabul edilmez.<\/span><\/p>\n<p><span style=\"font-family: Roboto; font-size: 14px;\">Vize ba\u015fvurular\u0131 <span style=\"color: #2acec2;\"><strong><a style=\"color: #2acec2;\" href=\"https:\/\/www.myvize.com.tr\/gana\/konsolosluklar\/ankara-buyukelciligi\/\" target=\"_blank\" rel=\"noopener\">Gana Ankara B\u00fcy\u00fckel\u00e7ili\u011fi<\/a><\/strong><\/span>, Gana \u0130stanbul Ba\u015fkonsoloslu\u011fu ya da Gana vize ba\u015fvuru merkezleri arac\u0131l\u0131\u011f\u0131 ile yap\u0131labilmektedir. Vize ba\u015fvurusu i\u00e7in \u00f6ncelikle <span style=\"color: #2acec2;\"><strong><a style=\"color: #2acec2;\" href=\"https:\/\/www.myvize.com.tr\/gana\/vize-islemleri\/gana-vize-basvuru-formu\/\" target=\"_blank\" rel=\"noopener\">Gana vize ba\u015fvuru formu<\/a><\/strong><\/span> doldurulmal\u0131, ard\u0131ndan di\u011fer gerekli belgeler haz\u0131rlanmal\u0131d\u0131r. Daha sonra <strong>vize ba\u015fvurusu<\/strong> yap\u0131lacak yerden randevu al\u0131nmal\u0131 ve randevu zaman\u0131nda vize gerekli belgeler teslim edilerek <strong>vize ba\u015fvurusu<\/strong> yap\u0131lmal\u0131d\u0131r. Gana aile ziyareti vizesi i\u00e7in gerekli belgeler \u015fu \u015fekildedir;<\/span><\/p>\n<ul>\n<li><span style=\"font-family: Roboto; font-size: 14px;\">Pasaport<\/span><\/li>\n<li><strong><span style=\"font-family: Roboto; font-size: 14px;\">Vize ba\u015fvuru formu<\/span><\/strong><\/li>\n<li><span style=\"font-family: Roboto; font-size: 14px;\">Kimlik fotokopisi<\/span><\/li>\n<li><span style=\"font-family: Roboto; font-size: 14px;\">Davet mektubu<\/span><\/li>\n<li><span style=\"font-family: Roboto; font-size: 14px;\">Konaklama bilgisi<\/span><\/li>\n<li><span style=\"font-family: Roboto; font-size: 14px;\">U\u00e7u\u015f bilgileri<\/span><\/li>\n<li><span style=\"font-family: Roboto; font-size: 14px;\">Banka hesap d\u00f6k\u00fcm\u00fc<\/span><\/li>\n<li><span style=\"font-family: Roboto; font-size: 14px;\">Seyahat sa\u011fl\u0131k sigortas\u0131<\/span><\/li>\n<li><span style=\"font-family: Roboto; font-size: 14px;\">Adli sicil kayd\u0131<\/span><\/li>\n<li><span style=\"font-family: Roboto; font-size: 14px;\">Tam vukuatl\u0131 n\u00fcfus kay\u0131t \u00f6rne\u011fi<\/span><\/li>\n<\/ul>\n<p><img decoding=\"async\" src=\"https:\/\/www.myvize.com.tr\/gana\/wp-content\/uploads\/2021\/10\/46.jpg\" \/><\/p>\n<h2><span style=\"font-family: Roboto; font-size: 27px;\"><strong>Gana Aile Ziyareti Vizesi Nas\u0131l Al\u0131n\u0131r?<\/strong><\/span><\/h2>\n<p><span style=\"font-family: Roboto; font-size: 14px;\"><strong>Gana Aile Ziyareti Vizesi\u00a0<\/strong>nas\u0131l al\u0131n\u0131r k\u0131sm\u0131 i\u00e7in konsolosluktan ya da konsoloslu\u011fun g\u00f6revlendirmi\u015f oldu\u011fu bir ofisten alabilme imkan\u0131 vard\u0131r. Gerekli olan evraklar\u0131n her birinin tamamlanarak m\u00fcracaat edilmesi gerekir. Ziyaret\u00e7i vizesini alabilmek i\u00e7in pasaportun yeni olmas\u0131na dikkat edilmelidir. Ayn\u0131 zaman da pasaportun seyahat tarihinden itibaren 6 ayl\u0131k bir ge\u00e7erlili\u011fe sahip olmas\u0131 gerekir. Ayr\u0131ca pasaportun i\u00e7erisinde en az 2 adet bo\u015f sayfan\u0131nda yer almas\u0131 gerekir. Bu durumlar konsolosluk taraf\u0131ndan g\u00f6z \u00f6n\u00fcnde bulundurulur. Hasar g\u00f6rm\u00fc\u015f olan ya da y\u0131pranm\u0131\u015f olan pasaportlar ile yap\u0131lan ba\u015fvurular kabul edilmez. Bu nedenle de bu konuda dikkatli davran\u0131lmas\u0131 gerekir. Bu durumun yan\u0131 s\u0131ra bir de tamamlanmas\u0131 gereken evraklar vard\u0131r. \u00d6ncelikle<strong> vize ba\u015fvuru formunun<\/strong> bulunmas\u0131 gerekir, pasaport, Gana\u2019da ziyaretine gidilecek olan ki\u015fi taraf\u0131ndan g\u00f6nderilen davetiye, yeni \u00e7ekilmi\u015f 4 adet biyometrik foto\u011fraf, seyahat sa\u011fl\u0131k sigortas\u0131, kimli\u011fin fotokopisi, otel rezervasyonu ve u\u00e7ak bileti, vize \u00fccret dekontu, Sar\u0131 Humma a\u015f\u0131s\u0131n\u0131n kart\u0131n\u0131n fotokopisi gerekir. Bu evraklar\u0131n eksizsiz olarak verilmesi gerekir.\u00a0<\/span><\/p>\n","protected":false},"excerpt":{"rendered":"<p>Gana\u2019da bulunan ailesini ziyaret etmek isteyen Hususi Pasaport, Hizmet Pasaportu ve Umuma Mahsus Pasaport sahipleri seyahatleri \u00f6ncesinde Gana aile ziyareti vizesi almal\u0131d\u0131r. Diplomatik pasaport sahipleri ise 180 g\u00fcn i\u00e7erisinde 90 g\u00fcn\u00fc ge\u00e7meyen seyahatleri i\u00e7in Gana vizesinden muaf tutulmu\u015ftur. Gana aile ziyareti vizesi i\u00e7in \u00f6ncelikle Gana\u2019da bulunan bir aile \u00fcyenizin ya da arkada\u015f\u0131n\u0131z\u0131n olmas\u0131 gerekmektedir. Gana<\/p>\n","protected":false},"author":1,"featured_media":0,"parent":18,"menu_order":0,"comment_status":"open","ping_status":"closed","template":"","meta":{"footnotes":""},"class_list":["post-33","page","type-page","status-publish","hentry"],"yoast_head":"<!-- This site is optimized with the Yoast SEO plugin v24.0 - https:\/\/yoast.com\/wordpress\/plugins\/seo\/ -->\n<title>Gana Aile Ziyareti Vizesi - Gana Vizesi - MyVize<\/title>\n<meta name=\"description\" content=\"Gana aile ziyareti vizesi i\u00e7in gerekli evraklar. Gana aile ziyaret vizesi i\u015flem s\u00fcrecinde dikkat edilmesi gerekenler.\" \/>\n<meta name=\"robots\" content=\"index, follow, max-snippet:-1, max-image-preview:large, max-video-preview:-1\" \/>\n<link rel=\"canonical\" href=\"https:\/\/www.myvize.com.tr\/gana\/vize-islemleri\/gana-aile-ziyareti-vizesi\/\" \/>\n<meta property=\"og:locale\" content=\"tr_TR\" \/>\n<meta property=\"og:type\" content=\"article\" \/>\n<meta property=\"og:title\" content=\"Gana Aile Ziyareti Vizesi - Gana Vizesi - MyVize\" \/>\n<meta property=\"og:description\" content=\"Gana aile ziyareti vizesi i\u00e7in gerekli evraklar. Gana aile ziyaret vizesi i\u015flem s\u00fcrecinde dikkat edilmesi gerekenler.\" \/>\n<meta property=\"og:url\" content=\"https:\/\/www.myvize.com.tr\/gana\/vize-islemleri\/gana-aile-ziyareti-vizesi\/\" \/>\n<meta property=\"og:site_name\" content=\"Gana Vizesi\" \/>\n<meta property=\"article:modified_time\" content=\"2022-05-06T13:08:33+00:00\" \/>\n<meta property=\"og:image\" content=\"https:\/\/www.myvize.com.tr\/gana\/wp-content\/uploads\/2021\/10\/46.jpg\" \/>\n<meta name=\"twitter:card\" content=\"summary_large_image\" \/>\n<meta name=\"twitter:label1\" content=\"Tahmini okuma s\u00fcresi\" \/>\n\t<meta name=\"twitter:data1\" content=\"2 dakika\" \/>\n<script type=\"application\/ld+json\" class=\"yoast-schema-graph\">{\"@context\":\"https:\/\/schema.org\",\"@graph\":[{\"@type\":\"WebPage\",\"@id\":\"https:\/\/www.myvize.com.tr\/gana\/vize-islemleri\/gana-aile-ziyareti-vizesi\/\",\"url\":\"https:\/\/www.myvize.com.tr\/gana\/vize-islemleri\/gana-aile-ziyareti-vizesi\/\",\"name\":\"Gana Aile Ziyareti Vizesi - Gana Vizesi - MyVize\",\"isPartOf\":{\"@id\":\"https:\/\/www.myvize.com.tr\/gana\/#website\"},\"primaryImageOfPage\":{\"@id\":\"https:\/\/www.myvize.com.tr\/gana\/vize-islemleri\/gana-aile-ziyareti-vizesi\/#primaryimage\"},\"image\":{\"@id\":\"https:\/\/www.myvize.com.tr\/gana\/vize-islemleri\/gana-aile-ziyareti-vizesi\/#primaryimage\"},\"thumbnailUrl\":\"https:\/\/www.myvize.com.tr\/gana\/wp-content\/uploads\/2021\/10\/46.jpg\",\"datePublished\":\"2020-11-30T09:42:19+00:00\",\"dateModified\":\"2022-05-06T13:08:33+00:00\",\"description\":\"Gana aile ziyareti vizesi i\u00e7in gerekli evraklar. Gana aile ziyaret vizesi i\u015flem s\u00fcrecinde dikkat edilmesi gerekenler.\",\"breadcrumb\":{\"@id\":\"https:\/\/www.myvize.com.tr\/gana\/vize-islemleri\/gana-aile-ziyareti-vizesi\/#breadcrumb\"},\"inLanguage\":\"tr\",\"potentialAction\":[{\"@type\":\"ReadAction\",\"target\":[\"https:\/\/www.myvize.com.tr\/gana\/vize-islemleri\/gana-aile-ziyareti-vizesi\/\"]}]},{\"@type\":\"ImageObject\",\"inLanguage\":\"tr\",\"@id\":\"https:\/\/www.myvize.com.tr\/gana\/vize-islemleri\/gana-aile-ziyareti-vizesi\/#primaryimage\",\"url\":\"https:\/\/www.myvize.com.tr\/gana\/wp-content\/uploads\/2021\/10\/46.jpg\",\"contentUrl\":\"https:\/\/www.myvize.com.tr\/gana\/wp-content\/uploads\/2021\/10\/46.jpg\",\"width\":800,\"height\":500,\"caption\":\"Gana Aile Ziyareti Vizesi\"},{\"@type\":\"BreadcrumbList\",\"@id\":\"https:\/\/www.myvize.com.tr\/gana\/vize-islemleri\/gana-aile-ziyareti-vizesi\/#breadcrumb\",\"itemListElement\":[{\"@type\":\"ListItem\",\"position\":1,\"name\":\"Anasayfa\",\"item\":\"https:\/\/www.myvize.com.tr\/gana\/\"},{\"@type\":\"ListItem\",\"position\":2,\"name\":\"V\u0130ZE \u0130\u015eLEMLER\u0130\",\"item\":\"https:\/\/www.myvize.com.tr\/gana\/vize-islemleri\/\"},{\"@type\":\"ListItem\",\"position\":3,\"name\":\"Gana Aile Ziyareti Vizesi\"}]},{\"@type\":\"WebSite\",\"@id\":\"https:\/\/www.myvize.com.tr\/gana\/#website\",\"url\":\"https:\/\/www.myvize.com.tr\/gana\/\",\"name\":\"Gana Vizesi\",\"description\":\"\",\"potentialAction\":[{\"@type\":\"SearchAction\",\"target\":{\"@type\":\"EntryPoint\",\"urlTemplate\":\"https:\/\/www.myvize.com.tr\/gana\/?s={search_term_string}\"},\"query-input\":{\"@type\":\"PropertyValueSpecification\",\"valueRequired\":true,\"valueName\":\"search_term_string\"}}],\"inLanguage\":\"tr\"}]}<\/script>\n<!-- \/ Yoast SEO plugin. -->","yoast_head_json":{"title":"Gana Aile Ziyareti Vizesi - Gana Vizesi - MyVize","description":"Gana aile ziyareti vizesi i\u00e7in gerekli evraklar. Gana aile ziyaret vizesi i\u015flem s\u00fcrecinde dikkat edilmesi gerekenler.","robots":{"index":"index","follow":"follow","max-snippet":"max-snippet:-1","max-image-preview":"max-image-preview:large","max-video-preview":"max-video-preview:-1"},"canonical":"https:\/\/www.myvize.com.tr\/gana\/vize-islemleri\/gana-aile-ziyareti-vizesi\/","og_locale":"tr_TR","og_type":"article","og_title":"Gana Aile Ziyareti Vizesi - Gana Vizesi - MyVize","og_description":"Gana aile ziyareti vizesi i\u00e7in gerekli evraklar. Gana aile ziyaret vizesi i\u015flem s\u00fcrecinde dikkat edilmesi gerekenler.","og_url":"https:\/\/www.myvize.com.tr\/gana\/vize-islemleri\/gana-aile-ziyareti-vizesi\/","og_site_name":"Gana Vizesi","article_modified_time":"2022-05-06T13:08:33+00:00","og_image":[{"url":"https:\/\/www.myvize.com.tr\/gana\/wp-content\/uploads\/2021\/10\/46.jpg","type":"","width":"","height":""}],"twitter_card":"summary_large_image","twitter_misc":{"Tahmini okuma s\u00fcresi":"2 dakika"},"schema":{"@context":"https:\/\/schema.org","@graph":[{"@type":"WebPage","@id":"https:\/\/www.myvize.com.tr\/gana\/vize-islemleri\/gana-aile-ziyareti-vizesi\/","url":"https:\/\/www.myvize.com.tr\/gana\/vize-islemleri\/gana-aile-ziyareti-vizesi\/","name":"Gana Aile Ziyareti Vizesi - Gana Vizesi - MyVize","isPartOf":{"@id":"https:\/\/www.myvize.com.tr\/gana\/#website"},"primaryImageOfPage":{"@id":"https:\/\/www.myvize.com.tr\/gana\/vize-islemleri\/gana-aile-ziyareti-vizesi\/#primaryimage"},"image":{"@id":"https:\/\/www.myvize.com.tr\/gana\/vize-islemleri\/gana-aile-ziyareti-vizesi\/#primaryimage"},"thumbnailUrl":"https:\/\/www.myvize.com.tr\/gana\/wp-content\/uploads\/2021\/10\/46.jpg","datePublished":"2020-11-30T09:42:19+00:00","dateModified":"2022-05-06T13:08:33+00:00","description":"Gana aile ziyareti vizesi i\u00e7in gerekli evraklar. Gana aile ziyaret vizesi i\u015flem s\u00fcrecinde dikkat edilmesi gerekenler.","breadcrumb":{"@id":"https:\/\/www.myvize.com.tr\/gana\/vize-islemleri\/gana-aile-ziyareti-vizesi\/#breadcrumb"},"inLanguage":"tr","potentialAction":[{"@type":"ReadAction","target":["https:\/\/www.myvize.com.tr\/gana\/vize-islemleri\/gana-aile-ziyareti-vizesi\/"]}]},{"@type":"ImageObject","inLanguage":"tr","@id":"https:\/\/www.myvize.com.tr\/gana\/vize-islemleri\/gana-aile-ziyareti-vizesi\/#primaryimage","url":"https:\/\/www.myvize.com.tr\/gana\/wp-content\/uploads\/2021\/10\/46.jpg","contentUrl":"https:\/\/www.myvize.com.tr\/gana\/wp-content\/uploads\/2021\/10\/46.jpg","width":800,"height":500,"caption":"Gana Aile Ziyareti Vizesi"},{"@type":"BreadcrumbList","@id":"https:\/\/www.myvize.com.tr\/gana\/vize-islemleri\/gana-aile-ziyareti-vizesi\/#breadcrumb","itemListElement":[{"@type":"ListItem","position":1,"name":"Anasayfa","item":"https:\/\/www.myvize.com.tr\/gana\/"},{"@type":"ListItem","position":2,"name":"V\u0130ZE \u0130\u015eLEMLER\u0130","item":"https:\/\/www.myvize.com.tr\/gana\/vize-islemleri\/"},{"@type":"ListItem","position":3,"name":"Gana Aile Ziyareti Vizesi"}]},{"@type":"WebSite","@id":"https:\/\/www.myvize.com.tr\/gana\/#website","url":"https:\/\/www.myvize.com.tr\/gana\/","name":"Gana Vizesi","description":"","potentialAction":[{"@type":"SearchAction","target":{"@type":"EntryPoint","urlTemplate":"https:\/\/www.myvize.com.tr\/gana\/?s={search_term_string}"},"query-input":{"@type":"PropertyValueSpecification","valueRequired":true,"valueName":"search_term_string"}}],"inLanguage":"tr"}]}},"_links":{"self":[{"href":"https:\/\/www.myvize.com.tr\/gana\/wp-json\/wp\/v2\/pages\/33","targetHints":{"allow":["GET"]}}],"collection":[{"href":"https:\/\/www.myvize.com.tr\/gana\/wp-json\/wp\/v2\/pages"}],"about":[{"href":"https:\/\/www.myvize.com.tr\/gana\/wp-json\/wp\/v2\/types\/page"}],"author":[{"embeddable":true,"href":"https:\/\/www.myvize.com.tr\/gana\/wp-json\/wp\/v2\/users\/1"}],"replies":[{"embeddable":true,"href":"https:\/\/www.myvize.com.tr\/gana\/wp-json\/wp\/v2\/comments?post=33"}],"version-history":[{"count":7,"href":"https:\/\/www.myvize.com.tr\/gana\/wp-json\/wp\/v2\/pages\/33\/revisions"}],"predecessor-version":[{"id":681,"href":"https:\/\/www.myvize.com.tr\/gana\/wp-json\/wp\/v2\/pages\/33\/revisions\/681"}],"up":[{"embeddable":true,"href":"https:\/\/www.myvize.com.tr\/gana\/wp-json\/wp\/v2\/pages\/18"}],"wp:attachment":[{"href":"https:\/\/www.myvize.com.tr\/gana\/wp-json\/wp\/v2\/media?parent=33"}],"curies":[{"name":"wp","href":"https:\/\/api.w.org\/{rel}","templated":true}]}}