{"id":336,"date":"2021-08-09T16:02:34","date_gmt":"2021-08-09T13:02:34","guid":{"rendered":"https:\/\/www.myvize.com.tr\/gana\/?page_id=336"},"modified":"2021-12-14T13:50:14","modified_gmt":"2021-12-14T10:50:14","slug":"gana-vize-randevusu-2","status":"publish","type":"page","link":"https:\/\/www.myvize.com.tr\/gana\/vize-islemleri\/gana-vize-randevusu-2\/","title":{"rendered":"Gana Vize Randevusu"},"content":{"rendered":"<p><span style=\"font-family: Roboto; font-size: 14px;\">Gana vize randevusu,\u00a0<strong>Gana vizesi<\/strong>\u00a0almak i\u00e7in ba\u015fvuracak olan ki\u015filerin parmak izlerinin al\u0131nmas\u0131 ve biyometrik i\u015flemlerinin tamamlanmas\u0131 i\u00e7in Gana Ankara B\u00fcy\u00fckel\u00e7ili\u011fi taraf\u0131ndan y\u00fcr\u00fct\u00fclen bir prosed\u00fcrd\u00fcr.\u00a0<strong>Gana vize randevusu<\/strong>\u00a0almadan \u00f6nce Gana vize ba\u015fvuru formunu eksiksizce doldurman\u0131z gerekmektedir.\u00a0<strong>Gana vizesi<\/strong>\u00a0almak i\u00e7in yapaca\u011f\u0131n\u0131z ba\u015fvurularda pasaportunuzun ge\u00e7erlilik s\u00fcresi en az 6 ay olmal\u0131d\u0131r. Gana vize ba\u015fvuru formu, Gana Ankara B\u00fcy\u00fckel\u00e7ili\u011finin haz\u0131rlam\u0131\u015f oldu\u011fu bir formdur. Bu form, Gana vizesi almak isteyenler taraf\u0131ndan do\u011fru ve g\u00fcncel beyanlarla doldurulmal\u0131d\u0131r. Gana vize randevusu almak istiyorsan\u0131z \u00f6ncelikle Gana vize ba\u015fvuru formunu doldurman\u0131z, ard\u0131ndan Gana vize ba\u015fvuru \u00fccretini yat\u0131rman\u0131z gerekmektedir. Gana vize ba\u015fvuru \u00fccretini yat\u0131rd\u0131ktan sonra Ankara Gana B\u00fcy\u00fckel\u00e7ili\u011finden randevunuzu alabilirsiniz.<\/span><\/p>\n<h2><span style=\"font-family: Roboto; font-size: 27px;\"><strong>Gana Vize Randevusu Nas\u0131l Al\u0131n\u0131r?<\/strong><\/span><\/h2>\n<p><span style=\"font-family: Roboto; font-size: 14px;\">Gana vize randevusu almak i\u00e7in vize dan\u0131\u015fmanl\u0131k \u015firketlerine ve acentelere ba\u015fvurabilir, i\u015flemlerinizi daha kolay ve h\u0131zl\u0131 tamamlayabilirsiniz.\u00a0<strong>Gana vize randevusu<\/strong>\u00a0almadan \u00f6nce Gana vize tipini belirlemeniz gerekmektedir.\u00a0<strong>Gana vize randevusu<\/strong>\u00a0almak i\u00e7in Gana Ankara B\u00fcy\u00fckel\u00e7ili\u011finden temin edece\u011finiz Gana vize ba\u015fvuru formunun eksiksiz ve do\u011fru beyanlarla doldurulmas\u0131 gerekmektedir. Gana vize randevusu almak i\u00e7in Gana Ankara B\u00fcy\u00fckel\u00e7ili\u011fini 09:00 \u2013 17:00 saatleri aras\u0131nda telefonla araman\u0131z gerekmektedir.\u00a0<strong>Gana vize randevusu<\/strong>\u00a0almak i\u00e7in Gana Ankara B\u00fcy\u00fckel\u00e7ili\u011fini aramadan \u00f6nce Gana vize ba\u015fvuru \u00fccretini yat\u0131rman\u0131z gerekmektedir. Gana vize randevu tarihi ve saatinde Gana Ankara B\u00fcy\u00fckel\u00e7ili\u011finin vize randevu merkezinde haz\u0131r olmal\u0131s\u0131n\u0131z. Randevunuza giderken t\u00fcm belge ve evraklar\u0131n\u0131z\u0131 yan\u0131n\u0131za almay\u0131 unutmay\u0131n\u0131z.<\/span><\/p>\n","protected":false},"excerpt":{"rendered":"<p>Gana vize randevusu,\u00a0Gana vizesi\u00a0almak i\u00e7in ba\u015fvuracak olan ki\u015filerin parmak izlerinin al\u0131nmas\u0131 ve biyometrik i\u015flemlerinin tamamlanmas\u0131 i\u00e7in Gana Ankara B\u00fcy\u00fckel\u00e7ili\u011fi taraf\u0131ndan y\u00fcr\u00fct\u00fclen bir prosed\u00fcrd\u00fcr.\u00a0Gana vize randevusu\u00a0almadan \u00f6nce Gana vize ba\u015fvuru formunu eksiksizce doldurman\u0131z gerekmektedir.\u00a0Gana vizesi\u00a0almak i\u00e7in yapaca\u011f\u0131n\u0131z ba\u015fvurularda pasaportunuzun ge\u00e7erlilik s\u00fcresi en az 6 ay olmal\u0131d\u0131r. Gana vize ba\u015fvuru formu, Gana Ankara B\u00fcy\u00fckel\u00e7ili\u011finin haz\u0131rlam\u0131\u015f oldu\u011fu bir<\/p>\n","protected":false},"author":1,"featured_media":0,"parent":18,"menu_order":0,"comment_status":"open","ping_status":"closed","template":"","meta":{"footnotes":""},"class_list":["post-336","page","type-page","status-publish","hentry"],"yoast_head":"<!-- This site is optimized with the Yoast SEO plugin v24.0 - https:\/\/yoast.com\/wordpress\/plugins\/seo\/ -->\n<title>Gana Vize Randevu \u0130\u015flemleri - MyVize Vize Ba\u015fvuru Merkezi<\/title>\n<meta name=\"description\" content=\"Gana Vize Randevusu nas\u0131l al\u0131n\u0131r? Gana Vize Randevu i\u015flemleri nelerdir? Bilgi \u0130\u00e7in Vize Uzmanlar\u0131m\u0131z\u0131 Aray\u0131n: 0850 346 84 93\" \/>\n<meta name=\"robots\" content=\"index, follow, max-snippet:-1, max-image-preview:large, max-video-preview:-1\" \/>\n<link rel=\"canonical\" href=\"https:\/\/www.myvize.com.tr\/gana\/vize-islemleri\/gana-vize-randevusu-2\/\" \/>\n<meta property=\"og:locale\" content=\"tr_TR\" \/>\n<meta property=\"og:type\" content=\"article\" \/>\n<meta property=\"og:title\" content=\"Gana Vize Randevu \u0130\u015flemleri - MyVize Vize Ba\u015fvuru Merkezi\" \/>\n<meta property=\"og:description\" content=\"Gana Vize Randevusu nas\u0131l al\u0131n\u0131r? Gana Vize Randevu i\u015flemleri nelerdir? Bilgi \u0130\u00e7in Vize Uzmanlar\u0131m\u0131z\u0131 Aray\u0131n: 0850 346 84 93\" \/>\n<meta property=\"og:url\" content=\"https:\/\/www.myvize.com.tr\/gana\/vize-islemleri\/gana-vize-randevusu-2\/\" \/>\n<meta property=\"og:site_name\" content=\"Gana Vizesi\" \/>\n<meta property=\"article:modified_time\" content=\"2021-12-14T10:50:14+00:00\" \/>\n<meta name=\"twitter:card\" content=\"summary_large_image\" \/>\n<meta name=\"twitter:label1\" content=\"Tahmini okuma s\u00fcresi\" \/>\n\t<meta name=\"twitter:data1\" content=\"1 dakika\" \/>\n<script type=\"application\/ld+json\" class=\"yoast-schema-graph\">{\"@context\":\"https:\/\/schema.org\",\"@graph\":[{\"@type\":\"WebPage\",\"@id\":\"https:\/\/www.myvize.com.tr\/gana\/vize-islemleri\/gana-vize-randevusu-2\/\",\"url\":\"https:\/\/www.myvize.com.tr\/gana\/vize-islemleri\/gana-vize-randevusu-2\/\",\"name\":\"Gana Vize Randevu \u0130\u015flemleri - MyVize Vize Ba\u015fvuru Merkezi\",\"isPartOf\":{\"@id\":\"https:\/\/www.myvize.com.tr\/gana\/#website\"},\"datePublished\":\"2021-08-09T13:02:34+00:00\",\"dateModified\":\"2021-12-14T10:50:14+00:00\",\"description\":\"Gana Vize Randevusu nas\u0131l al\u0131n\u0131r? Gana Vize Randevu i\u015flemleri nelerdir? Bilgi \u0130\u00e7in Vize Uzmanlar\u0131m\u0131z\u0131 Aray\u0131n: 0850 346 84 93\",\"breadcrumb\":{\"@id\":\"https:\/\/www.myvize.com.tr\/gana\/vize-islemleri\/gana-vize-randevusu-2\/#breadcrumb\"},\"inLanguage\":\"tr\",\"potentialAction\":[{\"@type\":\"ReadAction\",\"target\":[\"https:\/\/www.myvize.com.tr\/gana\/vize-islemleri\/gana-vize-randevusu-2\/\"]}]},{\"@type\":\"BreadcrumbList\",\"@id\":\"https:\/\/www.myvize.com.tr\/gana\/vize-islemleri\/gana-vize-randevusu-2\/#breadcrumb\",\"itemListElement\":[{\"@type\":\"ListItem\",\"position\":1,\"name\":\"Anasayfa\",\"item\":\"https:\/\/www.myvize.com.tr\/gana\/\"},{\"@type\":\"ListItem\",\"position\":2,\"name\":\"V\u0130ZE \u0130\u015eLEMLER\u0130\",\"item\":\"https:\/\/www.myvize.com.tr\/gana\/vize-islemleri\/\"},{\"@type\":\"ListItem\",\"position\":3,\"name\":\"Gana Vize Randevusu\"}]},{\"@type\":\"WebSite\",\"@id\":\"https:\/\/www.myvize.com.tr\/gana\/#website\",\"url\":\"https:\/\/www.myvize.com.tr\/gana\/\",\"name\":\"Gana Vizesi\",\"description\":\"\",\"potentialAction\":[{\"@type\":\"SearchAction\",\"target\":{\"@type\":\"EntryPoint\",\"urlTemplate\":\"https:\/\/www.myvize.com.tr\/gana\/?s={search_term_string}\"},\"query-input\":{\"@type\":\"PropertyValueSpecification\",\"valueRequired\":true,\"valueName\":\"search_term_string\"}}],\"inLanguage\":\"tr\"}]}<\/script>\n<!-- \/ Yoast SEO plugin. -->","yoast_head_json":{"title":"Gana Vize Randevu \u0130\u015flemleri - MyVize Vize Ba\u015fvuru Merkezi","description":"Gana Vize Randevusu nas\u0131l al\u0131n\u0131r? Gana Vize Randevu i\u015flemleri nelerdir? Bilgi \u0130\u00e7in Vize Uzmanlar\u0131m\u0131z\u0131 Aray\u0131n: 0850 346 84 93","robots":{"index":"index","follow":"follow","max-snippet":"max-snippet:-1","max-image-preview":"max-image-preview:large","max-video-preview":"max-video-preview:-1"},"canonical":"https:\/\/www.myvize.com.tr\/gana\/vize-islemleri\/gana-vize-randevusu-2\/","og_locale":"tr_TR","og_type":"article","og_title":"Gana Vize Randevu \u0130\u015flemleri - MyVize Vize Ba\u015fvuru Merkezi","og_description":"Gana Vize Randevusu nas\u0131l al\u0131n\u0131r? Gana Vize Randevu i\u015flemleri nelerdir? Bilgi \u0130\u00e7in Vize Uzmanlar\u0131m\u0131z\u0131 Aray\u0131n: 0850 346 84 93","og_url":"https:\/\/www.myvize.com.tr\/gana\/vize-islemleri\/gana-vize-randevusu-2\/","og_site_name":"Gana Vizesi","article_modified_time":"2021-12-14T10:50:14+00:00","twitter_card":"summary_large_image","twitter_misc":{"Tahmini okuma s\u00fcresi":"1 dakika"},"schema":{"@context":"https:\/\/schema.org","@graph":[{"@type":"WebPage","@id":"https:\/\/www.myvize.com.tr\/gana\/vize-islemleri\/gana-vize-randevusu-2\/","url":"https:\/\/www.myvize.com.tr\/gana\/vize-islemleri\/gana-vize-randevusu-2\/","name":"Gana Vize Randevu \u0130\u015flemleri - MyVize Vize Ba\u015fvuru Merkezi","isPartOf":{"@id":"https:\/\/www.myvize.com.tr\/gana\/#website"},"datePublished":"2021-08-09T13:02:34+00:00","dateModified":"2021-12-14T10:50:14+00:00","description":"Gana Vize Randevusu nas\u0131l al\u0131n\u0131r? Gana Vize Randevu i\u015flemleri nelerdir? Bilgi \u0130\u00e7in Vize Uzmanlar\u0131m\u0131z\u0131 Aray\u0131n: 0850 346 84 93","breadcrumb":{"@id":"https:\/\/www.myvize.com.tr\/gana\/vize-islemleri\/gana-vize-randevusu-2\/#breadcrumb"},"inLanguage":"tr","potentialAction":[{"@type":"ReadAction","target":["https:\/\/www.myvize.com.tr\/gana\/vize-islemleri\/gana-vize-randevusu-2\/"]}]},{"@type":"BreadcrumbList","@id":"https:\/\/www.myvize.com.tr\/gana\/vize-islemleri\/gana-vize-randevusu-2\/#breadcrumb","itemListElement":[{"@type":"ListItem","position":1,"name":"Anasayfa","item":"https:\/\/www.myvize.com.tr\/gana\/"},{"@type":"ListItem","position":2,"name":"V\u0130ZE \u0130\u015eLEMLER\u0130","item":"https:\/\/www.myvize.com.tr\/gana\/vize-islemleri\/"},{"@type":"ListItem","position":3,"name":"Gana Vize Randevusu"}]},{"@type":"WebSite","@id":"https:\/\/www.myvize.com.tr\/gana\/#website","url":"https:\/\/www.myvize.com.tr\/gana\/","name":"Gana Vizesi","description":"","potentialAction":[{"@type":"SearchAction","target":{"@type":"EntryPoint","urlTemplate":"https:\/\/www.myvize.com.tr\/gana\/?s={search_term_string}"},"query-input":{"@type":"PropertyValueSpecification","valueRequired":true,"valueName":"search_term_string"}}],"inLanguage":"tr"}]}},"_links":{"self":[{"href":"https:\/\/www.myvize.com.tr\/gana\/wp-json\/wp\/v2\/pages\/336","targetHints":{"allow":["GET"]}}],"collection":[{"href":"https:\/\/www.myvize.com.tr\/gana\/wp-json\/wp\/v2\/pages"}],"about":[{"href":"https:\/\/www.myvize.com.tr\/gana\/wp-json\/wp\/v2\/types\/page"}],"author":[{"embeddable":true,"href":"https:\/\/www.myvize.com.tr\/gana\/wp-json\/wp\/v2\/users\/1"}],"replies":[{"embeddable":true,"href":"https:\/\/www.myvize.com.tr\/gana\/wp-json\/wp\/v2\/comments?post=336"}],"version-history":[{"count":4,"href":"https:\/\/www.myvize.com.tr\/gana\/wp-json\/wp\/v2\/pages\/336\/revisions"}],"predecessor-version":[{"id":651,"href":"https:\/\/www.myvize.com.tr\/gana\/wp-json\/wp\/v2\/pages\/336\/revisions\/651"}],"up":[{"embeddable":true,"href":"https:\/\/www.myvize.com.tr\/gana\/wp-json\/wp\/v2\/pages\/18"}],"wp:attachment":[{"href":"https:\/\/www.myvize.com.tr\/gana\/wp-json\/wp\/v2\/media?parent=336"}],"curies":[{"name":"wp","href":"https:\/\/api.w.org\/{rel}","templated":true}]}}