{"id":340,"date":"2021-08-18T16:51:36","date_gmt":"2021-08-18T13:51:36","guid":{"rendered":"https:\/\/www.myvize.com.tr\/gana\/?page_id=340"},"modified":"2022-05-07T13:53:47","modified_gmt":"2022-05-07T10:53:47","slug":"gana-ticari-vize-davetiye-mektubu","status":"publish","type":"page","link":"https:\/\/www.myvize.com.tr\/gana\/gana-ticari-vize-davetiye-mektubu\/","title":{"rendered":"Gana Ticari Vize Davetiye Mektubu"},"content":{"rendered":"<h2><strong><span style=\"font-size: 27px; font-family: Roboto;\">Gana Ticari Vize Davetiye Mektubu Hakk\u0131nda<\/span><\/strong><\/h2>\n<p><span style=\"font-family: Roboto; font-size: 14px;\">Afrika K\u0131tas\u0131n\u0131n bat\u0131s\u0131nda yer alan <strong>Gana \u00fclkesi<\/strong>; Fildi\u015fi Sahili, Burkina Faso ve Togo b\u00f6lgelerin kom\u015fuluk etmektedir. Gana \u00dclkesi her ne kadar standart<span style=\"color: #2acec2;\"><strong> <a style=\"color: #2acec2;\" href=\"https:\/\/www.myvize.com.tr\/gana\/vize-islemleri\/gana-ticari-vize\/\" target=\"_blank\" rel=\"noopener\">Gana ticari vize<\/a> <\/strong><\/span>protokollerine uysa da istisnai evrak istemi olarak sizden Sar\u0131 Humma A\u015f\u0131 kart\u0131n\u0131 istemektedir. Ve bu kart olmadan vize ba\u015fvurunuza katiyen onay verilmez. Bunun d\u0131\u015f\u0131nda bir de Gana \u00fclkesinde davetiye mektubunu alman\u0131z gerekmektedir. A\u015fa\u011f\u0131da detayl\u0131 bir \u015fekilde davetiye mektubunun nas\u0131l haz\u0131rlanaca\u011f\u0131na dair maddeler h\u00e2linde bilgilendirmede bulunduk.\u00a0\u00a0<\/span><\/p>\n<p><span style=\"font-size: 16px;\"><strong><span style=\"font-family: Roboto;\">Davetiye mektubu \u00f6rne\u011fi nas\u0131l yaz\u0131l\u0131r:\u00a0<\/span><\/strong><\/span><\/p>\n<ul>\n<li><span style=\"font-family: Roboto; font-size: 14px;\">Mektubun ba\u015f\u0131na tarih atmal\u0131s\u0131n\u0131z\u00a0<\/span><\/li>\n<li><span style=\"font-family: Roboto; font-size: 14px;\">Ard\u0131ndan <strong>Gana B\u00fcy\u00fckel\u00e7ili\u011fine<\/strong>, diye hitap ederek mektuba ba\u015flamal\u0131s\u0131n\u0131z.\u00a0<\/span><\/li>\n<li><span style=\"font-family: Roboto; font-size: 14px;\">Gana\u2019ya gidecek ki\u015finin ad\u0131 soyad\u0131 ve pasaport numaras\u0131 yaz\u0131l\u0131r. Sonra bir sonraki paragrafa Gana\u2019ya gidecek ki\u015finin nerede ya\u015fad\u0131\u011f\u0131, ziyaret eden ki\u015fi ile aralar\u0131ndaki ili\u015fki belirtilir ve ard\u0131ndan neden \u0130srail&#8217;e davet edildi\u011fine dair gerek\u00e7e yaz\u0131l\u0131r.\u00a0<\/span><\/li>\n<li><span style=\"font-family: Roboto; font-size: 14px;\">Mektubun bitiminde davet eden ki\u015fi ad\u0131n\u0131, do\u011fum tarihini, adresini, telefon numaras\u0131n\u0131 ve imzas\u0131n\u0131 b\u0131rakmal\u0131d\u0131r.\u00a0\u00a0<\/span><\/li>\n<\/ul>\n<p><span style=\"font-family: Roboto; font-size: 14px;\">\u00a0\u00a0 Mektup onay al\u0131rsa<strong> Konsolosluk<\/strong> taraf\u0131ndan ka\u015fe ve m\u00fch\u00fcrlenerek evraklar\u0131n\u0131z\u0131n aras\u0131na konulup dikkate al\u0131nacakt\u0131r.\u00a0<\/span><\/p>\n","protected":false},"excerpt":{"rendered":"<p>Gana Ticari Vize Davetiye Mektubu Hakk\u0131nda Afrika K\u0131tas\u0131n\u0131n bat\u0131s\u0131nda yer alan Gana \u00fclkesi; Fildi\u015fi Sahili, Burkina Faso ve Togo b\u00f6lgelerin kom\u015fuluk etmektedir. Gana \u00dclkesi her ne kadar standart Gana ticari vize protokollerine uysa da istisnai evrak istemi olarak sizden Sar\u0131 Humma A\u015f\u0131 kart\u0131n\u0131 istemektedir. Ve bu kart olmadan vize ba\u015fvurunuza katiyen onay verilmez. Bunun d\u0131\u015f\u0131nda<\/p>\n","protected":false},"author":1,"featured_media":0,"parent":0,"menu_order":0,"comment_status":"closed","ping_status":"closed","template":"","meta":{"footnotes":""},"class_list":["post-340","page","type-page","status-publish","hentry"],"yoast_head":"<!-- This site is optimized with the Yoast SEO plugin v24.0 - https:\/\/yoast.com\/wordpress\/plugins\/seo\/ -->\n<title>Gana Ticari Vize Davetiye Mektubu - Ticari Vize - MyVize<\/title>\n<meta name=\"description\" content=\"Gana Ticari Vize Davetiye Mektubu Nas\u0131l Yaz\u0131l\u0131r? Gana Ticari Vize Davetiye Mektubu Yaz\u0131l\u0131rken Nelere Dikkat Edilmeli?\" \/>\n<meta name=\"robots\" content=\"index, follow, max-snippet:-1, max-image-preview:large, max-video-preview:-1\" \/>\n<link rel=\"canonical\" href=\"https:\/\/www.myvize.com.tr\/gana\/gana-ticari-vize-davetiye-mektubu\/\" \/>\n<meta property=\"og:locale\" content=\"tr_TR\" \/>\n<meta property=\"og:type\" content=\"article\" \/>\n<meta property=\"og:title\" content=\"Gana Ticari Vize Davetiye Mektubu - Ticari Vize - MyVize\" \/>\n<meta property=\"og:description\" content=\"Gana Ticari Vize Davetiye Mektubu Nas\u0131l Yaz\u0131l\u0131r? Gana Ticari Vize Davetiye Mektubu Yaz\u0131l\u0131rken Nelere Dikkat Edilmeli?\" \/>\n<meta property=\"og:url\" content=\"https:\/\/www.myvize.com.tr\/gana\/gana-ticari-vize-davetiye-mektubu\/\" \/>\n<meta property=\"og:site_name\" content=\"Gana Vizesi\" \/>\n<meta property=\"article:modified_time\" content=\"2022-05-07T10:53:47+00:00\" \/>\n<meta name=\"twitter:card\" content=\"summary_large_image\" \/>\n<meta name=\"twitter:label1\" content=\"Tahmini okuma s\u00fcresi\" \/>\n\t<meta name=\"twitter:data1\" content=\"1 dakika\" \/>\n<script type=\"application\/ld+json\" class=\"yoast-schema-graph\">{\"@context\":\"https:\/\/schema.org\",\"@graph\":[{\"@type\":\"WebPage\",\"@id\":\"https:\/\/www.myvize.com.tr\/gana\/gana-ticari-vize-davetiye-mektubu\/\",\"url\":\"https:\/\/www.myvize.com.tr\/gana\/gana-ticari-vize-davetiye-mektubu\/\",\"name\":\"Gana Ticari Vize Davetiye Mektubu - Ticari Vize - MyVize\",\"isPartOf\":{\"@id\":\"https:\/\/www.myvize.com.tr\/gana\/#website\"},\"datePublished\":\"2021-08-18T13:51:36+00:00\",\"dateModified\":\"2022-05-07T10:53:47+00:00\",\"description\":\"Gana Ticari Vize Davetiye Mektubu Nas\u0131l Yaz\u0131l\u0131r? Gana Ticari Vize Davetiye Mektubu Yaz\u0131l\u0131rken Nelere Dikkat Edilmeli?\",\"breadcrumb\":{\"@id\":\"https:\/\/www.myvize.com.tr\/gana\/gana-ticari-vize-davetiye-mektubu\/#breadcrumb\"},\"inLanguage\":\"tr\",\"potentialAction\":[{\"@type\":\"ReadAction\",\"target\":[\"https:\/\/www.myvize.com.tr\/gana\/gana-ticari-vize-davetiye-mektubu\/\"]}]},{\"@type\":\"BreadcrumbList\",\"@id\":\"https:\/\/www.myvize.com.tr\/gana\/gana-ticari-vize-davetiye-mektubu\/#breadcrumb\",\"itemListElement\":[{\"@type\":\"ListItem\",\"position\":1,\"name\":\"Anasayfa\",\"item\":\"https:\/\/www.myvize.com.tr\/gana\/\"},{\"@type\":\"ListItem\",\"position\":2,\"name\":\"Gana Ticari Vize Davetiye Mektubu\"}]},{\"@type\":\"WebSite\",\"@id\":\"https:\/\/www.myvize.com.tr\/gana\/#website\",\"url\":\"https:\/\/www.myvize.com.tr\/gana\/\",\"name\":\"Gana Vizesi\",\"description\":\"\",\"potentialAction\":[{\"@type\":\"SearchAction\",\"target\":{\"@type\":\"EntryPoint\",\"urlTemplate\":\"https:\/\/www.myvize.com.tr\/gana\/?s={search_term_string}\"},\"query-input\":{\"@type\":\"PropertyValueSpecification\",\"valueRequired\":true,\"valueName\":\"search_term_string\"}}],\"inLanguage\":\"tr\"}]}<\/script>\n<!-- \/ Yoast SEO plugin. -->","yoast_head_json":{"title":"Gana Ticari Vize Davetiye Mektubu - Ticari Vize - MyVize","description":"Gana Ticari Vize Davetiye Mektubu Nas\u0131l Yaz\u0131l\u0131r? Gana Ticari Vize Davetiye Mektubu Yaz\u0131l\u0131rken Nelere Dikkat Edilmeli?","robots":{"index":"index","follow":"follow","max-snippet":"max-snippet:-1","max-image-preview":"max-image-preview:large","max-video-preview":"max-video-preview:-1"},"canonical":"https:\/\/www.myvize.com.tr\/gana\/gana-ticari-vize-davetiye-mektubu\/","og_locale":"tr_TR","og_type":"article","og_title":"Gana Ticari Vize Davetiye Mektubu - Ticari Vize - MyVize","og_description":"Gana Ticari Vize Davetiye Mektubu Nas\u0131l Yaz\u0131l\u0131r? Gana Ticari Vize Davetiye Mektubu Yaz\u0131l\u0131rken Nelere Dikkat Edilmeli?","og_url":"https:\/\/www.myvize.com.tr\/gana\/gana-ticari-vize-davetiye-mektubu\/","og_site_name":"Gana Vizesi","article_modified_time":"2022-05-07T10:53:47+00:00","twitter_card":"summary_large_image","twitter_misc":{"Tahmini okuma s\u00fcresi":"1 dakika"},"schema":{"@context":"https:\/\/schema.org","@graph":[{"@type":"WebPage","@id":"https:\/\/www.myvize.com.tr\/gana\/gana-ticari-vize-davetiye-mektubu\/","url":"https:\/\/www.myvize.com.tr\/gana\/gana-ticari-vize-davetiye-mektubu\/","name":"Gana Ticari Vize Davetiye Mektubu - Ticari Vize - MyVize","isPartOf":{"@id":"https:\/\/www.myvize.com.tr\/gana\/#website"},"datePublished":"2021-08-18T13:51:36+00:00","dateModified":"2022-05-07T10:53:47+00:00","description":"Gana Ticari Vize Davetiye Mektubu Nas\u0131l Yaz\u0131l\u0131r? Gana Ticari Vize Davetiye Mektubu Yaz\u0131l\u0131rken Nelere Dikkat Edilmeli?","breadcrumb":{"@id":"https:\/\/www.myvize.com.tr\/gana\/gana-ticari-vize-davetiye-mektubu\/#breadcrumb"},"inLanguage":"tr","potentialAction":[{"@type":"ReadAction","target":["https:\/\/www.myvize.com.tr\/gana\/gana-ticari-vize-davetiye-mektubu\/"]}]},{"@type":"BreadcrumbList","@id":"https:\/\/www.myvize.com.tr\/gana\/gana-ticari-vize-davetiye-mektubu\/#breadcrumb","itemListElement":[{"@type":"ListItem","position":1,"name":"Anasayfa","item":"https:\/\/www.myvize.com.tr\/gana\/"},{"@type":"ListItem","position":2,"name":"Gana Ticari Vize Davetiye Mektubu"}]},{"@type":"WebSite","@id":"https:\/\/www.myvize.com.tr\/gana\/#website","url":"https:\/\/www.myvize.com.tr\/gana\/","name":"Gana Vizesi","description":"","potentialAction":[{"@type":"SearchAction","target":{"@type":"EntryPoint","urlTemplate":"https:\/\/www.myvize.com.tr\/gana\/?s={search_term_string}"},"query-input":{"@type":"PropertyValueSpecification","valueRequired":true,"valueName":"search_term_string"}}],"inLanguage":"tr"}]}},"_links":{"self":[{"href":"https:\/\/www.myvize.com.tr\/gana\/wp-json\/wp\/v2\/pages\/340","targetHints":{"allow":["GET"]}}],"collection":[{"href":"https:\/\/www.myvize.com.tr\/gana\/wp-json\/wp\/v2\/pages"}],"about":[{"href":"https:\/\/www.myvize.com.tr\/gana\/wp-json\/wp\/v2\/types\/page"}],"author":[{"embeddable":true,"href":"https:\/\/www.myvize.com.tr\/gana\/wp-json\/wp\/v2\/users\/1"}],"replies":[{"embeddable":true,"href":"https:\/\/www.myvize.com.tr\/gana\/wp-json\/wp\/v2\/comments?post=340"}],"version-history":[{"count":3,"href":"https:\/\/www.myvize.com.tr\/gana\/wp-json\/wp\/v2\/pages\/340\/revisions"}],"predecessor-version":[{"id":704,"href":"https:\/\/www.myvize.com.tr\/gana\/wp-json\/wp\/v2\/pages\/340\/revisions\/704"}],"wp:attachment":[{"href":"https:\/\/www.myvize.com.tr\/gana\/wp-json\/wp\/v2\/media?parent=340"}],"curies":[{"name":"wp","href":"https:\/\/api.w.org\/{rel}","templated":true}]}}