{"id":35,"date":"2020-11-30T12:44:42","date_gmt":"2020-11-30T09:44:42","guid":{"rendered":"https:\/\/www.myvize.com.tr\/gana\/?page_id=35"},"modified":"2022-05-06T16:12:35","modified_gmt":"2022-05-06T13:12:35","slug":"gana-ticari-vize","status":"publish","type":"page","link":"https:\/\/www.myvize.com.tr\/gana\/vize-islemleri\/gana-ticari-vize\/","title":{"rendered":"Gana Ticari Vize"},"content":{"rendered":"<p><span style=\"font-family: Roboto;\"><\/span><\/p>\r\n<p><span style=\"font-family: Roboto; font-size: 14px;\"><strong>Gana ticari vizesi<\/strong> almak i\u00e7in konsolosluklar taraf\u0131ndan belirlenen \u015fartlar\u0131 yerine getirmeniz gerekir. Bu \u015fartlar\u0131 tamamlad\u0131ktan sonra da konsolosluk ticari vizenizi k\u0131sa s\u00fcre i\u00e7erisinde olumlu olarak sonu\u00e7land\u0131racakt\u0131r.<\/span><\/p>\r\n<p><span style=\"font-family: Roboto; font-size: 14px;\">\r\n\r\n<\/span><\/p>\r\n<p><span style=\"font-family: Roboto; font-size: 14px;\"><strong>Gana ticari vizesi<\/strong> almadan \u00f6nce konsolosluk sitesinde de yer alan vize ba\u015fvuru formunu eksiksiz bir \u015fekilde doldurman\u0131z gerekir. <span style=\"color: #2acec2;\"><a style=\"color: #2acec2;\" href=\"https:\/\/www.myvize.com.tr\/gana\/vize-islemleri\/gana-vize-basvuru-formu\/\" target=\"_blank\" rel=\"noopener\"><strong>Gana Vize ba\u015fvuru formu<\/strong><\/a><\/span>, bir nevi bilgilerinizin \u00f6zetidir. Burada yer alan t\u00fcm bilgileriniz teslim etmi\u015f oldu\u011funuz evraklar ile e\u015fle\u015ftirilerek kontrol edilir. Vize ba\u015fvuru formunda mutlaka ba\u015fvuru nedenlerinizin ticari ama\u00e7la oldu\u011funun detayl\u0131 olarak belirtilmesi de gereklidir.<\/span><\/p>\r\n<h2><span style=\"font-size: 27px;\"><strong><span style=\"font-family: Roboto;\">Gana Ticari Vize Veriyor Mu?<\/span><\/strong><\/span><\/h2>\r\n<p><span style=\"font-family: Roboto; font-size: 14px;\">Gana\u2019ya ticari ama\u00e7l\u0131 olarak gidecek olanlar\u0131n akl\u0131nda \u2018\u2019Gana ticari vize veriyor mu\u2019\u2019 sorusu bulunmaktad\u0131r. Gana\u2019ya yap\u0131lacak olan ticari seyahatlerde<strong> Gana ticari vizesi<\/strong> alman\u0131z gerekmektedir. Gana ticari vizesi alan ki\u015filer Gana\u2019da \u00fcr\u00fcn satamaz ya da \u00e7al\u0131\u015famaz. Bunun i\u00e7in Gana \u00e7al\u0131\u015fma izni almal\u0131d\u0131r. Ayr\u0131ca i\u015f g\u00f6r\u00fc\u015fmesi, davet, i\u015f s\u00f6zle\u015fmesi, konferans, kongre, seminer ya da herhangi bir k\u00fclt\u00fcrel seyahatte bulunacak iseniz Gana ticari vizesi almal\u0131s\u0131n\u0131z. Bu vize t\u00fcr\u00fc, vizeyi almaya hak kazanan ki\u015filere Gana\u2019da 90 g\u00fcn konaklama hakk\u0131 tan\u0131maktad\u0131r. Daha uzun bir s\u00fcre Gana\u2019da kalmay\u0131 planl\u0131yorsan\u0131z uzun s\u00fcreli Gana vizelerine ba\u015fvurman\u0131z gerekmektedir.<\/span><\/p>\r\n<p><span style=\"font-family: Roboto; font-size: 14px;\"><strong>Gana ticari vizesi<\/strong> ba\u015fvurular\u0131n\u0131z\u0131 <span style=\"color: #2acec2;\"><strong><a style=\"color: #2acec2;\" href=\"https:\/\/www.myvize.com.tr\/gana\/konsolosluklar\/ankara-buyukelciligi\/\" target=\"_blank\" rel=\"noopener\">Gana Ankara B\u00fcy\u00fckel\u00e7ili\u011fi<\/a><\/strong><\/span>, <span style=\"color: #2acec2;\"><strong><a style=\"color: #2acec2;\" href=\"https:\/\/www.myvize.com.tr\/gana\/konsolosluklar\/gana-istanbul-fahri-konsoloslugu\/\" target=\"_blank\" rel=\"noopener\">Gana \u0130stanbul Ba\u015fkonsoloslu\u011fu<\/a><\/strong><\/span> ya da yetkilendirilmi\u015f vize ba\u015fvuru merkezlerine yapabilirsiniz. Gana ticari vizesini inceleme ve karar verme yetkisi Gana Ankara B\u00fcy\u00fckel\u00e7ili\u011fi ve Gana \u0130stanbul Ba\u015fkonsoloslu\u011fu\u2019na aittir. Gana ticari vizesi i\u00e7in gerekli belgeleri haz\u0131rlay\u0131p vize ba\u015fvurusunda bulunmal\u0131s\u0131n\u0131z. Bu belgeler i\u00e7erisinde en \u00f6nemli olan\u0131 davetiyedir. Gana\u2019da bulunan \u015firket taraf\u0131ndan davetiye almal\u0131s\u0131n\u0131z. Bu davetiye olmadan vize ba\u015fvurunuz kabul edilmemektedir. Davetiyede Gana\u2019da bulunan \u015firket ya da kurum hakk\u0131ndaki bilgiler yazmal\u0131d\u0131r.<\/span><\/p>\r\n<h2><span style=\"font-family: Roboto; font-size: 27px;\"><strong>Gana Ticari Vizesi Almak Zor Mudur?<\/strong><\/span><\/h2>\r\n<p><span style=\"font-family: Roboto; font-size: 14px;\">\r\n\r\n<\/span><\/p>\r\n<p><span style=\"font-family: Roboto; font-size: 14px;\"><strong>Gana ticari vizesi<\/strong> di\u011fer \u00fclkeler ile ayn\u0131d\u0131r. Konsolosluklara teslim edece\u011finiz evraklar d\u0131\u015f\u0131nda vize alman\u0131n herhangi bir zorlu\u011fu mevcut de\u011fildir. Olumlu ya da olumsuz olarak taraf\u0131n\u0131za 2 ila 3 g\u00fcn i\u00e7erisinde d\u00f6n\u00fc\u015f yap\u0131l\u0131r.<\/span><\/p>\r\n<h2><span style=\"font-family: Roboto; font-size: 27px;\"><strong>Gana Ticari Vize Nas\u0131l Al\u0131n\u0131r?<\/strong><\/span><\/h2>\r\n<p><span style=\"font-family: Roboto; font-size: 14px;\">Afrika k\u0131tas\u0131n\u0131n en bilinen \u00fclkelerinden bir tanesi olan ve \u00e7okta geli\u015fmemi\u015f diyebilece\u011fimiz \u00fclkelerin ba\u015f\u0131nda gelen Gana, son y\u0131llarda bir\u00e7ok alanda ilerleme kat etmeyi ba\u015farm\u0131\u015f durumda. Bu durumun \u00e7ok \u00e7e\u015fitli nedenleri var ancak bunlar \u00e7ok detayl\u0131 ve ger\u00e7ekten incelenmesi i\u00e7in b\u00fcy\u00fck bir \u00e7aba gerektiren \u015feyler diyebiliriz. Tabi ki de burada dikkat edilmesi gereken ve bizleri ilgilendiren \u015fey Gana\u2019n\u0131n son zamanlarda ticari i\u015flemlere son derece a\u00e7\u0131k bir yer haline gelmesidir. E\u011fer bu potansiyeli de\u011ferlendirebilecek imkan\u0131n\u0131z varsa Gana\u2019dan bu a\u00e7\u0131dan faydalanabilirsiniz ve ger\u00e7ekten de olduk\u00e7a karl\u0131 i\u015fler yapabilirsiniz. Tabi ki de s\u00fcre\u00e7 i\u00e7erisindeki geli\u015fmeler biraz size ba\u011fl\u0131 ancak b\u00fcy\u00fck oranda ba\u015far\u0131l\u0131 olabilirsiniz. Ancak t\u00fcm bunlar\u0131 yapabilmek i\u00e7in en ba\u015fta <strong>Gana Ticari Vizesi Nas\u0131l Al\u0131n\u0131r?\u00a0<\/strong>konusunda yard\u0131m alman\u0131z gerekiyor.<\/span><\/p>\r\n<h2><span style=\"font-family: Roboto; font-size: 27px;\"><strong>Gana Ticari Vize Almak \u0130\u00e7in Neler Yap\u0131l\u0131r?<\/strong><\/span><\/h2>\r\n<p><span style=\"font-family: Roboto; font-size: 14px;\"><strong>Gana Ticari Vize nas\u0131l al\u0131n\u0131r\u00a0<\/strong>sorusunun cevab\u0131 i\u00e7in \u00f6ncelik gerekli olan belgelerin haz\u0131rlanmas\u0131 ile ba\u015fvuru i\u015flemi yerine getirilebilir. \u00d6ncelikle Gana\u2019da yer alan firmadan gelmi\u015f olan davetiyenin olmas\u0131 gerekir. Di\u011fer evraklar ise; <strong>Gana Konsoloslu\u011funa<\/strong> yaz\u0131lan<strong> vize talep dilek\u00e7esi<\/strong> \u015firket taraf\u0131ndan, son 3 ay\u0131n i\u00e7erisinde al\u0131nm\u0131\u015f faaliyet belgesi, Ticaret sicil gazetesinin fotokopisi, \u015firkete ait olan imza sirk\u00fcleri fotokopisi, g\u00fcncel tarihe sahip olan vergi levhas\u0131n\u0131n fotokopisi, kimlik fotokopisi, \u015firkete ait olan banka hesap c\u00fczdan\u0131 fotokopisi ya da son \u00fc\u00e7 aya ait olan bir banka hesap d\u00f6k\u00fcm\u00fc, olmas\u0131 halinde kira geliri, tapu fotokopisi ya da ara\u00e7 ruhsat fotokopisi, 10 y\u0131ldan daha eski olmayan ve ayn\u0131 zamanda seyahat d\u00f6n\u00fc\u015f tarihi itibari ile 6 ay ge\u00e7erlili\u011fi olan pasaport, arka fonu beyaz olan ve yeni \u00e7ekilmi\u015f olan 2 tane biyometrik foto\u011fraf, otel rezervasyonu ve u\u00e7ak bileti, Sar\u0131 humma a\u015f\u0131 kart\u0131n\u0131n fotokopisi gerekir. Bu evraklar\u0131n hepsi tamamlanarak <strong>vize ba\u015fvuru i\u015flemi<\/strong> yerine getirilmelidir. Sonu\u00e7 5 i\u015f g\u00fcn\u00fc i\u00e7erisinde belli olur.\u00a0<\/span><\/p>\r\n<h3><span style=\"font-family: Roboto; font-size: 24px;\"><strong>Gana Ticari Vize Alma \u015eartlar\u0131<\/strong><\/span><\/h3>\r\n<p><span style=\"font-family: Roboto; font-size: 14px;\">\r\n\r\n<\/span><\/p>\r\n<p><span style=\"font-family: Roboto; font-size: 14px;\"><strong>Ticari vize<\/strong> alma \u015fartlar\u0131 vize alacak insanlar\u0131n en \u00e7ok sordu\u011fu sorulardan bir tanesidir. Her \u00fclkede belli ba\u015fl\u0131 kurallar oldu\u011fu gibi, Gana\u2019da da \u00e7e\u015fitli kurallar s\u00f6z konusudur. \u00d6ncelikle teslim etmi\u015f oldu\u011funuz evraklar ger\u00e7e\u011fi yans\u0131tan evraklar olmal\u0131d\u0131r, 18 ya\u015f\u0131n\u0131 doldurman\u0131z \u015fartt\u0131r. Bu \u015fartlar\u0131 tamamlayan herkes vize alabilir. Konsolosluklar, ticari ama\u00e7 g\u00fcden herkese vize vermektedir.<\/span><\/p>\r\n<p><span style=\"font-family: Roboto; font-size: 14px;\">\r\n\r\n<\/span><\/p>\r\n<h3><span style=\"font-family: Roboto; font-size: 24px;\"><strong>Gana Ticari Vizesi \u0130\u00e7in \u0130stenilen Evraklar<\/strong><\/span><\/h3>\r\n<p><span style=\"font-family: Roboto; font-size: 14px;\">\r\n\r\n<\/span><\/p>\r\n<p><span style=\"font-family: Roboto; font-size: 14px;\">Gana ticari faaliyetleri konusunda vize almay\u0131 d\u00fc\u015f\u00fcnen ki\u015filerin haz\u0131rlamas\u0131 gereken evraklar i\u00e7erisinde \u015funlar say\u0131labilir:<\/span><\/p>\r\n<p><span style=\"font-family: Roboto; font-size: 14px;\">\r\n\r\n<\/span><\/p>\r\n<p><span style=\"font-family: Roboto; font-size: 14px;\">l Vize ba\u015fvuru formunun eksiksiz bir \u015fekilde doldurulmas\u0131 \u00f6nemlidir.<\/span><\/p>\r\n<p><span style=\"font-family: Roboto; font-size: 14px;\">\r\n\r\n<\/span><\/p>\r\n<p><span style=\"font-family: Roboto; font-size: 14px;\">l Pasaportunuzun fotokopisi, seyahat tarihinizden sonra en az 6 ay kullan\u0131ma uygun olmas\u0131 \u015fartt\u0131r.<\/span><\/p>\r\n<p><span style=\"font-family: Roboto; font-size: 14px;\">\r\n\r\n<\/span><\/p>\r\n<p><span style=\"font-family: Roboto; font-size: 14px;\">l \u015eirkette \u00e7al\u0131\u015f\u0131yor ve \u015firket i\u015flemleriniz i\u00e7in seyahat ediyorsan\u0131z davetiye mektubunuzun fotokopisi gereklidir.<\/span><\/p>\r\n<p><span style=\"font-family: Roboto; font-size: 14px;\">\r\n\r\n<\/span><\/p>\r\n<p><span style=\"font-family: Roboto; font-size: 14px;\">l G\u00fcncel \u015firket evraklar\u0131, vergi levhas\u0131, imza sirk\u00fcleri ve ticaret sicil gazetesi bulundurulmal\u0131d\u0131r.<\/span><\/p>\r\n<p><span style=\"font-family: Roboto; font-size: 14px;\">\r\n\r\n<\/span><\/p>\r\n<p><span style=\"font-family: Roboto; font-size: 14px;\">l Son 6 ayl\u0131k \u00e7eki\u015fmi\u015f oldu\u011funuz 2 adet biyometrik foto\u011fraf gerekiyor.<\/span><\/p>\r\n<p><span style=\"font-family: Roboto; font-size: 14px;\">\r\n\r\n<\/span><\/p>\r\n<p><span style=\"font-family: Roboto; font-size: 14px;\">l Banka hesaplar\u0131n\u0131zda harcamalar\u0131n\u0131za istinaden bir miktar nakit para bulunmal\u0131d\u0131r.<\/span><\/p>\r\n<p><span style=\"font-family: Roboto; font-size: 14px;\">\r\n\r\n<\/span><\/p>\r\n<p><span style=\"font-family: Roboto; font-size: 14px;\">l Seyahat sa\u011fl\u0131k sigortas\u0131 \u00f6nemlidir.<\/span><\/p>\r\n<p><span style=\"font-family: Roboto; font-size: 14px;\">\r\n\r\n<\/span><\/p>\r\n<p><span style=\"font-family: Roboto; font-size: 14px;\">Konaklama yapaca\u011f\u0131n\u0131z yerlerin rezervasyon fotokopileri ve u\u00e7ak bileti fotokopileriniz ile birlikte <strong>Gana konsoloslu\u011fu<\/strong> ya da temsilcilik ofislerine ba\u015fvuruda bulunarak ticari vizenizi alabilirsiniz.<\/span><\/p>\r\n<p><span style=\"font-family: Roboto; font-size: 14px;\"> <img decoding=\"async\" src=\"https:\/\/www.myvize.com.tr\/gana\/wp-content\/uploads\/2021\/10\/47.jpg\" \/> <\/span><\/p>\r\n<p><span style=\"font-family: Roboto; font-size: 14px;\">\r\n\r\n<\/span><\/p>\r\n<h3><span style=\"font-family: Roboto; font-size: 24px;\"><strong>Gana Ticari Vize Al\u0131rken Dikkat Edilmesi Gerekenler<\/strong><\/span><\/h3>\r\n<p><span style=\"font-family: Roboto; font-size: 14px;\"><strong>Ticari vize<\/strong> almak konusunda y\u0131llard\u0131r bir\u00e7ok insan\u0131n kafas\u0131n\u0131 kurcal\u0131yor. Bunun en temel nedeni bir\u00e7ok ki\u015finin bu vizeyi alman\u0131n di\u011fer vizeleri almaktan \u00e7ok daha zor oldu\u011funa inanmalar\u0131yla alakal\u0131 diyebiliriz. Uzun vadeli d\u00fc\u015f\u00fcn\u00fcld\u00fc\u011f\u00fcnde asl\u0131nda b\u00f6yle bir durum mevcut de\u011fil. Yani ger\u00e7ekten turist vizesi almak ile ticari vize almak aras\u0131nda bir u\u00e7urum yok. Genel olarak al\u0131nmas\u0131 gereken evraklar ve \u00f6denmesi gereken \u00fccretler \u00e7ok yak\u0131n. Ancak tabi ki de ay\u0131rt edici baz\u0131 noktalar var ve bu noktalar\u0131 en iyi \u015fekilde tespit edip daha sonra da buradaki sorunlar\u0131 \u00e7\u00f6zmek \u00e7ok daha mant\u0131kl\u0131 olacakt\u0131r. Tabi ki de ufak farklar mevcut ve olmas\u0131 da gerek ancak bu konuda endi\u015feli bir tav\u0131r sergilemenizi gerektirecek bir durum oldu\u011funu s\u00f6ylemek yanl\u0131\u015f olur.<\/span><\/p>\r\n<p><img decoding=\"async\" src=\"https:\/\/www.myvize.com.tr\/gana\/wp-content\/uploads\/2021\/10\/48.jpg\" \/><\/p>\r\n<h3><span style=\"font-family: Roboto; font-size: 24px;\"><strong>MyVize Arac\u0131l\u0131\u011f\u0131yla Gana Ticari Vize<\/strong><\/span><\/h3>\r\n<p><span style=\"font-family: Roboto; font-size: 14px;\">MyvVize d\u00fcnyadaki bir\u00e7ok \u00fclkeye \u00e7ok h\u0131zl\u0131 bir \u015fekilde gitmenizi sa\u011flayan arac\u0131 kurumlardan bir tanesidir. Hatta \u00fclkemizde en bilinen kurumlardan birisi \u00e7\u00fcnk\u00fc ger\u00e7ekten de olduk\u00e7a g\u00fcvenilir ve bir\u00e7ok ki\u015finin bu konudaki sorunlar\u0131n\u0131 h\u0131zl\u0131 \u015fekilde \u00e7\u00f6zebiliyorlar. <strong>MyVize ile Gana Ticari Vizesi Almak<\/strong>, normal bir \u015fekilde ticari vize almaktan \u00e7ok daha kolay ve zahmetsiz bir s\u00fcre\u00e7 diyebiliriz. Tabi ki de burada baz\u0131 ufak farkl\u0131l\u0131klar oluyor ve \u00fccret \u00f6derken biraz daha fazla \u00f6demeniz gerekebiliyor. Ancak hatalar yapt\u0131\u011f\u0131n\u0131zda ve s\u00fcre\u00e7 uzad\u0131\u011f\u0131nda belki de<strong> Gana ticari vizesi<\/strong> ile ilgili planlar\u0131n\u0131z aksad\u0131\u011f\u0131nda ger\u00e7ekten de bu \u00fccretleri \u00f6demi\u015f olmay\u0131 dileyebilirsiniz. Bunun fark\u0131na varmak ve s\u00fcreci buna g\u00f6re planlamak en mant\u0131kl\u0131 davran\u0131\u015f olacakt\u0131r.<\/span><\/p>\r\n<p><span style=\"font-family: Roboto;\"><\/span><\/p>","protected":false},"excerpt":{"rendered":"<p>Gana ticari vizesi almak i\u00e7in konsolosluklar taraf\u0131ndan belirlenen \u015fartlar\u0131 yerine getirmeniz gerekir. Bu \u015fartlar\u0131 tamamlad\u0131ktan sonra da konsolosluk ticari vizenizi k\u0131sa s\u00fcre i\u00e7erisinde olumlu olarak sonu\u00e7land\u0131racakt\u0131r. Gana ticari vizesi almadan \u00f6nce konsolosluk sitesinde de yer alan vize ba\u015fvuru formunu eksiksiz bir \u015fekilde doldurman\u0131z gerekir. Gana Vize ba\u015fvuru formu, bir nevi bilgilerinizin \u00f6zetidir. Burada yer alan<\/p>\n","protected":false},"author":1,"featured_media":0,"parent":18,"menu_order":0,"comment_status":"open","ping_status":"closed","template":"","meta":{"footnotes":""},"class_list":["post-35","page","type-page","status-publish","hentry"],"yoast_head":"<!-- This site is optimized with the Yoast SEO plugin v24.0 - https:\/\/yoast.com\/wordpress\/plugins\/seo\/ -->\n<title>Gana Ticari Vize - Gana Vize Randevusu - MyVize<\/title>\n<meta name=\"description\" content=\"Gana ticari vizesi evrak listesi. Gana ticari vize randevusu nas\u0131l al\u0131n\u0131r? Vize ile ihtiyac\u0131n\u0131z olan t\u00fcm bilgi bu sayfada.\" \/>\n<meta name=\"robots\" content=\"index, follow, max-snippet:-1, max-image-preview:large, max-video-preview:-1\" \/>\n<link rel=\"canonical\" href=\"https:\/\/www.myvize.com.tr\/gana\/vize-islemleri\/gana-ticari-vize\/\" \/>\n<meta property=\"og:locale\" content=\"tr_TR\" \/>\n<meta property=\"og:type\" content=\"article\" \/>\n<meta property=\"og:title\" content=\"Gana Ticari Vize - Gana Vize Randevusu - MyVize\" \/>\n<meta property=\"og:description\" content=\"Gana ticari vizesi evrak listesi. Gana ticari vize randevusu nas\u0131l al\u0131n\u0131r? Vize ile ihtiyac\u0131n\u0131z olan t\u00fcm bilgi bu sayfada.\" \/>\n<meta property=\"og:url\" content=\"https:\/\/www.myvize.com.tr\/gana\/vize-islemleri\/gana-ticari-vize\/\" \/>\n<meta property=\"og:site_name\" content=\"Gana Vizesi\" \/>\n<meta property=\"article:modified_time\" content=\"2022-05-06T13:12:35+00:00\" \/>\n<meta property=\"og:image\" content=\"https:\/\/www.myvize.com.tr\/gana\/wp-content\/uploads\/2021\/10\/47.jpg\" \/>\n<meta name=\"twitter:card\" content=\"summary_large_image\" \/>\n<meta name=\"twitter:label1\" content=\"Tahmini okuma s\u00fcresi\" \/>\n\t<meta name=\"twitter:data1\" content=\"5 dakika\" \/>\n<script type=\"application\/ld+json\" class=\"yoast-schema-graph\">{\"@context\":\"https:\/\/schema.org\",\"@graph\":[{\"@type\":\"WebPage\",\"@id\":\"https:\/\/www.myvize.com.tr\/gana\/vize-islemleri\/gana-ticari-vize\/\",\"url\":\"https:\/\/www.myvize.com.tr\/gana\/vize-islemleri\/gana-ticari-vize\/\",\"name\":\"Gana Ticari Vize - Gana Vize Randevusu - MyVize\",\"isPartOf\":{\"@id\":\"https:\/\/www.myvize.com.tr\/gana\/#website\"},\"primaryImageOfPage\":{\"@id\":\"https:\/\/www.myvize.com.tr\/gana\/vize-islemleri\/gana-ticari-vize\/#primaryimage\"},\"image\":{\"@id\":\"https:\/\/www.myvize.com.tr\/gana\/vize-islemleri\/gana-ticari-vize\/#primaryimage\"},\"thumbnailUrl\":\"https:\/\/www.myvize.com.tr\/gana\/wp-content\/uploads\/2021\/10\/47.jpg\",\"datePublished\":\"2020-11-30T09:44:42+00:00\",\"dateModified\":\"2022-05-06T13:12:35+00:00\",\"description\":\"Gana ticari vizesi evrak listesi. Gana ticari vize randevusu nas\u0131l al\u0131n\u0131r? Vize ile ihtiyac\u0131n\u0131z olan t\u00fcm bilgi bu sayfada.\",\"breadcrumb\":{\"@id\":\"https:\/\/www.myvize.com.tr\/gana\/vize-islemleri\/gana-ticari-vize\/#breadcrumb\"},\"inLanguage\":\"tr\",\"potentialAction\":[{\"@type\":\"ReadAction\",\"target\":[\"https:\/\/www.myvize.com.tr\/gana\/vize-islemleri\/gana-ticari-vize\/\"]}]},{\"@type\":\"ImageObject\",\"inLanguage\":\"tr\",\"@id\":\"https:\/\/www.myvize.com.tr\/gana\/vize-islemleri\/gana-ticari-vize\/#primaryimage\",\"url\":\"https:\/\/www.myvize.com.tr\/gana\/wp-content\/uploads\/2021\/10\/47.jpg\",\"contentUrl\":\"https:\/\/www.myvize.com.tr\/gana\/wp-content\/uploads\/2021\/10\/47.jpg\",\"width\":800,\"height\":500,\"caption\":\"Gana Ticari Vize\"},{\"@type\":\"BreadcrumbList\",\"@id\":\"https:\/\/www.myvize.com.tr\/gana\/vize-islemleri\/gana-ticari-vize\/#breadcrumb\",\"itemListElement\":[{\"@type\":\"ListItem\",\"position\":1,\"name\":\"Anasayfa\",\"item\":\"https:\/\/www.myvize.com.tr\/gana\/\"},{\"@type\":\"ListItem\",\"position\":2,\"name\":\"V\u0130ZE \u0130\u015eLEMLER\u0130\",\"item\":\"https:\/\/www.myvize.com.tr\/gana\/vize-islemleri\/\"},{\"@type\":\"ListItem\",\"position\":3,\"name\":\"Gana Ticari Vize\"}]},{\"@type\":\"WebSite\",\"@id\":\"https:\/\/www.myvize.com.tr\/gana\/#website\",\"url\":\"https:\/\/www.myvize.com.tr\/gana\/\",\"name\":\"Gana Vizesi\",\"description\":\"\",\"potentialAction\":[{\"@type\":\"SearchAction\",\"target\":{\"@type\":\"EntryPoint\",\"urlTemplate\":\"https:\/\/www.myvize.com.tr\/gana\/?s={search_term_string}\"},\"query-input\":{\"@type\":\"PropertyValueSpecification\",\"valueRequired\":true,\"valueName\":\"search_term_string\"}}],\"inLanguage\":\"tr\"}]}<\/script>\n<!-- \/ Yoast SEO plugin. -->","yoast_head_json":{"title":"Gana Ticari Vize - Gana Vize Randevusu - MyVize","description":"Gana ticari vizesi evrak listesi. Gana ticari vize randevusu nas\u0131l al\u0131n\u0131r? Vize ile ihtiyac\u0131n\u0131z olan t\u00fcm bilgi bu sayfada.","robots":{"index":"index","follow":"follow","max-snippet":"max-snippet:-1","max-image-preview":"max-image-preview:large","max-video-preview":"max-video-preview:-1"},"canonical":"https:\/\/www.myvize.com.tr\/gana\/vize-islemleri\/gana-ticari-vize\/","og_locale":"tr_TR","og_type":"article","og_title":"Gana Ticari Vize - Gana Vize Randevusu - MyVize","og_description":"Gana ticari vizesi evrak listesi. Gana ticari vize randevusu nas\u0131l al\u0131n\u0131r? Vize ile ihtiyac\u0131n\u0131z olan t\u00fcm bilgi bu sayfada.","og_url":"https:\/\/www.myvize.com.tr\/gana\/vize-islemleri\/gana-ticari-vize\/","og_site_name":"Gana Vizesi","article_modified_time":"2022-05-06T13:12:35+00:00","og_image":[{"url":"https:\/\/www.myvize.com.tr\/gana\/wp-content\/uploads\/2021\/10\/47.jpg","type":"","width":"","height":""}],"twitter_card":"summary_large_image","twitter_misc":{"Tahmini okuma s\u00fcresi":"5 dakika"},"schema":{"@context":"https:\/\/schema.org","@graph":[{"@type":"WebPage","@id":"https:\/\/www.myvize.com.tr\/gana\/vize-islemleri\/gana-ticari-vize\/","url":"https:\/\/www.myvize.com.tr\/gana\/vize-islemleri\/gana-ticari-vize\/","name":"Gana Ticari Vize - Gana Vize Randevusu - MyVize","isPartOf":{"@id":"https:\/\/www.myvize.com.tr\/gana\/#website"},"primaryImageOfPage":{"@id":"https:\/\/www.myvize.com.tr\/gana\/vize-islemleri\/gana-ticari-vize\/#primaryimage"},"image":{"@id":"https:\/\/www.myvize.com.tr\/gana\/vize-islemleri\/gana-ticari-vize\/#primaryimage"},"thumbnailUrl":"https:\/\/www.myvize.com.tr\/gana\/wp-content\/uploads\/2021\/10\/47.jpg","datePublished":"2020-11-30T09:44:42+00:00","dateModified":"2022-05-06T13:12:35+00:00","description":"Gana ticari vizesi evrak listesi. Gana ticari vize randevusu nas\u0131l al\u0131n\u0131r? Vize ile ihtiyac\u0131n\u0131z olan t\u00fcm bilgi bu sayfada.","breadcrumb":{"@id":"https:\/\/www.myvize.com.tr\/gana\/vize-islemleri\/gana-ticari-vize\/#breadcrumb"},"inLanguage":"tr","potentialAction":[{"@type":"ReadAction","target":["https:\/\/www.myvize.com.tr\/gana\/vize-islemleri\/gana-ticari-vize\/"]}]},{"@type":"ImageObject","inLanguage":"tr","@id":"https:\/\/www.myvize.com.tr\/gana\/vize-islemleri\/gana-ticari-vize\/#primaryimage","url":"https:\/\/www.myvize.com.tr\/gana\/wp-content\/uploads\/2021\/10\/47.jpg","contentUrl":"https:\/\/www.myvize.com.tr\/gana\/wp-content\/uploads\/2021\/10\/47.jpg","width":800,"height":500,"caption":"Gana Ticari Vize"},{"@type":"BreadcrumbList","@id":"https:\/\/www.myvize.com.tr\/gana\/vize-islemleri\/gana-ticari-vize\/#breadcrumb","itemListElement":[{"@type":"ListItem","position":1,"name":"Anasayfa","item":"https:\/\/www.myvize.com.tr\/gana\/"},{"@type":"ListItem","position":2,"name":"V\u0130ZE \u0130\u015eLEMLER\u0130","item":"https:\/\/www.myvize.com.tr\/gana\/vize-islemleri\/"},{"@type":"ListItem","position":3,"name":"Gana Ticari Vize"}]},{"@type":"WebSite","@id":"https:\/\/www.myvize.com.tr\/gana\/#website","url":"https:\/\/www.myvize.com.tr\/gana\/","name":"Gana Vizesi","description":"","potentialAction":[{"@type":"SearchAction","target":{"@type":"EntryPoint","urlTemplate":"https:\/\/www.myvize.com.tr\/gana\/?s={search_term_string}"},"query-input":{"@type":"PropertyValueSpecification","valueRequired":true,"valueName":"search_term_string"}}],"inLanguage":"tr"}]}},"_links":{"self":[{"href":"https:\/\/www.myvize.com.tr\/gana\/wp-json\/wp\/v2\/pages\/35","targetHints":{"allow":["GET"]}}],"collection":[{"href":"https:\/\/www.myvize.com.tr\/gana\/wp-json\/wp\/v2\/pages"}],"about":[{"href":"https:\/\/www.myvize.com.tr\/gana\/wp-json\/wp\/v2\/types\/page"}],"author":[{"embeddable":true,"href":"https:\/\/www.myvize.com.tr\/gana\/wp-json\/wp\/v2\/users\/1"}],"replies":[{"embeddable":true,"href":"https:\/\/www.myvize.com.tr\/gana\/wp-json\/wp\/v2\/comments?post=35"}],"version-history":[{"count":11,"href":"https:\/\/www.myvize.com.tr\/gana\/wp-json\/wp\/v2\/pages\/35\/revisions"}],"predecessor-version":[{"id":682,"href":"https:\/\/www.myvize.com.tr\/gana\/wp-json\/wp\/v2\/pages\/35\/revisions\/682"}],"up":[{"embeddable":true,"href":"https:\/\/www.myvize.com.tr\/gana\/wp-json\/wp\/v2\/pages\/18"}],"wp:attachment":[{"href":"https:\/\/www.myvize.com.tr\/gana\/wp-json\/wp\/v2\/media?parent=35"}],"curies":[{"name":"wp","href":"https:\/\/api.w.org\/{rel}","templated":true}]}}