{"id":355,"date":"2021-08-24T13:28:30","date_gmt":"2021-08-24T10:28:30","guid":{"rendered":"https:\/\/www.myvize.com.tr\/gana\/?page_id=355"},"modified":"2022-05-06T16:20:43","modified_gmt":"2022-05-06T13:20:43","slug":"gana-vize-basvurusu","status":"publish","type":"page","link":"https:\/\/www.myvize.com.tr\/gana\/gana-vize-basvurusu\/","title":{"rendered":"Gana Vize Ba\u015fvurusu"},"content":{"rendered":"<p><span style=\"font-family: Roboto; font-size: 14px;\">Gana\u2019ya seyahat edecek olan T\u00fcrkiye Cumhuriyeti vatanda\u015flar\u0131 seyahatleri \u00f6ncesinde seyahat ama\u00e7lar\u0131na uygun olarak Gana vizesi almal\u0131d\u0131r. <strong><a href=\"https:\/\/www.myvize.com.tr\/gana\/vize-islemleri\/gana-vizesi\/\" target=\"_blank\" rel=\"noopener\"><span style=\"color: #2acec2;\">Gana vizesi<\/span><\/a><\/strong> ba\u015fvurular\u0131 <span style=\"color: #2acec2;\"><strong><a style=\"color: #2acec2;\" href=\"https:\/\/www.myvize.com.tr\/gana\/konsolosluklar\/ankara-buyukelciligi\/\" target=\"_blank\" rel=\"noopener\">Gana Ankara B\u00fcy\u00fckel\u00e7ili\u011fi<\/a><\/strong><\/span>, Gana Konsolosluklar\u0131 ve yetkilendirilmi\u015f vize ba\u015fvuru merkezlerine yap\u0131labilmektedir. Ayr\u0131ca vize ba\u015fvurular\u0131n\u0131z\u0131 bizzat yapman\u0131za gerek yoktur. Anla\u015fmal\u0131 acenteler arac\u0131l\u0131\u011f\u0131 ile de<strong> vize ba\u015fvurusu<\/strong> yap\u0131lmaktad\u0131r. Vize ba\u015fvurular\u0131n\u0131 de\u011ferlendirme yetkisi Gana Ankara B\u00fcy\u00fckel\u00e7ili\u011fine ve Gana \u0130stanbul Ba\u015fkonsoloslu\u011fu\u2019na aittir.<\/span><\/p>\n<p><span style=\"font-family: Roboto; font-size: 14px;\"><strong>Gana vize<\/strong> ba\u015fvurusunda bulunurken gerekli belgeler haz\u0131rlanmal\u0131d\u0131r. Belgelerin tamam\u0131 g\u00fcncel olmal\u0131 ve hi\u00e7biri y\u0131pranmam\u0131\u015f olmal\u0131d\u0131r. Vize ba\u015fvurusu i\u00e7in \u00f6ncelikle seyahat amac\u0131n\u0131z\u0131 belirlemelisiniz. \u0130stenen belgeler seyahat amac\u0131n\u0131za g\u00f6re farkl\u0131l\u0131k g\u00f6sterir. Daha sonra <strong>Gana Konsoloslu\u011fu<\/strong> \u00fczerinden indirece\u011finiz <span style=\"color: #2acec2;\"><strong><a style=\"color: #2acec2;\" href=\"https:\/\/www.myvize.com.tr\/gana\/form-ve-dilekce\/vize-basvuru-formu\/\" target=\"_blank\" rel=\"noopener\">vize ba\u015fvuru formu<\/a><\/strong><\/span> doldurmal\u0131s\u0131n\u0131z. Form eksiksiz ve hatas\u0131z doldurulmal\u0131d\u0131r. Ard\u0131ndan ise gerekli bele\u011feler haz\u0131rlanmal\u0131 ve vize ba\u015fvurusu yapaca\u011f\u0131n\u0131z yerden randevu almal\u0131s\u0131n\u0131z. Ard\u0131ndan gerekli belgeler ile <strong>vize ba\u015fvurusu<\/strong> yapaca\u011f\u0131n\u0131z yerde randevu g\u00fcn\u00fcnde ve saatinde bulunmal\u0131s\u0131n\u0131z. Vize ba\u015fvurusunu sizin bizzat yapman\u0131za gerek yoktur. <strong>Gana vize ba\u015fvurusu<\/strong> seyahat acenteleri arac\u0131l\u0131\u011f\u0131 ile de yap\u0131labilmektedir.<\/span><\/p>\n<p><span style=\"font-family: Roboto; font-size: 14px;\">Vize ba\u015fvurular\u0131 ortalama iki haftada sonu\u00e7lanmaktad\u0131r. Ba\u015fvuru s\u00fcreci ile ilgili ba\u015fvuru sahibine bilgi verilmez. Ba\u015fvurunuzun sadece sonucunu \u00f6\u011frenebilirsiniz.<\/span><\/p>\n<p><img decoding=\"async\" src=\"https:\/\/www.myvize.com.tr\/gana\/wp-content\/uploads\/2021\/10\/56.jpg\" \/><\/p>\n<h2><strong><span style=\"font-family: Roboto; font-size: 27px;\">Gana T\u00fcrkiye Vize Ba\u015fvurusu<\/span><\/strong><\/h2>\n<p><span style=\"font-family: Roboto; font-size: 14px;\">Gana\u2019dan T\u00fcrkiye\u2019ye seyahat etmek isteyen Gana vatanda\u015flar\u0131 ya da Gana\u2019da ya\u015fayan di\u011fer \u00fclke vatanda\u015flar\u0131 ve bir vatanda\u015fl\u0131\u011f\u0131 olmayan ki\u015filer Gana vizesi almal\u0131d\u0131r. Gana\u2019dan T\u00fcrkiye\u2019ye seyahat edecek olan <strong>Gana Diplomatik Pasaport<\/strong> sahipleri 90 g\u00fcne kadar T\u00fcrkiye vizesinden muaft\u0131r.<\/span><\/p>\n<p><span style=\"font-family: Roboto; font-size: 14px;\">Gana\u2019dan T\u00fcrkiye\u2019ye seyahat edecek olan ki\u015filer vize ba\u015fvurular\u0131n\u0131 Gana\u2019da bulunan T\u00fcrk temsilciliklerine yapabilirler. Gana vatanda\u015flar\u0131 <strong>T\u00fcrkiye vize ba\u015fvurular\u0131<\/strong>n\u0131 a\u015fa\u011f\u0131daki \u015fekilde yapabilir.<\/span><\/p>\n<ul>\n<li><span style=\"font-family: Roboto; font-size: 14px;\">Gana\u2019dan T\u00fcrkiye\u2019ye seyahat edecek olan ki\u015filer \u00f6ncelikle T\u00fcrkiye vize ba\u015fvuru formunu doldurmal\u0131d\u0131r.<\/span><\/li>\n<li><span style=\"font-family: Roboto; font-size: 14px;\">Daha sonra gerekli olan belgeleri haz\u0131rlayarak Gana\u2019da bulunan T\u00fcrk temsilcilikleri ile ileti\u015fime ge\u00e7ilerek vize ba\u015fvurusunu ba\u015flatabilir.<\/span><\/li>\n<\/ul>\n<p><span style=\"font-size: 16px;\"><strong><span style=\"font-family: Roboto;\">T\u00fcrkiye vize ba\u015fvurusu yapacak olan Gana vatanda\u015flar\u0131 vize ba\u015fvurusu i\u00e7in \u015funlara dikkat etmelidir;<\/span><\/strong><\/span><\/p>\n<ul>\n<li><span style=\"font-family: Roboto; font-size: 14px;\">Vize ba\u015fvurusunda bulunacak ki\u015filerin T\u00fcrkiye\u2019de masraflar\u0131n\u0131 kar\u015f\u0131layacak ekonomik durumu olmal\u0131d\u0131r. Banka hesab\u0131nda yeteri kadar para bulunmal\u0131d\u0131r.<\/span><\/li>\n<li><span style=\"font-family: Roboto; font-size: 14px;\">Gana vatanda\u015flar\u0131 T\u00fcrkiye\u2019ye seyahat etmeden \u00f6nce adli sicil kayd\u0131n\u0131 T\u00fcrk temsilcili\u011fine sunmal\u0131d\u0131r. Ba\u015fvuru sahibinin bir ter\u00f6r olay\u0131na kar\u0131\u015fmam\u0131\u015f olmas\u0131 gerekmektedir.<\/span><\/li>\n<li><span style=\"font-family: Roboto; font-size: 14px;\">Ba\u015fvuru sahibinin daha \u00f6nceden T\u00fcrkiye\u2019de vize s\u00fcresi a\u015f\u0131m\u0131 yapmam\u0131\u015f olmas\u0131 gerekmektedir.<\/span><\/li>\n<li><span style=\"font-family: Roboto; font-size: 14px;\">T\u00fcrkiye vize ba\u015fvurusu sahibi olan Gana vatanda\u015flar\u0131 vize ba\u015fvurusu i\u00e7in istenen belgeleri eksiksiz ve g\u00fcncel olarak haz\u0131rlamal\u0131d\u0131r.<\/span><\/li>\n<\/ul>\n<h2><strong><span style=\"font-family: Roboto; font-size: 27px;\">Gana Vize Ba\u015fvurusu Hakk\u0131nda<\/span><\/strong><\/h2>\n<p><span style=\"font-family: Roboto; font-size: 14px;\"><strong>Gana\u2019ya seyahat etmek<\/strong> isteyen T\u00fcrk vatanda\u015flar\u0131 Gana seyahat \u00f6ncesinde seyahat amac\u0131na uygun vize almal\u0131d\u0131r. Vize ba\u015fvurusu yapacak olan ki\u015filerin <strong>Gana vizesi<\/strong> almas\u0131 \u015fartt\u0131r, vizesiz olarak T\u00fcrkiye\u2019ye girilmemektedir. Gana\u2019ya seyahat edecek olan Diplomatik Pasaport yani Siyah Pasaport sahipleri 90 g\u00fcne kadar Gana vizesinden muaft\u0131r. Gana vizesi alacak olan T\u00fcrk vatanda\u015flar\u0131 i\u00e7in<strong> kap\u0131da vize uygulamas\u0131<\/strong> ya da <strong>online vize ba\u015fvurusu<\/strong> bulunmamaktad\u0131r.<\/span><\/p>\n<p><strong><span style=\"font-family: Roboto; font-size: 14px;\">Gana\u2019ya seyahat etmek isteyen ki\u015filer vize ba\u015fvurular\u0131n\u0131 \u015fu \u015fekilde yapabilirler;<\/span><\/strong><\/p>\n<ul>\n<li><span style=\"font-family: Roboto; font-size: 14px;\">Gana vize ba\u015fvurusu yapacak olan ki\u015filer \u00f6ncelikle vize ba\u015fvurusu yapacaklar\u0131 kategoriyi se\u00e7melidir.<\/span><\/li>\n<li><span style=\"font-family: Roboto; font-size: 14px;\">Daha sonra ise vize ba\u015fvurusu i\u00e7in vize ba\u015fvuru formu doldurulmal\u0131 ve gerekli olan belgeler eksiksiz haz\u0131rlanmal\u0131d\u0131r.<\/span><\/li>\n<li><span style=\"font-family: Roboto; font-size: 14px;\"><strong>Gana vize ba\u015fvurular\u0131<\/strong> Gana temsilciliklerine \u015fahsen ya da seyahat acenteleri ve vize ba\u015fvuru merkezleri ile yap\u0131labilmektedir. Gana vize ba\u015fvurusu i\u00e7in biyometrik veri gerekmedi\u011finden ba\u015fvuruyu bizzat yapman\u0131za gerek yoktur.<\/span><\/li>\n<li><span style=\"font-family: Roboto; font-size: 14px;\">Gana vizesi alacak olan T\u00fcrk vatanda\u015flar\u0131 gerekli belgeler ile <strong>vize ba\u015fvurusu<\/strong> yap\u0131lacak yere gitmeli ve belgeleri teslim etmelidir.<\/span><\/li>\n<li><span style=\"font-family: Roboto; font-size: 14px;\">Gana vize ba\u015fvurular\u0131n\u0131 inceleme ve karar verme yetkisi Gana\u2019n\u0131n<strong> Ankara B\u00fcy\u00fckel\u00e7ili\u011fi<\/strong><span style=\"color: #000000;\">\u2019<\/span>ne aittir.<\/span><\/li>\n<\/ul>\n<h2><strong><span style=\"font-family: Roboto; font-size: 27px;\">Gana\u2019ya Vize Ba\u015fvurusu Nas\u0131l Yap\u0131l\u0131r?<\/span><\/strong><\/h2>\n<p><span style=\"font-family: Roboto; font-size: 14px;\">Gana\u2019ya seyahat edecek olan T\u00fcrk vatanda\u015flar\u0131 Gana vize ba\u015fvurusunda bulunmal\u0131d\u0131r. Gana vize ba\u015fvurusunda bulunacak olan ki\u015filer \u2018\u2019Gana\u2019ya vize ba\u015fvurusu nas\u0131l yap\u0131l\u0131r\u2019\u2019 sorusunu merak etmektedir.<\/span><\/p>\n<p><span style=\"font-family: Roboto; font-size: 14px;\">Gana vize ba\u015fvurusunda bulunacak olan ki\u015filer vize ba\u015fvurular\u0131n\u0131 Gana\u2019n\u0131n T\u00fcrkiye\u2019deki diplomatik temsilciliklerine ve yetkilendirilmi\u015f seyahat acenteleri ve vize ba\u015fvuru merkezlerine yapabilir.<strong> Diplomatik Pasaport<\/strong> hamilleri hari\u00e7 herkes <strong>Gana vizesi<\/strong> almal\u0131d\u0131r. Gana\u2019n\u0131n <strong>kap\u0131da vize<\/strong> <strong>uygulamas\u0131<\/strong> ya da online vize ba\u015fvurusu bulunmamaktad\u0131r.<\/span><\/p>\n<p><span style=\"font-family: Roboto; font-size: 14px;\"><strong>Gana vize<\/strong> ba\u015fvurusunda bulunacak olan ki\u015filer <strong>Gana vize ba\u015fvuru formu<\/strong>\u00a0doldurmal\u0131d\u0131r. Bu form Gana\u2019n\u0131n resmi internet sitesi \u00fczerinden al\u0131nabilir. Formun doldurulmas\u0131 ile Gana vizesi i\u00e7in gerekli olan belgeler haz\u0131rlanmal\u0131d\u0131r. Bu belgeler Gana vize ba\u015fvurusu yap\u0131lacak yerlere teslim edilmelidir. Vize ba\u015fvurusu \u015fahsen temsilciliklere yap\u0131labilece\u011fi gibi seyahat acenteleri ile de yap\u0131labilmektedir.<\/span><\/p>\n<p><span style=\"font-family: Roboto; font-size: 14px;\">Belgeler teslim edildikten sonra incelemeye al\u0131n\u0131r. Vize ba\u015fvurular\u0131n\u0131 inceleme ve de\u011ferlendirme yetkisi <strong>Gana Ankara B\u00fcy\u00fckel\u00e7ili\u011fi<\/strong>\u2019ne aittir. Ba\u015fvurular ortalama olarak 10 g\u00fcn i\u00e7erisinde sonu\u00e7lanmaktad\u0131r.<\/span><\/p>\n<p><span style=\"font-family: Roboto; font-size: 14px;\"><strong>Gana vize ba\u015fvurusu<\/strong> i\u00e7in istenen evraklar\u0131n eksiksiz ve g\u00fcncel olmas\u0131 vize ba\u015fvurusunun olumlu sonu\u00e7lanabilmesi i\u00e7in \u00e7ok \u00f6nemlidir.<\/span><\/p>\n<p><strong><img loading=\"lazy\" decoding=\"async\" src=\"https:\/\/www.myvize.com.tr\/romanya\/wp-content\/uploads\/2021\/07\/aDOBE-LOGO-1.png\" width=\"75\" height=\"75\" \/><span style=\"font-family: Roboto;\">\u00a0\u00a0\u00a0Gana Vizesi Ba\u015fvuru Formunu\u00a0\u00a0<a href=\"https:\/\/www.myvize.com.tr\/gana\/wp-content\/uploads\/2021\/12\/gana-basvuru-formu.pdf\" target=\"_blank\" rel=\"noreferrer noopener\">(\u0130ndirmek \u0130\u00e7in T\u0131klay\u0131n\u0131z!!)<\/a><\/span><\/strong><\/p>\n","protected":false},"excerpt":{"rendered":"<p>Gana\u2019ya seyahat edecek olan T\u00fcrkiye Cumhuriyeti vatanda\u015flar\u0131 seyahatleri \u00f6ncesinde seyahat ama\u00e7lar\u0131na uygun olarak Gana vizesi almal\u0131d\u0131r. Gana vizesi ba\u015fvurular\u0131 Gana Ankara B\u00fcy\u00fckel\u00e7ili\u011fi, Gana Konsolosluklar\u0131 ve yetkilendirilmi\u015f vize ba\u015fvuru merkezlerine yap\u0131labilmektedir. Ayr\u0131ca vize ba\u015fvurular\u0131n\u0131z\u0131 bizzat yapman\u0131za gerek yoktur. Anla\u015fmal\u0131 acenteler arac\u0131l\u0131\u011f\u0131 ile de vize ba\u015fvurusu yap\u0131lmaktad\u0131r. Vize ba\u015fvurular\u0131n\u0131 de\u011ferlendirme yetkisi Gana Ankara B\u00fcy\u00fckel\u00e7ili\u011fine ve Gana \u0130stanbul<\/p>\n","protected":false},"author":1,"featured_media":0,"parent":0,"menu_order":0,"comment_status":"open","ping_status":"closed","template":"","meta":{"footnotes":""},"class_list":["post-355","page","type-page","status-publish","hentry"],"yoast_head":"<!-- This site is optimized with the Yoast SEO plugin v24.0 - https:\/\/yoast.com\/wordpress\/plugins\/seo\/ -->\n<title>Gana Vize Ba\u015fvurusu - MyVize Vize Ba\u015fvuru Merkezi<\/title>\n<meta name=\"description\" content=\"Gana Vize Ba\u015fvurusu Nas\u0131l Yap\u0131l\u0131r? Gana Vize Ba\u015fvurusu 2022 G\u00fcncel Bilgileri Nelerdir? Bilgi \u0130\u00e7in Vize Uzmanlar\u0131m\u0131z\u0131 Aray\u0131n: 0850 346 84 93\" \/>\n<meta name=\"robots\" content=\"index, follow, max-snippet:-1, max-image-preview:large, max-video-preview:-1\" \/>\n<link rel=\"canonical\" href=\"https:\/\/www.myvize.com.tr\/gana\/gana-vize-basvurusu\/\" \/>\n<meta property=\"og:locale\" content=\"tr_TR\" \/>\n<meta property=\"og:type\" content=\"article\" \/>\n<meta property=\"og:title\" content=\"Gana Vize Ba\u015fvurusu - MyVize Vize Ba\u015fvuru Merkezi\" \/>\n<meta property=\"og:description\" content=\"Gana Vize Ba\u015fvurusu Nas\u0131l Yap\u0131l\u0131r? Gana Vize Ba\u015fvurusu 2022 G\u00fcncel Bilgileri Nelerdir? Bilgi \u0130\u00e7in Vize Uzmanlar\u0131m\u0131z\u0131 Aray\u0131n: 0850 346 84 93\" \/>\n<meta property=\"og:url\" content=\"https:\/\/www.myvize.com.tr\/gana\/gana-vize-basvurusu\/\" \/>\n<meta property=\"og:site_name\" content=\"Gana Vizesi\" \/>\n<meta property=\"article:modified_time\" content=\"2022-05-06T13:20:43+00:00\" \/>\n<meta property=\"og:image\" content=\"https:\/\/www.myvize.com.tr\/gana\/wp-content\/uploads\/2021\/10\/56.jpg\" \/>\n<meta name=\"twitter:card\" content=\"summary_large_image\" \/>\n<meta name=\"twitter:label1\" content=\"Tahmini okuma s\u00fcresi\" \/>\n\t<meta name=\"twitter:data1\" content=\"4 dakika\" \/>\n<script type=\"application\/ld+json\" class=\"yoast-schema-graph\">{\"@context\":\"https:\/\/schema.org\",\"@graph\":[{\"@type\":\"WebPage\",\"@id\":\"https:\/\/www.myvize.com.tr\/gana\/gana-vize-basvurusu\/\",\"url\":\"https:\/\/www.myvize.com.tr\/gana\/gana-vize-basvurusu\/\",\"name\":\"Gana Vize Ba\u015fvurusu - MyVize Vize Ba\u015fvuru Merkezi\",\"isPartOf\":{\"@id\":\"https:\/\/www.myvize.com.tr\/gana\/#website\"},\"primaryImageOfPage\":{\"@id\":\"https:\/\/www.myvize.com.tr\/gana\/gana-vize-basvurusu\/#primaryimage\"},\"image\":{\"@id\":\"https:\/\/www.myvize.com.tr\/gana\/gana-vize-basvurusu\/#primaryimage\"},\"thumbnailUrl\":\"https:\/\/www.myvize.com.tr\/gana\/wp-content\/uploads\/2021\/10\/56.jpg\",\"datePublished\":\"2021-08-24T10:28:30+00:00\",\"dateModified\":\"2022-05-06T13:20:43+00:00\",\"description\":\"Gana Vize Ba\u015fvurusu Nas\u0131l Yap\u0131l\u0131r? Gana Vize Ba\u015fvurusu 2022 G\u00fcncel Bilgileri Nelerdir? Bilgi \u0130\u00e7in Vize Uzmanlar\u0131m\u0131z\u0131 Aray\u0131n: 0850 346 84 93\",\"breadcrumb\":{\"@id\":\"https:\/\/www.myvize.com.tr\/gana\/gana-vize-basvurusu\/#breadcrumb\"},\"inLanguage\":\"tr\",\"potentialAction\":[{\"@type\":\"ReadAction\",\"target\":[\"https:\/\/www.myvize.com.tr\/gana\/gana-vize-basvurusu\/\"]}]},{\"@type\":\"ImageObject\",\"inLanguage\":\"tr\",\"@id\":\"https:\/\/www.myvize.com.tr\/gana\/gana-vize-basvurusu\/#primaryimage\",\"url\":\"https:\/\/www.myvize.com.tr\/gana\/wp-content\/uploads\/2021\/10\/56.jpg\",\"contentUrl\":\"https:\/\/www.myvize.com.tr\/gana\/wp-content\/uploads\/2021\/10\/56.jpg\",\"width\":800,\"height\":500,\"caption\":\"Gana Vize Ba\u015fvurusu\"},{\"@type\":\"BreadcrumbList\",\"@id\":\"https:\/\/www.myvize.com.tr\/gana\/gana-vize-basvurusu\/#breadcrumb\",\"itemListElement\":[{\"@type\":\"ListItem\",\"position\":1,\"name\":\"Anasayfa\",\"item\":\"https:\/\/www.myvize.com.tr\/gana\/\"},{\"@type\":\"ListItem\",\"position\":2,\"name\":\"Gana Vize Ba\u015fvurusu\"}]},{\"@type\":\"WebSite\",\"@id\":\"https:\/\/www.myvize.com.tr\/gana\/#website\",\"url\":\"https:\/\/www.myvize.com.tr\/gana\/\",\"name\":\"Gana Vizesi\",\"description\":\"\",\"potentialAction\":[{\"@type\":\"SearchAction\",\"target\":{\"@type\":\"EntryPoint\",\"urlTemplate\":\"https:\/\/www.myvize.com.tr\/gana\/?s={search_term_string}\"},\"query-input\":{\"@type\":\"PropertyValueSpecification\",\"valueRequired\":true,\"valueName\":\"search_term_string\"}}],\"inLanguage\":\"tr\"}]}<\/script>\n<!-- \/ Yoast SEO plugin. -->","yoast_head_json":{"title":"Gana Vize Ba\u015fvurusu - MyVize Vize Ba\u015fvuru Merkezi","description":"Gana Vize Ba\u015fvurusu Nas\u0131l Yap\u0131l\u0131r? Gana Vize Ba\u015fvurusu 2022 G\u00fcncel Bilgileri Nelerdir? Bilgi \u0130\u00e7in Vize Uzmanlar\u0131m\u0131z\u0131 Aray\u0131n: 0850 346 84 93","robots":{"index":"index","follow":"follow","max-snippet":"max-snippet:-1","max-image-preview":"max-image-preview:large","max-video-preview":"max-video-preview:-1"},"canonical":"https:\/\/www.myvize.com.tr\/gana\/gana-vize-basvurusu\/","og_locale":"tr_TR","og_type":"article","og_title":"Gana Vize Ba\u015fvurusu - MyVize Vize Ba\u015fvuru Merkezi","og_description":"Gana Vize Ba\u015fvurusu Nas\u0131l Yap\u0131l\u0131r? Gana Vize Ba\u015fvurusu 2022 G\u00fcncel Bilgileri Nelerdir? Bilgi \u0130\u00e7in Vize Uzmanlar\u0131m\u0131z\u0131 Aray\u0131n: 0850 346 84 93","og_url":"https:\/\/www.myvize.com.tr\/gana\/gana-vize-basvurusu\/","og_site_name":"Gana Vizesi","article_modified_time":"2022-05-06T13:20:43+00:00","og_image":[{"url":"https:\/\/www.myvize.com.tr\/gana\/wp-content\/uploads\/2021\/10\/56.jpg","type":"","width":"","height":""}],"twitter_card":"summary_large_image","twitter_misc":{"Tahmini okuma s\u00fcresi":"4 dakika"},"schema":{"@context":"https:\/\/schema.org","@graph":[{"@type":"WebPage","@id":"https:\/\/www.myvize.com.tr\/gana\/gana-vize-basvurusu\/","url":"https:\/\/www.myvize.com.tr\/gana\/gana-vize-basvurusu\/","name":"Gana Vize Ba\u015fvurusu - MyVize Vize Ba\u015fvuru Merkezi","isPartOf":{"@id":"https:\/\/www.myvize.com.tr\/gana\/#website"},"primaryImageOfPage":{"@id":"https:\/\/www.myvize.com.tr\/gana\/gana-vize-basvurusu\/#primaryimage"},"image":{"@id":"https:\/\/www.myvize.com.tr\/gana\/gana-vize-basvurusu\/#primaryimage"},"thumbnailUrl":"https:\/\/www.myvize.com.tr\/gana\/wp-content\/uploads\/2021\/10\/56.jpg","datePublished":"2021-08-24T10:28:30+00:00","dateModified":"2022-05-06T13:20:43+00:00","description":"Gana Vize Ba\u015fvurusu Nas\u0131l Yap\u0131l\u0131r? Gana Vize Ba\u015fvurusu 2022 G\u00fcncel Bilgileri Nelerdir? Bilgi \u0130\u00e7in Vize Uzmanlar\u0131m\u0131z\u0131 Aray\u0131n: 0850 346 84 93","breadcrumb":{"@id":"https:\/\/www.myvize.com.tr\/gana\/gana-vize-basvurusu\/#breadcrumb"},"inLanguage":"tr","potentialAction":[{"@type":"ReadAction","target":["https:\/\/www.myvize.com.tr\/gana\/gana-vize-basvurusu\/"]}]},{"@type":"ImageObject","inLanguage":"tr","@id":"https:\/\/www.myvize.com.tr\/gana\/gana-vize-basvurusu\/#primaryimage","url":"https:\/\/www.myvize.com.tr\/gana\/wp-content\/uploads\/2021\/10\/56.jpg","contentUrl":"https:\/\/www.myvize.com.tr\/gana\/wp-content\/uploads\/2021\/10\/56.jpg","width":800,"height":500,"caption":"Gana Vize Ba\u015fvurusu"},{"@type":"BreadcrumbList","@id":"https:\/\/www.myvize.com.tr\/gana\/gana-vize-basvurusu\/#breadcrumb","itemListElement":[{"@type":"ListItem","position":1,"name":"Anasayfa","item":"https:\/\/www.myvize.com.tr\/gana\/"},{"@type":"ListItem","position":2,"name":"Gana Vize Ba\u015fvurusu"}]},{"@type":"WebSite","@id":"https:\/\/www.myvize.com.tr\/gana\/#website","url":"https:\/\/www.myvize.com.tr\/gana\/","name":"Gana Vizesi","description":"","potentialAction":[{"@type":"SearchAction","target":{"@type":"EntryPoint","urlTemplate":"https:\/\/www.myvize.com.tr\/gana\/?s={search_term_string}"},"query-input":{"@type":"PropertyValueSpecification","valueRequired":true,"valueName":"search_term_string"}}],"inLanguage":"tr"}]}},"_links":{"self":[{"href":"https:\/\/www.myvize.com.tr\/gana\/wp-json\/wp\/v2\/pages\/355","targetHints":{"allow":["GET"]}}],"collection":[{"href":"https:\/\/www.myvize.com.tr\/gana\/wp-json\/wp\/v2\/pages"}],"about":[{"href":"https:\/\/www.myvize.com.tr\/gana\/wp-json\/wp\/v2\/types\/page"}],"author":[{"embeddable":true,"href":"https:\/\/www.myvize.com.tr\/gana\/wp-json\/wp\/v2\/users\/1"}],"replies":[{"embeddable":true,"href":"https:\/\/www.myvize.com.tr\/gana\/wp-json\/wp\/v2\/comments?post=355"}],"version-history":[{"count":7,"href":"https:\/\/www.myvize.com.tr\/gana\/wp-json\/wp\/v2\/pages\/355\/revisions"}],"predecessor-version":[{"id":689,"href":"https:\/\/www.myvize.com.tr\/gana\/wp-json\/wp\/v2\/pages\/355\/revisions\/689"}],"wp:attachment":[{"href":"https:\/\/www.myvize.com.tr\/gana\/wp-json\/wp\/v2\/media?parent=355"}],"curies":[{"name":"wp","href":"https:\/\/api.w.org\/{rel}","templated":true}]}}