{"id":37,"date":"2020-11-30T12:45:46","date_gmt":"2020-11-30T09:45:46","guid":{"rendered":"https:\/\/www.myvize.com.tr\/gana\/?page_id=37"},"modified":"2022-05-06T16:13:27","modified_gmt":"2022-05-06T13:13:27","slug":"gana-aile-birlesimi-vizesi","status":"publish","type":"page","link":"https:\/\/www.myvize.com.tr\/gana\/vize-islemleri\/gana-aile-birlesimi-vizesi\/","title":{"rendered":"Gana Aile Birle\u015fimi Vizesi"},"content":{"rendered":"<p><span style=\"font-family: Roboto; font-size: 14px;\">Gana\u2019da bulunan aile \u00fcyesi ile birlikte ya\u015famak isteyen ki\u015filer <strong>Gana aile birle\u015fimi vizesi<\/strong> almal\u0131d\u0131r. Gana aile birle\u015fimi vizesi sadece birinci dereceden akrabalar ve e\u015f i\u00e7in verilmektedir. Birinci derece akrabalar anne, baba, \u00e7ocuktur. Bunun d\u0131\u015f\u0131nda kalan akrabalar i\u00e7in ise \u00f6zel durumlar olmal\u0131d\u0131r. Yani Gana\u2019da bulunan aile \u00fcyesinin kendisine bakamayacak durumda olmas\u0131 gerekmektedir.<\/span><\/p>\n<p><span style=\"font-family: Roboto; font-size: 14px;\"><strong>Gana aile birle\u015fimi vizesi<\/strong> i\u00e7in Gana\u2019da bulunan aile \u00fcyesinin Gana vatanda\u015fl\u0131\u011f\u0131 ya da Gana\u2019da oturum izni olmal\u0131d\u0131r. Gana\u2019da bulunan aile \u00fcyesinden <strong>vize ba\u015fvurusu<\/strong> s\u0131ras\u0131nda davet mektubu al\u0131nmal\u0131 ve gerekli belgeler aras\u0131nda koyulmal\u0131d\u0131r. <a href=\"https:\/\/www.myvize.com.tr\/gana\/vize-islemleri\/gana-vizesi\/\" target=\"_blank\" rel=\"noopener\"><span style=\"color: #2acec2;\"><strong>Gana vizesi<\/strong> <\/span><\/a>ba\u015fvurular\u0131 Gana Ankara B\u00fcy\u00fckel\u00e7ili\u011fi\u2019ne, Gana \u0130stanbul Ba\u015fkonsoloslu\u011fu\u2019na ve <span style=\"color: #2acec2;\"><strong><a style=\"color: #2acec2;\" href=\"https:\/\/www.myvize.com.tr\/gana\/gana-vize-basvurusu\/\" target=\"_blank\" rel=\"noopener\">Gana vize ba\u015fvurusu<\/a><\/strong><\/span> merkezlerine yap\u0131lmaktad\u0131r. Ayr\u0131ca ba\u015fvurular\u0131n\u0131z\u0131 seyahat acenteleri arac\u0131l\u0131\u011f\u0131 ile de yapabilirsiniz.<\/span><\/p>\n<p><span style=\"font-family: Roboto; font-size: 14px;\"><strong>Gana aile birle\u015fimi vizesi<\/strong> i\u00e7in gerekli belgeler;<\/span><\/p>\n<ul>\n<li><span style=\"font-family: Roboto; font-size: 14px;\">Pasaport<\/span><\/li>\n<li><a href=\"https:\/\/www.myvize.com.tr\/gana\/vize-islemleri\/gana-vize-basvuru-formu\/\" target=\"_blank\" rel=\"noopener\"><span style=\"color: #2acec2;\"><strong><span style=\"font-family: Roboto; font-size: 14px;\">Gana Vize ba\u015fvuru formu<\/span><\/strong><\/span><\/a><\/li>\n<li><span style=\"font-family: Roboto; font-size: 14px;\">Kimlik fotokopisi<\/span><\/li>\n<li><span style=\"font-family: Roboto; font-size: 14px;\">Davet mektubu<\/span><\/li>\n<li><span style=\"font-family: Roboto; font-size: 14px;\">Akrabal\u0131\u011f\u0131 kan\u0131tlayan belgeler<\/span><\/li>\n<li><span style=\"font-family: Roboto; font-size: 14px;\">Vize \u00fccreti<\/span><\/li>\n<li><span style=\"font-family: Roboto; font-size: 14px;\">Seyahat sa\u011fl\u0131k sigortas\u0131<\/span><\/li>\n<li><span style=\"font-family: Roboto; font-size: 14px;\">Adli sicil kayd\u0131<\/span><\/li>\n<li><span style=\"font-family: Roboto; font-size: 14px;\">Tam vukuatl\u0131 n\u00fcfus kay\u0131t \u00f6rne\u011fi<\/span><\/li>\n<li><span style=\"font-family: Roboto; font-size: 14px;\">Konaklama bilgileri<\/span><\/li>\n<li><span style=\"font-family: Roboto; font-size: 14px;\">U\u00e7u\u015f bilgileri<\/span><\/li>\n<li><span style=\"font-family: Roboto; font-size: 14px;\">Banka hesap d\u00f6k\u00fcm\u00fc<\/span><\/li>\n<li><span style=\"font-family: Roboto; font-size: 14px;\">Var ise di\u011fer ek gelirleri g\u00f6steren belgeler<\/span><\/li>\n<li><span style=\"font-family: Roboto; font-size: 14px;\">Var ise tapu, ara\u00e7 ruhsat\u0131 fotokopileri<\/span><\/li>\n<\/ul>\n<p><img decoding=\"async\" src=\"https:\/\/www.myvize.com.tr\/gana\/wp-content\/uploads\/2021\/10\/49.jpg\" \/><\/p>\n<h2><span style=\"font-family: Roboto; font-size: 27px;\"><b>Gana Aile Birle\u015fimi<\/b><\/span><\/h2>\n<p><span style=\"font-family: Roboto; font-size: 14px;\">Gana aile birle\u015fimi\u00a0<strong>Gana vizesi<\/strong>\u00a0almak isteyen ki\u015finin, \u00f6ncelikle Gana Cumhuriyeti\u2019nde oturum hakk\u0131 olan e\u015f veya akrabalar\u0131n\u0131n, <strong>T\u00fcrkiye Cumhuriyeti vatanda\u015flar\u0131n\u0131<\/strong> konuk veya davet etmesi gerekmektedir. B\u00f6yle durumlarda davet eden ki\u015fi a\u00e7\u0131k adres ve telefon bilgisi beyan\u0131 belirtilmi\u015f \u015fekilde, bir davet mektubu ile sponsorluk i\u015flemini tamamlayabilmektedir. Bu kapsamda davetiye ile beraber gerekli evraklar haz\u0131rlanarak, belirli \u015fehirlerde bulunan Gana konsolosluklar\u0131ndan\u00a0<strong>Gana vize i\u015flemleri<\/strong>\u00a0ger\u00e7ekle\u015ftirilebilir.<\/span><\/p>\n<p><span style=\"font-family: Roboto; font-size: 14px;\">\u00d6zellikle<strong>\u00a0Gana vize<\/strong>\u00a0evraklar\u0131nda ki\u015filerden;<\/span><\/p>\n<ul>\n<li><span style=\"font-family: Roboto; font-size: 14px;\">Pasaport fotokopisi<\/span><\/li>\n<li><span style=\"font-family: Roboto; font-size: 14px;\">Vatanda\u015fl\u0131k izin belgesi<\/span><\/li>\n<li><span style=\"font-family: Roboto; font-size: 14px;\">Yolculuk d\u00f6n\u00fc\u015f biletleri<\/span><\/li>\n<li><span style=\"font-family: Roboto; font-size: 14px;\">N\u00fcfus c\u00fczdan\u0131 fotokopisi<\/span><\/li>\n<li><span style=\"font-family: Roboto; font-size: 14px;\">Biyometrik iki adet foto\u011fraf<\/span><\/li>\n<li><span style=\"font-family: Roboto; font-size: 14px;\">Davetiye ile seyahat edecek olan ki\u015finin Gana\u2019dan g\u00f6nderilmi\u015f belge sahibi i\u00e7in yeterli maddi deste\u011fe sahip oldu\u011funu g\u00f6steren belge<\/span><\/li>\n<li><span style=\"font-family: Roboto; font-size: 14px;\"><strong>Gana vize \u00fccreti<\/strong>\u00a0dekontu istenmektedir.<\/span><\/li>\n<\/ul>\n<p><span style=\"font-family: Roboto; font-size: 14px;\">Genellikle\u00a0<strong>Gana vize \u00fccreti<\/strong>\u00a0dekontu bankalardan al\u0131n\u0131r. Aile bireyinin yan\u0131na ta\u015f\u0131nmak isteyen ba\u015fvuru sahibi, aile birle\u015fimi esnas\u0131nda herhangi bir sosyal hizmete ba\u011fl\u0131 olmadan, ayn\u0131 zamanda ta\u015f\u0131nacak ki\u015fiye de bakabilece\u011fi \u00f6l\u00e7\u00fcde yeterli gelir d\u00fczeyinde olmas\u0131 gerekmektedir. Kalaca\u011f\u0131 evdeki ki\u015filerin kimlikleri detayl\u0131 bir \u015fekilde a\u00e7\u0131klanmal\u0131d\u0131r. T\u00fcm s\u00fcre\u00e7 sonras\u0131nda konsolosluktan\u00a0ba\u015fvuru yapan ki\u015fiye, mail ya da kurye yoluyla sonu\u00e7 bildirilmektedir. Bu s\u00fcre\u00e7 konsoloslu\u011fun yo\u011funlu\u011funa ba\u011fl\u0131 olarak, 5 ile 15 g\u00fcn aras\u0131nda de\u011fi\u015febilir.<\/span><\/p>\n<h2><span style=\"font-family: Roboto; font-size: 27px;\"><strong>Gana Aile Birle\u015fimi Vizesi Nas\u0131l Al\u0131n\u0131r?<\/strong><\/span><\/h2>\n<p><span style=\"font-family: Roboto; font-size: 14px;\"><strong>Gana Aile Birle\u015fimi Vizesi nas\u0131l al\u0131n\u0131r <\/strong>i\u00e7in \u00f6ncelikle Gana Cumhuriyeti\u2019nde yerle\u015fik halde bulunan yani oturma hakk\u0131na sahip olan e\u015f ya da akrabalar\u0131n ki\u015fileri konuk etmeleri ya da davet etmeleri gerekir. Bu sayede davet eden ki\u015finin a\u00e7\u0131k adresi ve telefon bilgisinin de beyan edilmi\u015f olarak davet mektubu sayesinde sponsorluk i\u015flemi ger\u00e7ekle\u015ftirilir. Ancak bu davetiye tek ba\u015f\u0131na yeterli de\u011fildir. Ayn\u0131 zamanda haz\u0131rlanmas\u0131 gereken baz\u0131 evraklarda vard\u0131r. Bu evraklar\u0131nda haz\u0131rlanarak konsoloslu\u011fa iletilmesi gerekir. Gerekli olan evraklar; evlilik belgesi,<strong> T\u00fcrkiye Cumhuriyeti vatanda\u015f\u0131<\/strong> oldu\u011funu g\u00f6steren belgenin hem asl\u0131 hem de fotokopisi,\u00a0 son 1 y\u0131l i\u00e7inde ge\u00e7erli olan pasaportun fotokopisi, 2 tane<strong> Gana vize ba\u015fvuru formu<\/strong> ve fotokopisi, son 3 ay i\u00e7erisinde \u00e7ektirilmi\u015f olan biyometrik foto\u011fraf, hem gidi\u015f hem de d\u00f6n\u00fc\u015f tarihini belirten ula\u015f\u0131m bileti, kimli\u011fin fotokopisi, eksiksiz bir \u015fekilde doldurulmu\u015f olan <strong>vize ba\u015fvuru formu<\/strong>,\u00a0 davetiye g\u00f6ndermi\u015f olan ki\u015finin davet etti\u011fi ki\u015fiyi maddi olarak destekleyece\u011fini g\u00f6steren belge, bankadan al\u0131nm\u0131\u015f olan har\u00e7 dekontudur.\u00a0<\/span><\/p>\n","protected":false},"excerpt":{"rendered":"<p>Gana\u2019da bulunan aile \u00fcyesi ile birlikte ya\u015famak isteyen ki\u015filer Gana aile birle\u015fimi vizesi almal\u0131d\u0131r. Gana aile birle\u015fimi vizesi sadece birinci dereceden akrabalar ve e\u015f i\u00e7in verilmektedir. Birinci derece akrabalar anne, baba, \u00e7ocuktur. Bunun d\u0131\u015f\u0131nda kalan akrabalar i\u00e7in ise \u00f6zel durumlar olmal\u0131d\u0131r. Yani Gana\u2019da bulunan aile \u00fcyesinin kendisine bakamayacak durumda olmas\u0131 gerekmektedir. Gana aile birle\u015fimi vizesi<\/p>\n","protected":false},"author":1,"featured_media":0,"parent":18,"menu_order":0,"comment_status":"open","ping_status":"closed","template":"","meta":{"footnotes":""},"class_list":["post-37","page","type-page","status-publish","hentry"],"yoast_head":"<!-- This site is optimized with the Yoast SEO plugin v24.0 - https:\/\/yoast.com\/wordpress\/plugins\/seo\/ -->\n<title>Gana Aile Birle\u015fimi Vizesi - Vize Ba\u015fvurusu - MyVize<\/title>\n<meta name=\"description\" content=\"Gana aile birle\u015fimi vizesi evraklar\u0131. Gana aile birle\u015fimi vizesi i\u00e7in neler gerekli, \u015fartlar\u0131 neler? Gana aile birle\u015fimi vizesi nas\u0131l al\u0131n\u0131r?\" \/>\n<meta name=\"robots\" content=\"index, follow, max-snippet:-1, max-image-preview:large, max-video-preview:-1\" \/>\n<link rel=\"canonical\" href=\"https:\/\/www.myvize.com.tr\/gana\/vize-islemleri\/gana-aile-birlesimi-vizesi\/\" \/>\n<meta property=\"og:locale\" content=\"tr_TR\" \/>\n<meta property=\"og:type\" content=\"article\" \/>\n<meta property=\"og:title\" content=\"Gana Aile Birle\u015fimi Vizesi - Vize Ba\u015fvurusu - MyVize\" \/>\n<meta property=\"og:description\" content=\"Gana aile birle\u015fimi vizesi evraklar\u0131. Gana aile birle\u015fimi vizesi i\u00e7in neler gerekli, \u015fartlar\u0131 neler? Gana aile birle\u015fimi vizesi nas\u0131l al\u0131n\u0131r?\" \/>\n<meta property=\"og:url\" content=\"https:\/\/www.myvize.com.tr\/gana\/vize-islemleri\/gana-aile-birlesimi-vizesi\/\" \/>\n<meta property=\"og:site_name\" content=\"Gana Vizesi\" \/>\n<meta property=\"article:modified_time\" content=\"2022-05-06T13:13:27+00:00\" \/>\n<meta property=\"og:image\" content=\"https:\/\/www.myvize.com.tr\/gana\/wp-content\/uploads\/2021\/10\/49.jpg\" \/>\n<meta name=\"twitter:card\" content=\"summary_large_image\" \/>\n<meta name=\"twitter:label1\" content=\"Tahmini okuma s\u00fcresi\" \/>\n\t<meta name=\"twitter:data1\" content=\"3 dakika\" \/>\n<script type=\"application\/ld+json\" class=\"yoast-schema-graph\">{\"@context\":\"https:\/\/schema.org\",\"@graph\":[{\"@type\":\"WebPage\",\"@id\":\"https:\/\/www.myvize.com.tr\/gana\/vize-islemleri\/gana-aile-birlesimi-vizesi\/\",\"url\":\"https:\/\/www.myvize.com.tr\/gana\/vize-islemleri\/gana-aile-birlesimi-vizesi\/\",\"name\":\"Gana Aile Birle\u015fimi Vizesi - Vize Ba\u015fvurusu - MyVize\",\"isPartOf\":{\"@id\":\"https:\/\/www.myvize.com.tr\/gana\/#website\"},\"primaryImageOfPage\":{\"@id\":\"https:\/\/www.myvize.com.tr\/gana\/vize-islemleri\/gana-aile-birlesimi-vizesi\/#primaryimage\"},\"image\":{\"@id\":\"https:\/\/www.myvize.com.tr\/gana\/vize-islemleri\/gana-aile-birlesimi-vizesi\/#primaryimage\"},\"thumbnailUrl\":\"https:\/\/www.myvize.com.tr\/gana\/wp-content\/uploads\/2021\/10\/49.jpg\",\"datePublished\":\"2020-11-30T09:45:46+00:00\",\"dateModified\":\"2022-05-06T13:13:27+00:00\",\"description\":\"Gana aile birle\u015fimi vizesi evraklar\u0131. Gana aile birle\u015fimi vizesi i\u00e7in neler gerekli, \u015fartlar\u0131 neler? Gana aile birle\u015fimi vizesi nas\u0131l al\u0131n\u0131r?\",\"breadcrumb\":{\"@id\":\"https:\/\/www.myvize.com.tr\/gana\/vize-islemleri\/gana-aile-birlesimi-vizesi\/#breadcrumb\"},\"inLanguage\":\"tr\",\"potentialAction\":[{\"@type\":\"ReadAction\",\"target\":[\"https:\/\/www.myvize.com.tr\/gana\/vize-islemleri\/gana-aile-birlesimi-vizesi\/\"]}]},{\"@type\":\"ImageObject\",\"inLanguage\":\"tr\",\"@id\":\"https:\/\/www.myvize.com.tr\/gana\/vize-islemleri\/gana-aile-birlesimi-vizesi\/#primaryimage\",\"url\":\"https:\/\/www.myvize.com.tr\/gana\/wp-content\/uploads\/2021\/10\/49.jpg\",\"contentUrl\":\"https:\/\/www.myvize.com.tr\/gana\/wp-content\/uploads\/2021\/10\/49.jpg\",\"width\":800,\"height\":500,\"caption\":\"Gana Aile Birle\u015fimi Vizesi\"},{\"@type\":\"BreadcrumbList\",\"@id\":\"https:\/\/www.myvize.com.tr\/gana\/vize-islemleri\/gana-aile-birlesimi-vizesi\/#breadcrumb\",\"itemListElement\":[{\"@type\":\"ListItem\",\"position\":1,\"name\":\"Anasayfa\",\"item\":\"https:\/\/www.myvize.com.tr\/gana\/\"},{\"@type\":\"ListItem\",\"position\":2,\"name\":\"V\u0130ZE \u0130\u015eLEMLER\u0130\",\"item\":\"https:\/\/www.myvize.com.tr\/gana\/vize-islemleri\/\"},{\"@type\":\"ListItem\",\"position\":3,\"name\":\"Gana Aile Birle\u015fimi Vizesi\"}]},{\"@type\":\"WebSite\",\"@id\":\"https:\/\/www.myvize.com.tr\/gana\/#website\",\"url\":\"https:\/\/www.myvize.com.tr\/gana\/\",\"name\":\"Gana Vizesi\",\"description\":\"\",\"potentialAction\":[{\"@type\":\"SearchAction\",\"target\":{\"@type\":\"EntryPoint\",\"urlTemplate\":\"https:\/\/www.myvize.com.tr\/gana\/?s={search_term_string}\"},\"query-input\":{\"@type\":\"PropertyValueSpecification\",\"valueRequired\":true,\"valueName\":\"search_term_string\"}}],\"inLanguage\":\"tr\"}]}<\/script>\n<!-- \/ Yoast SEO plugin. -->","yoast_head_json":{"title":"Gana Aile Birle\u015fimi Vizesi - Vize Ba\u015fvurusu - MyVize","description":"Gana aile birle\u015fimi vizesi evraklar\u0131. Gana aile birle\u015fimi vizesi i\u00e7in neler gerekli, \u015fartlar\u0131 neler? Gana aile birle\u015fimi vizesi nas\u0131l al\u0131n\u0131r?","robots":{"index":"index","follow":"follow","max-snippet":"max-snippet:-1","max-image-preview":"max-image-preview:large","max-video-preview":"max-video-preview:-1"},"canonical":"https:\/\/www.myvize.com.tr\/gana\/vize-islemleri\/gana-aile-birlesimi-vizesi\/","og_locale":"tr_TR","og_type":"article","og_title":"Gana Aile Birle\u015fimi Vizesi - Vize Ba\u015fvurusu - MyVize","og_description":"Gana aile birle\u015fimi vizesi evraklar\u0131. Gana aile birle\u015fimi vizesi i\u00e7in neler gerekli, \u015fartlar\u0131 neler? Gana aile birle\u015fimi vizesi nas\u0131l al\u0131n\u0131r?","og_url":"https:\/\/www.myvize.com.tr\/gana\/vize-islemleri\/gana-aile-birlesimi-vizesi\/","og_site_name":"Gana Vizesi","article_modified_time":"2022-05-06T13:13:27+00:00","og_image":[{"url":"https:\/\/www.myvize.com.tr\/gana\/wp-content\/uploads\/2021\/10\/49.jpg","type":"","width":"","height":""}],"twitter_card":"summary_large_image","twitter_misc":{"Tahmini okuma s\u00fcresi":"3 dakika"},"schema":{"@context":"https:\/\/schema.org","@graph":[{"@type":"WebPage","@id":"https:\/\/www.myvize.com.tr\/gana\/vize-islemleri\/gana-aile-birlesimi-vizesi\/","url":"https:\/\/www.myvize.com.tr\/gana\/vize-islemleri\/gana-aile-birlesimi-vizesi\/","name":"Gana Aile Birle\u015fimi Vizesi - Vize Ba\u015fvurusu - MyVize","isPartOf":{"@id":"https:\/\/www.myvize.com.tr\/gana\/#website"},"primaryImageOfPage":{"@id":"https:\/\/www.myvize.com.tr\/gana\/vize-islemleri\/gana-aile-birlesimi-vizesi\/#primaryimage"},"image":{"@id":"https:\/\/www.myvize.com.tr\/gana\/vize-islemleri\/gana-aile-birlesimi-vizesi\/#primaryimage"},"thumbnailUrl":"https:\/\/www.myvize.com.tr\/gana\/wp-content\/uploads\/2021\/10\/49.jpg","datePublished":"2020-11-30T09:45:46+00:00","dateModified":"2022-05-06T13:13:27+00:00","description":"Gana aile birle\u015fimi vizesi evraklar\u0131. Gana aile birle\u015fimi vizesi i\u00e7in neler gerekli, \u015fartlar\u0131 neler? Gana aile birle\u015fimi vizesi nas\u0131l al\u0131n\u0131r?","breadcrumb":{"@id":"https:\/\/www.myvize.com.tr\/gana\/vize-islemleri\/gana-aile-birlesimi-vizesi\/#breadcrumb"},"inLanguage":"tr","potentialAction":[{"@type":"ReadAction","target":["https:\/\/www.myvize.com.tr\/gana\/vize-islemleri\/gana-aile-birlesimi-vizesi\/"]}]},{"@type":"ImageObject","inLanguage":"tr","@id":"https:\/\/www.myvize.com.tr\/gana\/vize-islemleri\/gana-aile-birlesimi-vizesi\/#primaryimage","url":"https:\/\/www.myvize.com.tr\/gana\/wp-content\/uploads\/2021\/10\/49.jpg","contentUrl":"https:\/\/www.myvize.com.tr\/gana\/wp-content\/uploads\/2021\/10\/49.jpg","width":800,"height":500,"caption":"Gana Aile Birle\u015fimi Vizesi"},{"@type":"BreadcrumbList","@id":"https:\/\/www.myvize.com.tr\/gana\/vize-islemleri\/gana-aile-birlesimi-vizesi\/#breadcrumb","itemListElement":[{"@type":"ListItem","position":1,"name":"Anasayfa","item":"https:\/\/www.myvize.com.tr\/gana\/"},{"@type":"ListItem","position":2,"name":"V\u0130ZE \u0130\u015eLEMLER\u0130","item":"https:\/\/www.myvize.com.tr\/gana\/vize-islemleri\/"},{"@type":"ListItem","position":3,"name":"Gana Aile Birle\u015fimi Vizesi"}]},{"@type":"WebSite","@id":"https:\/\/www.myvize.com.tr\/gana\/#website","url":"https:\/\/www.myvize.com.tr\/gana\/","name":"Gana Vizesi","description":"","potentialAction":[{"@type":"SearchAction","target":{"@type":"EntryPoint","urlTemplate":"https:\/\/www.myvize.com.tr\/gana\/?s={search_term_string}"},"query-input":{"@type":"PropertyValueSpecification","valueRequired":true,"valueName":"search_term_string"}}],"inLanguage":"tr"}]}},"_links":{"self":[{"href":"https:\/\/www.myvize.com.tr\/gana\/wp-json\/wp\/v2\/pages\/37","targetHints":{"allow":["GET"]}}],"collection":[{"href":"https:\/\/www.myvize.com.tr\/gana\/wp-json\/wp\/v2\/pages"}],"about":[{"href":"https:\/\/www.myvize.com.tr\/gana\/wp-json\/wp\/v2\/types\/page"}],"author":[{"embeddable":true,"href":"https:\/\/www.myvize.com.tr\/gana\/wp-json\/wp\/v2\/users\/1"}],"replies":[{"embeddable":true,"href":"https:\/\/www.myvize.com.tr\/gana\/wp-json\/wp\/v2\/comments?post=37"}],"version-history":[{"count":8,"href":"https:\/\/www.myvize.com.tr\/gana\/wp-json\/wp\/v2\/pages\/37\/revisions"}],"predecessor-version":[{"id":683,"href":"https:\/\/www.myvize.com.tr\/gana\/wp-json\/wp\/v2\/pages\/37\/revisions\/683"}],"up":[{"embeddable":true,"href":"https:\/\/www.myvize.com.tr\/gana\/wp-json\/wp\/v2\/pages\/18"}],"wp:attachment":[{"href":"https:\/\/www.myvize.com.tr\/gana\/wp-json\/wp\/v2\/media?parent=37"}],"curies":[{"name":"wp","href":"https:\/\/api.w.org\/{rel}","templated":true}]}}