{"id":39,"date":"2020-11-30T12:46:14","date_gmt":"2020-11-30T09:46:14","guid":{"rendered":"https:\/\/www.myvize.com.tr\/gana\/?page_id=39"},"modified":"2022-05-06T16:14:50","modified_gmt":"2022-05-06T13:14:50","slug":"gana-vize-randevusu","status":"publish","type":"page","link":"https:\/\/www.myvize.com.tr\/gana\/vize-islemleri\/gana-vize-randevusu\/","title":{"rendered":"Gana Vize Randevusu"},"content":{"rendered":"<p><span style=\"font-family: Roboto; font-size: 14px;\">Gana vize randevusu,\u00a0<span style=\"color: #2acec2;\"><strong><a style=\"color: #2acec2;\" href=\"https:\/\/www.myvize.com.tr\/gana\/vize-islemleri\/gana-vizesi\/\" target=\"_blank\" rel=\"noopener\">Gana vizesi<\/a><\/strong><\/span>\u00a0almak i\u00e7in ba\u015fvuracak olan ki\u015filerin parmak izlerinin al\u0131nmas\u0131 ve biyometrik i\u015flemlerinin tamamlanmas\u0131 i\u00e7in Gana Ankara B\u00fcy\u00fckel\u00e7ili\u011fi taraf\u0131ndan y\u00fcr\u00fct\u00fclen bir prosed\u00fcrd\u00fcr.\u00a0<strong>Gana vize randevusu<\/strong>\u00a0almadan \u00f6nce Gana vize ba\u015fvuru formunu eksiksizce doldurman\u0131z gerekmektedir.\u00a0<strong>Gana vizesi<\/strong>\u00a0almak i\u00e7in yapaca\u011f\u0131n\u0131z ba\u015fvurularda pasaportunuzun ge\u00e7erlilik s\u00fcresi en az 6 ay olmal\u0131d\u0131r. <span style=\"color: #2acec2;\"><strong><a style=\"color: #2acec2;\" href=\"https:\/\/www.myvize.com.tr\/gana\/vize-islemleri\/gana-vize-basvuru-formu\/\" target=\"_blank\" rel=\"noopener\">Gana vize ba\u015fvuru formu<\/a><\/strong><\/span>, Gana Ankara B\u00fcy\u00fckel\u00e7ili\u011finin haz\u0131rlam\u0131\u015f oldu\u011fu bir formdur. Bu form, <strong>Gana vizesi<\/strong> almak isteyenler taraf\u0131ndan do\u011fru ve g\u00fcncel beyanlarla doldurulmal\u0131d\u0131r. Gana vize randevusu almak istiyorsan\u0131z \u00f6ncelikle Gana vize ba\u015fvuru formunu doldurman\u0131z, ard\u0131ndan Gana vize ba\u015fvuru \u00fccretini yat\u0131rman\u0131z gerekmektedir. Gana vize ba\u015fvuru \u00fccretini yat\u0131rd\u0131ktan sonra Ankara Gana B\u00fcy\u00fckel\u00e7ili\u011finden randevunuzu alabilirsiniz.<\/span><\/p>\n<h2><span style=\"font-family: Roboto; font-size: 27px;\"><strong>Gana Vize Randevusu Nas\u0131l Al\u0131n\u0131r?<\/strong><\/span><\/h2>\n<p><span style=\"font-family: Roboto; font-size: 14px;\">Gana vize randevusu almak i\u00e7in vize dan\u0131\u015fmanl\u0131k \u015firketlerine ve acentelere ba\u015fvurabilir, i\u015flemlerinizi daha kolay ve h\u0131zl\u0131 tamamlayabilirsiniz.\u00a0<strong>Gana vize randevusu<\/strong>\u00a0almadan \u00f6nce Gana vize tipini belirlemeniz gerekmektedir.\u00a0<strong>Gana vize randevusu<\/strong>\u00a0almak i\u00e7in Gana Ankara B\u00fcy\u00fckel\u00e7ili\u011finden temin edece\u011finiz Gana vize ba\u015fvuru formunun eksiksiz ve do\u011fru beyanlarla doldurulmas\u0131 gerekmektedir. <strong>Gana vize randevusu<\/strong> almak i\u00e7in Gana Ankara B\u00fcy\u00fckel\u00e7ili\u011fini 09:00 \u2013 17:00 saatleri aras\u0131nda telefonla araman\u0131z gerekmektedir.\u00a0<strong>Gana vize randevusu<\/strong>\u00a0almak i\u00e7in Gana Ankara B\u00fcy\u00fckel\u00e7ili\u011fini aramadan \u00f6nce Gana vize ba\u015fvuru \u00fccretini yat\u0131rman\u0131z gerekmektedir. Gana vize randevu tarihi ve saatinde Gana Ankara B\u00fcy\u00fckel\u00e7ili\u011finin vize randevu merkezinde haz\u0131r olmal\u0131s\u0131n\u0131z. Randevunuza giderken t\u00fcm belge ve evraklar\u0131n\u0131z\u0131 yan\u0131n\u0131za almay\u0131 unutmay\u0131n\u0131z.<\/span><\/p>\n<p><img decoding=\"async\" src=\"https:\/\/www.myvize.com.tr\/gana\/wp-content\/uploads\/2021\/10\/50.jpg\" \/><\/p>\n<h2><strong><span style=\"font-family: Roboto; font-size: 27px;\">Gana Vize Randevusu Al\u0131rken Dikkat Edilmesi Gerekenler<\/span><\/strong><\/h2>\n<p><span style=\"font-family: Roboto; font-size: 14px;\"><strong>Gana vize ba\u015fvurusu<\/strong> yaparken ba\u015fvuru yapaca\u011f\u0131n\u0131z kurumdan ya da temsilcilikten randevu almal\u0131s\u0131n\u0131z. Bunun nedeni ba\u015fvuru s\u0131ras\u0131nda herhangi bir aksakl\u0131k ya da kar\u0131\u015f\u0131kl\u0131k ya\u015fanamamas\u0131d\u0131r. <strong>Gana vize ba\u015fvurusu<\/strong> yapabilece\u011finiz yerler Gana Ankara B\u00fcy\u00fckel\u00e7ili\u011fi, Gana \u0130stanbul Ba\u015fkonsoloslu\u011fu ve Gana vize ba\u015fvuru merkezleridir.<\/span><\/p>\n<p><span style=\"font-family: Roboto; font-size: 14px;\"><strong>Vize ba\u015fvurusu<\/strong> s\u0131ras\u0131nda bizzat <span style=\"color: #2acec2;\"><strong><a style=\"color: #2acec2;\" href=\"https:\/\/www.myvize.com.tr\/gana\/gana-vize-basvurusu\/\" target=\"_blank\" rel=\"noopener\">Gana vize ba\u015fvurusu<\/a><\/strong><\/span> yapaca\u011f\u0131n\u0131z yerde olman\u0131za gerek yoktur. Vize ba\u015fvurular\u0131n\u0131 sizin yerinize seyahat acenteleri ya da atad\u0131\u011f\u0131n\u0131z bir vekil yapabilir. Burada \u00f6nemli olan gerekli belgelerin ula\u015ft\u0131r\u0131lmas\u0131 ve seyahat \u00fccretlerinin \u00f6denmesidir. Ancak vize ba\u015fvurunuzu bizzat yapacaksan\u0131z randevu almal\u0131 ve randevu g\u00fcn\u00fcnde <strong>vize ba\u015fvurusu<\/strong> yapaca\u011f\u0131n\u0131z yerde olmal\u0131s\u0131n\u0131z. Bunun nedeni gerekli evraklar\u0131n teslim edilmesidir.<\/span><\/p>\n<p><span style=\"font-family: Roboto; font-size: 14px;\">Vize randevusunu ka\u00e7\u0131rmamak i\u00e7in ya da ge\u00e7 kalmamak i\u00e7in size en uygun zamanda almal\u0131s\u0131n\u0131z. Randevular genellikle 3 g\u00fcn sonraya verilmektedir. Ancak bu s\u00fcre<strong> vize ba\u015fvuru<\/strong> yo\u011funlu\u011funa g\u00f6re farkl\u0131l\u0131k g\u00f6sterebilir. Randevusuz i\u015flem yap\u0131lmad\u0131\u011f\u0131n\u0131 unutmamal\u0131s\u0131n\u0131z. Randevunuzu ka\u00e7\u0131r\u0131rsan\u0131z tekrardan randevu almal\u0131 ve vize ba\u015fvurusunda bulunmal\u0131s\u0131n\u0131z. Vize ba\u015fvurular\u0131n\u0131z\u0131 seyahatinizden ortalama olarak 30 g\u00fcn \u00f6nce yapman\u0131z tavsiye edilmektedir.<\/span><\/p>\n<h2><span style=\"font-family: Roboto; font-size: 27px;\"><strong>Gana Vize Randevusu Nas\u0131l Al\u0131n\u0131r?<\/strong><\/span><\/h2>\n<p><span style=\"font-family: Roboto; font-size: 14px;\"><strong>Gana Vize Randevusu nas\u0131l al\u0131n\u0131r\u00a0<\/strong>sorusunun cevab\u0131 i\u00e7in \u00f6ncelikle B\u00fcy\u00fckel\u00e7ilikten ya da konsolosluktan randevu al\u0131nmas\u0131 gerekir. <strong>Gana vize ba\u015fvuru<\/strong> i\u015flemini yerine getirecek olan ki\u015filerin parmak izi uygulamas\u0131n\u0131 yapmalar\u0131na gerek yoktur. <strong>Gana vizesi<\/strong> alabilmek i\u00e7in gerekli olan evraklar\u0131n eksiksiz bir \u015fekilde tamamlanmas\u0131 ve anla\u015fmal\u0131 olan kargo firmas\u0131 ile ki\u015filere g\u00f6nderilmesi gerekir. <strong>Vize i\u015flemlerine<\/strong> ba\u015flamadan \u00f6nce ki\u015finin hangi vizeyi alaca\u011f\u0131na, ne i\u00e7in gidece\u011fine ve ka\u00e7 g\u00fcnl\u00fck oldu\u011funa karar vermesi gerekir. \u00c7\u00fcnk\u00fc bu durumlar vize ile ilgili olan olaylar\u0131 etkileyen durumlard\u0131r. Ard\u0131ndan ise vize i\u00e7in gerekli olan evraklar\u0131n eksiksiz ve tamamlanarak firmaya g\u00f6nderilmesi gerekir. Bu sayede \u015fahsen ba\u015fvuru yapman\u0131za gerek kalmadan personellere dan\u0131\u015farak i\u015flemleri yerine getirme imkan\u0131na sahip olursunuz. Kap\u0131 vize uygulamas\u0131 bulunmaz bu nedenle de \u00f6nceden vizenin al\u0131nm\u0131\u015f olmas\u0131 gerekir. Normal bir vizenin \u00e7\u0131kma yani onaylanma i\u015flemi 5 i\u015f g\u00fcn\u00fc i\u00e7erisinde ger\u00e7ekle\u015fir. Ancak acil olarak \u00fclkeye giri\u015f yapma durumunuzun olmas\u0131 halinde de<strong> ekspres vize<\/strong> uygulamas\u0131ndan yararlanabilirsiniz. Ba\u015fvuru i\u015fleminin seyahatten en az 15 g\u00fcn \u00f6nce yap\u0131lm\u0131\u015f olmas\u0131 gerekir.\u00a0<\/span><\/p>\n","protected":false},"excerpt":{"rendered":"<p>Gana vize randevusu,\u00a0Gana vizesi\u00a0almak i\u00e7in ba\u015fvuracak olan ki\u015filerin parmak izlerinin al\u0131nmas\u0131 ve biyometrik i\u015flemlerinin tamamlanmas\u0131 i\u00e7in Gana Ankara B\u00fcy\u00fckel\u00e7ili\u011fi taraf\u0131ndan y\u00fcr\u00fct\u00fclen bir prosed\u00fcrd\u00fcr.\u00a0Gana vize randevusu\u00a0almadan \u00f6nce Gana vize ba\u015fvuru formunu eksiksizce doldurman\u0131z gerekmektedir.\u00a0Gana vizesi\u00a0almak i\u00e7in yapaca\u011f\u0131n\u0131z ba\u015fvurularda pasaportunuzun ge\u00e7erlilik s\u00fcresi en az 6 ay olmal\u0131d\u0131r. Gana vize ba\u015fvuru formu, Gana Ankara B\u00fcy\u00fckel\u00e7ili\u011finin haz\u0131rlam\u0131\u015f oldu\u011fu bir<\/p>\n","protected":false},"author":1,"featured_media":0,"parent":18,"menu_order":0,"comment_status":"open","ping_status":"closed","template":"","meta":{"footnotes":""},"class_list":["post-39","page","type-page","status-publish","hentry"],"yoast_head":"<!-- This site is optimized with the Yoast SEO plugin v24.0 - https:\/\/yoast.com\/wordpress\/plugins\/seo\/ -->\n<title>Gana Vize Randevusu - Gana Vize \u0130\u015flemi - MyVize<\/title>\n<meta name=\"description\" content=\"Gana vize randevusu i\u00e7in ileti\u015fim. Gana vize randevusu i\u00e7in g\u00f6rsel anlat\u0131m ve detayl\u0131 bilgiler i\u00e7in sayfam\u0131z\u0131 ziyaret edebilirsiniz.\" \/>\n<meta name=\"robots\" content=\"index, follow, max-snippet:-1, max-image-preview:large, max-video-preview:-1\" \/>\n<link rel=\"canonical\" href=\"https:\/\/www.myvize.com.tr\/gana\/vize-islemleri\/gana-vize-randevusu\/\" \/>\n<meta property=\"og:locale\" content=\"tr_TR\" \/>\n<meta property=\"og:type\" content=\"article\" \/>\n<meta property=\"og:title\" content=\"Gana Vize Randevusu - Gana Vize \u0130\u015flemi - MyVize\" \/>\n<meta property=\"og:description\" content=\"Gana vize randevusu i\u00e7in ileti\u015fim. Gana vize randevusu i\u00e7in g\u00f6rsel anlat\u0131m ve detayl\u0131 bilgiler i\u00e7in sayfam\u0131z\u0131 ziyaret edebilirsiniz.\" \/>\n<meta property=\"og:url\" content=\"https:\/\/www.myvize.com.tr\/gana\/vize-islemleri\/gana-vize-randevusu\/\" \/>\n<meta property=\"og:site_name\" content=\"Gana Vizesi\" \/>\n<meta property=\"article:modified_time\" content=\"2022-05-06T13:14:50+00:00\" \/>\n<meta property=\"og:image\" content=\"https:\/\/www.myvize.com.tr\/gana\/wp-content\/uploads\/2021\/10\/50.jpg\" \/>\n<meta name=\"twitter:card\" content=\"summary_large_image\" \/>\n<meta name=\"twitter:label1\" content=\"Tahmini okuma s\u00fcresi\" \/>\n\t<meta name=\"twitter:data1\" content=\"3 dakika\" \/>\n<script type=\"application\/ld+json\" class=\"yoast-schema-graph\">{\"@context\":\"https:\/\/schema.org\",\"@graph\":[{\"@type\":\"WebPage\",\"@id\":\"https:\/\/www.myvize.com.tr\/gana\/vize-islemleri\/gana-vize-randevusu\/\",\"url\":\"https:\/\/www.myvize.com.tr\/gana\/vize-islemleri\/gana-vize-randevusu\/\",\"name\":\"Gana Vize Randevusu - Gana Vize \u0130\u015flemi - MyVize\",\"isPartOf\":{\"@id\":\"https:\/\/www.myvize.com.tr\/gana\/#website\"},\"primaryImageOfPage\":{\"@id\":\"https:\/\/www.myvize.com.tr\/gana\/vize-islemleri\/gana-vize-randevusu\/#primaryimage\"},\"image\":{\"@id\":\"https:\/\/www.myvize.com.tr\/gana\/vize-islemleri\/gana-vize-randevusu\/#primaryimage\"},\"thumbnailUrl\":\"https:\/\/www.myvize.com.tr\/gana\/wp-content\/uploads\/2021\/10\/50.jpg\",\"datePublished\":\"2020-11-30T09:46:14+00:00\",\"dateModified\":\"2022-05-06T13:14:50+00:00\",\"description\":\"Gana vize randevusu i\u00e7in ileti\u015fim. Gana vize randevusu i\u00e7in g\u00f6rsel anlat\u0131m ve detayl\u0131 bilgiler i\u00e7in sayfam\u0131z\u0131 ziyaret edebilirsiniz.\",\"breadcrumb\":{\"@id\":\"https:\/\/www.myvize.com.tr\/gana\/vize-islemleri\/gana-vize-randevusu\/#breadcrumb\"},\"inLanguage\":\"tr\",\"potentialAction\":[{\"@type\":\"ReadAction\",\"target\":[\"https:\/\/www.myvize.com.tr\/gana\/vize-islemleri\/gana-vize-randevusu\/\"]}]},{\"@type\":\"ImageObject\",\"inLanguage\":\"tr\",\"@id\":\"https:\/\/www.myvize.com.tr\/gana\/vize-islemleri\/gana-vize-randevusu\/#primaryimage\",\"url\":\"https:\/\/www.myvize.com.tr\/gana\/wp-content\/uploads\/2021\/10\/50.jpg\",\"contentUrl\":\"https:\/\/www.myvize.com.tr\/gana\/wp-content\/uploads\/2021\/10\/50.jpg\",\"width\":800,\"height\":500,\"caption\":\"Gana Vize Randevusu\"},{\"@type\":\"BreadcrumbList\",\"@id\":\"https:\/\/www.myvize.com.tr\/gana\/vize-islemleri\/gana-vize-randevusu\/#breadcrumb\",\"itemListElement\":[{\"@type\":\"ListItem\",\"position\":1,\"name\":\"Anasayfa\",\"item\":\"https:\/\/www.myvize.com.tr\/gana\/\"},{\"@type\":\"ListItem\",\"position\":2,\"name\":\"V\u0130ZE \u0130\u015eLEMLER\u0130\",\"item\":\"https:\/\/www.myvize.com.tr\/gana\/vize-islemleri\/\"},{\"@type\":\"ListItem\",\"position\":3,\"name\":\"Gana Vize Randevusu\"}]},{\"@type\":\"WebSite\",\"@id\":\"https:\/\/www.myvize.com.tr\/gana\/#website\",\"url\":\"https:\/\/www.myvize.com.tr\/gana\/\",\"name\":\"Gana Vizesi\",\"description\":\"\",\"potentialAction\":[{\"@type\":\"SearchAction\",\"target\":{\"@type\":\"EntryPoint\",\"urlTemplate\":\"https:\/\/www.myvize.com.tr\/gana\/?s={search_term_string}\"},\"query-input\":{\"@type\":\"PropertyValueSpecification\",\"valueRequired\":true,\"valueName\":\"search_term_string\"}}],\"inLanguage\":\"tr\"}]}<\/script>\n<!-- \/ Yoast SEO plugin. -->","yoast_head_json":{"title":"Gana Vize Randevusu - Gana Vize \u0130\u015flemi - MyVize","description":"Gana vize randevusu i\u00e7in ileti\u015fim. Gana vize randevusu i\u00e7in g\u00f6rsel anlat\u0131m ve detayl\u0131 bilgiler i\u00e7in sayfam\u0131z\u0131 ziyaret edebilirsiniz.","robots":{"index":"index","follow":"follow","max-snippet":"max-snippet:-1","max-image-preview":"max-image-preview:large","max-video-preview":"max-video-preview:-1"},"canonical":"https:\/\/www.myvize.com.tr\/gana\/vize-islemleri\/gana-vize-randevusu\/","og_locale":"tr_TR","og_type":"article","og_title":"Gana Vize Randevusu - Gana Vize \u0130\u015flemi - MyVize","og_description":"Gana vize randevusu i\u00e7in ileti\u015fim. Gana vize randevusu i\u00e7in g\u00f6rsel anlat\u0131m ve detayl\u0131 bilgiler i\u00e7in sayfam\u0131z\u0131 ziyaret edebilirsiniz.","og_url":"https:\/\/www.myvize.com.tr\/gana\/vize-islemleri\/gana-vize-randevusu\/","og_site_name":"Gana Vizesi","article_modified_time":"2022-05-06T13:14:50+00:00","og_image":[{"url":"https:\/\/www.myvize.com.tr\/gana\/wp-content\/uploads\/2021\/10\/50.jpg","type":"","width":"","height":""}],"twitter_card":"summary_large_image","twitter_misc":{"Tahmini okuma s\u00fcresi":"3 dakika"},"schema":{"@context":"https:\/\/schema.org","@graph":[{"@type":"WebPage","@id":"https:\/\/www.myvize.com.tr\/gana\/vize-islemleri\/gana-vize-randevusu\/","url":"https:\/\/www.myvize.com.tr\/gana\/vize-islemleri\/gana-vize-randevusu\/","name":"Gana Vize Randevusu - Gana Vize \u0130\u015flemi - MyVize","isPartOf":{"@id":"https:\/\/www.myvize.com.tr\/gana\/#website"},"primaryImageOfPage":{"@id":"https:\/\/www.myvize.com.tr\/gana\/vize-islemleri\/gana-vize-randevusu\/#primaryimage"},"image":{"@id":"https:\/\/www.myvize.com.tr\/gana\/vize-islemleri\/gana-vize-randevusu\/#primaryimage"},"thumbnailUrl":"https:\/\/www.myvize.com.tr\/gana\/wp-content\/uploads\/2021\/10\/50.jpg","datePublished":"2020-11-30T09:46:14+00:00","dateModified":"2022-05-06T13:14:50+00:00","description":"Gana vize randevusu i\u00e7in ileti\u015fim. Gana vize randevusu i\u00e7in g\u00f6rsel anlat\u0131m ve detayl\u0131 bilgiler i\u00e7in sayfam\u0131z\u0131 ziyaret edebilirsiniz.","breadcrumb":{"@id":"https:\/\/www.myvize.com.tr\/gana\/vize-islemleri\/gana-vize-randevusu\/#breadcrumb"},"inLanguage":"tr","potentialAction":[{"@type":"ReadAction","target":["https:\/\/www.myvize.com.tr\/gana\/vize-islemleri\/gana-vize-randevusu\/"]}]},{"@type":"ImageObject","inLanguage":"tr","@id":"https:\/\/www.myvize.com.tr\/gana\/vize-islemleri\/gana-vize-randevusu\/#primaryimage","url":"https:\/\/www.myvize.com.tr\/gana\/wp-content\/uploads\/2021\/10\/50.jpg","contentUrl":"https:\/\/www.myvize.com.tr\/gana\/wp-content\/uploads\/2021\/10\/50.jpg","width":800,"height":500,"caption":"Gana Vize Randevusu"},{"@type":"BreadcrumbList","@id":"https:\/\/www.myvize.com.tr\/gana\/vize-islemleri\/gana-vize-randevusu\/#breadcrumb","itemListElement":[{"@type":"ListItem","position":1,"name":"Anasayfa","item":"https:\/\/www.myvize.com.tr\/gana\/"},{"@type":"ListItem","position":2,"name":"V\u0130ZE \u0130\u015eLEMLER\u0130","item":"https:\/\/www.myvize.com.tr\/gana\/vize-islemleri\/"},{"@type":"ListItem","position":3,"name":"Gana Vize Randevusu"}]},{"@type":"WebSite","@id":"https:\/\/www.myvize.com.tr\/gana\/#website","url":"https:\/\/www.myvize.com.tr\/gana\/","name":"Gana Vizesi","description":"","potentialAction":[{"@type":"SearchAction","target":{"@type":"EntryPoint","urlTemplate":"https:\/\/www.myvize.com.tr\/gana\/?s={search_term_string}"},"query-input":{"@type":"PropertyValueSpecification","valueRequired":true,"valueName":"search_term_string"}}],"inLanguage":"tr"}]}},"_links":{"self":[{"href":"https:\/\/www.myvize.com.tr\/gana\/wp-json\/wp\/v2\/pages\/39","targetHints":{"allow":["GET"]}}],"collection":[{"href":"https:\/\/www.myvize.com.tr\/gana\/wp-json\/wp\/v2\/pages"}],"about":[{"href":"https:\/\/www.myvize.com.tr\/gana\/wp-json\/wp\/v2\/types\/page"}],"author":[{"embeddable":true,"href":"https:\/\/www.myvize.com.tr\/gana\/wp-json\/wp\/v2\/users\/1"}],"replies":[{"embeddable":true,"href":"https:\/\/www.myvize.com.tr\/gana\/wp-json\/wp\/v2\/comments?post=39"}],"version-history":[{"count":6,"href":"https:\/\/www.myvize.com.tr\/gana\/wp-json\/wp\/v2\/pages\/39\/revisions"}],"predecessor-version":[{"id":684,"href":"https:\/\/www.myvize.com.tr\/gana\/wp-json\/wp\/v2\/pages\/39\/revisions\/684"}],"up":[{"embeddable":true,"href":"https:\/\/www.myvize.com.tr\/gana\/wp-json\/wp\/v2\/pages\/18"}],"wp:attachment":[{"href":"https:\/\/www.myvize.com.tr\/gana\/wp-json\/wp\/v2\/media?parent=39"}],"curies":[{"name":"wp","href":"https:\/\/api.w.org\/{rel}","templated":true}]}}