{"id":41,"date":"2020-11-30T12:46:51","date_gmt":"2020-11-30T09:46:51","guid":{"rendered":"https:\/\/www.myvize.com.tr\/gana\/?page_id=41"},"modified":"2022-05-06T16:15:40","modified_gmt":"2022-05-06T13:15:40","slug":"gana-dil-okulu-vizesi","status":"publish","type":"page","link":"https:\/\/www.myvize.com.tr\/gana\/vize-islemleri\/gana-dil-okulu-vizesi\/","title":{"rendered":"Gana Dil Okulu Vizesi"},"content":{"rendered":"<p><span style=\"font-family: Roboto; font-size: 14px;\">Gana\u2019da yakla\u015f\u0131k 80 farkl\u0131 dil konu\u015fulmaktad\u0131r. Ancak bu dillerin \u00e7o\u011funlu\u011fu yerli dillerdir. Yani farkl\u0131 kabileler aras\u0131nda konu\u015fulmaktad\u0131r. En \u00e7ok konu\u015fulan yerli dil ise Akan dilidir. Ancak \u00fclkenin resmi dili \u0130ngilizcedir. \u00dclkenin n\u00fcfusunun \u00e7o\u011funlu\u011fu \u0130ngilizce bilmektedir. Gana\u2019da yeni do\u011fan birisi 10 ya\u015f\u0131na gelene kadar birden fazla dil \u00f6\u011frenebilir. Bir\u00e7ok dil ise yok olma noktas\u0131na gelmi\u015ftir. \u00dclkede ayr\u0131ca Frans\u0131zcada \u00e7ok fazla konu\u015fulmaktad\u0131r. Frans\u0131zca son y\u0131llarda Gana\u2019da e\u011fitim alan\u0131nda olduk\u00e7a h\u0131zl\u0131 yay\u0131lm\u0131\u015ft\u0131r.<\/span><\/p>\n<p><span style=\"font-family: Roboto; font-size: 14px;\">\u00c7ok dilli bir yap\u0131ya sahip olan Gana\u2019da resmi dil olarak \u0130ngilizce konu\u015fulmaktad\u0131r. Okullardaki e\u011fitimler \u0130ngilizce ve Akan dilinde verilmektedir. Gana\u2019da d\u00fcnyaya bak\u0131ld\u0131\u011f\u0131nda olduk\u00e7a ucuza dil e\u011fitimi al\u0131nabilmektedir. <strong>Gana dil okulu e\u011fitimi<\/strong> almak isteyen birisi <strong>Gana e\u011fitim vizesi<\/strong> almal\u0131d\u0131r.<\/span><\/p>\n<p><span style=\"font-family: Roboto; font-size: 14px;\"><strong>Gana e\u011fitim vizesi<\/strong> ba\u015fvurular\u0131<span style=\"color: #2acec2;\"><strong><a style=\"color: #2acec2;\" href=\"https:\/\/www.myvize.com.tr\/gana\/konsolosluklar\/ankara-buyukelciligi\/\" target=\"_blank\" rel=\"noopener\"> Gana Ankara B\u00fcy\u00fckel\u00e7ili\u011fi<\/a><\/strong><\/span>, <span style=\"color: #2acec2;\"><strong><a style=\"color: #2acec2;\" href=\"https:\/\/www.myvize.com.tr\/gana\/konsolosluklar\/gana-istanbul-fahri-konsoloslugu\/\" target=\"_blank\" rel=\"noopener\">Gana \u0130stanbul Ba\u015fkonsoloslu\u011fu<\/a><\/strong><\/span> ve vize ba\u015fvuru merkezlerine yap\u0131labilmektedir. Bunun i\u00e7in Gana\u2019da bulunan dil okulu taraf\u0131ndan kabul edilmeniz ve davetiye alman\u0131z gerekmektedir. Davetiyesiz <strong>Gana dil okulu vizesi<\/strong> verilmemektedir. Ba\u015fvuru i\u00e7in gerekli belgeler haz\u0131rlanmal\u0131 ve vize ba\u015fvuru merkezine teslim edilmelidir. B\u00f6ylelikle <strong>Gana dil okulu vizesi<\/strong> ba\u015fvurunuz ba\u015flam\u0131\u015f olur.\u00a0<\/span><\/p>\n<p><img decoding=\"async\" src=\"https:\/\/www.myvize.com.tr\/gana\/wp-content\/uploads\/2021\/10\/51.jpg\" \/><\/p>\n<h2><span style=\"font-family: Roboto; font-size: 27px;\"><strong>Gana Dil Okulu Vizesi Nedir?<\/strong><\/span><\/h2>\n<p><span style=\"font-family: Roboto; font-size: 14px;\">D\u00fcnyan\u0131n de\u011fi\u015fik yerlerinde \u00e7ok farkl\u0131 belki de ad\u0131n\u0131 daha \u00f6nce hi\u00e7 duymad\u0131\u011f\u0131m\u0131z \u00fclkeler olabilir. Nitekim bu \u00fclkelerden bir tanesi de Gana isimli \u00fclkedir. Gana Bat\u0131 Afrika\u2019da yer alan bir \u00fclkedir.Denize k\u0131y\u0131s\u0131 olan toplam n\u00fcfusu yakla\u015f\u0131k 32 milyon olan k\u00fc\u00e7\u00fck bir \u00fclkedir. Cumhuriyet ile y\u00f6netilmektedir. Bu noktada bir\u00e7ok insan\u0131n en \u00e7ok merak etti\u011fi soru ile\u00a0<strong>Gana Dil Okulu Vizesi nedir\u00a0<\/strong>sorusunun yan\u0131t\u0131d\u0131r. \u00c7\u00fcnk\u00fc Gana Cumhuriyetinde dil e\u011fitimine gidecek olan ki\u015filer bu vizeyi almadan Gana\u2019da dil \u00f6\u011frenmeye gidemezler. Bu vize dil e\u011fitimi alacak ki\u015filerin ilgili kurumlardan almas\u0131 gereken bir vize t\u00fcr\u00fcd\u00fcr. \u00dclkede bu alanda di\u011fer bir\u00e7ok \u00fclkenin aksine tek bir vize t\u00fcr\u00fc mevcuttur.<\/span><\/p>\n<h2><span style=\"font-family: Roboto; font-size: 27px;\"><strong>Gana Dil Okulu Vizesi Nas\u0131l Al\u0131n\u0131r?<\/strong><\/span><\/h2>\n<p><span style=\"font-family: Roboto; font-size: 14px;\"><strong>Gana Dil Okulu Vizesi nas\u0131l al\u0131n\u0131r\u00a0<\/strong>i\u00e7in \u00f6ncelikle vize ba\u015fvuru i\u015fleminin yerine getirilmesi gerekir. Ard\u0131ndan ise ki\u015finin okula kabul edildi\u011fine dair bir mektubun yer almas\u0131 gerekir. Ayn\u0131 zamanda ba\u015fvurunun B\u00fcy\u00fckel\u00e7ili\u011fe ya da Konsoloslu\u011fa yap\u0131lmas\u0131 da gerekir. Bunlar\u0131n yan\u0131 s\u0131ra vize \u00fccretinin \u00f6denmesi ve gerekli olan belgelerinde eksiksiz ve do\u011fru bir \u015fekilde haz\u0131rlanm\u0131\u015f olmas\u0131 gerekir. Gerekli olan belgeler; g\u00fcncel olan ve ayn\u0131 zaman da y\u0131pranmam\u0131\u015f olan pasaport, en az 6 ay i\u00e7erisinde \u00e7ekilmi\u015f olan biometrik 2 adet foto\u011fraf,\u00a0 ki\u015fiye ait olan g\u00fcncel banka d\u00f6k\u00fcm\u00fc, u\u00e7u\u015f ile ilgili bilgiler, konaklama ile ilgili bilgiler, <strong>vize talep dilek\u00e7esi<\/strong> ve okuldan g\u00f6nderilmi\u015f olan davet mektubu, el ile doldurulmu\u015f olan ve imzal\u0131 bir<span style=\"color: #2acec2;\"><strong><a style=\"color: #2acec2;\" href=\"https:\/\/www.myvize.com.tr\/gana\/vize-islemleri\/gana-vize-basvuru-formu\/\" target=\"_blank\" rel=\"noopener\"> Gana vize ba\u015fvuru formu<\/a><\/strong><\/span>, seyahat sa\u011fl\u0131k sigortas\u0131, tam anlaml\u0131 vukuatl\u0131 n\u00fcfus kay\u0131t \u00f6rne\u011fi, \u00f6\u011frenci belgesi ya da transkript gereklidir. Bu evraklar\u0131n her birinin tam ve eksiksiz olarak iletilmesi gerekir. Ard\u0131ndan ise 5 i\u015f g\u00fcn\u00fc i\u00e7erisinde vizeden bir sonu\u00e7 alma durumu meydana gelir.\u00a0<\/span><\/p>\n<h2><span style=\"font-family: Roboto; font-size: 27px;\"><strong>Gana Dil Okulu Vizesi Almak \u0130\u00e7in Neler Yap\u0131l\u0131r?<\/strong><\/span><\/h2>\n<p><span style=\"font-family: Roboto; font-size: 14px;\">\u00dcstte verilen bu bilgilerden sonra \u015fimdi de\u00a0<strong>Gana Dil Okulu Vizesi nas\u0131l al\u0131n\u0131r\u00a0<\/strong>sorusunun yan\u0131t\u0131n\u0131 vermek gerekir. Gana Dil Okulu vizesi i\u00e7in \u00f6ncelikli olarak a\u015fa\u011f\u0131da istenen evraklar eksiksiz ve tam olarak haz\u0131rlanmal\u0131d\u0131r:<\/span><\/p>\n<ul>\n<li><span style=\"font-family: Roboto; font-size: 14px;\">Bireyin gidece\u011fi dil okuluna kabul edildi\u011fini g\u00f6steren resmi bir belge<\/span><\/li>\n<li><span style=\"font-family: Roboto; font-size: 14px;\">Y\u0131pranmam\u0131\u015f ve g\u00fcncel olan pasaport<\/span><\/li>\n<li><span style=\"font-family: Roboto; font-size: 14px;\">Son alt\u0131 ay i\u00e7inde \u00e7ekilmi\u015f 2 adet biometrik foto\u011fraf<\/span><\/li>\n<li><span style=\"font-family: Roboto; font-size: 14px;\">Doldurulmu\u015f olan vize ba\u015fvuru formu<\/span><\/li>\n<li><span style=\"font-family: Roboto; font-size: 14px;\">Seyahat sa\u011fl\u0131k sigortas\u0131<\/span><\/li>\n<li><span style=\"font-family: Roboto; font-size: 14px;\">Gelir durumunu g\u00f6steren belgeler<\/span><\/li>\n<li><span style=\"font-family: Roboto; font-size: 14px;\">Vize ba\u015fvuru \u00fccreti \u00f6dendi dekontu<\/span><\/li>\n<li><span style=\"font-family: Roboto; font-size: 14px;\">Konaklama ve seyahat ile ilgili olan evraklar<\/span><\/li>\n<\/ul>\n<p><span style=\"font-family: Roboto; font-size: 14px;\">Bu belgeler haz\u0131rland\u0131ktan sonra a\u015fa\u011f\u0131da yer alan kurumlara ba\u015fvurarak vize ba\u015fvurusu yap\u0131l\u0131r.<\/span><\/p>\n<h2><strong><span style=\"font-family: Roboto; font-size: 27px;\">Gana Dil Okulu Vizesi Nereden Al\u0131n\u0131r?<\/span><\/strong><\/h2>\n<p><span style=\"font-family: Roboto; font-size: 14px;\"><strong>Gana Dil Okulu Vizesi nereden al\u0131n\u0131r\u00a0<\/strong>sorusuna verilebilecek yan\u0131t ise \u015f\u00f6yledir: Bu vizeyi almak i\u00e7in Ankara kentinde yer alan Gana B\u00fcy\u00fckel\u00e7i\u011fine ya da \u0130stanbul kentinde bulunan Gana Konsoloslu\u011funa randevu alarak bizzat ba\u015fvuru yapmak gerekir. Bu noktada bir di\u011fer se\u00e7enek ise Gana h\u00fck\u00fcmeti taraf\u0131ndan onaylanm\u0131\u015f olan kurulu\u015flar arac\u0131l\u0131\u011f\u0131 ile dil okulu vizesinin al\u0131nmas\u0131d\u0131r.<\/span><\/p>\n<p><span style=\"font-family: Roboto; font-size: 14px;\">Gana B\u00fcy\u00fckel\u00e7ili\u011fi Ankara adresi \u015f\u00f6yledir:<\/span><\/p>\n<p><span style=\"font-family: Roboto; font-size: 14px;\">Gaziosmanpa\u015fa, G\u00f6lgeli Sokak. Numara:9, 06700 \u00c7ankaya\/Ankara telefon: \u00a0(312) 442 54 79 \u2013 436 07 71 e-mail: \u00a0<a href=\"mailto:ghanaembassyturkey@yahoo.com\">ghanaembassyturkey@yahoo.com<\/a>\u00a0Kurum hafta i\u00e7i be\u015f g\u00fcn 9.00 ile 12.00 saatleri aras\u0131ndad\u0131r.<\/span><\/p>\n<p><span style=\"font-family: Roboto; font-size: 14px;\">Gana Konsoloslu\u011fu \u0130stanbul adresi ise \u015f\u00f6yledir:<\/span><\/p>\n<p><span style=\"font-family: Roboto; font-size: 14px;\">\u00d6mer Avni, \u0130n\u00f6n\u00fc Cd. No:18, 34437 Beyo\u011flu\/\u0130stanbul telefon numaras\u0131 : 0 212 324 29 00 bi\u00e7imindedir.<\/span><\/p>\n<h3><span style=\"font-family: Roboto; font-size: 24px;\"><strong>Gana Dil Okulu Vizesi Ka\u00e7 G\u00fcnde \u00c7\u0131kar?<\/strong><\/span><\/h3>\n<p><span style=\"font-family: Roboto; font-size: 14px;\">Son olarak\u00a0<strong>Gana Dil Okulu Vizesi ka\u00e7 g\u00fcnde \u00e7\u0131kar<\/strong>\u00a0sorusunun yan\u0131t\u0131n\u0131 vermek gerekir ise o noktada da \u015fu bilgiler verilebilir. Asl\u0131nda bu konuda tam olarak bir s\u00fcre verilmesi m\u00fcmk\u00fcn de\u011fildir. Vize ba\u015fvurusu yap\u0131lan kurumun yo\u011funlu\u011funa g\u00f6re bu s\u00fcre 6 g\u00fcn ile 15 g\u00fcn aras\u0131nda de\u011fi\u015fiklik arz eder. Bu s\u00fcre e\u011fer ki\u015finin teslim etti\u011fi evraklarda yanl\u0131\u015fl\u0131k veya eksiklik varsa d\u00fczeltilmesi ve tamamlanmas\u0131 i\u00e7in uzayabilir. Benzer bir durum resmi tatil g\u00fcnlerine gelmesi durumunda da ge\u00e7erlidir. Gana Cumhuriyeti\u2019nin T\u00fcrkiye Cumhuriyeti\u2019nin resmi tatil g\u00fcnlerinde vize \u00e7\u0131kma s\u00fcresi otomatik olarak de\u011fi\u015ferek uzar.O y\u00fczden i\u015fi riske atmamak i\u00e7in dil e\u011fitimi almaya gitmeden en az 1 ay \u00f6nce dil okulu vize ba\u015fvurusu yap\u0131lmal\u0131d\u0131r.<\/span><\/p>\n","protected":false},"excerpt":{"rendered":"<p>Gana\u2019da yakla\u015f\u0131k 80 farkl\u0131 dil konu\u015fulmaktad\u0131r. Ancak bu dillerin \u00e7o\u011funlu\u011fu yerli dillerdir. Yani farkl\u0131 kabileler aras\u0131nda konu\u015fulmaktad\u0131r. En \u00e7ok konu\u015fulan yerli dil ise Akan dilidir. Ancak \u00fclkenin resmi dili \u0130ngilizcedir. \u00dclkenin n\u00fcfusunun \u00e7o\u011funlu\u011fu \u0130ngilizce bilmektedir. Gana\u2019da yeni do\u011fan birisi 10 ya\u015f\u0131na gelene kadar birden fazla dil \u00f6\u011frenebilir. Bir\u00e7ok dil ise yok olma noktas\u0131na gelmi\u015ftir. \u00dclkede<\/p>\n","protected":false},"author":1,"featured_media":0,"parent":18,"menu_order":0,"comment_status":"open","ping_status":"closed","template":"","meta":{"footnotes":""},"class_list":["post-41","page","type-page","status-publish","hentry"],"yoast_head":"<!-- This site is optimized with the Yoast SEO plugin v24.0 - https:\/\/yoast.com\/wordpress\/plugins\/seo\/ -->\n<title>Gana Dil Okulu Vizesi - Gana Vize \u00dccreti - MyVize<\/title>\n<meta name=\"description\" content=\"Gana dil okulu vizesi gerekli olan evraklar ve \u015fartlar neler? Gana dil okulu vizesi i\u015flem s\u00fcreci ve ba\u015fvuruda dikkat edilmesi gerekenler.\" \/>\n<meta name=\"robots\" content=\"index, follow, max-snippet:-1, max-image-preview:large, max-video-preview:-1\" \/>\n<link rel=\"canonical\" href=\"https:\/\/www.myvize.com.tr\/gana\/vize-islemleri\/gana-dil-okulu-vizesi\/\" \/>\n<meta property=\"og:locale\" content=\"tr_TR\" \/>\n<meta property=\"og:type\" content=\"article\" \/>\n<meta property=\"og:title\" content=\"Gana Dil Okulu Vizesi - Gana Vize \u00dccreti - MyVize\" \/>\n<meta property=\"og:description\" content=\"Gana dil okulu vizesi gerekli olan evraklar ve \u015fartlar neler? Gana dil okulu vizesi i\u015flem s\u00fcreci ve ba\u015fvuruda dikkat edilmesi gerekenler.\" \/>\n<meta property=\"og:url\" content=\"https:\/\/www.myvize.com.tr\/gana\/vize-islemleri\/gana-dil-okulu-vizesi\/\" \/>\n<meta property=\"og:site_name\" content=\"Gana Vizesi\" \/>\n<meta property=\"article:modified_time\" content=\"2022-05-06T13:15:40+00:00\" \/>\n<meta property=\"og:image\" content=\"https:\/\/www.myvize.com.tr\/gana\/wp-content\/uploads\/2021\/10\/51.jpg\" \/>\n<meta name=\"twitter:card\" content=\"summary_large_image\" \/>\n<meta name=\"twitter:label1\" content=\"Tahmini okuma s\u00fcresi\" \/>\n\t<meta name=\"twitter:data1\" content=\"4 dakika\" \/>\n<script type=\"application\/ld+json\" class=\"yoast-schema-graph\">{\"@context\":\"https:\/\/schema.org\",\"@graph\":[{\"@type\":\"WebPage\",\"@id\":\"https:\/\/www.myvize.com.tr\/gana\/vize-islemleri\/gana-dil-okulu-vizesi\/\",\"url\":\"https:\/\/www.myvize.com.tr\/gana\/vize-islemleri\/gana-dil-okulu-vizesi\/\",\"name\":\"Gana Dil Okulu Vizesi - Gana Vize \u00dccreti - MyVize\",\"isPartOf\":{\"@id\":\"https:\/\/www.myvize.com.tr\/gana\/#website\"},\"primaryImageOfPage\":{\"@id\":\"https:\/\/www.myvize.com.tr\/gana\/vize-islemleri\/gana-dil-okulu-vizesi\/#primaryimage\"},\"image\":{\"@id\":\"https:\/\/www.myvize.com.tr\/gana\/vize-islemleri\/gana-dil-okulu-vizesi\/#primaryimage\"},\"thumbnailUrl\":\"https:\/\/www.myvize.com.tr\/gana\/wp-content\/uploads\/2021\/10\/51.jpg\",\"datePublished\":\"2020-11-30T09:46:51+00:00\",\"dateModified\":\"2022-05-06T13:15:40+00:00\",\"description\":\"Gana dil okulu vizesi gerekli olan evraklar ve \u015fartlar neler? Gana dil okulu vizesi i\u015flem s\u00fcreci ve ba\u015fvuruda dikkat edilmesi gerekenler.\",\"breadcrumb\":{\"@id\":\"https:\/\/www.myvize.com.tr\/gana\/vize-islemleri\/gana-dil-okulu-vizesi\/#breadcrumb\"},\"inLanguage\":\"tr\",\"potentialAction\":[{\"@type\":\"ReadAction\",\"target\":[\"https:\/\/www.myvize.com.tr\/gana\/vize-islemleri\/gana-dil-okulu-vizesi\/\"]}]},{\"@type\":\"ImageObject\",\"inLanguage\":\"tr\",\"@id\":\"https:\/\/www.myvize.com.tr\/gana\/vize-islemleri\/gana-dil-okulu-vizesi\/#primaryimage\",\"url\":\"https:\/\/www.myvize.com.tr\/gana\/wp-content\/uploads\/2021\/10\/51.jpg\",\"contentUrl\":\"https:\/\/www.myvize.com.tr\/gana\/wp-content\/uploads\/2021\/10\/51.jpg\",\"width\":800,\"height\":500,\"caption\":\"Gana Dil Okulu Vizesi\"},{\"@type\":\"BreadcrumbList\",\"@id\":\"https:\/\/www.myvize.com.tr\/gana\/vize-islemleri\/gana-dil-okulu-vizesi\/#breadcrumb\",\"itemListElement\":[{\"@type\":\"ListItem\",\"position\":1,\"name\":\"Anasayfa\",\"item\":\"https:\/\/www.myvize.com.tr\/gana\/\"},{\"@type\":\"ListItem\",\"position\":2,\"name\":\"V\u0130ZE \u0130\u015eLEMLER\u0130\",\"item\":\"https:\/\/www.myvize.com.tr\/gana\/vize-islemleri\/\"},{\"@type\":\"ListItem\",\"position\":3,\"name\":\"Gana Dil Okulu Vizesi\"}]},{\"@type\":\"WebSite\",\"@id\":\"https:\/\/www.myvize.com.tr\/gana\/#website\",\"url\":\"https:\/\/www.myvize.com.tr\/gana\/\",\"name\":\"Gana Vizesi\",\"description\":\"\",\"potentialAction\":[{\"@type\":\"SearchAction\",\"target\":{\"@type\":\"EntryPoint\",\"urlTemplate\":\"https:\/\/www.myvize.com.tr\/gana\/?s={search_term_string}\"},\"query-input\":{\"@type\":\"PropertyValueSpecification\",\"valueRequired\":true,\"valueName\":\"search_term_string\"}}],\"inLanguage\":\"tr\"}]}<\/script>\n<!-- \/ Yoast SEO plugin. -->","yoast_head_json":{"title":"Gana Dil Okulu Vizesi - Gana Vize \u00dccreti - MyVize","description":"Gana dil okulu vizesi gerekli olan evraklar ve \u015fartlar neler? Gana dil okulu vizesi i\u015flem s\u00fcreci ve ba\u015fvuruda dikkat edilmesi gerekenler.","robots":{"index":"index","follow":"follow","max-snippet":"max-snippet:-1","max-image-preview":"max-image-preview:large","max-video-preview":"max-video-preview:-1"},"canonical":"https:\/\/www.myvize.com.tr\/gana\/vize-islemleri\/gana-dil-okulu-vizesi\/","og_locale":"tr_TR","og_type":"article","og_title":"Gana Dil Okulu Vizesi - Gana Vize \u00dccreti - MyVize","og_description":"Gana dil okulu vizesi gerekli olan evraklar ve \u015fartlar neler? Gana dil okulu vizesi i\u015flem s\u00fcreci ve ba\u015fvuruda dikkat edilmesi gerekenler.","og_url":"https:\/\/www.myvize.com.tr\/gana\/vize-islemleri\/gana-dil-okulu-vizesi\/","og_site_name":"Gana Vizesi","article_modified_time":"2022-05-06T13:15:40+00:00","og_image":[{"url":"https:\/\/www.myvize.com.tr\/gana\/wp-content\/uploads\/2021\/10\/51.jpg","type":"","width":"","height":""}],"twitter_card":"summary_large_image","twitter_misc":{"Tahmini okuma s\u00fcresi":"4 dakika"},"schema":{"@context":"https:\/\/schema.org","@graph":[{"@type":"WebPage","@id":"https:\/\/www.myvize.com.tr\/gana\/vize-islemleri\/gana-dil-okulu-vizesi\/","url":"https:\/\/www.myvize.com.tr\/gana\/vize-islemleri\/gana-dil-okulu-vizesi\/","name":"Gana Dil Okulu Vizesi - Gana Vize \u00dccreti - MyVize","isPartOf":{"@id":"https:\/\/www.myvize.com.tr\/gana\/#website"},"primaryImageOfPage":{"@id":"https:\/\/www.myvize.com.tr\/gana\/vize-islemleri\/gana-dil-okulu-vizesi\/#primaryimage"},"image":{"@id":"https:\/\/www.myvize.com.tr\/gana\/vize-islemleri\/gana-dil-okulu-vizesi\/#primaryimage"},"thumbnailUrl":"https:\/\/www.myvize.com.tr\/gana\/wp-content\/uploads\/2021\/10\/51.jpg","datePublished":"2020-11-30T09:46:51+00:00","dateModified":"2022-05-06T13:15:40+00:00","description":"Gana dil okulu vizesi gerekli olan evraklar ve \u015fartlar neler? Gana dil okulu vizesi i\u015flem s\u00fcreci ve ba\u015fvuruda dikkat edilmesi gerekenler.","breadcrumb":{"@id":"https:\/\/www.myvize.com.tr\/gana\/vize-islemleri\/gana-dil-okulu-vizesi\/#breadcrumb"},"inLanguage":"tr","potentialAction":[{"@type":"ReadAction","target":["https:\/\/www.myvize.com.tr\/gana\/vize-islemleri\/gana-dil-okulu-vizesi\/"]}]},{"@type":"ImageObject","inLanguage":"tr","@id":"https:\/\/www.myvize.com.tr\/gana\/vize-islemleri\/gana-dil-okulu-vizesi\/#primaryimage","url":"https:\/\/www.myvize.com.tr\/gana\/wp-content\/uploads\/2021\/10\/51.jpg","contentUrl":"https:\/\/www.myvize.com.tr\/gana\/wp-content\/uploads\/2021\/10\/51.jpg","width":800,"height":500,"caption":"Gana Dil Okulu Vizesi"},{"@type":"BreadcrumbList","@id":"https:\/\/www.myvize.com.tr\/gana\/vize-islemleri\/gana-dil-okulu-vizesi\/#breadcrumb","itemListElement":[{"@type":"ListItem","position":1,"name":"Anasayfa","item":"https:\/\/www.myvize.com.tr\/gana\/"},{"@type":"ListItem","position":2,"name":"V\u0130ZE \u0130\u015eLEMLER\u0130","item":"https:\/\/www.myvize.com.tr\/gana\/vize-islemleri\/"},{"@type":"ListItem","position":3,"name":"Gana Dil Okulu Vizesi"}]},{"@type":"WebSite","@id":"https:\/\/www.myvize.com.tr\/gana\/#website","url":"https:\/\/www.myvize.com.tr\/gana\/","name":"Gana Vizesi","description":"","potentialAction":[{"@type":"SearchAction","target":{"@type":"EntryPoint","urlTemplate":"https:\/\/www.myvize.com.tr\/gana\/?s={search_term_string}"},"query-input":{"@type":"PropertyValueSpecification","valueRequired":true,"valueName":"search_term_string"}}],"inLanguage":"tr"}]}},"_links":{"self":[{"href":"https:\/\/www.myvize.com.tr\/gana\/wp-json\/wp\/v2\/pages\/41","targetHints":{"allow":["GET"]}}],"collection":[{"href":"https:\/\/www.myvize.com.tr\/gana\/wp-json\/wp\/v2\/pages"}],"about":[{"href":"https:\/\/www.myvize.com.tr\/gana\/wp-json\/wp\/v2\/types\/page"}],"author":[{"embeddable":true,"href":"https:\/\/www.myvize.com.tr\/gana\/wp-json\/wp\/v2\/users\/1"}],"replies":[{"embeddable":true,"href":"https:\/\/www.myvize.com.tr\/gana\/wp-json\/wp\/v2\/comments?post=41"}],"version-history":[{"count":7,"href":"https:\/\/www.myvize.com.tr\/gana\/wp-json\/wp\/v2\/pages\/41\/revisions"}],"predecessor-version":[{"id":675,"href":"https:\/\/www.myvize.com.tr\/gana\/wp-json\/wp\/v2\/pages\/41\/revisions\/675"}],"up":[{"embeddable":true,"href":"https:\/\/www.myvize.com.tr\/gana\/wp-json\/wp\/v2\/pages\/18"}],"wp:attachment":[{"href":"https:\/\/www.myvize.com.tr\/gana\/wp-json\/wp\/v2\/media?parent=41"}],"curies":[{"name":"wp","href":"https:\/\/api.w.org\/{rel}","templated":true}]}}