{"id":43,"date":"2020-11-30T12:47:27","date_gmt":"2020-11-30T09:47:27","guid":{"rendered":"https:\/\/www.myvize.com.tr\/gana\/?page_id=43"},"modified":"2022-05-06T16:16:13","modified_gmt":"2022-05-06T13:16:13","slug":"gana-calisma-izni","status":"publish","type":"page","link":"https:\/\/www.myvize.com.tr\/gana\/vize-islemleri\/gana-calisma-izni\/","title":{"rendered":"Gana \u00c7al\u0131\u015fma \u0130zni"},"content":{"rendered":"<p><span style=\"font-family: Roboto; font-size: 14px;\"><strong>Gana\u2019da \u00e7al\u0131\u015fmak<\/strong> isteyen T\u00fcrkiye Cumhuriyeti vatanda\u015flar\u0131n\u0131n <strong>Gana \u00e7al\u0131\u015fma izni<\/strong> almalar\u0131 gerekmektedir. \u00c7al\u0131\u015fma izni ba\u015fvurular\u0131 Gana\u2019n\u0131n T\u00fcrkiye\u2019de bulunan temsilciliklerine yap\u0131lmaktad\u0131r <strong>\u00c7al\u0131\u015fma izni<\/strong> i\u00e7in \u00f6ncelikle Gana\u2019da bir i\u015f bulman\u0131z ya da kurma giri\u015fiminiz olmas\u0131 gerekmektedir. Gana\u2019da bir i\u015f bulduysan\u0131z, Gana\u2019da bulunan firmadan davetiye alman\u0131z gerekmektedir. <strong>Gana \u00e7al\u0131\u015fma izni<\/strong> i\u00e7in Gana\u2019da bulunan \u015firketten baz\u0131 belgeler istenmektedir. Bu belgeler \u015fu \u015fekildedir;<\/span><\/p>\n<ul>\n<li><span style=\"font-family: Roboto; font-size: 14px;\">Davet Mektubu<\/span><\/li>\n<li><span style=\"font-family: Roboto; font-size: 14px;\">Gana\u2019daki \u015firketin kurulu\u015f belgesi<\/span><\/li>\n<li><span style=\"font-family: Roboto; font-size: 14px;\">\u015eirketin faaliyet belgesi<\/span><\/li>\n<li><span style=\"font-family: Roboto; font-size: 14px;\">\u015eirketin vergi beyannamesi<\/span><\/li>\n<li><span style=\"font-family: Roboto; font-size: 14px;\">\u015eirket bilgileri<\/span><\/li>\n<\/ul>\n<p><span style=\"font-family: Roboto; font-size: 14px;\">Ba\u015fvuru sahibinden ise istenen belgeler \u015fu \u015fekildedir;<\/span><\/p>\n<ul>\n<li><span style=\"font-family: Roboto; font-size: 14px;\">10 y\u0131l i\u00e7erisinde \u00e7\u0131kar\u0131lm\u0131\u015f ve y\u0131pranmam\u0131\u015f pasaport<\/span><\/li>\n<li><span style=\"font-family: Roboto; font-size: 14px;\">\u00c7al\u0131\u015fma izni <span style=\"color: #2acec2;\"><strong><a style=\"color: #2acec2;\" href=\"https:\/\/www.myvize.com.tr\/gana\/form-ve-dilekce\/vize-basvuru-formu\/\" target=\"_blank\" rel=\"noopener\">vize ba\u015fvuru formu<\/a><\/strong><\/span><\/span><\/li>\n<li><span style=\"font-family: Roboto; font-size: 14px;\">Kimlik fotokopisi<\/span><\/li>\n<li><span style=\"font-family: Roboto; font-size: 14px;\">\u0130\u015f s\u00f6zle\u015fmesi<\/span><\/li>\n<li><span style=\"font-family: Roboto; font-size: 14px;\">Tam vukuatl\u0131 n\u00fcfus kay\u0131t \u00f6rne\u011fi<\/span><\/li>\n<li><span style=\"font-family: Roboto; font-size: 14px;\">Adli sicil kayd\u0131<\/span><\/li>\n<li><span style=\"font-family: Roboto; font-size: 14px;\">6 ay i\u00e7erisinde \u00e7ekilmi\u015f biyometrik foto\u011fraf<\/span><\/li>\n<li><span style=\"font-family: Roboto; font-size: 14px;\">Banka hesap d\u00f6k\u00fcm\u00fc<\/span><\/li>\n<li><span style=\"font-family: Roboto; font-size: 14px;\">Seyahat sa\u011fl\u0131k sigortas\u0131<\/span><\/li>\n<li><span style=\"font-family: Roboto; font-size: 14px;\">Konaklama bilgileri<\/span><\/li>\n<li><span style=\"font-family: Roboto; font-size: 14px;\">U\u00e7u\u015f bilgileri<\/span><\/li>\n<li><span style=\"font-family: Roboto; font-size: 14px;\">T\u00fcrkiye i\u015fe giri\u015f bildirimi<\/span><\/li>\n<\/ul>\n<p><span style=\"font-family: Roboto; font-size: 14px;\"><strong>\u00c7al\u0131\u015fma izni<\/strong> ba\u015fvurusunda bulunurken, \u015firketten istenen belgelerin \u015firketin ba\u011fl\u0131 bulundu\u011fu valilikten onayl\u0131 olmas\u0131 gerekmektedir. Ayr\u0131ca <span style=\"color: #2acec2;\"><strong><a style=\"color: #2acec2;\" href=\"https:\/\/www.myvize.com.tr\/gana\/gana-vize-basvurusu\/\" target=\"_blank\" rel=\"noopener\">Gana vize ba\u015fvurusu<\/a><\/strong><\/span> s\u0131ras\u0131nda Konsolosluk ba\u015fvuru sahibini y\u00fcz y\u00fcze g\u00f6r\u00fc\u015fmeye \u00e7a\u011f\u0131rabilir ya da ek belge talep edebilir. Vize s\u00fcresi bitince \u00e7al\u0131\u015f\u0131lan firman\u0131n arac\u0131l\u0131\u011f\u0131 ile uzat\u0131labilir.<\/span><\/p>\n<p><img decoding=\"async\" src=\"https:\/\/www.myvize.com.tr\/gana\/wp-content\/uploads\/2021\/10\/52.jpg\" \/><\/p>\n<h2><span style=\"font-family: Roboto; font-size: 27px;\"><strong>Gana \u00c7al\u0131\u015fma \u0130zni Nas\u0131l Al\u0131n\u0131r?<\/strong><\/span><\/h2>\n<p><span style=\"font-family: Roboto; font-size: 14px;\"><strong>Gana \u00c7al\u0131\u015fma \u0130zni nas\u0131l al\u0131n\u0131r <\/strong>ki\u015filerin burada \u00e7al\u0131\u015fmak istemeleri durumunda almalar\u0131 gereken bir vize t\u00fcr\u00fcd\u00fcr. <strong>\u00c7al\u0131\u015fma vizesi<\/strong> ile birlikte \u00fclkeye giri\u015f yapm\u0131\u015f olan ki\u015filerin kendilerine <strong>\u00e7al\u0131\u015fma vizesi<\/strong> alm\u0131\u015f olan \u015firket ile vize s\u00fcresini uzatma ve s\u00fcreli oturma durumuna \u00e7evirme imkanlar\u0131 da vard\u0131r. Di\u011fer vize t\u00fcrlerinde oldu\u011fu gibi bu vize t\u00fcr\u00fcnde de ki\u015filerin tamamlamas\u0131 gereken baz\u0131 belgeler vard\u0131r. \u00d6ncelikle vize ba\u015fvurusunu yerine getiren ki\u015fiyi davet etmi\u015f olan kurum ya da kurulu\u015flar\u0131n davet mektuplar\u0131na ihtiya\u00e7 vard\u0131r. \u0130ki adet referans gerekir. Bu nedenle de i\u015f ortaklar\u0131n\u0131n ve \u015firketin isminin, adresinin referans olarak ba\u015fvuru formunda yer alan ilgili b\u00f6l\u00fcme yaz\u0131lmas\u0131 gerekir. Kal\u0131nacak olan otelin ise referans k\u0131sm\u0131n\u0131n ikinci alan\u0131nda yer almas\u0131 gerekir. Otel ile ilgili olan b\u00fct\u00fcn bilgilerin girilmesi zorunludur. <strong>Gana \u015firket kurulu\u015f belgesi<\/strong> gerekir. Ayn\u0131 zaman da Gana \u015firketinin i\u015f faaliyetini g\u00f6steren bir belgesinde bulunmas\u0131 gerekir. \u015eirkete ait olan vergi beyannamesi belgesinin de yer almas\u0131 gerekir. Bu belgelerin zorunlu olarak doldurulmas\u0131 gerekir.\u00a0<\/span><\/p>\n<p>&nbsp;<\/p>\n","protected":false},"excerpt":{"rendered":"<p>Gana\u2019da \u00e7al\u0131\u015fmak isteyen T\u00fcrkiye Cumhuriyeti vatanda\u015flar\u0131n\u0131n Gana \u00e7al\u0131\u015fma izni almalar\u0131 gerekmektedir. \u00c7al\u0131\u015fma izni ba\u015fvurular\u0131 Gana\u2019n\u0131n T\u00fcrkiye\u2019de bulunan temsilciliklerine yap\u0131lmaktad\u0131r \u00c7al\u0131\u015fma izni i\u00e7in \u00f6ncelikle Gana\u2019da bir i\u015f bulman\u0131z ya da kurma giri\u015fiminiz olmas\u0131 gerekmektedir. Gana\u2019da bir i\u015f bulduysan\u0131z, Gana\u2019da bulunan firmadan davetiye alman\u0131z gerekmektedir. Gana \u00e7al\u0131\u015fma izni i\u00e7in Gana\u2019da bulunan \u015firketten baz\u0131 belgeler istenmektedir. Bu belgeler<\/p>\n","protected":false},"author":1,"featured_media":0,"parent":18,"menu_order":0,"comment_status":"open","ping_status":"closed","template":"","meta":{"footnotes":""},"class_list":["post-43","page","type-page","status-publish","hentry"],"yoast_head":"<!-- This site is optimized with the Yoast SEO plugin v24.0 - https:\/\/yoast.com\/wordpress\/plugins\/seo\/ -->\n<title>Gana \u00c7al\u0131\u015fma \u0130zni Vizesi - Gana Vize \u0130\u015flemi - MyVize<\/title>\n<meta name=\"description\" content=\"Gana \u00e7al\u0131\u015fma izni vizesi i\u00e7in gerekli g\u00fcncel evrak listesi. Gana \u00e7al\u0131\u015fma izni vizesi ba\u015fvurusunda dikkat edilmesi gereken \u015fartlar.\" \/>\n<meta name=\"robots\" content=\"index, follow, max-snippet:-1, max-image-preview:large, max-video-preview:-1\" \/>\n<link rel=\"canonical\" href=\"https:\/\/www.myvize.com.tr\/gana\/vize-islemleri\/gana-calisma-izni\/\" \/>\n<meta property=\"og:locale\" content=\"tr_TR\" \/>\n<meta property=\"og:type\" content=\"article\" \/>\n<meta property=\"og:title\" content=\"Gana \u00c7al\u0131\u015fma \u0130zni Vizesi - Gana Vize \u0130\u015flemi - MyVize\" \/>\n<meta property=\"og:description\" content=\"Gana \u00e7al\u0131\u015fma izni vizesi i\u00e7in gerekli g\u00fcncel evrak listesi. Gana \u00e7al\u0131\u015fma izni vizesi ba\u015fvurusunda dikkat edilmesi gereken \u015fartlar.\" \/>\n<meta property=\"og:url\" content=\"https:\/\/www.myvize.com.tr\/gana\/vize-islemleri\/gana-calisma-izni\/\" \/>\n<meta property=\"og:site_name\" content=\"Gana Vizesi\" \/>\n<meta property=\"article:modified_time\" content=\"2022-05-06T13:16:13+00:00\" \/>\n<meta property=\"og:image\" content=\"https:\/\/www.myvize.com.tr\/gana\/wp-content\/uploads\/2021\/10\/52.jpg\" \/>\n<meta name=\"twitter:card\" content=\"summary_large_image\" \/>\n<meta name=\"twitter:label1\" content=\"Tahmini okuma s\u00fcresi\" \/>\n\t<meta name=\"twitter:data1\" content=\"2 dakika\" \/>\n<script type=\"application\/ld+json\" class=\"yoast-schema-graph\">{\"@context\":\"https:\/\/schema.org\",\"@graph\":[{\"@type\":\"WebPage\",\"@id\":\"https:\/\/www.myvize.com.tr\/gana\/vize-islemleri\/gana-calisma-izni\/\",\"url\":\"https:\/\/www.myvize.com.tr\/gana\/vize-islemleri\/gana-calisma-izni\/\",\"name\":\"Gana \u00c7al\u0131\u015fma \u0130zni Vizesi - Gana Vize \u0130\u015flemi - MyVize\",\"isPartOf\":{\"@id\":\"https:\/\/www.myvize.com.tr\/gana\/#website\"},\"primaryImageOfPage\":{\"@id\":\"https:\/\/www.myvize.com.tr\/gana\/vize-islemleri\/gana-calisma-izni\/#primaryimage\"},\"image\":{\"@id\":\"https:\/\/www.myvize.com.tr\/gana\/vize-islemleri\/gana-calisma-izni\/#primaryimage\"},\"thumbnailUrl\":\"https:\/\/www.myvize.com.tr\/gana\/wp-content\/uploads\/2021\/10\/52.jpg\",\"datePublished\":\"2020-11-30T09:47:27+00:00\",\"dateModified\":\"2022-05-06T13:16:13+00:00\",\"description\":\"Gana \u00e7al\u0131\u015fma izni vizesi i\u00e7in gerekli g\u00fcncel evrak listesi. Gana \u00e7al\u0131\u015fma izni vizesi ba\u015fvurusunda dikkat edilmesi gereken \u015fartlar.\",\"breadcrumb\":{\"@id\":\"https:\/\/www.myvize.com.tr\/gana\/vize-islemleri\/gana-calisma-izni\/#breadcrumb\"},\"inLanguage\":\"tr\",\"potentialAction\":[{\"@type\":\"ReadAction\",\"target\":[\"https:\/\/www.myvize.com.tr\/gana\/vize-islemleri\/gana-calisma-izni\/\"]}]},{\"@type\":\"ImageObject\",\"inLanguage\":\"tr\",\"@id\":\"https:\/\/www.myvize.com.tr\/gana\/vize-islemleri\/gana-calisma-izni\/#primaryimage\",\"url\":\"https:\/\/www.myvize.com.tr\/gana\/wp-content\/uploads\/2021\/10\/52.jpg\",\"contentUrl\":\"https:\/\/www.myvize.com.tr\/gana\/wp-content\/uploads\/2021\/10\/52.jpg\",\"width\":800,\"height\":500,\"caption\":\"Gana \u00c7al\u0131\u015fma \u0130zni\"},{\"@type\":\"BreadcrumbList\",\"@id\":\"https:\/\/www.myvize.com.tr\/gana\/vize-islemleri\/gana-calisma-izni\/#breadcrumb\",\"itemListElement\":[{\"@type\":\"ListItem\",\"position\":1,\"name\":\"Anasayfa\",\"item\":\"https:\/\/www.myvize.com.tr\/gana\/\"},{\"@type\":\"ListItem\",\"position\":2,\"name\":\"V\u0130ZE \u0130\u015eLEMLER\u0130\",\"item\":\"https:\/\/www.myvize.com.tr\/gana\/vize-islemleri\/\"},{\"@type\":\"ListItem\",\"position\":3,\"name\":\"Gana \u00c7al\u0131\u015fma \u0130zni\"}]},{\"@type\":\"WebSite\",\"@id\":\"https:\/\/www.myvize.com.tr\/gana\/#website\",\"url\":\"https:\/\/www.myvize.com.tr\/gana\/\",\"name\":\"Gana Vizesi\",\"description\":\"\",\"potentialAction\":[{\"@type\":\"SearchAction\",\"target\":{\"@type\":\"EntryPoint\",\"urlTemplate\":\"https:\/\/www.myvize.com.tr\/gana\/?s={search_term_string}\"},\"query-input\":{\"@type\":\"PropertyValueSpecification\",\"valueRequired\":true,\"valueName\":\"search_term_string\"}}],\"inLanguage\":\"tr\"}]}<\/script>\n<!-- \/ Yoast SEO plugin. -->","yoast_head_json":{"title":"Gana \u00c7al\u0131\u015fma \u0130zni Vizesi - Gana Vize \u0130\u015flemi - MyVize","description":"Gana \u00e7al\u0131\u015fma izni vizesi i\u00e7in gerekli g\u00fcncel evrak listesi. Gana \u00e7al\u0131\u015fma izni vizesi ba\u015fvurusunda dikkat edilmesi gereken \u015fartlar.","robots":{"index":"index","follow":"follow","max-snippet":"max-snippet:-1","max-image-preview":"max-image-preview:large","max-video-preview":"max-video-preview:-1"},"canonical":"https:\/\/www.myvize.com.tr\/gana\/vize-islemleri\/gana-calisma-izni\/","og_locale":"tr_TR","og_type":"article","og_title":"Gana \u00c7al\u0131\u015fma \u0130zni Vizesi - Gana Vize \u0130\u015flemi - MyVize","og_description":"Gana \u00e7al\u0131\u015fma izni vizesi i\u00e7in gerekli g\u00fcncel evrak listesi. Gana \u00e7al\u0131\u015fma izni vizesi ba\u015fvurusunda dikkat edilmesi gereken \u015fartlar.","og_url":"https:\/\/www.myvize.com.tr\/gana\/vize-islemleri\/gana-calisma-izni\/","og_site_name":"Gana Vizesi","article_modified_time":"2022-05-06T13:16:13+00:00","og_image":[{"url":"https:\/\/www.myvize.com.tr\/gana\/wp-content\/uploads\/2021\/10\/52.jpg","type":"","width":"","height":""}],"twitter_card":"summary_large_image","twitter_misc":{"Tahmini okuma s\u00fcresi":"2 dakika"},"schema":{"@context":"https:\/\/schema.org","@graph":[{"@type":"WebPage","@id":"https:\/\/www.myvize.com.tr\/gana\/vize-islemleri\/gana-calisma-izni\/","url":"https:\/\/www.myvize.com.tr\/gana\/vize-islemleri\/gana-calisma-izni\/","name":"Gana \u00c7al\u0131\u015fma \u0130zni Vizesi - Gana Vize \u0130\u015flemi - MyVize","isPartOf":{"@id":"https:\/\/www.myvize.com.tr\/gana\/#website"},"primaryImageOfPage":{"@id":"https:\/\/www.myvize.com.tr\/gana\/vize-islemleri\/gana-calisma-izni\/#primaryimage"},"image":{"@id":"https:\/\/www.myvize.com.tr\/gana\/vize-islemleri\/gana-calisma-izni\/#primaryimage"},"thumbnailUrl":"https:\/\/www.myvize.com.tr\/gana\/wp-content\/uploads\/2021\/10\/52.jpg","datePublished":"2020-11-30T09:47:27+00:00","dateModified":"2022-05-06T13:16:13+00:00","description":"Gana \u00e7al\u0131\u015fma izni vizesi i\u00e7in gerekli g\u00fcncel evrak listesi. Gana \u00e7al\u0131\u015fma izni vizesi ba\u015fvurusunda dikkat edilmesi gereken \u015fartlar.","breadcrumb":{"@id":"https:\/\/www.myvize.com.tr\/gana\/vize-islemleri\/gana-calisma-izni\/#breadcrumb"},"inLanguage":"tr","potentialAction":[{"@type":"ReadAction","target":["https:\/\/www.myvize.com.tr\/gana\/vize-islemleri\/gana-calisma-izni\/"]}]},{"@type":"ImageObject","inLanguage":"tr","@id":"https:\/\/www.myvize.com.tr\/gana\/vize-islemleri\/gana-calisma-izni\/#primaryimage","url":"https:\/\/www.myvize.com.tr\/gana\/wp-content\/uploads\/2021\/10\/52.jpg","contentUrl":"https:\/\/www.myvize.com.tr\/gana\/wp-content\/uploads\/2021\/10\/52.jpg","width":800,"height":500,"caption":"Gana \u00c7al\u0131\u015fma \u0130zni"},{"@type":"BreadcrumbList","@id":"https:\/\/www.myvize.com.tr\/gana\/vize-islemleri\/gana-calisma-izni\/#breadcrumb","itemListElement":[{"@type":"ListItem","position":1,"name":"Anasayfa","item":"https:\/\/www.myvize.com.tr\/gana\/"},{"@type":"ListItem","position":2,"name":"V\u0130ZE \u0130\u015eLEMLER\u0130","item":"https:\/\/www.myvize.com.tr\/gana\/vize-islemleri\/"},{"@type":"ListItem","position":3,"name":"Gana \u00c7al\u0131\u015fma \u0130zni"}]},{"@type":"WebSite","@id":"https:\/\/www.myvize.com.tr\/gana\/#website","url":"https:\/\/www.myvize.com.tr\/gana\/","name":"Gana Vizesi","description":"","potentialAction":[{"@type":"SearchAction","target":{"@type":"EntryPoint","urlTemplate":"https:\/\/www.myvize.com.tr\/gana\/?s={search_term_string}"},"query-input":{"@type":"PropertyValueSpecification","valueRequired":true,"valueName":"search_term_string"}}],"inLanguage":"tr"}]}},"_links":{"self":[{"href":"https:\/\/www.myvize.com.tr\/gana\/wp-json\/wp\/v2\/pages\/43","targetHints":{"allow":["GET"]}}],"collection":[{"href":"https:\/\/www.myvize.com.tr\/gana\/wp-json\/wp\/v2\/pages"}],"about":[{"href":"https:\/\/www.myvize.com.tr\/gana\/wp-json\/wp\/v2\/types\/page"}],"author":[{"embeddable":true,"href":"https:\/\/www.myvize.com.tr\/gana\/wp-json\/wp\/v2\/users\/1"}],"replies":[{"embeddable":true,"href":"https:\/\/www.myvize.com.tr\/gana\/wp-json\/wp\/v2\/comments?post=43"}],"version-history":[{"count":7,"href":"https:\/\/www.myvize.com.tr\/gana\/wp-json\/wp\/v2\/pages\/43\/revisions"}],"predecessor-version":[{"id":685,"href":"https:\/\/www.myvize.com.tr\/gana\/wp-json\/wp\/v2\/pages\/43\/revisions\/685"}],"up":[{"embeddable":true,"href":"https:\/\/www.myvize.com.tr\/gana\/wp-json\/wp\/v2\/pages\/18"}],"wp:attachment":[{"href":"https:\/\/www.myvize.com.tr\/gana\/wp-json\/wp\/v2\/media?parent=43"}],"curies":[{"name":"wp","href":"https:\/\/api.w.org\/{rel}","templated":true}]}}