{"id":45,"date":"2020-11-30T12:47:57","date_gmt":"2020-11-30T09:47:57","guid":{"rendered":"https:\/\/www.myvize.com.tr\/gana\/?page_id=45"},"modified":"2022-05-06T16:18:24","modified_gmt":"2022-05-06T13:18:24","slug":"gana-oturum-izni","status":"publish","type":"page","link":"https:\/\/www.myvize.com.tr\/gana\/vize-islemleri\/gana-oturum-izni\/","title":{"rendered":"Gana Oturum \u0130zni"},"content":{"rendered":"<p><span style=\"font-family: Roboto; font-size: 14px;\">Gana\u2019da 90 g\u00fcnden fazla s\u00fcre ile ikamet etmek isteyen T\u00fcrkiye Cumhuriyeti vatanda\u015flar\u0131 <strong>Gana oturum izni<\/strong> almal\u0131d\u0131r. Gana oturum izni i\u00e7in <span style=\"color: #2acec2;\"><strong><a style=\"color: #2acec2;\" href=\"https:\/\/www.myvize.com.tr\/gana\/konsolosluklar\/ankara-buyukelciligi\/\" target=\"_blank\" rel=\"noopener\">Gana Ankara B\u00fcy\u00fckel\u00e7ili\u011fi<\/a><\/strong><\/span> ya da Gana \u0130stanbul Ba\u015fkonsoloslu\u011fu\u2019na ba\u015fvuruda bulunulmal\u0131d\u0131r. Vize ba\u015fvuru formu doldurulmal\u0131 ve ard\u0131ndan ba\u015fvuru yap\u0131lacak yerden randevu al\u0131nmal\u0131d\u0131r. Daha sonra ise gerekli belgeler haz\u0131rlanmal\u0131 ve vize ba\u015fvurunda bulunulmal\u0131d\u0131r. <strong>Gana oturum izni<\/strong> i\u00e7in ge\u00e7erli bir sebebinizin bulunmas\u0131 \u00f6nemlidir.<\/span><\/p>\n<p><span style=\"font-family: Roboto; font-size: 14px;\"><strong>Gana oturum izni<\/strong> i\u00e7in gerekli belgeler;<\/span><\/p>\n<ul>\n<li><span style=\"font-family: Roboto; font-size: 14px;\">Pasaport; 10 y\u0131l i\u00e7erisinde \u00e7\u0131kar\u0131lm\u0131\u015f ve oturum s\u00fcresini kapsar \u015fekilde olmas\u0131 gerekmektedir. Ayr\u0131ca pasaportun y\u0131pranmam\u0131\u015f olmas\u0131 gerekiyor.<\/span><\/li>\n<li><span style=\"font-family: Roboto; font-size: 14px;\">Oturum izni <span style=\"color: #2acec2;\"><strong><a style=\"color: #2acec2;\" href=\"https:\/\/www.myvize.com.tr\/gana\/form-ve-dilekce\/vize-basvuru-formu\/\" target=\"_blank\" rel=\"noopener\">vize ba\u015fvuru formu<\/a><\/strong><\/span>; bu formun okunakl\u0131 olarak ve do\u011fru bir \u015fekilde doldurulmas\u0131 gerekmektedir.<\/span><\/li>\n<li><span style=\"font-family: Roboto; font-size: 14px;\">Oturum izni dilek\u00e7esi; Ankara B\u00fcy\u00fckel\u00e7ili\u011fi ya da \u0130stanbul Ba\u015fkonsoloslu\u011fu\u2019na hitaben yaz\u0131lmal\u0131d\u0131r.<\/span><\/li>\n<li><span style=\"font-family: Roboto; font-size: 14px;\">Son \u00fc\u00e7 aya ait banka hesap d\u00f6k\u00fcm\u00fc,<\/span><\/li>\n<li><span style=\"font-family: Roboto; font-size: 14px;\">G\u00fcncel adli sicil kayd\u0131<\/span><\/li>\n<li><span style=\"font-family: Roboto; font-size: 14px;\">Tam vukuatl\u0131 n\u00fcfus kay\u0131t \u00f6rne\u011fi<\/span><\/li>\n<li><span style=\"font-family: Roboto; font-size: 14px;\">Gana\u2019da konaklayaca\u011f\u0131n\u0131z yerin adresi ve ileti\u015fim bilgileri<\/span><\/li>\n<li><span style=\"font-family: Roboto; font-size: 14px;\">30 bin Euro teminatl\u0131 Seyahat Sa\u011fl\u0131k Sigortas\u0131<\/span><\/li>\n<li><span style=\"font-family: Roboto; font-size: 14px;\">Kimlik fotokopisi<\/span><\/li>\n<li><span style=\"font-family: Roboto; font-size: 14px;\"><strong>Gana oturum izni<\/strong> ba\u015fvurunuzun nedenini kan\u0131tlayan belgeler<\/span><\/li>\n<li><span style=\"font-family: Roboto; font-size: 14px;\">U\u00e7u\u015f bilgileri<\/span><\/li>\n<li><span style=\"font-family: Roboto; font-size: 14px;\">Gana\u2019da gayrimenkul\u00fcn\u00fcz var ise bilgileri<\/span><\/li>\n<li><span style=\"font-family: Roboto; font-size: 14px;\">T\u00fcrkiye\u2019de bulunan e\u011fer var ise tapu, ara\u00e7 ruhsat\u0131 fotokopileri<\/span><\/li>\n<li><span style=\"font-family: Roboto; font-size: 14px;\">Var ise ek gelirleri g\u00f6steren belgeler.<\/span><\/li>\n<\/ul>\n<p><img decoding=\"async\" src=\"https:\/\/www.myvize.com.tr\/gana\/wp-content\/uploads\/2021\/10\/55.jpg\" \/><\/p>\n<h2><span style=\"font-family: Roboto; font-size: 27px;\"><strong>Gana Oturum \u0130zni Nas\u0131l Al\u0131n\u0131r?<\/strong><\/span><\/h2>\n<p><span style=\"font-family: Roboto; font-size: 14px;\"><strong>Gana Oturum \u0130zni nas\u0131l al\u0131n\u0131r\u00a0<\/strong>ya\u015fayan g\u00f6\u00e7menlerin sordu\u011fu sorular aras\u0131nda yer alan bir durumdur. Ancak bu durumu d\u00fczenleyen birden fazla da yasa yer al\u0131r. Neden geldikleri, oturma i\u00e7in s\u00fcreleri, ya da <strong>oturma izin<\/strong> stat\u00fcs\u00fcn\u00fcn gerekli olan b\u00fct\u00fcn durumlar\u0131n\u0131n tamamlanmas\u0131 gerekir. <strong>Oturum izninin al\u0131nabilmesi i\u00e7in<\/strong> \u00f6ncelikle ki\u015finin kendi iradesinin olmas\u0131 gerekir. \u00dcstelik \u00fclke i\u00e7in gerekli olan b\u00fct\u00fcn \u015fartlar\u0131nda sa\u011flanmas\u0131 gerekir. \u00d6ncelikle belli bir s\u00fcredir orada ikamet ediyor ve orada ya\u015f\u0131yor olman\u0131z gerekir. Bunlar direk olarak kendinizin almas\u0131 i\u00e7in gerekli olan durumlard\u0131r. E\u011fer bir de \u00e7ocu\u011funuz bulunuyorsa \u00e7ocu\u011funuzun ba\u015fvurusunu kendi \u00fczerinizden de yapabilme imkan\u0131n\u0131z vard\u0131r. Ki\u015filerin bunlar\u0131n d\u0131\u015f\u0131nda \u00e7al\u0131\u015fma ya da e\u011fitim nedeni ile de kalma durumlar\u0131 olabilir. Ayn\u0131 zaman da e\u015f nedeni ile de kalma ihtimali olduk\u00e7a y\u00fcksektir. Ki\u015filerin orada evlenerek kalmas\u0131 durumunda oturum izinlerini almalar\u0131 \u00e7ok daha kolay ve \u00e7ok daha k\u0131sa bir s\u00fcre i\u00e7erisinde tamamlanm\u0131\u015f olur. Bu sayede orada \u00e7al\u0131\u015f\u0131rken de herhangi bir s\u0131k\u0131nt\u0131 ya\u015fama ihtimali kalmaz.<\/span><\/p>\n","protected":false},"excerpt":{"rendered":"<p>Gana\u2019da 90 g\u00fcnden fazla s\u00fcre ile ikamet etmek isteyen T\u00fcrkiye Cumhuriyeti vatanda\u015flar\u0131 Gana oturum izni almal\u0131d\u0131r. Gana oturum izni i\u00e7in Gana Ankara B\u00fcy\u00fckel\u00e7ili\u011fi ya da Gana \u0130stanbul Ba\u015fkonsoloslu\u011fu\u2019na ba\u015fvuruda bulunulmal\u0131d\u0131r. Vize ba\u015fvuru formu doldurulmal\u0131 ve ard\u0131ndan ba\u015fvuru yap\u0131lacak yerden randevu al\u0131nmal\u0131d\u0131r. Daha sonra ise gerekli belgeler haz\u0131rlanmal\u0131 ve vize ba\u015fvurunda bulunulmal\u0131d\u0131r. Gana oturum izni i\u00e7in<\/p>\n","protected":false},"author":1,"featured_media":0,"parent":18,"menu_order":0,"comment_status":"open","ping_status":"closed","template":"","meta":{"footnotes":""},"class_list":["post-45","page","type-page","status-publish","hentry"],"yoast_head":"<!-- This site is optimized with the Yoast SEO plugin v24.0 - https:\/\/yoast.com\/wordpress\/plugins\/seo\/ -->\n<title>Gana Oturum \u0130zni Vizesi - Gana Vizesi - MyVize<\/title>\n<meta name=\"description\" content=\"Gana oturum vizesi gerekli evrak listesi. Gana oturum vizesi nas\u0131l al\u0131n\u0131r? Gana oturum vizesine dair her \u015fey.\" \/>\n<meta name=\"robots\" content=\"index, follow, max-snippet:-1, max-image-preview:large, max-video-preview:-1\" \/>\n<link rel=\"canonical\" href=\"https:\/\/www.myvize.com.tr\/gana\/vize-islemleri\/gana-oturum-izni\/\" \/>\n<meta property=\"og:locale\" content=\"tr_TR\" \/>\n<meta property=\"og:type\" content=\"article\" \/>\n<meta property=\"og:title\" content=\"Gana Oturum \u0130zni Vizesi - Gana Vizesi - MyVize\" \/>\n<meta property=\"og:description\" content=\"Gana oturum vizesi gerekli evrak listesi. Gana oturum vizesi nas\u0131l al\u0131n\u0131r? Gana oturum vizesine dair her \u015fey.\" \/>\n<meta property=\"og:url\" content=\"https:\/\/www.myvize.com.tr\/gana\/vize-islemleri\/gana-oturum-izni\/\" \/>\n<meta property=\"og:site_name\" content=\"Gana Vizesi\" \/>\n<meta property=\"article:modified_time\" content=\"2022-05-06T13:18:24+00:00\" \/>\n<meta property=\"og:image\" content=\"https:\/\/www.myvize.com.tr\/gana\/wp-content\/uploads\/2021\/10\/55.jpg\" \/>\n<meta name=\"twitter:card\" content=\"summary_large_image\" \/>\n<meta name=\"twitter:label1\" content=\"Tahmini okuma s\u00fcresi\" \/>\n\t<meta name=\"twitter:data1\" content=\"2 dakika\" \/>\n<script type=\"application\/ld+json\" class=\"yoast-schema-graph\">{\"@context\":\"https:\/\/schema.org\",\"@graph\":[{\"@type\":\"WebPage\",\"@id\":\"https:\/\/www.myvize.com.tr\/gana\/vize-islemleri\/gana-oturum-izni\/\",\"url\":\"https:\/\/www.myvize.com.tr\/gana\/vize-islemleri\/gana-oturum-izni\/\",\"name\":\"Gana Oturum \u0130zni Vizesi - Gana Vizesi - MyVize\",\"isPartOf\":{\"@id\":\"https:\/\/www.myvize.com.tr\/gana\/#website\"},\"primaryImageOfPage\":{\"@id\":\"https:\/\/www.myvize.com.tr\/gana\/vize-islemleri\/gana-oturum-izni\/#primaryimage\"},\"image\":{\"@id\":\"https:\/\/www.myvize.com.tr\/gana\/vize-islemleri\/gana-oturum-izni\/#primaryimage\"},\"thumbnailUrl\":\"https:\/\/www.myvize.com.tr\/gana\/wp-content\/uploads\/2021\/10\/55.jpg\",\"datePublished\":\"2020-11-30T09:47:57+00:00\",\"dateModified\":\"2022-05-06T13:18:24+00:00\",\"description\":\"Gana oturum vizesi gerekli evrak listesi. Gana oturum vizesi nas\u0131l al\u0131n\u0131r? Gana oturum vizesine dair her \u015fey.\",\"breadcrumb\":{\"@id\":\"https:\/\/www.myvize.com.tr\/gana\/vize-islemleri\/gana-oturum-izni\/#breadcrumb\"},\"inLanguage\":\"tr\",\"potentialAction\":[{\"@type\":\"ReadAction\",\"target\":[\"https:\/\/www.myvize.com.tr\/gana\/vize-islemleri\/gana-oturum-izni\/\"]}]},{\"@type\":\"ImageObject\",\"inLanguage\":\"tr\",\"@id\":\"https:\/\/www.myvize.com.tr\/gana\/vize-islemleri\/gana-oturum-izni\/#primaryimage\",\"url\":\"https:\/\/www.myvize.com.tr\/gana\/wp-content\/uploads\/2021\/10\/55.jpg\",\"contentUrl\":\"https:\/\/www.myvize.com.tr\/gana\/wp-content\/uploads\/2021\/10\/55.jpg\",\"width\":800,\"height\":500,\"caption\":\"Gana Oturum \u0130zni\"},{\"@type\":\"BreadcrumbList\",\"@id\":\"https:\/\/www.myvize.com.tr\/gana\/vize-islemleri\/gana-oturum-izni\/#breadcrumb\",\"itemListElement\":[{\"@type\":\"ListItem\",\"position\":1,\"name\":\"Anasayfa\",\"item\":\"https:\/\/www.myvize.com.tr\/gana\/\"},{\"@type\":\"ListItem\",\"position\":2,\"name\":\"V\u0130ZE \u0130\u015eLEMLER\u0130\",\"item\":\"https:\/\/www.myvize.com.tr\/gana\/vize-islemleri\/\"},{\"@type\":\"ListItem\",\"position\":3,\"name\":\"Gana Oturum \u0130zni\"}]},{\"@type\":\"WebSite\",\"@id\":\"https:\/\/www.myvize.com.tr\/gana\/#website\",\"url\":\"https:\/\/www.myvize.com.tr\/gana\/\",\"name\":\"Gana Vizesi\",\"description\":\"\",\"potentialAction\":[{\"@type\":\"SearchAction\",\"target\":{\"@type\":\"EntryPoint\",\"urlTemplate\":\"https:\/\/www.myvize.com.tr\/gana\/?s={search_term_string}\"},\"query-input\":{\"@type\":\"PropertyValueSpecification\",\"valueRequired\":true,\"valueName\":\"search_term_string\"}}],\"inLanguage\":\"tr\"}]}<\/script>\n<!-- \/ Yoast SEO plugin. -->","yoast_head_json":{"title":"Gana Oturum \u0130zni Vizesi - Gana Vizesi - MyVize","description":"Gana oturum vizesi gerekli evrak listesi. Gana oturum vizesi nas\u0131l al\u0131n\u0131r? Gana oturum vizesine dair her \u015fey.","robots":{"index":"index","follow":"follow","max-snippet":"max-snippet:-1","max-image-preview":"max-image-preview:large","max-video-preview":"max-video-preview:-1"},"canonical":"https:\/\/www.myvize.com.tr\/gana\/vize-islemleri\/gana-oturum-izni\/","og_locale":"tr_TR","og_type":"article","og_title":"Gana Oturum \u0130zni Vizesi - Gana Vizesi - MyVize","og_description":"Gana oturum vizesi gerekli evrak listesi. Gana oturum vizesi nas\u0131l al\u0131n\u0131r? Gana oturum vizesine dair her \u015fey.","og_url":"https:\/\/www.myvize.com.tr\/gana\/vize-islemleri\/gana-oturum-izni\/","og_site_name":"Gana Vizesi","article_modified_time":"2022-05-06T13:18:24+00:00","og_image":[{"url":"https:\/\/www.myvize.com.tr\/gana\/wp-content\/uploads\/2021\/10\/55.jpg","type":"","width":"","height":""}],"twitter_card":"summary_large_image","twitter_misc":{"Tahmini okuma s\u00fcresi":"2 dakika"},"schema":{"@context":"https:\/\/schema.org","@graph":[{"@type":"WebPage","@id":"https:\/\/www.myvize.com.tr\/gana\/vize-islemleri\/gana-oturum-izni\/","url":"https:\/\/www.myvize.com.tr\/gana\/vize-islemleri\/gana-oturum-izni\/","name":"Gana Oturum \u0130zni Vizesi - Gana Vizesi - MyVize","isPartOf":{"@id":"https:\/\/www.myvize.com.tr\/gana\/#website"},"primaryImageOfPage":{"@id":"https:\/\/www.myvize.com.tr\/gana\/vize-islemleri\/gana-oturum-izni\/#primaryimage"},"image":{"@id":"https:\/\/www.myvize.com.tr\/gana\/vize-islemleri\/gana-oturum-izni\/#primaryimage"},"thumbnailUrl":"https:\/\/www.myvize.com.tr\/gana\/wp-content\/uploads\/2021\/10\/55.jpg","datePublished":"2020-11-30T09:47:57+00:00","dateModified":"2022-05-06T13:18:24+00:00","description":"Gana oturum vizesi gerekli evrak listesi. Gana oturum vizesi nas\u0131l al\u0131n\u0131r? Gana oturum vizesine dair her \u015fey.","breadcrumb":{"@id":"https:\/\/www.myvize.com.tr\/gana\/vize-islemleri\/gana-oturum-izni\/#breadcrumb"},"inLanguage":"tr","potentialAction":[{"@type":"ReadAction","target":["https:\/\/www.myvize.com.tr\/gana\/vize-islemleri\/gana-oturum-izni\/"]}]},{"@type":"ImageObject","inLanguage":"tr","@id":"https:\/\/www.myvize.com.tr\/gana\/vize-islemleri\/gana-oturum-izni\/#primaryimage","url":"https:\/\/www.myvize.com.tr\/gana\/wp-content\/uploads\/2021\/10\/55.jpg","contentUrl":"https:\/\/www.myvize.com.tr\/gana\/wp-content\/uploads\/2021\/10\/55.jpg","width":800,"height":500,"caption":"Gana Oturum \u0130zni"},{"@type":"BreadcrumbList","@id":"https:\/\/www.myvize.com.tr\/gana\/vize-islemleri\/gana-oturum-izni\/#breadcrumb","itemListElement":[{"@type":"ListItem","position":1,"name":"Anasayfa","item":"https:\/\/www.myvize.com.tr\/gana\/"},{"@type":"ListItem","position":2,"name":"V\u0130ZE \u0130\u015eLEMLER\u0130","item":"https:\/\/www.myvize.com.tr\/gana\/vize-islemleri\/"},{"@type":"ListItem","position":3,"name":"Gana Oturum \u0130zni"}]},{"@type":"WebSite","@id":"https:\/\/www.myvize.com.tr\/gana\/#website","url":"https:\/\/www.myvize.com.tr\/gana\/","name":"Gana Vizesi","description":"","potentialAction":[{"@type":"SearchAction","target":{"@type":"EntryPoint","urlTemplate":"https:\/\/www.myvize.com.tr\/gana\/?s={search_term_string}"},"query-input":{"@type":"PropertyValueSpecification","valueRequired":true,"valueName":"search_term_string"}}],"inLanguage":"tr"}]}},"_links":{"self":[{"href":"https:\/\/www.myvize.com.tr\/gana\/wp-json\/wp\/v2\/pages\/45","targetHints":{"allow":["GET"]}}],"collection":[{"href":"https:\/\/www.myvize.com.tr\/gana\/wp-json\/wp\/v2\/pages"}],"about":[{"href":"https:\/\/www.myvize.com.tr\/gana\/wp-json\/wp\/v2\/types\/page"}],"author":[{"embeddable":true,"href":"https:\/\/www.myvize.com.tr\/gana\/wp-json\/wp\/v2\/users\/1"}],"replies":[{"embeddable":true,"href":"https:\/\/www.myvize.com.tr\/gana\/wp-json\/wp\/v2\/comments?post=45"}],"version-history":[{"count":6,"href":"https:\/\/www.myvize.com.tr\/gana\/wp-json\/wp\/v2\/pages\/45\/revisions"}],"predecessor-version":[{"id":377,"href":"https:\/\/www.myvize.com.tr\/gana\/wp-json\/wp\/v2\/pages\/45\/revisions\/377"}],"up":[{"embeddable":true,"href":"https:\/\/www.myvize.com.tr\/gana\/wp-json\/wp\/v2\/pages\/18"}],"wp:attachment":[{"href":"https:\/\/www.myvize.com.tr\/gana\/wp-json\/wp\/v2\/media?parent=45"}],"curies":[{"name":"wp","href":"https:\/\/api.w.org\/{rel}","templated":true}]}}