{"id":47,"date":"2020-11-30T12:48:28","date_gmt":"2020-11-30T09:48:28","guid":{"rendered":"https:\/\/www.myvize.com.tr\/gana\/?page_id=47"},"modified":"2022-05-06T16:19:41","modified_gmt":"2022-05-06T13:19:41","slug":"gana-vize-basvuru-formu","status":"publish","type":"page","link":"https:\/\/www.myvize.com.tr\/gana\/vize-islemleri\/gana-vize-basvuru-formu\/","title":{"rendered":"Gana Vize Ba\u015fvuru Formu"},"content":{"rendered":"<p><span style=\"font-family: Roboto; font-size: 14px;\"><strong><span style=\"color: #2acec2;\"><a style=\"color: #2acec2;\" href=\"https:\/\/www.myvize.com.tr\/gana\/vize-islemleri\/gana-vizesi\/\" target=\"_blank\" rel=\"noopener\">Gana vizesi<\/a><\/span> ba\u015fvuru formu<\/strong>, Gana\u2019ya yapaca\u011f\u0131n\u0131z seyahatlerinizde seyahat amac\u0131n\u0131z\u0131, seyahat s\u00fcrenizi, kimlik bilgilerinizi, aile bilgileriniz, daha \u00f6nceki seyahatlerinizi a\u00e7\u0131klayan bir evrakt\u0131r. <strong>Vize ba\u015fvurusu<\/strong> s\u0131ras\u0131nda dikkat edilmesi gereken en \u00f6nemli evrak budur. <strong>Gana vize ba\u015fvuru formu<\/strong> uluslararas\u0131 ge\u00e7erlili\u011fi olan bir belgedir ve resmi evrakt\u0131r. Bu belgeye yaz\u0131lan herhangi bir hatal\u0131 bilgi vize ba\u015fvuru reddine neden olmaktad\u0131r. Hatta bu durumdan dolay\u0131 ceza bile al\u0131nabilir.<\/span><\/p>\n<p><span style=\"font-family: Roboto; font-size: 14px;\"><strong>Gana vize ba\u015fvuru formu<\/strong> el ile doldurulmal\u0131d\u0131r. Doldurulduktan sonra ba\u015fvuru sahibi taraf\u0131ndan tarih yaz\u0131l\u0131p imza at\u0131lmal\u0131d\u0131r. B\u00f6ylelikle ba\u015fvuru sahibi yazm\u0131\u015f oldu\u011fu bilgilerin do\u011frulu\u011funu kabul etmi\u015f olur. Ayr\u0131ca bu belgenin imzalanmas\u0131 ile Gana seyahati s\u0131ras\u0131nda toplum d\u00fczenini tehlikeye sokmayaca\u011f\u0131n\u0131 ve vize bitiminden \u00f6nce \u00fclkeden ayr\u0131laca\u011f\u0131n\u0131 kabul etmi\u015f olur. Form iki adet doldurulmal\u0131d\u0131r ve biyometrik foto\u011fraf yap\u0131\u015ft\u0131r\u0131lmal\u0131d\u0131r. <strong>Gana vize<\/strong> ba\u015fvuru formunda a\u015fa\u011f\u0131daki bilgiler yer almaktad\u0131r.<\/span><\/p>\n<ul>\n<li><span style=\"font-family: Roboto; font-size: 14px;\">Kimlik Bilgileri<\/span><\/li>\n<li><span style=\"font-family: Roboto; font-size: 14px;\">Adres bilgileri<\/span><\/li>\n<li><span style=\"font-family: Roboto; font-size: 14px;\">\u0130leti\u015fim bilgileri<\/span><\/li>\n<li><span style=\"font-family: Roboto; font-size: 14px;\">Gana\u2019ya gidi\u015f yap\u0131lacak tarih<\/span><\/li>\n<li><span style=\"font-family: Roboto; font-size: 14px;\">Seyahat amac\u0131<\/span><\/li>\n<li><span style=\"font-family: Roboto; font-size: 14px;\">Gana\u2019da konaklayaca\u011f\u0131n\u0131z yerin bilgileri<\/span><\/li>\n<li><span style=\"font-family: Roboto; font-size: 14px;\">Pasaport bilgileri<\/span><\/li>\n<li><span style=\"font-family: Roboto; font-size: 14px;\">Gana\u2019da kal\u0131nacak s\u00fcre<\/span><\/li>\n<li><span style=\"font-family: Roboto; font-size: 14px;\">Gana\u2019dan ayr\u0131laca\u011f\u0131n\u0131z tarih<\/span><\/li>\n<li><span style=\"font-family: Roboto; font-size: 14px;\">Aile kimlik ve ileti\u015fim bilgileri<\/span><\/li>\n<li><span style=\"font-family: Roboto; font-size: 14px;\">Gana\u2019ya daha \u00f6nceden ziyaret yapt\u0131ysan\u0131z tarihi<\/span><\/li>\n<\/ul>\n<p><span style=\"font-family: Roboto; font-size: 14px;\">Gana\u2019ya yolculuk yapmak isteyen T\u00fcrk vatanda\u015flar\u0131n\u0131n, yolculuk ama\u00e7lar\u0131na uygun bir \u015fekilde vize t\u00fcrlerini se\u00e7mesi gerekmektedir. \u00d6zellikle ki\u015filerin\u00a0<strong>Gana <span style=\"color: #2acec2;\"><a style=\"color: #2acec2;\" href=\"https:\/\/www.myvize.com.tr\/gana\/vize-islemleri\/\" target=\"_blank\" rel=\"noopener\">Vize \u0130\u015flemleri<\/a><\/span>\u00a0<\/strong>i\u00e7in ve\u00a0<span style=\"color: #2acec2;\"><a style=\"color: #2acec2;\" href=\"https:\/\/www.myvize.com.tr\/gana\/gana-vize-ucreti\/\" target=\"_blank\" rel=\"noopener\"><strong>Gana Vize \u00dccreti<\/strong><\/a><\/span>\u00a0i\u00e7in Gana konsolosluklar\u0131na ba\u015fvurmas\u0131 zorunludur. Ba\u015fvuru esnas\u0131nda Gana Konsoloslu\u011fu\u2019nun istedi\u011fi evraklar do\u011fru ve tam olmal\u0131d\u0131r.<\/span><\/p>\n<p><img decoding=\"async\" src=\"https:\/\/www.myvize.com.tr\/gana\/wp-content\/uploads\/2021\/10\/45.jpg\" \/><\/p>\n<p><span style=\"font-family: Roboto; font-size: 14px;\"><strong>Gana Vize<\/strong>\u00a0ba\u015fvurusu yap\u0131l\u0131rken ki\u015fi e\u011fer \u00e7al\u0131\u015f\u0131yorsa mutlaka son 3 ay\u0131 kapsayan maa\u015f bordrosunu yan\u0131nda bulundurmal\u0131d\u0131r. Ayr\u0131ca <strong>Gana Konsoloslu\u011fu<\/strong> taraf\u0131ndan\u00a0<strong>Gana Vizesi<\/strong>\u00a0i\u015flemlerinde ki\u015filerin hesap dok\u00fcmanlar\u0131n\u0131n \u0131slak imzal\u0131 dosyas\u0131 ve banka hesap hareketlerinin asl\u0131 istenilir.<strong> Gana vize<\/strong> ba\u015fvuru formunda ise ki\u015filer bilgiler yer almal\u0131d\u0131r. Bilgilerin do\u011frulu\u011fu konsolosluk taraf\u0131ndan kontrol edilmektedir. Bundan dolay\u0131 formlar hatal\u0131 bir \u015fekilde doldurulmamal\u0131d\u0131r.<\/span><\/p>\n<p><span style=\"font-family: Roboto; font-size: 14px;\">Gana\u2019ya seyahat edecek ki\u015filer, uluslararas\u0131 alanda ge\u00e7erlilik g\u00f6steren Seyahat Sa\u011fl\u0131k Sigortas\u0131 belgesini yan\u0131nda bulundurmal\u0131d\u0131r. Gana Konsoloslu\u011fu, <strong>Gana vize \u00fccreti<\/strong> yat\u0131rma i\u015flemlerinde banka dekontlar\u0131n\u0131 talep etmektedir. E\u011fer Gana\u2019ya seyahat edecek ki\u015fi i\u015fveren pozisyonunda yer al\u0131yorsa, \u015firketin vergi levhalar\u0131, \u015firkete ait g\u00fcncel telefon numaras\u0131, ileti\u015fim adresi talep edilir. Bunun d\u0131\u015f\u0131nda Ticari Sicil Gazetesi\u2019nde yer alan faaliyet sayfas\u0131n\u0131n fotokopisi Gana taraf\u0131ndan istenilir. Ayr\u0131ca ki\u015filer belgelerini teslim ettikten sonra Gana Konsoloslu\u011fu\u2019ndan vize sonu\u00e7lar\u0131n\u0131 5 i\u015f g\u00fcn\u00fc i\u00e7erisinde kolayl\u0131kla alabilirler.<\/span><\/p>\n<h2><span style=\"font-family: Roboto; font-size: 27px;\"><strong>Gana Vize Ba\u015fvuru Formu Hakk\u0131nda<\/strong><\/span><\/h2>\n<p><span style=\"font-family: Roboto; font-size: 14px;\"><strong>Gana Vize Ba\u015fvuru Formu\u00a0<\/strong>vize i\u00e7in m\u00fcracaat edilmeden eksiksiz ve do\u011fru bir \u015fekilde doldurularak B\u00fcy\u00fckel\u00e7ili\u011fe g\u00f6nderilmesi gereken bir belgedir. Gana ba\u015fvuru formunda toplamda 10 adet soru yer al\u0131r. Ba\u015fvuru formunun dili \u0130ngilizce ve T\u00fcrk\u00e7e olarak bulunur.\u00a0 Ba\u015fvuru formunun 4 adet \u00e7\u0131kt\u0131s\u0131n\u0131n al\u0131nmas\u0131 gerekir. Ard\u0131ndan ise mavi t\u00fckenmez kalem ile ve ayn\u0131 zaman da okunakl\u0131 olacak \u015fekilde d\u00fczg\u00fcnce doldurulmal\u0131d\u0131r. D\u00f6rt form i\u00e7erisinde bulunan bilgilerin birbirleri ile uyumlu ve ayn\u0131 zaman da imzalar\u0131nda birbirleri ile ayn\u0131 olmalar\u0131 gerekir.<strong> Vize ba\u015fvuru formu<\/strong> i\u00e7erisinde yer alan bilgilerin do\u011fru ve eksiksiz olmas\u0131 gerekir. Herhangi bir eksi\u011fin yer almas\u0131 halinde vize iptal edilir. <strong>Vize i\u015flemi<\/strong> i\u00e7in doldurulan formda yer alan bilgilerin her biri gizli tutulur. Ancak yanl\u0131\u015f bilgilerin i\u00e7ermesi ya da eksik olarak doldurulmas\u0131 durumunda vize ba\u015fvurusu ge\u00e7ersiz say\u0131l\u0131r. Vize i\u00e7in yat\u0131r\u0131lm\u0131\u015f olan har\u00e7 bedeli de yanm\u0131\u015f olur. Bu nedenle de form doldururken kesinlikle \u00e7ok dikkatli davran\u0131lmal\u0131d\u0131r. Herhangi bir eksik ya da yanl\u0131\u015f bir bilgi yer almamal\u0131d\u0131r.\u00a0<\/span><\/p>\n<h2><span style=\"font-family: Roboto; font-size: 27px;\"><strong>Gana Vize Ba\u015fvuru Formu \u0130le \u0130lgili<\/strong><\/span><\/h2>\n<p><span style=\"font-family: Roboto; font-size: 14px;\">Gana\u2019ya seyahat edecek olan T\u00fcrk vatanda\u015flar\u0131 seyahatleri \u00f6ncesinde Gana vize muafiyet yok ise <strong>Gana vizesi<\/strong> almal\u0131d\u0131r. Gana vize ba\u015fvurusu seyahat amac\u0131na g\u00f6re yap\u0131lmal\u0131d\u0131r. Gana vize ba\u015fvurular\u0131 esnas\u0131nda istenen baz\u0131 belgeler bulunmaktad\u0131r. Bu belgeler aras\u0131nda en \u00f6nemlisi ve vize ba\u015fvurusunda en \u00e7ok dikkat edilen belge Gana vize ba\u015fvuru formudur.<\/span><\/p>\n<p><span style=\"font-family: Roboto; font-size: 14px;\">Gana temsilcilikleri, <strong>Gana vize ba\u015fvuru<\/strong> sahibini <strong>Gana vize ba\u015fvuru formu<\/strong> ile tan\u0131maktad\u0131r. Gana vize ba\u015fvuru formu olmayan vize ba\u015fvurular\u0131 reddedilmektedir. Gana vize ba\u015fvuru formu uluslararas\u0131 ge\u00e7erlili\u011fi olan ve resmi bir belge niteli\u011fi ta\u015f\u0131yan formdur. Bundan dolay\u0131 Gana vize ba\u015fvuru formuna hatal\u0131 bilgi girilmesi su\u00e7tur. Bundan dolay\u0131 vize ba\u015fvuru sahibi ceza alabilir.<\/span><\/p>\n<p><span style=\"font-family: Roboto; font-size: 14px;\"><strong>Gana vize ba\u015fvuru formu<\/strong> vize ba\u015fvurusu s\u0131ras\u0131nda teslim edilen di\u011fer ba\u015fvuru belgeleri ile kar\u015f\u0131la\u015ft\u0131r\u0131lmaktad\u0131r. Vize ba\u015fvuru belgeleri aras\u0131nda ya\u015fanacak en ufak uyu\u015fmazl\u0131kta Gana vize ba\u015fvurunuz reddedilmektedir. Bundan dolay\u0131 <strong>Gana vize ba\u015fvuru formu<\/strong>na do\u011fru bilgilerin yaz\u0131lmas\u0131 gerekmektedir.<\/span><\/p>\n<p><span style=\"font-family: Roboto; font-size: 14px;\">Gana vize ba\u015fvurusu i\u00e7in \u00e7ok \u00f6nemli olan bu belge <strong>Gana vize ba\u015fvuru<\/strong> s\u00fcrecini belirlemektedir. Bu belgede ki\u015fisel bilgilerinizden aile bilgilerine, ileti\u015fim bilgilerinizden seyahat bilgilerine kadar bir\u00e7ok bilgi yer almaktad\u0131r.<\/span><\/p>\n<p><span style=\"font-family: Roboto; font-size: 14px;\"><span style=\"color: #2acec2;\"><strong><a style=\"color: #2acec2;\" href=\"https:\/\/www.myvize.com.tr\/gana\/gana-vize-ucreti\/\" target=\"_blank\" rel=\"noopener\">Gana Vize \u00dccreti<\/a><\/strong><\/span> ile ilgili bilgi almak i\u00e7in bizi aray\u0131n\u0131z.<\/span><\/p>\n<h3><strong><span style=\"font-family: Roboto; font-size: 24px;\">Gana Vize Ba\u015fvuru Formu Nas\u0131l Doldurulur?<\/span><\/strong><\/h3>\n<p><span style=\"font-family: Roboto; font-size: 14px;\">Gana\u2019ya seyahat edecek olan ki\u015filerin Gana vize ba\u015fvurusunda bulunabilmesi i\u00e7in <strong>Gana vize ba\u015fvuru formu<\/strong> doldurmas\u0131 gerekmektedir. Bu forma <strong>Gana Konsoloslu\u011fu<\/strong>\u2019nun resmi web sitesinden ula\u015fabilirsiniz.<\/span><\/p>\n<p><span style=\"font-family: Roboto; font-size: 14px;\">Gana vize ba\u015fvurusunda bulunacak olan ki\u015filer Gana vize ba\u015fvuru formunu nas\u0131l dolduraca\u011f\u0131n\u0131 bilmemektedir. Bundan dolay\u0131 bu yaz\u0131da \u2018\u2019Gana vize ba\u015fvuru formu nas\u0131l doldurulur\u2019\u2019 sorusunu yan\u0131tlad\u0131k.<\/span><\/p>\n<ul>\n<li><span style=\"font-family: Roboto; font-size: 14px;\">Gana vize ba\u015fvuru formunun do\u011fru ve eksiksiz bir \u015fekilde doldurulmas\u0131 gerekmektedir. Uygun \u015fartlarda doldurulmayan <strong>Gana vize ba\u015fvuru i\u015flemleri<\/strong> reddedilir.<\/span><\/li>\n<li><span style=\"font-family: Roboto; font-size: 14px;\">Gana vize ba\u015fvurusu el ile ya da bilgisayar \u00fczerinden doldurulabilmektedir. Ancak el ile doldurulan Gana vize ba\u015fvuru formlar\u0131n\u0131n okunur \u015fekilde doldurulmas\u0131 gerekmektedir.<\/span><\/li>\n<li><span style=\"font-family: Roboto; font-size: 14px;\">El ile doldurulan Gana vize ba\u015fvuru formunun siyah ya da mavi t\u00fckenmez kalem ile doldurulmas\u0131 gerekmektedir.<\/span><\/li>\n<li><span style=\"font-family: Roboto; font-size: 14px;\">Ba\u015fvuruda bulunan ki\u015fi 18 ya\u015f\u0131n\u0131 doldurmam\u0131\u015f ise anne ve babas\u0131n\u0131n yaz\u0131l\u0131 bir izni olmal\u0131d\u0131r. Ayr\u0131ca Gana vize ba\u015fvuru formunun ilgili b\u00f6l\u00fcmleri imzalanmal\u0131d\u0131r.<\/span><\/li>\n<li><span style=\"font-family: Roboto; font-size: 14px;\">Ba\u015fvuru formu doldurulduktan sonra ba\u015fvuru sahibi taraf\u0131ndan tarih at\u0131lmal\u0131 ve imzalanmal\u0131d\u0131r.<\/span><\/li>\n<li><span style=\"font-family: Roboto; font-size: 14px;\">Ba\u015fvuru sahibi, <strong>Gana vize ba\u015fvuru formu<\/strong>na foto\u011fraf yap\u0131\u015ft\u0131rmal\u0131d\u0131r.<\/span><\/li>\n<\/ul>\n<p><span style=\"font-family: Roboto; font-size: 14px;\">Gana vize ba\u015fvuru formunun y\u0131pranmam\u0131\u015f ve \u00fczerinde leke olmamas\u0131 gerekmektedir. Bundan dolay\u0131 Gana vize ba\u015fvuru formuna \u00e7ok dikkat etmelisiniz.<\/span><\/p>\n<p><span style=\"font-family: Roboto; font-size: 14px;\"><span style=\"color: #2acec2;\"><strong><a style=\"color: #2acec2;\" href=\"https:\/\/www.myvize.com.tr\/gana\/vize-islemleri\/gana-aile-birlesimi-vizesi\/\" target=\"_blank\" rel=\"noopener\">Gana Aile Birle\u015fimi Vizesi<\/a><\/strong><\/span> ile ilgili bilgi almak i\u00e7in bizi aray\u0131n\u0131z.<\/span><\/p>\n","protected":false},"excerpt":{"rendered":"<p>Gana vizesi ba\u015fvuru formu, Gana\u2019ya yapaca\u011f\u0131n\u0131z seyahatlerinizde seyahat amac\u0131n\u0131z\u0131, seyahat s\u00fcrenizi, kimlik bilgilerinizi, aile bilgileriniz, daha \u00f6nceki seyahatlerinizi a\u00e7\u0131klayan bir evrakt\u0131r. Vize ba\u015fvurusu s\u0131ras\u0131nda dikkat edilmesi gereken en \u00f6nemli evrak budur. Gana vize ba\u015fvuru formu uluslararas\u0131 ge\u00e7erlili\u011fi olan bir belgedir ve resmi evrakt\u0131r. Bu belgeye yaz\u0131lan herhangi bir hatal\u0131 bilgi vize ba\u015fvuru reddine neden olmaktad\u0131r.<\/p>\n","protected":false},"author":1,"featured_media":0,"parent":18,"menu_order":0,"comment_status":"open","ping_status":"closed","template":"","meta":{"footnotes":""},"class_list":["post-47","page","type-page","status-publish","hentry"],"yoast_head":"<!-- This site is optimized with the Yoast SEO plugin v24.0 - https:\/\/yoast.com\/wordpress\/plugins\/seo\/ -->\n<title>Gana Vizesi Ba\u015fvuru Formu - Gana Vizesi - MyVize<\/title>\n<meta name=\"description\" content=\"Gana ba\u015fvuru formuna dair g\u00fcncel veriler. Gana ba\u015fvuru formu detayl\u0131 g\u00f6rsel anlat\u0131m. Gana ba\u015fvuru formu i\u00e7in ileti\u015fime ge\u00e7iniz.\" \/>\n<meta name=\"robots\" content=\"index, follow, max-snippet:-1, max-image-preview:large, max-video-preview:-1\" \/>\n<link rel=\"canonical\" href=\"https:\/\/www.myvize.com.tr\/gana\/vize-islemleri\/gana-vize-basvuru-formu\/\" \/>\n<meta property=\"og:locale\" content=\"tr_TR\" \/>\n<meta property=\"og:type\" content=\"article\" \/>\n<meta property=\"og:title\" content=\"Gana Vizesi Ba\u015fvuru Formu - Gana Vizesi - MyVize\" \/>\n<meta property=\"og:description\" content=\"Gana ba\u015fvuru formuna dair g\u00fcncel veriler. Gana ba\u015fvuru formu detayl\u0131 g\u00f6rsel anlat\u0131m. Gana ba\u015fvuru formu i\u00e7in ileti\u015fime ge\u00e7iniz.\" \/>\n<meta property=\"og:url\" content=\"https:\/\/www.myvize.com.tr\/gana\/vize-islemleri\/gana-vize-basvuru-formu\/\" \/>\n<meta property=\"og:site_name\" content=\"Gana Vizesi\" \/>\n<meta property=\"article:modified_time\" content=\"2022-05-06T13:19:41+00:00\" \/>\n<meta property=\"og:image\" content=\"https:\/\/www.myvize.com.tr\/gana\/wp-content\/uploads\/2021\/10\/45.jpg\" \/>\n<meta name=\"twitter:card\" content=\"summary_large_image\" \/>\n<meta name=\"twitter:label1\" content=\"Tahmini okuma s\u00fcresi\" \/>\n\t<meta name=\"twitter:data1\" content=\"4 dakika\" \/>\n<script type=\"application\/ld+json\" class=\"yoast-schema-graph\">{\"@context\":\"https:\/\/schema.org\",\"@graph\":[{\"@type\":\"WebPage\",\"@id\":\"https:\/\/www.myvize.com.tr\/gana\/vize-islemleri\/gana-vize-basvuru-formu\/\",\"url\":\"https:\/\/www.myvize.com.tr\/gana\/vize-islemleri\/gana-vize-basvuru-formu\/\",\"name\":\"Gana Vizesi Ba\u015fvuru Formu - Gana Vizesi - MyVize\",\"isPartOf\":{\"@id\":\"https:\/\/www.myvize.com.tr\/gana\/#website\"},\"primaryImageOfPage\":{\"@id\":\"https:\/\/www.myvize.com.tr\/gana\/vize-islemleri\/gana-vize-basvuru-formu\/#primaryimage\"},\"image\":{\"@id\":\"https:\/\/www.myvize.com.tr\/gana\/vize-islemleri\/gana-vize-basvuru-formu\/#primaryimage\"},\"thumbnailUrl\":\"https:\/\/www.myvize.com.tr\/gana\/wp-content\/uploads\/2021\/10\/45.jpg\",\"datePublished\":\"2020-11-30T09:48:28+00:00\",\"dateModified\":\"2022-05-06T13:19:41+00:00\",\"description\":\"Gana ba\u015fvuru formuna dair g\u00fcncel veriler. Gana ba\u015fvuru formu detayl\u0131 g\u00f6rsel anlat\u0131m. Gana ba\u015fvuru formu i\u00e7in ileti\u015fime ge\u00e7iniz.\",\"breadcrumb\":{\"@id\":\"https:\/\/www.myvize.com.tr\/gana\/vize-islemleri\/gana-vize-basvuru-formu\/#breadcrumb\"},\"inLanguage\":\"tr\",\"potentialAction\":[{\"@type\":\"ReadAction\",\"target\":[\"https:\/\/www.myvize.com.tr\/gana\/vize-islemleri\/gana-vize-basvuru-formu\/\"]}]},{\"@type\":\"ImageObject\",\"inLanguage\":\"tr\",\"@id\":\"https:\/\/www.myvize.com.tr\/gana\/vize-islemleri\/gana-vize-basvuru-formu\/#primaryimage\",\"url\":\"https:\/\/www.myvize.com.tr\/gana\/wp-content\/uploads\/2021\/10\/45.jpg\",\"contentUrl\":\"https:\/\/www.myvize.com.tr\/gana\/wp-content\/uploads\/2021\/10\/45.jpg\",\"width\":800,\"height\":500,\"caption\":\"Gana Vize Ba\u015fvuru Formu\"},{\"@type\":\"BreadcrumbList\",\"@id\":\"https:\/\/www.myvize.com.tr\/gana\/vize-islemleri\/gana-vize-basvuru-formu\/#breadcrumb\",\"itemListElement\":[{\"@type\":\"ListItem\",\"position\":1,\"name\":\"Anasayfa\",\"item\":\"https:\/\/www.myvize.com.tr\/gana\/\"},{\"@type\":\"ListItem\",\"position\":2,\"name\":\"V\u0130ZE \u0130\u015eLEMLER\u0130\",\"item\":\"https:\/\/www.myvize.com.tr\/gana\/vize-islemleri\/\"},{\"@type\":\"ListItem\",\"position\":3,\"name\":\"Gana Vize Ba\u015fvuru Formu\"}]},{\"@type\":\"WebSite\",\"@id\":\"https:\/\/www.myvize.com.tr\/gana\/#website\",\"url\":\"https:\/\/www.myvize.com.tr\/gana\/\",\"name\":\"Gana Vizesi\",\"description\":\"\",\"potentialAction\":[{\"@type\":\"SearchAction\",\"target\":{\"@type\":\"EntryPoint\",\"urlTemplate\":\"https:\/\/www.myvize.com.tr\/gana\/?s={search_term_string}\"},\"query-input\":{\"@type\":\"PropertyValueSpecification\",\"valueRequired\":true,\"valueName\":\"search_term_string\"}}],\"inLanguage\":\"tr\"}]}<\/script>\n<!-- \/ Yoast SEO plugin. -->","yoast_head_json":{"title":"Gana Vizesi Ba\u015fvuru Formu - Gana Vizesi - MyVize","description":"Gana ba\u015fvuru formuna dair g\u00fcncel veriler. Gana ba\u015fvuru formu detayl\u0131 g\u00f6rsel anlat\u0131m. Gana ba\u015fvuru formu i\u00e7in ileti\u015fime ge\u00e7iniz.","robots":{"index":"index","follow":"follow","max-snippet":"max-snippet:-1","max-image-preview":"max-image-preview:large","max-video-preview":"max-video-preview:-1"},"canonical":"https:\/\/www.myvize.com.tr\/gana\/vize-islemleri\/gana-vize-basvuru-formu\/","og_locale":"tr_TR","og_type":"article","og_title":"Gana Vizesi Ba\u015fvuru Formu - Gana Vizesi - MyVize","og_description":"Gana ba\u015fvuru formuna dair g\u00fcncel veriler. Gana ba\u015fvuru formu detayl\u0131 g\u00f6rsel anlat\u0131m. Gana ba\u015fvuru formu i\u00e7in ileti\u015fime ge\u00e7iniz.","og_url":"https:\/\/www.myvize.com.tr\/gana\/vize-islemleri\/gana-vize-basvuru-formu\/","og_site_name":"Gana Vizesi","article_modified_time":"2022-05-06T13:19:41+00:00","og_image":[{"url":"https:\/\/www.myvize.com.tr\/gana\/wp-content\/uploads\/2021\/10\/45.jpg","type":"","width":"","height":""}],"twitter_card":"summary_large_image","twitter_misc":{"Tahmini okuma s\u00fcresi":"4 dakika"},"schema":{"@context":"https:\/\/schema.org","@graph":[{"@type":"WebPage","@id":"https:\/\/www.myvize.com.tr\/gana\/vize-islemleri\/gana-vize-basvuru-formu\/","url":"https:\/\/www.myvize.com.tr\/gana\/vize-islemleri\/gana-vize-basvuru-formu\/","name":"Gana Vizesi Ba\u015fvuru Formu - Gana Vizesi - MyVize","isPartOf":{"@id":"https:\/\/www.myvize.com.tr\/gana\/#website"},"primaryImageOfPage":{"@id":"https:\/\/www.myvize.com.tr\/gana\/vize-islemleri\/gana-vize-basvuru-formu\/#primaryimage"},"image":{"@id":"https:\/\/www.myvize.com.tr\/gana\/vize-islemleri\/gana-vize-basvuru-formu\/#primaryimage"},"thumbnailUrl":"https:\/\/www.myvize.com.tr\/gana\/wp-content\/uploads\/2021\/10\/45.jpg","datePublished":"2020-11-30T09:48:28+00:00","dateModified":"2022-05-06T13:19:41+00:00","description":"Gana ba\u015fvuru formuna dair g\u00fcncel veriler. Gana ba\u015fvuru formu detayl\u0131 g\u00f6rsel anlat\u0131m. Gana ba\u015fvuru formu i\u00e7in ileti\u015fime ge\u00e7iniz.","breadcrumb":{"@id":"https:\/\/www.myvize.com.tr\/gana\/vize-islemleri\/gana-vize-basvuru-formu\/#breadcrumb"},"inLanguage":"tr","potentialAction":[{"@type":"ReadAction","target":["https:\/\/www.myvize.com.tr\/gana\/vize-islemleri\/gana-vize-basvuru-formu\/"]}]},{"@type":"ImageObject","inLanguage":"tr","@id":"https:\/\/www.myvize.com.tr\/gana\/vize-islemleri\/gana-vize-basvuru-formu\/#primaryimage","url":"https:\/\/www.myvize.com.tr\/gana\/wp-content\/uploads\/2021\/10\/45.jpg","contentUrl":"https:\/\/www.myvize.com.tr\/gana\/wp-content\/uploads\/2021\/10\/45.jpg","width":800,"height":500,"caption":"Gana Vize Ba\u015fvuru Formu"},{"@type":"BreadcrumbList","@id":"https:\/\/www.myvize.com.tr\/gana\/vize-islemleri\/gana-vize-basvuru-formu\/#breadcrumb","itemListElement":[{"@type":"ListItem","position":1,"name":"Anasayfa","item":"https:\/\/www.myvize.com.tr\/gana\/"},{"@type":"ListItem","position":2,"name":"V\u0130ZE \u0130\u015eLEMLER\u0130","item":"https:\/\/www.myvize.com.tr\/gana\/vize-islemleri\/"},{"@type":"ListItem","position":3,"name":"Gana Vize Ba\u015fvuru Formu"}]},{"@type":"WebSite","@id":"https:\/\/www.myvize.com.tr\/gana\/#website","url":"https:\/\/www.myvize.com.tr\/gana\/","name":"Gana Vizesi","description":"","potentialAction":[{"@type":"SearchAction","target":{"@type":"EntryPoint","urlTemplate":"https:\/\/www.myvize.com.tr\/gana\/?s={search_term_string}"},"query-input":{"@type":"PropertyValueSpecification","valueRequired":true,"valueName":"search_term_string"}}],"inLanguage":"tr"}]}},"_links":{"self":[{"href":"https:\/\/www.myvize.com.tr\/gana\/wp-json\/wp\/v2\/pages\/47","targetHints":{"allow":["GET"]}}],"collection":[{"href":"https:\/\/www.myvize.com.tr\/gana\/wp-json\/wp\/v2\/pages"}],"about":[{"href":"https:\/\/www.myvize.com.tr\/gana\/wp-json\/wp\/v2\/types\/page"}],"author":[{"embeddable":true,"href":"https:\/\/www.myvize.com.tr\/gana\/wp-json\/wp\/v2\/users\/1"}],"replies":[{"embeddable":true,"href":"https:\/\/www.myvize.com.tr\/gana\/wp-json\/wp\/v2\/comments?post=47"}],"version-history":[{"count":6,"href":"https:\/\/www.myvize.com.tr\/gana\/wp-json\/wp\/v2\/pages\/47\/revisions"}],"predecessor-version":[{"id":688,"href":"https:\/\/www.myvize.com.tr\/gana\/wp-json\/wp\/v2\/pages\/47\/revisions\/688"}],"up":[{"embeddable":true,"href":"https:\/\/www.myvize.com.tr\/gana\/wp-json\/wp\/v2\/pages\/18"}],"wp:attachment":[{"href":"https:\/\/www.myvize.com.tr\/gana\/wp-json\/wp\/v2\/media?parent=47"}],"curies":[{"name":"wp","href":"https:\/\/api.w.org\/{rel}","templated":true}]}}