{"id":49,"date":"2020-11-30T12:48:56","date_gmt":"2020-11-30T09:48:56","guid":{"rendered":"https:\/\/www.myvize.com.tr\/gana\/?page_id=49"},"modified":"2022-05-06T16:22:53","modified_gmt":"2022-05-06T13:22:53","slug":"gana-vize-reddi","status":"publish","type":"page","link":"https:\/\/www.myvize.com.tr\/gana\/vize-islemleri\/gana-vize-reddi\/","title":{"rendered":"Gana Vize Reddi"},"content":{"rendered":"<p><span style=\"font-family: Roboto; font-size: 14px;\"><strong>Gana\u2019ya seyahat edecek<\/strong> olan ki\u015filer, seyahat amac\u0131na g\u00f6re vize ba\u015fvurusu yapmal\u0131d\u0131r. Vize ba\u015fvurular\u0131 Gana temsilcilikleri taraf\u0131ndan incelenmekte ve sonuca kavu\u015fturulmaktad\u0131r. <strong>Vize ba\u015fvurusu<\/strong> yaparken Gana temsilciliklerinin istedikleri baz\u0131 \u015fartlar\u0131 yerine getirmelisiniz. Bu \u015fartlar\u0131 yerine getirmez iseniz Gana temsilcilikleri taraf\u0131ndan vize ba\u015fvurunuz reddedilir. <strong>Gana vize reddi<\/strong> nedenleri aras\u0131nda eksik ve atal\u0131 belge, yetersiz finansal durum, kamu d\u00fczenini tehlikeye sokma \u015f\u00fcphesi, ge\u00e7ersiz seyahat sa\u011fl\u0131k sigortas\u0131 gibi nedenler bulunmaktad\u0131r.<span style=\"color: #2acec2;\"><strong><a style=\"color: #2acec2;\" href=\"https:\/\/www.myvize.com.tr\/gana\/vize-islemleri\/gana-vizesi\/\" target=\"_blank\" rel=\"noopener\"> Gana vizesi <\/a><\/strong><\/span>reddi nedenleri a\u015fa\u011f\u0131da verilmi\u015ftir.<\/span><\/p>\n<ul>\n<li><span style=\"font-family: Roboto; font-size: 14px;\"><strong>Finansal Durumun Yetersiz G\u00f6r\u00fclmesi:\u00a0<\/strong>Gana Devleti, \u00fclkesine gelecek olan yabanc\u0131lar\u0131n kendi masraflar\u0131n\u0131 kar\u015f\u0131lamas\u0131n\u0131 ister. Yeterli finansal durumunuz yok ise ya da finansal durumunuzun yeterlili\u011fini kan\u0131tlayamaz iseniz vize ba\u015fvurunuz reddedilir.<\/span><\/li>\n<li><span style=\"font-family: Roboto; font-size: 14px;\"><strong>Seyahat Sa\u011fl\u0131k Sigortas\u0131:\u00a0<\/strong>Gana seyahatiniz boyunca ya\u015fayaca\u011f\u0131n\u0131z acil durumlarda kullan\u0131lmas\u0131 i\u00e7in yapt\u0131r\u0131lmas\u0131 zorunludur. Sigorta\u2019n\u0131n belirli bir teminatta ve uluslararas\u0131 ge\u00e7erlili\u011fi olmal\u0131d\u0131r.<\/span><\/li>\n<li><span style=\"font-family: Roboto; font-size: 14px;\"><strong>Belgelerden Kaynakl\u0131 Vize Reddi:<\/strong>\u00a0Gana Konsoloslu\u011fu\u2019nun <strong>vize ba\u015fvurusu<\/strong> i\u00e7in istedi\u011fi belgelerin hatal\u0131 ya da eksik olmas\u0131 vize ba\u015fvurunuzun reddedilmesine neden olmaktad\u0131r.<\/span><\/li>\n<li><span style=\"font-family: Roboto; font-size: 14px;\"><strong>Kamu ve Toplum D\u00fczeni:<\/strong>\u00a0<strong>Gana Konsoloslu\u011fu<\/strong> ziyaretiniz s\u0131ras\u0131nda Gana kamu ve toplum d\u00fczenini bozaca\u011f\u0131n\u0131z\u0131 d\u00fc\u015f\u00fcn\u00fcrse vize reddi verebilir.<\/span><\/li>\n<li><span style=\"font-family: Roboto; font-size: 14px;\"><strong>\u00dclkenize Geri D\u00f6nece\u011fini \u015e\u00fcphesi:<\/strong>\u00a0Gana vize s\u00fcreniz bitmeden Gana\u2019dan ayr\u0131lman\u0131z gerekmektedir. E\u011fer<strong> Gana Konsoloslu\u011fu<\/strong> \u00fclkenize geri d\u00f6nmeyece\u011finizden \u015f\u00fcphelenirse<strong> vize reddi<\/strong> verebilir.<\/span><\/li>\n<\/ul>\n<p><img decoding=\"async\" src=\"https:\/\/www.myvize.com.tr\/gana\/wp-content\/uploads\/2021\/10\/59.jpg\" \/><\/p>\n<h2><span style=\"font-family: Roboto; font-size: 27px;\"><strong>Gana Vize Reddi Hakk\u0131nda<\/strong><\/span><\/h2>\n<p><span style=\"font-family: Roboto; font-size: 14px;\"><strong>Gana Vize reddine<\/strong>\u00a0neden olan birbirinden farkl\u0131 bir\u00e7ok neden vard\u0131r. Talep edilmi\u015f olan vize t\u00fcr\u00fc ile seyahat amac\u0131n\u0131n birbiri ile uyu\u015fmamas\u0131 red nedenidir. <strong>Vize ba\u015fvuru<\/strong> s\u0131ras\u0131nda verilmi\u015f olan dosyalarda yer alan evraklar\u0131n hatal\u0131 olmas\u0131 ya da eksik olmas\u0131 vizenin red yemesine neden olur. Ki\u015finin mali g\u00fcc\u00fcn\u00fcn seyahat i\u00e7in uygun bulunmamas\u0131 red nedenidir. \u00c7\u00fcnk\u00fc ki\u015finin banka bakiyesinin yeterli olmas\u0131 gerekir. Ayn\u0131 zaman da ki\u015finin d\u00fczenli bir gelirinin olmas\u0131 ve ayn\u0131 zaman da bir garantisinin de mutlaka bulunmas\u0131 gerekir. Sa\u011fl\u0131k raporunun ki\u015finin sa\u011fl\u0131k sigortas\u0131 kriterlerini kar\u015f\u0131lam\u0131yor olmas\u0131 da bir di\u011fer nedenler aras\u0131nda yer al\u0131r. Bu nedenle de yap\u0131lan sa\u011fl\u0131k sigortas\u0131n\u0131n kesinlikle belirtilmi\u015f olan durumlar ile uyumlu olmas\u0131 gerekir. Ki\u015finin kendi \u00fclkesine tekrardan d\u00f6nece\u011fine dair herhangi bir garanti verememesi de bir di\u011fer nedendir. Ki\u015finin seyahat sonunda geri d\u00f6nece\u011fine dair bir garanti vermesi gerekir. Ki\u015finin daha \u00f6nceden i\u015flemi\u015f oldu\u011fu su\u00e7lar\u0131n bulunmas\u0131 da ki\u015finin g\u00fcvenilirlik durumunu d\u00fc\u015f\u00fcrece\u011fi i\u00e7in <strong>vize red<\/strong> edilir. Bu nedenler vize reddine neden olan durumlard\u0131r.\u00a0<\/span><\/p>\n<p><span style=\"font-family: Roboto; font-size: 14px;\"><span style=\"color: #2acec2;\"><strong><a style=\"color: #2acec2;\" href=\"https:\/\/www.myvize.com.tr\/gana\/vize-islemleri\/gana-vize-randevusu-2\/\" target=\"_blank\" rel=\"noopener\">Gana Vize Randevusu <\/a><\/strong><\/span>ile ilgili bilgi almak i\u00e7in bizi aray\u0131n.<\/span><\/p>\n","protected":false},"excerpt":{"rendered":"<p>Gana\u2019ya seyahat edecek olan ki\u015filer, seyahat amac\u0131na g\u00f6re vize ba\u015fvurusu yapmal\u0131d\u0131r. Vize ba\u015fvurular\u0131 Gana temsilcilikleri taraf\u0131ndan incelenmekte ve sonuca kavu\u015fturulmaktad\u0131r. Vize ba\u015fvurusu yaparken Gana temsilciliklerinin istedikleri baz\u0131 \u015fartlar\u0131 yerine getirmelisiniz. Bu \u015fartlar\u0131 yerine getirmez iseniz Gana temsilcilikleri taraf\u0131ndan vize ba\u015fvurunuz reddedilir. Gana vize reddi nedenleri aras\u0131nda eksik ve atal\u0131 belge, yetersiz finansal durum, kamu d\u00fczenini<\/p>\n","protected":false},"author":1,"featured_media":0,"parent":18,"menu_order":0,"comment_status":"open","ping_status":"closed","template":"","meta":{"footnotes":""},"class_list":["post-49","page","type-page","status-publish","hentry"],"yoast_head":"<!-- This site is optimized with the Yoast SEO plugin v24.0 - https:\/\/yoast.com\/wordpress\/plugins\/seo\/ -->\n<title>Gana Vize Reddi Sebepleri - Gana Vizesi - MyVize<\/title>\n<meta name=\"description\" content=\"Gana vizesi reddi alman\u0131zda ki sebepler neler? Gana vize reddi i\u00e7in detayl\u0131 itiraz dilek\u00e7esi i\u00e7in ileti\u015fime ge\u00e7ebilirsiniz.\" \/>\n<meta name=\"robots\" content=\"index, follow, max-snippet:-1, max-image-preview:large, max-video-preview:-1\" \/>\n<link rel=\"canonical\" href=\"https:\/\/www.myvize.com.tr\/gana\/vize-islemleri\/gana-vize-reddi\/\" \/>\n<meta property=\"og:locale\" content=\"tr_TR\" \/>\n<meta property=\"og:type\" content=\"article\" \/>\n<meta property=\"og:title\" content=\"Gana Vize Reddi Sebepleri - Gana Vizesi - MyVize\" \/>\n<meta property=\"og:description\" content=\"Gana vizesi reddi alman\u0131zda ki sebepler neler? Gana vize reddi i\u00e7in detayl\u0131 itiraz dilek\u00e7esi i\u00e7in ileti\u015fime ge\u00e7ebilirsiniz.\" \/>\n<meta property=\"og:url\" content=\"https:\/\/www.myvize.com.tr\/gana\/vize-islemleri\/gana-vize-reddi\/\" \/>\n<meta property=\"og:site_name\" content=\"Gana Vizesi\" \/>\n<meta property=\"article:modified_time\" content=\"2022-05-06T13:22:53+00:00\" \/>\n<meta property=\"og:image\" content=\"https:\/\/www.myvize.com.tr\/gana\/wp-content\/uploads\/2021\/10\/59.jpg\" \/>\n<meta name=\"twitter:card\" content=\"summary_large_image\" \/>\n<meta name=\"twitter:label1\" content=\"Tahmini okuma s\u00fcresi\" \/>\n\t<meta name=\"twitter:data1\" content=\"2 dakika\" \/>\n<script type=\"application\/ld+json\" class=\"yoast-schema-graph\">{\"@context\":\"https:\/\/schema.org\",\"@graph\":[{\"@type\":\"WebPage\",\"@id\":\"https:\/\/www.myvize.com.tr\/gana\/vize-islemleri\/gana-vize-reddi\/\",\"url\":\"https:\/\/www.myvize.com.tr\/gana\/vize-islemleri\/gana-vize-reddi\/\",\"name\":\"Gana Vize Reddi Sebepleri - Gana Vizesi - MyVize\",\"isPartOf\":{\"@id\":\"https:\/\/www.myvize.com.tr\/gana\/#website\"},\"primaryImageOfPage\":{\"@id\":\"https:\/\/www.myvize.com.tr\/gana\/vize-islemleri\/gana-vize-reddi\/#primaryimage\"},\"image\":{\"@id\":\"https:\/\/www.myvize.com.tr\/gana\/vize-islemleri\/gana-vize-reddi\/#primaryimage\"},\"thumbnailUrl\":\"https:\/\/www.myvize.com.tr\/gana\/wp-content\/uploads\/2021\/10\/59.jpg\",\"datePublished\":\"2020-11-30T09:48:56+00:00\",\"dateModified\":\"2022-05-06T13:22:53+00:00\",\"description\":\"Gana vizesi reddi alman\u0131zda ki sebepler neler? Gana vize reddi i\u00e7in detayl\u0131 itiraz dilek\u00e7esi i\u00e7in ileti\u015fime ge\u00e7ebilirsiniz.\",\"breadcrumb\":{\"@id\":\"https:\/\/www.myvize.com.tr\/gana\/vize-islemleri\/gana-vize-reddi\/#breadcrumb\"},\"inLanguage\":\"tr\",\"potentialAction\":[{\"@type\":\"ReadAction\",\"target\":[\"https:\/\/www.myvize.com.tr\/gana\/vize-islemleri\/gana-vize-reddi\/\"]}]},{\"@type\":\"ImageObject\",\"inLanguage\":\"tr\",\"@id\":\"https:\/\/www.myvize.com.tr\/gana\/vize-islemleri\/gana-vize-reddi\/#primaryimage\",\"url\":\"https:\/\/www.myvize.com.tr\/gana\/wp-content\/uploads\/2021\/10\/59.jpg\",\"contentUrl\":\"https:\/\/www.myvize.com.tr\/gana\/wp-content\/uploads\/2021\/10\/59.jpg\",\"width\":800,\"height\":500,\"caption\":\"Gana Vize Reddi\"},{\"@type\":\"BreadcrumbList\",\"@id\":\"https:\/\/www.myvize.com.tr\/gana\/vize-islemleri\/gana-vize-reddi\/#breadcrumb\",\"itemListElement\":[{\"@type\":\"ListItem\",\"position\":1,\"name\":\"Anasayfa\",\"item\":\"https:\/\/www.myvize.com.tr\/gana\/\"},{\"@type\":\"ListItem\",\"position\":2,\"name\":\"V\u0130ZE \u0130\u015eLEMLER\u0130\",\"item\":\"https:\/\/www.myvize.com.tr\/gana\/vize-islemleri\/\"},{\"@type\":\"ListItem\",\"position\":3,\"name\":\"Gana Vize Reddi\"}]},{\"@type\":\"WebSite\",\"@id\":\"https:\/\/www.myvize.com.tr\/gana\/#website\",\"url\":\"https:\/\/www.myvize.com.tr\/gana\/\",\"name\":\"Gana Vizesi\",\"description\":\"\",\"potentialAction\":[{\"@type\":\"SearchAction\",\"target\":{\"@type\":\"EntryPoint\",\"urlTemplate\":\"https:\/\/www.myvize.com.tr\/gana\/?s={search_term_string}\"},\"query-input\":{\"@type\":\"PropertyValueSpecification\",\"valueRequired\":true,\"valueName\":\"search_term_string\"}}],\"inLanguage\":\"tr\"}]}<\/script>\n<!-- \/ Yoast SEO plugin. -->","yoast_head_json":{"title":"Gana Vize Reddi Sebepleri - Gana Vizesi - MyVize","description":"Gana vizesi reddi alman\u0131zda ki sebepler neler? Gana vize reddi i\u00e7in detayl\u0131 itiraz dilek\u00e7esi i\u00e7in ileti\u015fime ge\u00e7ebilirsiniz.","robots":{"index":"index","follow":"follow","max-snippet":"max-snippet:-1","max-image-preview":"max-image-preview:large","max-video-preview":"max-video-preview:-1"},"canonical":"https:\/\/www.myvize.com.tr\/gana\/vize-islemleri\/gana-vize-reddi\/","og_locale":"tr_TR","og_type":"article","og_title":"Gana Vize Reddi Sebepleri - Gana Vizesi - MyVize","og_description":"Gana vizesi reddi alman\u0131zda ki sebepler neler? Gana vize reddi i\u00e7in detayl\u0131 itiraz dilek\u00e7esi i\u00e7in ileti\u015fime ge\u00e7ebilirsiniz.","og_url":"https:\/\/www.myvize.com.tr\/gana\/vize-islemleri\/gana-vize-reddi\/","og_site_name":"Gana Vizesi","article_modified_time":"2022-05-06T13:22:53+00:00","og_image":[{"url":"https:\/\/www.myvize.com.tr\/gana\/wp-content\/uploads\/2021\/10\/59.jpg","type":"","width":"","height":""}],"twitter_card":"summary_large_image","twitter_misc":{"Tahmini okuma s\u00fcresi":"2 dakika"},"schema":{"@context":"https:\/\/schema.org","@graph":[{"@type":"WebPage","@id":"https:\/\/www.myvize.com.tr\/gana\/vize-islemleri\/gana-vize-reddi\/","url":"https:\/\/www.myvize.com.tr\/gana\/vize-islemleri\/gana-vize-reddi\/","name":"Gana Vize Reddi Sebepleri - Gana Vizesi - MyVize","isPartOf":{"@id":"https:\/\/www.myvize.com.tr\/gana\/#website"},"primaryImageOfPage":{"@id":"https:\/\/www.myvize.com.tr\/gana\/vize-islemleri\/gana-vize-reddi\/#primaryimage"},"image":{"@id":"https:\/\/www.myvize.com.tr\/gana\/vize-islemleri\/gana-vize-reddi\/#primaryimage"},"thumbnailUrl":"https:\/\/www.myvize.com.tr\/gana\/wp-content\/uploads\/2021\/10\/59.jpg","datePublished":"2020-11-30T09:48:56+00:00","dateModified":"2022-05-06T13:22:53+00:00","description":"Gana vizesi reddi alman\u0131zda ki sebepler neler? Gana vize reddi i\u00e7in detayl\u0131 itiraz dilek\u00e7esi i\u00e7in ileti\u015fime ge\u00e7ebilirsiniz.","breadcrumb":{"@id":"https:\/\/www.myvize.com.tr\/gana\/vize-islemleri\/gana-vize-reddi\/#breadcrumb"},"inLanguage":"tr","potentialAction":[{"@type":"ReadAction","target":["https:\/\/www.myvize.com.tr\/gana\/vize-islemleri\/gana-vize-reddi\/"]}]},{"@type":"ImageObject","inLanguage":"tr","@id":"https:\/\/www.myvize.com.tr\/gana\/vize-islemleri\/gana-vize-reddi\/#primaryimage","url":"https:\/\/www.myvize.com.tr\/gana\/wp-content\/uploads\/2021\/10\/59.jpg","contentUrl":"https:\/\/www.myvize.com.tr\/gana\/wp-content\/uploads\/2021\/10\/59.jpg","width":800,"height":500,"caption":"Gana Vize Reddi"},{"@type":"BreadcrumbList","@id":"https:\/\/www.myvize.com.tr\/gana\/vize-islemleri\/gana-vize-reddi\/#breadcrumb","itemListElement":[{"@type":"ListItem","position":1,"name":"Anasayfa","item":"https:\/\/www.myvize.com.tr\/gana\/"},{"@type":"ListItem","position":2,"name":"V\u0130ZE \u0130\u015eLEMLER\u0130","item":"https:\/\/www.myvize.com.tr\/gana\/vize-islemleri\/"},{"@type":"ListItem","position":3,"name":"Gana Vize Reddi"}]},{"@type":"WebSite","@id":"https:\/\/www.myvize.com.tr\/gana\/#website","url":"https:\/\/www.myvize.com.tr\/gana\/","name":"Gana Vizesi","description":"","potentialAction":[{"@type":"SearchAction","target":{"@type":"EntryPoint","urlTemplate":"https:\/\/www.myvize.com.tr\/gana\/?s={search_term_string}"},"query-input":{"@type":"PropertyValueSpecification","valueRequired":true,"valueName":"search_term_string"}}],"inLanguage":"tr"}]}},"_links":{"self":[{"href":"https:\/\/www.myvize.com.tr\/gana\/wp-json\/wp\/v2\/pages\/49","targetHints":{"allow":["GET"]}}],"collection":[{"href":"https:\/\/www.myvize.com.tr\/gana\/wp-json\/wp\/v2\/pages"}],"about":[{"href":"https:\/\/www.myvize.com.tr\/gana\/wp-json\/wp\/v2\/types\/page"}],"author":[{"embeddable":true,"href":"https:\/\/www.myvize.com.tr\/gana\/wp-json\/wp\/v2\/users\/1"}],"replies":[{"embeddable":true,"href":"https:\/\/www.myvize.com.tr\/gana\/wp-json\/wp\/v2\/comments?post=49"}],"version-history":[{"count":7,"href":"https:\/\/www.myvize.com.tr\/gana\/wp-json\/wp\/v2\/pages\/49\/revisions"}],"predecessor-version":[{"id":691,"href":"https:\/\/www.myvize.com.tr\/gana\/wp-json\/wp\/v2\/pages\/49\/revisions\/691"}],"up":[{"embeddable":true,"href":"https:\/\/www.myvize.com.tr\/gana\/wp-json\/wp\/v2\/pages\/18"}],"wp:attachment":[{"href":"https:\/\/www.myvize.com.tr\/gana\/wp-json\/wp\/v2\/media?parent=49"}],"curies":[{"name":"wp","href":"https:\/\/api.w.org\/{rel}","templated":true}]}}