{"id":529,"date":"2021-10-27T15:25:31","date_gmt":"2021-10-27T12:25:31","guid":{"rendered":"https:\/\/www.myvize.com.tr\/gana\/?page_id=529"},"modified":"2022-05-07T13:49:23","modified_gmt":"2022-05-07T10:49:23","slug":"gana-fotograf-olcusu","status":"publish","type":"page","link":"https:\/\/www.myvize.com.tr\/gana\/gana-fotograf-olcusu\/","title":{"rendered":"Gana Foto\u011fraf \u00d6l\u00e7\u00fcs\u00fc"},"content":{"rendered":"<h2><strong><span style=\"font-family: Roboto; font-size: 27px;\">Gana Foto\u011fraf \u00d6l\u00e7\u00fcs\u00fc 2022<\/span><\/strong><\/h2>\n<p><span style=\"font-family: Roboto; font-size: 14px;\"><strong>Gana\u2019ya seyahat etmek<\/strong> isteyen ki\u015filer vize ba\u015fvurusu i\u00e7in baz\u0131 evraklar\u0131 eksiksiz olarak haz\u0131rlamal\u0131d\u0131r. Haz\u0131rlanan vize evraklar\u0131 aras\u0131nda <strong>Gana vize foto\u011fraf\u0131<\/strong> da bulunmal\u0131d\u0131r. Bu yaz\u0131da Gana vize ba\u015fvurusu yapacak olan ki\u015filer i\u00e7in Gana foto\u011fraf \u00f6l\u00e7\u00fcs\u00fc 2022 hakk\u0131nda bilgi verilmi\u015ftir.<\/span><\/p>\n<p><span style=\"font-family: Roboto; font-size: 14px;\">Gana vize ba\u015fvurusu yapacak olan ki\u015filerin haz\u0131rlamas\u0131 gereken foto\u011fraf biyometrik foto\u011fraft\u0131r. Gana vize ba\u015fvurusu yapacak olan ki\u015filerin haz\u0131rlamas\u0131 gereken foto\u011fraf \u00f6l\u00e7\u00fcs\u00fc <strong>35X45 mm<\/strong> boyutunda olmal\u0131d\u0131r.<\/span><\/p>\n<p><span style=\"font-family: Roboto; font-size: 14px;\">Foto\u011frafta ba\u015fvuru sahibinin y\u00fcz\u00fc foto\u011fraf\u0131n y\u00fczde 70-80\u2019ini kar\u015f\u0131lamal\u0131d\u0131r. Kafa boyutu ortalama olarak <strong>29-34 mm<\/strong> y\u00fcksekli\u011fine olmal\u0131d\u0131r. Gana vize ba\u015fvurusu yapacak olan ki\u015filerin haz\u0131rlamas\u0131 gereken vize foto\u011fraf \u00f6l\u00e7\u00fclerinin boyutu istenilen \u015fekilde olmal\u0131d\u0131r. \u0130stenilen \u015fekilde olmayan vize foto\u011fraf \u00f6l\u00e7\u00fcleri nedeni ile ba\u015fvuru reddedilebilir.<\/span><\/p>\n<h2><span style=\"font-family: Roboto; font-size: 27px;\"><strong>Gana Vize Foto\u011fraf \u00d6l\u00e7\u00fcs\u00fc<\/strong><\/span><\/h2>\n<p><span style=\"font-family: Roboto; font-size: 14px;\"><strong>Gana vizesi<\/strong> i\u00e7in istenen foto\u011fraf biyometrik foto\u011fraft\u0131r. <span style=\"color: #2acec2;\"><strong><a style=\"color: #2acec2;\" href=\"https:\/\/www.myvize.com.tr\/gana\/vize-islemleri\/gana-vizesi\/\" target=\"_blank\" rel=\"noopener\">Gana vizesi<\/a><\/strong><\/span> i\u00e7in istenen foto\u011fraflar\u0131n Gana Konsoloslu\u011fu taraf\u0131ndan\u00a0istenen boyutlarda ve \u00f6zellikte olmas\u0131 gerekmektedir. Gana vize ba\u015fvurusunda foto\u011fraflar\u0131n istenen \u00f6zellikte olmamas\u0131 durumunda <strong><span style=\"color: #2acec2;\"><a style=\"color: #2acec2;\" href=\"https:\/\/www.myvize.com.tr\/gana\/gana-vize-basvurusu\/\" target=\"_blank\" rel=\"noopener\">Gana vize ba\u015fvurusu<\/a><\/span><\/strong> reddedilir. <strong>Gana vizesi<\/strong> alacak olan ki\u015filerin haz\u0131rlamas\u0131 gereken biyometrik foto\u011fraf\u0131n \u00f6zellikleri \u015fu \u015fekildedir;<\/span><\/p>\n<ul>\n<li><span style=\"font-family: Roboto; font-size: 14px;\">Gana vize foto\u011fraf 6 ay i\u00e7erisinde \u00e7ekilmelidir.<\/span><\/li>\n<li><span style=\"font-family: Roboto; font-size: 14px;\">Gana vizesi i\u00e7in 2 adet foto\u011fraf bulundurmal\u0131s\u0131n\u0131z.<\/span><\/li>\n<li><span style=\"font-family: Roboto; font-size: 14px;\"><strong>Gana vize foto\u011fraf\u0131<\/strong> renkli olmal\u0131d\u0131r.<\/span><\/li>\n<li><span style=\"font-family: Roboto; font-size: 14px;\">Kafa y\u00fcksekli\u011fi en fazla 36, en az 32 mm boyutunda olmal\u0131d\u0131r.<\/span><\/li>\n<li><span style=\"font-family: Roboto; font-size: 14px;\">Foto\u011fraf \u00e7ok parlak bir \u015fekilde olmamal\u0131d\u0131r. Foto\u011fraf \u00fczerinde dijital oynama yap\u0131lmamal\u0131d\u0131r.<\/span><\/li>\n<li><span style=\"font-family: Roboto; font-size: 14px;\"><strong>Gana vize ba\u015fvurusu<\/strong> i\u00e7in\u00a0istenen biometrik foto\u011fraf\u0131n \u00f6l\u00e7\u00fcs\u00fc 45X35 mm boyutunda olmas\u0131 gerekmektedir.<\/span><\/li>\n<li><span style=\"font-family: Roboto; font-size: 14px;\">Foto\u011frafta kafa boyutu, foto\u011fraf\u0131n tamam\u0131n\u0131n\u00a0en az y\u00fczde 70\u2019ini kaplamal\u0131, en fazla ise y\u00fczde 80\u2019inini kaplamal\u0131d\u0131r.<\/span><\/li>\n<li><span style=\"font-family: Roboto; font-size: 14px;\">Foto\u011fraf \u00e7ekilirken g\u00f6zl\u00fck ve ba\u015f\u00f6rt\u00fcs\u00fc tak\u0131lmas\u0131nda sorun yoktur. Ancak y\u00fcz\u00fcn tan\u0131nmas\u0131n\u0131 engellememelidir.<\/span><\/li>\n<li><span style=\"font-family: Roboto; font-size: 14px;\">Foto\u011fraf\u0131n arka fonu tek renk beyaz ya da gri olmal\u0131d\u0131r.<\/span><\/li>\n<li><span style=\"font-family: Roboto; font-size: 14px;\"><strong>Gana vize ba\u015fvurusu<\/strong> yapacak olan ki\u015filer do\u011frudan kameraya bak\u0131yor olmal\u0131d\u0131r.<\/span><\/li>\n<li><span style=\"font-family: Roboto; font-size: 14px;\">Foto\u011fraf \u00e7ekecek olan ki\u015filer normal y\u00fcz ifadesi ile olmal\u0131d\u0131r. Foto\u011fraf \u00e7ekilen ki\u015fi g\u00fclmemelidir.<\/span><\/li>\n<li><span style=\"font-family: Roboto; font-size: 14px;\">Foto\u011fraf \u00e7ekilen ki\u015filerin y\u00fcz\u00fcn\u00fcn tam olarak g\u00f6r\u00fcnmelidir.\u00a0Y\u00fcz\u00fcn tan\u0131nmas\u0131n\u0131 engelleyecek aksesuar tak\u0131lmamal\u0131d\u0131r.<\/span><\/li>\n<\/ul>\n<h2><strong><span style=\"font-family: Roboto; font-size: 27px;\">Gana Foto\u011fraf \u00d6l\u00e7\u00fcleri Nedir?<\/span><\/strong><\/h2>\n<p><span style=\"font-family: Roboto; font-size: 14px;\">Gana\u2019ya seyahatte bulunacak olan ki\u015filer, Gana seyahatleri i\u00e7in vize almal\u0131d\u0131r. Gana seyahatleri i\u00e7in vize alacak olan ki\u015filerin vize ba\u015fvurusu i\u00e7in foto\u011fraf haz\u0131rlamas\u0131 gerekmektedir. <strong>Gana vize ba\u015fvurusu yapacak<\/strong> olan ki\u015filer i\u00e7in bu yaz\u0131da \u201cGana foto\u011fraf \u00f6l\u00e7\u00fcleri nedir?\u201d sorusunun cevab\u0131 verilmi\u015ftir.<\/span><\/p>\n<p><span style=\"font-family: Roboto; font-size: 14px;\"><strong>Gana vize ba\u015fvurusu<\/strong> yapacak olan ki\u015filerin haz\u0131rlamas\u0131 gereken foto\u011fraf \u00f6l\u00e7\u00fcleri a\u015fa\u011f\u0131daki \u015fekilde olmal\u0131d\u0131r.<\/span><\/p>\n<ul>\n<li><span style=\"font-family: Roboto; font-size: 14px;\"><strong>Gana vize foto\u011fraf \u00f6l\u00e7\u00fcleri<\/strong> 35X45 mm boyutunda olmal\u0131d\u0131r.<\/span><\/li>\n<li><span style=\"font-family: Roboto; font-size: 14px;\">Kafa y\u00fcksekli\u011fi \u00e7ene ba\u015flang\u0131c\u0131ndan sa\u00e7\u0131n biti\u015fine kadar en fazla <strong>35 mm<\/strong> boyutunda olmal\u0131d\u0131r.<\/span><\/li>\n<li><span style=\"font-family: Roboto; font-size: 14px;\">Kafa foto\u011fraf\u0131n y\u00fczde 70 ile 80\u2019ini kaplamal\u0131d\u0131r.<\/span><\/li>\n<\/ul>\n<p><span style=\"font-family: Roboto; font-size: 14px;\">Gana foto\u011fraf \u00f6l\u00e7\u00fcleri yukar\u0131da verilmi\u015ftir. Bu \u00f6l\u00e7\u00fcler d\u0131\u015f\u0131nda verilen foto\u011fraflar kabul edilmemektedir. Bu nedenle ba\u015fvuru yapacak olan ki\u015finin Gana vize ba\u015fvurusu reddedilebilir.<\/span><\/p>\n<h2><strong><span style=\"font-family: Roboto; font-size: 27px;\">Gana Foto\u011fraf \u00d6l\u00e7\u00fc \u00d6zellikleri<\/span><\/strong><\/h2>\n<p><span style=\"font-family: Roboto; font-size: 14px;\"><strong>Gana\u2019ya seyahat edecek olan<\/strong> ki\u015filer, Gana seyahatleri i\u00e7in gerekli olan evraklar\u0131 haz\u0131rlamal\u0131d\u0131r. Haz\u0131rlanan evraklardan birisi <strong>Gana vize<\/strong> foto\u011fraf\u0131d\u0131r. Gana vizesi ba\u015fvurusu yapacak olan ki\u015filer, Gana vize ba\u015fvurusu i\u00e7in haz\u0131rlamas\u0131 gereken <strong>Gana foto\u011fraf \u00f6l\u00e7\u00fc \u00f6zellikleri<\/strong> hakk\u0131nda ara\u015ft\u0131rma yapmaktad\u0131r. Bu konu hakk\u0131nda a\u015fa\u011f\u0131da bilgi verilmi\u015ftir.<\/span><\/p>\n<ul>\n<li><span style=\"font-family: Roboto; font-size: 14px;\">Foto\u011fraf <strong>35X45 mm<\/strong> boyutunda biyometrik \u00f6zellik ta\u015f\u0131mal\u0131d\u0131r.<\/span><\/li>\n<li><span style=\"font-family: Roboto; font-size: 14px;\">\u00c7\u00f6z\u00fcn\u00fcrl\u00fck 600 dpi olmal\u0131d\u0131r.<\/span><\/li>\n<li><span style=\"font-family: Roboto; font-size: 14px;\">Kafa y\u00fcksekli\u011fi<strong> 29-34 mm<\/strong> aras\u0131nda olmal\u0131d\u0131r.<\/span><\/li>\n<li><span style=\"font-family: Roboto; font-size: 14px;\">Kafa foto\u011fraf\u0131n yakla\u015f\u0131k olarak y\u00fczde 70 ve 80\u2019i aras\u0131n\u0131 kapsamal\u0131d\u0131r.<\/span><\/li>\n<li><span style=\"font-family: Roboto; font-size: 14px;\">Foto\u011frafta arka plan rengi beyaz olmal\u0131d\u0131r.<\/span><\/li>\n<li><span style=\"font-family: Roboto; font-size: 14px;\">Foto\u011fraf \u00fczerinde oynama yap\u0131lmam\u0131\u015f olmal\u0131d\u0131r.<\/span><\/li>\n<li><span style=\"font-family: Roboto; font-size: 14px;\">Y\u00fcz\u00fcn tamam\u0131 tan\u0131nacak \u015fekilde olmal\u0131d\u0131r.<\/span><\/li>\n<li><span style=\"font-family: Roboto; font-size: 14px;\">Foto\u011fraf\u0131n i\u015faretlenmemi\u015f, \u00e7izilmemi\u015f ya da y\u0131pranmam\u0131\u015f olmas\u0131 gerekmektedir.<\/span><\/li>\n<li><span style=\"font-family: Roboto; font-size: 14px;\">\u0130stenen \u00f6l\u00e7\u00fc \u00f6zelliklerde olmamas\u0131ndan dolay\u0131 ba\u015fvuru reddedilebilir.<\/span><\/li>\n<\/ul>\n<h3><strong><span style=\"font-family: Roboto; font-size: 24px;\">Gana Foto\u011fraf \u00d6l\u00e7\u00fc \u00d6zelliklerinde Dikkat Edilmesi Gerekenler<\/span><\/strong><\/h3>\n<p><span style=\"font-family: Roboto; font-size: 14px;\">Gana\u2019ya bir ama\u00e7la seyahat etmek isteyen ki\u015filer, Gana vize ba\u015fvurusu i\u00e7in foto\u011fraf haz\u0131rlamal\u0131d\u0131r. <strong>Gana vize ba\u015fvurusu<\/strong> i\u00e7in foto\u011fraf haz\u0131rlayacak ki\u015filer i\u00e7in a\u015fa\u011f\u0131da <strong>Gana foto\u011fraf \u00f6l\u00e7\u00fc<\/strong> \u00f6zellerinde dikkat edilmesi gerekenler hakk\u0131nda bilgi verilmi\u015ftir.<\/span><\/p>\n<ul>\n<li><span style=\"font-family: Roboto; font-size: 14px;\"><strong>Gana vize ba\u015fvurusu<\/strong> yapacak olan ki\u015filer, foto\u011fraf \u00e7ekilirken y\u00fcz\u00fcn tan\u0131nmas\u0131n\u0131 engelleyecek bir obje kullan\u0131lmamal\u0131d\u0131r.<\/span><\/li>\n<li><span style=\"font-family: Roboto; font-size: 14px;\">Ba\u015fvuru sahibini en iyi \u015fekilde temsil eden \u015fekilde olmal\u0131d\u0131r.<\/span><\/li>\n<li><span style=\"font-family: Roboto; font-size: 14px;\">Foto\u011fraf\u0131 \u00e7ektiren ki\u015fi normal y\u00fcz ifadesini tak\u0131nmal\u0131d\u0131r.<\/span><\/li>\n<li><span style=\"font-family: Roboto; font-size: 14px;\">Foto\u011fraf \u00fczerine oynanmam\u0131\u015f olmal\u0131d\u0131r.<\/span><\/li>\n<li><span style=\"font-family: Roboto; font-size: 14px;\">Foto\u011fraf \u00e7\u0131kt\u0131s\u0131 y\u00fcksek kalitede bir ka\u011f\u0131da 600 dpi \u00e7\u00f6z\u00fcn\u00fcrl\u00fck ile al\u0131nmal\u0131d\u0131r.<\/span><\/li>\n<li><span style=\"font-family: Roboto; font-size: 14px;\">Foto\u011fraf beyaz bir zemin \u00fczerine \u00e7ektirilmelidir.<\/span><\/li>\n<li><span style=\"font-family: Roboto; font-size: 14px;\">Foto\u011fraf\u0131n 6 ay i\u00e7erisinde \u00e7ekilmi\u015f olmas\u0131 gerekmektedir.<\/span><\/li>\n<li><span style=\"font-family: Roboto; font-size: 14px;\">Gana foto\u011fraf\u0131 daha \u00f6nce ba\u015fka bir vize ba\u015fvurusunda kullan\u0131lmam\u0131\u015f olmal\u0131d\u0131r.<\/span><\/li>\n<li><span style=\"font-family: Roboto; font-size: 14px;\">Foto\u011fraf\u0131n y\u0131pranmam\u0131\u015f olmas\u0131 gerekmektedir.<\/span><\/li>\n<\/ul>\n","protected":false},"excerpt":{"rendered":"<p>Gana Foto\u011fraf \u00d6l\u00e7\u00fcs\u00fc 2022 Gana\u2019ya seyahat etmek isteyen ki\u015filer vize ba\u015fvurusu i\u00e7in baz\u0131 evraklar\u0131 eksiksiz olarak haz\u0131rlamal\u0131d\u0131r. Haz\u0131rlanan vize evraklar\u0131 aras\u0131nda Gana vize foto\u011fraf\u0131 da bulunmal\u0131d\u0131r. Bu yaz\u0131da Gana vize ba\u015fvurusu yapacak olan ki\u015filer i\u00e7in Gana foto\u011fraf \u00f6l\u00e7\u00fcs\u00fc 2022 hakk\u0131nda bilgi verilmi\u015ftir. Gana vize ba\u015fvurusu yapacak olan ki\u015filerin haz\u0131rlamas\u0131 gereken foto\u011fraf biyometrik foto\u011fraft\u0131r. Gana vize<\/p>\n","protected":false},"author":1,"featured_media":0,"parent":0,"menu_order":0,"comment_status":"closed","ping_status":"closed","template":"","meta":{"footnotes":""},"class_list":["post-529","page","type-page","status-publish","hentry"],"yoast_head":"<!-- This site is optimized with the Yoast SEO plugin v24.0 - https:\/\/yoast.com\/wordpress\/plugins\/seo\/ -->\n<title>Gana Vize Foto\u011fraf \u00d6l\u00e7\u00fcs\u00fc - MyVize Vize Ba\u015fvuru Merkezi<\/title>\n<meta name=\"description\" content=\"Gana Vize Foto\u011fraf \u00d6l\u00e7\u00fcs\u00fc Nas\u0131l Olmal\u0131d\u0131r? Gana Vize Foto\u011fraf \u00d6l\u00e7\u00fc \u00d6zellikleri Neler? Bilgi \u0130\u00e7in Vize Uzmanlar\u0131m\u0131z\u0131 Aray\u0131n: 0850 346 84 93\" \/>\n<meta name=\"robots\" content=\"index, follow, max-snippet:-1, max-image-preview:large, max-video-preview:-1\" \/>\n<link rel=\"canonical\" href=\"https:\/\/www.myvize.com.tr\/gana\/gana-fotograf-olcusu\/\" \/>\n<meta property=\"og:locale\" content=\"tr_TR\" \/>\n<meta property=\"og:type\" content=\"article\" \/>\n<meta property=\"og:title\" content=\"Gana Vize Foto\u011fraf \u00d6l\u00e7\u00fcs\u00fc - MyVize Vize Ba\u015fvuru Merkezi\" \/>\n<meta property=\"og:description\" content=\"Gana Vize Foto\u011fraf \u00d6l\u00e7\u00fcs\u00fc Nas\u0131l Olmal\u0131d\u0131r? Gana Vize Foto\u011fraf \u00d6l\u00e7\u00fc \u00d6zellikleri Neler? Bilgi \u0130\u00e7in Vize Uzmanlar\u0131m\u0131z\u0131 Aray\u0131n: 0850 346 84 93\" \/>\n<meta property=\"og:url\" content=\"https:\/\/www.myvize.com.tr\/gana\/gana-fotograf-olcusu\/\" \/>\n<meta property=\"og:site_name\" content=\"Gana Vizesi\" \/>\n<meta property=\"article:modified_time\" content=\"2022-05-07T10:49:23+00:00\" \/>\n<meta name=\"twitter:card\" content=\"summary_large_image\" \/>\n<meta name=\"twitter:label1\" content=\"Tahmini okuma s\u00fcresi\" \/>\n\t<meta name=\"twitter:data1\" content=\"3 dakika\" \/>\n<script type=\"application\/ld+json\" class=\"yoast-schema-graph\">{\"@context\":\"https:\/\/schema.org\",\"@graph\":[{\"@type\":\"WebPage\",\"@id\":\"https:\/\/www.myvize.com.tr\/gana\/gana-fotograf-olcusu\/\",\"url\":\"https:\/\/www.myvize.com.tr\/gana\/gana-fotograf-olcusu\/\",\"name\":\"Gana Vize Foto\u011fraf \u00d6l\u00e7\u00fcs\u00fc - MyVize Vize Ba\u015fvuru Merkezi\",\"isPartOf\":{\"@id\":\"https:\/\/www.myvize.com.tr\/gana\/#website\"},\"datePublished\":\"2021-10-27T12:25:31+00:00\",\"dateModified\":\"2022-05-07T10:49:23+00:00\",\"description\":\"Gana Vize Foto\u011fraf \u00d6l\u00e7\u00fcs\u00fc Nas\u0131l Olmal\u0131d\u0131r? Gana Vize Foto\u011fraf \u00d6l\u00e7\u00fc \u00d6zellikleri Neler? Bilgi \u0130\u00e7in Vize Uzmanlar\u0131m\u0131z\u0131 Aray\u0131n: 0850 346 84 93\",\"breadcrumb\":{\"@id\":\"https:\/\/www.myvize.com.tr\/gana\/gana-fotograf-olcusu\/#breadcrumb\"},\"inLanguage\":\"tr\",\"potentialAction\":[{\"@type\":\"ReadAction\",\"target\":[\"https:\/\/www.myvize.com.tr\/gana\/gana-fotograf-olcusu\/\"]}]},{\"@type\":\"BreadcrumbList\",\"@id\":\"https:\/\/www.myvize.com.tr\/gana\/gana-fotograf-olcusu\/#breadcrumb\",\"itemListElement\":[{\"@type\":\"ListItem\",\"position\":1,\"name\":\"Anasayfa\",\"item\":\"https:\/\/www.myvize.com.tr\/gana\/\"},{\"@type\":\"ListItem\",\"position\":2,\"name\":\"Gana Foto\u011fraf \u00d6l\u00e7\u00fcs\u00fc\"}]},{\"@type\":\"WebSite\",\"@id\":\"https:\/\/www.myvize.com.tr\/gana\/#website\",\"url\":\"https:\/\/www.myvize.com.tr\/gana\/\",\"name\":\"Gana Vizesi\",\"description\":\"\",\"potentialAction\":[{\"@type\":\"SearchAction\",\"target\":{\"@type\":\"EntryPoint\",\"urlTemplate\":\"https:\/\/www.myvize.com.tr\/gana\/?s={search_term_string}\"},\"query-input\":{\"@type\":\"PropertyValueSpecification\",\"valueRequired\":true,\"valueName\":\"search_term_string\"}}],\"inLanguage\":\"tr\"}]}<\/script>\n<!-- \/ Yoast SEO plugin. -->","yoast_head_json":{"title":"Gana Vize Foto\u011fraf \u00d6l\u00e7\u00fcs\u00fc - MyVize Vize Ba\u015fvuru Merkezi","description":"Gana Vize Foto\u011fraf \u00d6l\u00e7\u00fcs\u00fc Nas\u0131l Olmal\u0131d\u0131r? Gana Vize Foto\u011fraf \u00d6l\u00e7\u00fc \u00d6zellikleri Neler? Bilgi \u0130\u00e7in Vize Uzmanlar\u0131m\u0131z\u0131 Aray\u0131n: 0850 346 84 93","robots":{"index":"index","follow":"follow","max-snippet":"max-snippet:-1","max-image-preview":"max-image-preview:large","max-video-preview":"max-video-preview:-1"},"canonical":"https:\/\/www.myvize.com.tr\/gana\/gana-fotograf-olcusu\/","og_locale":"tr_TR","og_type":"article","og_title":"Gana Vize Foto\u011fraf \u00d6l\u00e7\u00fcs\u00fc - MyVize Vize Ba\u015fvuru Merkezi","og_description":"Gana Vize Foto\u011fraf \u00d6l\u00e7\u00fcs\u00fc Nas\u0131l Olmal\u0131d\u0131r? Gana Vize Foto\u011fraf \u00d6l\u00e7\u00fc \u00d6zellikleri Neler? Bilgi \u0130\u00e7in Vize Uzmanlar\u0131m\u0131z\u0131 Aray\u0131n: 0850 346 84 93","og_url":"https:\/\/www.myvize.com.tr\/gana\/gana-fotograf-olcusu\/","og_site_name":"Gana Vizesi","article_modified_time":"2022-05-07T10:49:23+00:00","twitter_card":"summary_large_image","twitter_misc":{"Tahmini okuma s\u00fcresi":"3 dakika"},"schema":{"@context":"https:\/\/schema.org","@graph":[{"@type":"WebPage","@id":"https:\/\/www.myvize.com.tr\/gana\/gana-fotograf-olcusu\/","url":"https:\/\/www.myvize.com.tr\/gana\/gana-fotograf-olcusu\/","name":"Gana Vize Foto\u011fraf \u00d6l\u00e7\u00fcs\u00fc - MyVize Vize Ba\u015fvuru Merkezi","isPartOf":{"@id":"https:\/\/www.myvize.com.tr\/gana\/#website"},"datePublished":"2021-10-27T12:25:31+00:00","dateModified":"2022-05-07T10:49:23+00:00","description":"Gana Vize Foto\u011fraf \u00d6l\u00e7\u00fcs\u00fc Nas\u0131l Olmal\u0131d\u0131r? Gana Vize Foto\u011fraf \u00d6l\u00e7\u00fc \u00d6zellikleri Neler? Bilgi \u0130\u00e7in Vize Uzmanlar\u0131m\u0131z\u0131 Aray\u0131n: 0850 346 84 93","breadcrumb":{"@id":"https:\/\/www.myvize.com.tr\/gana\/gana-fotograf-olcusu\/#breadcrumb"},"inLanguage":"tr","potentialAction":[{"@type":"ReadAction","target":["https:\/\/www.myvize.com.tr\/gana\/gana-fotograf-olcusu\/"]}]},{"@type":"BreadcrumbList","@id":"https:\/\/www.myvize.com.tr\/gana\/gana-fotograf-olcusu\/#breadcrumb","itemListElement":[{"@type":"ListItem","position":1,"name":"Anasayfa","item":"https:\/\/www.myvize.com.tr\/gana\/"},{"@type":"ListItem","position":2,"name":"Gana Foto\u011fraf \u00d6l\u00e7\u00fcs\u00fc"}]},{"@type":"WebSite","@id":"https:\/\/www.myvize.com.tr\/gana\/#website","url":"https:\/\/www.myvize.com.tr\/gana\/","name":"Gana Vizesi","description":"","potentialAction":[{"@type":"SearchAction","target":{"@type":"EntryPoint","urlTemplate":"https:\/\/www.myvize.com.tr\/gana\/?s={search_term_string}"},"query-input":{"@type":"PropertyValueSpecification","valueRequired":true,"valueName":"search_term_string"}}],"inLanguage":"tr"}]}},"_links":{"self":[{"href":"https:\/\/www.myvize.com.tr\/gana\/wp-json\/wp\/v2\/pages\/529","targetHints":{"allow":["GET"]}}],"collection":[{"href":"https:\/\/www.myvize.com.tr\/gana\/wp-json\/wp\/v2\/pages"}],"about":[{"href":"https:\/\/www.myvize.com.tr\/gana\/wp-json\/wp\/v2\/types\/page"}],"author":[{"embeddable":true,"href":"https:\/\/www.myvize.com.tr\/gana\/wp-json\/wp\/v2\/users\/1"}],"replies":[{"embeddable":true,"href":"https:\/\/www.myvize.com.tr\/gana\/wp-json\/wp\/v2\/comments?post=529"}],"version-history":[{"count":4,"href":"https:\/\/www.myvize.com.tr\/gana\/wp-json\/wp\/v2\/pages\/529\/revisions"}],"predecessor-version":[{"id":701,"href":"https:\/\/www.myvize.com.tr\/gana\/wp-json\/wp\/v2\/pages\/529\/revisions\/701"}],"wp:attachment":[{"href":"https:\/\/www.myvize.com.tr\/gana\/wp-json\/wp\/v2\/media?parent=529"}],"curies":[{"name":"wp","href":"https:\/\/api.w.org\/{rel}","templated":true}]}}