{"id":53,"date":"2020-11-30T12:50:00","date_gmt":"2020-11-30T09:50:00","guid":{"rendered":"https:\/\/www.myvize.com.tr\/gana\/?page_id=53"},"modified":"2022-05-06T16:24:59","modified_gmt":"2022-05-06T13:24:59","slug":"gana-universite-egitimi","status":"publish","type":"page","link":"https:\/\/www.myvize.com.tr\/gana\/vize-islemleri\/gana-universite-egitimi\/","title":{"rendered":"Gana \u00dcniversite E\u011fitimi"},"content":{"rendered":"<p><span style=\"font-family: Roboto; font-size: 14px;\">Gana bulundu\u011fu co\u011frafya olan Bat\u0131 Afrika\u2019n\u0131n en iyi \u00fcniversite e\u011fitimi veren \u00fclkelerindendir. \u00dclke i\u00e7erisinde \u00fcniversite okuyan ki\u015fi say\u0131s\u0131 az olsa bile, kom\u015fu \u00fclkelerden y\u00fczlerce ki\u015fi Gana\u2019da \u00fcniversite okumaktad\u0131r. Bunun nedeni Gana \u00fcniversitelerinin bulundu\u011fu co\u011frafyan\u0131n \u00fczerinde e\u011fitim vermesidir. T\u00fcrkiye\u2019den gelenler i\u00e7in Gana\u2019da ya\u015fam masraflar\u0131 d\u00fc\u015f\u00fckt\u00fcr. Ancak ya\u015fam kalitesi ve g\u00fcvenlik sistemi de d\u00fc\u015f\u00fckt\u00fcr. Bundan dolay\u0131 daha \u00e7ok o b\u00f6lge de ya\u015fayan \u00fclke vatanda\u015flar\u0131 Gana \u00fcniversitelerinden e\u011fitim almaktad\u0131r. Gana \u00fcniversitelerinden e\u011fitim almak i\u00e7in y\u0131ll\u0131k ortalama 5 bin ABD Dolar\u0131 gibi bir \u00fccret \u00f6denmektedir. Gana\u2019da \u00fcniversite e\u011fitimi almak i\u00e7in <strong>Bat\u0131 Afrika K\u0131demli Okulu<\/strong> Sertifika S\u0131nav\u0131 (WASSCE) ve SSCE s\u0131navlar\u0131ndan ge\u00e7erli not almal\u0131s\u0131n\u0131z.<\/span><\/p>\n<p><strong><span style=\"font-family: Roboto; font-size: 14px;\">\u00dclkede bulunan en iyi \u00fcniversiteler;<\/span><\/strong><\/p>\n<ul>\n<li><span style=\"font-family: Roboto; font-size: 14px;\">Valley View \u00dcniversitesi<\/span><\/li>\n<li><span style=\"font-family: Roboto; font-size: 14px;\">Ashesi \u00dcniversitesi<\/span><\/li>\n<li><span style=\"font-family: Roboto; font-size: 14px;\">Hristiyan Hizmet \u00dcniversitesi<\/span><\/li>\n<li><span style=\"font-family: Roboto; font-size: 14px;\">Kalk\u0131nma \u00c7al\u0131\u015fmalar\u0131 \u00dcniversitesi<\/span><\/li>\n<\/ul>\n<p><span style=\"font-family: Roboto; font-size: 14px;\">Gana\u2019da<strong> \u00fcniversite e\u011fitimi<\/strong> almak isteyen ki\u015filer \u00fcniversite e\u011fitimi i\u00e7in e\u011fitim vizesi almal\u0131d\u0131r.<strong> E\u011fitim vizesi<\/strong> ba\u015fvurular\u0131 i\u00e7in Gana, Ankara B\u00fcy\u00fckel\u00e7ili\u011fi, <span style=\"color: #2acec2;\"><strong><a style=\"color: #2acec2;\" href=\"https:\/\/www.myvize.com.tr\/gana\/konsolosluklar\/gana-istanbul-fahri-konsoloslugu\/\" target=\"_blank\" rel=\"noopener\">Gana \u0130stanbul Ba\u015fkonsoloslu\u011fu<\/a><\/strong><\/span> ve yetkilendirilmi\u015f vize ba\u015fvuru merkezlerine yap\u0131lmal\u0131d\u0131r. Ba\u015fvurular\u0131 de\u011ferlendirme yetkisi Gana Ankara B\u00fcy\u00fckel\u00e7ili\u011fi\u2019ne ve <strong>Gana \u0130stanbul Ba\u015fkonsoloslu\u011fu<\/strong>\u2019na yap\u0131lmal\u0131d\u0131r. Ba\u015fvuru i\u00e7in gerekli belgeler haz\u0131rlanmal\u0131, <strong><span style=\"color: #2acec2;\"><a style=\"color: #2acec2;\" href=\"https:\/\/www.myvize.com.tr\/gana\/gana-vize-basvurusu\/\" target=\"_blank\" rel=\"noopener\">Gana vize ba\u015fvurusu <\/a><\/span><\/strong>yap\u0131lacak yerden randevu al\u0131nmal\u0131 ve ba\u015fvuru yap\u0131lmal\u0131d\u0131r.<\/span><\/p>\n<p><img decoding=\"async\" src=\"https:\/\/www.myvize.com.tr\/gana\/wp-content\/uploads\/2021\/10\/62.jpg\" \/><\/p>\n<h2><span style=\"font-family: Roboto; font-size: 27px;\"><strong>Gana \u00dcniversite E\u011fitimi Hakk\u0131nda<\/strong><\/span><\/h2>\n<p><span style=\"font-family: Roboto; font-size: 14px;\"><strong>Gana \u00dcniversite E\u011fitimi\u00a0<\/strong>almak isteyen ki\u015filerin m\u00fcracaat etmeleri gereken vize e\u011fitim vizesidir. Vizenin al\u0131nabilmesi i\u00e7in \u00f6ncelikle gerekli olan evraklar\u0131n haz\u0131rlanmas\u0131 gerekir. Ancak ondan da \u00f6nce ki\u015filerin vize ba\u015fvuru i\u015flemini yerine getirmeleri gerekir. Ki\u015filerin vize i\u00e7in gerekli olan b\u00fct\u00fcn i\u015flemleri yerine getirmesi ve ayn\u0131 zaman da<strong> vize ba\u015fvuru i\u015flemlerini<\/strong> yerine getirmelerinin ard\u0131ndan <strong>vize i\u015flemleri<\/strong> 3 hafta kadar bir s\u00fcre i\u00e7erisinde tamamlanm\u0131\u015f olur. \u00d6\u011frenci vizesinin al\u0131nabilmesi i\u00e7in \u00e7al\u0131\u015fmak i\u00e7in al\u0131nan vizede oldu\u011fu gibi \u00fclkeye giri\u015fin kabul edilmesi i\u00e7in kabul belgesi gerekir. Ayn\u0131 zaman da \u00fcniversite arac\u0131l\u0131\u011f\u0131 ile de yerel olan makamlara ba\u015fvurunun uzat\u0131lmas\u0131 ya da s\u00fcreli olarak oturum iznine \u00e7evrilebilme olas\u0131l\u0131\u011f\u0131 da vard\u0131r. \u00d6\u011frenci vizesinin al\u0131nabilmesi i\u00e7in gerekli olan evraklar \u00f6ncelikle \u00fcniversite y\u00f6netimi taraf\u0131ndan ziyaret nedeninin belirtildi\u011fi bir yaz\u0131d\u0131r. \u0130ngilizce olmas\u0131 \u015fart\u0131 ile dil yeterlilik belgesi gerekir. Pratik e\u011fitimin al\u0131nacak oldu\u011fu okuldan kabul mektubunun da gelmesi gerekir. Bunlar\u0131n yan\u0131 s\u0131ra pasaport ya da kimlik fotokopisi \u015feklinde tamamlanmas\u0131 gereken daha bir\u00e7ok evrakta bulunur.\u00a0<\/span><\/p>\n<h2><strong><span style=\"font-family: Roboto; font-size: 27px;\">Gana&#8217;da \u00dcniversite Okumak<\/span><\/strong><\/h2>\n<p><span style=\"font-family: Roboto; font-size: 14px;\">Gana, Afrika k\u0131tas\u0131n\u0131n bat\u0131s\u0131nda yer alan \u00fclkelerden birisidir. \u00dcniversite e\u011fitimi a\u00e7\u0131s\u0131ndan Afrika\u2019n\u0131n en geli\u015fmi\u015f \u00fclkelerindendir. Gana\u2019da \u00fcniversite e\u011fitimi almak isteyen ki\u015filer, Gana\u2019da \u00fcniversite okumak i\u00e7in ne yapmas\u0131 gerekti\u011fini ara\u015ft\u0131rmaktad\u0131r. Bu yaz\u0131da <strong>Gana\u2019da \u00fcniversite okumak<\/strong> hakk\u0131nda bilgi verilmi\u015ftir. \u00a0<\/span><span style=\"font-family: Roboto; font-size: 14px;\">Gana\u2019da \u00fcniversite okumak isteyen ki\u015filer, Gana\u2019da bulunan bir \u00fcniversite taraf\u0131ndan kabul edilmi\u015f olmal\u0131d\u0131r. Gana\u2019da bulunan \u00fcniversite taraf\u0131ndan kabul edilen ki\u015filerin davetiye alm\u0131\u015f olmas\u0131 gerekmektedir. Ba\u015fvuru yapacak olan ki\u015filerin e\u011fitim masraflar\u0131n\u0131 kar\u015f\u0131layacak maddi duruma sahip olmas\u0131 gerekmektedir.<\/span><\/p>\n<p><span style=\"font-family: Roboto; font-size: 14px;\"><strong>Gana\u2019da \u00fcniversite okumak<\/strong> isteyen ki\u015filer, Gana\u2019n\u0131n g\u00fcvenlik, sa\u011fl\u0131k, insani geli\u015fmi\u015flik olarak geride kalm\u0131\u015f bir \u00fclke oldu\u011funu bilmelidir. Bunun yan\u0131nda ise Gana\u2019n\u0131n e\u011fitim masraf\u0131, ya\u015fam masraf\u0131, konaklama masraf\u0131 a\u00e7\u0131s\u0131nda ise T\u00fcrkiye\u2019ye g\u00f6re daha uygun bir \u00fclke oldu\u011funun bilinmesi gerekmektedir.<\/span><\/p>\n<h2><strong><span style=\"font-family: Roboto; font-size: 27px;\">Gana \u00dcniversite E\u011fitimi Almak \u0130\u00e7in Nas\u0131l Bir Yer?<\/span><\/strong><\/h2>\n<p><span style=\"font-family: Roboto; font-size: 14px;\"><strong>Gana\u2019da \u00fcniversite e\u011fitimi almak<\/strong> isteyen ki\u015filer, Gana\u2019n\u0131n \u00fcniversite e\u011fitimi i\u00e7in nas\u0131l bir yer oldu\u011funu ara\u015ft\u0131rmaktad\u0131r. Bu yaz\u0131da Gana\u2019da \u00fcniversite e\u011fitimi almak isteyen ki\u015filer i\u00e7in \u201cGana \u00fcniversite e\u011fitimi almak i\u00e7in nas\u0131l bir yer?\u201d sorusunun cevab\u0131 verilmi\u015ftir.<\/span><\/p>\n<p><span style=\"font-family: Roboto; font-size: 14px;\"><strong>Gana \u00fcniversite e\u011fitimi<\/strong> i\u00e7in Afrika\u2019n\u0131n en geli\u015fmi\u015f \u00fclkelerinden birisidir. Ancak d\u00fcnya geneline bakt\u0131\u011f\u0131m\u0131zda e\u011fitim sistemi geri kalm\u0131\u015ft\u0131r. \u00dcniversitelerin b\u00fcy\u00fck b\u00f6l\u00fcm\u00fc \u0130ngilizce e\u011fitim vermektedir. Bunun yan\u0131nda e\u011fitim masraflar\u0131, konaklama masraflar\u0131, g\u0131da masraflar\u0131 olarak T\u00fcrkiye\u2019ye g\u00f6re daha uygundur. Ancak g\u00fcvenlik, sa\u011fl\u0131k ve hukuk alan\u0131nda geri kalm\u0131\u015f bir \u00fclkedir.<\/span><\/p>\n<p><span style=\"font-family: Roboto; font-size: 14px;\">Gana\u2019da e\u011fitim alacak olan ki\u015filer bilmelidir ki Gana\u2019da bulunan \u00fcniversitelerden al\u0131nm\u0131\u015f diplomalar\u0131n \u00e7o\u011funlu\u011fu T\u00fcrkiye ve Avrupa \u00fclkelerinin bir\u00e7o\u011funda ge\u00e7erli de\u011fildir.<\/span><\/p>\n<h2><strong><span style=\"font-family: Roboto; font-size: 27px;\">Gana \u00dcniversite E\u011fitim Sistemi<\/span><\/strong><\/h2>\n<p><span style=\"font-family: Roboto; font-size: 14px;\"><strong>Gana\u2019da \u00fcniversite e\u011fitimi almak<\/strong> isteyen ki\u015filer, Gana \u00fcniversite e\u011fitim sistemi hakk\u0131nda ara\u015ft\u0131rma yapmaktad\u0131r. Bu yaz\u0131da Gana\u2019da \u00fcniversite e\u011fitimi almak isteyen ki\u015filer i\u00e7in Gana \u00fcniversite e\u011fitim sistemi hakk\u0131nda bilgi verilmi\u015ftir.<\/span><\/p>\n<p><span style=\"font-family: Roboto; font-size: 14px;\">Gana\u2019da \u00fcniversite e\u011fitimi almak isteyen ki\u015filer, Gana\u2019da bulunan bir \u00fcniversite taraf\u0131ndan kabul edilmi\u015f olmal\u0131d\u0131r. Gana\u2019da \u00fcniversite e\u011fitimi almak isteyen ki\u015filer, kabul edildikten sonra e\u011fitim vizesi almal\u0131d\u0131r.<\/span><\/p>\n<p><span style=\"font-family: Roboto; font-size: 14px;\">Gana \u00fcniversite e\u011fitimi genel olarak 4 y\u0131ld\u0131r. Ancak t\u0131p, eczac\u0131l\u0131k, veterinerlik ve baz\u0131 m\u00fchendislik fak\u00fcltelerinden 5 ile 6 y\u0131l s\u00fcrmektedir. Gana\u2019da bulunan \u00fcniversitelerin b\u00fcy\u00fck b\u00f6l\u00fcm\u00fc \u0130ngilizce olarak dil e\u011fitimi vermektedir.<\/span><\/p>\n<p><span style=\"font-family: Roboto; font-size: 14px;\">Gana\u2019da bulunan bir \u00fcniversitede e\u011fitim alacak olan ki\u015filerin belirli bir s\u0131nava girmesine gerek yoktur. Lise diplomas\u0131 bulunan herkes Gana\u2019da \u00fcniversite e\u011fitimi alabilir.<\/span><\/p>\n<h3><strong><span style=\"font-family: Roboto; font-size: 24px;\">Gana&#8217;da \u0130ngilizce \u00dcniversite E\u011fitimi<\/span><\/strong><\/h3>\n<p><span style=\"font-family: Roboto; font-size: 14px;\">Gana\u2019da \u00fcniversite e\u011fitimi alacak olan ki\u015filer, Gana\u2019da bulunan \u00fcniversitelerin<strong> \u0130ngilizce e\u011fitim<\/strong> verip vermedi\u011fini merak etmektedir. Bu yaz\u0131da Gana\u2019da \u00fcniversite e\u011fitimi alacak olan ki\u015filer i\u00e7in <strong>Gana\u2019da \u0130ngilizce \u00fcniversite e\u011fitimi<\/strong> hakk\u0131nda bilgi verilmi\u015ftir.<\/span><\/p>\n<p><span style=\"font-family: Roboto; font-size: 14px;\">Gana\u2019da bulunan \u00fcniversitelerin b\u00fcy\u00fck b\u00f6l\u00fcm\u00fc \u0130ngilizce olarak e\u011fitim vermektedir. Ancak <strong>Gana\u2019da \u0130ngilizce \u00fcniversite e\u011fitimi<\/strong> alacak olan ki\u015filer, \u0130ngilizce yeterlili\u011fini uluslararas\u0131 dil s\u0131navlar\u0131 ile kan\u0131tlamal\u0131d\u0131r.<\/span><\/p>\n<p><span style=\"font-family: Roboto; font-size: 14px;\">\u0130ngilizce yeterlili\u011fi bulunmayan ki\u015filer, Gana\u2019da \u0130ngilizce \u00fcniversite e\u011fitimi alamaz. Ancak \u0130ngilizce dil yeterlili\u011fi bulunmayan ki\u015filer, Gana\u2019da bir y\u0131l dil haz\u0131rl\u0131\u011f\u0131 okuyabilir. \u0130ngilizce dil haz\u0131rl\u0131\u011f\u0131 okuyan ki\u015filer, dil yeterlili\u011fi g\u00f6steremez ise Gana\u2019da \u00fcniversite e\u011fitimi alamaz.<\/span><\/p>\n<p><span style=\"font-family: Roboto; font-size: 14px;\"><strong>Gana\u2019da \u0130ngilizce \u00fcniversite e\u011fitimi<\/strong> i\u00e7in k\u0131saca \u0130ngilizce dil yeterlili\u011fi g\u00f6stermeniz gerekmektedir. Gana\u2019da ayr\u0131ca yerel dillerde \u00fcniversite e\u011fitimi de verilmektedir.<\/span><\/p>\n","protected":false},"excerpt":{"rendered":"<p>Gana bulundu\u011fu co\u011frafya olan Bat\u0131 Afrika\u2019n\u0131n en iyi \u00fcniversite e\u011fitimi veren \u00fclkelerindendir. \u00dclke i\u00e7erisinde \u00fcniversite okuyan ki\u015fi say\u0131s\u0131 az olsa bile, kom\u015fu \u00fclkelerden y\u00fczlerce ki\u015fi Gana\u2019da \u00fcniversite okumaktad\u0131r. Bunun nedeni Gana \u00fcniversitelerinin bulundu\u011fu co\u011frafyan\u0131n \u00fczerinde e\u011fitim vermesidir. T\u00fcrkiye\u2019den gelenler i\u00e7in Gana\u2019da ya\u015fam masraflar\u0131 d\u00fc\u015f\u00fckt\u00fcr. Ancak ya\u015fam kalitesi ve g\u00fcvenlik sistemi de d\u00fc\u015f\u00fckt\u00fcr. Bundan dolay\u0131 daha<\/p>\n","protected":false},"author":1,"featured_media":0,"parent":18,"menu_order":0,"comment_status":"open","ping_status":"closed","template":"","meta":{"footnotes":""},"class_list":["post-53","page","type-page","status-publish","hentry"],"yoast_head":"<!-- This site is optimized with the Yoast SEO plugin v24.0 - https:\/\/yoast.com\/wordpress\/plugins\/seo\/ -->\n<title>Gana \u00dcniversite E\u011fitimi Vizesi - Gana Vize - MyVize<\/title>\n<meta name=\"description\" content=\"Gana \u00fcniversite e\u011fitim vize ba\u015fvurusu evrak listesi. Gana \u00fcniversite e\u011fitim belgeleri ve \u015fartlar\u0131 i\u00e7in ileti\u015fime ge\u00e7ebilirsiniz.\" \/>\n<meta name=\"robots\" content=\"index, follow, max-snippet:-1, max-image-preview:large, max-video-preview:-1\" \/>\n<link rel=\"canonical\" href=\"https:\/\/www.myvize.com.tr\/gana\/vize-islemleri\/gana-universite-egitimi\/\" \/>\n<meta property=\"og:locale\" content=\"tr_TR\" \/>\n<meta property=\"og:type\" content=\"article\" \/>\n<meta property=\"og:title\" content=\"Gana \u00dcniversite E\u011fitimi Vizesi - Gana Vize - MyVize\" \/>\n<meta property=\"og:description\" content=\"Gana \u00fcniversite e\u011fitim vize ba\u015fvurusu evrak listesi. Gana \u00fcniversite e\u011fitim belgeleri ve \u015fartlar\u0131 i\u00e7in ileti\u015fime ge\u00e7ebilirsiniz.\" \/>\n<meta property=\"og:url\" content=\"https:\/\/www.myvize.com.tr\/gana\/vize-islemleri\/gana-universite-egitimi\/\" \/>\n<meta property=\"og:site_name\" content=\"Gana Vizesi\" \/>\n<meta property=\"article:modified_time\" content=\"2022-05-06T13:24:59+00:00\" \/>\n<meta property=\"og:image\" content=\"https:\/\/www.myvize.com.tr\/gana\/wp-content\/uploads\/2021\/10\/62.jpg\" \/>\n<meta name=\"twitter:card\" content=\"summary_large_image\" \/>\n<meta name=\"twitter:label1\" content=\"Tahmini okuma s\u00fcresi\" \/>\n\t<meta name=\"twitter:data1\" content=\"4 dakika\" \/>\n<script type=\"application\/ld+json\" class=\"yoast-schema-graph\">{\"@context\":\"https:\/\/schema.org\",\"@graph\":[{\"@type\":\"WebPage\",\"@id\":\"https:\/\/www.myvize.com.tr\/gana\/vize-islemleri\/gana-universite-egitimi\/\",\"url\":\"https:\/\/www.myvize.com.tr\/gana\/vize-islemleri\/gana-universite-egitimi\/\",\"name\":\"Gana \u00dcniversite E\u011fitimi Vizesi - Gana Vize - MyVize\",\"isPartOf\":{\"@id\":\"https:\/\/www.myvize.com.tr\/gana\/#website\"},\"primaryImageOfPage\":{\"@id\":\"https:\/\/www.myvize.com.tr\/gana\/vize-islemleri\/gana-universite-egitimi\/#primaryimage\"},\"image\":{\"@id\":\"https:\/\/www.myvize.com.tr\/gana\/vize-islemleri\/gana-universite-egitimi\/#primaryimage\"},\"thumbnailUrl\":\"https:\/\/www.myvize.com.tr\/gana\/wp-content\/uploads\/2021\/10\/62.jpg\",\"datePublished\":\"2020-11-30T09:50:00+00:00\",\"dateModified\":\"2022-05-06T13:24:59+00:00\",\"description\":\"Gana \u00fcniversite e\u011fitim vize ba\u015fvurusu evrak listesi. Gana \u00fcniversite e\u011fitim belgeleri ve \u015fartlar\u0131 i\u00e7in ileti\u015fime ge\u00e7ebilirsiniz.\",\"breadcrumb\":{\"@id\":\"https:\/\/www.myvize.com.tr\/gana\/vize-islemleri\/gana-universite-egitimi\/#breadcrumb\"},\"inLanguage\":\"tr\",\"potentialAction\":[{\"@type\":\"ReadAction\",\"target\":[\"https:\/\/www.myvize.com.tr\/gana\/vize-islemleri\/gana-universite-egitimi\/\"]}]},{\"@type\":\"ImageObject\",\"inLanguage\":\"tr\",\"@id\":\"https:\/\/www.myvize.com.tr\/gana\/vize-islemleri\/gana-universite-egitimi\/#primaryimage\",\"url\":\"https:\/\/www.myvize.com.tr\/gana\/wp-content\/uploads\/2021\/10\/62.jpg\",\"contentUrl\":\"https:\/\/www.myvize.com.tr\/gana\/wp-content\/uploads\/2021\/10\/62.jpg\",\"width\":800,\"height\":500,\"caption\":\"Gana \u00dcniversite E\u011fitimi\"},{\"@type\":\"BreadcrumbList\",\"@id\":\"https:\/\/www.myvize.com.tr\/gana\/vize-islemleri\/gana-universite-egitimi\/#breadcrumb\",\"itemListElement\":[{\"@type\":\"ListItem\",\"position\":1,\"name\":\"Anasayfa\",\"item\":\"https:\/\/www.myvize.com.tr\/gana\/\"},{\"@type\":\"ListItem\",\"position\":2,\"name\":\"V\u0130ZE \u0130\u015eLEMLER\u0130\",\"item\":\"https:\/\/www.myvize.com.tr\/gana\/vize-islemleri\/\"},{\"@type\":\"ListItem\",\"position\":3,\"name\":\"Gana \u00dcniversite E\u011fitimi\"}]},{\"@type\":\"WebSite\",\"@id\":\"https:\/\/www.myvize.com.tr\/gana\/#website\",\"url\":\"https:\/\/www.myvize.com.tr\/gana\/\",\"name\":\"Gana Vizesi\",\"description\":\"\",\"potentialAction\":[{\"@type\":\"SearchAction\",\"target\":{\"@type\":\"EntryPoint\",\"urlTemplate\":\"https:\/\/www.myvize.com.tr\/gana\/?s={search_term_string}\"},\"query-input\":{\"@type\":\"PropertyValueSpecification\",\"valueRequired\":true,\"valueName\":\"search_term_string\"}}],\"inLanguage\":\"tr\"}]}<\/script>\n<!-- \/ Yoast SEO plugin. -->","yoast_head_json":{"title":"Gana \u00dcniversite E\u011fitimi Vizesi - Gana Vize - MyVize","description":"Gana \u00fcniversite e\u011fitim vize ba\u015fvurusu evrak listesi. Gana \u00fcniversite e\u011fitim belgeleri ve \u015fartlar\u0131 i\u00e7in ileti\u015fime ge\u00e7ebilirsiniz.","robots":{"index":"index","follow":"follow","max-snippet":"max-snippet:-1","max-image-preview":"max-image-preview:large","max-video-preview":"max-video-preview:-1"},"canonical":"https:\/\/www.myvize.com.tr\/gana\/vize-islemleri\/gana-universite-egitimi\/","og_locale":"tr_TR","og_type":"article","og_title":"Gana \u00dcniversite E\u011fitimi Vizesi - Gana Vize - MyVize","og_description":"Gana \u00fcniversite e\u011fitim vize ba\u015fvurusu evrak listesi. Gana \u00fcniversite e\u011fitim belgeleri ve \u015fartlar\u0131 i\u00e7in ileti\u015fime ge\u00e7ebilirsiniz.","og_url":"https:\/\/www.myvize.com.tr\/gana\/vize-islemleri\/gana-universite-egitimi\/","og_site_name":"Gana Vizesi","article_modified_time":"2022-05-06T13:24:59+00:00","og_image":[{"url":"https:\/\/www.myvize.com.tr\/gana\/wp-content\/uploads\/2021\/10\/62.jpg","type":"","width":"","height":""}],"twitter_card":"summary_large_image","twitter_misc":{"Tahmini okuma s\u00fcresi":"4 dakika"},"schema":{"@context":"https:\/\/schema.org","@graph":[{"@type":"WebPage","@id":"https:\/\/www.myvize.com.tr\/gana\/vize-islemleri\/gana-universite-egitimi\/","url":"https:\/\/www.myvize.com.tr\/gana\/vize-islemleri\/gana-universite-egitimi\/","name":"Gana \u00dcniversite E\u011fitimi Vizesi - Gana Vize - MyVize","isPartOf":{"@id":"https:\/\/www.myvize.com.tr\/gana\/#website"},"primaryImageOfPage":{"@id":"https:\/\/www.myvize.com.tr\/gana\/vize-islemleri\/gana-universite-egitimi\/#primaryimage"},"image":{"@id":"https:\/\/www.myvize.com.tr\/gana\/vize-islemleri\/gana-universite-egitimi\/#primaryimage"},"thumbnailUrl":"https:\/\/www.myvize.com.tr\/gana\/wp-content\/uploads\/2021\/10\/62.jpg","datePublished":"2020-11-30T09:50:00+00:00","dateModified":"2022-05-06T13:24:59+00:00","description":"Gana \u00fcniversite e\u011fitim vize ba\u015fvurusu evrak listesi. Gana \u00fcniversite e\u011fitim belgeleri ve \u015fartlar\u0131 i\u00e7in ileti\u015fime ge\u00e7ebilirsiniz.","breadcrumb":{"@id":"https:\/\/www.myvize.com.tr\/gana\/vize-islemleri\/gana-universite-egitimi\/#breadcrumb"},"inLanguage":"tr","potentialAction":[{"@type":"ReadAction","target":["https:\/\/www.myvize.com.tr\/gana\/vize-islemleri\/gana-universite-egitimi\/"]}]},{"@type":"ImageObject","inLanguage":"tr","@id":"https:\/\/www.myvize.com.tr\/gana\/vize-islemleri\/gana-universite-egitimi\/#primaryimage","url":"https:\/\/www.myvize.com.tr\/gana\/wp-content\/uploads\/2021\/10\/62.jpg","contentUrl":"https:\/\/www.myvize.com.tr\/gana\/wp-content\/uploads\/2021\/10\/62.jpg","width":800,"height":500,"caption":"Gana \u00dcniversite E\u011fitimi"},{"@type":"BreadcrumbList","@id":"https:\/\/www.myvize.com.tr\/gana\/vize-islemleri\/gana-universite-egitimi\/#breadcrumb","itemListElement":[{"@type":"ListItem","position":1,"name":"Anasayfa","item":"https:\/\/www.myvize.com.tr\/gana\/"},{"@type":"ListItem","position":2,"name":"V\u0130ZE \u0130\u015eLEMLER\u0130","item":"https:\/\/www.myvize.com.tr\/gana\/vize-islemleri\/"},{"@type":"ListItem","position":3,"name":"Gana \u00dcniversite E\u011fitimi"}]},{"@type":"WebSite","@id":"https:\/\/www.myvize.com.tr\/gana\/#website","url":"https:\/\/www.myvize.com.tr\/gana\/","name":"Gana Vizesi","description":"","potentialAction":[{"@type":"SearchAction","target":{"@type":"EntryPoint","urlTemplate":"https:\/\/www.myvize.com.tr\/gana\/?s={search_term_string}"},"query-input":{"@type":"PropertyValueSpecification","valueRequired":true,"valueName":"search_term_string"}}],"inLanguage":"tr"}]}},"_links":{"self":[{"href":"https:\/\/www.myvize.com.tr\/gana\/wp-json\/wp\/v2\/pages\/53","targetHints":{"allow":["GET"]}}],"collection":[{"href":"https:\/\/www.myvize.com.tr\/gana\/wp-json\/wp\/v2\/pages"}],"about":[{"href":"https:\/\/www.myvize.com.tr\/gana\/wp-json\/wp\/v2\/types\/page"}],"author":[{"embeddable":true,"href":"https:\/\/www.myvize.com.tr\/gana\/wp-json\/wp\/v2\/users\/1"}],"replies":[{"embeddable":true,"href":"https:\/\/www.myvize.com.tr\/gana\/wp-json\/wp\/v2\/comments?post=53"}],"version-history":[{"count":8,"href":"https:\/\/www.myvize.com.tr\/gana\/wp-json\/wp\/v2\/pages\/53\/revisions"}],"predecessor-version":[{"id":693,"href":"https:\/\/www.myvize.com.tr\/gana\/wp-json\/wp\/v2\/pages\/53\/revisions\/693"}],"up":[{"embeddable":true,"href":"https:\/\/www.myvize.com.tr\/gana\/wp-json\/wp\/v2\/pages\/18"}],"wp:attachment":[{"href":"https:\/\/www.myvize.com.tr\/gana\/wp-json\/wp\/v2\/media?parent=53"}],"curies":[{"name":"wp","href":"https:\/\/api.w.org\/{rel}","templated":true}]}}