{"id":55,"date":"2020-11-30T12:50:43","date_gmt":"2020-11-30T09:50:43","guid":{"rendered":"https:\/\/www.myvize.com.tr\/gana\/?page_id=55"},"modified":"2022-05-07T13:28:05","modified_gmt":"2022-05-07T10:28:05","slug":"turkiyede-oturum-ve-calisma-izni","status":"publish","type":"page","link":"https:\/\/www.myvize.com.tr\/gana\/vize-islemleri\/turkiyede-oturum-ve-calisma-izni\/","title":{"rendered":"Gana T\u00fcrkiye&#8217;de Oturum ve \u00c7al\u0131\u015fma \u0130zni"},"content":{"rendered":"<h2><span style=\"font-family: Roboto; font-size: 27px;\">Gana Vatanda\u015flar\u0131 \u0130\u00e7in T\u00fcrkiye\u2019de Oturum Ve \u00c7al\u0131\u015fma \u0130zni 2022<\/span><\/h2>\n<p><span style=\"font-family: Roboto; font-size: 14px;\">T\u00fcrkiye\u2019de ikamet etmek isteyen Gana vatanda\u015flar\u0131, Gana\u2019da bulunan T\u00fcrkiye Cumhuriyeti temsilciliklerine ba\u015fvuru yapmal\u0131d\u0131r. T\u00fcrkiye <strong>oturum izni<\/strong> alabilmek ge\u00e7erli bir neden sunmalar\u0131 gerekmektedir. Bu neden e\u011fitim, aile birle\u015fimi, evlilik gibi nedenler olabilir. <strong>Oturum izni<\/strong> i\u00e7in gerekli bele\u011feler haz\u0131rlanmal\u0131d\u0131r. Ayr\u0131ca oturum izni har\u00e7 \u00fccreti de yat\u0131r\u0131lmal\u0131d\u0131r. T\u00fcrkiye temsilciliklerine yap\u0131lan ba\u015fvurular incelendikten sonra ba\u015fvuru sonucu ortalama olarak 90 g\u00fcn i\u00e7erisinde Gana vatanda\u015flar\u0131na bildirir. <strong>Oturum izni<\/strong> i\u00e7in bir davetiye sunmalar\u0131 gerekmektedir. Ya da oturum izni ba\u015fvurusu amac\u0131n\u0131 kan\u0131tlayan belgeler sunmal\u0131d\u0131r.<\/span><\/p>\n<p><span style=\"font-family: Roboto; font-size: 14px;\">T\u00fcrkiye\u2019de \u00e7al\u0131\u015fmak isteyen Gana vatanda\u015flar\u0131n\u0131n T\u00fcrkiye <strong>\u00e7al\u0131\u015fma izni<\/strong> ba\u015fvurusunda bulunmas\u0131 gerekmektedir. Bunun \u00e7al\u0131\u015fma izni i\u00e7in sadece Gana vatanda\u015f\u0131n\u0131n ba\u015fvurmas\u0131 yeterli de\u011fildir. T\u00fcrkiye\u2019de bulunan i\u015fveren ise T\u00fcrkiye \u00c7al\u0131\u015fma ve Sosyal G\u00fcvenlik Bakanl\u0131\u011f\u0131\u2019na e\u015f zamanl\u0131 olarak ba\u015fvurmal\u0131d\u0131r. Gana vatanda\u015f\u0131 ayn\u0131 zamanda T\u00fcrkiye\u2019de bulunan i\u015fverenden davetiye sunmal\u0131d\u0131r. <strong>\u00c7al\u0131\u015fma izni<\/strong> alan ki\u015finin ekstra oturma izni ba\u015fvurusunda bulunmas\u0131na gerek yoktur. \u00c7al\u0131\u015fma izni ba\u015fvuru sahibine oturum hakk\u0131 da tan\u0131maktad\u0131r. Ancak bunun i\u00e7in T\u00fcrkiye giri\u015f \u00fccreti, <strong>oturum izni \u00fccreti<\/strong> ve \u00e7al\u0131\u015fma \u00fccreti ayr\u0131 ayr\u0131 \u00f6denmelidir.<\/span><\/p>\n<p><span style=\"font-family: Roboto; font-size: 14px;\"><span style=\"color: #2acec2;\"><strong><a style=\"color: #2acec2;\" href=\"https:\/\/www.myvize.com.tr\/gana\/vize-islemleri\/gana-vizesi\/\" target=\"_blank\" rel=\"noopener\">Gana Vizesi<\/a><\/strong><\/span> ile ilgili bilgi almak i\u00e7in bizi aray\u0131n.<\/span><\/p>\n<p><img decoding=\"async\" src=\"https:\/\/www.myvize.com.tr\/gana\/wp-content\/uploads\/2021\/10\/63.jpg\" \/><\/p>\n<h2><span style=\"font-family: Roboto; font-size: 27px;\"><strong>T\u00fcrkiye\u2019de Oturum ve \u00c7al\u0131\u015fma \u0130zni Hakk\u0131nda<\/strong><\/span><\/h2>\n<p><span style=\"font-family: Roboto; font-size: 14px;\"><strong>T\u00fcrkiye\u2019de oturum ve \u00e7al\u0131\u015fma izni\u00a0<\/strong>i\u00e7in bir s\u00fcredir \u00fclkede ikamet ediyor olmak gerekir. Ancak bunun i\u00e7inde ge\u00e7erli bir nedenin olmas\u0131 gerekir. Ki\u015filerin \u00e7al\u0131\u015f\u0131yor olmas\u0131 halinde oturum iznini alana kadar da \u00e7al\u0131\u015fmaya devam etme durumlar\u0131 vard\u0131r. Ayn\u0131 zaman da ki\u015filerin gerekli olan b\u00fct\u00fcn \u015fartlar\u0131 da yerine getirmeleri gerekir. \u00d6ncelikle herhangi bir ceza almamalar\u0131 ve bir su\u00e7a kar\u0131\u015fmamalar\u0131 gerekir. Belli bir s\u00fcredir \u00fclke s\u0131n\u0131rlar\u0131 i\u00e7erisinde ikamet ediyor olmalar\u0131 gerekir. Bu s\u00fcrenin tutmamas\u0131 halinde <strong>oturum izni alma<\/strong> gibi bir durum s\u00f6z konusu olamaz. Ancak bu durumlar\u0131n d\u0131\u015f\u0131nda da ki\u015filerin oturum izni alma durumlar\u0131 vard\u0131r. E\u011fer ebeveynlerden birisi burada ikamet ediyor ise o zaman sadece ba\u015fvuru yaparak <strong>oturum izni alma<\/strong> imkan\u0131 vard\u0131r. Ayn\u0131 zaman da ki\u015finin burada biri ile evlenmesi halinde de direk oturum iznini alma hakk\u0131 vard\u0131r. \u00dclkemizde herhangi bir \u00f6d\u00fcl kazanm\u0131\u015f olmas\u0131 da oturum iznini almas\u0131na yard\u0131mc\u0131 olan bir di\u011fer durumlar aras\u0131nda yer al\u0131r. Ki\u015filer bu durumlar kar\u015f\u0131s\u0131nda oturum iznini alabilirler. Bu sayede herhangi bir sorun ya\u015fama olas\u0131l\u0131klar\u0131 da kalmam\u0131\u015f olur.\u00a0<\/span><\/p>\n<p><span style=\"font-family: Roboto; font-size: 14px;\"><span style=\"color: #2acec2;\"><strong><a style=\"color: #2acec2;\" href=\"https:\/\/www.myvize.com.tr\/gana\/vize-islemleri\/\" target=\"_blank\" rel=\"noopener\">Gana Vize \u0130\u015flemleri <\/a><\/strong><\/span>ile ilgili bilgi almak i\u00e7in bizi aray\u0131n.<\/span><\/p>\n","protected":false},"excerpt":{"rendered":"<p>Gana Vatanda\u015flar\u0131 \u0130\u00e7in T\u00fcrkiye\u2019de Oturum Ve \u00c7al\u0131\u015fma \u0130zni 2022 T\u00fcrkiye\u2019de ikamet etmek isteyen Gana vatanda\u015flar\u0131, Gana\u2019da bulunan T\u00fcrkiye Cumhuriyeti temsilciliklerine ba\u015fvuru yapmal\u0131d\u0131r. T\u00fcrkiye oturum izni alabilmek ge\u00e7erli bir neden sunmalar\u0131 gerekmektedir. Bu neden e\u011fitim, aile birle\u015fimi, evlilik gibi nedenler olabilir. Oturum izni i\u00e7in gerekli bele\u011feler haz\u0131rlanmal\u0131d\u0131r. Ayr\u0131ca oturum izni har\u00e7 \u00fccreti de yat\u0131r\u0131lmal\u0131d\u0131r. T\u00fcrkiye temsilciliklerine<\/p>\n","protected":false},"author":1,"featured_media":0,"parent":18,"menu_order":0,"comment_status":"open","ping_status":"closed","template":"","meta":{"footnotes":""},"class_list":["post-55","page","type-page","status-publish","hentry"],"yoast_head":"<!-- This site is optimized with the Yoast SEO plugin v24.0 - https:\/\/yoast.com\/wordpress\/plugins\/seo\/ -->\n<title>Gana T\u00fcrkiye&#039; de Oturum ve \u00c7al\u0131\u015fma \u0130zni - MyVize<\/title>\n<meta name=\"description\" content=\"Gana T\u00fcrkiye&#039; de oturum ve \u00e7al\u0131\u015fma izni vizesi i\u00e7in ofislerimizi ara. T\u00fcrkiye&#039;de oturum ve \u00e7al\u0131\u015fma vizesi i\u00e7in gerekli evrak listesi g\u00fcncel.\" \/>\n<meta name=\"robots\" content=\"index, follow, max-snippet:-1, max-image-preview:large, max-video-preview:-1\" \/>\n<link rel=\"canonical\" href=\"https:\/\/www.myvize.com.tr\/gana\/vize-islemleri\/turkiyede-oturum-ve-calisma-izni\/\" \/>\n<meta property=\"og:locale\" content=\"tr_TR\" \/>\n<meta property=\"og:type\" content=\"article\" \/>\n<meta property=\"og:title\" content=\"Gana T\u00fcrkiye&#039; de Oturum ve \u00c7al\u0131\u015fma \u0130zni - MyVize\" \/>\n<meta property=\"og:description\" content=\"Gana T\u00fcrkiye&#039; de oturum ve \u00e7al\u0131\u015fma izni vizesi i\u00e7in ofislerimizi ara. T\u00fcrkiye&#039;de oturum ve \u00e7al\u0131\u015fma vizesi i\u00e7in gerekli evrak listesi g\u00fcncel.\" \/>\n<meta property=\"og:url\" content=\"https:\/\/www.myvize.com.tr\/gana\/vize-islemleri\/turkiyede-oturum-ve-calisma-izni\/\" \/>\n<meta property=\"og:site_name\" content=\"Gana Vizesi\" \/>\n<meta property=\"article:modified_time\" content=\"2022-05-07T10:28:05+00:00\" \/>\n<meta property=\"og:image\" content=\"https:\/\/www.myvize.com.tr\/gana\/wp-content\/uploads\/2021\/10\/63.jpg\" \/>\n<meta name=\"twitter:card\" content=\"summary_large_image\" \/>\n<meta name=\"twitter:label1\" content=\"Tahmini okuma s\u00fcresi\" \/>\n\t<meta name=\"twitter:data1\" content=\"2 dakika\" \/>\n<script type=\"application\/ld+json\" class=\"yoast-schema-graph\">{\"@context\":\"https:\/\/schema.org\",\"@graph\":[{\"@type\":\"WebPage\",\"@id\":\"https:\/\/www.myvize.com.tr\/gana\/vize-islemleri\/turkiyede-oturum-ve-calisma-izni\/\",\"url\":\"https:\/\/www.myvize.com.tr\/gana\/vize-islemleri\/turkiyede-oturum-ve-calisma-izni\/\",\"name\":\"Gana T\u00fcrkiye' de Oturum ve \u00c7al\u0131\u015fma \u0130zni - MyVize\",\"isPartOf\":{\"@id\":\"https:\/\/www.myvize.com.tr\/gana\/#website\"},\"primaryImageOfPage\":{\"@id\":\"https:\/\/www.myvize.com.tr\/gana\/vize-islemleri\/turkiyede-oturum-ve-calisma-izni\/#primaryimage\"},\"image\":{\"@id\":\"https:\/\/www.myvize.com.tr\/gana\/vize-islemleri\/turkiyede-oturum-ve-calisma-izni\/#primaryimage\"},\"thumbnailUrl\":\"https:\/\/www.myvize.com.tr\/gana\/wp-content\/uploads\/2021\/10\/63.jpg\",\"datePublished\":\"2020-11-30T09:50:43+00:00\",\"dateModified\":\"2022-05-07T10:28:05+00:00\",\"description\":\"Gana T\u00fcrkiye' de oturum ve \u00e7al\u0131\u015fma izni vizesi i\u00e7in ofislerimizi ara. T\u00fcrkiye'de oturum ve \u00e7al\u0131\u015fma vizesi i\u00e7in gerekli evrak listesi g\u00fcncel.\",\"breadcrumb\":{\"@id\":\"https:\/\/www.myvize.com.tr\/gana\/vize-islemleri\/turkiyede-oturum-ve-calisma-izni\/#breadcrumb\"},\"inLanguage\":\"tr\",\"potentialAction\":[{\"@type\":\"ReadAction\",\"target\":[\"https:\/\/www.myvize.com.tr\/gana\/vize-islemleri\/turkiyede-oturum-ve-calisma-izni\/\"]}]},{\"@type\":\"ImageObject\",\"inLanguage\":\"tr\",\"@id\":\"https:\/\/www.myvize.com.tr\/gana\/vize-islemleri\/turkiyede-oturum-ve-calisma-izni\/#primaryimage\",\"url\":\"https:\/\/www.myvize.com.tr\/gana\/wp-content\/uploads\/2021\/10\/63.jpg\",\"contentUrl\":\"https:\/\/www.myvize.com.tr\/gana\/wp-content\/uploads\/2021\/10\/63.jpg\",\"width\":800,\"height\":500,\"caption\":\"Gana T\u00fcrkiye'de Oturum ve \u00c7al\u0131\u015fma \u0130zni\"},{\"@type\":\"BreadcrumbList\",\"@id\":\"https:\/\/www.myvize.com.tr\/gana\/vize-islemleri\/turkiyede-oturum-ve-calisma-izni\/#breadcrumb\",\"itemListElement\":[{\"@type\":\"ListItem\",\"position\":1,\"name\":\"Anasayfa\",\"item\":\"https:\/\/www.myvize.com.tr\/gana\/\"},{\"@type\":\"ListItem\",\"position\":2,\"name\":\"V\u0130ZE \u0130\u015eLEMLER\u0130\",\"item\":\"https:\/\/www.myvize.com.tr\/gana\/vize-islemleri\/\"},{\"@type\":\"ListItem\",\"position\":3,\"name\":\"Gana T\u00fcrkiye&#8217;de Oturum ve \u00c7al\u0131\u015fma \u0130zni\"}]},{\"@type\":\"WebSite\",\"@id\":\"https:\/\/www.myvize.com.tr\/gana\/#website\",\"url\":\"https:\/\/www.myvize.com.tr\/gana\/\",\"name\":\"Gana Vizesi\",\"description\":\"\",\"potentialAction\":[{\"@type\":\"SearchAction\",\"target\":{\"@type\":\"EntryPoint\",\"urlTemplate\":\"https:\/\/www.myvize.com.tr\/gana\/?s={search_term_string}\"},\"query-input\":{\"@type\":\"PropertyValueSpecification\",\"valueRequired\":true,\"valueName\":\"search_term_string\"}}],\"inLanguage\":\"tr\"}]}<\/script>\n<!-- \/ Yoast SEO plugin. -->","yoast_head_json":{"title":"Gana T\u00fcrkiye' de Oturum ve \u00c7al\u0131\u015fma \u0130zni - MyVize","description":"Gana T\u00fcrkiye' de oturum ve \u00e7al\u0131\u015fma izni vizesi i\u00e7in ofislerimizi ara. T\u00fcrkiye'de oturum ve \u00e7al\u0131\u015fma vizesi i\u00e7in gerekli evrak listesi g\u00fcncel.","robots":{"index":"index","follow":"follow","max-snippet":"max-snippet:-1","max-image-preview":"max-image-preview:large","max-video-preview":"max-video-preview:-1"},"canonical":"https:\/\/www.myvize.com.tr\/gana\/vize-islemleri\/turkiyede-oturum-ve-calisma-izni\/","og_locale":"tr_TR","og_type":"article","og_title":"Gana T\u00fcrkiye' de Oturum ve \u00c7al\u0131\u015fma \u0130zni - MyVize","og_description":"Gana T\u00fcrkiye' de oturum ve \u00e7al\u0131\u015fma izni vizesi i\u00e7in ofislerimizi ara. T\u00fcrkiye'de oturum ve \u00e7al\u0131\u015fma vizesi i\u00e7in gerekli evrak listesi g\u00fcncel.","og_url":"https:\/\/www.myvize.com.tr\/gana\/vize-islemleri\/turkiyede-oturum-ve-calisma-izni\/","og_site_name":"Gana Vizesi","article_modified_time":"2022-05-07T10:28:05+00:00","og_image":[{"url":"https:\/\/www.myvize.com.tr\/gana\/wp-content\/uploads\/2021\/10\/63.jpg","type":"","width":"","height":""}],"twitter_card":"summary_large_image","twitter_misc":{"Tahmini okuma s\u00fcresi":"2 dakika"},"schema":{"@context":"https:\/\/schema.org","@graph":[{"@type":"WebPage","@id":"https:\/\/www.myvize.com.tr\/gana\/vize-islemleri\/turkiyede-oturum-ve-calisma-izni\/","url":"https:\/\/www.myvize.com.tr\/gana\/vize-islemleri\/turkiyede-oturum-ve-calisma-izni\/","name":"Gana T\u00fcrkiye' de Oturum ve \u00c7al\u0131\u015fma \u0130zni - MyVize","isPartOf":{"@id":"https:\/\/www.myvize.com.tr\/gana\/#website"},"primaryImageOfPage":{"@id":"https:\/\/www.myvize.com.tr\/gana\/vize-islemleri\/turkiyede-oturum-ve-calisma-izni\/#primaryimage"},"image":{"@id":"https:\/\/www.myvize.com.tr\/gana\/vize-islemleri\/turkiyede-oturum-ve-calisma-izni\/#primaryimage"},"thumbnailUrl":"https:\/\/www.myvize.com.tr\/gana\/wp-content\/uploads\/2021\/10\/63.jpg","datePublished":"2020-11-30T09:50:43+00:00","dateModified":"2022-05-07T10:28:05+00:00","description":"Gana T\u00fcrkiye' de oturum ve \u00e7al\u0131\u015fma izni vizesi i\u00e7in ofislerimizi ara. T\u00fcrkiye'de oturum ve \u00e7al\u0131\u015fma vizesi i\u00e7in gerekli evrak listesi g\u00fcncel.","breadcrumb":{"@id":"https:\/\/www.myvize.com.tr\/gana\/vize-islemleri\/turkiyede-oturum-ve-calisma-izni\/#breadcrumb"},"inLanguage":"tr","potentialAction":[{"@type":"ReadAction","target":["https:\/\/www.myvize.com.tr\/gana\/vize-islemleri\/turkiyede-oturum-ve-calisma-izni\/"]}]},{"@type":"ImageObject","inLanguage":"tr","@id":"https:\/\/www.myvize.com.tr\/gana\/vize-islemleri\/turkiyede-oturum-ve-calisma-izni\/#primaryimage","url":"https:\/\/www.myvize.com.tr\/gana\/wp-content\/uploads\/2021\/10\/63.jpg","contentUrl":"https:\/\/www.myvize.com.tr\/gana\/wp-content\/uploads\/2021\/10\/63.jpg","width":800,"height":500,"caption":"Gana T\u00fcrkiye'de Oturum ve \u00c7al\u0131\u015fma \u0130zni"},{"@type":"BreadcrumbList","@id":"https:\/\/www.myvize.com.tr\/gana\/vize-islemleri\/turkiyede-oturum-ve-calisma-izni\/#breadcrumb","itemListElement":[{"@type":"ListItem","position":1,"name":"Anasayfa","item":"https:\/\/www.myvize.com.tr\/gana\/"},{"@type":"ListItem","position":2,"name":"V\u0130ZE \u0130\u015eLEMLER\u0130","item":"https:\/\/www.myvize.com.tr\/gana\/vize-islemleri\/"},{"@type":"ListItem","position":3,"name":"Gana T\u00fcrkiye&#8217;de Oturum ve \u00c7al\u0131\u015fma \u0130zni"}]},{"@type":"WebSite","@id":"https:\/\/www.myvize.com.tr\/gana\/#website","url":"https:\/\/www.myvize.com.tr\/gana\/","name":"Gana Vizesi","description":"","potentialAction":[{"@type":"SearchAction","target":{"@type":"EntryPoint","urlTemplate":"https:\/\/www.myvize.com.tr\/gana\/?s={search_term_string}"},"query-input":{"@type":"PropertyValueSpecification","valueRequired":true,"valueName":"search_term_string"}}],"inLanguage":"tr"}]}},"_links":{"self":[{"href":"https:\/\/www.myvize.com.tr\/gana\/wp-json\/wp\/v2\/pages\/55","targetHints":{"allow":["GET"]}}],"collection":[{"href":"https:\/\/www.myvize.com.tr\/gana\/wp-json\/wp\/v2\/pages"}],"about":[{"href":"https:\/\/www.myvize.com.tr\/gana\/wp-json\/wp\/v2\/types\/page"}],"author":[{"embeddable":true,"href":"https:\/\/www.myvize.com.tr\/gana\/wp-json\/wp\/v2\/users\/1"}],"replies":[{"embeddable":true,"href":"https:\/\/www.myvize.com.tr\/gana\/wp-json\/wp\/v2\/comments?post=55"}],"version-history":[{"count":5,"href":"https:\/\/www.myvize.com.tr\/gana\/wp-json\/wp\/v2\/pages\/55\/revisions"}],"predecessor-version":[{"id":694,"href":"https:\/\/www.myvize.com.tr\/gana\/wp-json\/wp\/v2\/pages\/55\/revisions\/694"}],"up":[{"embeddable":true,"href":"https:\/\/www.myvize.com.tr\/gana\/wp-json\/wp\/v2\/pages\/18"}],"wp:attachment":[{"href":"https:\/\/www.myvize.com.tr\/gana\/wp-json\/wp\/v2\/media?parent=55"}],"curies":[{"name":"wp","href":"https:\/\/api.w.org\/{rel}","templated":true}]}}