{"id":69,"date":"2020-11-30T12:54:37","date_gmt":"2020-11-30T09:54:37","guid":{"rendered":"https:\/\/www.myvize.com.tr\/gana\/?page_id=69"},"modified":"2022-05-07T13:59:08","modified_gmt":"2022-05-07T10:59:08","slug":"konsolosluklar","status":"publish","type":"page","link":"https:\/\/www.myvize.com.tr\/gana\/konsolosluklar\/","title":{"rendered":"KONSOLOSLUKLAR"},"content":{"rendered":"<p><span style=\"font-family: Roboto;\"><\/span><\/p>\r\n<h2><span style=\"font-family: Roboto; font-size: 27px;\"><strong>Gana<\/strong> <strong>Konsoloslu\u011fu<\/strong><\/span><\/h2>\r\n<p><span style=\"font-family: Roboto; font-size: 14px;\">\r\n\r\n<\/span><\/p>\r\n<p><span style=\"font-family: Roboto; font-size: 14px;\">\u00a0\u00dclkelerin d\u0131\u015f temsilcilerine konsolos, resmi i\u015flerin yerine getirildi\u011fi kurumlara ise konsolosluk ad\u0131 verilmektedir. Konsolosluklar, ba\u011fl\u0131 olduklar\u0131 devletlerden sorumlu tutulmaktad\u0131r. \u00dclkeye giri\u015f \u00e7\u0131k\u0131\u015flar ile ilgili karar verecek yetkiye sahip olan bu kurumlard\u0131r. Yurtd\u0131\u015f\u0131na seyahat etmek planlan\u0131yorsa bu kurumlara vize ba\u015fvurusunda bulunulmal\u0131d\u0131r.<\/span><\/p>\r\n<p><span style=\"font-family: Roboto; font-size: 14px;\">\r\n\r\n<\/span><\/p>\r\n<p><span style=\"font-family: Roboto; font-size: 14px;\">\u00a0Gana Konsoloslu\u011fu&#8217;nun, Ankara&#8217;da yer alan B\u00fcy\u00fckel\u00e7ili\u011fi T\u00fcrkiye&#8217;deki en yetkili hizmet binas\u0131d\u0131r. <span style=\"color: #2acec2;\"><strong><a style=\"color: #2acec2;\" href=\"https:\/\/www.myvize.com.tr\/gana\/konsolosluklar\/gana-istanbul-fahri-konsoloslugu\/\" target=\"_blank\" rel=\"noopener\">\u0130stanbul Gana Fahri Konsoloslu\u011fu<\/a><\/strong><\/span> ile el\u00e7ili\u011fin g\u00f6rev verdi\u011fi acente ve <strong>vize merkezleri<\/strong> de hizmet veren kurumlard\u0131r. Bordo pasaport harici ye\u015fil, gri ve siyah pasaport sahibi olan ki\u015filer i\u00e7in 90 g\u00fcn\u00fc a\u015fmayacak Gana seyahatlerinde vize muafiyeti uygulanmaktad\u0131r.<\/span><\/p>\r\n<p><span style=\"font-family: Roboto; font-size: 14px;\">\r\n\r\n<\/span><\/p>\r\n<h2><span style=\"font-family: Roboto; font-size: 27px;\"><strong>Gana<\/strong> <strong>Konsoloslu\u011fu&#8217;nun<\/strong> <strong>Hizmetleri<\/strong><\/span><\/h2>\r\n<p><span style=\"font-family: Roboto; font-size: 14px;\">\r\n\r\n<\/span><\/p>\r\n<p><span style=\"font-family: Roboto; font-size: 14px;\">\u00a0Gana Konsoloslu\u011fu, Gana&#8217;ya seyahat etmeyi ama\u00e7layan T\u00fcrkiye ve yabanc\u0131 uyruklu vatanda\u015flar\u0131n vize ba\u015fvurular\u0131, n\u00fcfus c\u00fczdan\u0131, evlilik, bo\u015fanma, do\u011fum ve \u00f6l\u00fcm belgelerinin d\u00fczenlenmesi, noter gibi konsolosluk i\u015flemleri konular\u0131nda hizmet vermektedir. T\u00fcm konsolosluk i\u015flemleri i\u00e7in \u00f6ncesinden randevu al\u0131nmas\u0131 gerekmektedir.<\/span><\/p>\r\n<p><span style=\"font-family: Roboto; font-size: 14px;\">\r\n\r\n<\/span><\/p>\r\n<h2><span style=\"font-family: Roboto; font-size: 27px;\"><strong>Ankara<\/strong> <strong>Gana<\/strong> <strong>Konsoloslu\u011fu<\/strong> <strong>G\u00f6rev<\/strong> <strong>B\u00f6lgeleri<\/strong><\/span><\/h2>\r\n<p><span style=\"font-family: Roboto; font-size: 14px;\">\r\n\r\n<\/span><\/p>\r\n<p><span style=\"font-family: Roboto; font-size: 14px;\"><strong>Gana Ankara Konsoloslu\u011fu<\/strong> A\u011fr\u0131, Ad\u0131yaman, Adana, Aksaray, Amasya, Ankara, Ardahan, Artvin, Batman, Bart\u0131n, Bayburt, Bing\u00f6l, Bitlis, \u00c7ank\u0131r\u0131, \u00c7orum, Diyarbak\u0131r, Erzincan, Erzurum, Gaziantep, Giresun, G\u00fcm\u00fc\u015fhane, Hakkari, Hatay, Elaz\u0131\u011f, Mersin, I\u011fd\u0131r, Karab\u00fck, Kahramanmara\u015f, Karaman, Kars, Kastamonu, Kayseri, Kilis, K\u0131rklareli, K\u0131r\u015fehir, Malatya, Mu\u011fla, Mardin, Mu\u015f, Nev\u015fehir, Ni\u011fde, Ordu, Osmaniye, Rize, \u015eanl\u0131urfa, Konya, Siirt, Sinop, \u015e\u0131rnak, Sivas, Trabzon, Tunceli, Van, Yozgat, Samsun, Zonguldak ve Tokat illerinde ikamet eden \u015fah\u0131slara hizmet vermek ile g\u00f6revlidir.<\/span><\/p>\r\n<p><span style=\"font-family: Roboto; font-size: 14px;\"><span style=\"color: #2acec2;\"><strong><a style=\"color: #2acec2;\" href=\"https:\/\/www.myvize.com.tr\/gana\/vize-islemleri\/turkiyede-oturum-ve-calisma-izni\/\" target=\"_blank\" rel=\"noopener\">Gana T\u00fcrkiye&#8217;de Oturum ve \u00c7al\u0131\u015fma \u0130zni<\/a><\/strong><\/span> ile ilgili bilgi almak i\u00e7in bizi aray\u0131n\u0131z.<\/span><\/p>\r\n<h2><span style=\"font-family: Roboto; font-size: 27px;\"><b>T\u00fcrkiye&#8217;de Gana Konsolosluklar\u0131<\/b><\/span><\/h2>\r\n<p><span style=\"font-family: Roboto; font-size: 14px;\"><strong>T\u00fcrkiye\u2019de Gana Konsolosluklar\u0131<\/strong>\u00a0\u0130stanbul ba\u015fta olmak \u00fczere Ankara, Antalya, \u0130zmir, Kayseri, Bursa, Trabzon, Edirne Bodrum ve Gaziantep\u2019te yer almaktad\u0131r. T\u00fcrkiye <strong>Gana Konsolosluk<\/strong> merkezleri,\u00a0<strong>Gana <span style=\"color: #2acec2;\"><a style=\"color: #2acec2;\" href=\"https:\/\/www.myvize.com.tr\/gana\/vize-islemleri\/\" target=\"_blank\" rel=\"noopener\">vize i\u015flemleri<\/a><\/span><\/strong>\u00a0s\u0131ras\u0131nda herhangi bir sorun ya\u015fam\u0131\u015fsan\u0131z sorununuz tamamen \u00e7\u00f6z\u00fcme kavu\u015fturulur. Gana \u00e7a\u011fr\u0131 merkezleri teknik destek ekibi 7\/24 hizmet vermektedir.<strong> Gana konsolosluklar\u0131<\/strong> e\u011fer Gana\u2019da pasaportunuzu kaybetmi\u015fseniz veya \u00e7ald\u0131rm\u0131\u015fsan\u0131z, T\u00fcrkiye\u2019ye d\u00f6n\u00fc\u015f yolculu\u011funuz i\u00e7in sizlere ge\u00e7ici pasaport temin etmektedir. T\u00fcrkiye\u2019nin \u00f6nemli \u015fehirlerinde bulunan Gana konsolosluklar\u0131 sayesinde, tek bir noktadan i\u015flem yapmak zorunlulu\u011fu bulunmamaktad\u0131r.<\/span><\/p>\r\n<p><span style=\"font-family: Roboto; font-size: 14px;\">Gana \u00fclke s\u0131n\u0131rlar\u0131 i\u00e7erisinde g\u00f6zalt\u0131na al\u0131nma, h\u00fck\u00fcm giyme ve tutuklanma gibi durumlar olursa Gana Konsoloslu\u011fu direkt sizinle temasa ge\u00e7mektedir. Bunun d\u0131\u015f\u0131nda T\u00fcrkiye\u2019de yer alan Gana konsolosluklar\u0131nda, Gana vatanda\u015flar\u0131 rahatl\u0131kla vize, askerlik, noter, do\u011fum, evlilik, \u00f6l\u00fcm ve vize i\u015flemlerini yapabilmektedir. Gana\u2019ya seyahat etmek isteyen ki\u015filerin\u00a0<strong>Gana vize \u00fccreti<\/strong>\u00a0bu merkezden yat\u0131r\u0131labilir. Ayr\u0131ca\u00a0<strong><span style=\"color: #2acec2;\"><a style=\"color: #2acec2;\" href=\"https:\/\/www.myvize.com.tr\/gana\/vize-islemleri\/gana-vizesi\/\" target=\"_blank\" rel=\"noopener\">Gana vizesi<\/a><\/span><\/strong>\u00a0form ve dilek\u00e7eleri buradan kolayl\u0131kla doldurulabilir. T\u00fcm bu<strong>\u00a0Gana vize<\/strong>\u00a0i\u015flemleri daha \u00e7ok Gana konsolosluklar\u0131n\u0131n resmi web sitesinde yap\u0131lmaktad\u0131r. Belirli illerde bulunan Gana konsolosluklar\u0131na giderek, Gana seyahatiniz i\u00e7in vize dan\u0131\u015fmanlar\u0131ndan yard\u0131m alabilirsiniz.<\/span><\/p>\r\n<h2><strong><span style=\"font-family: Roboto; font-size: 27px;\">Gana ve T\u00fcrkiye Aras\u0131nda Vize Anla\u015fmas\u0131<\/span><\/strong><\/h2>\r\n<p><span style=\"font-family: Roboto; font-size: 14px;\">Son y\u0131llarda T\u00fcrkiye ve bir\u00e7ok \u00fclke aras\u0131nda vize anla\u015fmas\u0131 bulunmaktad\u0131r. \u00d6zellikler T\u00fcrkiye ile Afrika \u00fclkeleri aras\u0131nda son d\u00f6nemlerde onlarca vize anla\u015fmas\u0131 yap\u0131lm\u0131\u015ft\u0131r. T\u00fcrkiye ile Gana aras\u0131nda <strong>vize muafiyeti<\/strong> anla\u015fmas\u0131 bulunmaktad\u0131r.<\/span><\/p>\r\n<p><span style=\"font-family: Roboto; font-size: 14px;\">Gana ve T\u00fcrkiye aras\u0131nda vize anla\u015fmas\u0131 sadece diplomatik pasaport hamilleri i\u00e7indir. T\u00fcrkiye\u2019den Gana\u2019ya seyahat edecek olan Diplomatik Pasaport sahipleri 90 g\u00fcne kadar Gana\u2019ya vizesiz seyahatte bulunabilir. Ayr\u0131ca Gana\u2019dan T\u00fcrkiye\u2019ye seyahat edecek olan Gana vatanda\u015flar\u0131 90 g\u00fcne kadar vizesiz T\u00fcrkiye\u2019ye seyahat edebilir.<\/span><\/p>\r\n<p><span style=\"font-family: Roboto; font-size: 14px;\">Ye\u015fil Pasaport hamilleri Gana seyahatleri i\u00e7in seyahat amac\u0131na uygun <strong>Gana vizesi<\/strong> almal\u0131d\u0131r. Ayr\u0131ca Hizmet ve Umuma Mahsus Pasaport sahipleri de Gana seyahatleri i\u00e7in seyahat amac\u0131na uygun <strong>Gana vizesi<\/strong> almal\u0131d\u0131r.<\/span><\/p>\r\n<p><span style=\"font-family: Roboto; font-size: 14px;\">Gana\u2019ya seyahat etmek isteyen <strong>Diplomatik Pasaport<\/strong> sahipleri Gana vizesinden muaft\u0131r. Ancak Gana\u2019ya girmeden \u00f6nce gerekli olan di\u011fer a\u015f\u0131lar\u0131 yapt\u0131rmal\u0131d\u0131r. Bu durum Gana giri\u015finde s\u0131n\u0131r g\u00f6revlileri taraf\u0131ndan kontrol edilmektedir. Diplomatik Pasaport sahiplerinin \u00fclkeye giri\u015fi garanti edilmemektedir. Gana\u2019ya giri\u015f i\u00e7in yetkili olan yer Gana s\u0131n\u0131r memurlar\u0131d\u0131r.<\/span><\/p>\r\n<p><span style=\"font-family: Roboto; font-size: 14px;\">K\u0131sacas\u0131 Gana ile T\u00fcrkiye aras\u0131nda Diplomatik Pasaport sahipleri i\u00e7in vize muafiyet anla\u015fmas\u0131 bulunmaktad\u0131r.<\/span><\/p>\r\n<p><span style=\"font-family: Roboto; font-size: 14px;\"><strong><span style=\"color: #2acec2;\"><a style=\"color: #2acec2;\" href=\"https:\/\/www.myvize.com.tr\/gana\/vize-islemleri\/gana-oturum-izni\/\" target=\"_blank\" rel=\"noopener\">Gana Oturum \u0130zni<\/a><\/span><\/strong> ile ilgili bilgi almak i\u00e7in bizi aray\u0131n\u0131z.<\/span><\/p>\r\n<p><span style=\"font-family: Roboto;\"><\/span><\/p>","protected":false},"excerpt":{"rendered":"<p>Gana Konsoloslu\u011fu \u00a0\u00dclkelerin d\u0131\u015f temsilcilerine konsolos, resmi i\u015flerin yerine getirildi\u011fi kurumlara ise konsolosluk ad\u0131 verilmektedir. Konsolosluklar, ba\u011fl\u0131 olduklar\u0131 devletlerden sorumlu tutulmaktad\u0131r. \u00dclkeye giri\u015f \u00e7\u0131k\u0131\u015flar ile ilgili karar verecek yetkiye sahip olan bu kurumlard\u0131r. Yurtd\u0131\u015f\u0131na seyahat etmek planlan\u0131yorsa bu kurumlara vize ba\u015fvurusunda bulunulmal\u0131d\u0131r. \u00a0Gana Konsoloslu\u011fu&#8217;nun, Ankara&#8217;da yer alan B\u00fcy\u00fckel\u00e7ili\u011fi T\u00fcrkiye&#8217;deki en yetkili hizmet binas\u0131d\u0131r. \u0130stanbul Gana<\/p>\n","protected":false},"author":1,"featured_media":0,"parent":0,"menu_order":0,"comment_status":"closed","ping_status":"closed","template":"","meta":{"footnotes":""},"class_list":["post-69","page","type-page","status-publish","hentry"],"yoast_head":"<!-- This site is optimized with the Yoast SEO plugin v24.0 - https:\/\/yoast.com\/wordpress\/plugins\/seo\/ -->\n<title>Gana Konsolosluk \u0130\u015flemleri - Gana Vize \u0130\u015flemi - MyVize<\/title>\n<meta name=\"description\" content=\"Gana Konsolosluklar\u0131n harital\u0131 a\u00e7\u0131k adresleri, Gana Konsolosluklar ve El\u00e7ilik listeleri. Gana Konsolosluklar ve yetki alanlar\u0131.\" \/>\n<meta name=\"robots\" content=\"index, follow, max-snippet:-1, max-image-preview:large, max-video-preview:-1\" \/>\n<link rel=\"canonical\" href=\"https:\/\/www.myvize.com.tr\/gana\/konsolosluklar\/\" \/>\n<meta property=\"og:locale\" content=\"tr_TR\" \/>\n<meta property=\"og:type\" content=\"article\" \/>\n<meta property=\"og:title\" content=\"Gana Konsolosluk \u0130\u015flemleri - Gana Vize \u0130\u015flemi - MyVize\" \/>\n<meta property=\"og:description\" content=\"Gana Konsolosluklar\u0131n harital\u0131 a\u00e7\u0131k adresleri, Gana Konsolosluklar ve El\u00e7ilik listeleri. Gana Konsolosluklar ve yetki alanlar\u0131.\" \/>\n<meta property=\"og:url\" content=\"https:\/\/www.myvize.com.tr\/gana\/konsolosluklar\/\" \/>\n<meta property=\"og:site_name\" content=\"Gana Vizesi\" \/>\n<meta property=\"article:modified_time\" content=\"2022-05-07T10:59:08+00:00\" \/>\n<meta name=\"twitter:card\" content=\"summary_large_image\" \/>\n<meta name=\"twitter:label1\" content=\"Tahmini okuma s\u00fcresi\" \/>\n\t<meta name=\"twitter:data1\" content=\"3 dakika\" \/>\n<script type=\"application\/ld+json\" class=\"yoast-schema-graph\">{\"@context\":\"https:\/\/schema.org\",\"@graph\":[{\"@type\":\"WebPage\",\"@id\":\"https:\/\/www.myvize.com.tr\/gana\/konsolosluklar\/\",\"url\":\"https:\/\/www.myvize.com.tr\/gana\/konsolosluklar\/\",\"name\":\"Gana Konsolosluk \u0130\u015flemleri - Gana Vize \u0130\u015flemi - MyVize\",\"isPartOf\":{\"@id\":\"https:\/\/www.myvize.com.tr\/gana\/#website\"},\"datePublished\":\"2020-11-30T09:54:37+00:00\",\"dateModified\":\"2022-05-07T10:59:08+00:00\",\"description\":\"Gana Konsolosluklar\u0131n harital\u0131 a\u00e7\u0131k adresleri, Gana Konsolosluklar ve El\u00e7ilik listeleri. Gana Konsolosluklar ve yetki alanlar\u0131.\",\"breadcrumb\":{\"@id\":\"https:\/\/www.myvize.com.tr\/gana\/konsolosluklar\/#breadcrumb\"},\"inLanguage\":\"tr\",\"potentialAction\":[{\"@type\":\"ReadAction\",\"target\":[\"https:\/\/www.myvize.com.tr\/gana\/konsolosluklar\/\"]}]},{\"@type\":\"BreadcrumbList\",\"@id\":\"https:\/\/www.myvize.com.tr\/gana\/konsolosluklar\/#breadcrumb\",\"itemListElement\":[{\"@type\":\"ListItem\",\"position\":1,\"name\":\"Anasayfa\",\"item\":\"https:\/\/www.myvize.com.tr\/gana\/\"},{\"@type\":\"ListItem\",\"position\":2,\"name\":\"KONSOLOSLUKLAR\"}]},{\"@type\":\"WebSite\",\"@id\":\"https:\/\/www.myvize.com.tr\/gana\/#website\",\"url\":\"https:\/\/www.myvize.com.tr\/gana\/\",\"name\":\"Gana Vizesi\",\"description\":\"\",\"potentialAction\":[{\"@type\":\"SearchAction\",\"target\":{\"@type\":\"EntryPoint\",\"urlTemplate\":\"https:\/\/www.myvize.com.tr\/gana\/?s={search_term_string}\"},\"query-input\":{\"@type\":\"PropertyValueSpecification\",\"valueRequired\":true,\"valueName\":\"search_term_string\"}}],\"inLanguage\":\"tr\"}]}<\/script>\n<!-- \/ Yoast SEO plugin. -->","yoast_head_json":{"title":"Gana Konsolosluk \u0130\u015flemleri - Gana Vize \u0130\u015flemi - MyVize","description":"Gana Konsolosluklar\u0131n harital\u0131 a\u00e7\u0131k adresleri, Gana Konsolosluklar ve El\u00e7ilik listeleri. Gana Konsolosluklar ve yetki alanlar\u0131.","robots":{"index":"index","follow":"follow","max-snippet":"max-snippet:-1","max-image-preview":"max-image-preview:large","max-video-preview":"max-video-preview:-1"},"canonical":"https:\/\/www.myvize.com.tr\/gana\/konsolosluklar\/","og_locale":"tr_TR","og_type":"article","og_title":"Gana Konsolosluk \u0130\u015flemleri - Gana Vize \u0130\u015flemi - MyVize","og_description":"Gana Konsolosluklar\u0131n harital\u0131 a\u00e7\u0131k adresleri, Gana Konsolosluklar ve El\u00e7ilik listeleri. Gana Konsolosluklar ve yetki alanlar\u0131.","og_url":"https:\/\/www.myvize.com.tr\/gana\/konsolosluklar\/","og_site_name":"Gana Vizesi","article_modified_time":"2022-05-07T10:59:08+00:00","twitter_card":"summary_large_image","twitter_misc":{"Tahmini okuma s\u00fcresi":"3 dakika"},"schema":{"@context":"https:\/\/schema.org","@graph":[{"@type":"WebPage","@id":"https:\/\/www.myvize.com.tr\/gana\/konsolosluklar\/","url":"https:\/\/www.myvize.com.tr\/gana\/konsolosluklar\/","name":"Gana Konsolosluk \u0130\u015flemleri - Gana Vize \u0130\u015flemi - MyVize","isPartOf":{"@id":"https:\/\/www.myvize.com.tr\/gana\/#website"},"datePublished":"2020-11-30T09:54:37+00:00","dateModified":"2022-05-07T10:59:08+00:00","description":"Gana Konsolosluklar\u0131n harital\u0131 a\u00e7\u0131k adresleri, Gana Konsolosluklar ve El\u00e7ilik listeleri. Gana Konsolosluklar ve yetki alanlar\u0131.","breadcrumb":{"@id":"https:\/\/www.myvize.com.tr\/gana\/konsolosluklar\/#breadcrumb"},"inLanguage":"tr","potentialAction":[{"@type":"ReadAction","target":["https:\/\/www.myvize.com.tr\/gana\/konsolosluklar\/"]}]},{"@type":"BreadcrumbList","@id":"https:\/\/www.myvize.com.tr\/gana\/konsolosluklar\/#breadcrumb","itemListElement":[{"@type":"ListItem","position":1,"name":"Anasayfa","item":"https:\/\/www.myvize.com.tr\/gana\/"},{"@type":"ListItem","position":2,"name":"KONSOLOSLUKLAR"}]},{"@type":"WebSite","@id":"https:\/\/www.myvize.com.tr\/gana\/#website","url":"https:\/\/www.myvize.com.tr\/gana\/","name":"Gana Vizesi","description":"","potentialAction":[{"@type":"SearchAction","target":{"@type":"EntryPoint","urlTemplate":"https:\/\/www.myvize.com.tr\/gana\/?s={search_term_string}"},"query-input":{"@type":"PropertyValueSpecification","valueRequired":true,"valueName":"search_term_string"}}],"inLanguage":"tr"}]}},"_links":{"self":[{"href":"https:\/\/www.myvize.com.tr\/gana\/wp-json\/wp\/v2\/pages\/69","targetHints":{"allow":["GET"]}}],"collection":[{"href":"https:\/\/www.myvize.com.tr\/gana\/wp-json\/wp\/v2\/pages"}],"about":[{"href":"https:\/\/www.myvize.com.tr\/gana\/wp-json\/wp\/v2\/types\/page"}],"author":[{"embeddable":true,"href":"https:\/\/www.myvize.com.tr\/gana\/wp-json\/wp\/v2\/users\/1"}],"replies":[{"embeddable":true,"href":"https:\/\/www.myvize.com.tr\/gana\/wp-json\/wp\/v2\/comments?post=69"}],"version-history":[{"count":5,"href":"https:\/\/www.myvize.com.tr\/gana\/wp-json\/wp\/v2\/pages\/69\/revisions"}],"predecessor-version":[{"id":706,"href":"https:\/\/www.myvize.com.tr\/gana\/wp-json\/wp\/v2\/pages\/69\/revisions\/706"}],"wp:attachment":[{"href":"https:\/\/www.myvize.com.tr\/gana\/wp-json\/wp\/v2\/media?parent=69"}],"curies":[{"name":"wp","href":"https:\/\/api.w.org\/{rel}","templated":true}]}}