{"id":72,"date":"2020-11-30T12:59:09","date_gmt":"2020-11-30T09:59:09","guid":{"rendered":"https:\/\/www.myvize.com.tr\/gana\/?page_id=72"},"modified":"2022-05-07T13:59:40","modified_gmt":"2022-05-07T10:59:40","slug":"ankara-buyukelciligi","status":"publish","type":"page","link":"https:\/\/www.myvize.com.tr\/gana\/konsolosluklar\/ankara-buyukelciligi\/","title":{"rendered":"Gana Ankara B\u00fcy\u00fckel\u00e7ili\u011fi"},"content":{"rendered":"<p><span style=\"font-family: Roboto;\"><\/span><\/p>\r\n<h2><span style=\"font-family: Roboto; font-size: 27px;\"><b>Gana Ankara B\u00fcy\u00fckel\u00e7ili\u011fi Hakk\u0131nda<\/b><\/span><\/h2>\r\n<p><span style=\"font-family: Roboto; font-size: 14px;\"><strong>Gana Ankara B\u00fcy\u00fckel\u00e7ili\u011fi<\/strong>, Gana\u2019y\u0131 T\u00fcrkiye\u2019de temsil eden bir kurumdur. Gana Ankara B\u00fcy\u00fckel\u00e7ili\u011fi ayn\u0131 zamanda Ankara\u2019da bulunan Gana vatanda\u015flar\u0131n\u0131n haklar\u0131n\u0131 korumakla y\u00fck\u00fcml\u00fcd\u00fcr. Bunun d\u0131\u015f\u0131nda <strong>Ankara Gana B\u00fcy\u00fckel\u00e7ili\u011fi<\/strong>, Gana ile T\u00fcrkiye Cumhuriyeti aras\u0131ndaki dostluk ili\u015fkilerini siyasi, ekonomik, k\u00fclt\u00fcrel ve bilimsel ili\u015fkilerini kontrol alt\u0131na almaktad\u0131r. Ayr\u0131ca\u00a0<strong>Gana <span style=\"color: #2acec2;\"><a style=\"color: #2acec2;\" href=\"https:\/\/www.myvize.com.tr\/gana\/vize-islemleri\/\" target=\"_blank\" rel=\"noopener\">vize\u00a0i\u015flemleri<\/a><\/span><\/strong> g\u00f6revini yapmaktad\u0131r.<\/span><\/p>\r\n<p><span style=\"font-family: Roboto; font-size: 14px;\">Gana Ankara B\u00fcy\u00fckel\u00e7ili\u011fi, T\u00fcrkiye resmi tatil g\u00fcnleri ve Gana resmi tatil g\u00fcnleri aras\u0131nda hizmet vermemektedir. Gana\u2019ya seyahat yapacak ki\u015finin \u00f6zellikle seyahatinin t\u00fcr\u00fc, kal\u0131\u015f s\u00fcresi, vize \u00fccreti Gana Ankara Konsolosluk taraf\u0131ndan belirlenmektedir. Ankara\u00a0<strong><span style=\"color: #2acec2;\"><a style=\"color: #2acec2;\" href=\"https:\/\/www.myvize.com.tr\/gana\/vize-islemleri\/gana-vizesi\/\" target=\"_blank\" rel=\"noopener\">Gana vizesi<\/a><\/span> i\u015flemleri<\/strong>\u00a0sonu\u00e7lanma s\u00fcresi 7 ile 10 i\u015f g\u00fcn\u00fc aras\u0131nda de\u011fi\u015fkenlik g\u00f6stermektedir. Fakat randevu i\u015flemlerde yo\u011funluk olursa Gana Ankara B\u00fcy\u00fckel\u00e7ili\u011fi dan\u0131\u015fmanlar\u0131 taraf\u0131ndan,\u00a0<strong>Gana vizesi<\/strong>\u00a0i\u015flemleri ileri bir tarihe al\u0131nabilmektedir. Gana Ankara B\u00fcy\u00fckel\u00e7ili\u011fi\u2019nin vize ba\u015fvuru kabul g\u00fcnleri her Pazartesi ve Cuma g\u00fcnleri saat 09:00 ile 12:00 saatleri aras\u0131ndad\u0131r. Bunun d\u0131\u015f\u0131nda <strong>Gana Ankara B\u00fcy\u00fckel\u00e7ili\u011fi<\/strong> Gana\u2019ya seyahat edecek ki\u015filerin,\u00a0<span style=\"color: #2acec2;\"><a style=\"color: #2acec2;\" href=\"https:\/\/www.myvize.com.tr\/gana\/gana-vize-ucreti\/\" target=\"_blank\" rel=\"noopener\"><strong>Gana vize \u00fccreti<\/strong><\/a><\/span>\u00a0i\u015flemlerini zaman\u0131nda ve eksiksiz yat\u0131rmas\u0131n\u0131 talep etmektedir. B\u00f6ylelikle vize ba\u015fvuru s\u00fcrecinde aksakl\u0131klar ya\u015fanmamaktad\u0131r.<\/span><\/p>\r\n<p><span style=\"font-family: Roboto;\"><\/span><\/p>","protected":false},"excerpt":{"rendered":"<p>Gana Ankara B\u00fcy\u00fckel\u00e7ili\u011fi Hakk\u0131nda Gana Ankara B\u00fcy\u00fckel\u00e7ili\u011fi, Gana\u2019y\u0131 T\u00fcrkiye\u2019de temsil eden bir kurumdur. Gana Ankara B\u00fcy\u00fckel\u00e7ili\u011fi ayn\u0131 zamanda Ankara\u2019da bulunan Gana vatanda\u015flar\u0131n\u0131n haklar\u0131n\u0131 korumakla y\u00fck\u00fcml\u00fcd\u00fcr. Bunun d\u0131\u015f\u0131nda Ankara Gana B\u00fcy\u00fckel\u00e7ili\u011fi, Gana ile T\u00fcrkiye Cumhuriyeti aras\u0131ndaki dostluk ili\u015fkilerini siyasi, ekonomik, k\u00fclt\u00fcrel ve bilimsel ili\u015fkilerini kontrol alt\u0131na almaktad\u0131r. Ayr\u0131ca\u00a0Gana vize\u00a0i\u015flemleri g\u00f6revini yapmaktad\u0131r. Gana Ankara B\u00fcy\u00fckel\u00e7ili\u011fi, T\u00fcrkiye resmi<\/p>\n","protected":false},"author":1,"featured_media":0,"parent":69,"menu_order":0,"comment_status":"open","ping_status":"closed","template":"","meta":{"footnotes":""},"class_list":["post-72","page","type-page","status-publish","hentry"],"yoast_head":"<!-- This site is optimized with the Yoast SEO plugin v24.0 - https:\/\/yoast.com\/wordpress\/plugins\/seo\/ -->\n<title>Gana Ankara B\u00fcy\u00fckel\u00e7ili\u011fi - MyVize Vize Ba\u015fvuru Merkezi<\/title>\n<meta name=\"description\" content=\"Gana B\u00fcy\u00fckel\u00e7ili\u011fi Ankara \u00e7al\u0131\u015fma saatleri. Gana B\u00fcy\u00fckel\u00e7ili\u011fi Ankara ula\u015f\u0131m, ileti\u015fim bilgileri ve faaliyet alan\u0131.\" \/>\n<meta name=\"robots\" content=\"index, follow, max-snippet:-1, max-image-preview:large, max-video-preview:-1\" \/>\n<link rel=\"canonical\" href=\"https:\/\/www.myvize.com.tr\/gana\/konsolosluklar\/ankara-buyukelciligi\/\" \/>\n<meta property=\"og:locale\" content=\"tr_TR\" \/>\n<meta property=\"og:type\" content=\"article\" \/>\n<meta property=\"og:title\" content=\"Gana Ankara B\u00fcy\u00fckel\u00e7ili\u011fi - MyVize Vize Ba\u015fvuru Merkezi\" \/>\n<meta property=\"og:description\" content=\"Gana B\u00fcy\u00fckel\u00e7ili\u011fi Ankara \u00e7al\u0131\u015fma saatleri. Gana B\u00fcy\u00fckel\u00e7ili\u011fi Ankara ula\u015f\u0131m, ileti\u015fim bilgileri ve faaliyet alan\u0131.\" \/>\n<meta property=\"og:url\" content=\"https:\/\/www.myvize.com.tr\/gana\/konsolosluklar\/ankara-buyukelciligi\/\" \/>\n<meta property=\"og:site_name\" content=\"Gana Vizesi\" \/>\n<meta property=\"article:modified_time\" content=\"2022-05-07T10:59:40+00:00\" \/>\n<meta name=\"twitter:card\" content=\"summary_large_image\" \/>\n<meta name=\"twitter:label1\" content=\"Tahmini okuma s\u00fcresi\" \/>\n\t<meta name=\"twitter:data1\" content=\"1 dakika\" \/>\n<script type=\"application\/ld+json\" class=\"yoast-schema-graph\">{\"@context\":\"https:\/\/schema.org\",\"@graph\":[{\"@type\":\"WebPage\",\"@id\":\"https:\/\/www.myvize.com.tr\/gana\/konsolosluklar\/ankara-buyukelciligi\/\",\"url\":\"https:\/\/www.myvize.com.tr\/gana\/konsolosluklar\/ankara-buyukelciligi\/\",\"name\":\"Gana Ankara B\u00fcy\u00fckel\u00e7ili\u011fi - MyVize Vize Ba\u015fvuru Merkezi\",\"isPartOf\":{\"@id\":\"https:\/\/www.myvize.com.tr\/gana\/#website\"},\"datePublished\":\"2020-11-30T09:59:09+00:00\",\"dateModified\":\"2022-05-07T10:59:40+00:00\",\"description\":\"Gana B\u00fcy\u00fckel\u00e7ili\u011fi Ankara \u00e7al\u0131\u015fma saatleri. Gana B\u00fcy\u00fckel\u00e7ili\u011fi Ankara ula\u015f\u0131m, ileti\u015fim bilgileri ve faaliyet alan\u0131.\",\"breadcrumb\":{\"@id\":\"https:\/\/www.myvize.com.tr\/gana\/konsolosluklar\/ankara-buyukelciligi\/#breadcrumb\"},\"inLanguage\":\"tr\",\"potentialAction\":[{\"@type\":\"ReadAction\",\"target\":[\"https:\/\/www.myvize.com.tr\/gana\/konsolosluklar\/ankara-buyukelciligi\/\"]}]},{\"@type\":\"BreadcrumbList\",\"@id\":\"https:\/\/www.myvize.com.tr\/gana\/konsolosluklar\/ankara-buyukelciligi\/#breadcrumb\",\"itemListElement\":[{\"@type\":\"ListItem\",\"position\":1,\"name\":\"Anasayfa\",\"item\":\"https:\/\/www.myvize.com.tr\/gana\/\"},{\"@type\":\"ListItem\",\"position\":2,\"name\":\"KONSOLOSLUKLAR\",\"item\":\"https:\/\/www.myvize.com.tr\/gana\/konsolosluklar\/\"},{\"@type\":\"ListItem\",\"position\":3,\"name\":\"Gana Ankara B\u00fcy\u00fckel\u00e7ili\u011fi\"}]},{\"@type\":\"WebSite\",\"@id\":\"https:\/\/www.myvize.com.tr\/gana\/#website\",\"url\":\"https:\/\/www.myvize.com.tr\/gana\/\",\"name\":\"Gana Vizesi\",\"description\":\"\",\"potentialAction\":[{\"@type\":\"SearchAction\",\"target\":{\"@type\":\"EntryPoint\",\"urlTemplate\":\"https:\/\/www.myvize.com.tr\/gana\/?s={search_term_string}\"},\"query-input\":{\"@type\":\"PropertyValueSpecification\",\"valueRequired\":true,\"valueName\":\"search_term_string\"}}],\"inLanguage\":\"tr\"}]}<\/script>\n<!-- \/ Yoast SEO plugin. -->","yoast_head_json":{"title":"Gana Ankara B\u00fcy\u00fckel\u00e7ili\u011fi - MyVize Vize Ba\u015fvuru Merkezi","description":"Gana B\u00fcy\u00fckel\u00e7ili\u011fi Ankara \u00e7al\u0131\u015fma saatleri. Gana B\u00fcy\u00fckel\u00e7ili\u011fi Ankara ula\u015f\u0131m, ileti\u015fim bilgileri ve faaliyet alan\u0131.","robots":{"index":"index","follow":"follow","max-snippet":"max-snippet:-1","max-image-preview":"max-image-preview:large","max-video-preview":"max-video-preview:-1"},"canonical":"https:\/\/www.myvize.com.tr\/gana\/konsolosluklar\/ankara-buyukelciligi\/","og_locale":"tr_TR","og_type":"article","og_title":"Gana Ankara B\u00fcy\u00fckel\u00e7ili\u011fi - MyVize Vize Ba\u015fvuru Merkezi","og_description":"Gana B\u00fcy\u00fckel\u00e7ili\u011fi Ankara \u00e7al\u0131\u015fma saatleri. Gana B\u00fcy\u00fckel\u00e7ili\u011fi Ankara ula\u015f\u0131m, ileti\u015fim bilgileri ve faaliyet alan\u0131.","og_url":"https:\/\/www.myvize.com.tr\/gana\/konsolosluklar\/ankara-buyukelciligi\/","og_site_name":"Gana Vizesi","article_modified_time":"2022-05-07T10:59:40+00:00","twitter_card":"summary_large_image","twitter_misc":{"Tahmini okuma s\u00fcresi":"1 dakika"},"schema":{"@context":"https:\/\/schema.org","@graph":[{"@type":"WebPage","@id":"https:\/\/www.myvize.com.tr\/gana\/konsolosluklar\/ankara-buyukelciligi\/","url":"https:\/\/www.myvize.com.tr\/gana\/konsolosluklar\/ankara-buyukelciligi\/","name":"Gana Ankara B\u00fcy\u00fckel\u00e7ili\u011fi - MyVize Vize Ba\u015fvuru Merkezi","isPartOf":{"@id":"https:\/\/www.myvize.com.tr\/gana\/#website"},"datePublished":"2020-11-30T09:59:09+00:00","dateModified":"2022-05-07T10:59:40+00:00","description":"Gana B\u00fcy\u00fckel\u00e7ili\u011fi Ankara \u00e7al\u0131\u015fma saatleri. Gana B\u00fcy\u00fckel\u00e7ili\u011fi Ankara ula\u015f\u0131m, ileti\u015fim bilgileri ve faaliyet alan\u0131.","breadcrumb":{"@id":"https:\/\/www.myvize.com.tr\/gana\/konsolosluklar\/ankara-buyukelciligi\/#breadcrumb"},"inLanguage":"tr","potentialAction":[{"@type":"ReadAction","target":["https:\/\/www.myvize.com.tr\/gana\/konsolosluklar\/ankara-buyukelciligi\/"]}]},{"@type":"BreadcrumbList","@id":"https:\/\/www.myvize.com.tr\/gana\/konsolosluklar\/ankara-buyukelciligi\/#breadcrumb","itemListElement":[{"@type":"ListItem","position":1,"name":"Anasayfa","item":"https:\/\/www.myvize.com.tr\/gana\/"},{"@type":"ListItem","position":2,"name":"KONSOLOSLUKLAR","item":"https:\/\/www.myvize.com.tr\/gana\/konsolosluklar\/"},{"@type":"ListItem","position":3,"name":"Gana Ankara B\u00fcy\u00fckel\u00e7ili\u011fi"}]},{"@type":"WebSite","@id":"https:\/\/www.myvize.com.tr\/gana\/#website","url":"https:\/\/www.myvize.com.tr\/gana\/","name":"Gana Vizesi","description":"","potentialAction":[{"@type":"SearchAction","target":{"@type":"EntryPoint","urlTemplate":"https:\/\/www.myvize.com.tr\/gana\/?s={search_term_string}"},"query-input":{"@type":"PropertyValueSpecification","valueRequired":true,"valueName":"search_term_string"}}],"inLanguage":"tr"}]}},"_links":{"self":[{"href":"https:\/\/www.myvize.com.tr\/gana\/wp-json\/wp\/v2\/pages\/72","targetHints":{"allow":["GET"]}}],"collection":[{"href":"https:\/\/www.myvize.com.tr\/gana\/wp-json\/wp\/v2\/pages"}],"about":[{"href":"https:\/\/www.myvize.com.tr\/gana\/wp-json\/wp\/v2\/types\/page"}],"author":[{"embeddable":true,"href":"https:\/\/www.myvize.com.tr\/gana\/wp-json\/wp\/v2\/users\/1"}],"replies":[{"embeddable":true,"href":"https:\/\/www.myvize.com.tr\/gana\/wp-json\/wp\/v2\/comments?post=72"}],"version-history":[{"count":6,"href":"https:\/\/www.myvize.com.tr\/gana\/wp-json\/wp\/v2\/pages\/72\/revisions"}],"predecessor-version":[{"id":707,"href":"https:\/\/www.myvize.com.tr\/gana\/wp-json\/wp\/v2\/pages\/72\/revisions\/707"}],"up":[{"embeddable":true,"href":"https:\/\/www.myvize.com.tr\/gana\/wp-json\/wp\/v2\/pages\/69"}],"wp:attachment":[{"href":"https:\/\/www.myvize.com.tr\/gana\/wp-json\/wp\/v2\/media?parent=72"}],"curies":[{"name":"wp","href":"https:\/\/api.w.org\/{rel}","templated":true}]}}