{"id":74,"date":"2020-11-30T13:02:26","date_gmt":"2020-11-30T10:02:26","guid":{"rendered":"https:\/\/www.myvize.com.tr\/gana\/?page_id=74"},"modified":"2022-05-07T14:00:15","modified_gmt":"2022-05-07T11:00:15","slug":"antalya-konsoloslugu","status":"publish","type":"page","link":"https:\/\/www.myvize.com.tr\/gana\/konsolosluklar\/antalya-konsoloslugu\/","title":{"rendered":"Gana Antalya Konsoloslu\u011fu"},"content":{"rendered":"<h2><span style=\"font-family: Roboto; font-size: 27px;\"><b>Gana Antalya Konsoloslu\u011fu Hakk\u0131nda<\/b><\/span><\/h2>\n<p><span style=\"font-family: Roboto; font-size: 14px;\">Gana Antalya Konsoloslu\u011fu\u2019nda\u00a0<strong>Gana vize i\u015flemleri<\/strong>\u00a0yapt\u0131rmak isteyen ki\u015finin, el\u00e7ilik taraf\u0131ndan belirlenmi\u015f olan web sitesi \u00fczerinden dijital ortamda vize ba\u015fvuru formunu doldurmas\u0131 ve yine ayn\u0131 platform \u00fczerinden\u00a0<strong>Gana vize \u00fccreti<\/strong>\u00a0i\u015flemlerini tamamlamas\u0131 olduk\u00e7a \u00f6nemli kurallardan biridir.<\/span><\/p>\n<p><span style=\"font-family: Roboto; font-size: 14px;\">Ayr\u0131ca<span style=\"color: #2acec2;\"><strong><a style=\"color: #2acec2;\" href=\"https:\/\/www.myvize.com.tr\/gana\/vize-islemleri\/gana-vizesi\/\" target=\"_blank\" rel=\"noopener\">\u00a0Gana vizesi\u00a0<\/a><\/strong><\/span>almak isteyen ki\u015filer, Gana Antalya Konsoloslu\u011fu\u2019ndan mutlaka randevu saati ve g\u00fcn\u00fc talep etmelidir. \u00d6zellikle Ye\u015fil pasaport (umuma has), bordo pasaport (hususi), gri pasaport (hizmet), Siyah (diplomatik) pasaport sahiplerinin, Gana\u2019ya yapaca\u011f\u0131 seyahatler i\u00e7in <strong>Gana vizesi<\/strong> \u00e7\u0131kartmalar\u0131 zorunluluk bildirmektedir.<\/span><\/p>\n<p><span style=\"font-family: Roboto; font-size: 14px;\">Gana vize ba\u015fvuru i\u015flemlerinde b\u00fcy\u00fckel\u00e7ilik ya da D\u0131\u015fi\u015fleri Bakanl\u0131\u011f\u0131\u2019ndan ki\u015finin nota almas\u0131 gerekmektedir. Bunun d\u0131\u015f\u0131nda <span style=\"color: #2acec2;\"><strong><a style=\"color: #2acec2;\" href=\"https:\/\/www.myvize.com.tr\/gana\/vize-islemleri\/\" target=\"_blank\" rel=\"noopener\">Gana vize i\u015flemleri<\/a><\/strong><\/span>, Antalya Gana Konsoloslu\u011fu\u2019nda 2 ile 3 g\u00fcn aras\u0131nda sonu\u00e7lanmaktad\u0131r. Gana Antalya konsolosluklar\u0131nda Gana vatanda\u015flar\u0131 ayr\u0131ca noterlik, askerlik, do\u011fum ve \u00f6l\u00fcm belgesi alma i\u015flemlerini kolayl\u0131kla yapabilirler.\u00a0<strong>Gana vize\u00a0<\/strong>ba\u015fvuru i\u015flemlerinizi, Gana yolculu\u011funuzdan \u00f6nce ba\u015flatman\u0131z gerekir. Gana seyahatinde kap\u0131da vize uygulamas\u0131 ge\u00e7erlilik g\u00f6stermemektedir.\u00a0<strong>Antalya Gana Konsoloslu\u011fu<\/strong>\u00a0\u00f6zellikle Gana\u2019ya seyahat etmek isteyen ki\u015filerden a\u015f\u0131 kart\u0131 talep etmektedir. Gana\u2019da ge\u00e7erlilik g\u00f6sterecek Sar\u0131humma a\u015f\u0131 kart\u0131, mutlaka ba\u015fvuru sahibinin yan\u0131nda olmal\u0131d\u0131r.<\/span><\/p>\n","protected":false},"excerpt":{"rendered":"<p>Gana Antalya Konsoloslu\u011fu Hakk\u0131nda Gana Antalya Konsoloslu\u011fu\u2019nda\u00a0Gana vize i\u015flemleri\u00a0yapt\u0131rmak isteyen ki\u015finin, el\u00e7ilik taraf\u0131ndan belirlenmi\u015f olan web sitesi \u00fczerinden dijital ortamda vize ba\u015fvuru formunu doldurmas\u0131 ve yine ayn\u0131 platform \u00fczerinden\u00a0Gana vize \u00fccreti\u00a0i\u015flemlerini tamamlamas\u0131 olduk\u00e7a \u00f6nemli kurallardan biridir. Ayr\u0131ca\u00a0Gana vizesi\u00a0almak isteyen ki\u015filer, Gana Antalya Konsoloslu\u011fu\u2019ndan mutlaka randevu saati ve g\u00fcn\u00fc talep etmelidir. \u00d6zellikle Ye\u015fil pasaport (umuma has),<\/p>\n","protected":false},"author":1,"featured_media":0,"parent":69,"menu_order":0,"comment_status":"open","ping_status":"closed","template":"","meta":{"footnotes":""},"class_list":["post-74","page","type-page","status-publish","hentry"],"yoast_head":"<!-- This site is optimized with the Yoast SEO plugin v24.0 - https:\/\/yoast.com\/wordpress\/plugins\/seo\/ -->\n<title>Gana Antalya Konsoloslu\u011fu Vize \u0130\u015flemleri - MyVize<\/title>\n<meta name=\"description\" content=\"Gana Antalya Konsoloslu\u011fu Vize \u0130\u015flemleri Nelerdir? Gana Antalya Konsoloslu\u011fu Nerededir? Bilgi \u0130\u00e7in Vize Uzmanlar\u0131m\u0131z\u0131 Aray\u0131n: 0850 346 84 93\" \/>\n<meta name=\"robots\" content=\"index, follow, max-snippet:-1, max-image-preview:large, max-video-preview:-1\" \/>\n<link rel=\"canonical\" href=\"https:\/\/www.myvize.com.tr\/gana\/konsolosluklar\/antalya-konsoloslugu\/\" \/>\n<meta property=\"og:locale\" content=\"tr_TR\" \/>\n<meta property=\"og:type\" content=\"article\" \/>\n<meta property=\"og:title\" content=\"Gana Antalya Konsoloslu\u011fu Vize \u0130\u015flemleri - MyVize\" \/>\n<meta property=\"og:description\" content=\"Gana Antalya Konsoloslu\u011fu Vize \u0130\u015flemleri Nelerdir? Gana Antalya Konsoloslu\u011fu Nerededir? Bilgi \u0130\u00e7in Vize Uzmanlar\u0131m\u0131z\u0131 Aray\u0131n: 0850 346 84 93\" \/>\n<meta property=\"og:url\" content=\"https:\/\/www.myvize.com.tr\/gana\/konsolosluklar\/antalya-konsoloslugu\/\" \/>\n<meta property=\"og:site_name\" content=\"Gana Vizesi\" \/>\n<meta property=\"article:modified_time\" content=\"2022-05-07T11:00:15+00:00\" \/>\n<meta name=\"twitter:card\" content=\"summary_large_image\" \/>\n<meta name=\"twitter:label1\" content=\"Tahmini okuma s\u00fcresi\" \/>\n\t<meta name=\"twitter:data1\" content=\"1 dakika\" \/>\n<script type=\"application\/ld+json\" class=\"yoast-schema-graph\">{\"@context\":\"https:\/\/schema.org\",\"@graph\":[{\"@type\":\"WebPage\",\"@id\":\"https:\/\/www.myvize.com.tr\/gana\/konsolosluklar\/antalya-konsoloslugu\/\",\"url\":\"https:\/\/www.myvize.com.tr\/gana\/konsolosluklar\/antalya-konsoloslugu\/\",\"name\":\"Gana Antalya Konsoloslu\u011fu Vize \u0130\u015flemleri - MyVize\",\"isPartOf\":{\"@id\":\"https:\/\/www.myvize.com.tr\/gana\/#website\"},\"datePublished\":\"2020-11-30T10:02:26+00:00\",\"dateModified\":\"2022-05-07T11:00:15+00:00\",\"description\":\"Gana Antalya Konsoloslu\u011fu Vize \u0130\u015flemleri Nelerdir? Gana Antalya Konsoloslu\u011fu Nerededir? Bilgi \u0130\u00e7in Vize Uzmanlar\u0131m\u0131z\u0131 Aray\u0131n: 0850 346 84 93\",\"breadcrumb\":{\"@id\":\"https:\/\/www.myvize.com.tr\/gana\/konsolosluklar\/antalya-konsoloslugu\/#breadcrumb\"},\"inLanguage\":\"tr\",\"potentialAction\":[{\"@type\":\"ReadAction\",\"target\":[\"https:\/\/www.myvize.com.tr\/gana\/konsolosluklar\/antalya-konsoloslugu\/\"]}]},{\"@type\":\"BreadcrumbList\",\"@id\":\"https:\/\/www.myvize.com.tr\/gana\/konsolosluklar\/antalya-konsoloslugu\/#breadcrumb\",\"itemListElement\":[{\"@type\":\"ListItem\",\"position\":1,\"name\":\"Anasayfa\",\"item\":\"https:\/\/www.myvize.com.tr\/gana\/\"},{\"@type\":\"ListItem\",\"position\":2,\"name\":\"KONSOLOSLUKLAR\",\"item\":\"https:\/\/www.myvize.com.tr\/gana\/konsolosluklar\/\"},{\"@type\":\"ListItem\",\"position\":3,\"name\":\"Gana Antalya Konsoloslu\u011fu\"}]},{\"@type\":\"WebSite\",\"@id\":\"https:\/\/www.myvize.com.tr\/gana\/#website\",\"url\":\"https:\/\/www.myvize.com.tr\/gana\/\",\"name\":\"Gana Vizesi\",\"description\":\"\",\"potentialAction\":[{\"@type\":\"SearchAction\",\"target\":{\"@type\":\"EntryPoint\",\"urlTemplate\":\"https:\/\/www.myvize.com.tr\/gana\/?s={search_term_string}\"},\"query-input\":{\"@type\":\"PropertyValueSpecification\",\"valueRequired\":true,\"valueName\":\"search_term_string\"}}],\"inLanguage\":\"tr\"}]}<\/script>\n<!-- \/ Yoast SEO plugin. -->","yoast_head_json":{"title":"Gana Antalya Konsoloslu\u011fu Vize \u0130\u015flemleri - MyVize","description":"Gana Antalya Konsoloslu\u011fu Vize \u0130\u015flemleri Nelerdir? Gana Antalya Konsoloslu\u011fu Nerededir? Bilgi \u0130\u00e7in Vize Uzmanlar\u0131m\u0131z\u0131 Aray\u0131n: 0850 346 84 93","robots":{"index":"index","follow":"follow","max-snippet":"max-snippet:-1","max-image-preview":"max-image-preview:large","max-video-preview":"max-video-preview:-1"},"canonical":"https:\/\/www.myvize.com.tr\/gana\/konsolosluklar\/antalya-konsoloslugu\/","og_locale":"tr_TR","og_type":"article","og_title":"Gana Antalya Konsoloslu\u011fu Vize \u0130\u015flemleri - MyVize","og_description":"Gana Antalya Konsoloslu\u011fu Vize \u0130\u015flemleri Nelerdir? Gana Antalya Konsoloslu\u011fu Nerededir? Bilgi \u0130\u00e7in Vize Uzmanlar\u0131m\u0131z\u0131 Aray\u0131n: 0850 346 84 93","og_url":"https:\/\/www.myvize.com.tr\/gana\/konsolosluklar\/antalya-konsoloslugu\/","og_site_name":"Gana Vizesi","article_modified_time":"2022-05-07T11:00:15+00:00","twitter_card":"summary_large_image","twitter_misc":{"Tahmini okuma s\u00fcresi":"1 dakika"},"schema":{"@context":"https:\/\/schema.org","@graph":[{"@type":"WebPage","@id":"https:\/\/www.myvize.com.tr\/gana\/konsolosluklar\/antalya-konsoloslugu\/","url":"https:\/\/www.myvize.com.tr\/gana\/konsolosluklar\/antalya-konsoloslugu\/","name":"Gana Antalya Konsoloslu\u011fu Vize \u0130\u015flemleri - MyVize","isPartOf":{"@id":"https:\/\/www.myvize.com.tr\/gana\/#website"},"datePublished":"2020-11-30T10:02:26+00:00","dateModified":"2022-05-07T11:00:15+00:00","description":"Gana Antalya Konsoloslu\u011fu Vize \u0130\u015flemleri Nelerdir? Gana Antalya Konsoloslu\u011fu Nerededir? Bilgi \u0130\u00e7in Vize Uzmanlar\u0131m\u0131z\u0131 Aray\u0131n: 0850 346 84 93","breadcrumb":{"@id":"https:\/\/www.myvize.com.tr\/gana\/konsolosluklar\/antalya-konsoloslugu\/#breadcrumb"},"inLanguage":"tr","potentialAction":[{"@type":"ReadAction","target":["https:\/\/www.myvize.com.tr\/gana\/konsolosluklar\/antalya-konsoloslugu\/"]}]},{"@type":"BreadcrumbList","@id":"https:\/\/www.myvize.com.tr\/gana\/konsolosluklar\/antalya-konsoloslugu\/#breadcrumb","itemListElement":[{"@type":"ListItem","position":1,"name":"Anasayfa","item":"https:\/\/www.myvize.com.tr\/gana\/"},{"@type":"ListItem","position":2,"name":"KONSOLOSLUKLAR","item":"https:\/\/www.myvize.com.tr\/gana\/konsolosluklar\/"},{"@type":"ListItem","position":3,"name":"Gana Antalya Konsoloslu\u011fu"}]},{"@type":"WebSite","@id":"https:\/\/www.myvize.com.tr\/gana\/#website","url":"https:\/\/www.myvize.com.tr\/gana\/","name":"Gana Vizesi","description":"","potentialAction":[{"@type":"SearchAction","target":{"@type":"EntryPoint","urlTemplate":"https:\/\/www.myvize.com.tr\/gana\/?s={search_term_string}"},"query-input":{"@type":"PropertyValueSpecification","valueRequired":true,"valueName":"search_term_string"}}],"inLanguage":"tr"}]}},"_links":{"self":[{"href":"https:\/\/www.myvize.com.tr\/gana\/wp-json\/wp\/v2\/pages\/74","targetHints":{"allow":["GET"]}}],"collection":[{"href":"https:\/\/www.myvize.com.tr\/gana\/wp-json\/wp\/v2\/pages"}],"about":[{"href":"https:\/\/www.myvize.com.tr\/gana\/wp-json\/wp\/v2\/types\/page"}],"author":[{"embeddable":true,"href":"https:\/\/www.myvize.com.tr\/gana\/wp-json\/wp\/v2\/users\/1"}],"replies":[{"embeddable":true,"href":"https:\/\/www.myvize.com.tr\/gana\/wp-json\/wp\/v2\/comments?post=74"}],"version-history":[{"count":5,"href":"https:\/\/www.myvize.com.tr\/gana\/wp-json\/wp\/v2\/pages\/74\/revisions"}],"predecessor-version":[{"id":708,"href":"https:\/\/www.myvize.com.tr\/gana\/wp-json\/wp\/v2\/pages\/74\/revisions\/708"}],"up":[{"embeddable":true,"href":"https:\/\/www.myvize.com.tr\/gana\/wp-json\/wp\/v2\/pages\/69"}],"wp:attachment":[{"href":"https:\/\/www.myvize.com.tr\/gana\/wp-json\/wp\/v2\/media?parent=74"}],"curies":[{"name":"wp","href":"https:\/\/api.w.org\/{rel}","templated":true}]}}