{"id":76,"date":"2020-11-30T13:03:06","date_gmt":"2020-11-30T10:03:06","guid":{"rendered":"https:\/\/www.myvize.com.tr\/gana\/?page_id=76"},"modified":"2022-05-07T14:00:51","modified_gmt":"2022-05-07T11:00:51","slug":"gana-istanbul-fahri-konsoloslugu","status":"publish","type":"page","link":"https:\/\/www.myvize.com.tr\/gana\/konsolosluklar\/gana-istanbul-fahri-konsoloslugu\/","title":{"rendered":"Gana \u0130stanbul Konsoloslu\u011fu"},"content":{"rendered":"<p><span style=\"font-family: Roboto;\"><\/span><\/p>\r\n<p><span style=\"font-family: Roboto; font-size: 14px;\">\u00a0\u00a0\u00a0<strong>\u0130stanbul Gana Konsoloslu\u011fu,\u00a0<\/strong>T\u00fcrkiye Cumhuriyetinde ikamet eden Gana vatanda\u015flar\u0131na hizmet vermek bu vatanda\u015flar\u0131n resmi meselelerini halletmek ve bu i\u015fleri y\u00fcr\u00fctmekten sorumlu bir kurumdur. Sadece Gana vatanda\u015flar\u0131ndan sorumlu olmayan\u00a0<strong>\u0130stanbul Gana Konsoloslu\u011fu\u00a0<\/strong>ayn\u0131 zamanda T\u00fcrk vatanda\u015flar\u0131 i\u00e7in B\u00fcy\u00fckel\u00e7ilikten sonra vize ba\u015fvurusu meselesinde en yetkili kurumdur.\u00a0 T\u00fcrkiye Cumhuriyeti vatanda\u015flar\u0131<strong> \u0130stanbul Gana Konsoloslu\u011funa<\/strong> gidip ba\u015fvurular\u0131n\u0131 yapabilirler. Her vize ba\u015fvurusu gibi bu ba\u015fvuru a\u015famas\u0131nda da formlar\u0131n\u0131 eksiksiz doldurmalar\u0131 gerekmektedir. \u0130stanbul ve \u00e7evre illerin de vize ba\u015fvurular\u0131n\u0131 kabul eden Konsolosluk bu ba\u011flamda vize ba\u015fvurular\u0131nda b\u00fcy\u00fckel\u00e7ilikten sonra en etkili ikinci kurumdur. T\u00fcrkiye Cumhuriyeti vatanda\u015flar\u0131 Dilek\u00e7e k\u0131sm\u0131yla ba\u015fvurmay\u0131 ve dilek\u00e7eyi kurallara uygun bir \u015fekilde yaz\u0131p yapacaklar\u0131 seyahatle ilgili bilgileri de ayr\u0131ca dilek\u00e7e k\u0131sm\u0131nda belirtmeleri gerekmekte ve bu kurallar \u00e7er\u00e7evesinde dilek\u00e7elerini haz\u0131rlamalar\u0131 gerekmektedir.<\/span><\/p>\r\n<p><span style=\"font-family: Roboto; font-size: 14px;\">\r\n\r\n<\/span><\/p>\r\n<p><span style=\"font-size: 20px;\"><strong><span style=\"font-family: Roboto;\">\u0130stanbul Gana Konsoloslu\u011fu Mesai Saatleri Ka\u00e7la Ka\u00e7 Aras\u0131d\u0131r?<\/span><\/strong><\/span><\/p>\r\n<p><span style=\"font-family: Roboto; font-size: 14px;\">\r\n\r\n<\/span><\/p>\r\n<p><span style=\"font-family: Roboto; font-size: 14px;\"><strong>\u0130stanbul Gana Konsoloslu\u011fu <\/strong>\u00e7al\u0131\u015fma saatleri hafta i\u00e7i her g\u00fcn 9.00 ve 17.00 aras\u0131ndad\u0131r. Hafta sonu hizmet veremeyen kurum resmi tatillerde de hizmet vermemektedir. Sadece T\u00fcrkiye Cumhuriyeti resmi tatillerinde de\u011fil Gana resmi tatillerinde de hizmet veremeyen <strong>\u0130stanbul Gana Konsoloslu\u011fu<\/strong> bu d\u00f6nemlerde de kapal\u0131d\u0131r.<\/span><\/p>\r\n<h2><span style=\"font-family: Roboto; font-size: 27px;\"><b>Gana \u0130stanbul Fahri Konsoloslu\u011fu<\/b><\/span><\/h2>\r\n<p><span style=\"font-family: Roboto; font-size: 14px;\"><strong>Gana \u0130stanbul Fahri Konsoloslu\u011fu<\/strong>\u00a0ki\u015filerin<strong>\u00a0Gana vize i\u015flemleri\u00a0<\/strong>yapmas\u0131nda yard\u0131mc\u0131 olmay\u0131 ama\u00e7lamaktad\u0131r. Vatanda\u015flar\u0131n <strong>vize ba\u015fvurusu<\/strong> i\u015flemlerini yetkili \u00e7a\u011fr\u0131 merkezini aray\u0131p, \u00f6zel randevu talebinde bulunmas\u0131yla yapmalar\u0131 gerekmektedir. Gana \u0130stanbul Fahri Konsoloslu\u011fu\u2019nda yer alan \u00e7a\u011fr\u0131 merkezi, vize ba\u015fvurusunda bulunan vatanda\u015flardan,\u00a0vize i\u015flemlerinin yap\u0131labilmesi i\u00e7in haz\u0131rlanmas\u0131 gereken evraklar\u0131n listesini vermektedir. Ba\u015fvuruda bulunan vatanda\u015flar\u0131n evraklar\u0131 ise, bizzat ya da kurye arac\u0131l\u0131\u011f\u0131 ile ilgili makama teslim edilebilmektedir.\u00a0Gana \u0130stanbul Fahri Konsoloslu\u011fu\u2019nda Gana vatanda\u015flar\u0131 resmi web sitesi \u00fczerinden askerlik, noterlik, evlilik, bo\u015fanma,\u00a0<span style=\"color: #2acec2;\"><strong><a style=\"color: #2acec2;\" href=\"https:\/\/www.myvize.com.tr\/gana\/vize-islemleri\/gana-vizesi\/\" target=\"_blank\" rel=\"noopener\">Gana vizesi<\/a><\/strong><\/span>\u00a0i\u015flerini rahatl\u0131kla yapabilir.<\/span><\/p>\r\n<p><span style=\"font-family: Roboto; font-size: 14px;\">Bu i\u015flemler ki\u015filere kolayl\u0131k sa\u011flanmas\u0131 amac\u0131 ile <strong>Gana \u0130stanbul Fahri Konsoloslu\u011fu<\/strong> dan\u0131\u015fmanlar\u0131 taraf\u0131ndan da yap\u0131labilmektedir. Sistemde ayr\u0131ca\u00a0<span style=\"color: #2acec2;\"><strong><a style=\"color: #2acec2;\" href=\"https:\/\/www.myvize.com.tr\/gana\/gana-vize-ucreti\/\" target=\"_blank\" rel=\"noopener\">Gana vize \u00fccreti<\/a><\/strong><\/span>\u00a0i\u015flemlerinde g\u00fcvenli \u00f6deme se\u00e7enekleri mevcuttur. T\u00fcm bunlar\u0131n yan\u0131 s\u0131ra <strong>Gana \u0130stanbul Fahri Konsoloslu\u011fu<\/strong> dan\u0131\u015fmanlar\u0131 taraf\u0131ndan, randevu i\u015flemleri s\u0131ras\u0131nda konaklama yap\u0131lacak olan yerin ve seyahat ger\u00e7ekle\u015ftirilecek olan u\u00e7a\u011f\u0131n rezervasyonlar\u0131 yap\u0131lmaktad\u0131r. Burada konsolosluk taraf\u0131ndan ki\u015finin, Gana\u2019da konaklama dok\u00fcmanlar\u0131 kontrol edilir.\u00a0<strong>Gana vizesi<\/strong>\u00a0ba\u015fvuru sonu\u00e7lar\u0131, \u0130stanbul Fahri Konsoloslu\u011fu\u2019nda 5 ile\u00a021 i\u015f g\u00fcn\u00fc i\u00e7erisinde \u00e7\u0131kmaktad\u0131r. \u00a0Gana \u0130stanbul Fahri Konsoloslu\u011fu t\u00fcm <span style=\"color: #2acec2;\"><strong><a style=\"color: #2acec2;\" href=\"https:\/\/www.myvize.com.tr\/gana\/vize-islemleri\/\" target=\"_blank\" rel=\"noopener\">vize i\u015flemleri<\/a><\/strong><\/span> i\u00e7in tam yetkili merkezdir.<\/span><\/p>\r\n<p><span style=\"font-family: Roboto;\"><\/span><\/p>","protected":false},"excerpt":{"rendered":"<p>\u00a0\u00a0\u00a0\u0130stanbul Gana Konsoloslu\u011fu,\u00a0T\u00fcrkiye Cumhuriyetinde ikamet eden Gana vatanda\u015flar\u0131na hizmet vermek bu vatanda\u015flar\u0131n resmi meselelerini halletmek ve bu i\u015fleri y\u00fcr\u00fctmekten sorumlu bir kurumdur. Sadece Gana vatanda\u015flar\u0131ndan sorumlu olmayan\u00a0\u0130stanbul Gana Konsoloslu\u011fu\u00a0ayn\u0131 zamanda T\u00fcrk vatanda\u015flar\u0131 i\u00e7in B\u00fcy\u00fckel\u00e7ilikten sonra vize ba\u015fvurusu meselesinde en yetkili kurumdur.\u00a0 T\u00fcrkiye Cumhuriyeti vatanda\u015flar\u0131 \u0130stanbul Gana Konsoloslu\u011funa gidip ba\u015fvurular\u0131n\u0131 yapabilirler. Her vize ba\u015fvurusu gibi bu<\/p>\n","protected":false},"author":1,"featured_media":0,"parent":69,"menu_order":0,"comment_status":"open","ping_status":"closed","template":"","meta":{"footnotes":""},"class_list":["post-76","page","type-page","status-publish","hentry"],"yoast_head":"<!-- This site is optimized with the Yoast SEO plugin v24.0 - https:\/\/yoast.com\/wordpress\/plugins\/seo\/ -->\n<title>Gana \u0130stanbul Konsoloslu\u011fu Vize \u0130\u015flemleri - MyVize<\/title>\n<meta name=\"description\" content=\"Gana \u0130stanbul Fahri Konsoloslu\u011fu \u00e7al\u0131\u015fma saatleri. Gana \u0130stanbul Fahri Konsoloslu\u011fu ula\u015f\u0131m, ileti\u015fim bilgileri ve faaliyet alan\u0131.\" \/>\n<meta name=\"robots\" content=\"index, follow, max-snippet:-1, max-image-preview:large, max-video-preview:-1\" \/>\n<link rel=\"canonical\" href=\"https:\/\/www.myvize.com.tr\/gana\/konsolosluklar\/gana-istanbul-fahri-konsoloslugu\/\" \/>\n<meta property=\"og:locale\" content=\"tr_TR\" \/>\n<meta property=\"og:type\" content=\"article\" \/>\n<meta property=\"og:title\" content=\"Gana \u0130stanbul Konsoloslu\u011fu Vize \u0130\u015flemleri - MyVize\" \/>\n<meta property=\"og:description\" content=\"Gana \u0130stanbul Fahri Konsoloslu\u011fu \u00e7al\u0131\u015fma saatleri. Gana \u0130stanbul Fahri Konsoloslu\u011fu ula\u015f\u0131m, ileti\u015fim bilgileri ve faaliyet alan\u0131.\" \/>\n<meta property=\"og:url\" content=\"https:\/\/www.myvize.com.tr\/gana\/konsolosluklar\/gana-istanbul-fahri-konsoloslugu\/\" \/>\n<meta property=\"og:site_name\" content=\"Gana Vizesi\" \/>\n<meta property=\"article:modified_time\" content=\"2022-05-07T11:00:51+00:00\" \/>\n<meta name=\"twitter:card\" content=\"summary_large_image\" \/>\n<meta name=\"twitter:label1\" content=\"Tahmini okuma s\u00fcresi\" \/>\n\t<meta name=\"twitter:data1\" content=\"2 dakika\" \/>\n<script type=\"application\/ld+json\" class=\"yoast-schema-graph\">{\"@context\":\"https:\/\/schema.org\",\"@graph\":[{\"@type\":\"WebPage\",\"@id\":\"https:\/\/www.myvize.com.tr\/gana\/konsolosluklar\/gana-istanbul-fahri-konsoloslugu\/\",\"url\":\"https:\/\/www.myvize.com.tr\/gana\/konsolosluklar\/gana-istanbul-fahri-konsoloslugu\/\",\"name\":\"Gana \u0130stanbul Konsoloslu\u011fu Vize \u0130\u015flemleri - MyVize\",\"isPartOf\":{\"@id\":\"https:\/\/www.myvize.com.tr\/gana\/#website\"},\"datePublished\":\"2020-11-30T10:03:06+00:00\",\"dateModified\":\"2022-05-07T11:00:51+00:00\",\"description\":\"Gana \u0130stanbul Fahri Konsoloslu\u011fu \u00e7al\u0131\u015fma saatleri. Gana \u0130stanbul Fahri Konsoloslu\u011fu ula\u015f\u0131m, ileti\u015fim bilgileri ve faaliyet alan\u0131.\",\"breadcrumb\":{\"@id\":\"https:\/\/www.myvize.com.tr\/gana\/konsolosluklar\/gana-istanbul-fahri-konsoloslugu\/#breadcrumb\"},\"inLanguage\":\"tr\",\"potentialAction\":[{\"@type\":\"ReadAction\",\"target\":[\"https:\/\/www.myvize.com.tr\/gana\/konsolosluklar\/gana-istanbul-fahri-konsoloslugu\/\"]}]},{\"@type\":\"BreadcrumbList\",\"@id\":\"https:\/\/www.myvize.com.tr\/gana\/konsolosluklar\/gana-istanbul-fahri-konsoloslugu\/#breadcrumb\",\"itemListElement\":[{\"@type\":\"ListItem\",\"position\":1,\"name\":\"Anasayfa\",\"item\":\"https:\/\/www.myvize.com.tr\/gana\/\"},{\"@type\":\"ListItem\",\"position\":2,\"name\":\"KONSOLOSLUKLAR\",\"item\":\"https:\/\/www.myvize.com.tr\/gana\/konsolosluklar\/\"},{\"@type\":\"ListItem\",\"position\":3,\"name\":\"Gana \u0130stanbul Konsoloslu\u011fu\"}]},{\"@type\":\"WebSite\",\"@id\":\"https:\/\/www.myvize.com.tr\/gana\/#website\",\"url\":\"https:\/\/www.myvize.com.tr\/gana\/\",\"name\":\"Gana Vizesi\",\"description\":\"\",\"potentialAction\":[{\"@type\":\"SearchAction\",\"target\":{\"@type\":\"EntryPoint\",\"urlTemplate\":\"https:\/\/www.myvize.com.tr\/gana\/?s={search_term_string}\"},\"query-input\":{\"@type\":\"PropertyValueSpecification\",\"valueRequired\":true,\"valueName\":\"search_term_string\"}}],\"inLanguage\":\"tr\"}]}<\/script>\n<!-- \/ Yoast SEO plugin. -->","yoast_head_json":{"title":"Gana \u0130stanbul Konsoloslu\u011fu Vize \u0130\u015flemleri - MyVize","description":"Gana \u0130stanbul Fahri Konsoloslu\u011fu \u00e7al\u0131\u015fma saatleri. Gana \u0130stanbul Fahri Konsoloslu\u011fu ula\u015f\u0131m, ileti\u015fim bilgileri ve faaliyet alan\u0131.","robots":{"index":"index","follow":"follow","max-snippet":"max-snippet:-1","max-image-preview":"max-image-preview:large","max-video-preview":"max-video-preview:-1"},"canonical":"https:\/\/www.myvize.com.tr\/gana\/konsolosluklar\/gana-istanbul-fahri-konsoloslugu\/","og_locale":"tr_TR","og_type":"article","og_title":"Gana \u0130stanbul Konsoloslu\u011fu Vize \u0130\u015flemleri - MyVize","og_description":"Gana \u0130stanbul Fahri Konsoloslu\u011fu \u00e7al\u0131\u015fma saatleri. Gana \u0130stanbul Fahri Konsoloslu\u011fu ula\u015f\u0131m, ileti\u015fim bilgileri ve faaliyet alan\u0131.","og_url":"https:\/\/www.myvize.com.tr\/gana\/konsolosluklar\/gana-istanbul-fahri-konsoloslugu\/","og_site_name":"Gana Vizesi","article_modified_time":"2022-05-07T11:00:51+00:00","twitter_card":"summary_large_image","twitter_misc":{"Tahmini okuma s\u00fcresi":"2 dakika"},"schema":{"@context":"https:\/\/schema.org","@graph":[{"@type":"WebPage","@id":"https:\/\/www.myvize.com.tr\/gana\/konsolosluklar\/gana-istanbul-fahri-konsoloslugu\/","url":"https:\/\/www.myvize.com.tr\/gana\/konsolosluklar\/gana-istanbul-fahri-konsoloslugu\/","name":"Gana \u0130stanbul Konsoloslu\u011fu Vize \u0130\u015flemleri - MyVize","isPartOf":{"@id":"https:\/\/www.myvize.com.tr\/gana\/#website"},"datePublished":"2020-11-30T10:03:06+00:00","dateModified":"2022-05-07T11:00:51+00:00","description":"Gana \u0130stanbul Fahri Konsoloslu\u011fu \u00e7al\u0131\u015fma saatleri. Gana \u0130stanbul Fahri Konsoloslu\u011fu ula\u015f\u0131m, ileti\u015fim bilgileri ve faaliyet alan\u0131.","breadcrumb":{"@id":"https:\/\/www.myvize.com.tr\/gana\/konsolosluklar\/gana-istanbul-fahri-konsoloslugu\/#breadcrumb"},"inLanguage":"tr","potentialAction":[{"@type":"ReadAction","target":["https:\/\/www.myvize.com.tr\/gana\/konsolosluklar\/gana-istanbul-fahri-konsoloslugu\/"]}]},{"@type":"BreadcrumbList","@id":"https:\/\/www.myvize.com.tr\/gana\/konsolosluklar\/gana-istanbul-fahri-konsoloslugu\/#breadcrumb","itemListElement":[{"@type":"ListItem","position":1,"name":"Anasayfa","item":"https:\/\/www.myvize.com.tr\/gana\/"},{"@type":"ListItem","position":2,"name":"KONSOLOSLUKLAR","item":"https:\/\/www.myvize.com.tr\/gana\/konsolosluklar\/"},{"@type":"ListItem","position":3,"name":"Gana \u0130stanbul Konsoloslu\u011fu"}]},{"@type":"WebSite","@id":"https:\/\/www.myvize.com.tr\/gana\/#website","url":"https:\/\/www.myvize.com.tr\/gana\/","name":"Gana Vizesi","description":"","potentialAction":[{"@type":"SearchAction","target":{"@type":"EntryPoint","urlTemplate":"https:\/\/www.myvize.com.tr\/gana\/?s={search_term_string}"},"query-input":{"@type":"PropertyValueSpecification","valueRequired":true,"valueName":"search_term_string"}}],"inLanguage":"tr"}]}},"_links":{"self":[{"href":"https:\/\/www.myvize.com.tr\/gana\/wp-json\/wp\/v2\/pages\/76","targetHints":{"allow":["GET"]}}],"collection":[{"href":"https:\/\/www.myvize.com.tr\/gana\/wp-json\/wp\/v2\/pages"}],"about":[{"href":"https:\/\/www.myvize.com.tr\/gana\/wp-json\/wp\/v2\/types\/page"}],"author":[{"embeddable":true,"href":"https:\/\/www.myvize.com.tr\/gana\/wp-json\/wp\/v2\/users\/1"}],"replies":[{"embeddable":true,"href":"https:\/\/www.myvize.com.tr\/gana\/wp-json\/wp\/v2\/comments?post=76"}],"version-history":[{"count":8,"href":"https:\/\/www.myvize.com.tr\/gana\/wp-json\/wp\/v2\/pages\/76\/revisions"}],"predecessor-version":[{"id":397,"href":"https:\/\/www.myvize.com.tr\/gana\/wp-json\/wp\/v2\/pages\/76\/revisions\/397"}],"up":[{"embeddable":true,"href":"https:\/\/www.myvize.com.tr\/gana\/wp-json\/wp\/v2\/pages\/69"}],"wp:attachment":[{"href":"https:\/\/www.myvize.com.tr\/gana\/wp-json\/wp\/v2\/media?parent=76"}],"curies":[{"name":"wp","href":"https:\/\/api.w.org\/{rel}","templated":true}]}}