{"id":78,"date":"2020-11-30T13:03:47","date_gmt":"2020-11-30T10:03:47","guid":{"rendered":"https:\/\/www.myvize.com.tr\/gana\/?page_id=78"},"modified":"2022-05-07T14:01:26","modified_gmt":"2022-05-07T11:01:26","slug":"izmir-baskonsoloslugu","status":"publish","type":"page","link":"https:\/\/www.myvize.com.tr\/gana\/konsolosluklar\/izmir-baskonsoloslugu\/","title":{"rendered":"Gana \u0130zmir Ba\u015fkonsoloslu\u011fu"},"content":{"rendered":"<p><span style=\"font-family: Roboto;\"><\/span><\/p>\r\n<p><span style=\"font-family: Roboto; font-size: 14px;\"><strong>Gana \u0130zmir konsoloslu\u011fu<\/strong>\u00a0<span style=\"color: #2acec2;\"><strong><a style=\"color: #2acec2;\" href=\"https:\/\/www.myvize.com.tr\/gana\/vize-islemleri\/\" target=\"_blank\" rel=\"noopener\">vize i\u015flemleri<\/a><\/strong><\/span> konusunda detayl\u0131 bir evrak s\u00fcreci istiyor. Bu s\u00fcre\u00e7te t\u00fcm i\u015flemlerin vize t\u00fcr\u00fcne uygun yap\u0131lmas\u0131 en \u00f6nemli ko\u015fullardan biridir. <strong><a href=\"https:\/\/www.myvize.com.tr\/gana\/vize-islemleri\/gana-vizesi\/\" target=\"_blank\" rel=\"noopener\"><span style=\"color: #2acec2;\">Gana vizesi<\/span><\/a><\/strong> i\u00e7in ki\u015filer turistik, ticaret, \u00e7al\u0131\u015fma, e\u011fitim ve daha bir\u00e7ok farkl\u0131 alanda vize alabilmeniz m\u00fcmk\u00fcn olmaktad\u0131r. <strong>Vize i\u015flemleri<\/strong> s\u0131ras\u0131nda bir sorun olmamas\u0131 i\u00e7in\u00a0<strong>Gana \u0130zmir konsoloslu\u011fu<\/strong>\u00a0taraf\u0131ndan istenilen t\u00fcm belgelerin zaman\u0131nda tamamlanmas\u0131 gerekiyor.<\/span><\/p>\r\n<p><span style=\"font-family: Roboto; font-size: 14px;\">\r\n\r\n<\/span><\/p>\r\n<p><span style=\"font-family: Roboto; font-size: 14px;\">Vize i\u015flemlerinin tamamlanabilmesi i\u00e7in pasaportun g\u00fcncel olmas\u0131 ve ba\u015fvuru formu ile dilek\u00e7enin eksiksiz haz\u0131r olmas\u0131 gerekiyor. Bu s\u00fcre\u00e7te seyahat sa\u011fl\u0131k sigortas\u0131 gibi belgelerin de yine seyahat s\u00fcresine uygun \u015fekilde yap\u0131lmas\u0131 gerekiyor. \u0130stenilen evraklar bazen ki\u015fiden ki\u015fiye de\u011fi\u015febilmektedir. Bu nedenle vize s\u00fcrecinde mutlaka dikkatli i\u015flem yapman\u0131z gereklidir.<\/span><\/p>\r\n<p><span style=\"font-family: Roboto; font-size: 14px;\">\r\n\r\n<\/span><\/p>\r\n<h2><span style=\"font-family: Roboto; font-size: 27px;\"><strong>Gana Vize \u0130\u015flemi<\/strong><\/span><\/h2>\r\n<p><span style=\"font-family: Roboto; font-size: 14px;\">\r\n\r\n<\/span><\/p>\r\n<p><span style=\"font-family: Roboto; font-size: 14px;\"><strong>Gana vize i\u015flemleri<\/strong> s\u0131ras\u0131nda mutlaka banka dekontundan biyometrik foto\u011frafa kadar eksiksiz evrak haz\u0131rlamal\u0131s\u0131n\u0131z. Aile birle\u015fim vizesi, oturum izni gibi konularda da yine\u00a0<strong>Gana \u0130zmir konsoloslu\u011fu<\/strong>\u00a0hizmet vermektedir. Bu s\u00fcre\u00e7te vizenin zaman\u0131nda verilebilmesi i\u00e7in 0850 346 68 74 nolu hat \u00fczerinden hizmet alabilir ve bu s\u00fcreci daha kolay bir \u015fekilde atlatabilirsiniz.<\/span><\/p>\r\n<h2><span style=\"font-family: Roboto; font-size: 27px;\"><b>Gana \u0130zmir Ba\u015fkonsoloslu\u011fu Hakk\u0131nda<\/b><\/span><\/h2>\r\n<p><span style=\"font-family: Roboto; font-size: 14px;\"><strong>Gana \u0130zmir Ba\u015fkonsoloslu\u011fu,<\/strong>\u00a0<strong>Gana vize<\/strong>\u00a0i\u015flemlerinde tam yetkiye sahiptir. Konsolosluk \u00f6zellikle resmi tatiller hari\u00e7, hafta i\u00e7i her g\u00fcn hizmet vermektedir. Ayr\u0131ca \u0130zmir&#8217;de bulunan yabanc\u0131 uyruklu Gana vatanda\u015flar\u0131,\u00a0<strong>Gana vize i\u015flemleri<\/strong>\u00a0d\u0131\u015f\u0131nda askerlik, \u00f6l\u00fcm, noter, do\u011fum belgesi alma ve\u00a0<span style=\"color: #2acec2;\"><a style=\"color: #2acec2;\" href=\"https:\/\/www.myvize.com.tr\/gana\/gana-vize-ucreti\/\" target=\"_blank\" rel=\"noopener\"><strong>Gana vize \u00fccreti<\/strong><\/a><\/span>\u00a0yat\u0131rma gibi i\u015flemlerini, Gana \u0130zmir Ba\u015fkonsoloslu\u011fu\u2019nda kolayl\u0131kla yapabilmektedir. Eksik ve yanl\u0131\u015f bilgi ile tamamlanan dosyalar, \u00f6zellikle <strong>Gana \u0130zmir Ba\u015fkonsolosluk<\/strong> i\u015flemlerinde ne yaz\u0131k ki ge\u00e7erlilik g\u00f6stermemektedir. Ba\u015fvuru sahibi ki\u015fi Gana\u2019ya gitmek istiyorsa mutlaka \u0130zmir Gana Ba\u015fkonsoloslu\u011fu\u2019nu arayarak \u00f6zel randevu talebinde bulunmal\u0131d\u0131r. Belirlenen randevu saati ve g\u00fcn\u00fcnde Gana \u0130zmir Ba\u015fkonsoloslu\u011fu\u2019nda olmayan ki\u015filerin, daha sonraki g\u00fcnlerde randevusuz gelerek i\u015flem yapma hakk\u0131 yoktur. Randevu online sistem \u00fczerinden ger\u00e7ekle\u015ftirilebilir.<\/span><\/p>\r\n<p><span style=\"font-family: Roboto; font-size: 14px;\">Vatanda\u015flar, <strong>Gana \u0130zmir Konsolosluk<\/strong> i\u015flemlerinin her a\u015famas\u0131nda \u015fahsen ba\u015fvuruda bulunmal\u0131d\u0131r. Ayr\u0131ca\u00a0<strong>Gana vizesi<\/strong>\u00a0i\u015flemlerinde herhangi bir sorun ya\u015fand\u0131\u011f\u0131 taktirde direkt olarak<strong> Gana \u0130zmir Ba\u015fkonsolosluk<\/strong> dan\u0131\u015fmanlar\u0131, ki\u015filere belirtmi\u015f olduklar\u0131 g\u00fcncel telefon numaralar\u0131ndan ula\u015fmaya \u00e7al\u0131\u015fmaktad\u0131r. Herhangi bir sorun ya\u015fanmamas\u0131 i\u00e7in \u00f6zellikle ileti\u015fim bilgilerinin do\u011fru ve g\u00fcncel yaz\u0131lmas\u0131 gerekmektedir.<\/span><\/p>\r\n<p><span style=\"font-family: Roboto;\"><\/span><\/p>","protected":false},"excerpt":{"rendered":"<p>Gana \u0130zmir konsoloslu\u011fu\u00a0vize i\u015flemleri konusunda detayl\u0131 bir evrak s\u00fcreci istiyor. Bu s\u00fcre\u00e7te t\u00fcm i\u015flemlerin vize t\u00fcr\u00fcne uygun yap\u0131lmas\u0131 en \u00f6nemli ko\u015fullardan biridir. Gana vizesi i\u00e7in ki\u015filer turistik, ticaret, \u00e7al\u0131\u015fma, e\u011fitim ve daha bir\u00e7ok farkl\u0131 alanda vize alabilmeniz m\u00fcmk\u00fcn olmaktad\u0131r. Vize i\u015flemleri s\u0131ras\u0131nda bir sorun olmamas\u0131 i\u00e7in\u00a0Gana \u0130zmir konsoloslu\u011fu\u00a0taraf\u0131ndan istenilen t\u00fcm belgelerin zaman\u0131nda tamamlanmas\u0131 gerekiyor. Vize<\/p>\n","protected":false},"author":1,"featured_media":0,"parent":69,"menu_order":0,"comment_status":"open","ping_status":"closed","template":"","meta":{"footnotes":""},"class_list":["post-78","page","type-page","status-publish","hentry"],"yoast_head":"<!-- This site is optimized with the Yoast SEO plugin v24.0 - https:\/\/yoast.com\/wordpress\/plugins\/seo\/ -->\n<title>Gana \u0130zmir Ba\u015fkonsoloslu\u011fu Vize \u0130\u015flemleri - MyVize<\/title>\n<meta name=\"description\" content=\"Gana \u0130zmir Ba\u015fkonsoloslu\u011fu \u00e7al\u0131\u015fma saatleri. Gana \u0130zmir Ba\u015fkonsoloslu\u011fu ula\u015f\u0131m, ileti\u015fim bilgileri ve faaliyet alan\u0131.\" \/>\n<meta name=\"robots\" content=\"index, follow, max-snippet:-1, max-image-preview:large, max-video-preview:-1\" \/>\n<link rel=\"canonical\" href=\"https:\/\/www.myvize.com.tr\/gana\/konsolosluklar\/izmir-baskonsoloslugu\/\" \/>\n<meta property=\"og:locale\" content=\"tr_TR\" \/>\n<meta property=\"og:type\" content=\"article\" \/>\n<meta property=\"og:title\" content=\"Gana \u0130zmir Ba\u015fkonsoloslu\u011fu Vize \u0130\u015flemleri - MyVize\" \/>\n<meta property=\"og:description\" content=\"Gana \u0130zmir Ba\u015fkonsoloslu\u011fu \u00e7al\u0131\u015fma saatleri. Gana \u0130zmir Ba\u015fkonsoloslu\u011fu ula\u015f\u0131m, ileti\u015fim bilgileri ve faaliyet alan\u0131.\" \/>\n<meta property=\"og:url\" content=\"https:\/\/www.myvize.com.tr\/gana\/konsolosluklar\/izmir-baskonsoloslugu\/\" \/>\n<meta property=\"og:site_name\" content=\"Gana Vizesi\" \/>\n<meta property=\"article:modified_time\" content=\"2022-05-07T11:01:26+00:00\" \/>\n<meta name=\"twitter:card\" content=\"summary_large_image\" \/>\n<meta name=\"twitter:label1\" content=\"Tahmini okuma s\u00fcresi\" \/>\n\t<meta name=\"twitter:data1\" content=\"2 dakika\" \/>\n<script type=\"application\/ld+json\" class=\"yoast-schema-graph\">{\"@context\":\"https:\/\/schema.org\",\"@graph\":[{\"@type\":\"WebPage\",\"@id\":\"https:\/\/www.myvize.com.tr\/gana\/konsolosluklar\/izmir-baskonsoloslugu\/\",\"url\":\"https:\/\/www.myvize.com.tr\/gana\/konsolosluklar\/izmir-baskonsoloslugu\/\",\"name\":\"Gana \u0130zmir Ba\u015fkonsoloslu\u011fu Vize \u0130\u015flemleri - MyVize\",\"isPartOf\":{\"@id\":\"https:\/\/www.myvize.com.tr\/gana\/#website\"},\"datePublished\":\"2020-11-30T10:03:47+00:00\",\"dateModified\":\"2022-05-07T11:01:26+00:00\",\"description\":\"Gana \u0130zmir Ba\u015fkonsoloslu\u011fu \u00e7al\u0131\u015fma saatleri. Gana \u0130zmir Ba\u015fkonsoloslu\u011fu ula\u015f\u0131m, ileti\u015fim bilgileri ve faaliyet alan\u0131.\",\"breadcrumb\":{\"@id\":\"https:\/\/www.myvize.com.tr\/gana\/konsolosluklar\/izmir-baskonsoloslugu\/#breadcrumb\"},\"inLanguage\":\"tr\",\"potentialAction\":[{\"@type\":\"ReadAction\",\"target\":[\"https:\/\/www.myvize.com.tr\/gana\/konsolosluklar\/izmir-baskonsoloslugu\/\"]}]},{\"@type\":\"BreadcrumbList\",\"@id\":\"https:\/\/www.myvize.com.tr\/gana\/konsolosluklar\/izmir-baskonsoloslugu\/#breadcrumb\",\"itemListElement\":[{\"@type\":\"ListItem\",\"position\":1,\"name\":\"Anasayfa\",\"item\":\"https:\/\/www.myvize.com.tr\/gana\/\"},{\"@type\":\"ListItem\",\"position\":2,\"name\":\"KONSOLOSLUKLAR\",\"item\":\"https:\/\/www.myvize.com.tr\/gana\/konsolosluklar\/\"},{\"@type\":\"ListItem\",\"position\":3,\"name\":\"Gana \u0130zmir Ba\u015fkonsoloslu\u011fu\"}]},{\"@type\":\"WebSite\",\"@id\":\"https:\/\/www.myvize.com.tr\/gana\/#website\",\"url\":\"https:\/\/www.myvize.com.tr\/gana\/\",\"name\":\"Gana Vizesi\",\"description\":\"\",\"potentialAction\":[{\"@type\":\"SearchAction\",\"target\":{\"@type\":\"EntryPoint\",\"urlTemplate\":\"https:\/\/www.myvize.com.tr\/gana\/?s={search_term_string}\"},\"query-input\":{\"@type\":\"PropertyValueSpecification\",\"valueRequired\":true,\"valueName\":\"search_term_string\"}}],\"inLanguage\":\"tr\"}]}<\/script>\n<!-- \/ Yoast SEO plugin. -->","yoast_head_json":{"title":"Gana \u0130zmir Ba\u015fkonsoloslu\u011fu Vize \u0130\u015flemleri - MyVize","description":"Gana \u0130zmir Ba\u015fkonsoloslu\u011fu \u00e7al\u0131\u015fma saatleri. Gana \u0130zmir Ba\u015fkonsoloslu\u011fu ula\u015f\u0131m, ileti\u015fim bilgileri ve faaliyet alan\u0131.","robots":{"index":"index","follow":"follow","max-snippet":"max-snippet:-1","max-image-preview":"max-image-preview:large","max-video-preview":"max-video-preview:-1"},"canonical":"https:\/\/www.myvize.com.tr\/gana\/konsolosluklar\/izmir-baskonsoloslugu\/","og_locale":"tr_TR","og_type":"article","og_title":"Gana \u0130zmir Ba\u015fkonsoloslu\u011fu Vize \u0130\u015flemleri - MyVize","og_description":"Gana \u0130zmir Ba\u015fkonsoloslu\u011fu \u00e7al\u0131\u015fma saatleri. Gana \u0130zmir Ba\u015fkonsoloslu\u011fu ula\u015f\u0131m, ileti\u015fim bilgileri ve faaliyet alan\u0131.","og_url":"https:\/\/www.myvize.com.tr\/gana\/konsolosluklar\/izmir-baskonsoloslugu\/","og_site_name":"Gana Vizesi","article_modified_time":"2022-05-07T11:01:26+00:00","twitter_card":"summary_large_image","twitter_misc":{"Tahmini okuma s\u00fcresi":"2 dakika"},"schema":{"@context":"https:\/\/schema.org","@graph":[{"@type":"WebPage","@id":"https:\/\/www.myvize.com.tr\/gana\/konsolosluklar\/izmir-baskonsoloslugu\/","url":"https:\/\/www.myvize.com.tr\/gana\/konsolosluklar\/izmir-baskonsoloslugu\/","name":"Gana \u0130zmir Ba\u015fkonsoloslu\u011fu Vize \u0130\u015flemleri - MyVize","isPartOf":{"@id":"https:\/\/www.myvize.com.tr\/gana\/#website"},"datePublished":"2020-11-30T10:03:47+00:00","dateModified":"2022-05-07T11:01:26+00:00","description":"Gana \u0130zmir Ba\u015fkonsoloslu\u011fu \u00e7al\u0131\u015fma saatleri. Gana \u0130zmir Ba\u015fkonsoloslu\u011fu ula\u015f\u0131m, ileti\u015fim bilgileri ve faaliyet alan\u0131.","breadcrumb":{"@id":"https:\/\/www.myvize.com.tr\/gana\/konsolosluklar\/izmir-baskonsoloslugu\/#breadcrumb"},"inLanguage":"tr","potentialAction":[{"@type":"ReadAction","target":["https:\/\/www.myvize.com.tr\/gana\/konsolosluklar\/izmir-baskonsoloslugu\/"]}]},{"@type":"BreadcrumbList","@id":"https:\/\/www.myvize.com.tr\/gana\/konsolosluklar\/izmir-baskonsoloslugu\/#breadcrumb","itemListElement":[{"@type":"ListItem","position":1,"name":"Anasayfa","item":"https:\/\/www.myvize.com.tr\/gana\/"},{"@type":"ListItem","position":2,"name":"KONSOLOSLUKLAR","item":"https:\/\/www.myvize.com.tr\/gana\/konsolosluklar\/"},{"@type":"ListItem","position":3,"name":"Gana \u0130zmir Ba\u015fkonsoloslu\u011fu"}]},{"@type":"WebSite","@id":"https:\/\/www.myvize.com.tr\/gana\/#website","url":"https:\/\/www.myvize.com.tr\/gana\/","name":"Gana Vizesi","description":"","potentialAction":[{"@type":"SearchAction","target":{"@type":"EntryPoint","urlTemplate":"https:\/\/www.myvize.com.tr\/gana\/?s={search_term_string}"},"query-input":{"@type":"PropertyValueSpecification","valueRequired":true,"valueName":"search_term_string"}}],"inLanguage":"tr"}]}},"_links":{"self":[{"href":"https:\/\/www.myvize.com.tr\/gana\/wp-json\/wp\/v2\/pages\/78","targetHints":{"allow":["GET"]}}],"collection":[{"href":"https:\/\/www.myvize.com.tr\/gana\/wp-json\/wp\/v2\/pages"}],"about":[{"href":"https:\/\/www.myvize.com.tr\/gana\/wp-json\/wp\/v2\/types\/page"}],"author":[{"embeddable":true,"href":"https:\/\/www.myvize.com.tr\/gana\/wp-json\/wp\/v2\/users\/1"}],"replies":[{"embeddable":true,"href":"https:\/\/www.myvize.com.tr\/gana\/wp-json\/wp\/v2\/comments?post=78"}],"version-history":[{"count":5,"href":"https:\/\/www.myvize.com.tr\/gana\/wp-json\/wp\/v2\/pages\/78\/revisions"}],"predecessor-version":[{"id":710,"href":"https:\/\/www.myvize.com.tr\/gana\/wp-json\/wp\/v2\/pages\/78\/revisions\/710"}],"up":[{"embeddable":true,"href":"https:\/\/www.myvize.com.tr\/gana\/wp-json\/wp\/v2\/pages\/69"}],"wp:attachment":[{"href":"https:\/\/www.myvize.com.tr\/gana\/wp-json\/wp\/v2\/media?parent=78"}],"curies":[{"name":"wp","href":"https:\/\/api.w.org\/{rel}","templated":true}]}}