{"id":80,"date":"2020-11-30T13:04:17","date_gmt":"2020-11-30T10:04:17","guid":{"rendered":"https:\/\/www.myvize.com.tr\/gana\/?page_id=80"},"modified":"2022-05-07T14:03:51","modified_gmt":"2022-05-07T11:03:51","slug":"kayseri-fahri-konsoloslugu","status":"publish","type":"page","link":"https:\/\/www.myvize.com.tr\/gana\/konsolosluklar\/kayseri-fahri-konsoloslugu\/","title":{"rendered":"Gana Kayseri Fahri Konsoloslu\u011fu"},"content":{"rendered":"<h2><span style=\"font-family: Roboto; font-size: 27px;\"><b>Gana Kayseri Fahri Konsoloslu\u011fu Hakk\u0131nda<\/b><\/span><\/h2>\n<p><span style=\"font-family: Roboto; font-size: 14px;\"><strong>Gana Kayseri Fahri Konsoloslu\u011fu,<\/strong>\u00a0genelde Gana ve T\u00fcrkiye Cumhuriyeti Devleti aras\u0131ndaki ticari faaliyetleri y\u00fcr\u00fctmektedir. \u00d6zellikle Gana Kayseri Fahri Konsoloslu\u011fu\u2019nda ticari yo\u011funluk olduk\u00e7a fazlad\u0131r. \u0130ki \u00fclke aras\u0131ndaki ticari faaliyetler, Gana Kayseri Konsoloslu\u011fu taraf\u0131ndan y\u00fcr\u00fct\u00fclmektedir. Bunun yan\u0131 s\u0131ra Gana Kayseri konsolosluklar\u0131nda, Gana vatanda\u015flar\u0131n\u0131n vize i\u015flemleri yap\u0131lmaktad\u0131r. \u00d6zellikle burada, T\u00fcrkiye Cumhuriyeti s\u0131n\u0131rlar\u0131 i\u00e7erisinde ya\u015fayan Gana vatanda\u015flar\u0131 ayr\u0131ca Gana Kayseri Fahri Konsoloslu\u011fu\u2019nda do\u011fum, \u00f6l\u00fcm, noter, askerlik i\u015flemlerini de yapt\u0131rabilir. Fakat Kayseri Gana Fahri konsolosluklar\u0131nda\u00a0<strong>Gana <span style=\"color: #2acec2;\"><a style=\"color: #2acec2;\" href=\"https:\/\/www.myvize.com.tr\/gana\/vize-islemleri\/\" target=\"_blank\" rel=\"noopener\">vize i\u015flemleri<\/a><\/span><\/strong>\u00a0yap\u0131lamaz. Bunun d\u0131\u015f\u0131nda\u00a0<strong>Gana vize \u00fccretleri<\/strong>\u00a0yat\u0131r\u0131lamaz.<\/span><\/p>\n<p><span style=\"font-family: Roboto; font-size: 14px;\">Gana Kayseri Fahri Konsoloslu\u011fu,\u00a0<strong>Gana vize<\/strong>\u00a0i\u015flerinde yetki verme hakk\u0131na sahip de\u011fildir. Bu yetki tamamen Gana B\u00fcy\u00fckel\u00e7ili\u011fi\u2019nin Ankara b\u00f6lgesinde ge\u00e7erlilik g\u00f6stermektedir. Ankara Gana B\u00fcy\u00fckel\u00e7ili\u011fi\u2019ne\u00a0<span style=\"color: #2acec2;\"><strong><a style=\"color: #2acec2;\" href=\"https:\/\/www.myvize.com.tr\/gana\/vize-islemleri\/gana-vizesi\/\" target=\"_blank\" rel=\"noopener\">Gana vizesi\u00a0<\/a><\/strong><\/span>ba\u015fvurusu yap\u0131ld\u0131\u011f\u0131 taktirde vize ba\u015fvurular\u0131 7 ile 10 i\u015f g\u00fcn\u00fc i\u00e7erisinde el\u00e7ilik taraf\u0131ndan sonu\u00e7land\u0131r\u0131lmaktad\u0131r. Gana Kayseri Fahri Konsoloslu\u011fu\u2019nda <strong>Gana vatanda\u015flar\u0131<\/strong> kimlik belgesi yenileme ve \u00e7\u0131karma, pasaport \u00e7\u0131karma, pasaport yenileme, do\u011fum veya \u00f6l\u00fcm belgesi alma, evlilik c\u00fczdan\u0131 \u00e7\u0131karma ve bo\u015fanma i\u015flemlerini kolayl\u0131kla yapabilmektedir. <strong>Vize i\u015flemleri<\/strong> i\u00e7in bu merkezden yard\u0131m almak m\u00fcmk\u00fcn de\u011fildir.<\/span><\/p>\n","protected":false},"excerpt":{"rendered":"<p>Gana Kayseri Fahri Konsoloslu\u011fu Hakk\u0131nda Gana Kayseri Fahri Konsoloslu\u011fu,\u00a0genelde Gana ve T\u00fcrkiye Cumhuriyeti Devleti aras\u0131ndaki ticari faaliyetleri y\u00fcr\u00fctmektedir. \u00d6zellikle Gana Kayseri Fahri Konsoloslu\u011fu\u2019nda ticari yo\u011funluk olduk\u00e7a fazlad\u0131r. \u0130ki \u00fclke aras\u0131ndaki ticari faaliyetler, Gana Kayseri Konsoloslu\u011fu taraf\u0131ndan y\u00fcr\u00fct\u00fclmektedir. Bunun yan\u0131 s\u0131ra Gana Kayseri konsolosluklar\u0131nda, Gana vatanda\u015flar\u0131n\u0131n vize i\u015flemleri yap\u0131lmaktad\u0131r. \u00d6zellikle burada, T\u00fcrkiye Cumhuriyeti s\u0131n\u0131rlar\u0131 i\u00e7erisinde ya\u015fayan<\/p>\n","protected":false},"author":1,"featured_media":0,"parent":69,"menu_order":0,"comment_status":"open","ping_status":"closed","template":"","meta":{"footnotes":""},"class_list":["post-80","page","type-page","status-publish","hentry"],"yoast_head":"<!-- This site is optimized with the Yoast SEO plugin v24.0 - https:\/\/yoast.com\/wordpress\/plugins\/seo\/ -->\n<title>Gana Kayseri Konsoloslu\u011fu Vize \u0130\u015flemleri - MyVize<\/title>\n<meta name=\"description\" content=\"Gana Kayseri Fahri Konsoloslu\u011fu \u00e7al\u0131\u015fma saatleri. Gana Kayseri Fahri Konsoloslu\u011fu ula\u015f\u0131m, ileti\u015fim bilgileri ve faaliyet alan\u0131.\" \/>\n<meta name=\"robots\" content=\"index, follow, max-snippet:-1, max-image-preview:large, max-video-preview:-1\" \/>\n<link rel=\"canonical\" href=\"https:\/\/www.myvize.com.tr\/gana\/konsolosluklar\/kayseri-fahri-konsoloslugu\/\" \/>\n<meta property=\"og:locale\" content=\"tr_TR\" \/>\n<meta property=\"og:type\" content=\"article\" \/>\n<meta property=\"og:title\" content=\"Gana Kayseri Konsoloslu\u011fu Vize \u0130\u015flemleri - MyVize\" \/>\n<meta property=\"og:description\" content=\"Gana Kayseri Fahri Konsoloslu\u011fu \u00e7al\u0131\u015fma saatleri. Gana Kayseri Fahri Konsoloslu\u011fu ula\u015f\u0131m, ileti\u015fim bilgileri ve faaliyet alan\u0131.\" \/>\n<meta property=\"og:url\" content=\"https:\/\/www.myvize.com.tr\/gana\/konsolosluklar\/kayseri-fahri-konsoloslugu\/\" \/>\n<meta property=\"og:site_name\" content=\"Gana Vizesi\" \/>\n<meta property=\"article:modified_time\" content=\"2022-05-07T11:03:51+00:00\" \/>\n<meta name=\"twitter:card\" content=\"summary_large_image\" \/>\n<meta name=\"twitter:label1\" content=\"Tahmini okuma s\u00fcresi\" \/>\n\t<meta name=\"twitter:data1\" content=\"1 dakika\" \/>\n<script type=\"application\/ld+json\" class=\"yoast-schema-graph\">{\"@context\":\"https:\/\/schema.org\",\"@graph\":[{\"@type\":\"WebPage\",\"@id\":\"https:\/\/www.myvize.com.tr\/gana\/konsolosluklar\/kayseri-fahri-konsoloslugu\/\",\"url\":\"https:\/\/www.myvize.com.tr\/gana\/konsolosluklar\/kayseri-fahri-konsoloslugu\/\",\"name\":\"Gana Kayseri Konsoloslu\u011fu Vize \u0130\u015flemleri - MyVize\",\"isPartOf\":{\"@id\":\"https:\/\/www.myvize.com.tr\/gana\/#website\"},\"datePublished\":\"2020-11-30T10:04:17+00:00\",\"dateModified\":\"2022-05-07T11:03:51+00:00\",\"description\":\"Gana Kayseri Fahri Konsoloslu\u011fu \u00e7al\u0131\u015fma saatleri. Gana Kayseri Fahri Konsoloslu\u011fu ula\u015f\u0131m, ileti\u015fim bilgileri ve faaliyet alan\u0131.\",\"breadcrumb\":{\"@id\":\"https:\/\/www.myvize.com.tr\/gana\/konsolosluklar\/kayseri-fahri-konsoloslugu\/#breadcrumb\"},\"inLanguage\":\"tr\",\"potentialAction\":[{\"@type\":\"ReadAction\",\"target\":[\"https:\/\/www.myvize.com.tr\/gana\/konsolosluklar\/kayseri-fahri-konsoloslugu\/\"]}]},{\"@type\":\"BreadcrumbList\",\"@id\":\"https:\/\/www.myvize.com.tr\/gana\/konsolosluklar\/kayseri-fahri-konsoloslugu\/#breadcrumb\",\"itemListElement\":[{\"@type\":\"ListItem\",\"position\":1,\"name\":\"Anasayfa\",\"item\":\"https:\/\/www.myvize.com.tr\/gana\/\"},{\"@type\":\"ListItem\",\"position\":2,\"name\":\"KONSOLOSLUKLAR\",\"item\":\"https:\/\/www.myvize.com.tr\/gana\/konsolosluklar\/\"},{\"@type\":\"ListItem\",\"position\":3,\"name\":\"Gana Kayseri Fahri Konsoloslu\u011fu\"}]},{\"@type\":\"WebSite\",\"@id\":\"https:\/\/www.myvize.com.tr\/gana\/#website\",\"url\":\"https:\/\/www.myvize.com.tr\/gana\/\",\"name\":\"Gana Vizesi\",\"description\":\"\",\"potentialAction\":[{\"@type\":\"SearchAction\",\"target\":{\"@type\":\"EntryPoint\",\"urlTemplate\":\"https:\/\/www.myvize.com.tr\/gana\/?s={search_term_string}\"},\"query-input\":{\"@type\":\"PropertyValueSpecification\",\"valueRequired\":true,\"valueName\":\"search_term_string\"}}],\"inLanguage\":\"tr\"}]}<\/script>\n<!-- \/ Yoast SEO plugin. -->","yoast_head_json":{"title":"Gana Kayseri Konsoloslu\u011fu Vize \u0130\u015flemleri - MyVize","description":"Gana Kayseri Fahri Konsoloslu\u011fu \u00e7al\u0131\u015fma saatleri. Gana Kayseri Fahri Konsoloslu\u011fu ula\u015f\u0131m, ileti\u015fim bilgileri ve faaliyet alan\u0131.","robots":{"index":"index","follow":"follow","max-snippet":"max-snippet:-1","max-image-preview":"max-image-preview:large","max-video-preview":"max-video-preview:-1"},"canonical":"https:\/\/www.myvize.com.tr\/gana\/konsolosluklar\/kayseri-fahri-konsoloslugu\/","og_locale":"tr_TR","og_type":"article","og_title":"Gana Kayseri Konsoloslu\u011fu Vize \u0130\u015flemleri - MyVize","og_description":"Gana Kayseri Fahri Konsoloslu\u011fu \u00e7al\u0131\u015fma saatleri. Gana Kayseri Fahri Konsoloslu\u011fu ula\u015f\u0131m, ileti\u015fim bilgileri ve faaliyet alan\u0131.","og_url":"https:\/\/www.myvize.com.tr\/gana\/konsolosluklar\/kayseri-fahri-konsoloslugu\/","og_site_name":"Gana Vizesi","article_modified_time":"2022-05-07T11:03:51+00:00","twitter_card":"summary_large_image","twitter_misc":{"Tahmini okuma s\u00fcresi":"1 dakika"},"schema":{"@context":"https:\/\/schema.org","@graph":[{"@type":"WebPage","@id":"https:\/\/www.myvize.com.tr\/gana\/konsolosluklar\/kayseri-fahri-konsoloslugu\/","url":"https:\/\/www.myvize.com.tr\/gana\/konsolosluklar\/kayseri-fahri-konsoloslugu\/","name":"Gana Kayseri Konsoloslu\u011fu Vize \u0130\u015flemleri - MyVize","isPartOf":{"@id":"https:\/\/www.myvize.com.tr\/gana\/#website"},"datePublished":"2020-11-30T10:04:17+00:00","dateModified":"2022-05-07T11:03:51+00:00","description":"Gana Kayseri Fahri Konsoloslu\u011fu \u00e7al\u0131\u015fma saatleri. Gana Kayseri Fahri Konsoloslu\u011fu ula\u015f\u0131m, ileti\u015fim bilgileri ve faaliyet alan\u0131.","breadcrumb":{"@id":"https:\/\/www.myvize.com.tr\/gana\/konsolosluklar\/kayseri-fahri-konsoloslugu\/#breadcrumb"},"inLanguage":"tr","potentialAction":[{"@type":"ReadAction","target":["https:\/\/www.myvize.com.tr\/gana\/konsolosluklar\/kayseri-fahri-konsoloslugu\/"]}]},{"@type":"BreadcrumbList","@id":"https:\/\/www.myvize.com.tr\/gana\/konsolosluklar\/kayseri-fahri-konsoloslugu\/#breadcrumb","itemListElement":[{"@type":"ListItem","position":1,"name":"Anasayfa","item":"https:\/\/www.myvize.com.tr\/gana\/"},{"@type":"ListItem","position":2,"name":"KONSOLOSLUKLAR","item":"https:\/\/www.myvize.com.tr\/gana\/konsolosluklar\/"},{"@type":"ListItem","position":3,"name":"Gana Kayseri Fahri Konsoloslu\u011fu"}]},{"@type":"WebSite","@id":"https:\/\/www.myvize.com.tr\/gana\/#website","url":"https:\/\/www.myvize.com.tr\/gana\/","name":"Gana Vizesi","description":"","potentialAction":[{"@type":"SearchAction","target":{"@type":"EntryPoint","urlTemplate":"https:\/\/www.myvize.com.tr\/gana\/?s={search_term_string}"},"query-input":{"@type":"PropertyValueSpecification","valueRequired":true,"valueName":"search_term_string"}}],"inLanguage":"tr"}]}},"_links":{"self":[{"href":"https:\/\/www.myvize.com.tr\/gana\/wp-json\/wp\/v2\/pages\/80","targetHints":{"allow":["GET"]}}],"collection":[{"href":"https:\/\/www.myvize.com.tr\/gana\/wp-json\/wp\/v2\/pages"}],"about":[{"href":"https:\/\/www.myvize.com.tr\/gana\/wp-json\/wp\/v2\/types\/page"}],"author":[{"embeddable":true,"href":"https:\/\/www.myvize.com.tr\/gana\/wp-json\/wp\/v2\/users\/1"}],"replies":[{"embeddable":true,"href":"https:\/\/www.myvize.com.tr\/gana\/wp-json\/wp\/v2\/comments?post=80"}],"version-history":[{"count":5,"href":"https:\/\/www.myvize.com.tr\/gana\/wp-json\/wp\/v2\/pages\/80\/revisions"}],"predecessor-version":[{"id":711,"href":"https:\/\/www.myvize.com.tr\/gana\/wp-json\/wp\/v2\/pages\/80\/revisions\/711"}],"up":[{"embeddable":true,"href":"https:\/\/www.myvize.com.tr\/gana\/wp-json\/wp\/v2\/pages\/69"}],"wp:attachment":[{"href":"https:\/\/www.myvize.com.tr\/gana\/wp-json\/wp\/v2\/media?parent=80"}],"curies":[{"name":"wp","href":"https:\/\/api.w.org\/{rel}","templated":true}]}}