{"id":82,"date":"2020-11-30T13:04:43","date_gmt":"2020-11-30T10:04:43","guid":{"rendered":"https:\/\/www.myvize.com.tr\/gana\/?page_id=82"},"modified":"2022-05-07T14:04:30","modified_gmt":"2022-05-07T11:04:30","slug":"bursa-fahri-konsoloslugu","status":"publish","type":"page","link":"https:\/\/www.myvize.com.tr\/gana\/konsolosluklar\/bursa-fahri-konsoloslugu\/","title":{"rendered":"Gana Bursa Fahri Konsoloslu\u011fu"},"content":{"rendered":"<h2><span style=\"font-size: 27px; font-family: Roboto;\"><b>Gana Bursa Fahri Ba\u015fkonsoloslu\u011fu Hakk\u0131nda<\/b><\/span><\/h2>\n<p><span style=\"font-family: Roboto; font-size: 14px;\">Bursa ve \u00e7evre illerinde ya\u015fayan T\u00fcrk vatanda\u015flar\u0131,\u00a0<strong>Gana <span style=\"color: #2acec2;\"><a style=\"color: #2acec2;\" href=\"https:\/\/www.myvize.com.tr\/gana\/vize-islemleri\/gana-vatandaslik-islemleri\/\" target=\"_blank\" rel=\"noopener\">vize i\u015flemleri<\/a><\/span><\/strong>\u00a0i\u00e7in T\u00fcrkiye\u2019de ikamet eden Gana vatanda\u015flar\u0131 ise konsolosluk i\u015flemleri i\u00e7in Gana Bursa Fahri Konsoloslu\u011fu\u2019na rahatl\u0131kla ba\u015fvuru yapabilirler. Randevu i\u015flemleri s\u0131ras\u0131nda Gana Bursa Fahri Ba\u015fkonsoloslu\u011fu\u2019nda resmi tatillerde ya da \u00f6zel durumlarda, randevu tarihlerinde gecikme ve yo\u011funla\u015fma meydana gelebilmektedir.<\/span><\/p>\n<p><span style=\"font-family: Roboto; font-size: 14px;\">B\u00f6yle durumlarda\u00a0<strong>Gana Bursa Fahri Ba\u015fkonsoloslu\u011fu<\/strong>\u00a0dan\u0131\u015fmanlar\u0131, vize ba\u015fvuru\u015funsa bulunan vatanda\u015flarla ileti\u015fime ge\u00e7erek randevu g\u00fcnlerini ileri tarihlere alabilmektedir.<\/span><\/p>\n<p><span style=\"font-family: Roboto; font-size: 14px;\">Genellikle Gana Bursa Fahri Ba\u015fkonsoloslu\u011fu<strong>\u00a0Gana<\/strong>\u00a0<strong>vize i\u015flemleri<\/strong>\u00a01 ile 7 i\u015f g\u00fcn\u00fc i\u00e7erisinde randevu vermektedir.\u00a0<span style=\"color: #2acec2;\"><strong><a style=\"color: #2acec2;\" href=\"https:\/\/www.myvize.com.tr\/gana\/vize-islemleri\/gana-vizesi\/\" target=\"_blank\" rel=\"noopener\">Gana vizesi<\/a><\/strong><\/span>\u00a0i\u015flemleri ba\u015fvuru yapacak ki\u015finin, kendisine en uygun saati ve tarihi se\u00e7mesi gerekmektedir. Randevu tarihinde Gana Bursa Fahri Konsoloslu\u011fu\u2019na gelemeyecek olan ki\u015filer mutlaka \u00f6nceden haber vermelidir. Gana Bursa Fahri Ba\u015fkonsoloslu\u011fu <strong>vize i\u015flemleri<\/strong> esnas\u0131nda ba\u015fvuru yapan vatanda\u015ftan birtak\u0131m evraklar istemektedir. Bu evraklar vize ba\u015fvurusu d\u0131\u015f\u0131nda istenen evraklar olmaktad\u0131r.<\/span><\/p>\n<ul>\n<li><span style=\"font-family: Roboto; font-size: 14px;\">Ki\u015finin tam vukuatl\u0131 n\u00fcfus kay\u0131t \u00f6rne\u011fi<\/span><\/li>\n<li><span style=\"font-family: Roboto; font-size: 14px;\">Rezervasyon bilgilerini<\/span><\/li>\n<li><span style=\"font-family: Roboto; font-size: 14px;\">Vize talep i\u00e7in dilek\u00e7esi<\/span><\/li>\n<li><span style=\"font-family: Roboto; font-size: 14px;\">Konaklama bilgileri<\/span><\/li>\n<\/ul>\n<p><span style=\"font-family: Roboto; font-size: 14px;\">Gibi belgeler istenmektedir. Bu belgeler randevuya gidilece\u011fi zaman muhakkak haz\u0131r olmal\u0131d\u0131r.\u00a0<strong>Gana vizesi\u00a0<\/strong>ba\u015fvuru formu eksiksiz olarak doldurulmal\u0131 ve ba\u015fvuru esnas\u0131nda ibraz edilmelidir. Ayr\u0131ca\u00a0<span style=\"color: #2acec2;\"><strong><a style=\"color: #2acec2;\" href=\"https:\/\/www.myvize.com.tr\/gana\/gana-vize-ucreti\/\" target=\"_blank\" rel=\"noopener\">Gana vize \u00fccreti<\/a><\/strong><\/span>\u00a0seyahatlerin yap\u0131l\u0131\u015f amac\u0131na ve t\u00fcr\u00fcne g\u00f6re de\u011fi\u015fiklik g\u00f6stermektedir.<\/span><\/p>\n","protected":false},"excerpt":{"rendered":"<p>Gana Bursa Fahri Ba\u015fkonsoloslu\u011fu Hakk\u0131nda Bursa ve \u00e7evre illerinde ya\u015fayan T\u00fcrk vatanda\u015flar\u0131,\u00a0Gana vize i\u015flemleri\u00a0i\u00e7in T\u00fcrkiye\u2019de ikamet eden Gana vatanda\u015flar\u0131 ise konsolosluk i\u015flemleri i\u00e7in Gana Bursa Fahri Konsoloslu\u011fu\u2019na rahatl\u0131kla ba\u015fvuru yapabilirler. Randevu i\u015flemleri s\u0131ras\u0131nda Gana Bursa Fahri Ba\u015fkonsoloslu\u011fu\u2019nda resmi tatillerde ya da \u00f6zel durumlarda, randevu tarihlerinde gecikme ve yo\u011funla\u015fma meydana gelebilmektedir. B\u00f6yle durumlarda\u00a0Gana Bursa Fahri Ba\u015fkonsoloslu\u011fu\u00a0dan\u0131\u015fmanlar\u0131,<\/p>\n","protected":false},"author":1,"featured_media":0,"parent":69,"menu_order":0,"comment_status":"open","ping_status":"closed","template":"","meta":{"footnotes":""},"class_list":["post-82","page","type-page","status-publish","hentry"],"yoast_head":"<!-- This site is optimized with the Yoast SEO plugin v24.0 - https:\/\/yoast.com\/wordpress\/plugins\/seo\/ -->\n<title>Gana Bursa Fahri Konsoloslu\u011fu Vize \u0130\u015flemleri - MyVize<\/title>\n<meta name=\"description\" content=\"Gana Bursa Fahri Konsoloslu\u011fu \u00e7al\u0131\u015fma saatleri. Gana Bursa Fahri Konsoloslu\u011fu ula\u015f\u0131m, ileti\u015fim bilgileri ve faaliyet alan\u0131.\" \/>\n<meta name=\"robots\" content=\"index, follow, max-snippet:-1, max-image-preview:large, max-video-preview:-1\" \/>\n<link rel=\"canonical\" href=\"https:\/\/www.myvize.com.tr\/gana\/konsolosluklar\/bursa-fahri-konsoloslugu\/\" \/>\n<meta property=\"og:locale\" content=\"tr_TR\" \/>\n<meta property=\"og:type\" content=\"article\" \/>\n<meta property=\"og:title\" content=\"Gana Bursa Fahri Konsoloslu\u011fu Vize \u0130\u015flemleri - MyVize\" \/>\n<meta property=\"og:description\" content=\"Gana Bursa Fahri Konsoloslu\u011fu \u00e7al\u0131\u015fma saatleri. Gana Bursa Fahri Konsoloslu\u011fu ula\u015f\u0131m, ileti\u015fim bilgileri ve faaliyet alan\u0131.\" \/>\n<meta property=\"og:url\" content=\"https:\/\/www.myvize.com.tr\/gana\/konsolosluklar\/bursa-fahri-konsoloslugu\/\" \/>\n<meta property=\"og:site_name\" content=\"Gana Vizesi\" \/>\n<meta property=\"article:modified_time\" content=\"2022-05-07T11:04:30+00:00\" \/>\n<meta name=\"twitter:card\" content=\"summary_large_image\" \/>\n<meta name=\"twitter:label1\" content=\"Tahmini okuma s\u00fcresi\" \/>\n\t<meta name=\"twitter:data1\" content=\"1 dakika\" \/>\n<script type=\"application\/ld+json\" class=\"yoast-schema-graph\">{\"@context\":\"https:\/\/schema.org\",\"@graph\":[{\"@type\":\"WebPage\",\"@id\":\"https:\/\/www.myvize.com.tr\/gana\/konsolosluklar\/bursa-fahri-konsoloslugu\/\",\"url\":\"https:\/\/www.myvize.com.tr\/gana\/konsolosluklar\/bursa-fahri-konsoloslugu\/\",\"name\":\"Gana Bursa Fahri Konsoloslu\u011fu Vize \u0130\u015flemleri - MyVize\",\"isPartOf\":{\"@id\":\"https:\/\/www.myvize.com.tr\/gana\/#website\"},\"datePublished\":\"2020-11-30T10:04:43+00:00\",\"dateModified\":\"2022-05-07T11:04:30+00:00\",\"description\":\"Gana Bursa Fahri Konsoloslu\u011fu \u00e7al\u0131\u015fma saatleri. Gana Bursa Fahri Konsoloslu\u011fu ula\u015f\u0131m, ileti\u015fim bilgileri ve faaliyet alan\u0131.\",\"breadcrumb\":{\"@id\":\"https:\/\/www.myvize.com.tr\/gana\/konsolosluklar\/bursa-fahri-konsoloslugu\/#breadcrumb\"},\"inLanguage\":\"tr\",\"potentialAction\":[{\"@type\":\"ReadAction\",\"target\":[\"https:\/\/www.myvize.com.tr\/gana\/konsolosluklar\/bursa-fahri-konsoloslugu\/\"]}]},{\"@type\":\"BreadcrumbList\",\"@id\":\"https:\/\/www.myvize.com.tr\/gana\/konsolosluklar\/bursa-fahri-konsoloslugu\/#breadcrumb\",\"itemListElement\":[{\"@type\":\"ListItem\",\"position\":1,\"name\":\"Anasayfa\",\"item\":\"https:\/\/www.myvize.com.tr\/gana\/\"},{\"@type\":\"ListItem\",\"position\":2,\"name\":\"KONSOLOSLUKLAR\",\"item\":\"https:\/\/www.myvize.com.tr\/gana\/konsolosluklar\/\"},{\"@type\":\"ListItem\",\"position\":3,\"name\":\"Gana Bursa Fahri Konsoloslu\u011fu\"}]},{\"@type\":\"WebSite\",\"@id\":\"https:\/\/www.myvize.com.tr\/gana\/#website\",\"url\":\"https:\/\/www.myvize.com.tr\/gana\/\",\"name\":\"Gana Vizesi\",\"description\":\"\",\"potentialAction\":[{\"@type\":\"SearchAction\",\"target\":{\"@type\":\"EntryPoint\",\"urlTemplate\":\"https:\/\/www.myvize.com.tr\/gana\/?s={search_term_string}\"},\"query-input\":{\"@type\":\"PropertyValueSpecification\",\"valueRequired\":true,\"valueName\":\"search_term_string\"}}],\"inLanguage\":\"tr\"}]}<\/script>\n<!-- \/ Yoast SEO plugin. -->","yoast_head_json":{"title":"Gana Bursa Fahri Konsoloslu\u011fu Vize \u0130\u015flemleri - MyVize","description":"Gana Bursa Fahri Konsoloslu\u011fu \u00e7al\u0131\u015fma saatleri. Gana Bursa Fahri Konsoloslu\u011fu ula\u015f\u0131m, ileti\u015fim bilgileri ve faaliyet alan\u0131.","robots":{"index":"index","follow":"follow","max-snippet":"max-snippet:-1","max-image-preview":"max-image-preview:large","max-video-preview":"max-video-preview:-1"},"canonical":"https:\/\/www.myvize.com.tr\/gana\/konsolosluklar\/bursa-fahri-konsoloslugu\/","og_locale":"tr_TR","og_type":"article","og_title":"Gana Bursa Fahri Konsoloslu\u011fu Vize \u0130\u015flemleri - MyVize","og_description":"Gana Bursa Fahri Konsoloslu\u011fu \u00e7al\u0131\u015fma saatleri. Gana Bursa Fahri Konsoloslu\u011fu ula\u015f\u0131m, ileti\u015fim bilgileri ve faaliyet alan\u0131.","og_url":"https:\/\/www.myvize.com.tr\/gana\/konsolosluklar\/bursa-fahri-konsoloslugu\/","og_site_name":"Gana Vizesi","article_modified_time":"2022-05-07T11:04:30+00:00","twitter_card":"summary_large_image","twitter_misc":{"Tahmini okuma s\u00fcresi":"1 dakika"},"schema":{"@context":"https:\/\/schema.org","@graph":[{"@type":"WebPage","@id":"https:\/\/www.myvize.com.tr\/gana\/konsolosluklar\/bursa-fahri-konsoloslugu\/","url":"https:\/\/www.myvize.com.tr\/gana\/konsolosluklar\/bursa-fahri-konsoloslugu\/","name":"Gana Bursa Fahri Konsoloslu\u011fu Vize \u0130\u015flemleri - MyVize","isPartOf":{"@id":"https:\/\/www.myvize.com.tr\/gana\/#website"},"datePublished":"2020-11-30T10:04:43+00:00","dateModified":"2022-05-07T11:04:30+00:00","description":"Gana Bursa Fahri Konsoloslu\u011fu \u00e7al\u0131\u015fma saatleri. Gana Bursa Fahri Konsoloslu\u011fu ula\u015f\u0131m, ileti\u015fim bilgileri ve faaliyet alan\u0131.","breadcrumb":{"@id":"https:\/\/www.myvize.com.tr\/gana\/konsolosluklar\/bursa-fahri-konsoloslugu\/#breadcrumb"},"inLanguage":"tr","potentialAction":[{"@type":"ReadAction","target":["https:\/\/www.myvize.com.tr\/gana\/konsolosluklar\/bursa-fahri-konsoloslugu\/"]}]},{"@type":"BreadcrumbList","@id":"https:\/\/www.myvize.com.tr\/gana\/konsolosluklar\/bursa-fahri-konsoloslugu\/#breadcrumb","itemListElement":[{"@type":"ListItem","position":1,"name":"Anasayfa","item":"https:\/\/www.myvize.com.tr\/gana\/"},{"@type":"ListItem","position":2,"name":"KONSOLOSLUKLAR","item":"https:\/\/www.myvize.com.tr\/gana\/konsolosluklar\/"},{"@type":"ListItem","position":3,"name":"Gana Bursa Fahri Konsoloslu\u011fu"}]},{"@type":"WebSite","@id":"https:\/\/www.myvize.com.tr\/gana\/#website","url":"https:\/\/www.myvize.com.tr\/gana\/","name":"Gana Vizesi","description":"","potentialAction":[{"@type":"SearchAction","target":{"@type":"EntryPoint","urlTemplate":"https:\/\/www.myvize.com.tr\/gana\/?s={search_term_string}"},"query-input":{"@type":"PropertyValueSpecification","valueRequired":true,"valueName":"search_term_string"}}],"inLanguage":"tr"}]}},"_links":{"self":[{"href":"https:\/\/www.myvize.com.tr\/gana\/wp-json\/wp\/v2\/pages\/82","targetHints":{"allow":["GET"]}}],"collection":[{"href":"https:\/\/www.myvize.com.tr\/gana\/wp-json\/wp\/v2\/pages"}],"about":[{"href":"https:\/\/www.myvize.com.tr\/gana\/wp-json\/wp\/v2\/types\/page"}],"author":[{"embeddable":true,"href":"https:\/\/www.myvize.com.tr\/gana\/wp-json\/wp\/v2\/users\/1"}],"replies":[{"embeddable":true,"href":"https:\/\/www.myvize.com.tr\/gana\/wp-json\/wp\/v2\/comments?post=82"}],"version-history":[{"count":5,"href":"https:\/\/www.myvize.com.tr\/gana\/wp-json\/wp\/v2\/pages\/82\/revisions"}],"predecessor-version":[{"id":712,"href":"https:\/\/www.myvize.com.tr\/gana\/wp-json\/wp\/v2\/pages\/82\/revisions\/712"}],"up":[{"embeddable":true,"href":"https:\/\/www.myvize.com.tr\/gana\/wp-json\/wp\/v2\/pages\/69"}],"wp:attachment":[{"href":"https:\/\/www.myvize.com.tr\/gana\/wp-json\/wp\/v2\/media?parent=82"}],"curies":[{"name":"wp","href":"https:\/\/api.w.org\/{rel}","templated":true}]}}