{"id":84,"date":"2020-11-30T13:05:08","date_gmt":"2020-11-30T10:05:08","guid":{"rendered":"https:\/\/www.myvize.com.tr\/gana\/?page_id=84"},"modified":"2022-05-07T14:05:02","modified_gmt":"2022-05-07T11:05:02","slug":"trabzon-fahri-konsoloslugu","status":"publish","type":"page","link":"https:\/\/www.myvize.com.tr\/gana\/konsolosluklar\/trabzon-fahri-konsoloslugu\/","title":{"rendered":"Gana Trabzon Fahri Konsoloslu\u011fu"},"content":{"rendered":"<h2><span style=\"font-family: Roboto; font-size: 27px;\"><b>Gana Trabzon Fahri Konsolosluk<\/b><\/span><\/h2>\n<p><span style=\"font-family: Roboto; font-size: 14px;\">T\u00fcrkiye\u2019de ikamet eden Gana vatanda\u015flar\u0131,\u00a0<strong>Gana <span style=\"color: #2acec2;\"><a style=\"color: #2acec2;\" href=\"https:\/\/www.myvize.com.tr\/gana\/vize-islemleri\/\" target=\"_blank\" rel=\"noopener\">vize i\u015flemleri<\/a><\/span><\/strong>\u00a0ba\u015fvurular\u0131n\u0131 rahatl\u0131kla Gana Trabzon Fahri Konsolosluk \u2019ta yapabilirler. Gana vatanda\u015flar\u0131 \u00f6zellikle vize i\u015flemlerini yaparken ilk ad\u0131m olarak <strong>Gana vize<\/strong> ba\u015fvuru formunu doldurmal\u0131d\u0131r. Ba\u015fvuru sahipleri taraf\u0131ndan doldurulan form eksiksiz ve do\u011fru bir \u015fekilde tamamlanmal\u0131d\u0131r. Gana Trabzon Fahri Konsolosluk \u2019ta vize i\u015flemlerinin d\u0131\u015f\u0131nda ayr\u0131ca askerlik, noterlik, do\u011fum, \u00f6l\u00fcm belgesi alma ve bo\u015fanma i\u015flemleri yap\u0131lmaktad\u0131r. \u0130\u015flemler tamamland\u0131ktan sonra konsoloslu\u011fun talep etmi\u015f oldu\u011fu evraklar, kargo yoluyla taraf\u0131n\u0131za ula\u015ft\u0131r\u0131lmaktad\u0131r. <strong>Gana Trabzon Fahri Konsolosluk<\/strong>\u00a0taraf\u0131ndan istenen\u00a0<strong><span style=\"color: #2acec2;\"><a style=\"color: #2acec2;\" href=\"https:\/\/www.myvize.com.tr\/gana\/gana-vize-ucreti\/\" target=\"_blank\" rel=\"noopener\">Gana vize \u00fccreti<\/a><\/span>,<\/strong>\u00a0genellikle seyahatinizin yap\u0131l\u0131\u015f amac\u0131na ve t\u00fcr\u00fcne g\u00f6re farkl\u0131l\u0131k g\u00f6stermektedir. Bundan dolay\u0131 vize ba\u015fvurusu s\u0131ras\u0131nda seyahat amac\u0131 net bir \u015fekilde belirtilmelidir.<\/span><\/p>\n<p><span style=\"font-family: Roboto; font-size: 14px;\">Unutulmamal\u0131d\u0131r ki;\u00a0<span style=\"color: #2acec2;\"><a style=\"color: #2acec2;\" href=\"https:\/\/www.myvize.com.tr\/gana\/vize-islemleri\/gana-vizesi\/\" target=\"_blank\" rel=\"noopener\"><strong>Gana vizesi<\/strong>\u00a0<\/a><\/span>i\u015flemlerinde en \u00f6nemli evrak vize ba\u015fvuru formudur. Gana vize ba\u015fvuru formunda bilgiler eksik veya yanl\u0131\u015f yaz\u0131l\u0131rsa, <strong>Gana Trabzon Fahri Konsolosluk<\/strong> taraf\u0131ndan vize i\u015flemleriniz iptal edilir. Gana vize formu b\u00fcy\u00fck harflerle \u0130ngilizce olarak doldurulmal\u0131d\u0131r. Gana Trabzon Fahri Konsoloslu\u011fu\u2019na yapaca\u011f\u0131n\u0131z\u00a0<strong>Gana vize<\/strong>\u00a0ba\u015fvurular\u0131nda, Gana seyahatinizin amac\u0131n\u0131 ve \u015fartlar\u0131n\u0131z\u0131 ifade etmi\u015f oldu\u011funuz vize talep dilek\u00e7esini sunman\u0131z zorunlu olmaktad\u0131r.<\/span><\/p>\n","protected":false},"excerpt":{"rendered":"<p>Gana Trabzon Fahri Konsolosluk T\u00fcrkiye\u2019de ikamet eden Gana vatanda\u015flar\u0131,\u00a0Gana vize i\u015flemleri\u00a0ba\u015fvurular\u0131n\u0131 rahatl\u0131kla Gana Trabzon Fahri Konsolosluk \u2019ta yapabilirler. Gana vatanda\u015flar\u0131 \u00f6zellikle vize i\u015flemlerini yaparken ilk ad\u0131m olarak Gana vize ba\u015fvuru formunu doldurmal\u0131d\u0131r. Ba\u015fvuru sahipleri taraf\u0131ndan doldurulan form eksiksiz ve do\u011fru bir \u015fekilde tamamlanmal\u0131d\u0131r. Gana Trabzon Fahri Konsolosluk \u2019ta vize i\u015flemlerinin d\u0131\u015f\u0131nda ayr\u0131ca askerlik, noterlik, do\u011fum,<\/p>\n","protected":false},"author":1,"featured_media":0,"parent":69,"menu_order":0,"comment_status":"open","ping_status":"closed","template":"","meta":{"footnotes":""},"class_list":["post-84","page","type-page","status-publish","hentry"],"yoast_head":"<!-- This site is optimized with the Yoast SEO plugin v24.0 - https:\/\/yoast.com\/wordpress\/plugins\/seo\/ -->\n<title>Gana Trabzon Konsoloslu\u011fu Vize \u0130\u015flemleri - MyVize<\/title>\n<meta name=\"description\" content=\"Gana Trabzon Fahri Konsoloslu\u011fu \u00e7al\u0131\u015fma saatleri. Gana Trabzon Fahri Konsoloslu\u011fu ula\u015f\u0131m, ileti\u015fim bilgileri ve faaliyet alan\u0131.\" \/>\n<meta name=\"robots\" content=\"index, follow, max-snippet:-1, max-image-preview:large, max-video-preview:-1\" \/>\n<link rel=\"canonical\" href=\"https:\/\/www.myvize.com.tr\/gana\/konsolosluklar\/trabzon-fahri-konsoloslugu\/\" \/>\n<meta property=\"og:locale\" content=\"tr_TR\" \/>\n<meta property=\"og:type\" content=\"article\" \/>\n<meta property=\"og:title\" content=\"Gana Trabzon Konsoloslu\u011fu Vize \u0130\u015flemleri - MyVize\" \/>\n<meta property=\"og:description\" content=\"Gana Trabzon Fahri Konsoloslu\u011fu \u00e7al\u0131\u015fma saatleri. Gana Trabzon Fahri Konsoloslu\u011fu ula\u015f\u0131m, ileti\u015fim bilgileri ve faaliyet alan\u0131.\" \/>\n<meta property=\"og:url\" content=\"https:\/\/www.myvize.com.tr\/gana\/konsolosluklar\/trabzon-fahri-konsoloslugu\/\" \/>\n<meta property=\"og:site_name\" content=\"Gana Vizesi\" \/>\n<meta property=\"article:modified_time\" content=\"2022-05-07T11:05:02+00:00\" \/>\n<meta name=\"twitter:card\" content=\"summary_large_image\" \/>\n<meta name=\"twitter:label1\" content=\"Tahmini okuma s\u00fcresi\" \/>\n\t<meta name=\"twitter:data1\" content=\"1 dakika\" \/>\n<script type=\"application\/ld+json\" class=\"yoast-schema-graph\">{\"@context\":\"https:\/\/schema.org\",\"@graph\":[{\"@type\":\"WebPage\",\"@id\":\"https:\/\/www.myvize.com.tr\/gana\/konsolosluklar\/trabzon-fahri-konsoloslugu\/\",\"url\":\"https:\/\/www.myvize.com.tr\/gana\/konsolosluklar\/trabzon-fahri-konsoloslugu\/\",\"name\":\"Gana Trabzon Konsoloslu\u011fu Vize \u0130\u015flemleri - MyVize\",\"isPartOf\":{\"@id\":\"https:\/\/www.myvize.com.tr\/gana\/#website\"},\"datePublished\":\"2020-11-30T10:05:08+00:00\",\"dateModified\":\"2022-05-07T11:05:02+00:00\",\"description\":\"Gana Trabzon Fahri Konsoloslu\u011fu \u00e7al\u0131\u015fma saatleri. Gana Trabzon Fahri Konsoloslu\u011fu ula\u015f\u0131m, ileti\u015fim bilgileri ve faaliyet alan\u0131.\",\"breadcrumb\":{\"@id\":\"https:\/\/www.myvize.com.tr\/gana\/konsolosluklar\/trabzon-fahri-konsoloslugu\/#breadcrumb\"},\"inLanguage\":\"tr\",\"potentialAction\":[{\"@type\":\"ReadAction\",\"target\":[\"https:\/\/www.myvize.com.tr\/gana\/konsolosluklar\/trabzon-fahri-konsoloslugu\/\"]}]},{\"@type\":\"BreadcrumbList\",\"@id\":\"https:\/\/www.myvize.com.tr\/gana\/konsolosluklar\/trabzon-fahri-konsoloslugu\/#breadcrumb\",\"itemListElement\":[{\"@type\":\"ListItem\",\"position\":1,\"name\":\"Anasayfa\",\"item\":\"https:\/\/www.myvize.com.tr\/gana\/\"},{\"@type\":\"ListItem\",\"position\":2,\"name\":\"KONSOLOSLUKLAR\",\"item\":\"https:\/\/www.myvize.com.tr\/gana\/konsolosluklar\/\"},{\"@type\":\"ListItem\",\"position\":3,\"name\":\"Gana Trabzon Fahri Konsoloslu\u011fu\"}]},{\"@type\":\"WebSite\",\"@id\":\"https:\/\/www.myvize.com.tr\/gana\/#website\",\"url\":\"https:\/\/www.myvize.com.tr\/gana\/\",\"name\":\"Gana Vizesi\",\"description\":\"\",\"potentialAction\":[{\"@type\":\"SearchAction\",\"target\":{\"@type\":\"EntryPoint\",\"urlTemplate\":\"https:\/\/www.myvize.com.tr\/gana\/?s={search_term_string}\"},\"query-input\":{\"@type\":\"PropertyValueSpecification\",\"valueRequired\":true,\"valueName\":\"search_term_string\"}}],\"inLanguage\":\"tr\"}]}<\/script>\n<!-- \/ Yoast SEO plugin. -->","yoast_head_json":{"title":"Gana Trabzon Konsoloslu\u011fu Vize \u0130\u015flemleri - MyVize","description":"Gana Trabzon Fahri Konsoloslu\u011fu \u00e7al\u0131\u015fma saatleri. Gana Trabzon Fahri Konsoloslu\u011fu ula\u015f\u0131m, ileti\u015fim bilgileri ve faaliyet alan\u0131.","robots":{"index":"index","follow":"follow","max-snippet":"max-snippet:-1","max-image-preview":"max-image-preview:large","max-video-preview":"max-video-preview:-1"},"canonical":"https:\/\/www.myvize.com.tr\/gana\/konsolosluklar\/trabzon-fahri-konsoloslugu\/","og_locale":"tr_TR","og_type":"article","og_title":"Gana Trabzon Konsoloslu\u011fu Vize \u0130\u015flemleri - MyVize","og_description":"Gana Trabzon Fahri Konsoloslu\u011fu \u00e7al\u0131\u015fma saatleri. Gana Trabzon Fahri Konsoloslu\u011fu ula\u015f\u0131m, ileti\u015fim bilgileri ve faaliyet alan\u0131.","og_url":"https:\/\/www.myvize.com.tr\/gana\/konsolosluklar\/trabzon-fahri-konsoloslugu\/","og_site_name":"Gana Vizesi","article_modified_time":"2022-05-07T11:05:02+00:00","twitter_card":"summary_large_image","twitter_misc":{"Tahmini okuma s\u00fcresi":"1 dakika"},"schema":{"@context":"https:\/\/schema.org","@graph":[{"@type":"WebPage","@id":"https:\/\/www.myvize.com.tr\/gana\/konsolosluklar\/trabzon-fahri-konsoloslugu\/","url":"https:\/\/www.myvize.com.tr\/gana\/konsolosluklar\/trabzon-fahri-konsoloslugu\/","name":"Gana Trabzon Konsoloslu\u011fu Vize \u0130\u015flemleri - MyVize","isPartOf":{"@id":"https:\/\/www.myvize.com.tr\/gana\/#website"},"datePublished":"2020-11-30T10:05:08+00:00","dateModified":"2022-05-07T11:05:02+00:00","description":"Gana Trabzon Fahri Konsoloslu\u011fu \u00e7al\u0131\u015fma saatleri. Gana Trabzon Fahri Konsoloslu\u011fu ula\u015f\u0131m, ileti\u015fim bilgileri ve faaliyet alan\u0131.","breadcrumb":{"@id":"https:\/\/www.myvize.com.tr\/gana\/konsolosluklar\/trabzon-fahri-konsoloslugu\/#breadcrumb"},"inLanguage":"tr","potentialAction":[{"@type":"ReadAction","target":["https:\/\/www.myvize.com.tr\/gana\/konsolosluklar\/trabzon-fahri-konsoloslugu\/"]}]},{"@type":"BreadcrumbList","@id":"https:\/\/www.myvize.com.tr\/gana\/konsolosluklar\/trabzon-fahri-konsoloslugu\/#breadcrumb","itemListElement":[{"@type":"ListItem","position":1,"name":"Anasayfa","item":"https:\/\/www.myvize.com.tr\/gana\/"},{"@type":"ListItem","position":2,"name":"KONSOLOSLUKLAR","item":"https:\/\/www.myvize.com.tr\/gana\/konsolosluklar\/"},{"@type":"ListItem","position":3,"name":"Gana Trabzon Fahri Konsoloslu\u011fu"}]},{"@type":"WebSite","@id":"https:\/\/www.myvize.com.tr\/gana\/#website","url":"https:\/\/www.myvize.com.tr\/gana\/","name":"Gana Vizesi","description":"","potentialAction":[{"@type":"SearchAction","target":{"@type":"EntryPoint","urlTemplate":"https:\/\/www.myvize.com.tr\/gana\/?s={search_term_string}"},"query-input":{"@type":"PropertyValueSpecification","valueRequired":true,"valueName":"search_term_string"}}],"inLanguage":"tr"}]}},"_links":{"self":[{"href":"https:\/\/www.myvize.com.tr\/gana\/wp-json\/wp\/v2\/pages\/84","targetHints":{"allow":["GET"]}}],"collection":[{"href":"https:\/\/www.myvize.com.tr\/gana\/wp-json\/wp\/v2\/pages"}],"about":[{"href":"https:\/\/www.myvize.com.tr\/gana\/wp-json\/wp\/v2\/types\/page"}],"author":[{"embeddable":true,"href":"https:\/\/www.myvize.com.tr\/gana\/wp-json\/wp\/v2\/users\/1"}],"replies":[{"embeddable":true,"href":"https:\/\/www.myvize.com.tr\/gana\/wp-json\/wp\/v2\/comments?post=84"}],"version-history":[{"count":5,"href":"https:\/\/www.myvize.com.tr\/gana\/wp-json\/wp\/v2\/pages\/84\/revisions"}],"predecessor-version":[{"id":713,"href":"https:\/\/www.myvize.com.tr\/gana\/wp-json\/wp\/v2\/pages\/84\/revisions\/713"}],"up":[{"embeddable":true,"href":"https:\/\/www.myvize.com.tr\/gana\/wp-json\/wp\/v2\/pages\/69"}],"wp:attachment":[{"href":"https:\/\/www.myvize.com.tr\/gana\/wp-json\/wp\/v2\/media?parent=84"}],"curies":[{"name":"wp","href":"https:\/\/api.w.org\/{rel}","templated":true}]}}