{"id":88,"date":"2020-11-30T13:05:51","date_gmt":"2020-11-30T10:05:51","guid":{"rendered":"https:\/\/www.myvize.com.tr\/gana\/?page_id=88"},"modified":"2022-05-07T14:06:16","modified_gmt":"2022-05-07T11:06:16","slug":"bodrum-fahri-konsoloslugu","status":"publish","type":"page","link":"https:\/\/www.myvize.com.tr\/gana\/konsolosluklar\/bodrum-fahri-konsoloslugu\/","title":{"rendered":"Gana Bodrum Fahri Konsoloslu\u011fu"},"content":{"rendered":"<h2><span style=\"font-family: Roboto; font-size: 27px;\"><b>Gana Bodrum Fahri Konsoloslu\u011fu Hakk\u0131nda<\/b><\/span><\/h2>\n<p><span style=\"font-family: Roboto; font-size: 14px;\"><strong>Gana Bodrum Fahri Konsoloslu\u011fu,<\/strong>\u00a0\u00f6zellikle T\u00fcrkiye ve Gana aras\u0131ndaki ticari ili\u015fkileri d\u00fczenlemede ve geli\u015ftirmede g\u00f6rev yapmaktad\u0131r. Ayr\u0131ca Gana vatanda\u015flar\u0131na<strong> Gana Bodrum Fahri Konsoloslu\u011fu<\/strong> pasaport \u00e7\u0131karma, yenileme, do\u011fum belgesi ve \u00f6l\u00fcm belgesi d\u00fczenleme, evlilik, bo\u015fanma gibi i\u015flemlerinin yan\u0131 s\u0131ra noter i\u015flemleri tamamlamada da g\u00f6rev yapmaktad\u0131r.<\/span><\/p>\n<p><span style=\"font-family: Roboto; font-size: 14px;\">Gana Bodrum Fahri Konsoloslu\u011fu i\u00e7in \u00f6zellikle belirtilmesi gerekir ki; ki\u015filerin vize ba\u015fvurular\u0131n\u0131 kabul etmemektedir. Vize ba\u015fvurular\u0131 Bodrum Gana Fahri Konsoloslu\u011fu\u2019nda de\u011fil\u00a0<strong>Gana vize<\/strong>\u00a0ba\u015fvuru merkezleri taraf\u0131ndan kabul edilmektedir. Ancak Gana Bodrum Fahri Konsoloslu\u011fu\u2019ndan\u00a0<strong>Gana <span style=\"color: #2acec2;\"><a style=\"color: #2acec2;\" href=\"https:\/\/www.myvize.com.tr\/gana\/vize-islemleri\/\" target=\"_blank\" rel=\"noopener\">vize i\u015flemleri<\/a><\/span><\/strong>\u00a0hakk\u0131nda bilgi alabilme hakk\u0131na sahipsiniz. Vize ba\u015fvurular\u0131n\u0131 de\u011ferlendirme ve sonu\u00e7land\u0131rma yetkisi Gana konsolosluklar\u0131, ba\u015fkonsolosluklar\u0131na ve Gana b\u00fcy\u00fckel\u00e7iliklerine aittir. Gana Bodrum Fahri Konsoloslu\u011fu hafta i\u00e7i 09:00 &#8211; 17:00 aras\u0131 hizmet vermektedir. Gana Bodrum Fahri Konsolosluk, Gana resmi tatilleri ve T\u00fcrkiye resmi tatillerinde hizmet vermemektedir. Bunun yan\u0131 s\u0131ra<span style=\"color: #2acec2;\"><strong><a style=\"color: #2acec2;\" href=\"https:\/\/www.myvize.com.tr\/gana\/vize-islemleri\/gana-vizesi\/\" target=\"_blank\" rel=\"noopener\">\u00a0Gana vizesi\u00a0<\/a><\/strong><\/span>i\u00e7in Bodrum Fahri Konsoloslu\u011fu\u2019nda ba\u015fvuru tamamlad\u0131ktan hemen sonra 21 i\u015f g\u00fcn\u00fc i\u00e7inde ba\u015fvurunuz sonu\u00e7 a\u015famas\u0131na al\u0131nmaktad\u0131r. \u00d6zellikle Gana Bodrum Fahri Konsoloslu\u011fu ba\u015fvuru sahiplerinin,\u00a0<span style=\"color: #2acec2;\"><strong><a style=\"color: #2acec2;\" href=\"https:\/\/www.myvize.com.tr\/gana\/gana-vize-ucreti\/\" target=\"_blank\" rel=\"noopener\">Gana vize \u00fccreti<\/a><\/strong><\/span>\u00a0i\u015flemlerini zaman\u0131nda yapmalar\u0131n\u0131 talep etmektedir.<\/span><\/p>\n","protected":false},"excerpt":{"rendered":"<p>Gana Bodrum Fahri Konsoloslu\u011fu Hakk\u0131nda Gana Bodrum Fahri Konsoloslu\u011fu,\u00a0\u00f6zellikle T\u00fcrkiye ve Gana aras\u0131ndaki ticari ili\u015fkileri d\u00fczenlemede ve geli\u015ftirmede g\u00f6rev yapmaktad\u0131r. Ayr\u0131ca Gana vatanda\u015flar\u0131na Gana Bodrum Fahri Konsoloslu\u011fu pasaport \u00e7\u0131karma, yenileme, do\u011fum belgesi ve \u00f6l\u00fcm belgesi d\u00fczenleme, evlilik, bo\u015fanma gibi i\u015flemlerinin yan\u0131 s\u0131ra noter i\u015flemleri tamamlamada da g\u00f6rev yapmaktad\u0131r. Gana Bodrum Fahri Konsoloslu\u011fu i\u00e7in \u00f6zellikle belirtilmesi<\/p>\n","protected":false},"author":1,"featured_media":0,"parent":69,"menu_order":0,"comment_status":"open","ping_status":"closed","template":"","meta":{"footnotes":""},"class_list":["post-88","page","type-page","status-publish","hentry"],"yoast_head":"<!-- This site is optimized with the Yoast SEO plugin v24.0 - https:\/\/yoast.com\/wordpress\/plugins\/seo\/ -->\n<title>Gana Bodrum Konsoloslu\u011fu Vize \u0130\u015flemleri - MyVize<\/title>\n<meta name=\"description\" content=\"Gana Bodrum Fahri Konsoloslu\u011fu \u00e7al\u0131\u015fma saatleri. Gana Bodrum Fahri Konsoloslu\u011fu ula\u015f\u0131m, ileti\u015fim bilgileri ve faaliyet alan\u0131.\" \/>\n<meta name=\"robots\" content=\"index, follow, max-snippet:-1, max-image-preview:large, max-video-preview:-1\" \/>\n<link rel=\"canonical\" href=\"https:\/\/www.myvize.com.tr\/gana\/konsolosluklar\/bodrum-fahri-konsoloslugu\/\" \/>\n<meta property=\"og:locale\" content=\"tr_TR\" \/>\n<meta property=\"og:type\" content=\"article\" \/>\n<meta property=\"og:title\" content=\"Gana Bodrum Konsoloslu\u011fu Vize \u0130\u015flemleri - MyVize\" \/>\n<meta property=\"og:description\" content=\"Gana Bodrum Fahri Konsoloslu\u011fu \u00e7al\u0131\u015fma saatleri. Gana Bodrum Fahri Konsoloslu\u011fu ula\u015f\u0131m, ileti\u015fim bilgileri ve faaliyet alan\u0131.\" \/>\n<meta property=\"og:url\" content=\"https:\/\/www.myvize.com.tr\/gana\/konsolosluklar\/bodrum-fahri-konsoloslugu\/\" \/>\n<meta property=\"og:site_name\" content=\"Gana Vizesi\" \/>\n<meta property=\"article:modified_time\" content=\"2022-05-07T11:06:16+00:00\" \/>\n<meta name=\"twitter:card\" content=\"summary_large_image\" \/>\n<meta name=\"twitter:label1\" content=\"Tahmini okuma s\u00fcresi\" \/>\n\t<meta name=\"twitter:data1\" content=\"1 dakika\" \/>\n<script type=\"application\/ld+json\" class=\"yoast-schema-graph\">{\"@context\":\"https:\/\/schema.org\",\"@graph\":[{\"@type\":\"WebPage\",\"@id\":\"https:\/\/www.myvize.com.tr\/gana\/konsolosluklar\/bodrum-fahri-konsoloslugu\/\",\"url\":\"https:\/\/www.myvize.com.tr\/gana\/konsolosluklar\/bodrum-fahri-konsoloslugu\/\",\"name\":\"Gana Bodrum Konsoloslu\u011fu Vize \u0130\u015flemleri - MyVize\",\"isPartOf\":{\"@id\":\"https:\/\/www.myvize.com.tr\/gana\/#website\"},\"datePublished\":\"2020-11-30T10:05:51+00:00\",\"dateModified\":\"2022-05-07T11:06:16+00:00\",\"description\":\"Gana Bodrum Fahri Konsoloslu\u011fu \u00e7al\u0131\u015fma saatleri. Gana Bodrum Fahri Konsoloslu\u011fu ula\u015f\u0131m, ileti\u015fim bilgileri ve faaliyet alan\u0131.\",\"breadcrumb\":{\"@id\":\"https:\/\/www.myvize.com.tr\/gana\/konsolosluklar\/bodrum-fahri-konsoloslugu\/#breadcrumb\"},\"inLanguage\":\"tr\",\"potentialAction\":[{\"@type\":\"ReadAction\",\"target\":[\"https:\/\/www.myvize.com.tr\/gana\/konsolosluklar\/bodrum-fahri-konsoloslugu\/\"]}]},{\"@type\":\"BreadcrumbList\",\"@id\":\"https:\/\/www.myvize.com.tr\/gana\/konsolosluklar\/bodrum-fahri-konsoloslugu\/#breadcrumb\",\"itemListElement\":[{\"@type\":\"ListItem\",\"position\":1,\"name\":\"Anasayfa\",\"item\":\"https:\/\/www.myvize.com.tr\/gana\/\"},{\"@type\":\"ListItem\",\"position\":2,\"name\":\"KONSOLOSLUKLAR\",\"item\":\"https:\/\/www.myvize.com.tr\/gana\/konsolosluklar\/\"},{\"@type\":\"ListItem\",\"position\":3,\"name\":\"Gana Bodrum Fahri Konsoloslu\u011fu\"}]},{\"@type\":\"WebSite\",\"@id\":\"https:\/\/www.myvize.com.tr\/gana\/#website\",\"url\":\"https:\/\/www.myvize.com.tr\/gana\/\",\"name\":\"Gana Vizesi\",\"description\":\"\",\"potentialAction\":[{\"@type\":\"SearchAction\",\"target\":{\"@type\":\"EntryPoint\",\"urlTemplate\":\"https:\/\/www.myvize.com.tr\/gana\/?s={search_term_string}\"},\"query-input\":{\"@type\":\"PropertyValueSpecification\",\"valueRequired\":true,\"valueName\":\"search_term_string\"}}],\"inLanguage\":\"tr\"}]}<\/script>\n<!-- \/ Yoast SEO plugin. -->","yoast_head_json":{"title":"Gana Bodrum Konsoloslu\u011fu Vize \u0130\u015flemleri - MyVize","description":"Gana Bodrum Fahri Konsoloslu\u011fu \u00e7al\u0131\u015fma saatleri. Gana Bodrum Fahri Konsoloslu\u011fu ula\u015f\u0131m, ileti\u015fim bilgileri ve faaliyet alan\u0131.","robots":{"index":"index","follow":"follow","max-snippet":"max-snippet:-1","max-image-preview":"max-image-preview:large","max-video-preview":"max-video-preview:-1"},"canonical":"https:\/\/www.myvize.com.tr\/gana\/konsolosluklar\/bodrum-fahri-konsoloslugu\/","og_locale":"tr_TR","og_type":"article","og_title":"Gana Bodrum Konsoloslu\u011fu Vize \u0130\u015flemleri - MyVize","og_description":"Gana Bodrum Fahri Konsoloslu\u011fu \u00e7al\u0131\u015fma saatleri. Gana Bodrum Fahri Konsoloslu\u011fu ula\u015f\u0131m, ileti\u015fim bilgileri ve faaliyet alan\u0131.","og_url":"https:\/\/www.myvize.com.tr\/gana\/konsolosluklar\/bodrum-fahri-konsoloslugu\/","og_site_name":"Gana Vizesi","article_modified_time":"2022-05-07T11:06:16+00:00","twitter_card":"summary_large_image","twitter_misc":{"Tahmini okuma s\u00fcresi":"1 dakika"},"schema":{"@context":"https:\/\/schema.org","@graph":[{"@type":"WebPage","@id":"https:\/\/www.myvize.com.tr\/gana\/konsolosluklar\/bodrum-fahri-konsoloslugu\/","url":"https:\/\/www.myvize.com.tr\/gana\/konsolosluklar\/bodrum-fahri-konsoloslugu\/","name":"Gana Bodrum Konsoloslu\u011fu Vize \u0130\u015flemleri - MyVize","isPartOf":{"@id":"https:\/\/www.myvize.com.tr\/gana\/#website"},"datePublished":"2020-11-30T10:05:51+00:00","dateModified":"2022-05-07T11:06:16+00:00","description":"Gana Bodrum Fahri Konsoloslu\u011fu \u00e7al\u0131\u015fma saatleri. Gana Bodrum Fahri Konsoloslu\u011fu ula\u015f\u0131m, ileti\u015fim bilgileri ve faaliyet alan\u0131.","breadcrumb":{"@id":"https:\/\/www.myvize.com.tr\/gana\/konsolosluklar\/bodrum-fahri-konsoloslugu\/#breadcrumb"},"inLanguage":"tr","potentialAction":[{"@type":"ReadAction","target":["https:\/\/www.myvize.com.tr\/gana\/konsolosluklar\/bodrum-fahri-konsoloslugu\/"]}]},{"@type":"BreadcrumbList","@id":"https:\/\/www.myvize.com.tr\/gana\/konsolosluklar\/bodrum-fahri-konsoloslugu\/#breadcrumb","itemListElement":[{"@type":"ListItem","position":1,"name":"Anasayfa","item":"https:\/\/www.myvize.com.tr\/gana\/"},{"@type":"ListItem","position":2,"name":"KONSOLOSLUKLAR","item":"https:\/\/www.myvize.com.tr\/gana\/konsolosluklar\/"},{"@type":"ListItem","position":3,"name":"Gana Bodrum Fahri Konsoloslu\u011fu"}]},{"@type":"WebSite","@id":"https:\/\/www.myvize.com.tr\/gana\/#website","url":"https:\/\/www.myvize.com.tr\/gana\/","name":"Gana Vizesi","description":"","potentialAction":[{"@type":"SearchAction","target":{"@type":"EntryPoint","urlTemplate":"https:\/\/www.myvize.com.tr\/gana\/?s={search_term_string}"},"query-input":{"@type":"PropertyValueSpecification","valueRequired":true,"valueName":"search_term_string"}}],"inLanguage":"tr"}]}},"_links":{"self":[{"href":"https:\/\/www.myvize.com.tr\/gana\/wp-json\/wp\/v2\/pages\/88","targetHints":{"allow":["GET"]}}],"collection":[{"href":"https:\/\/www.myvize.com.tr\/gana\/wp-json\/wp\/v2\/pages"}],"about":[{"href":"https:\/\/www.myvize.com.tr\/gana\/wp-json\/wp\/v2\/types\/page"}],"author":[{"embeddable":true,"href":"https:\/\/www.myvize.com.tr\/gana\/wp-json\/wp\/v2\/users\/1"}],"replies":[{"embeddable":true,"href":"https:\/\/www.myvize.com.tr\/gana\/wp-json\/wp\/v2\/comments?post=88"}],"version-history":[{"count":5,"href":"https:\/\/www.myvize.com.tr\/gana\/wp-json\/wp\/v2\/pages\/88\/revisions"}],"predecessor-version":[{"id":715,"href":"https:\/\/www.myvize.com.tr\/gana\/wp-json\/wp\/v2\/pages\/88\/revisions\/715"}],"up":[{"embeddable":true,"href":"https:\/\/www.myvize.com.tr\/gana\/wp-json\/wp\/v2\/pages\/69"}],"wp:attachment":[{"href":"https:\/\/www.myvize.com.tr\/gana\/wp-json\/wp\/v2\/media?parent=88"}],"curies":[{"name":"wp","href":"https:\/\/api.w.org\/{rel}","templated":true}]}}