{"id":90,"date":"2020-11-30T13:06:29","date_gmt":"2020-11-30T10:06:29","guid":{"rendered":"https:\/\/www.myvize.com.tr\/gana\/?page_id=90"},"modified":"2022-05-07T14:06:45","modified_gmt":"2022-05-07T11:06:45","slug":"gaziantep-fahri-konsoloslugu","status":"publish","type":"page","link":"https:\/\/www.myvize.com.tr\/gana\/konsolosluklar\/gaziantep-fahri-konsoloslugu\/","title":{"rendered":"Gana Gaziantep Fahri Konsoloslu\u011fu"},"content":{"rendered":"<h2><span style=\"font-family: Roboto; font-size: 27px;\"><b>Gana Gaziantep Fahri Konsoloslu\u011fu Hakk\u0131nda<\/b><\/span><\/h2>\n<p><span style=\"font-family: Roboto; font-size: 14px;\"><strong>Gana vizesi<\/strong>\u00a0almak isteyen ba\u015fvuru sahiplerinin \u00f6ncelikle Gana Gaziantep Fahri Konsoloslu\u011fu\u2019na m\u00fcracaat etmesi gerekmektedir. Ayr\u0131ca Gana Gaziantep Fahri Konsoloslu\u011fu\u2019nda\u00a0<strong>Gana<span style=\"color: #2acec2;\"><a style=\"color: #2acec2;\" href=\"https:\/\/www.myvize.com.tr\/gana\/vize-islemleri\/\" target=\"_blank\" rel=\"noopener\"> vize i\u015flemleri<\/a><\/span><\/strong>\u00a0haricinde, ba\u015fvuru s\u0131ras\u0131nda ya\u015fanan sorunlar hakk\u0131nda da yard\u0131m alman\u0131z m\u00fcmk\u00fcnd\u00fcr. Bunun d\u0131\u015f\u0131nda\u00a0<strong>Gana vize<\/strong>\u00a0hakk\u0131nda Gaziantep Gana Konsoloslu\u011fu dan\u0131\u015fmanlar\u0131na sorular sorma hakk\u0131na sahipsiniz. <strong>Gana vizesi<\/strong> \u00e7\u0131kartt\u0131rmak istiyorsan\u0131z size verilmi\u015f olan randevu g\u00fcn\u00fc ve saatinde konsoloslukta bulununuz.<\/span><\/p>\n<p><span style=\"font-family: Roboto; font-size: 14px;\">Gana Gaziantep Fahri Konsoloslu\u011fu\u2019nda sadece vize i\u015flemleri yap\u0131lmaz. Ayr\u0131ca Gana vatanda\u015flar\u0131 bu konsoloslu\u011fa geldiklerinde askerlik, \u00f6l\u00fcm belgesi alma, bo\u015fanma i\u015flemleri ve noter i\u015flerini de tamamlayabilmektedir.\u00a0<strong>Gana Gaziantep Fahri Konsoloslu\u011fu<\/strong>, t\u00fcm bu konsolosluk i\u015flemlerinin sonu\u00e7 randevusunu genel olarak 1 ile 5 i\u015f g\u00fcn\u00fc aras\u0131nda verilebilmektedir. Yo\u011funlu\u011fa ba\u011fl\u0131 olarak bu s\u00fcre\u00e7 aral\u0131\u011f\u0131 uzayabilir. Acil durum olarak adland\u0131r\u0131lan akraba vefat\u0131 ve hastal\u0131k durumlar\u0131nda, <strong>Gana vize<\/strong> i\u015flemlerini Express<span style=\"color: #2acec2;\"><strong><a style=\"color: #2acec2;\" href=\"https:\/\/www.myvize.com.tr\/gana\/vize-islemleri\/gana-vizesi\/\" target=\"_blank\" rel=\"noopener\"> Gana vizesi<\/a><\/strong><\/span> sayesinde h\u0131zland\u0131rabilirsiniz. Express Gana vizesi i\u015flemlerinde Gana Gaziantep Konsoloslu\u011fu sizden ge\u00e7erlilik g\u00f6steren pasaport ve iki adet biyometrik foto\u011fraf talebinde bulunur. Bunun d\u0131\u015f\u0131nda Gana\u2019ya seyahat edecek olan ki\u015filerin mutlaka yanlar\u0131nda Sar\u0131 Humma a\u015f\u0131 kart\u0131 olmak zorundad\u0131r.<\/span><\/p>\n","protected":false},"excerpt":{"rendered":"<p>Gana Gaziantep Fahri Konsoloslu\u011fu Hakk\u0131nda Gana vizesi\u00a0almak isteyen ba\u015fvuru sahiplerinin \u00f6ncelikle Gana Gaziantep Fahri Konsoloslu\u011fu\u2019na m\u00fcracaat etmesi gerekmektedir. Ayr\u0131ca Gana Gaziantep Fahri Konsoloslu\u011fu\u2019nda\u00a0Gana vize i\u015flemleri\u00a0haricinde, ba\u015fvuru s\u0131ras\u0131nda ya\u015fanan sorunlar hakk\u0131nda da yard\u0131m alman\u0131z m\u00fcmk\u00fcnd\u00fcr. Bunun d\u0131\u015f\u0131nda\u00a0Gana vize\u00a0hakk\u0131nda Gaziantep Gana Konsoloslu\u011fu dan\u0131\u015fmanlar\u0131na sorular sorma hakk\u0131na sahipsiniz. Gana vizesi \u00e7\u0131kartt\u0131rmak istiyorsan\u0131z size verilmi\u015f olan randevu g\u00fcn\u00fc ve<\/p>\n","protected":false},"author":1,"featured_media":0,"parent":69,"menu_order":0,"comment_status":"open","ping_status":"closed","template":"","meta":{"footnotes":""},"class_list":["post-90","page","type-page","status-publish","hentry"],"yoast_head":"<!-- This site is optimized with the Yoast SEO plugin v24.0 - https:\/\/yoast.com\/wordpress\/plugins\/seo\/ -->\n<title>Gana Gaziantep Konsoloslu\u011fu Vize \u0130\u015flemleri - MyVize<\/title>\n<meta name=\"description\" content=\"Gana Gaziantep Fahri Konsoloslu\u011fu \u00e7al\u0131\u015fma saatleri. Gana Gaziantep Fahri Konsoloslu\u011fu ula\u015f\u0131m, ileti\u015fim bilgileri ve faaliyet alan\u0131.\" \/>\n<meta name=\"robots\" content=\"index, follow, max-snippet:-1, max-image-preview:large, max-video-preview:-1\" \/>\n<link rel=\"canonical\" href=\"https:\/\/www.myvize.com.tr\/gana\/konsolosluklar\/gaziantep-fahri-konsoloslugu\/\" \/>\n<meta property=\"og:locale\" content=\"tr_TR\" \/>\n<meta property=\"og:type\" content=\"article\" \/>\n<meta property=\"og:title\" content=\"Gana Gaziantep Konsoloslu\u011fu Vize \u0130\u015flemleri - MyVize\" \/>\n<meta property=\"og:description\" content=\"Gana Gaziantep Fahri Konsoloslu\u011fu \u00e7al\u0131\u015fma saatleri. Gana Gaziantep Fahri Konsoloslu\u011fu ula\u015f\u0131m, ileti\u015fim bilgileri ve faaliyet alan\u0131.\" \/>\n<meta property=\"og:url\" content=\"https:\/\/www.myvize.com.tr\/gana\/konsolosluklar\/gaziantep-fahri-konsoloslugu\/\" \/>\n<meta property=\"og:site_name\" content=\"Gana Vizesi\" \/>\n<meta property=\"article:modified_time\" content=\"2022-05-07T11:06:45+00:00\" \/>\n<meta name=\"twitter:card\" content=\"summary_large_image\" \/>\n<meta name=\"twitter:label1\" content=\"Tahmini okuma s\u00fcresi\" \/>\n\t<meta name=\"twitter:data1\" content=\"1 dakika\" \/>\n<script type=\"application\/ld+json\" class=\"yoast-schema-graph\">{\"@context\":\"https:\/\/schema.org\",\"@graph\":[{\"@type\":\"WebPage\",\"@id\":\"https:\/\/www.myvize.com.tr\/gana\/konsolosluklar\/gaziantep-fahri-konsoloslugu\/\",\"url\":\"https:\/\/www.myvize.com.tr\/gana\/konsolosluklar\/gaziantep-fahri-konsoloslugu\/\",\"name\":\"Gana Gaziantep Konsoloslu\u011fu Vize \u0130\u015flemleri - MyVize\",\"isPartOf\":{\"@id\":\"https:\/\/www.myvize.com.tr\/gana\/#website\"},\"datePublished\":\"2020-11-30T10:06:29+00:00\",\"dateModified\":\"2022-05-07T11:06:45+00:00\",\"description\":\"Gana Gaziantep Fahri Konsoloslu\u011fu \u00e7al\u0131\u015fma saatleri. Gana Gaziantep Fahri Konsoloslu\u011fu ula\u015f\u0131m, ileti\u015fim bilgileri ve faaliyet alan\u0131.\",\"breadcrumb\":{\"@id\":\"https:\/\/www.myvize.com.tr\/gana\/konsolosluklar\/gaziantep-fahri-konsoloslugu\/#breadcrumb\"},\"inLanguage\":\"tr\",\"potentialAction\":[{\"@type\":\"ReadAction\",\"target\":[\"https:\/\/www.myvize.com.tr\/gana\/konsolosluklar\/gaziantep-fahri-konsoloslugu\/\"]}]},{\"@type\":\"BreadcrumbList\",\"@id\":\"https:\/\/www.myvize.com.tr\/gana\/konsolosluklar\/gaziantep-fahri-konsoloslugu\/#breadcrumb\",\"itemListElement\":[{\"@type\":\"ListItem\",\"position\":1,\"name\":\"Anasayfa\",\"item\":\"https:\/\/www.myvize.com.tr\/gana\/\"},{\"@type\":\"ListItem\",\"position\":2,\"name\":\"KONSOLOSLUKLAR\",\"item\":\"https:\/\/www.myvize.com.tr\/gana\/konsolosluklar\/\"},{\"@type\":\"ListItem\",\"position\":3,\"name\":\"Gana Gaziantep Fahri Konsoloslu\u011fu\"}]},{\"@type\":\"WebSite\",\"@id\":\"https:\/\/www.myvize.com.tr\/gana\/#website\",\"url\":\"https:\/\/www.myvize.com.tr\/gana\/\",\"name\":\"Gana Vizesi\",\"description\":\"\",\"potentialAction\":[{\"@type\":\"SearchAction\",\"target\":{\"@type\":\"EntryPoint\",\"urlTemplate\":\"https:\/\/www.myvize.com.tr\/gana\/?s={search_term_string}\"},\"query-input\":{\"@type\":\"PropertyValueSpecification\",\"valueRequired\":true,\"valueName\":\"search_term_string\"}}],\"inLanguage\":\"tr\"}]}<\/script>\n<!-- \/ Yoast SEO plugin. -->","yoast_head_json":{"title":"Gana Gaziantep Konsoloslu\u011fu Vize \u0130\u015flemleri - MyVize","description":"Gana Gaziantep Fahri Konsoloslu\u011fu \u00e7al\u0131\u015fma saatleri. Gana Gaziantep Fahri Konsoloslu\u011fu ula\u015f\u0131m, ileti\u015fim bilgileri ve faaliyet alan\u0131.","robots":{"index":"index","follow":"follow","max-snippet":"max-snippet:-1","max-image-preview":"max-image-preview:large","max-video-preview":"max-video-preview:-1"},"canonical":"https:\/\/www.myvize.com.tr\/gana\/konsolosluklar\/gaziantep-fahri-konsoloslugu\/","og_locale":"tr_TR","og_type":"article","og_title":"Gana Gaziantep Konsoloslu\u011fu Vize \u0130\u015flemleri - MyVize","og_description":"Gana Gaziantep Fahri Konsoloslu\u011fu \u00e7al\u0131\u015fma saatleri. Gana Gaziantep Fahri Konsoloslu\u011fu ula\u015f\u0131m, ileti\u015fim bilgileri ve faaliyet alan\u0131.","og_url":"https:\/\/www.myvize.com.tr\/gana\/konsolosluklar\/gaziantep-fahri-konsoloslugu\/","og_site_name":"Gana Vizesi","article_modified_time":"2022-05-07T11:06:45+00:00","twitter_card":"summary_large_image","twitter_misc":{"Tahmini okuma s\u00fcresi":"1 dakika"},"schema":{"@context":"https:\/\/schema.org","@graph":[{"@type":"WebPage","@id":"https:\/\/www.myvize.com.tr\/gana\/konsolosluklar\/gaziantep-fahri-konsoloslugu\/","url":"https:\/\/www.myvize.com.tr\/gana\/konsolosluklar\/gaziantep-fahri-konsoloslugu\/","name":"Gana Gaziantep Konsoloslu\u011fu Vize \u0130\u015flemleri - MyVize","isPartOf":{"@id":"https:\/\/www.myvize.com.tr\/gana\/#website"},"datePublished":"2020-11-30T10:06:29+00:00","dateModified":"2022-05-07T11:06:45+00:00","description":"Gana Gaziantep Fahri Konsoloslu\u011fu \u00e7al\u0131\u015fma saatleri. Gana Gaziantep Fahri Konsoloslu\u011fu ula\u015f\u0131m, ileti\u015fim bilgileri ve faaliyet alan\u0131.","breadcrumb":{"@id":"https:\/\/www.myvize.com.tr\/gana\/konsolosluklar\/gaziantep-fahri-konsoloslugu\/#breadcrumb"},"inLanguage":"tr","potentialAction":[{"@type":"ReadAction","target":["https:\/\/www.myvize.com.tr\/gana\/konsolosluklar\/gaziantep-fahri-konsoloslugu\/"]}]},{"@type":"BreadcrumbList","@id":"https:\/\/www.myvize.com.tr\/gana\/konsolosluklar\/gaziantep-fahri-konsoloslugu\/#breadcrumb","itemListElement":[{"@type":"ListItem","position":1,"name":"Anasayfa","item":"https:\/\/www.myvize.com.tr\/gana\/"},{"@type":"ListItem","position":2,"name":"KONSOLOSLUKLAR","item":"https:\/\/www.myvize.com.tr\/gana\/konsolosluklar\/"},{"@type":"ListItem","position":3,"name":"Gana Gaziantep Fahri Konsoloslu\u011fu"}]},{"@type":"WebSite","@id":"https:\/\/www.myvize.com.tr\/gana\/#website","url":"https:\/\/www.myvize.com.tr\/gana\/","name":"Gana Vizesi","description":"","potentialAction":[{"@type":"SearchAction","target":{"@type":"EntryPoint","urlTemplate":"https:\/\/www.myvize.com.tr\/gana\/?s={search_term_string}"},"query-input":{"@type":"PropertyValueSpecification","valueRequired":true,"valueName":"search_term_string"}}],"inLanguage":"tr"}]}},"_links":{"self":[{"href":"https:\/\/www.myvize.com.tr\/gana\/wp-json\/wp\/v2\/pages\/90","targetHints":{"allow":["GET"]}}],"collection":[{"href":"https:\/\/www.myvize.com.tr\/gana\/wp-json\/wp\/v2\/pages"}],"about":[{"href":"https:\/\/www.myvize.com.tr\/gana\/wp-json\/wp\/v2\/types\/page"}],"author":[{"embeddable":true,"href":"https:\/\/www.myvize.com.tr\/gana\/wp-json\/wp\/v2\/users\/1"}],"replies":[{"embeddable":true,"href":"https:\/\/www.myvize.com.tr\/gana\/wp-json\/wp\/v2\/comments?post=90"}],"version-history":[{"count":5,"href":"https:\/\/www.myvize.com.tr\/gana\/wp-json\/wp\/v2\/pages\/90\/revisions"}],"predecessor-version":[{"id":716,"href":"https:\/\/www.myvize.com.tr\/gana\/wp-json\/wp\/v2\/pages\/90\/revisions\/716"}],"up":[{"embeddable":true,"href":"https:\/\/www.myvize.com.tr\/gana\/wp-json\/wp\/v2\/pages\/69"}],"wp:attachment":[{"href":"https:\/\/www.myvize.com.tr\/gana\/wp-json\/wp\/v2\/media?parent=90"}],"curies":[{"name":"wp","href":"https:\/\/api.w.org\/{rel}","templated":true}]}}