{"id":92,"date":"2020-11-30T13:07:02","date_gmt":"2020-11-30T10:07:02","guid":{"rendered":"https:\/\/www.myvize.com.tr\/gana\/?page_id=92"},"modified":"2022-05-07T14:07:14","modified_gmt":"2022-05-07T11:07:14","slug":"gana-konsolosluk-islemleri","status":"publish","type":"page","link":"https:\/\/www.myvize.com.tr\/gana\/konsolosluklar\/gana-konsolosluk-islemleri\/","title":{"rendered":"Gana Konsolosluk \u0130\u015flemleri"},"content":{"rendered":"<h2><span style=\"font-family: Roboto; font-size: 27px;\"><b>Gana Konsolosluk \u0130\u015flemleri Hakk\u0131nda<\/b><\/span><\/h2>\n<p><span style=\"font-family: Roboto; font-size: 14px;\">Gana\u2019ya seyahat etmek isteyen ba\u015fvuru sahipleri \u00f6zellikle\u00a0<strong>Gana <span style=\"color: #2acec2;\"><a style=\"color: #2acec2;\" href=\"https:\/\/www.myvize.com.tr\/gana\/vize-islemleri\/\" target=\"_blank\" rel=\"noopener\">vize i\u015flemleri<\/a><\/span><\/strong>\u00a0konusunda rahatl\u0131kla Gana Konsoloslu\u011fu\u2019ndan yard\u0131m alabilirler. Gana\u2019ya gitmek isteyen ki\u015filerin\u00a0<strong><span style=\"color: #2acec2;\"><a style=\"color: #2acec2;\" href=\"https:\/\/www.myvize.com.tr\/gana\/gana-vize-ucreti\/\" target=\"_blank\" rel=\"noopener\">Gana vize \u00fccreti<\/a><\/span>,<\/strong>\u00a0Konsolosluk veya vize merkezine zaman\u0131nda yat\u0131r\u0131lmal\u0131d\u0131r.<\/span><\/p>\n<p><span style=\"font-family: Roboto; font-size: 14px;\">T\u00fcrkiye\u2019de yer alan Gana Konsolosluklar\u0131, Gana ad\u0131na davetlere, organizasyonlara ve toplant\u0131lara kat\u0131lmaktad\u0131r. T\u00fcrkiye Cumhuriyeti s\u0131n\u0131rlar\u0131 i\u00e7erisinde ya\u015fayan Gana vatanda\u015f\u0131n\u0131n noter, evlilik, \u00f6l\u00fcm,\u00a0 do\u011fum,\u00a0<strong>Gana vize<\/strong>\u00a0ve vatanda\u015fl\u0131k i\u015flemlerini yapmaktad\u0131r. Gana vatanda\u015f\u0131n\u0131n gelir d\u00fczeyini, sosyal g\u00fcvenli\u011fini ve askerlik durumunu kontrol alt\u0131na almakta rol oynamaktad\u0131r.<\/span><\/p>\n<p><span style=\"font-family: Roboto; font-size: 14px;\">Herhangi bir vize sorunu ya\u015fand\u0131\u011f\u0131nda vatanda\u015f\u0131na yard\u0131mc\u0131 olmay\u0131 hedefler. <strong>Gana Konsoloslu\u011fu<\/strong> t\u00fcm bu g\u00f6revleri yaparken \u00f6zellikle T\u00fcrkiye Cumhuriyeti Devleti hukuk kurallar\u0131na do\u011frultusunda hareket etmek zorundad\u0131r. T\u00fcrkiye s\u0131n\u0131rlar\u0131 i\u00e7erisinde yer ald\u0131\u011f\u0131 i\u00e7in serbest bir \u015fekilde \u00e7al\u0131\u015fma hakk\u0131 bulunmamaktad\u0131r. Ayr\u0131ca <strong>Gana konsoloslu\u011fu<\/strong>, T\u00fcrkiye Cumhuriyeti ile Gana aras\u0131ndaki ticari ve diplomatik faaliyetleri inceleyip, rapor almaktad\u0131r. Yine Gana vatanda\u015flar\u0131n\u0131n kimlik ve pasaport yenileme i\u015flemlerini <strong>Gana konsoloslu\u011fu<\/strong> yapmaktad\u0131r.<\/span><\/p>\n<p><span style=\"font-family: Roboto; font-size: 14px;\">Bunun yan\u0131 s\u0131ra Gana Konsoloslu\u011fu <strong>vize i\u015flemleri<\/strong> s\u0131ras\u0131nda tam yetkiye sahiptir. B\u00fcy\u00fckel\u00e7ilik taraf\u0131ndan verilen di\u011fer g\u00f6revleri yerine getirir. Ayr\u0131ca<strong>\u00a0<span style=\"color: #2acec2;\"><a style=\"color: #2acec2;\" href=\"https:\/\/www.myvize.com.tr\/gana\/vize-islemleri\/gana-vizesi\/\" target=\"_blank\" rel=\"noopener\">Gana Vizesi<\/a><\/span>\u00a0<\/strong>s\u0131ras\u0131nda e\u011fer gerek g\u00f6r\u00fcl\u00fcrse ek belge talebinde bulunabilir.<\/span><\/p>\n","protected":false},"excerpt":{"rendered":"<p>Gana Konsolosluk \u0130\u015flemleri Hakk\u0131nda Gana\u2019ya seyahat etmek isteyen ba\u015fvuru sahipleri \u00f6zellikle\u00a0Gana vize i\u015flemleri\u00a0konusunda rahatl\u0131kla Gana Konsoloslu\u011fu\u2019ndan yard\u0131m alabilirler. Gana\u2019ya gitmek isteyen ki\u015filerin\u00a0Gana vize \u00fccreti,\u00a0Konsolosluk veya vize merkezine zaman\u0131nda yat\u0131r\u0131lmal\u0131d\u0131r. T\u00fcrkiye\u2019de yer alan Gana Konsolosluklar\u0131, Gana ad\u0131na davetlere, organizasyonlara ve toplant\u0131lara kat\u0131lmaktad\u0131r. T\u00fcrkiye Cumhuriyeti s\u0131n\u0131rlar\u0131 i\u00e7erisinde ya\u015fayan Gana vatanda\u015f\u0131n\u0131n noter, evlilik, \u00f6l\u00fcm,\u00a0 do\u011fum,\u00a0Gana vize\u00a0ve vatanda\u015fl\u0131k i\u015flemlerini<\/p>\n","protected":false},"author":1,"featured_media":0,"parent":69,"menu_order":0,"comment_status":"open","ping_status":"closed","template":"","meta":{"footnotes":""},"class_list":["post-92","page","type-page","status-publish","hentry"],"yoast_head":"<!-- This site is optimized with the Yoast SEO plugin v24.0 - https:\/\/yoast.com\/wordpress\/plugins\/seo\/ -->\n<title>Gana Konsolosluk \u0130\u015flemleri - Gana Vizesi - MyVize<\/title>\n<meta name=\"description\" content=\"Gana konsolosluk i\u015flemleri gerekli evraklar g\u00fcncel olarak verilmektedir. Gana konsolosluk i\u015flem \u015fartlar\u0131. Gana konsolosluk i\u015flemleri neler?\" \/>\n<meta name=\"robots\" content=\"index, follow, max-snippet:-1, max-image-preview:large, max-video-preview:-1\" \/>\n<link rel=\"canonical\" href=\"https:\/\/www.myvize.com.tr\/gana\/konsolosluklar\/gana-konsolosluk-islemleri\/\" \/>\n<meta property=\"og:locale\" content=\"tr_TR\" \/>\n<meta property=\"og:type\" content=\"article\" \/>\n<meta property=\"og:title\" content=\"Gana Konsolosluk \u0130\u015flemleri - Gana Vizesi - MyVize\" \/>\n<meta property=\"og:description\" content=\"Gana konsolosluk i\u015flemleri gerekli evraklar g\u00fcncel olarak verilmektedir. Gana konsolosluk i\u015flem \u015fartlar\u0131. Gana konsolosluk i\u015flemleri neler?\" \/>\n<meta property=\"og:url\" content=\"https:\/\/www.myvize.com.tr\/gana\/konsolosluklar\/gana-konsolosluk-islemleri\/\" \/>\n<meta property=\"og:site_name\" content=\"Gana Vizesi\" \/>\n<meta property=\"article:modified_time\" content=\"2022-05-07T11:07:14+00:00\" \/>\n<meta name=\"twitter:card\" content=\"summary_large_image\" \/>\n<meta name=\"twitter:label1\" content=\"Tahmini okuma s\u00fcresi\" \/>\n\t<meta name=\"twitter:data1\" content=\"1 dakika\" \/>\n<script type=\"application\/ld+json\" class=\"yoast-schema-graph\">{\"@context\":\"https:\/\/schema.org\",\"@graph\":[{\"@type\":\"WebPage\",\"@id\":\"https:\/\/www.myvize.com.tr\/gana\/konsolosluklar\/gana-konsolosluk-islemleri\/\",\"url\":\"https:\/\/www.myvize.com.tr\/gana\/konsolosluklar\/gana-konsolosluk-islemleri\/\",\"name\":\"Gana Konsolosluk \u0130\u015flemleri - Gana Vizesi - MyVize\",\"isPartOf\":{\"@id\":\"https:\/\/www.myvize.com.tr\/gana\/#website\"},\"datePublished\":\"2020-11-30T10:07:02+00:00\",\"dateModified\":\"2022-05-07T11:07:14+00:00\",\"description\":\"Gana konsolosluk i\u015flemleri gerekli evraklar g\u00fcncel olarak verilmektedir. Gana konsolosluk i\u015flem \u015fartlar\u0131. Gana konsolosluk i\u015flemleri neler?\",\"breadcrumb\":{\"@id\":\"https:\/\/www.myvize.com.tr\/gana\/konsolosluklar\/gana-konsolosluk-islemleri\/#breadcrumb\"},\"inLanguage\":\"tr\",\"potentialAction\":[{\"@type\":\"ReadAction\",\"target\":[\"https:\/\/www.myvize.com.tr\/gana\/konsolosluklar\/gana-konsolosluk-islemleri\/\"]}]},{\"@type\":\"BreadcrumbList\",\"@id\":\"https:\/\/www.myvize.com.tr\/gana\/konsolosluklar\/gana-konsolosluk-islemleri\/#breadcrumb\",\"itemListElement\":[{\"@type\":\"ListItem\",\"position\":1,\"name\":\"Anasayfa\",\"item\":\"https:\/\/www.myvize.com.tr\/gana\/\"},{\"@type\":\"ListItem\",\"position\":2,\"name\":\"KONSOLOSLUKLAR\",\"item\":\"https:\/\/www.myvize.com.tr\/gana\/konsolosluklar\/\"},{\"@type\":\"ListItem\",\"position\":3,\"name\":\"Gana Konsolosluk \u0130\u015flemleri\"}]},{\"@type\":\"WebSite\",\"@id\":\"https:\/\/www.myvize.com.tr\/gana\/#website\",\"url\":\"https:\/\/www.myvize.com.tr\/gana\/\",\"name\":\"Gana Vizesi\",\"description\":\"\",\"potentialAction\":[{\"@type\":\"SearchAction\",\"target\":{\"@type\":\"EntryPoint\",\"urlTemplate\":\"https:\/\/www.myvize.com.tr\/gana\/?s={search_term_string}\"},\"query-input\":{\"@type\":\"PropertyValueSpecification\",\"valueRequired\":true,\"valueName\":\"search_term_string\"}}],\"inLanguage\":\"tr\"}]}<\/script>\n<!-- \/ Yoast SEO plugin. -->","yoast_head_json":{"title":"Gana Konsolosluk \u0130\u015flemleri - Gana Vizesi - MyVize","description":"Gana konsolosluk i\u015flemleri gerekli evraklar g\u00fcncel olarak verilmektedir. Gana konsolosluk i\u015flem \u015fartlar\u0131. Gana konsolosluk i\u015flemleri neler?","robots":{"index":"index","follow":"follow","max-snippet":"max-snippet:-1","max-image-preview":"max-image-preview:large","max-video-preview":"max-video-preview:-1"},"canonical":"https:\/\/www.myvize.com.tr\/gana\/konsolosluklar\/gana-konsolosluk-islemleri\/","og_locale":"tr_TR","og_type":"article","og_title":"Gana Konsolosluk \u0130\u015flemleri - Gana Vizesi - MyVize","og_description":"Gana konsolosluk i\u015flemleri gerekli evraklar g\u00fcncel olarak verilmektedir. Gana konsolosluk i\u015flem \u015fartlar\u0131. Gana konsolosluk i\u015flemleri neler?","og_url":"https:\/\/www.myvize.com.tr\/gana\/konsolosluklar\/gana-konsolosluk-islemleri\/","og_site_name":"Gana Vizesi","article_modified_time":"2022-05-07T11:07:14+00:00","twitter_card":"summary_large_image","twitter_misc":{"Tahmini okuma s\u00fcresi":"1 dakika"},"schema":{"@context":"https:\/\/schema.org","@graph":[{"@type":"WebPage","@id":"https:\/\/www.myvize.com.tr\/gana\/konsolosluklar\/gana-konsolosluk-islemleri\/","url":"https:\/\/www.myvize.com.tr\/gana\/konsolosluklar\/gana-konsolosluk-islemleri\/","name":"Gana Konsolosluk \u0130\u015flemleri - Gana Vizesi - MyVize","isPartOf":{"@id":"https:\/\/www.myvize.com.tr\/gana\/#website"},"datePublished":"2020-11-30T10:07:02+00:00","dateModified":"2022-05-07T11:07:14+00:00","description":"Gana konsolosluk i\u015flemleri gerekli evraklar g\u00fcncel olarak verilmektedir. Gana konsolosluk i\u015flem \u015fartlar\u0131. Gana konsolosluk i\u015flemleri neler?","breadcrumb":{"@id":"https:\/\/www.myvize.com.tr\/gana\/konsolosluklar\/gana-konsolosluk-islemleri\/#breadcrumb"},"inLanguage":"tr","potentialAction":[{"@type":"ReadAction","target":["https:\/\/www.myvize.com.tr\/gana\/konsolosluklar\/gana-konsolosluk-islemleri\/"]}]},{"@type":"BreadcrumbList","@id":"https:\/\/www.myvize.com.tr\/gana\/konsolosluklar\/gana-konsolosluk-islemleri\/#breadcrumb","itemListElement":[{"@type":"ListItem","position":1,"name":"Anasayfa","item":"https:\/\/www.myvize.com.tr\/gana\/"},{"@type":"ListItem","position":2,"name":"KONSOLOSLUKLAR","item":"https:\/\/www.myvize.com.tr\/gana\/konsolosluklar\/"},{"@type":"ListItem","position":3,"name":"Gana Konsolosluk \u0130\u015flemleri"}]},{"@type":"WebSite","@id":"https:\/\/www.myvize.com.tr\/gana\/#website","url":"https:\/\/www.myvize.com.tr\/gana\/","name":"Gana Vizesi","description":"","potentialAction":[{"@type":"SearchAction","target":{"@type":"EntryPoint","urlTemplate":"https:\/\/www.myvize.com.tr\/gana\/?s={search_term_string}"},"query-input":{"@type":"PropertyValueSpecification","valueRequired":true,"valueName":"search_term_string"}}],"inLanguage":"tr"}]}},"_links":{"self":[{"href":"https:\/\/www.myvize.com.tr\/gana\/wp-json\/wp\/v2\/pages\/92","targetHints":{"allow":["GET"]}}],"collection":[{"href":"https:\/\/www.myvize.com.tr\/gana\/wp-json\/wp\/v2\/pages"}],"about":[{"href":"https:\/\/www.myvize.com.tr\/gana\/wp-json\/wp\/v2\/types\/page"}],"author":[{"embeddable":true,"href":"https:\/\/www.myvize.com.tr\/gana\/wp-json\/wp\/v2\/users\/1"}],"replies":[{"embeddable":true,"href":"https:\/\/www.myvize.com.tr\/gana\/wp-json\/wp\/v2\/comments?post=92"}],"version-history":[{"count":5,"href":"https:\/\/www.myvize.com.tr\/gana\/wp-json\/wp\/v2\/pages\/92\/revisions"}],"predecessor-version":[{"id":563,"href":"https:\/\/www.myvize.com.tr\/gana\/wp-json\/wp\/v2\/pages\/92\/revisions\/563"}],"up":[{"embeddable":true,"href":"https:\/\/www.myvize.com.tr\/gana\/wp-json\/wp\/v2\/pages\/69"}],"wp:attachment":[{"href":"https:\/\/www.myvize.com.tr\/gana\/wp-json\/wp\/v2\/media?parent=92"}],"curies":[{"name":"wp","href":"https:\/\/api.w.org\/{rel}","templated":true}]}}