{"id":94,"date":"2020-11-30T13:07:41","date_gmt":"2020-11-30T10:07:41","guid":{"rendered":"https:\/\/www.myvize.com.tr\/gana\/?page_id=94"},"modified":"2022-05-07T14:07:44","modified_gmt":"2022-05-07T11:07:44","slug":"baskonsolosluk-bolumleri","status":"publish","type":"page","link":"https:\/\/www.myvize.com.tr\/gana\/konsolosluklar\/baskonsolosluk-bolumleri\/","title":{"rendered":"Gana Ba\u015fkonsolosluk B\u00f6l\u00fcmleri"},"content":{"rendered":"<h2><span style=\"font-family: Roboto; font-size: 27px;\"><b>Gana Ba\u015fkonsolosluk B\u00f6l\u00fcmleri Hakk\u0131nda<\/b><\/span><\/h2>\n<p><span style=\"font-family: Roboto; font-size: 14px;\">T\u00fcrkiye Cumhuriyeti s\u0131n\u0131rlar\u0131 i\u00e7erisinde belirli \u015fehirlerde yer alan Gana ba\u015fkonsoloslar\u0131n\u0131n, farkl\u0131 b\u00f6l\u00fcmleri olmaktad\u0131r. Bu farkl\u0131 b\u00f6l\u00fcmler gerek T\u00fcrkiye\u2019de ikamet etmekte olan Gana vatanda\u015flar\u0131na gerek Gana\u2019ya seyahat etmek isteyen T\u00fcrk vatanda\u015flara hizmet vermektedir. <strong>Gana Ba\u015fkonsolosluk<\/strong> b\u00f6l\u00fcmlerinde y\u00f6netim b\u00f6l\u00fcm\u00fc ba\u015fta olmak \u00fczere ticaret, k\u00fclt\u00fcrel ili\u015fkiler, vize ve di\u011fer konsolosluk i\u015fleri b\u00f6l\u00fcm\u00fc mevcuttur. Y\u00f6netim B\u00f6l\u00fcm\u00fcnde Gana Konsoloslu\u011fu\u2019nun idari yap\u0131lar\u0131 kontrol edilir. Gana Ba\u015fkonsolosluk Ticaret B\u00f6l\u00fcm\u00fc\u2019nde ise Gana\u2019n\u0131n T\u00fcrkiye ile olan ticari ili\u015fkileri ile ilgilenilir. Gana ile T\u00fcrkiye aras\u0131nda bulunan ticari ili\u015fkilerin geli\u015ftirmesinde rol oynar. Ayr\u0131ca Gana Ticaret B\u00f6l\u00fcm\u00fc\u2019nde yeni i\u015f birlikleri olu\u015fturulur.<\/span><\/p>\n<p><span style=\"font-family: Roboto; font-size: 14px;\">Gana ba\u015fkonsoloslu\u011funun bir di\u011fer b\u00f6l\u00fcm\u00fc K\u00fclt\u00fcrel \u0130li\u015fkiler B\u00f6l\u00fcm\u00fc\u2019d\u00fcr. Bu b\u00f6l\u00fcm T\u00fcrkiye ile Gana aras\u0131ndaki k\u00fclt\u00fcr i\u015f birliklerini geli\u015ftirir. Gana Ba\u015fkonsolosluk Vize B\u00f6l\u00fcm\u00fc\u2019nde Gana\u2019ya seyahat etmek isteyen T\u00fcrk vatanda\u015flar\u0131n\u00a0<strong><span style=\"color: #2acec2;\"><a style=\"color: #2acec2;\" href=\"https:\/\/www.myvize.com.tr\/gana\/vize-islemleri\/gana-vizesi\/\" target=\"_blank\" rel=\"noopener\">Gana vizesi<\/a><\/span> i\u015flemleri<\/strong>\u00a0takip edilir. Ki\u015filerin\u00a0<strong>Gana vize \u00fccretleri<\/strong>\u00a0a\u015famalar\u0131n\u0131 takip eder. Ki\u015filer\u00a0<strong>Gana vize<\/strong>\u00a0ba\u015fvuru formlar\u0131n\u0131 ve dilek\u00e7elerini buradan tamamlayabilmektedir. Ayr\u0131ca\u00a0<strong>Gana vizesi<\/strong>\u00a0hakk\u0131nda sorular\u0131 olan ki\u015filere dan\u0131\u015fmanlar yard\u0131mc\u0131 olmaktad\u0131r.<strong> Gana ba\u015fkonsolosluk<\/strong> b\u00f6l\u00fcm\u00fcn\u00fcn bir di\u011fer b\u00f6l\u00fcm\u00fc konsolosluk i\u015fleri b\u00f6l\u00fcm\u00fcd\u00fcr. Burada Gana vatanda\u015flar\u0131 pasaport i\u015flemlerini, noter hizmetlerini, ehliyet ve kimlik i\u015flemlerini yapabilirler.<\/span><\/p>\n","protected":false},"excerpt":{"rendered":"<p>Gana Ba\u015fkonsolosluk B\u00f6l\u00fcmleri Hakk\u0131nda T\u00fcrkiye Cumhuriyeti s\u0131n\u0131rlar\u0131 i\u00e7erisinde belirli \u015fehirlerde yer alan Gana ba\u015fkonsoloslar\u0131n\u0131n, farkl\u0131 b\u00f6l\u00fcmleri olmaktad\u0131r. Bu farkl\u0131 b\u00f6l\u00fcmler gerek T\u00fcrkiye\u2019de ikamet etmekte olan Gana vatanda\u015flar\u0131na gerek Gana\u2019ya seyahat etmek isteyen T\u00fcrk vatanda\u015flara hizmet vermektedir. Gana Ba\u015fkonsolosluk b\u00f6l\u00fcmlerinde y\u00f6netim b\u00f6l\u00fcm\u00fc ba\u015fta olmak \u00fczere ticaret, k\u00fclt\u00fcrel ili\u015fkiler, vize ve di\u011fer konsolosluk i\u015fleri b\u00f6l\u00fcm\u00fc mevcuttur. Y\u00f6netim<\/p>\n","protected":false},"author":1,"featured_media":0,"parent":69,"menu_order":0,"comment_status":"open","ping_status":"closed","template":"","meta":{"footnotes":""},"class_list":["post-94","page","type-page","status-publish","hentry"],"yoast_head":"<!-- This site is optimized with the Yoast SEO plugin v24.0 - https:\/\/yoast.com\/wordpress\/plugins\/seo\/ -->\n<title>Gana Ba\u015fkonsolosluk B\u00f6l\u00fcmleri Nelerdir? - MyVize<\/title>\n<meta name=\"description\" content=\"Gana ba\u015fkonsoloslu\u011fu b\u00f6l\u00fcmleri g\u00f6rev alanlar\u0131 ve mesai saatleri. Gana ba\u015fkonsoloslu\u011fu b\u00f6l\u00fcmleri ileti\u015fim bilgileri.\" \/>\n<meta name=\"robots\" content=\"index, follow, max-snippet:-1, max-image-preview:large, max-video-preview:-1\" \/>\n<link rel=\"canonical\" href=\"https:\/\/www.myvize.com.tr\/gana\/konsolosluklar\/baskonsolosluk-bolumleri\/\" \/>\n<meta property=\"og:locale\" content=\"tr_TR\" \/>\n<meta property=\"og:type\" content=\"article\" \/>\n<meta property=\"og:title\" content=\"Gana Ba\u015fkonsolosluk B\u00f6l\u00fcmleri Nelerdir? - MyVize\" \/>\n<meta property=\"og:description\" content=\"Gana ba\u015fkonsoloslu\u011fu b\u00f6l\u00fcmleri g\u00f6rev alanlar\u0131 ve mesai saatleri. Gana ba\u015fkonsoloslu\u011fu b\u00f6l\u00fcmleri ileti\u015fim bilgileri.\" \/>\n<meta property=\"og:url\" content=\"https:\/\/www.myvize.com.tr\/gana\/konsolosluklar\/baskonsolosluk-bolumleri\/\" \/>\n<meta property=\"og:site_name\" content=\"Gana Vizesi\" \/>\n<meta property=\"article:modified_time\" content=\"2022-05-07T11:07:44+00:00\" \/>\n<meta name=\"twitter:card\" content=\"summary_large_image\" \/>\n<meta name=\"twitter:label1\" content=\"Tahmini okuma s\u00fcresi\" \/>\n\t<meta name=\"twitter:data1\" content=\"1 dakika\" \/>\n<script type=\"application\/ld+json\" class=\"yoast-schema-graph\">{\"@context\":\"https:\/\/schema.org\",\"@graph\":[{\"@type\":\"WebPage\",\"@id\":\"https:\/\/www.myvize.com.tr\/gana\/konsolosluklar\/baskonsolosluk-bolumleri\/\",\"url\":\"https:\/\/www.myvize.com.tr\/gana\/konsolosluklar\/baskonsolosluk-bolumleri\/\",\"name\":\"Gana Ba\u015fkonsolosluk B\u00f6l\u00fcmleri Nelerdir? - MyVize\",\"isPartOf\":{\"@id\":\"https:\/\/www.myvize.com.tr\/gana\/#website\"},\"datePublished\":\"2020-11-30T10:07:41+00:00\",\"dateModified\":\"2022-05-07T11:07:44+00:00\",\"description\":\"Gana ba\u015fkonsoloslu\u011fu b\u00f6l\u00fcmleri g\u00f6rev alanlar\u0131 ve mesai saatleri. Gana ba\u015fkonsoloslu\u011fu b\u00f6l\u00fcmleri ileti\u015fim bilgileri.\",\"breadcrumb\":{\"@id\":\"https:\/\/www.myvize.com.tr\/gana\/konsolosluklar\/baskonsolosluk-bolumleri\/#breadcrumb\"},\"inLanguage\":\"tr\",\"potentialAction\":[{\"@type\":\"ReadAction\",\"target\":[\"https:\/\/www.myvize.com.tr\/gana\/konsolosluklar\/baskonsolosluk-bolumleri\/\"]}]},{\"@type\":\"BreadcrumbList\",\"@id\":\"https:\/\/www.myvize.com.tr\/gana\/konsolosluklar\/baskonsolosluk-bolumleri\/#breadcrumb\",\"itemListElement\":[{\"@type\":\"ListItem\",\"position\":1,\"name\":\"Anasayfa\",\"item\":\"https:\/\/www.myvize.com.tr\/gana\/\"},{\"@type\":\"ListItem\",\"position\":2,\"name\":\"KONSOLOSLUKLAR\",\"item\":\"https:\/\/www.myvize.com.tr\/gana\/konsolosluklar\/\"},{\"@type\":\"ListItem\",\"position\":3,\"name\":\"Gana Ba\u015fkonsolosluk B\u00f6l\u00fcmleri\"}]},{\"@type\":\"WebSite\",\"@id\":\"https:\/\/www.myvize.com.tr\/gana\/#website\",\"url\":\"https:\/\/www.myvize.com.tr\/gana\/\",\"name\":\"Gana Vizesi\",\"description\":\"\",\"potentialAction\":[{\"@type\":\"SearchAction\",\"target\":{\"@type\":\"EntryPoint\",\"urlTemplate\":\"https:\/\/www.myvize.com.tr\/gana\/?s={search_term_string}\"},\"query-input\":{\"@type\":\"PropertyValueSpecification\",\"valueRequired\":true,\"valueName\":\"search_term_string\"}}],\"inLanguage\":\"tr\"}]}<\/script>\n<!-- \/ Yoast SEO plugin. -->","yoast_head_json":{"title":"Gana Ba\u015fkonsolosluk B\u00f6l\u00fcmleri Nelerdir? - MyVize","description":"Gana ba\u015fkonsoloslu\u011fu b\u00f6l\u00fcmleri g\u00f6rev alanlar\u0131 ve mesai saatleri. Gana ba\u015fkonsoloslu\u011fu b\u00f6l\u00fcmleri ileti\u015fim bilgileri.","robots":{"index":"index","follow":"follow","max-snippet":"max-snippet:-1","max-image-preview":"max-image-preview:large","max-video-preview":"max-video-preview:-1"},"canonical":"https:\/\/www.myvize.com.tr\/gana\/konsolosluklar\/baskonsolosluk-bolumleri\/","og_locale":"tr_TR","og_type":"article","og_title":"Gana Ba\u015fkonsolosluk B\u00f6l\u00fcmleri Nelerdir? - MyVize","og_description":"Gana ba\u015fkonsoloslu\u011fu b\u00f6l\u00fcmleri g\u00f6rev alanlar\u0131 ve mesai saatleri. Gana ba\u015fkonsoloslu\u011fu b\u00f6l\u00fcmleri ileti\u015fim bilgileri.","og_url":"https:\/\/www.myvize.com.tr\/gana\/konsolosluklar\/baskonsolosluk-bolumleri\/","og_site_name":"Gana Vizesi","article_modified_time":"2022-05-07T11:07:44+00:00","twitter_card":"summary_large_image","twitter_misc":{"Tahmini okuma s\u00fcresi":"1 dakika"},"schema":{"@context":"https:\/\/schema.org","@graph":[{"@type":"WebPage","@id":"https:\/\/www.myvize.com.tr\/gana\/konsolosluklar\/baskonsolosluk-bolumleri\/","url":"https:\/\/www.myvize.com.tr\/gana\/konsolosluklar\/baskonsolosluk-bolumleri\/","name":"Gana Ba\u015fkonsolosluk B\u00f6l\u00fcmleri Nelerdir? - MyVize","isPartOf":{"@id":"https:\/\/www.myvize.com.tr\/gana\/#website"},"datePublished":"2020-11-30T10:07:41+00:00","dateModified":"2022-05-07T11:07:44+00:00","description":"Gana ba\u015fkonsoloslu\u011fu b\u00f6l\u00fcmleri g\u00f6rev alanlar\u0131 ve mesai saatleri. Gana ba\u015fkonsoloslu\u011fu b\u00f6l\u00fcmleri ileti\u015fim bilgileri.","breadcrumb":{"@id":"https:\/\/www.myvize.com.tr\/gana\/konsolosluklar\/baskonsolosluk-bolumleri\/#breadcrumb"},"inLanguage":"tr","potentialAction":[{"@type":"ReadAction","target":["https:\/\/www.myvize.com.tr\/gana\/konsolosluklar\/baskonsolosluk-bolumleri\/"]}]},{"@type":"BreadcrumbList","@id":"https:\/\/www.myvize.com.tr\/gana\/konsolosluklar\/baskonsolosluk-bolumleri\/#breadcrumb","itemListElement":[{"@type":"ListItem","position":1,"name":"Anasayfa","item":"https:\/\/www.myvize.com.tr\/gana\/"},{"@type":"ListItem","position":2,"name":"KONSOLOSLUKLAR","item":"https:\/\/www.myvize.com.tr\/gana\/konsolosluklar\/"},{"@type":"ListItem","position":3,"name":"Gana Ba\u015fkonsolosluk B\u00f6l\u00fcmleri"}]},{"@type":"WebSite","@id":"https:\/\/www.myvize.com.tr\/gana\/#website","url":"https:\/\/www.myvize.com.tr\/gana\/","name":"Gana Vizesi","description":"","potentialAction":[{"@type":"SearchAction","target":{"@type":"EntryPoint","urlTemplate":"https:\/\/www.myvize.com.tr\/gana\/?s={search_term_string}"},"query-input":{"@type":"PropertyValueSpecification","valueRequired":true,"valueName":"search_term_string"}}],"inLanguage":"tr"}]}},"_links":{"self":[{"href":"https:\/\/www.myvize.com.tr\/gana\/wp-json\/wp\/v2\/pages\/94","targetHints":{"allow":["GET"]}}],"collection":[{"href":"https:\/\/www.myvize.com.tr\/gana\/wp-json\/wp\/v2\/pages"}],"about":[{"href":"https:\/\/www.myvize.com.tr\/gana\/wp-json\/wp\/v2\/types\/page"}],"author":[{"embeddable":true,"href":"https:\/\/www.myvize.com.tr\/gana\/wp-json\/wp\/v2\/users\/1"}],"replies":[{"embeddable":true,"href":"https:\/\/www.myvize.com.tr\/gana\/wp-json\/wp\/v2\/comments?post=94"}],"version-history":[{"count":5,"href":"https:\/\/www.myvize.com.tr\/gana\/wp-json\/wp\/v2\/pages\/94\/revisions"}],"predecessor-version":[{"id":717,"href":"https:\/\/www.myvize.com.tr\/gana\/wp-json\/wp\/v2\/pages\/94\/revisions\/717"}],"up":[{"embeddable":true,"href":"https:\/\/www.myvize.com.tr\/gana\/wp-json\/wp\/v2\/pages\/69"}],"wp:attachment":[{"href":"https:\/\/www.myvize.com.tr\/gana\/wp-json\/wp\/v2\/media?parent=94"}],"curies":[{"name":"wp","href":"https:\/\/api.w.org\/{rel}","templated":true}]}}