{"id":172,"date":"2021-06-16T12:00:32","date_gmt":"2021-06-16T09:00:32","guid":{"rendered":"https:\/\/www.myvize.com.tr\/hindistan\/?page_id=172"},"modified":"2022-04-08T15:44:25","modified_gmt":"2022-04-08T12:44:25","slug":"duyurular","status":"publish","type":"page","link":"https:\/\/www.myvize.com.tr\/hindistan\/duyurular\/","title":{"rendered":"DUYURULAR"},"content":{"rendered":"<p><span style=\"font-family: Roboto;\"><\/span><\/p>\r\n<h2><span style=\"font-family: Roboto; font-size: 27px;\"><strong>Hindistan Covid19 Sonras\u0131 Vize S\u00fcreci<\/strong><\/span><\/h2>\r\n<p><span style=\"font-family: Roboto; font-size: 14px;\">\r\n\r\n<\/span><\/p>\r\n<p><span style=\"font-family: Roboto; font-size: 14px;\">\u015eu an d\u00fcnya \u00fczerinde bulunan \u00fclkeler i\u00e7inde Covid19 salg\u0131n\u0131ndan en \u00e7ok etkilenen \u00fclkelerden ba\u015f\u0131nda Hindistan gelmektedir. Bu y\u00fczden\u00a0<strong>Hindistan Covid19 Vize S\u00fcreci\u00a0<\/strong>olduk\u00e7a s\u0131k\u0131nt\u0131d\u0131r.\u00a0 Bu y\u00fczden Hindistan\u2019a vize ba\u015fvurular\u0131 ge\u00e7ici olarak ask\u0131ya al\u0131nm\u0131\u015ft\u0131r. Hindistan i\u00e7in vize ba\u015fvurusu yapabilmeniz i\u00e7in 30 Temmuz 2021 tarihini beklemeniz gerekecektir. Ancak bu kuraldan muaf olanlarda bulunmaktad\u0131r. Hindistan vatanda\u015flar\u0131 ve Hindistan\u2019a ikametgah\u0131 olan herkes \u00fclkeye giri\u015f yapabilmektedir. Ancak \u015fuan itibari ile vize verilmesi s\u00f6z konusu de\u011fildir. Yetkililerin duyurular\u0131 s\u00fcre\u00e7te takip edilmelidir.<\/span><\/p>\r\n<p><span style=\"font-family: Roboto; font-size: 14px;\">\r\n\r\n<\/span><\/p>\r\n<p><span style=\"font-family: Roboto; font-size: 14px;\"><strong>Hindistan<\/strong><strong>\u00a0Covid19 Vize S\u00fcreci\u00a0<\/strong>ertelemelerini, salg\u0131n\u0131 kontrol alt\u0131na alt\u0131\u011f\u0131nda kald\u0131racakt\u0131r. E\u011fer muaf durumda Hindistan\u2019a gitme zorunlulu\u011funda bulunuyorsan\u0131z, yetmi\u015f iki saat \u00f6nceden mutlaka PCR testine tabi tutulman\u0131z gerekir. Bununla birlikte bir hafta boyunca karantinada kalman\u0131z ve bu s\u00fcre sonunda tekrardan test yapt\u0131rman\u0131z gerekmektedir. Hindistan Pandemiden olduk\u00e7a yara alan bir \u00fclke oldu\u011fu i\u00e7in, \u00fclkeye giri\u015flerin k\u0131s\u0131tlanmas\u0131 \u00e7ok sa\u011fl\u0131kl\u0131 bir davran\u0131\u015ft\u0131r. NAAT belgesini yetkililere \u0130ngilizce , Almanca, Frans\u0131zca, Felemenk\u00e7e, Portekizce veya \u0130spanyol dili ile beyan etmeniz gerekmektedir.\u00a0 Hindistan\u2019\u0131n Covit19 ile s\u0131nav\u0131 olduk\u00e7a \u015fiddetli ge\u00e7ti\u011finden ziyaretler ertelenmelidir.<\/span><\/p>\r\n<p><span style=\"font-family: Roboto;\"><\/span><\/p>","protected":false},"excerpt":{"rendered":"<p>Hindistan Covid19 Sonras\u0131 Vize S\u00fcreci \u015eu an d\u00fcnya \u00fczerinde bulunan \u00fclkeler i\u00e7inde Covid19 salg\u0131n\u0131ndan en \u00e7ok etkilenen \u00fclkelerden ba\u015f\u0131nda Hindistan gelmektedir. Bu y\u00fczden\u00a0Hindistan Covid19 Vize S\u00fcreci\u00a0olduk\u00e7a s\u0131k\u0131nt\u0131d\u0131r.\u00a0 Bu y\u00fczden Hindistan\u2019a vize ba\u015fvurular\u0131 ge\u00e7ici olarak ask\u0131ya al\u0131nm\u0131\u015ft\u0131r. Hindistan i\u00e7in vize ba\u015fvurusu yapabilmeniz i\u00e7in 30 Temmuz 2021 tarihini beklemeniz gerekecektir. Ancak bu kuraldan muaf olanlarda bulunmaktad\u0131r. Hindistan<\/p>\n","protected":false},"author":1,"featured_media":0,"parent":0,"menu_order":0,"comment_status":"closed","ping_status":"closed","template":"","meta":[],"yoast_head":"<!-- This site is optimized with the Yoast SEO plugin v17.6 - https:\/\/yoast.com\/wordpress\/plugins\/seo\/ -->\n<title>Hindistan Vizesi Duyurular\u0131 - COVID-19 - MyVize<\/title>\n<meta name=\"description\" content=\"Hindistan vizesi duyurular\u0131 hakk\u0131nda g\u00fcncel haberler ve veriler i\u00e7in ileti\u015fime ge\u00e7ebilirsiniz. Hindistan Vizesi COVID19 Duyurular\u0131.\" \/>\n<meta name=\"robots\" content=\"index, follow, max-snippet:-1, max-image-preview:large, max-video-preview:-1\" \/>\n<link rel=\"canonical\" href=\"https:\/\/www.myvize.com.tr\/hindistan\/duyurular\/\" \/>\n<meta property=\"og:locale\" content=\"tr_TR\" \/>\n<meta property=\"og:type\" content=\"article\" \/>\n<meta property=\"og:title\" content=\"Hindistan Vizesi Duyurular\u0131 - COVID-19 - MyVize\" \/>\n<meta property=\"og:description\" content=\"Hindistan vizesi duyurular\u0131 hakk\u0131nda g\u00fcncel haberler ve veriler i\u00e7in ileti\u015fime ge\u00e7ebilirsiniz. Hindistan Vizesi COVID19 Duyurular\u0131.\" \/>\n<meta property=\"og:url\" content=\"https:\/\/www.myvize.com.tr\/hindistan\/duyurular\/\" \/>\n<meta property=\"og:site_name\" content=\"Hindistan Vizesi\" \/>\n<meta property=\"article:modified_time\" content=\"2022-04-08T12:44:25+00:00\" \/>\n<meta name=\"twitter:card\" content=\"summary_large_image\" \/>\n<meta name=\"twitter:label1\" content=\"Tahmini okuma s\u00fcresi\" \/>\n\t<meta name=\"twitter:data1\" content=\"1 dakika\" \/>\n<script type=\"application\/ld+json\" class=\"yoast-schema-graph\">{\"@context\":\"https:\/\/schema.org\",\"@graph\":[{\"@type\":\"WebSite\",\"@id\":\"https:\/\/www.myvize.com.tr\/hindistan\/#website\",\"url\":\"https:\/\/www.myvize.com.tr\/hindistan\/\",\"name\":\"Hindistan Vizesi\",\"description\":\"\",\"potentialAction\":[{\"@type\":\"SearchAction\",\"target\":{\"@type\":\"EntryPoint\",\"urlTemplate\":\"https:\/\/www.myvize.com.tr\/hindistan\/?s={search_term_string}\"},\"query-input\":\"required name=search_term_string\"}],\"inLanguage\":\"tr\"},{\"@type\":\"WebPage\",\"@id\":\"https:\/\/www.myvize.com.tr\/hindistan\/duyurular\/#webpage\",\"url\":\"https:\/\/www.myvize.com.tr\/hindistan\/duyurular\/\",\"name\":\"Hindistan Vizesi Duyurular\\u0131 - COVID-19 - MyVize\",\"isPartOf\":{\"@id\":\"https:\/\/www.myvize.com.tr\/hindistan\/#website\"},\"datePublished\":\"2021-06-16T09:00:32+00:00\",\"dateModified\":\"2022-04-08T12:44:25+00:00\",\"description\":\"Hindistan vizesi duyurular\\u0131 hakk\\u0131nda g\\u00fcncel haberler ve veriler i\\u00e7in ileti\\u015fime ge\\u00e7ebilirsiniz. Hindistan Vizesi COVID19 Duyurular\\u0131.\",\"breadcrumb\":{\"@id\":\"https:\/\/www.myvize.com.tr\/hindistan\/duyurular\/#breadcrumb\"},\"inLanguage\":\"tr\",\"potentialAction\":[{\"@type\":\"ReadAction\",\"target\":[\"https:\/\/www.myvize.com.tr\/hindistan\/duyurular\/\"]}]},{\"@type\":\"BreadcrumbList\",\"@id\":\"https:\/\/www.myvize.com.tr\/hindistan\/duyurular\/#breadcrumb\",\"itemListElement\":[{\"@type\":\"ListItem\",\"position\":1,\"name\":\"Anasayfa\",\"item\":\"https:\/\/www.myvize.com.tr\/hindistan\/\"},{\"@type\":\"ListItem\",\"position\":2,\"name\":\"DUYURULAR\"}]}]}<\/script>\n<!-- \/ Yoast SEO plugin. -->","yoast_head_json":{"title":"Hindistan Vizesi Duyurular\u0131 - COVID-19 - MyVize","description":"Hindistan vizesi duyurular\u0131 hakk\u0131nda g\u00fcncel haberler ve veriler i\u00e7in ileti\u015fime ge\u00e7ebilirsiniz. Hindistan Vizesi COVID19 Duyurular\u0131.","robots":{"index":"index","follow":"follow","max-snippet":"max-snippet:-1","max-image-preview":"max-image-preview:large","max-video-preview":"max-video-preview:-1"},"canonical":"https:\/\/www.myvize.com.tr\/hindistan\/duyurular\/","og_locale":"tr_TR","og_type":"article","og_title":"Hindistan Vizesi Duyurular\u0131 - COVID-19 - MyVize","og_description":"Hindistan vizesi duyurular\u0131 hakk\u0131nda g\u00fcncel haberler ve veriler i\u00e7in ileti\u015fime ge\u00e7ebilirsiniz. Hindistan Vizesi COVID19 Duyurular\u0131.","og_url":"https:\/\/www.myvize.com.tr\/hindistan\/duyurular\/","og_site_name":"Hindistan Vizesi","article_modified_time":"2022-04-08T12:44:25+00:00","twitter_card":"summary_large_image","twitter_misc":{"Tahmini okuma s\u00fcresi":"1 dakika"},"schema":{"@context":"https:\/\/schema.org","@graph":[{"@type":"WebSite","@id":"https:\/\/www.myvize.com.tr\/hindistan\/#website","url":"https:\/\/www.myvize.com.tr\/hindistan\/","name":"Hindistan Vizesi","description":"","potentialAction":[{"@type":"SearchAction","target":{"@type":"EntryPoint","urlTemplate":"https:\/\/www.myvize.com.tr\/hindistan\/?s={search_term_string}"},"query-input":"required name=search_term_string"}],"inLanguage":"tr"},{"@type":"WebPage","@id":"https:\/\/www.myvize.com.tr\/hindistan\/duyurular\/#webpage","url":"https:\/\/www.myvize.com.tr\/hindistan\/duyurular\/","name":"Hindistan Vizesi Duyurular\u0131 - COVID-19 - MyVize","isPartOf":{"@id":"https:\/\/www.myvize.com.tr\/hindistan\/#website"},"datePublished":"2021-06-16T09:00:32+00:00","dateModified":"2022-04-08T12:44:25+00:00","description":"Hindistan vizesi duyurular\u0131 hakk\u0131nda g\u00fcncel haberler ve veriler i\u00e7in ileti\u015fime ge\u00e7ebilirsiniz. Hindistan Vizesi COVID19 Duyurular\u0131.","breadcrumb":{"@id":"https:\/\/www.myvize.com.tr\/hindistan\/duyurular\/#breadcrumb"},"inLanguage":"tr","potentialAction":[{"@type":"ReadAction","target":["https:\/\/www.myvize.com.tr\/hindistan\/duyurular\/"]}]},{"@type":"BreadcrumbList","@id":"https:\/\/www.myvize.com.tr\/hindistan\/duyurular\/#breadcrumb","itemListElement":[{"@type":"ListItem","position":1,"name":"Anasayfa","item":"https:\/\/www.myvize.com.tr\/hindistan\/"},{"@type":"ListItem","position":2,"name":"DUYURULAR"}]}]}},"_links":{"self":[{"href":"https:\/\/www.myvize.com.tr\/hindistan\/wp-json\/wp\/v2\/pages\/172"}],"collection":[{"href":"https:\/\/www.myvize.com.tr\/hindistan\/wp-json\/wp\/v2\/pages"}],"about":[{"href":"https:\/\/www.myvize.com.tr\/hindistan\/wp-json\/wp\/v2\/types\/page"}],"author":[{"embeddable":true,"href":"https:\/\/www.myvize.com.tr\/hindistan\/wp-json\/wp\/v2\/users\/1"}],"replies":[{"embeddable":true,"href":"https:\/\/www.myvize.com.tr\/hindistan\/wp-json\/wp\/v2\/comments?post=172"}],"version-history":[{"count":5,"href":"https:\/\/www.myvize.com.tr\/hindistan\/wp-json\/wp\/v2\/pages\/172\/revisions"}],"predecessor-version":[{"id":737,"href":"https:\/\/www.myvize.com.tr\/hindistan\/wp-json\/wp\/v2\/pages\/172\/revisions\/737"}],"wp:attachment":[{"href":"https:\/\/www.myvize.com.tr\/hindistan\/wp-json\/wp\/v2\/media?parent=172"}],"curies":[{"name":"wp","href":"https:\/\/api.w.org\/{rel}","templated":true}]}}