{"id":47,"date":"2020-11-30T12:48:28","date_gmt":"2020-11-30T09:48:28","guid":{"rendered":"https:\/\/www.myvize.com.tr\/hindistan\/?page_id=47"},"modified":"2022-04-08T14:51:34","modified_gmt":"2022-04-08T11:51:34","slug":"hindistan-vize-basvuru-formu","status":"publish","type":"page","link":"https:\/\/www.myvize.com.tr\/hindistan\/vize-islemleri\/hindistan-vize-basvuru-formu\/","title":{"rendered":"Hindistan Vize Ba\u015fvuru Formu"},"content":{"rendered":"<h2><span style=\"font-family: Roboto; font-size: 27px;\"><strong>Hindistan Vize Ba\u015fvuru Formu Hakk\u0131nda<\/strong><\/span><\/h2>\n<p><span style=\"font-family: Roboto; font-size: 14px;\"><strong>Hindistan vizesi ba\u015fvuru formu<\/strong>, Hindistan Ba\u015fkonsoloslu\u011fu taraf\u0131ndan haz\u0131rlanarak, konsoloslu\u011fun <strong>Hindistan vize<\/strong> ba\u015fvuru sahibi hakk\u0131nda bilgi edinilmesi sa\u011flanmaktad\u0131r. Hindistan Konsoloslu\u011fu taraf\u0131ndan haz\u0131rlam\u0131\u015f oldu\u011fu ba\u015fvuru formu doldurulmas\u0131 zorunlu olan online olarak doldurulan bir formdur.<\/span><br \/>\n<span style=\"font-family: Roboto; font-size: 14px;\"><strong>Hindistan vize ba\u015fvuru formu<\/strong>, eksiksiz ve do\u011fru uygun bilgiyle doldurulmal\u0131d\u0131r. <strong>Hindistan Konsoloslu\u011fu<\/strong> vizesi ba\u015fvuru sahibi hakk\u0131nda detayl\u0131 bilgi ba\u015fvuru formu arac\u0131l\u0131\u011f\u0131yla ula\u015f\u0131rken, <strong>Hindistan vize ba\u015fvurusu<\/strong> formunda eksiksiz ve do\u011fru bilgiler verilmelidir. Hindistan vize ba\u015fvuru formundaki bilgilerin, ba\u015fvuru evrak\u0131nda bulunan bilginizi desteklemesi ise Hindistan Konsoloslu\u011fu dikkat etti\u011fi konudur. Hindistan Konsoloslu\u011fu <strong>vize ba\u015fvurusu formu<\/strong> ve ba\u015fvuru evrak\u0131 aras\u0131nda beyan etti\u011finiz bilgiyi dikkate alacak, uyumsuz veya ger\u00e7e\u011fe uygun olmayan bilginizle kar\u015f\u0131la\u015fmas\u0131 durumunda vize ba\u015fvuru i\u015fleminiz reddedebilecektir.<\/span><br \/>\n<span style=\"font-family: Roboto; font-size: 14px;\">Ayr\u0131ca<span style=\"color: #2acec2;\"><strong><a style=\"color: #2acec2;\" href=\"https:\/\/www.myvize.com.tr\/hindistan\/vize-islemleri\/hindistan-vizesi\/\" target=\"_blank\" rel=\"noopener\"> Hindistan vizesi<\/a><\/strong><\/span> ba\u015fvuru formu doldurulup imzalanmas\u0131 durumunda, vize s\u00fcresi sonunda \u00fclkeyi terk edece\u011fi, vize alm\u0131\u015f olman\u0131z Hindistan\u2019a giri\u015finiz garanti etmeyece\u011fini, \u00fclkeye giri\u015f Hindistan s\u0131n\u0131r g\u00f6revlisinin sorumlulu\u011funda oldu\u011funu ba\u015ftan kabul etti\u011finizi i\u00e7eren bir i\u00e7eri\u011fe de sahiptir. Ba\u015fvuru formuyla beraber gerekli mercilere ba\u015fvuruda bulunabilirsiniz.<\/span><\/p>\n<p><img src=\"https:\/\/www.myvize.com.tr\/hindistan\/wp-content\/uploads\/2021\/10\/36.jpg\" \/><\/p>\n<h2><strong><span style=\"font-family: Roboto; font-size: 27px;\">Hindistan Vize Ba\u015fvuru Formu \u0130le \u0130lgili<\/span><\/strong><\/h2>\n<p><span style=\"font-family: Roboto; font-size: 14px;\">Hindistan\u2019a seyahat edecek olan ki\u015filerin<strong> Hindistan vize ba\u015fvuru formu<\/strong> doldurmas\u0131 gerekmektedir. Hindistan vize ba\u015fvuru formu Hindistan vize ba\u015fvurusu incelenirken ba\u015fvuru sahibini daha iyi tan\u0131mas\u0131n\u0131 ve vize hakk\u0131nda daha iyi kararlar verilmesini sa\u011flamaktad\u0131r.<\/span><\/p>\n<p><span style=\"font-family: Roboto; font-size: 14px;\"><strong>Hindistan vize ba\u015fvuru formu<\/strong>, Hindistan D\u0131\u015fi\u015fleri Bakanl\u0131\u011f\u0131 taraf\u0131ndan haz\u0131rlanm\u0131\u015ft\u0131r. <strong>Hindistan vize<\/strong> ba\u015fvuru formunun doldurulmas\u0131 zorunludur ve online olarak doldurulmas\u0131 gerekmektedir. \u00a0<\/span><\/p>\n<p><span style=\"font-family: Roboto; font-size: 14px;\"><strong>Hindistan vize ba\u015fvuru formu<\/strong>, eksiksiz ve ger\u00e7e\u011fe en yak\u0131n \u015fekilde doldurulmal\u0131d\u0131r. Bu formda <strong>Hindistan vize ba\u015fvuru<\/strong> sahibi hakk\u0131nda detayl\u0131 bilgi yer almal\u0131d\u0131r. Bu formda vermi\u015f oldu\u011funuz bilgiler, teslim edilen di\u011fer belgelerde bulunan bilgiler ile uyu\u015fmal\u0131d\u0131r. Bu formdaki bilgiler ile teslim edilen di\u011fer evraklarda yer alan bilgiler aras\u0131nda uyu\u015fmazl\u0131k olmas\u0131 durumunda ba\u015fvurunuz reddedilecektir.<\/span><\/p>\n<p><span style=\"font-family: Roboto; font-size: 14px;\"><strong>Hindistan vize ba\u015fvuru formu<\/strong> uluslararas\u0131 ge\u00e7erlili\u011fi olan resmi bir belgedir. Form doldurulurken sahte bilgilerin verilmesinin su\u00e7 unsuru oldu\u011fu bilinmelidir. Bu durum ba\u015fvurunun reddedilmesinin yan\u0131nda ceza al\u0131nmas\u0131na yol a\u00e7abilir. Bu cezalar vize ba\u015fvurusunun reddedilmesi, Hindistan vizesi alman\u0131n zorla\u015fmas\u0131 ve para cezas\u0131 gibi cezalar olabilir. Bu formun hatas\u0131z olarak doldurulmas\u0131 ba\u015fvurunun sonu\u00e7lanmas\u0131n\u0131 do\u011frudan etkilemektedir.<\/span><\/p>\n<h2><strong><span style=\"font-family: Roboto; font-size: 27px;\">Hindistan Vize Ba\u015fvuru Formu Nereden Al\u0131n\u0131r?<\/span><\/strong><\/h2>\n<p><span style=\"font-family: Roboto; font-size: 14px;\">Hindistan\u2019a seyahat etmek isteyen ki\u015filer seyahat amac\u0131na uygun Hindistan vizesi almal\u0131d\u0131r. <strong>Hindistan vizesi<\/strong> alacak olan ki\u015filerin baz\u0131 evraklar\u0131 eksiksiz olarak haz\u0131rlamas\u0131 gerekmektedir. Bu evraklardan birisi de Hindistan vize ba\u015fvuru formudur. Hindistan vize ba\u015fvuru formu dolduracak olan ki\u015filer, formun nereden al\u0131naca\u011f\u0131n\u0131 merak etmektedir. Bu yaz\u0131da <span style=\"color: #2acec2;\"><strong><a style=\"color: #2acec2;\" href=\"https:\/\/www.myvize.com.tr\/hindistan\/hindistan-vize-basvurusu\/\" target=\"_blank\" rel=\"noopener\">Hindistan vize ba\u015fvuru<\/a><\/strong><\/span> formu alacak olan ki\u015filer i\u00e7in \u2018\u2019Hindistan vize ba\u015fvuru formu nereden al\u0131n\u0131r\u2019\u2019 sorusunun cevab\u0131 verilmi\u015ftir.<\/span><\/p>\n<p><span style=\"font-family: Roboto; font-size: 14px;\"><strong>Hindistan vize ba\u015fvuru formu<\/strong> online olarak doldurulan bir formdur. Bu nedenle \u201cHindistan vize ba\u015fvuru formu nereden al\u0131n\u0131r\u201d sorusuna verilebilecek cevap Hindistan Konsoloslu\u011fu resmi internet sitesi cevab\u0131 verilebilir.<\/span><\/p>\n<p><span style=\"font-family: Roboto; font-size: 14px;\">Hindistan vize ba\u015fvuru formu dolduracak olan ki\u015filer, Hindistan Konsoloslu\u011fu\u2019nun resmi web sitesine giri\u015f yapacak vize ba\u015fvuru formunu seyahat amac\u0131na uygun doldurulmal\u0131d\u0131r. Form doldurulduktan sonra \u00e7\u0131kt\u0131s\u0131 al\u0131nmal\u0131d\u0131r.<\/span><\/p>\n<p><span style=\"font-family: Roboto; font-size: 14px;\"><strong>Hindistan vize ba\u015fvuru formu,<\/strong> Hindistan Konsoloslu\u011fu\u2019nun ba\u015fvuru s\u0131ras\u0131nda ba\u015fvuru sahibini daha iyi tan\u0131mas\u0131n\u0131 sa\u011flamaktad\u0131r. Hindistan vize ba\u015fvurusu yapacak olan ki\u015filerin bu formu doldurmas\u0131 zorunludur. <strong>Hindistan vize ba\u015fvuru formu<\/strong> olmadan vize ba\u015fvurular\u0131 kabul edilmemektedir. Hindistan vize ba\u015fvuru formu ile ilgili detayl\u0131 bilgi almak i\u00e7in konsolosluk ile ileti\u015fime ge\u00e7ebilirsiniz.<\/span><\/p>\n<h2><strong><span style=\"font-family: Roboto; font-size: 27px;\">Hindistan Vize Ba\u015fvuru Formu Nas\u0131l Doldurulur?<\/span><\/strong><\/h2>\n<p><span style=\"font-family: Roboto; font-size: 14px;\"><strong>Hindistan\u2019a seyahat edecek<\/strong> olan ki\u015filerin seyahat amac\u0131na uygun vize almas\u0131 gerekmektedir. <strong>Hindistan vize ba\u015fvurusu<\/strong> yapacak olan ki\u015filerin ba\u015fvuruda bulunabilmek i\u00e7in baz\u0131 evraklar\u0131 haz\u0131rlamas\u0131 gerekmektedir. Bu evraklardan birisi de Hindistan vize ba\u015fvuru formudur. <strong>Hindistan vize ba\u015fvurusu<\/strong> yapacak olan ki\u015filer Hindistan vize ba\u015fvurusunun nas\u0131l doldurulaca\u011f\u0131n\u0131 merak etmektedir. Bu yaz\u0131da Hindistan vize ba\u015fvurusu yapacak olan ki\u015filer i\u00e7in \u201cHindistan vize ba\u015fvuru formu nas\u0131l doldurulur\u201d sorusunun cevab\u0131 verilmi\u015ftir.<\/span><\/p>\n<p><span style=\"font-family: Roboto; font-size: 14px;\"><strong>Hindistan vize ba\u015fvurusu<\/strong> yapacak olan ki\u015filerin <strong>Hindistan vize ba\u015fvuru formu<\/strong> doldurmas\u0131 gerekmektedir.<strong> Hindistan vize ba\u015fvuru<\/strong> formu doldurmayan ki\u015filerin vize ba\u015fvurusu kabul edilmemektedir.<\/span><\/p>\n<p><span style=\"font-family: Roboto; font-size: 14px;\"><strong>Hindistan vize ba\u015fvuru formu<\/strong> online olarak<strong> Hindistan Konsoloslu\u011fu resmi internet sitesi<\/strong> \u00fczerinden doldurulmal\u0131d\u0131r. Hindistan vize ba\u015fvuru formu dolduracak olan ki\u015filer formu online olarak doldurmal\u0131d\u0131r. Form doldurulduktan sonra \u00e7\u0131kt\u0131s\u0131 al\u0131nmal\u0131 ve ba\u015fvuru sahibi taraf\u0131ndan imzalanmal\u0131d\u0131r.<\/span><\/p>\n<p><span style=\"font-family: Roboto; font-size: 14px;\"><strong>Hindistan vize<\/strong> ba\u015fvuru formu seyahat amac\u0131na uygun doldurulmal\u0131d\u0131r. Hindistan\u2019a seyahat etmek isteyen ki\u015filer, forma girdi\u011fi bilgileri eksiksiz olarak doldurmal\u0131d\u0131r. Forma girilen bilgilerin hatas\u0131z olmas\u0131 ba\u015fvurunun olumlu sonu\u00e7lanmas\u0131 i\u00e7in \u00e7ok \u00f6nemlidir. Form dolduracak olan ki\u015filer ba\u015fvuru i\u00e7in profesyonel destek alabilir.<\/span><\/p>\n<h3><strong><span style=\"font-family: Roboto; font-size: 24px;\">Hindistan Vize Ba\u015fvuru Formu Hangi Dilde Doldurulmal\u0131?<\/span><\/strong><\/h3>\n<p><span style=\"font-family: Roboto; font-size: 14px;\"><strong>Hindistan\u2019a seyahat edecek<\/strong> olan ki\u015filerin seyahatleri i\u00e7in vize almas\u0131 gerekmektedir. <strong>Hindistan vizesi<\/strong> alacak olan ki\u015filerin yerine getirmesi gereken baz\u0131 durumlar bulunmaktad\u0131r. Bunlardan birisi de ba\u015fvuru i\u00e7in gerekli olan evraklar\u0131n eksiksiz olarak haz\u0131rlanmas\u0131d\u0131r. <strong>Hindistan vize ba\u015fvurusu<\/strong> i\u00e7in istenen evraklar i\u00e7erisinde en \u00f6nemli olan\u0131 ise Hindistan vize ba\u015fvuru formudur. Hindistan vize ba\u015fvurusu dolduracak olan ki\u015filer formun hangi dilde doldurulaca\u011f\u0131n\u0131 merak etmektedir. Bu yaz\u0131da \u2018\u2019Hindistan vize ba\u015fvuru formu hangi dilde doldurulur\u2019\u2019 sorusunun cevab\u0131 verilmi\u015ftir.<\/span><\/p>\n<p><span style=\"font-family: Roboto; font-size: 14px;\"><strong>Hindistan vize ba\u015fvuru formu<\/strong> vize ba\u015fvurusunda bulunabilmek i\u00e7in doldurulmas\u0131 gereken evraklardand\u0131r. Hindistan vize ba\u015fvuru formu olmadan vize ba\u015fvurular\u0131 kabul edilmemektedir. Formun hatas\u0131z ve istenen dilde doldurulmas\u0131 gerekmektedir.<\/span><\/p>\n<p><span style=\"font-family: Roboto; font-size: 14px;\">Hindistan vize ba\u015fvuru formu \u0130ngilizce olarak haz\u0131rlanm\u0131\u015ft\u0131r. Bu nedenle formun da \u0130ngilizce olarak doldurulmas\u0131 gerekmektedir. Farkl\u0131 dillerde doldurulan Hindistan vize ba\u015fvuru formu kabul edilmemektedir. <strong>Hindistan vize ba\u015fvuru<\/strong> formunda T\u00fcrk\u00e7e karakter kullan\u0131lmamas\u0131 tavsiye edilmektedir.<\/span><\/p>\n<p><span style=\"font-family: Roboto; font-size: 14px;\"><strong>Hindistan vize ba\u015fvuru<\/strong> formunun hangi dilde doldurulaca\u011f\u0131n\u0131n cevab\u0131 yukar\u0131da verilmi\u015ftir. Ba\u015fvuruda bulunacak olan ki\u015filerin yeterli \u0130ngilizcesi yoksa ya da form doldurma i\u015fi ile u\u011fra\u015fmak istenmiyorsa profesyonel destek al\u0131nmal\u0131d\u0131r.<\/span><\/p>\n<h3><strong><span style=\"font-family: Roboto; font-size: 24px;\">Hindistan Vize Ba\u015fvuru Formu \u00d6rne\u011fi<\/span><\/strong><\/h3>\n<p><span style=\"font-family: Roboto; font-size: 14px;\">Hindistan\u2019a seyahat etmek isteyen ki\u015filerin seyahat ma\u00e7\u0131na uygun <strong>Hindistan vizesi<\/strong> almas\u0131 gerekmektedir. Hindistan vizesi alacak olan ki\u015filerin ba\u015fvuruda bulunabilmek i\u00e7in baz\u0131 \u015fartlar\u0131 yerine getirmesi gerekmektedir. Bunlardan birisi de Hindistan vize ba\u015fvurusu i\u00e7in istenen evraklar\u0131n seyahat amac\u0131na uygun olarak haz\u0131rlanmas\u0131d\u0131r. <strong>Hindistan vize ba\u015fvurusu<\/strong> yapacak olan ki\u015filerin haz\u0131rlamas\u0131 gereken evraklardan birisi de Hindistan vize ba\u015fvuru formudur. Hindistan vize ba\u015fvuru formu dolduracak olan ki\u015filer Hindistan vize ba\u015fvuru formu \u00f6rne\u011fi aramaktad\u0131r.<\/span><\/p>\n<p><span style=\"font-family: Roboto; font-size: 14px;\"><strong>Hindistan vize ba\u015fvuru formu online<\/strong> olarak doldurulmaktad\u0131r. Bu nedenle Hindistan vize ba\u015fvuru formu \u00f6rne\u011fi yoktur. Hindistan vize ba\u015fvuru formu online web sitesi \u00fczerinden doldurulmal\u0131d\u0131r.<\/span><\/p>\n<p><span style=\"font-family: Roboto; font-size: 14px;\"><strong>Hindistan vize ba\u015fvuru formu<\/strong> dolduracak olan ki\u015filer, formun nas\u0131l doldurulaca\u011f\u0131n\u0131 merak etmektedir. Form \u0130ngilizce olarak Hindistan Konsoloslu\u011fu resmi web sitesi \u00fczerinden doldurulmal\u0131d\u0131r. Forma eksiksiz ve hatas\u0131z bilgi girilmelidir.<\/span><\/p>\n<p><span style=\"font-family: Roboto; font-size: 14px;\"><strong>Hindistan vize ba\u015fvuru formu<\/strong> dolduracak olan ki\u015filer, formun nas\u0131l doldurulaca\u011f\u0131n\u0131 bilmemektedir. <strong>Hindistan vize ba\u015fvuru<\/strong> formunu dolduracak olan ki\u015filer, form doldurma a\u015famas\u0131nda profesyonel destek alabilmektedir. Formun doldurulmas\u0131 vize ba\u015fvurusunun sonucunu do\u011frudan etkilemektedir. Bu nedenle profesyonel bir ki\u015fi taraf\u0131ndan doldurulmas\u0131 \u00f6nemlidir.<\/span><\/p>\n<p><img loading=\"lazy\" src=\"https:\/\/www.myvize.com.tr\/romanya\/wp-content\/uploads\/2021\/07\/aDOBE-LOGO-1.png\" width=\"75\" height=\"75\" \/><strong><span style=\"font-family: Roboto; font-size: 20px;\"> \u00a0\u00a0Hindistan Vizesi Ba\u015fvuru Formunu\u00a0 <a href=\"https:\/\/www.myvize.com.tr\/hindistan\/wp-content\/uploads\/2021\/12\/TURIV021C519-1.pdf\" target=\"_blank\" rel=\"noreferrer noopener\">(<span style=\"color: #2acec2;\">\u0130ndirmek \u0130\u00e7in T\u0131klay\u0131n\u0131z!!<\/span>)<\/a><\/span><\/strong><\/p>\n","protected":false},"excerpt":{"rendered":"<p>Hindistan Vize Ba\u015fvuru Formu Hakk\u0131nda Hindistan vizesi ba\u015fvuru formu, Hindistan Ba\u015fkonsoloslu\u011fu taraf\u0131ndan haz\u0131rlanarak, konsoloslu\u011fun Hindistan vize ba\u015fvuru sahibi hakk\u0131nda bilgi edinilmesi sa\u011flanmaktad\u0131r. Hindistan Konsoloslu\u011fu taraf\u0131ndan haz\u0131rlam\u0131\u015f oldu\u011fu ba\u015fvuru formu doldurulmas\u0131 zorunlu olan online olarak doldurulan bir formdur. Hindistan vize ba\u015fvuru formu, eksiksiz ve do\u011fru uygun bilgiyle doldurulmal\u0131d\u0131r. Hindistan Konsoloslu\u011fu vizesi ba\u015fvuru sahibi hakk\u0131nda detayl\u0131 bilgi<\/p>\n","protected":false},"author":1,"featured_media":0,"parent":18,"menu_order":0,"comment_status":"open","ping_status":"closed","template":"","meta":[],"yoast_head":"<!-- This site is optimized with the Yoast SEO plugin v17.6 - https:\/\/yoast.com\/wordpress\/plugins\/seo\/ -->\n<title>Hindistan Vizesi Ba\u015fvuru Formu - Hindistan Vize - MyVize<\/title>\n<meta name=\"description\" content=\"Hindistan ba\u015fvuru formuna dair g\u00fcncel veriler. Hindistan ba\u015fvuru formu detayl\u0131 g\u00f6rsel anlat\u0131m. Hindistan ba\u015fvuru formu i\u00e7in ileti\u015fime ge\u00e7in.\" \/>\n<meta name=\"robots\" content=\"index, follow, max-snippet:-1, max-image-preview:large, max-video-preview:-1\" \/>\n<link rel=\"canonical\" href=\"https:\/\/www.myvize.com.tr\/hindistan\/vize-islemleri\/hindistan-vize-basvuru-formu\/\" \/>\n<meta property=\"og:locale\" content=\"tr_TR\" \/>\n<meta property=\"og:type\" content=\"article\" \/>\n<meta property=\"og:title\" content=\"Hindistan Vizesi Ba\u015fvuru Formu - Hindistan Vize - MyVize\" \/>\n<meta property=\"og:description\" content=\"Hindistan ba\u015fvuru formuna dair g\u00fcncel veriler. Hindistan ba\u015fvuru formu detayl\u0131 g\u00f6rsel anlat\u0131m. Hindistan ba\u015fvuru formu i\u00e7in ileti\u015fime ge\u00e7in.\" \/>\n<meta property=\"og:url\" content=\"https:\/\/www.myvize.com.tr\/hindistan\/vize-islemleri\/hindistan-vize-basvuru-formu\/\" \/>\n<meta property=\"og:site_name\" content=\"Hindistan Vizesi\" \/>\n<meta property=\"article:modified_time\" content=\"2022-04-08T11:51:34+00:00\" \/>\n<meta property=\"og:image\" content=\"https:\/\/www.myvize.com.tr\/hindistan\/wp-content\/uploads\/2021\/10\/36.jpg\" \/>\n<meta name=\"twitter:card\" content=\"summary_large_image\" \/>\n<meta name=\"twitter:label1\" content=\"Tahmini okuma s\u00fcresi\" \/>\n\t<meta name=\"twitter:data1\" content=\"5 dakika\" \/>\n<script type=\"application\/ld+json\" class=\"yoast-schema-graph\">{\"@context\":\"https:\/\/schema.org\",\"@graph\":[{\"@type\":\"WebSite\",\"@id\":\"https:\/\/www.myvize.com.tr\/hindistan\/#website\",\"url\":\"https:\/\/www.myvize.com.tr\/hindistan\/\",\"name\":\"Hindistan Vizesi\",\"description\":\"\",\"potentialAction\":[{\"@type\":\"SearchAction\",\"target\":{\"@type\":\"EntryPoint\",\"urlTemplate\":\"https:\/\/www.myvize.com.tr\/hindistan\/?s={search_term_string}\"},\"query-input\":\"required name=search_term_string\"}],\"inLanguage\":\"tr\"},{\"@type\":\"ImageObject\",\"@id\":\"https:\/\/www.myvize.com.tr\/hindistan\/vize-islemleri\/hindistan-vize-basvuru-formu\/#primaryimage\",\"inLanguage\":\"tr\",\"url\":\"https:\/\/www.myvize.com.tr\/hindistan\/wp-content\/uploads\/2021\/10\/36.jpg\",\"contentUrl\":\"https:\/\/www.myvize.com.tr\/hindistan\/wp-content\/uploads\/2021\/10\/36.jpg\",\"width\":800,\"height\":500,\"caption\":\"Hindistan Vize Ba\\u015fvuru Formu\"},{\"@type\":\"WebPage\",\"@id\":\"https:\/\/www.myvize.com.tr\/hindistan\/vize-islemleri\/hindistan-vize-basvuru-formu\/#webpage\",\"url\":\"https:\/\/www.myvize.com.tr\/hindistan\/vize-islemleri\/hindistan-vize-basvuru-formu\/\",\"name\":\"Hindistan Vizesi Ba\\u015fvuru Formu - Hindistan Vize - MyVize\",\"isPartOf\":{\"@id\":\"https:\/\/www.myvize.com.tr\/hindistan\/#website\"},\"primaryImageOfPage\":{\"@id\":\"https:\/\/www.myvize.com.tr\/hindistan\/vize-islemleri\/hindistan-vize-basvuru-formu\/#primaryimage\"},\"datePublished\":\"2020-11-30T09:48:28+00:00\",\"dateModified\":\"2022-04-08T11:51:34+00:00\",\"description\":\"Hindistan ba\\u015fvuru formuna dair g\\u00fcncel veriler. Hindistan ba\\u015fvuru formu detayl\\u0131 g\\u00f6rsel anlat\\u0131m. Hindistan ba\\u015fvuru formu i\\u00e7in ileti\\u015fime ge\\u00e7in.\",\"breadcrumb\":{\"@id\":\"https:\/\/www.myvize.com.tr\/hindistan\/vize-islemleri\/hindistan-vize-basvuru-formu\/#breadcrumb\"},\"inLanguage\":\"tr\",\"potentialAction\":[{\"@type\":\"ReadAction\",\"target\":[\"https:\/\/www.myvize.com.tr\/hindistan\/vize-islemleri\/hindistan-vize-basvuru-formu\/\"]}]},{\"@type\":\"BreadcrumbList\",\"@id\":\"https:\/\/www.myvize.com.tr\/hindistan\/vize-islemleri\/hindistan-vize-basvuru-formu\/#breadcrumb\",\"itemListElement\":[{\"@type\":\"ListItem\",\"position\":1,\"name\":\"Anasayfa\",\"item\":\"https:\/\/www.myvize.com.tr\/hindistan\/\"},{\"@type\":\"ListItem\",\"position\":2,\"name\":\"V\\u0130ZE \\u0130\\u015eLEMLER\\u0130\",\"item\":\"https:\/\/www.myvize.com.tr\/hindistan\/vize-islemleri\/\"},{\"@type\":\"ListItem\",\"position\":3,\"name\":\"Hindistan Vize Ba\\u015fvuru Formu\"}]}]}<\/script>\n<!-- \/ Yoast SEO plugin. -->","yoast_head_json":{"title":"Hindistan Vizesi Ba\u015fvuru Formu - Hindistan Vize - MyVize","description":"Hindistan ba\u015fvuru formuna dair g\u00fcncel veriler. Hindistan ba\u015fvuru formu detayl\u0131 g\u00f6rsel anlat\u0131m. Hindistan ba\u015fvuru formu i\u00e7in ileti\u015fime ge\u00e7in.","robots":{"index":"index","follow":"follow","max-snippet":"max-snippet:-1","max-image-preview":"max-image-preview:large","max-video-preview":"max-video-preview:-1"},"canonical":"https:\/\/www.myvize.com.tr\/hindistan\/vize-islemleri\/hindistan-vize-basvuru-formu\/","og_locale":"tr_TR","og_type":"article","og_title":"Hindistan Vizesi Ba\u015fvuru Formu - Hindistan Vize - MyVize","og_description":"Hindistan ba\u015fvuru formuna dair g\u00fcncel veriler. Hindistan ba\u015fvuru formu detayl\u0131 g\u00f6rsel anlat\u0131m. Hindistan ba\u015fvuru formu i\u00e7in ileti\u015fime ge\u00e7in.","og_url":"https:\/\/www.myvize.com.tr\/hindistan\/vize-islemleri\/hindistan-vize-basvuru-formu\/","og_site_name":"Hindistan Vizesi","article_modified_time":"2022-04-08T11:51:34+00:00","og_image":[{"url":"https:\/\/www.myvize.com.tr\/hindistan\/wp-content\/uploads\/2021\/10\/36.jpg"}],"twitter_card":"summary_large_image","twitter_misc":{"Tahmini okuma s\u00fcresi":"5 dakika"},"schema":{"@context":"https:\/\/schema.org","@graph":[{"@type":"WebSite","@id":"https:\/\/www.myvize.com.tr\/hindistan\/#website","url":"https:\/\/www.myvize.com.tr\/hindistan\/","name":"Hindistan Vizesi","description":"","potentialAction":[{"@type":"SearchAction","target":{"@type":"EntryPoint","urlTemplate":"https:\/\/www.myvize.com.tr\/hindistan\/?s={search_term_string}"},"query-input":"required name=search_term_string"}],"inLanguage":"tr"},{"@type":"ImageObject","@id":"https:\/\/www.myvize.com.tr\/hindistan\/vize-islemleri\/hindistan-vize-basvuru-formu\/#primaryimage","inLanguage":"tr","url":"https:\/\/www.myvize.com.tr\/hindistan\/wp-content\/uploads\/2021\/10\/36.jpg","contentUrl":"https:\/\/www.myvize.com.tr\/hindistan\/wp-content\/uploads\/2021\/10\/36.jpg","width":800,"height":500,"caption":"Hindistan Vize Ba\u015fvuru Formu"},{"@type":"WebPage","@id":"https:\/\/www.myvize.com.tr\/hindistan\/vize-islemleri\/hindistan-vize-basvuru-formu\/#webpage","url":"https:\/\/www.myvize.com.tr\/hindistan\/vize-islemleri\/hindistan-vize-basvuru-formu\/","name":"Hindistan Vizesi Ba\u015fvuru Formu - Hindistan Vize - MyVize","isPartOf":{"@id":"https:\/\/www.myvize.com.tr\/hindistan\/#website"},"primaryImageOfPage":{"@id":"https:\/\/www.myvize.com.tr\/hindistan\/vize-islemleri\/hindistan-vize-basvuru-formu\/#primaryimage"},"datePublished":"2020-11-30T09:48:28+00:00","dateModified":"2022-04-08T11:51:34+00:00","description":"Hindistan ba\u015fvuru formuna dair g\u00fcncel veriler. Hindistan ba\u015fvuru formu detayl\u0131 g\u00f6rsel anlat\u0131m. Hindistan ba\u015fvuru formu i\u00e7in ileti\u015fime ge\u00e7in.","breadcrumb":{"@id":"https:\/\/www.myvize.com.tr\/hindistan\/vize-islemleri\/hindistan-vize-basvuru-formu\/#breadcrumb"},"inLanguage":"tr","potentialAction":[{"@type":"ReadAction","target":["https:\/\/www.myvize.com.tr\/hindistan\/vize-islemleri\/hindistan-vize-basvuru-formu\/"]}]},{"@type":"BreadcrumbList","@id":"https:\/\/www.myvize.com.tr\/hindistan\/vize-islemleri\/hindistan-vize-basvuru-formu\/#breadcrumb","itemListElement":[{"@type":"ListItem","position":1,"name":"Anasayfa","item":"https:\/\/www.myvize.com.tr\/hindistan\/"},{"@type":"ListItem","position":2,"name":"V\u0130ZE \u0130\u015eLEMLER\u0130","item":"https:\/\/www.myvize.com.tr\/hindistan\/vize-islemleri\/"},{"@type":"ListItem","position":3,"name":"Hindistan Vize Ba\u015fvuru Formu"}]}]}},"_links":{"self":[{"href":"https:\/\/www.myvize.com.tr\/hindistan\/wp-json\/wp\/v2\/pages\/47"}],"collection":[{"href":"https:\/\/www.myvize.com.tr\/hindistan\/wp-json\/wp\/v2\/pages"}],"about":[{"href":"https:\/\/www.myvize.com.tr\/hindistan\/wp-json\/wp\/v2\/types\/page"}],"author":[{"embeddable":true,"href":"https:\/\/www.myvize.com.tr\/hindistan\/wp-json\/wp\/v2\/users\/1"}],"replies":[{"embeddable":true,"href":"https:\/\/www.myvize.com.tr\/hindistan\/wp-json\/wp\/v2\/comments?post=47"}],"version-history":[{"count":9,"href":"https:\/\/www.myvize.com.tr\/hindistan\/wp-json\/wp\/v2\/pages\/47\/revisions"}],"predecessor-version":[{"id":708,"href":"https:\/\/www.myvize.com.tr\/hindistan\/wp-json\/wp\/v2\/pages\/47\/revisions\/708"}],"up":[{"embeddable":true,"href":"https:\/\/www.myvize.com.tr\/hindistan\/wp-json\/wp\/v2\/pages\/18"}],"wp:attachment":[{"href":"https:\/\/www.myvize.com.tr\/hindistan\/wp-json\/wp\/v2\/media?parent=47"}],"curies":[{"name":"wp","href":"https:\/\/api.w.org\/{rel}","templated":true}]}}