{"id":183,"date":"2020-12-29T13:51:17","date_gmt":"2020-12-29T10:51:17","guid":{"rendered":"https:\/\/www.myvize.com.tr\/hirvatistan\/?page_id=183"},"modified":"2022-01-12T12:16:26","modified_gmt":"2022-01-12T09:16:26","slug":"hirvatistan-vatandasi-ile-evli-olanlara","status":"publish","type":"page","link":"https:\/\/www.myvize.com.tr\/hirvatistan\/vatandaslik\/hirvatistan-vatandasi-ile-evli-olanlara\/","title":{"rendered":"H\u0131rvatistan Vatanda\u015f\u0131 ile Evli Olanlara"},"content":{"rendered":"\n<h2 class=\"wp-block-heading\"><strong>H\u0131rvatistan Vatanda\u015f\u0131 ile Evli Olanlara Vatanda\u015fl\u0131k<\/strong><\/h2>\n\n\n\n<figure class=\"wp-block-image size-large\"><img loading=\"lazy\" decoding=\"async\" width=\"800\" height=\"500\" src=\"https:\/\/www.myvize.com.tr\/hirvatistan\/wp-content\/uploads\/2021\/10\/19.jpg\" alt=\"H\u0131rvatistan Vatanda\u015f\u0131 ile Evli Olanlara\" class=\"wp-image-282\" srcset=\"https:\/\/www.myvize.com.tr\/hirvatistan\/wp-content\/uploads\/2021\/10\/19.jpg 800w, https:\/\/www.myvize.com.tr\/hirvatistan\/wp-content\/uploads\/2021\/10\/19-300x188.jpg 300w, https:\/\/www.myvize.com.tr\/hirvatistan\/wp-content\/uploads\/2021\/10\/19-768x480.jpg 768w, https:\/\/www.myvize.com.tr\/hirvatistan\/wp-content\/uploads\/2021\/10\/19-280x175.jpg 280w\" sizes=\"auto, (max-width: 800px) 100vw, 800px\" \/><figcaption>H\u0131rvatistan Vatanda\u015f\u0131 ile Evli Olanlara<\/figcaption><\/figure>\n","protected":false},"excerpt":{"rendered":"<p>H\u0131rvatistan Vatanda\u015f\u0131 ile Evli Olanlara Vatanda\u015fl\u0131k<\/p>\n","protected":false},"author":1,"featured_media":0,"parent":169,"menu_order":0,"comment_status":"open","ping_status":"closed","template":"","meta":{"footnotes":""},"class_list":["post-183","page","type-page","status-publish","hentry"],"yoast_head":"<!-- This site is optimized with the Yoast SEO plugin v24.0 - https:\/\/yoast.com\/wordpress\/plugins\/seo\/ -->\n<title>H\u0131rvatistan Vatanda\u015f\u0131yla Evli Olanlar Hakk\u0131nda - MyVize<\/title>\n<meta name=\"description\" content=\"H\u0131rvatistan vatanda\u015f\u0131yla evli olanlar i\u00e7in evrak listesi ve \u015fartlar\u0131. H\u0131rvatistan vatanda\u015f\u0131yla evli olanlar i\u00e7in i\u015flem s\u00fcreci nas\u0131l olur?\" \/>\n<meta name=\"robots\" content=\"index, follow, max-snippet:-1, max-image-preview:large, max-video-preview:-1\" \/>\n<link rel=\"canonical\" href=\"https:\/\/www.myvize.com.tr\/hirvatistan\/vatandaslik\/hirvatistan-vatandasi-ile-evli-olanlara\/\" \/>\n<meta property=\"og:locale\" content=\"tr_TR\" \/>\n<meta property=\"og:type\" content=\"article\" \/>\n<meta property=\"og:title\" content=\"H\u0131rvatistan Vatanda\u015f\u0131yla Evli Olanlar Hakk\u0131nda - MyVize\" \/>\n<meta property=\"og:description\" content=\"H\u0131rvatistan vatanda\u015f\u0131yla evli olanlar i\u00e7in evrak listesi ve \u015fartlar\u0131. H\u0131rvatistan vatanda\u015f\u0131yla evli olanlar i\u00e7in i\u015flem s\u00fcreci nas\u0131l olur?\" \/>\n<meta property=\"og:url\" content=\"https:\/\/www.myvize.com.tr\/hirvatistan\/vatandaslik\/hirvatistan-vatandasi-ile-evli-olanlara\/\" \/>\n<meta property=\"og:site_name\" content=\"H\u0131rvatistan Vizesi\" \/>\n<meta property=\"article:modified_time\" content=\"2022-01-12T09:16:26+00:00\" \/>\n<meta property=\"og:image\" content=\"https:\/\/www.myvize.com.tr\/hirvatistan\/wp-content\/uploads\/2021\/10\/19.jpg\" \/>\n<meta name=\"twitter:card\" content=\"summary_large_image\" \/>\n<meta name=\"twitter:label1\" content=\"Tahmini okuma s\u00fcresi\" \/>\n\t<meta name=\"twitter:data1\" content=\"1 dakika\" \/>\n<script type=\"application\/ld+json\" class=\"yoast-schema-graph\">{\"@context\":\"https:\/\/schema.org\",\"@graph\":[{\"@type\":\"WebPage\",\"@id\":\"https:\/\/www.myvize.com.tr\/hirvatistan\/vatandaslik\/hirvatistan-vatandasi-ile-evli-olanlara\/\",\"url\":\"https:\/\/www.myvize.com.tr\/hirvatistan\/vatandaslik\/hirvatistan-vatandasi-ile-evli-olanlara\/\",\"name\":\"H\u0131rvatistan Vatanda\u015f\u0131yla Evli Olanlar Hakk\u0131nda - MyVize\",\"isPartOf\":{\"@id\":\"https:\/\/www.myvize.com.tr\/hirvatistan\/#website\"},\"primaryImageOfPage\":{\"@id\":\"https:\/\/www.myvize.com.tr\/hirvatistan\/vatandaslik\/hirvatistan-vatandasi-ile-evli-olanlara\/#primaryimage\"},\"image\":{\"@id\":\"https:\/\/www.myvize.com.tr\/hirvatistan\/vatandaslik\/hirvatistan-vatandasi-ile-evli-olanlara\/#primaryimage\"},\"thumbnailUrl\":\"https:\/\/www.myvize.com.tr\/hirvatistan\/wp-content\/uploads\/2021\/10\/19.jpg\",\"datePublished\":\"2020-12-29T10:51:17+00:00\",\"dateModified\":\"2022-01-12T09:16:26+00:00\",\"description\":\"H\u0131rvatistan vatanda\u015f\u0131yla evli olanlar i\u00e7in evrak listesi ve \u015fartlar\u0131. H\u0131rvatistan vatanda\u015f\u0131yla evli olanlar i\u00e7in i\u015flem s\u00fcreci nas\u0131l olur?\",\"breadcrumb\":{\"@id\":\"https:\/\/www.myvize.com.tr\/hirvatistan\/vatandaslik\/hirvatistan-vatandasi-ile-evli-olanlara\/#breadcrumb\"},\"inLanguage\":\"tr\",\"potentialAction\":[{\"@type\":\"ReadAction\",\"target\":[\"https:\/\/www.myvize.com.tr\/hirvatistan\/vatandaslik\/hirvatistan-vatandasi-ile-evli-olanlara\/\"]}]},{\"@type\":\"ImageObject\",\"inLanguage\":\"tr\",\"@id\":\"https:\/\/www.myvize.com.tr\/hirvatistan\/vatandaslik\/hirvatistan-vatandasi-ile-evli-olanlara\/#primaryimage\",\"url\":\"https:\/\/www.myvize.com.tr\/hirvatistan\/wp-content\/uploads\/2021\/10\/19.jpg\",\"contentUrl\":\"https:\/\/www.myvize.com.tr\/hirvatistan\/wp-content\/uploads\/2021\/10\/19.jpg\",\"width\":800,\"height\":500,\"caption\":\"H\u0131rvatistan Vatanda\u015f\u0131 ile Evli Olanlara\"},{\"@type\":\"BreadcrumbList\",\"@id\":\"https:\/\/www.myvize.com.tr\/hirvatistan\/vatandaslik\/hirvatistan-vatandasi-ile-evli-olanlara\/#breadcrumb\",\"itemListElement\":[{\"@type\":\"ListItem\",\"position\":1,\"name\":\"Anasayfa\",\"item\":\"https:\/\/www.myvize.com.tr\/hirvatistan\/\"},{\"@type\":\"ListItem\",\"position\":2,\"name\":\"VATANDA\u015eLIK\",\"item\":\"https:\/\/www.myvize.com.tr\/hirvatistan\/vatandaslik\/\"},{\"@type\":\"ListItem\",\"position\":3,\"name\":\"H\u0131rvatistan Vatanda\u015f\u0131 ile Evli Olanlara\"}]},{\"@type\":\"WebSite\",\"@id\":\"https:\/\/www.myvize.com.tr\/hirvatistan\/#website\",\"url\":\"https:\/\/www.myvize.com.tr\/hirvatistan\/\",\"name\":\"H\u0131rvatistan Vizesi\",\"description\":\"\",\"potentialAction\":[{\"@type\":\"SearchAction\",\"target\":{\"@type\":\"EntryPoint\",\"urlTemplate\":\"https:\/\/www.myvize.com.tr\/hirvatistan\/?s={search_term_string}\"},\"query-input\":{\"@type\":\"PropertyValueSpecification\",\"valueRequired\":true,\"valueName\":\"search_term_string\"}}],\"inLanguage\":\"tr\"}]}<\/script>\n<!-- \/ Yoast SEO plugin. -->","yoast_head_json":{"title":"H\u0131rvatistan Vatanda\u015f\u0131yla Evli Olanlar Hakk\u0131nda - MyVize","description":"H\u0131rvatistan vatanda\u015f\u0131yla evli olanlar i\u00e7in evrak listesi ve \u015fartlar\u0131. H\u0131rvatistan vatanda\u015f\u0131yla evli olanlar i\u00e7in i\u015flem s\u00fcreci nas\u0131l olur?","robots":{"index":"index","follow":"follow","max-snippet":"max-snippet:-1","max-image-preview":"max-image-preview:large","max-video-preview":"max-video-preview:-1"},"canonical":"https:\/\/www.myvize.com.tr\/hirvatistan\/vatandaslik\/hirvatistan-vatandasi-ile-evli-olanlara\/","og_locale":"tr_TR","og_type":"article","og_title":"H\u0131rvatistan Vatanda\u015f\u0131yla Evli Olanlar Hakk\u0131nda - MyVize","og_description":"H\u0131rvatistan vatanda\u015f\u0131yla evli olanlar i\u00e7in evrak listesi ve \u015fartlar\u0131. H\u0131rvatistan vatanda\u015f\u0131yla evli olanlar i\u00e7in i\u015flem s\u00fcreci nas\u0131l olur?","og_url":"https:\/\/www.myvize.com.tr\/hirvatistan\/vatandaslik\/hirvatistan-vatandasi-ile-evli-olanlara\/","og_site_name":"H\u0131rvatistan Vizesi","article_modified_time":"2022-01-12T09:16:26+00:00","og_image":[{"url":"https:\/\/www.myvize.com.tr\/hirvatistan\/wp-content\/uploads\/2021\/10\/19.jpg","type":"","width":"","height":""}],"twitter_card":"summary_large_image","twitter_misc":{"Tahmini okuma s\u00fcresi":"1 dakika"},"schema":{"@context":"https:\/\/schema.org","@graph":[{"@type":"WebPage","@id":"https:\/\/www.myvize.com.tr\/hirvatistan\/vatandaslik\/hirvatistan-vatandasi-ile-evli-olanlara\/","url":"https:\/\/www.myvize.com.tr\/hirvatistan\/vatandaslik\/hirvatistan-vatandasi-ile-evli-olanlara\/","name":"H\u0131rvatistan Vatanda\u015f\u0131yla Evli Olanlar Hakk\u0131nda - MyVize","isPartOf":{"@id":"https:\/\/www.myvize.com.tr\/hirvatistan\/#website"},"primaryImageOfPage":{"@id":"https:\/\/www.myvize.com.tr\/hirvatistan\/vatandaslik\/hirvatistan-vatandasi-ile-evli-olanlara\/#primaryimage"},"image":{"@id":"https:\/\/www.myvize.com.tr\/hirvatistan\/vatandaslik\/hirvatistan-vatandasi-ile-evli-olanlara\/#primaryimage"},"thumbnailUrl":"https:\/\/www.myvize.com.tr\/hirvatistan\/wp-content\/uploads\/2021\/10\/19.jpg","datePublished":"2020-12-29T10:51:17+00:00","dateModified":"2022-01-12T09:16:26+00:00","description":"H\u0131rvatistan vatanda\u015f\u0131yla evli olanlar i\u00e7in evrak listesi ve \u015fartlar\u0131. H\u0131rvatistan vatanda\u015f\u0131yla evli olanlar i\u00e7in i\u015flem s\u00fcreci nas\u0131l olur?","breadcrumb":{"@id":"https:\/\/www.myvize.com.tr\/hirvatistan\/vatandaslik\/hirvatistan-vatandasi-ile-evli-olanlara\/#breadcrumb"},"inLanguage":"tr","potentialAction":[{"@type":"ReadAction","target":["https:\/\/www.myvize.com.tr\/hirvatistan\/vatandaslik\/hirvatistan-vatandasi-ile-evli-olanlara\/"]}]},{"@type":"ImageObject","inLanguage":"tr","@id":"https:\/\/www.myvize.com.tr\/hirvatistan\/vatandaslik\/hirvatistan-vatandasi-ile-evli-olanlara\/#primaryimage","url":"https:\/\/www.myvize.com.tr\/hirvatistan\/wp-content\/uploads\/2021\/10\/19.jpg","contentUrl":"https:\/\/www.myvize.com.tr\/hirvatistan\/wp-content\/uploads\/2021\/10\/19.jpg","width":800,"height":500,"caption":"H\u0131rvatistan Vatanda\u015f\u0131 ile Evli Olanlara"},{"@type":"BreadcrumbList","@id":"https:\/\/www.myvize.com.tr\/hirvatistan\/vatandaslik\/hirvatistan-vatandasi-ile-evli-olanlara\/#breadcrumb","itemListElement":[{"@type":"ListItem","position":1,"name":"Anasayfa","item":"https:\/\/www.myvize.com.tr\/hirvatistan\/"},{"@type":"ListItem","position":2,"name":"VATANDA\u015eLIK","item":"https:\/\/www.myvize.com.tr\/hirvatistan\/vatandaslik\/"},{"@type":"ListItem","position":3,"name":"H\u0131rvatistan Vatanda\u015f\u0131 ile Evli Olanlara"}]},{"@type":"WebSite","@id":"https:\/\/www.myvize.com.tr\/hirvatistan\/#website","url":"https:\/\/www.myvize.com.tr\/hirvatistan\/","name":"H\u0131rvatistan Vizesi","description":"","potentialAction":[{"@type":"SearchAction","target":{"@type":"EntryPoint","urlTemplate":"https:\/\/www.myvize.com.tr\/hirvatistan\/?s={search_term_string}"},"query-input":{"@type":"PropertyValueSpecification","valueRequired":true,"valueName":"search_term_string"}}],"inLanguage":"tr"}]}},"_links":{"self":[{"href":"https:\/\/www.myvize.com.tr\/hirvatistan\/wp-json\/wp\/v2\/pages\/183","targetHints":{"allow":["GET"]}}],"collection":[{"href":"https:\/\/www.myvize.com.tr\/hirvatistan\/wp-json\/wp\/v2\/pages"}],"about":[{"href":"https:\/\/www.myvize.com.tr\/hirvatistan\/wp-json\/wp\/v2\/types\/page"}],"author":[{"embeddable":true,"href":"https:\/\/www.myvize.com.tr\/hirvatistan\/wp-json\/wp\/v2\/users\/1"}],"replies":[{"embeddable":true,"href":"https:\/\/www.myvize.com.tr\/hirvatistan\/wp-json\/wp\/v2\/comments?post=183"}],"version-history":[{"count":3,"href":"https:\/\/www.myvize.com.tr\/hirvatistan\/wp-json\/wp\/v2\/pages\/183\/revisions"}],"predecessor-version":[{"id":323,"href":"https:\/\/www.myvize.com.tr\/hirvatistan\/wp-json\/wp\/v2\/pages\/183\/revisions\/323"}],"up":[{"embeddable":true,"href":"https:\/\/www.myvize.com.tr\/hirvatistan\/wp-json\/wp\/v2\/pages\/169"}],"wp:attachment":[{"href":"https:\/\/www.myvize.com.tr\/hirvatistan\/wp-json\/wp\/v2\/media?parent=183"}],"curies":[{"name":"wp","href":"https:\/\/api.w.org\/{rel}","templated":true}]}}