{"id":47,"date":"2020-11-30T12:48:28","date_gmt":"2020-11-30T09:48:28","guid":{"rendered":"https:\/\/www.myvize.com.tr\/hirvatistan\/?page_id=47"},"modified":"2022-01-14T15:51:19","modified_gmt":"2022-01-14T12:51:19","slug":"hirvatistan-vize-basvuru-formu","status":"publish","type":"page","link":"https:\/\/www.myvize.com.tr\/hirvatistan\/vize-islemleri\/hirvatistan-vize-basvuru-formu\/","title":{"rendered":"H\u0131rvatistan Vize Ba\u015fvuru Formu"},"content":{"rendered":"\n<figure class=\"wp-block-image size-large\"><img loading=\"lazy\" decoding=\"async\" width=\"800\" height=\"500\" src=\"https:\/\/www.myvize.com.tr\/hirvatistan\/wp-content\/uploads\/2021\/10\/4.jpg\" alt=\"H\u0131rvatistan Vize Ba\u015fvuru Formu\" class=\"wp-image-267\" srcset=\"https:\/\/www.myvize.com.tr\/hirvatistan\/wp-content\/uploads\/2021\/10\/4.jpg 800w, https:\/\/www.myvize.com.tr\/hirvatistan\/wp-content\/uploads\/2021\/10\/4-300x188.jpg 300w, https:\/\/www.myvize.com.tr\/hirvatistan\/wp-content\/uploads\/2021\/10\/4-768x480.jpg 768w, https:\/\/www.myvize.com.tr\/hirvatistan\/wp-content\/uploads\/2021\/10\/4-280x175.jpg 280w\" sizes=\"auto, (max-width: 800px) 100vw, 800px\" \/><figcaption>H\u0131rvatistan Vize Ba\u015fvuru Formu<\/figcaption><\/figure>\n","protected":false},"excerpt":{"rendered":"","protected":false},"author":1,"featured_media":0,"parent":18,"menu_order":0,"comment_status":"open","ping_status":"closed","template":"","meta":{"footnotes":""},"class_list":["post-47","page","type-page","status-publish","hentry"],"yoast_head":"<!-- This site is optimized with the Yoast SEO plugin v24.0 - https:\/\/yoast.com\/wordpress\/plugins\/seo\/ -->\n<title>H\u0131rvatistan Vizesi Ba\u015fvuru Formu - MyVize<\/title>\n<meta name=\"description\" content=\"H\u0131rvatistan ba\u015fvuru formuna dair g\u00fcncel veriler. H\u0131rvatistan ba\u015fvuru formu g\u00f6rsel anlat\u0131m. H\u0131rvatistan ba\u015fvuru formu i\u00e7in ileti\u015fime ge\u00e7in.\" \/>\n<meta name=\"robots\" content=\"index, follow, max-snippet:-1, max-image-preview:large, max-video-preview:-1\" \/>\n<link rel=\"canonical\" href=\"https:\/\/www.myvize.com.tr\/hirvatistan\/vize-islemleri\/hirvatistan-vize-basvuru-formu\/\" \/>\n<meta property=\"og:locale\" content=\"tr_TR\" \/>\n<meta property=\"og:type\" content=\"article\" \/>\n<meta property=\"og:title\" content=\"H\u0131rvatistan Vizesi Ba\u015fvuru Formu - MyVize\" \/>\n<meta property=\"og:description\" content=\"H\u0131rvatistan ba\u015fvuru formuna dair g\u00fcncel veriler. H\u0131rvatistan ba\u015fvuru formu g\u00f6rsel anlat\u0131m. H\u0131rvatistan ba\u015fvuru formu i\u00e7in ileti\u015fime ge\u00e7in.\" \/>\n<meta property=\"og:url\" content=\"https:\/\/www.myvize.com.tr\/hirvatistan\/vize-islemleri\/hirvatistan-vize-basvuru-formu\/\" \/>\n<meta property=\"og:site_name\" content=\"H\u0131rvatistan Vizesi\" \/>\n<meta property=\"article:modified_time\" content=\"2022-01-14T12:51:19+00:00\" \/>\n<meta property=\"og:image\" content=\"https:\/\/www.myvize.com.tr\/hirvatistan\/wp-content\/uploads\/2021\/10\/4.jpg\" \/>\n<meta name=\"twitter:card\" content=\"summary_large_image\" \/>\n<meta name=\"twitter:label1\" content=\"Tahmini okuma s\u00fcresi\" \/>\n\t<meta name=\"twitter:data1\" content=\"1 dakika\" \/>\n<script type=\"application\/ld+json\" class=\"yoast-schema-graph\">{\"@context\":\"https:\/\/schema.org\",\"@graph\":[{\"@type\":\"WebPage\",\"@id\":\"https:\/\/www.myvize.com.tr\/hirvatistan\/vize-islemleri\/hirvatistan-vize-basvuru-formu\/\",\"url\":\"https:\/\/www.myvize.com.tr\/hirvatistan\/vize-islemleri\/hirvatistan-vize-basvuru-formu\/\",\"name\":\"H\u0131rvatistan Vizesi Ba\u015fvuru Formu - MyVize\",\"isPartOf\":{\"@id\":\"https:\/\/www.myvize.com.tr\/hirvatistan\/#website\"},\"primaryImageOfPage\":{\"@id\":\"https:\/\/www.myvize.com.tr\/hirvatistan\/vize-islemleri\/hirvatistan-vize-basvuru-formu\/#primaryimage\"},\"image\":{\"@id\":\"https:\/\/www.myvize.com.tr\/hirvatistan\/vize-islemleri\/hirvatistan-vize-basvuru-formu\/#primaryimage\"},\"thumbnailUrl\":\"https:\/\/www.myvize.com.tr\/hirvatistan\/wp-content\/uploads\/2021\/10\/4.jpg\",\"datePublished\":\"2020-11-30T09:48:28+00:00\",\"dateModified\":\"2022-01-14T12:51:19+00:00\",\"description\":\"H\u0131rvatistan ba\u015fvuru formuna dair g\u00fcncel veriler. H\u0131rvatistan ba\u015fvuru formu g\u00f6rsel anlat\u0131m. H\u0131rvatistan ba\u015fvuru formu i\u00e7in ileti\u015fime ge\u00e7in.\",\"breadcrumb\":{\"@id\":\"https:\/\/www.myvize.com.tr\/hirvatistan\/vize-islemleri\/hirvatistan-vize-basvuru-formu\/#breadcrumb\"},\"inLanguage\":\"tr\",\"potentialAction\":[{\"@type\":\"ReadAction\",\"target\":[\"https:\/\/www.myvize.com.tr\/hirvatistan\/vize-islemleri\/hirvatistan-vize-basvuru-formu\/\"]}]},{\"@type\":\"ImageObject\",\"inLanguage\":\"tr\",\"@id\":\"https:\/\/www.myvize.com.tr\/hirvatistan\/vize-islemleri\/hirvatistan-vize-basvuru-formu\/#primaryimage\",\"url\":\"https:\/\/www.myvize.com.tr\/hirvatistan\/wp-content\/uploads\/2021\/10\/4.jpg\",\"contentUrl\":\"https:\/\/www.myvize.com.tr\/hirvatistan\/wp-content\/uploads\/2021\/10\/4.jpg\",\"width\":800,\"height\":500,\"caption\":\"H\u0131rvatistan Vize Ba\u015fvuru Formu\"},{\"@type\":\"BreadcrumbList\",\"@id\":\"https:\/\/www.myvize.com.tr\/hirvatistan\/vize-islemleri\/hirvatistan-vize-basvuru-formu\/#breadcrumb\",\"itemListElement\":[{\"@type\":\"ListItem\",\"position\":1,\"name\":\"Anasayfa\",\"item\":\"https:\/\/www.myvize.com.tr\/hirvatistan\/\"},{\"@type\":\"ListItem\",\"position\":2,\"name\":\"V\u0130ZE \u0130\u015eLEMLER\u0130\",\"item\":\"https:\/\/www.myvize.com.tr\/hirvatistan\/vize-islemleri\/\"},{\"@type\":\"ListItem\",\"position\":3,\"name\":\"H\u0131rvatistan Vize Ba\u015fvuru Formu\"}]},{\"@type\":\"WebSite\",\"@id\":\"https:\/\/www.myvize.com.tr\/hirvatistan\/#website\",\"url\":\"https:\/\/www.myvize.com.tr\/hirvatistan\/\",\"name\":\"H\u0131rvatistan Vizesi\",\"description\":\"\",\"potentialAction\":[{\"@type\":\"SearchAction\",\"target\":{\"@type\":\"EntryPoint\",\"urlTemplate\":\"https:\/\/www.myvize.com.tr\/hirvatistan\/?s={search_term_string}\"},\"query-input\":{\"@type\":\"PropertyValueSpecification\",\"valueRequired\":true,\"valueName\":\"search_term_string\"}}],\"inLanguage\":\"tr\"}]}<\/script>\n<!-- \/ Yoast SEO plugin. -->","yoast_head_json":{"title":"H\u0131rvatistan Vizesi Ba\u015fvuru Formu - MyVize","description":"H\u0131rvatistan ba\u015fvuru formuna dair g\u00fcncel veriler. H\u0131rvatistan ba\u015fvuru formu g\u00f6rsel anlat\u0131m. H\u0131rvatistan ba\u015fvuru formu i\u00e7in ileti\u015fime ge\u00e7in.","robots":{"index":"index","follow":"follow","max-snippet":"max-snippet:-1","max-image-preview":"max-image-preview:large","max-video-preview":"max-video-preview:-1"},"canonical":"https:\/\/www.myvize.com.tr\/hirvatistan\/vize-islemleri\/hirvatistan-vize-basvuru-formu\/","og_locale":"tr_TR","og_type":"article","og_title":"H\u0131rvatistan Vizesi Ba\u015fvuru Formu - MyVize","og_description":"H\u0131rvatistan ba\u015fvuru formuna dair g\u00fcncel veriler. H\u0131rvatistan ba\u015fvuru formu g\u00f6rsel anlat\u0131m. H\u0131rvatistan ba\u015fvuru formu i\u00e7in ileti\u015fime ge\u00e7in.","og_url":"https:\/\/www.myvize.com.tr\/hirvatistan\/vize-islemleri\/hirvatistan-vize-basvuru-formu\/","og_site_name":"H\u0131rvatistan Vizesi","article_modified_time":"2022-01-14T12:51:19+00:00","og_image":[{"url":"https:\/\/www.myvize.com.tr\/hirvatistan\/wp-content\/uploads\/2021\/10\/4.jpg","type":"","width":"","height":""}],"twitter_card":"summary_large_image","twitter_misc":{"Tahmini okuma s\u00fcresi":"1 dakika"},"schema":{"@context":"https:\/\/schema.org","@graph":[{"@type":"WebPage","@id":"https:\/\/www.myvize.com.tr\/hirvatistan\/vize-islemleri\/hirvatistan-vize-basvuru-formu\/","url":"https:\/\/www.myvize.com.tr\/hirvatistan\/vize-islemleri\/hirvatistan-vize-basvuru-formu\/","name":"H\u0131rvatistan Vizesi Ba\u015fvuru Formu - MyVize","isPartOf":{"@id":"https:\/\/www.myvize.com.tr\/hirvatistan\/#website"},"primaryImageOfPage":{"@id":"https:\/\/www.myvize.com.tr\/hirvatistan\/vize-islemleri\/hirvatistan-vize-basvuru-formu\/#primaryimage"},"image":{"@id":"https:\/\/www.myvize.com.tr\/hirvatistan\/vize-islemleri\/hirvatistan-vize-basvuru-formu\/#primaryimage"},"thumbnailUrl":"https:\/\/www.myvize.com.tr\/hirvatistan\/wp-content\/uploads\/2021\/10\/4.jpg","datePublished":"2020-11-30T09:48:28+00:00","dateModified":"2022-01-14T12:51:19+00:00","description":"H\u0131rvatistan ba\u015fvuru formuna dair g\u00fcncel veriler. H\u0131rvatistan ba\u015fvuru formu g\u00f6rsel anlat\u0131m. H\u0131rvatistan ba\u015fvuru formu i\u00e7in ileti\u015fime ge\u00e7in.","breadcrumb":{"@id":"https:\/\/www.myvize.com.tr\/hirvatistan\/vize-islemleri\/hirvatistan-vize-basvuru-formu\/#breadcrumb"},"inLanguage":"tr","potentialAction":[{"@type":"ReadAction","target":["https:\/\/www.myvize.com.tr\/hirvatistan\/vize-islemleri\/hirvatistan-vize-basvuru-formu\/"]}]},{"@type":"ImageObject","inLanguage":"tr","@id":"https:\/\/www.myvize.com.tr\/hirvatistan\/vize-islemleri\/hirvatistan-vize-basvuru-formu\/#primaryimage","url":"https:\/\/www.myvize.com.tr\/hirvatistan\/wp-content\/uploads\/2021\/10\/4.jpg","contentUrl":"https:\/\/www.myvize.com.tr\/hirvatistan\/wp-content\/uploads\/2021\/10\/4.jpg","width":800,"height":500,"caption":"H\u0131rvatistan Vize Ba\u015fvuru Formu"},{"@type":"BreadcrumbList","@id":"https:\/\/www.myvize.com.tr\/hirvatistan\/vize-islemleri\/hirvatistan-vize-basvuru-formu\/#breadcrumb","itemListElement":[{"@type":"ListItem","position":1,"name":"Anasayfa","item":"https:\/\/www.myvize.com.tr\/hirvatistan\/"},{"@type":"ListItem","position":2,"name":"V\u0130ZE \u0130\u015eLEMLER\u0130","item":"https:\/\/www.myvize.com.tr\/hirvatistan\/vize-islemleri\/"},{"@type":"ListItem","position":3,"name":"H\u0131rvatistan Vize Ba\u015fvuru Formu"}]},{"@type":"WebSite","@id":"https:\/\/www.myvize.com.tr\/hirvatistan\/#website","url":"https:\/\/www.myvize.com.tr\/hirvatistan\/","name":"H\u0131rvatistan Vizesi","description":"","potentialAction":[{"@type":"SearchAction","target":{"@type":"EntryPoint","urlTemplate":"https:\/\/www.myvize.com.tr\/hirvatistan\/?s={search_term_string}"},"query-input":{"@type":"PropertyValueSpecification","valueRequired":true,"valueName":"search_term_string"}}],"inLanguage":"tr"}]}},"_links":{"self":[{"href":"https:\/\/www.myvize.com.tr\/hirvatistan\/wp-json\/wp\/v2\/pages\/47","targetHints":{"allow":["GET"]}}],"collection":[{"href":"https:\/\/www.myvize.com.tr\/hirvatistan\/wp-json\/wp\/v2\/pages"}],"about":[{"href":"https:\/\/www.myvize.com.tr\/hirvatistan\/wp-json\/wp\/v2\/types\/page"}],"author":[{"embeddable":true,"href":"https:\/\/www.myvize.com.tr\/hirvatistan\/wp-json\/wp\/v2\/users\/1"}],"replies":[{"embeddable":true,"href":"https:\/\/www.myvize.com.tr\/hirvatistan\/wp-json\/wp\/v2\/comments?post=47"}],"version-history":[{"count":5,"href":"https:\/\/www.myvize.com.tr\/hirvatistan\/wp-json\/wp\/v2\/pages\/47\/revisions"}],"predecessor-version":[{"id":431,"href":"https:\/\/www.myvize.com.tr\/hirvatistan\/wp-json\/wp\/v2\/pages\/47\/revisions\/431"}],"up":[{"embeddable":true,"href":"https:\/\/www.myvize.com.tr\/hirvatistan\/wp-json\/wp\/v2\/pages\/18"}],"wp:attachment":[{"href":"https:\/\/www.myvize.com.tr\/hirvatistan\/wp-json\/wp\/v2\/media?parent=47"}],"curies":[{"name":"wp","href":"https:\/\/api.w.org\/{rel}","templated":true}]}}