{"id":92,"date":"2020-11-30T13:07:02","date_gmt":"2020-11-30T10:07:02","guid":{"rendered":"https:\/\/www.myvize.com.tr\/hirvatistan\/?page_id=92"},"modified":"2022-02-03T16:42:52","modified_gmt":"2022-02-03T13:42:52","slug":"hirvatistan-konsolosluk-islemleri","status":"publish","type":"page","link":"https:\/\/www.myvize.com.tr\/hirvatistan\/konsolosluklar\/hirvatistan-konsolosluk-islemleri\/","title":{"rendered":"H\u0131rvatistan Konsolosluk \u0130\u015flemleri"},"content":{"rendered":"\n<h2 class=\"wp-block-heading\"><strong>H\u0131rvatistan Konsolosluk \u0130\u015flemleri Hakk\u0131nda <\/strong><\/h2>\n","protected":false},"excerpt":{"rendered":"<p>H\u0131rvatistan Konsolosluk \u0130\u015flemleri Hakk\u0131nda<\/p>\n","protected":false},"author":1,"featured_media":0,"parent":69,"menu_order":0,"comment_status":"open","ping_status":"closed","template":"","meta":{"footnotes":""},"class_list":["post-92","page","type-page","status-publish","hentry"],"yoast_head":"<!-- This site is optimized with the Yoast SEO plugin v24.0 - https:\/\/yoast.com\/wordpress\/plugins\/seo\/ -->\n<title>H\u0131rvatistan Konsolosluk \u0130\u015flemleri - Konsolosluk - MyVize<\/title>\n<meta name=\"description\" content=\"H\u0131rvatistan konsolosluk i\u015flemleri gerekli evraklar g\u00fcncel olarak verilmektedir. H\u0131rvatistan konsolosluk i\u015flemleri gerekli \u015fartlar.\" \/>\n<meta name=\"robots\" content=\"index, follow, max-snippet:-1, max-image-preview:large, max-video-preview:-1\" \/>\n<link rel=\"canonical\" href=\"https:\/\/www.myvize.com.tr\/hirvatistan\/konsolosluklar\/hirvatistan-konsolosluk-islemleri\/\" \/>\n<meta property=\"og:locale\" content=\"tr_TR\" \/>\n<meta property=\"og:type\" content=\"article\" \/>\n<meta property=\"og:title\" content=\"H\u0131rvatistan Konsolosluk \u0130\u015flemleri - Konsolosluk - MyVize\" \/>\n<meta property=\"og:description\" content=\"H\u0131rvatistan konsolosluk i\u015flemleri gerekli evraklar g\u00fcncel olarak verilmektedir. H\u0131rvatistan konsolosluk i\u015flemleri gerekli \u015fartlar.\" \/>\n<meta property=\"og:url\" content=\"https:\/\/www.myvize.com.tr\/hirvatistan\/konsolosluklar\/hirvatistan-konsolosluk-islemleri\/\" \/>\n<meta property=\"og:site_name\" content=\"H\u0131rvatistan Vizesi\" \/>\n<meta property=\"article:modified_time\" content=\"2022-02-03T13:42:52+00:00\" \/>\n<meta name=\"twitter:card\" content=\"summary_large_image\" \/>\n<meta name=\"twitter:label1\" content=\"Tahmini okuma s\u00fcresi\" \/>\n\t<meta name=\"twitter:data1\" content=\"1 dakika\" \/>\n<script type=\"application\/ld+json\" class=\"yoast-schema-graph\">{\"@context\":\"https:\/\/schema.org\",\"@graph\":[{\"@type\":\"WebPage\",\"@id\":\"https:\/\/www.myvize.com.tr\/hirvatistan\/konsolosluklar\/hirvatistan-konsolosluk-islemleri\/\",\"url\":\"https:\/\/www.myvize.com.tr\/hirvatistan\/konsolosluklar\/hirvatistan-konsolosluk-islemleri\/\",\"name\":\"H\u0131rvatistan Konsolosluk \u0130\u015flemleri - Konsolosluk - MyVize\",\"isPartOf\":{\"@id\":\"https:\/\/www.myvize.com.tr\/hirvatistan\/#website\"},\"datePublished\":\"2020-11-30T10:07:02+00:00\",\"dateModified\":\"2022-02-03T13:42:52+00:00\",\"description\":\"H\u0131rvatistan konsolosluk i\u015flemleri gerekli evraklar g\u00fcncel olarak verilmektedir. H\u0131rvatistan konsolosluk i\u015flemleri gerekli \u015fartlar.\",\"breadcrumb\":{\"@id\":\"https:\/\/www.myvize.com.tr\/hirvatistan\/konsolosluklar\/hirvatistan-konsolosluk-islemleri\/#breadcrumb\"},\"inLanguage\":\"tr\",\"potentialAction\":[{\"@type\":\"ReadAction\",\"target\":[\"https:\/\/www.myvize.com.tr\/hirvatistan\/konsolosluklar\/hirvatistan-konsolosluk-islemleri\/\"]}]},{\"@type\":\"BreadcrumbList\",\"@id\":\"https:\/\/www.myvize.com.tr\/hirvatistan\/konsolosluklar\/hirvatistan-konsolosluk-islemleri\/#breadcrumb\",\"itemListElement\":[{\"@type\":\"ListItem\",\"position\":1,\"name\":\"Anasayfa\",\"item\":\"https:\/\/www.myvize.com.tr\/hirvatistan\/\"},{\"@type\":\"ListItem\",\"position\":2,\"name\":\"KONSOLOSLUKLAR\",\"item\":\"https:\/\/www.myvize.com.tr\/hirvatistan\/konsolosluklar\/\"},{\"@type\":\"ListItem\",\"position\":3,\"name\":\"H\u0131rvatistan Konsolosluk \u0130\u015flemleri\"}]},{\"@type\":\"WebSite\",\"@id\":\"https:\/\/www.myvize.com.tr\/hirvatistan\/#website\",\"url\":\"https:\/\/www.myvize.com.tr\/hirvatistan\/\",\"name\":\"H\u0131rvatistan Vizesi\",\"description\":\"\",\"potentialAction\":[{\"@type\":\"SearchAction\",\"target\":{\"@type\":\"EntryPoint\",\"urlTemplate\":\"https:\/\/www.myvize.com.tr\/hirvatistan\/?s={search_term_string}\"},\"query-input\":{\"@type\":\"PropertyValueSpecification\",\"valueRequired\":true,\"valueName\":\"search_term_string\"}}],\"inLanguage\":\"tr\"}]}<\/script>\n<!-- \/ Yoast SEO plugin. -->","yoast_head_json":{"title":"H\u0131rvatistan Konsolosluk \u0130\u015flemleri - Konsolosluk - MyVize","description":"H\u0131rvatistan konsolosluk i\u015flemleri gerekli evraklar g\u00fcncel olarak verilmektedir. H\u0131rvatistan konsolosluk i\u015flemleri gerekli \u015fartlar.","robots":{"index":"index","follow":"follow","max-snippet":"max-snippet:-1","max-image-preview":"max-image-preview:large","max-video-preview":"max-video-preview:-1"},"canonical":"https:\/\/www.myvize.com.tr\/hirvatistan\/konsolosluklar\/hirvatistan-konsolosluk-islemleri\/","og_locale":"tr_TR","og_type":"article","og_title":"H\u0131rvatistan Konsolosluk \u0130\u015flemleri - Konsolosluk - MyVize","og_description":"H\u0131rvatistan konsolosluk i\u015flemleri gerekli evraklar g\u00fcncel olarak verilmektedir. H\u0131rvatistan konsolosluk i\u015flemleri gerekli \u015fartlar.","og_url":"https:\/\/www.myvize.com.tr\/hirvatistan\/konsolosluklar\/hirvatistan-konsolosluk-islemleri\/","og_site_name":"H\u0131rvatistan Vizesi","article_modified_time":"2022-02-03T13:42:52+00:00","twitter_card":"summary_large_image","twitter_misc":{"Tahmini okuma s\u00fcresi":"1 dakika"},"schema":{"@context":"https:\/\/schema.org","@graph":[{"@type":"WebPage","@id":"https:\/\/www.myvize.com.tr\/hirvatistan\/konsolosluklar\/hirvatistan-konsolosluk-islemleri\/","url":"https:\/\/www.myvize.com.tr\/hirvatistan\/konsolosluklar\/hirvatistan-konsolosluk-islemleri\/","name":"H\u0131rvatistan Konsolosluk \u0130\u015flemleri - Konsolosluk - MyVize","isPartOf":{"@id":"https:\/\/www.myvize.com.tr\/hirvatistan\/#website"},"datePublished":"2020-11-30T10:07:02+00:00","dateModified":"2022-02-03T13:42:52+00:00","description":"H\u0131rvatistan konsolosluk i\u015flemleri gerekli evraklar g\u00fcncel olarak verilmektedir. H\u0131rvatistan konsolosluk i\u015flemleri gerekli \u015fartlar.","breadcrumb":{"@id":"https:\/\/www.myvize.com.tr\/hirvatistan\/konsolosluklar\/hirvatistan-konsolosluk-islemleri\/#breadcrumb"},"inLanguage":"tr","potentialAction":[{"@type":"ReadAction","target":["https:\/\/www.myvize.com.tr\/hirvatistan\/konsolosluklar\/hirvatistan-konsolosluk-islemleri\/"]}]},{"@type":"BreadcrumbList","@id":"https:\/\/www.myvize.com.tr\/hirvatistan\/konsolosluklar\/hirvatistan-konsolosluk-islemleri\/#breadcrumb","itemListElement":[{"@type":"ListItem","position":1,"name":"Anasayfa","item":"https:\/\/www.myvize.com.tr\/hirvatistan\/"},{"@type":"ListItem","position":2,"name":"KONSOLOSLUKLAR","item":"https:\/\/www.myvize.com.tr\/hirvatistan\/konsolosluklar\/"},{"@type":"ListItem","position":3,"name":"H\u0131rvatistan Konsolosluk \u0130\u015flemleri"}]},{"@type":"WebSite","@id":"https:\/\/www.myvize.com.tr\/hirvatistan\/#website","url":"https:\/\/www.myvize.com.tr\/hirvatistan\/","name":"H\u0131rvatistan Vizesi","description":"","potentialAction":[{"@type":"SearchAction","target":{"@type":"EntryPoint","urlTemplate":"https:\/\/www.myvize.com.tr\/hirvatistan\/?s={search_term_string}"},"query-input":{"@type":"PropertyValueSpecification","valueRequired":true,"valueName":"search_term_string"}}],"inLanguage":"tr"}]}},"_links":{"self":[{"href":"https:\/\/www.myvize.com.tr\/hirvatistan\/wp-json\/wp\/v2\/pages\/92","targetHints":{"allow":["GET"]}}],"collection":[{"href":"https:\/\/www.myvize.com.tr\/hirvatistan\/wp-json\/wp\/v2\/pages"}],"about":[{"href":"https:\/\/www.myvize.com.tr\/hirvatistan\/wp-json\/wp\/v2\/types\/page"}],"author":[{"embeddable":true,"href":"https:\/\/www.myvize.com.tr\/hirvatistan\/wp-json\/wp\/v2\/users\/1"}],"replies":[{"embeddable":true,"href":"https:\/\/www.myvize.com.tr\/hirvatistan\/wp-json\/wp\/v2\/comments?post=92"}],"version-history":[{"count":3,"href":"https:\/\/www.myvize.com.tr\/hirvatistan\/wp-json\/wp\/v2\/pages\/92\/revisions"}],"predecessor-version":[{"id":347,"href":"https:\/\/www.myvize.com.tr\/hirvatistan\/wp-json\/wp\/v2\/pages\/92\/revisions\/347"}],"up":[{"embeddable":true,"href":"https:\/\/www.myvize.com.tr\/hirvatistan\/wp-json\/wp\/v2\/pages\/69"}],"wp:attachment":[{"href":"https:\/\/www.myvize.com.tr\/hirvatistan\/wp-json\/wp\/v2\/media?parent=92"}],"curies":[{"name":"wp","href":"https:\/\/api.w.org\/{rel}","templated":true}]}}